





{"id":60362,"date":"2023-05-18T18:31:08","date_gmt":"2023-05-18T16:31:08","guid":{"rendered":"https:\/\/repliquemangacine.fr\/?post_type=product&#038;p=60362"},"modified":"2026-04-03T14:50:00","modified_gmt":"2026-04-03T12:50:00","slug":"katana-enma-violett-geschmiedet","status":"publish","type":"product","link":"https:\/\/repliquemangacine.fr\/de\/katana-epee\/katana-enma-violet-forge\/","title":{"rendered":"Katana Enma violett geschmiedet"},"content":{"rendered":"<h2>Violettes Enma-Katana, geschmiedet in One Piece<\/h2>\n<p>Zu Beginn wird der <strong>Katana Enma violett geschmiedet<\/strong> <strong>One-Piece<\/strong> ist eines der besten Schwerter der Welt. Es handelt sich um ein Meito, das Kozuki Oden geh\u00f6rte, der es zusammen mit einem anderen Meito, Ame no Habakiri, benutzte. Dieses Katana ist ein w\u00fcrdiger Ersatz f\u00fcr das legend\u00e4re Shuusui. Hiyori schenkte es Zoro im Tausch gegen das Shuusui.<\/p>\n<p>Geschmiedet vom Schmied Shimotsuki Kozaburo. Er ist ein bekannter Schmied aus dem Land der Wa und hat unter anderem das Wad\u00f4 Ichimonji geschmiedet. Shimotsuki Kozaburo hat den Ruf, Meito zu erschaffen.<\/p>\n<p>83 Schwerter tragen die Bezeichnung Meito, doch nach der Zerst\u00f6rung von Yubashiri w\u00e4hrend der Begegnung zwischen Zoro und dem Marineoffizier Sh\u00fb gibt es weltweit nur noch 82 Schwerter. Zoro ersetzte Yubashiri, das ihm Ippon-Matsu gegeben hatte, durch Shuusui, das als Nationalschatz des Landes Wa gilt.<\/p>\n<h2>Ihr lilafarbenes, geschmiedetes One Piece Enma Katana zum besten Preis<\/h2>\n<p>Wir bieten dir alle Spr\u00fcche deiner Lieblingscharaktere in diesem One Piece Anime-Manga.<\/p>\n<p>Zun\u00e4chst einmal,<\/p>\n<ul>\n<li>Die<a href=\"https:\/\/repliquemangacine.fr\/de\/katana-one-piece\/ame-no-habakiri-katana-von-zoro-one-piece\/\"> Katana Ame no Habakiri<\/a>Dieser Meito wird zusammen mit Enma verwendet.<\/li>\n<li>Sowie Zoros Katanas aus Holz.<\/li>\n<li>Es gibt auch den<a href=\"https:\/\/repliquemangacine.fr\/de\/katana-one-piece\/sabel-kokuto-yoru-dracule-schwert-mihawk-one-piece\/\"> Yoru-Schwert von Mihawk<\/a> und seine lange Klinge.<\/li>\n<li>Und viele andere, die es in unserem Online-Shop zu entdecken gibt!<\/li>\n<\/ul>\n<p>Deshalb sind hier tolle Geschenkideen f\u00fcr alle Fans von <a href=\"https:\/\/onepiece.fandom.com\/fr\/wiki\/One_Piece_Encyclop\u00e9die\" target=\"_blank\" rel=\"noopener noreferrer\">One Piece<\/a>.<\/p>\n<p>Abschlie\u00dfend k\u00f6nnen Sie auch diesen <strong>Katana Enma violett geschmiedet One-Piece<\/strong> f\u00fcr Ihre Cosplay-Parade oder Ihre Themenabende. Vor allem aber ist das Enma One Piece Schwert, auch ein Sammler- und Dekorationsst\u00fcck.<\/p>\n<h2>Wie pflegt man die Klinge seines One Piece-Katanas?<\/h2>\n<p>Katanas f\u00fcr Sammlungen und Dekorationen werden auf vereinfachte Weise hergestellt und zusammengebaut. Da sie zu Dekorationszwecken verwendet werden, fehlen ihnen die Sicherheitsmerkmale, die ein japanisches Schwert f\u00fcr Trainingszwecke aufweisen muss.<\/p>\n<p>Allerdings ist Ihr <strong>katana Enma violett geschmiedet One Piece<\/strong> zu einer Stahlklinge, die gepflegt werden muss, damit sie nicht mit der Zeit abgenutzt wird. Denn wenn Sie Ihr Katana ausstellen, werden Ihre Freunde neugierig sein, die Klinge zu sehen und sie zu ber\u00fchren. Hier ist Vorsicht geboten. Es sei darauf hingewiesen, dass die S\u00e4ure der Finger dem Stahl unabh\u00e4ngig von seiner Qualit\u00e4t sehr schadet.<\/p>\n<p>Wenn das passiert, keine Panik, Sie brauchen nur ein Tuch, das Sie mit etwas \u00d6l befeuchten und die Fingerabdr\u00fccke abwischen. Wenn Sie dies tun, werden Sie Ihr Schwert sehr lange behalten.<\/p>","protected":false},"excerpt":{"rendered":"<p>Zoros Enma-Katana in One Piece<\/p>\n<ul>\n<li>Klinge aus geschmiedetem Stahl AISI 1045 Sch\u00e4rfe<\/li>\n<li>Wache aus Metall.<\/li>\n<li>Griff aus violett lackiertem Holz mit Verzierungen.<\/li>\n<li>Scheide aus violett lackiertem Holz mit Verzierungen.<\/li>\n<li>Transportkoffer<\/li>\n<li>L\u00e4nge der Klinge: 73 cm - Gesamtl\u00e4nge: 108 cm - Gewicht: 1320g<\/li>\n<\/ul>","protected":false},"featured_media":60363,"template":"","meta":[],"product_brand":[896],"product_cat":[26,123,38,23],"product_tag":[],"class_list":{"0":"post-60362","1":"product","2":"type-product","3":"status-publish","4":"has-post-thumbnail","6":"product_brand-replique-manga-cine","7":"product_cat-katana-epee","8":"product_cat-katana-en-metal-one-piece","9":"product_cat-katana-forge","10":"product_cat-repliques-manga-jeux-video","12":"first","13":"instock","14":"taxable","15":"shipping-taxable","16":"purchasable","17":"product-type-simple"},"yoast_head":"<!-- This site is optimized with the Yoast SEO plugin v27.5 - https:\/\/yoast.com\/product\/yoast-seo-wordpress\/ -->\n<title>Katana Enma violet forg\u00e9 - R\u00e9plique Manga Cin\u00e9<\/title>\n<meta name=\"description\" content=\"Offrez-vous ce sublime Katana Enma violet forg\u00e9 dans One Piece au meilleur prix - Lame acier 1045 tranchant - Fourreau laqu\u00e9 - Longueur totale : 108 cm\" \/>\n<meta name=\"robots\" content=\"index, follow, max-snippet:-1, max-image-preview:large, max-video-preview:-1\" \/>\n<link rel=\"canonical\" href=\"https:\/\/repliquemangacine.fr\/de\/katana-schwert\/katana-enma-violett-geschmiedet\/\" \/>\n<meta property=\"og:locale\" content=\"de_DE\" \/>\n<meta property=\"og:type\" content=\"article\" \/>\n<meta property=\"og:title\" content=\"Katana Enma violet forg\u00e9 - R\u00e9plique Manga Cin\u00e9\" \/>\n<meta property=\"og:description\" content=\"Offrez-vous ce sublime Katana Enma violet forg\u00e9 dans One Piece au meilleur prix - Lame acier 1045 tranchant - Fourreau laqu\u00e9 - Longueur totale : 108 cm\" \/>\n<meta property=\"og:url\" content=\"https:\/\/repliquemangacine.fr\/de\/katana-schwert\/katana-enma-violett-geschmiedet\/\" \/>\n<meta property=\"og:site_name\" content=\"R\u00e9plique Manga Cin\u00e9\" \/>\n<meta property=\"article:publisher\" content=\"https:\/\/www.facebook.com\/RepliqueMangaCine\" \/>\n<meta property=\"article:modified_time\" content=\"2026-04-03T12:50:00+00:00\" \/>\n<meta property=\"og:image\" content=\"https:\/\/repliquemangacine.fr\/wp-content\/uploads\/2023\/10\/Katana-Enma-Zoro-forge.jpg\" \/>\n\t<meta property=\"og:image:width\" content=\"500\" \/>\n\t<meta property=\"og:image:height\" content=\"500\" \/>\n\t<meta property=\"og:image:type\" content=\"image\/jpeg\" \/>\n<meta name=\"twitter:card\" content=\"summary_large_image\" \/>\n<meta name=\"twitter:label1\" content=\"Gesch\u00e4tzte Lesezeit\" \/>\n\t<meta name=\"twitter:data1\" content=\"3\u00a0Minuten\" \/>\n<script type=\"application\/ld+json\" class=\"yoast-schema-graph\">{\"@context\":\"https:\\\/\\\/schema.org\",\"@graph\":[{\"@type\":\"WebPage\",\"@id\":\"https:\\\/\\\/repliquemangacine.fr\\\/katana-epee\\\/katana-enma-violet-forge\\\/\",\"url\":\"https:\\\/\\\/repliquemangacine.fr\\\/katana-epee\\\/katana-enma-violet-forge\\\/\",\"name\":\"Katana Enma violet forg\u00e9 - R\u00e9plique Manga Cin\u00e9\",\"isPartOf\":{\"@id\":\"https:\\\/\\\/repliquemangacine.fr\\\/#website\"},\"primaryImageOfPage\":{\"@id\":\"https:\\\/\\\/repliquemangacine.fr\\\/katana-epee\\\/katana-enma-violet-forge\\\/#primaryimage\"},\"image\":{\"@id\":\"https:\\\/\\\/repliquemangacine.fr\\\/katana-epee\\\/katana-enma-violet-forge\\\/#primaryimage\"},\"thumbnailUrl\":\"https:\\\/\\\/repliquemangacine.fr\\\/wp-content\\\/uploads\\\/2023\\\/10\\\/Katana-Enma-Zoro-forge.jpg\",\"datePublished\":\"2023-05-18T16:31:08+00:00\",\"dateModified\":\"2026-04-03T12:50:00+00:00\",\"description\":\"Offrez-vous ce sublime Katana Enma violet forg\u00e9 dans One Piece au meilleur prix - Lame acier 1045 tranchant - Fourreau laqu\u00e9 - Longueur totale : 108 cm\",\"breadcrumb\":{\"@id\":\"https:\\\/\\\/repliquemangacine.fr\\\/katana-epee\\\/katana-enma-violet-forge\\\/#breadcrumb\"},\"inLanguage\":\"de\",\"potentialAction\":[{\"@type\":\"ReadAction\",\"target\":[\"https:\\\/\\\/repliquemangacine.fr\\\/katana-epee\\\/katana-enma-violet-forge\\\/\"]}]},{\"@type\":\"ImageObject\",\"inLanguage\":\"de\",\"@id\":\"https:\\\/\\\/repliquemangacine.fr\\\/katana-epee\\\/katana-enma-violet-forge\\\/#primaryimage\",\"url\":\"https:\\\/\\\/repliquemangacine.fr\\\/wp-content\\\/uploads\\\/2023\\\/10\\\/Katana-Enma-Zoro-forge.jpg\",\"contentUrl\":\"https:\\\/\\\/repliquemangacine.fr\\\/wp-content\\\/uploads\\\/2023\\\/10\\\/Katana-Enma-Zoro-forge.jpg\",\"width\":500,\"height\":500,\"caption\":\"Katana Enma forg\u00e9\"},{\"@type\":\"BreadcrumbList\",\"@id\":\"https:\\\/\\\/repliquemangacine.fr\\\/katana-epee\\\/katana-enma-violet-forge\\\/#breadcrumb\",\"itemListElement\":[{\"@type\":\"ListItem\",\"position\":1,\"name\":\"Accueil\",\"item\":\"https:\\\/\\\/repliquemangacine.fr\\\/\"},{\"@type\":\"ListItem\",\"position\":2,\"name\":\"Produits\",\"item\":\"https:\\\/\\\/repliquemangacine.fr\\\/boutique\\\/\"},{\"@type\":\"ListItem\",\"position\":3,\"name\":\"Katana Enma violet forg\u00e9\"}]},{\"@type\":\"WebSite\",\"@id\":\"https:\\\/\\\/repliquemangacine.fr\\\/#website\",\"url\":\"https:\\\/\\\/repliquemangacine.fr\\\/\",\"name\":\"R\u00e9plique Manga Cin\u00e9\",\"description\":\"\",\"publisher\":{\"@id\":\"https:\\\/\\\/repliquemangacine.fr\\\/#organization\"},\"potentialAction\":[{\"@type\":\"SearchAction\",\"target\":{\"@type\":\"EntryPoint\",\"urlTemplate\":\"https:\\\/\\\/repliquemangacine.fr\\\/?s={search_term_string}\"},\"query-input\":{\"@type\":\"PropertyValueSpecification\",\"valueRequired\":true,\"valueName\":\"search_term_string\"}}],\"inLanguage\":\"de\"},{\"@type\":\"Organization\",\"@id\":\"https:\\\/\\\/repliquemangacine.fr\\\/#organization\",\"name\":\"R\u00e9plique Manga Cin\u00e9\",\"url\":\"https:\\\/\\\/repliquemangacine.fr\\\/\",\"logo\":{\"@type\":\"ImageObject\",\"inLanguage\":\"de\",\"@id\":\"https:\\\/\\\/repliquemangacine.fr\\\/#\\\/schema\\\/logo\\\/image\\\/\",\"url\":\"https:\\\/\\\/repliquemangacine.fr\\\/wp-content\\\/uploads\\\/2023\\\/10\\\/RMC-500250.png\",\"contentUrl\":\"https:\\\/\\\/repliquemangacine.fr\\\/wp-content\\\/uploads\\\/2023\\\/10\\\/RMC-500250.png\",\"width\":500,\"height\":250,\"caption\":\"R\u00e9plique Manga Cin\u00e9\"},\"image\":{\"@id\":\"https:\\\/\\\/repliquemangacine.fr\\\/#\\\/schema\\\/logo\\\/image\\\/\"},\"sameAs\":[\"https:\\\/\\\/www.facebook.com\\\/RepliqueMangaCine\",\"https:\\\/\\\/www.instagram.com\\\/repliquemangacine.fr\\\/\"]}]}<\/script>\n<!-- \/ Yoast SEO plugin. -->","yoast_head_json":{"title":"Katana Enma violett geschmiedet - R\u00e9plique Manga Cin\u00e9","description":"G\u00f6nnen Sie sich dieses erhabene Katana Enma violett geschmiedet in One Piece zum besten Preis - Klinge Stahl 1045 scharf - Scheide lackiert - Gesamtl\u00e4nge: 108 cm","robots":{"index":"index","follow":"follow","max-snippet":"max-snippet:-1","max-image-preview":"max-image-preview:large","max-video-preview":"max-video-preview:-1"},"canonical":"https:\/\/repliquemangacine.fr\/de\/katana-schwert\/katana-enma-violett-geschmiedet\/","og_locale":"de_DE","og_type":"article","og_title":"Katana Enma violet forg\u00e9 - R\u00e9plique Manga Cin\u00e9","og_description":"Offrez-vous ce sublime Katana Enma violet forg\u00e9 dans One Piece au meilleur prix - Lame acier 1045 tranchant - Fourreau laqu\u00e9 - Longueur totale : 108 cm","og_url":"https:\/\/repliquemangacine.fr\/de\/katana-schwert\/katana-enma-violett-geschmiedet\/","og_site_name":"R\u00e9plique Manga Cin\u00e9","article_publisher":"https:\/\/www.facebook.com\/RepliqueMangaCine","article_modified_time":"2026-04-03T12:50:00+00:00","og_image":[{"width":500,"height":500,"url":"https:\/\/repliquemangacine.fr\/wp-content\/uploads\/2023\/10\/Katana-Enma-Zoro-forge.jpg","type":"image\/jpeg"}],"twitter_card":"summary_large_image","twitter_misc":{"Gesch\u00e4tzte Lesezeit":"3\u00a0Minuten"},"schema":{"@context":"https:\/\/schema.org","@graph":[{"@type":"WebPage","@id":"https:\/\/repliquemangacine.fr\/katana-epee\/katana-enma-violet-forge\/","url":"https:\/\/repliquemangacine.fr\/katana-epee\/katana-enma-violet-forge\/","name":"Katana Enma violett geschmiedet - R\u00e9plique Manga Cin\u00e9","isPartOf":{"@id":"https:\/\/repliquemangacine.fr\/#website"},"primaryImageOfPage":{"@id":"https:\/\/repliquemangacine.fr\/katana-epee\/katana-enma-violet-forge\/#primaryimage"},"image":{"@id":"https:\/\/repliquemangacine.fr\/katana-epee\/katana-enma-violet-forge\/#primaryimage"},"thumbnailUrl":"https:\/\/repliquemangacine.fr\/wp-content\/uploads\/2023\/10\/Katana-Enma-Zoro-forge.jpg","datePublished":"2023-05-18T16:31:08+00:00","dateModified":"2026-04-03T12:50:00+00:00","description":"G\u00f6nnen Sie sich dieses erhabene Katana Enma violett geschmiedet in One Piece zum besten Preis - Klinge Stahl 1045 scharf - Scheide lackiert - Gesamtl\u00e4nge: 108 cm","breadcrumb":{"@id":"https:\/\/repliquemangacine.fr\/katana-epee\/katana-enma-violet-forge\/#breadcrumb"},"inLanguage":"de","potentialAction":[{"@type":"ReadAction","target":["https:\/\/repliquemangacine.fr\/katana-epee\/katana-enma-violet-forge\/"]}]},{"@type":"ImageObject","inLanguage":"de","@id":"https:\/\/repliquemangacine.fr\/katana-epee\/katana-enma-violet-forge\/#primaryimage","url":"https:\/\/repliquemangacine.fr\/wp-content\/uploads\/2023\/10\/Katana-Enma-Zoro-forge.jpg","contentUrl":"https:\/\/repliquemangacine.fr\/wp-content\/uploads\/2023\/10\/Katana-Enma-Zoro-forge.jpg","width":500,"height":500,"caption":"Katana Enma forg\u00e9"},{"@type":"BreadcrumbList","@id":"https:\/\/repliquemangacine.fr\/katana-epee\/katana-enma-violet-forge\/#breadcrumb","itemListElement":[{"@type":"ListItem","position":1,"name":"Accueil","item":"https:\/\/repliquemangacine.fr\/"},{"@type":"ListItem","position":2,"name":"Produits","item":"https:\/\/repliquemangacine.fr\/boutique\/"},{"@type":"ListItem","position":3,"name":"Katana Enma violet forg\u00e9"}]},{"@type":"WebSite","@id":"https:\/\/repliquemangacine.fr\/#website","url":"https:\/\/repliquemangacine.fr\/","name":"R\u00e9plique Manga Cin\u00e9","description":"","publisher":{"@id":"https:\/\/repliquemangacine.fr\/#organization"},"potentialAction":[{"@type":"SearchAction","target":{"@type":"EntryPoint","urlTemplate":"https:\/\/repliquemangacine.fr\/?s={search_term_string}"},"query-input":{"@type":"PropertyValueSpecification","valueRequired":true,"valueName":"search_term_string"}}],"inLanguage":"de"},{"@type":"Organization","@id":"https:\/\/repliquemangacine.fr\/#organization","name":"R\u00e9plique Manga Cin\u00e9","url":"https:\/\/repliquemangacine.fr\/","logo":{"@type":"ImageObject","inLanguage":"de","@id":"https:\/\/repliquemangacine.fr\/#\/schema\/logo\/image\/","url":"https:\/\/repliquemangacine.fr\/wp-content\/uploads\/2023\/10\/RMC-500250.png","contentUrl":"https:\/\/repliquemangacine.fr\/wp-content\/uploads\/2023\/10\/RMC-500250.png","width":500,"height":250,"caption":"R\u00e9plique Manga Cin\u00e9"},"image":{"@id":"https:\/\/repliquemangacine.fr\/#\/schema\/logo\/image\/"},"sameAs":["https:\/\/www.facebook.com\/RepliqueMangaCine","https:\/\/www.instagram.com\/repliquemangacine.fr\/"]}]}},"_links":{"self":[{"href":"https:\/\/repliquemangacine.fr\/de\/wp-json\/wp\/v2\/product\/60362","targetHints":{"allow":["GET"]}}],"collection":[{"href":"https:\/\/repliquemangacine.fr\/de\/wp-json\/wp\/v2\/product"}],"about":[{"href":"https:\/\/repliquemangacine.fr\/de\/wp-json\/wp\/v2\/types\/product"}],"wp:featuredmedia":[{"embeddable":true,"href":"https:\/\/repliquemangacine.fr\/de\/wp-json\/wp\/v2\/media\/60363"}],"wp:attachment":[{"href":"https:\/\/repliquemangacine.fr\/de\/wp-json\/wp\/v2\/media?parent=60362"}],"wp:term":[{"taxonomy":"product_brand","embeddable":true,"href":"https:\/\/repliquemangacine.fr\/de\/wp-json\/wp\/v2\/product_brand?post=60362"},{"taxonomy":"product_cat","embeddable":true,"href":"https:\/\/repliquemangacine.fr\/de\/wp-json\/wp\/v2\/product_cat?post=60362"},{"taxonomy":"product_tag","embeddable":true,"href":"https:\/\/repliquemangacine.fr\/de\/wp-json\/wp\/v2\/product_tag?post=60362"}],"curies":[{"name":"wp","href":"https:\/\/api.w.org\/{rel}","templated":true}]}}