





{"id":60306,"date":"2023-05-18T14:14:21","date_gmt":"2023-05-18T12:14:21","guid":{"rendered":"https:\/\/repliquemangacine.fr\/?post_type=product&#038;p=60306"},"modified":"2025-12-12T17:21:52","modified_gmt":"2025-12-12T16:21:52","slug":"colt-thunderer-schaft-perlmutt","status":"publish","type":"product","link":"https:\/\/repliquemangacine.fr\/de\/colt-revolver-western\/colt-thunderer-crosse-nacre\/","title":{"rendered":"Colt Thunderer Perlmuttgriff"},"content":{"rendered":"<h2>Colt Thunderer Perlmuttgriff - Kolser<\/h2>\n<p>Zu Beginn wird der <strong>Colt Thunderer Perlmuttgriff<\/strong>Von Kolser aus der Fassung des Modells vor 1896 hergestellt. Ausgestattet mit einem eleganten Schaft in Form eines Vogelkopfes aus Perlmuttimitat.<\/p>\n<p>Diese wundersch\u00f6ne Replik des Revolvers besteht aus Zinkdruckguss und verf\u00fcgt \u00fcber eine nachf\u00fcllbare Kammer, eine drehbare Trommel sowie den klassischen funktionalen Mechanismus von Kolser, der seine Repliken zu den realistischsten auf dem Markt macht.<\/p>\n<p>Die Ausf\u00fchrungen des Kolser Thunderer gehorchen den repr\u00e4sentativsten Merkmalen des vor fast anderthalb Jahrhunderten geschaffenen Revolvers und f\u00fcgen ihm neue Akzente hinzu, die ihn zu einem Luxusst\u00fcck machen.<\/p>\n<h2>Ihr Colt Thunderer Perlmuttgriff zum besten Preis.<\/h2>\n<p>Wir bieten Ihnen eine gro\u00dfe Auswahl an Reproduktionen von Western Kolser Waffen zum niedrigsten Preis auf dem Markt.<\/p>\n<p>Zun\u00e4chst einmal,<\/p>\n<ul>\n<li>Die <a href=\"https:\/\/repliquemangacine.fr\/de\/kolser-waffe\/koffer-colt-45-messing-1873-kolser\/\">Colt SAA aus Messing<\/a> Kaliber 45, 4,75 Zoll mit seinem Handschliff.<\/li>\n<li>Sie brauchen aber auch die <a href=\"https:\/\/repliquemangacine.fr\/de\/kolser-waffe\/6-attrappenkugeln-fur-colt-45-kolser\/\">Attrappenkugeln Kolser<\/a> f\u00fcr mehr Realismus.<\/li>\n<li>Und viele weitere Encore in unserem Online-Shop entdecken!<\/li>\n<\/ul>\n<p>Deshalb ist dies eine tolle Geschenkidee f\u00fcr Sammler oder Westernfans.<\/p>\n<p>Abschlie\u00dfend k\u00f6nnen Sie den <strong>Colt Thunderer Perlmuttgriff<\/strong> f\u00fcr Ihre Westernvorf\u00fchrungen oder Themenabende.<\/p>\n<p>R\u00e9plique Manga Cin\u00e9 ist ein franz\u00f6sisches Unternehmen, Vertriebspartner der Marke <a href=\"https:\/\/kolser.com\/fr\/product\/replique-revolver-thunder\/\" target=\"_blank\" rel=\"noopener noreferrer\">Kolser<\/a>.<\/p>\n<h2>Wie werden Kolser-Waffen hergestellt?<\/h2>\n<p>Kolser-Waffen, die aus Metall mit speziellen Oberfl\u00e4chenbearbeitungen aus verzinktem Messing und Nickel hergestellt werden, mit Altmetall- oder Stahleffekten, die in sorgf\u00e4ltigen manuellen Verfahren erzielt werden und den St\u00fccken der Marke ein einzigartiges Aussehen verleihen.<\/p>\n<p>Auf dem h\u00f6chsten Qualit\u00e4tsniveau des Marktes angesiedelt, bewahren sie den Geist der Waffenschmiede vergangener Jahrhunderte f\u00fcr eine gut gemachte Arbeit.<\/p>\n<p>Au\u00dferdem werden die Designprotokolle f\u00fcr neue Modelle modernisiert, die nach den h\u00f6chsten Standards durchgef\u00fchrt werden und diesen sehr realen Aspekt erreichen. Ebenso innovativ sind Kolsers Fertigungssysteme und handgefertigte Montageprozesse, um die h\u00f6chste Qualit\u00e4t der Teile und Materialien zu gew\u00e4hrleisten, mit denen sie Ihr <strong>Colt Thunderer Perlmuttgriff<\/strong>.<\/p>","protected":false},"excerpt":{"rendered":"<p>Replik des Thunderer-Revolvers der Marke Kolser<\/p>\n<ul>\n<li>Aus Zamak und Messing<\/li>\n<li>Rotierendes Federhaus<\/li>\n<li>Nachf\u00fcllbare Kammer<\/li>\n<li>Perlmutt-imitierter Schaft<\/li>\n<li>Funktionaler Mechanismus<\/li>\n<li>Wird in einer dekorativen Schachtel mit 6 Attrappenb\u00e4llen geliefert.<\/li>\n<li>L\u00e4nge: 25.5 cm<\/li>\n<\/ul>","protected":false},"featured_media":60307,"template":"","meta":[],"product_brand":[896],"product_cat":[100,34,33,77,28,27],"product_tag":[],"class_list":{"0":"post-60306","1":"product","2":"type-product","3":"status-publish","4":"has-post-thumbnail","6":"product_brand-replique-manga-cine","7":"product_cat-arme-kolser","8":"product_cat-armes-westerns","9":"product_cat-colt-pistolet","10":"product_cat-colt-revolver-western","11":"product_cat-repliques-darmes","12":"product_cat-armes-et-accessoires-western","14":"first","15":"instock","16":"taxable","17":"shipping-taxable","18":"purchasable","19":"product-type-simple"},"yoast_head":"<!-- This site is optimized with the Yoast SEO plugin v27.5 - https:\/\/yoast.com\/product\/yoast-seo-wordpress\/ -->\n<title>Colt Thunderer crosse nacre - Vente de Revolver Kolser - RMC<\/title>\n<meta name=\"description\" content=\"D\u00e9couvrez ce superbe Colt Thunderer crosse nacre au meilleur prix - En zamac et laiton - Crosse imitation nacre - Barillet rotatif - Chambre rechargeable\" \/>\n<meta name=\"robots\" content=\"index, follow, max-snippet:-1, max-image-preview:large, max-video-preview:-1\" \/>\n<link rel=\"canonical\" href=\"https:\/\/repliquemangacine.fr\/de\/kolser-waffe\/colt-thunderer-schaft-perlmutt\/\" \/>\n<meta property=\"og:locale\" content=\"de_DE\" \/>\n<meta property=\"og:type\" content=\"article\" \/>\n<meta property=\"og:title\" content=\"Colt Thunderer crosse nacre - Vente de Revolver Kolser - RMC\" \/>\n<meta property=\"og:description\" content=\"D\u00e9couvrez ce superbe Colt Thunderer crosse nacre au meilleur prix - En zamac et laiton - Crosse imitation nacre - Barillet rotatif - Chambre rechargeable\" \/>\n<meta property=\"og:url\" content=\"https:\/\/repliquemangacine.fr\/de\/kolser-waffe\/colt-thunderer-schaft-perlmutt\/\" \/>\n<meta property=\"og:site_name\" content=\"R\u00e9plique Manga Cin\u00e9\" \/>\n<meta property=\"article:publisher\" content=\"https:\/\/www.facebook.com\/RepliqueMangaCine\" \/>\n<meta property=\"article:modified_time\" content=\"2025-12-12T16:21:52+00:00\" \/>\n<meta property=\"og:image\" content=\"https:\/\/repliquemangacine.fr\/wp-content\/uploads\/2023\/10\/colt-thunderer-crosse-nacre.jpg\" \/>\n\t<meta property=\"og:image:width\" content=\"500\" \/>\n\t<meta property=\"og:image:height\" content=\"500\" \/>\n\t<meta property=\"og:image:type\" content=\"image\/jpeg\" \/>\n<meta name=\"twitter:card\" content=\"summary_large_image\" \/>\n<meta name=\"twitter:label1\" content=\"Gesch\u00e4tzte Lesezeit\" \/>\n\t<meta name=\"twitter:data1\" content=\"2\u00a0Minuten\" \/>\n<script type=\"application\/ld+json\" class=\"yoast-schema-graph\">{\"@context\":\"https:\\\/\\\/schema.org\",\"@graph\":[{\"@type\":\"WebPage\",\"@id\":\"https:\\\/\\\/repliquemangacine.fr\\\/arme-kolser\\\/colt-thunderer-crosse-nacre\\\/\",\"url\":\"https:\\\/\\\/repliquemangacine.fr\\\/arme-kolser\\\/colt-thunderer-crosse-nacre\\\/\",\"name\":\"Colt Thunderer crosse nacre - Vente de Revolver Kolser - RMC\",\"isPartOf\":{\"@id\":\"https:\\\/\\\/repliquemangacine.fr\\\/#website\"},\"primaryImageOfPage\":{\"@id\":\"https:\\\/\\\/repliquemangacine.fr\\\/arme-kolser\\\/colt-thunderer-crosse-nacre\\\/#primaryimage\"},\"image\":{\"@id\":\"https:\\\/\\\/repliquemangacine.fr\\\/arme-kolser\\\/colt-thunderer-crosse-nacre\\\/#primaryimage\"},\"thumbnailUrl\":\"https:\\\/\\\/repliquemangacine.fr\\\/wp-content\\\/uploads\\\/2023\\\/10\\\/colt-thunderer-crosse-nacre.jpg\",\"datePublished\":\"2023-05-18T12:14:21+00:00\",\"dateModified\":\"2025-12-12T16:21:52+00:00\",\"description\":\"D\u00e9couvrez ce superbe Colt Thunderer crosse nacre au meilleur prix - En zamac et laiton - Crosse imitation nacre - Barillet rotatif - Chambre rechargeable\",\"breadcrumb\":{\"@id\":\"https:\\\/\\\/repliquemangacine.fr\\\/arme-kolser\\\/colt-thunderer-crosse-nacre\\\/#breadcrumb\"},\"inLanguage\":\"de\",\"potentialAction\":[{\"@type\":\"ReadAction\",\"target\":[\"https:\\\/\\\/repliquemangacine.fr\\\/arme-kolser\\\/colt-thunderer-crosse-nacre\\\/\"]}]},{\"@type\":\"ImageObject\",\"inLanguage\":\"de\",\"@id\":\"https:\\\/\\\/repliquemangacine.fr\\\/arme-kolser\\\/colt-thunderer-crosse-nacre\\\/#primaryimage\",\"url\":\"https:\\\/\\\/repliquemangacine.fr\\\/wp-content\\\/uploads\\\/2023\\\/10\\\/colt-thunderer-crosse-nacre.jpg\",\"contentUrl\":\"https:\\\/\\\/repliquemangacine.fr\\\/wp-content\\\/uploads\\\/2023\\\/10\\\/colt-thunderer-crosse-nacre.jpg\",\"width\":500,\"height\":500,\"caption\":\"Colt Thunderer crosse nacre\"},{\"@type\":\"BreadcrumbList\",\"@id\":\"https:\\\/\\\/repliquemangacine.fr\\\/arme-kolser\\\/colt-thunderer-crosse-nacre\\\/#breadcrumb\",\"itemListElement\":[{\"@type\":\"ListItem\",\"position\":1,\"name\":\"Accueil\",\"item\":\"https:\\\/\\\/repliquemangacine.fr\\\/\"},{\"@type\":\"ListItem\",\"position\":2,\"name\":\"Produits\",\"item\":\"https:\\\/\\\/repliquemangacine.fr\\\/boutique\\\/\"},{\"@type\":\"ListItem\",\"position\":3,\"name\":\"Colt Thunderer crosse nacre\"}]},{\"@type\":\"WebSite\",\"@id\":\"https:\\\/\\\/repliquemangacine.fr\\\/#website\",\"url\":\"https:\\\/\\\/repliquemangacine.fr\\\/\",\"name\":\"R\u00e9plique Manga Cin\u00e9\",\"description\":\"\",\"publisher\":{\"@id\":\"https:\\\/\\\/repliquemangacine.fr\\\/#organization\"},\"potentialAction\":[{\"@type\":\"SearchAction\",\"target\":{\"@type\":\"EntryPoint\",\"urlTemplate\":\"https:\\\/\\\/repliquemangacine.fr\\\/?s={search_term_string}\"},\"query-input\":{\"@type\":\"PropertyValueSpecification\",\"valueRequired\":true,\"valueName\":\"search_term_string\"}}],\"inLanguage\":\"de\"},{\"@type\":\"Organization\",\"@id\":\"https:\\\/\\\/repliquemangacine.fr\\\/#organization\",\"name\":\"R\u00e9plique Manga Cin\u00e9\",\"url\":\"https:\\\/\\\/repliquemangacine.fr\\\/\",\"logo\":{\"@type\":\"ImageObject\",\"inLanguage\":\"de\",\"@id\":\"https:\\\/\\\/repliquemangacine.fr\\\/#\\\/schema\\\/logo\\\/image\\\/\",\"url\":\"https:\\\/\\\/repliquemangacine.fr\\\/wp-content\\\/uploads\\\/2023\\\/10\\\/RMC-500250.png\",\"contentUrl\":\"https:\\\/\\\/repliquemangacine.fr\\\/wp-content\\\/uploads\\\/2023\\\/10\\\/RMC-500250.png\",\"width\":500,\"height\":250,\"caption\":\"R\u00e9plique Manga Cin\u00e9\"},\"image\":{\"@id\":\"https:\\\/\\\/repliquemangacine.fr\\\/#\\\/schema\\\/logo\\\/image\\\/\"},\"sameAs\":[\"https:\\\/\\\/www.facebook.com\\\/RepliqueMangaCine\",\"https:\\\/\\\/www.instagram.com\\\/repliquemangacine.fr\\\/\"]}]}<\/script>\n<!-- \/ Yoast SEO plugin. -->","yoast_head_json":{"title":"Colt Thunderer Perlmuttgriff - Kolser Revolver Verkauf - RMC","description":"Entdecken Sie diesen tollen Colt Thunderer Perlmuttgriff zum besten Preis - Aus Zamak und Messing - Perlmuttimitatgriff - Drehbarer Lauf - Nachf\u00fcllbare Kammer.","robots":{"index":"index","follow":"follow","max-snippet":"max-snippet:-1","max-image-preview":"max-image-preview:large","max-video-preview":"max-video-preview:-1"},"canonical":"https:\/\/repliquemangacine.fr\/de\/kolser-waffe\/colt-thunderer-schaft-perlmutt\/","og_locale":"de_DE","og_type":"article","og_title":"Colt Thunderer crosse nacre - Vente de Revolver Kolser - RMC","og_description":"D\u00e9couvrez ce superbe Colt Thunderer crosse nacre au meilleur prix - En zamac et laiton - Crosse imitation nacre - Barillet rotatif - Chambre rechargeable","og_url":"https:\/\/repliquemangacine.fr\/de\/kolser-waffe\/colt-thunderer-schaft-perlmutt\/","og_site_name":"R\u00e9plique Manga Cin\u00e9","article_publisher":"https:\/\/www.facebook.com\/RepliqueMangaCine","article_modified_time":"2025-12-12T16:21:52+00:00","og_image":[{"width":500,"height":500,"url":"https:\/\/repliquemangacine.fr\/wp-content\/uploads\/2023\/10\/colt-thunderer-crosse-nacre.jpg","type":"image\/jpeg"}],"twitter_card":"summary_large_image","twitter_misc":{"Gesch\u00e4tzte Lesezeit":"2\u00a0Minuten"},"schema":{"@context":"https:\/\/schema.org","@graph":[{"@type":"WebPage","@id":"https:\/\/repliquemangacine.fr\/arme-kolser\/colt-thunderer-crosse-nacre\/","url":"https:\/\/repliquemangacine.fr\/arme-kolser\/colt-thunderer-crosse-nacre\/","name":"Colt Thunderer Perlmuttgriff - Kolser Revolver Verkauf - RMC","isPartOf":{"@id":"https:\/\/repliquemangacine.fr\/#website"},"primaryImageOfPage":{"@id":"https:\/\/repliquemangacine.fr\/arme-kolser\/colt-thunderer-crosse-nacre\/#primaryimage"},"image":{"@id":"https:\/\/repliquemangacine.fr\/arme-kolser\/colt-thunderer-crosse-nacre\/#primaryimage"},"thumbnailUrl":"https:\/\/repliquemangacine.fr\/wp-content\/uploads\/2023\/10\/colt-thunderer-crosse-nacre.jpg","datePublished":"2023-05-18T12:14:21+00:00","dateModified":"2025-12-12T16:21:52+00:00","description":"Entdecken Sie diesen tollen Colt Thunderer Perlmuttgriff zum besten Preis - Aus Zamak und Messing - Perlmuttimitatgriff - Drehbarer Lauf - Nachf\u00fcllbare Kammer.","breadcrumb":{"@id":"https:\/\/repliquemangacine.fr\/arme-kolser\/colt-thunderer-crosse-nacre\/#breadcrumb"},"inLanguage":"de","potentialAction":[{"@type":"ReadAction","target":["https:\/\/repliquemangacine.fr\/arme-kolser\/colt-thunderer-crosse-nacre\/"]}]},{"@type":"ImageObject","inLanguage":"de","@id":"https:\/\/repliquemangacine.fr\/arme-kolser\/colt-thunderer-crosse-nacre\/#primaryimage","url":"https:\/\/repliquemangacine.fr\/wp-content\/uploads\/2023\/10\/colt-thunderer-crosse-nacre.jpg","contentUrl":"https:\/\/repliquemangacine.fr\/wp-content\/uploads\/2023\/10\/colt-thunderer-crosse-nacre.jpg","width":500,"height":500,"caption":"Colt Thunderer crosse nacre"},{"@type":"BreadcrumbList","@id":"https:\/\/repliquemangacine.fr\/arme-kolser\/colt-thunderer-crosse-nacre\/#breadcrumb","itemListElement":[{"@type":"ListItem","position":1,"name":"Accueil","item":"https:\/\/repliquemangacine.fr\/"},{"@type":"ListItem","position":2,"name":"Produits","item":"https:\/\/repliquemangacine.fr\/boutique\/"},{"@type":"ListItem","position":3,"name":"Colt Thunderer crosse nacre"}]},{"@type":"WebSite","@id":"https:\/\/repliquemangacine.fr\/#website","url":"https:\/\/repliquemangacine.fr\/","name":"R\u00e9plique Manga Cin\u00e9","description":"","publisher":{"@id":"https:\/\/repliquemangacine.fr\/#organization"},"potentialAction":[{"@type":"SearchAction","target":{"@type":"EntryPoint","urlTemplate":"https:\/\/repliquemangacine.fr\/?s={search_term_string}"},"query-input":{"@type":"PropertyValueSpecification","valueRequired":true,"valueName":"search_term_string"}}],"inLanguage":"de"},{"@type":"Organization","@id":"https:\/\/repliquemangacine.fr\/#organization","name":"R\u00e9plique Manga Cin\u00e9","url":"https:\/\/repliquemangacine.fr\/","logo":{"@type":"ImageObject","inLanguage":"de","@id":"https:\/\/repliquemangacine.fr\/#\/schema\/logo\/image\/","url":"https:\/\/repliquemangacine.fr\/wp-content\/uploads\/2023\/10\/RMC-500250.png","contentUrl":"https:\/\/repliquemangacine.fr\/wp-content\/uploads\/2023\/10\/RMC-500250.png","width":500,"height":250,"caption":"R\u00e9plique Manga Cin\u00e9"},"image":{"@id":"https:\/\/repliquemangacine.fr\/#\/schema\/logo\/image\/"},"sameAs":["https:\/\/www.facebook.com\/RepliqueMangaCine","https:\/\/www.instagram.com\/repliquemangacine.fr\/"]}]}},"_links":{"self":[{"href":"https:\/\/repliquemangacine.fr\/de\/wp-json\/wp\/v2\/product\/60306","targetHints":{"allow":["GET"]}}],"collection":[{"href":"https:\/\/repliquemangacine.fr\/de\/wp-json\/wp\/v2\/product"}],"about":[{"href":"https:\/\/repliquemangacine.fr\/de\/wp-json\/wp\/v2\/types\/product"}],"wp:featuredmedia":[{"embeddable":true,"href":"https:\/\/repliquemangacine.fr\/de\/wp-json\/wp\/v2\/media\/60307"}],"wp:attachment":[{"href":"https:\/\/repliquemangacine.fr\/de\/wp-json\/wp\/v2\/media?parent=60306"}],"wp:term":[{"taxonomy":"product_brand","embeddable":true,"href":"https:\/\/repliquemangacine.fr\/de\/wp-json\/wp\/v2\/product_brand?post=60306"},{"taxonomy":"product_cat","embeddable":true,"href":"https:\/\/repliquemangacine.fr\/de\/wp-json\/wp\/v2\/product_cat?post=60306"},{"taxonomy":"product_tag","embeddable":true,"href":"https:\/\/repliquemangacine.fr\/de\/wp-json\/wp\/v2\/product_tag?post=60306"}],"curies":[{"name":"wp","href":"https:\/\/api.w.org\/{rel}","templated":true}]}}