





{"id":60239,"date":"2023-05-15T15:55:05","date_gmt":"2023-05-15T13:55:05","guid":{"rendered":"https:\/\/repliquemangacine.fr\/?post_type=product&#038;p=60239"},"modified":"2025-11-21T12:33:40","modified_gmt":"2025-11-21T11:33:40","slug":"ruckenholster-fur-katana","status":"publish","type":"product","link":"https:\/\/repliquemangacine.fr\/de\/accessoires-katana\/etui-dorsal-pour-katana\/","title":{"rendered":"R\u00fcckenholster f\u00fcr Katana"},"content":{"rendered":"<h2>R\u00fcckenholster f\u00fcr Katana oder Schwerter<\/h2>\n<p>Zu Beginn dieses <strong>R\u00fcckenholster f\u00fcr Katana oder Schwerter<\/strong> aus schwarzem Kunstleder ist ein wesentlicher Bestandteil, wenn Sie Ihr Schwert, Ihren S\u00e4bel oder Ihr Katana auf dem R\u00fccken tragen. Dadurch haben Sie absolute Bewegungsfreiheit. Mit diesem Accessoire werden Sie wie Gerald de Riv sein, der sein Schwert auf dem R\u00fccken tr\u00e4gt!<\/p>\n<p>Es gibt verschiedene Versionen von Halterungen oder G\u00fcrteln f\u00fcr Katanas, Schwerter oder S\u00e4bel mit unterschiedlichen Aufmachungen, z. B. :<\/p>\n<ul>\n<li>Wandhalterungen: Sie sind so konzipiert, dass sie an der Wand befestigt werden k\u00f6nnen, um eine h\u00e4ngende Pr\u00e4sentation zu erm\u00f6glichen, die der Ausstellung Ihrer Waffen einen eleganten und dekorativen Touch verleiht.<\/li>\n<li>Aufstellbare St\u00e4nder: Sie sind f\u00fcr die Pr\u00e4sentation auf einem M\u00f6belst\u00fcck, einem Tisch oder einem Schreibtisch gedacht. Sie bestehen in der Regel aus Holz und werden ohne N\u00e4gel oder Schrauben zusammengesteckt.<\/li>\n<li>Vertikale St\u00e4nder: Meist aus Holz, dazu gedacht, Ihr Katana vertikal auszustellen.<\/li>\n<li>Die Gurte von 1 bis 3 Sitzen und schlie\u00dflich die R\u00fcckenst\u00fctze, die ebenfalls aus Kunstleder besteht.<\/li>\n<\/ul>\n<h2>Ihre Repliken von Katanas und Schwertern zum besten Preis.<\/h2>\n<p>Wir bieten Ihnen eine gro\u00dfe Auswahl an billigen Reproduktionen von Schwertern und Katanas, die Sie sich auf den R\u00fccken schnallen k\u00f6nnen.<\/p>\n<p>Zun\u00e4chst einmal,<\/p>\n<ul>\n<li>L'<a href=\"https:\/\/repliquemangacine.fr\/de\/zelda-schwert\/master-sword-zelda-schwert\/\">Master Sword<\/a>Das legend\u00e4re Schwert in Zelda<\/li>\n<li>Sowie die Schwerter aus Game of Thrones, von denen das<a href=\"https:\/\/repliquemangacine.fr\/de\/game-of-thrones\/jon-snow-schwert-grose-kralle-game-of-thrones\/\">Schwert von Jon Snow<\/a> \"Gro\u00dfe Kralle\"<\/li>\n<li>Es gibt auch die Schwerter von Gerald de Riv in The Witcher dem Videospiel oder der Netflix-Serie.<\/li>\n<li>Und noch viel mehr gibt es in unserem Online-Shop zu entdecken!<\/li>\n<\/ul>\n<p>Deshalb gibt es hier tolle Geschenkideen f\u00fcr alle, die Katanas und Schwerter lieben.<\/p>\n<p>Abschlie\u00dfend k\u00f6nnen Sie Ihr <strong>R\u00fcckenholster f\u00fcr Katana oder Schwert<\/strong> um auf Conventions und Ihren Cosplay-Paraden zu flanieren.<\/p>\n<p>R\u00e9plique Manga Cin\u00e9 ist ein franz\u00f6sisches Familienunternehmen und offizieller Vertriebspartner der Marke <a href=\"https:\/\/www.denix.fr\/\" target=\"_blank\" rel=\"noopener noreferrer\">Denix<\/a>.<\/p>","protected":false},"excerpt":{"rendered":"<p>Seien Sie frei in Ihren Bewegungen! Tragen Sie Ihre Schwerter oder Katanas mit diesem R\u00fcckenholster auf dem R\u00fccken.<\/p>\n<ul>\n<li>Aus schwarzem Kunstleder<\/li>\n<li>Schnallen aus Metall<\/li>\n<li>Gewicht: 194 g<\/li>\n<\/ul>","protected":false},"featured_media":60240,"template":"","meta":[],"product_brand":[896],"product_cat":[50,26],"product_tag":[],"class_list":{"0":"post-60239","1":"product","2":"type-product","3":"status-publish","4":"has-post-thumbnail","6":"product_brand-replique-manga-cine","7":"product_cat-accessoires-katana","8":"product_cat-katana-epee","10":"first","11":"instock","12":"taxable","13":"shipping-taxable","14":"purchasable","15":"product-type-simple"},"yoast_head":"<!-- This site is optimized with the Yoast SEO plugin v27.5 - https:\/\/yoast.com\/product\/yoast-seo-wordpress\/ -->\n<title>Etui dorsal pour katana - R\u00e9plique Manga Cin\u00e9<\/title>\n<meta name=\"description\" content=\"En exclusivit\u00e9 ! Etui dorsal pour katana ou \u00e9p\u00e9e en similicuir au meilleur prix - Soyez libre de vos mouvements, portez sur votre dos votre \u00e9p\u00e9e pr\u00e9f\u00e9r\u00e9e !\" \/>\n<meta name=\"robots\" content=\"index, follow, max-snippet:-1, max-image-preview:large, max-video-preview:-1\" \/>\n<link rel=\"canonical\" href=\"https:\/\/repliquemangacine.fr\/de\/katana-zubehor\/ruckenholster-fur-katana\/\" \/>\n<meta property=\"og:locale\" content=\"de_DE\" \/>\n<meta property=\"og:type\" content=\"article\" \/>\n<meta property=\"og:title\" content=\"Etui dorsal pour katana - R\u00e9plique Manga Cin\u00e9\" \/>\n<meta property=\"og:description\" content=\"En exclusivit\u00e9 ! Etui dorsal pour katana ou \u00e9p\u00e9e en similicuir au meilleur prix - Soyez libre de vos mouvements, portez sur votre dos votre \u00e9p\u00e9e pr\u00e9f\u00e9r\u00e9e !\" \/>\n<meta property=\"og:url\" content=\"https:\/\/repliquemangacine.fr\/de\/katana-zubehor\/ruckenholster-fur-katana\/\" \/>\n<meta property=\"og:site_name\" content=\"R\u00e9plique Manga Cin\u00e9\" \/>\n<meta property=\"article:publisher\" content=\"https:\/\/www.facebook.com\/RepliqueMangaCine\" \/>\n<meta property=\"article:modified_time\" content=\"2025-11-21T11:33:40+00:00\" \/>\n<meta property=\"og:image\" content=\"https:\/\/repliquemangacine.fr\/wp-content\/uploads\/2023\/10\/porte-katana-dorsale.jpg\" \/>\n\t<meta property=\"og:image:width\" content=\"500\" \/>\n\t<meta property=\"og:image:height\" content=\"500\" \/>\n\t<meta property=\"og:image:type\" content=\"image\/jpeg\" \/>\n<meta name=\"twitter:card\" content=\"summary_large_image\" \/>\n<meta name=\"twitter:label1\" content=\"Gesch\u00e4tzte Lesezeit\" \/>\n\t<meta name=\"twitter:data1\" content=\"2\u00a0Minuten\" \/>\n<script type=\"application\/ld+json\" class=\"yoast-schema-graph\">{\"@context\":\"https:\\\/\\\/schema.org\",\"@graph\":[{\"@type\":\"WebPage\",\"@id\":\"https:\\\/\\\/repliquemangacine.fr\\\/accessoires-katana\\\/etui-dorsal-pour-katana\\\/\",\"url\":\"https:\\\/\\\/repliquemangacine.fr\\\/accessoires-katana\\\/etui-dorsal-pour-katana\\\/\",\"name\":\"Etui dorsal pour katana - R\u00e9plique Manga Cin\u00e9\",\"isPartOf\":{\"@id\":\"https:\\\/\\\/repliquemangacine.fr\\\/#website\"},\"primaryImageOfPage\":{\"@id\":\"https:\\\/\\\/repliquemangacine.fr\\\/accessoires-katana\\\/etui-dorsal-pour-katana\\\/#primaryimage\"},\"image\":{\"@id\":\"https:\\\/\\\/repliquemangacine.fr\\\/accessoires-katana\\\/etui-dorsal-pour-katana\\\/#primaryimage\"},\"thumbnailUrl\":\"https:\\\/\\\/repliquemangacine.fr\\\/wp-content\\\/uploads\\\/2023\\\/10\\\/porte-katana-dorsale.jpg\",\"datePublished\":\"2023-05-15T13:55:05+00:00\",\"dateModified\":\"2025-11-21T11:33:40+00:00\",\"description\":\"En exclusivit\u00e9 ! Etui dorsal pour katana ou \u00e9p\u00e9e en similicuir au meilleur prix - Soyez libre de vos mouvements, portez sur votre dos votre \u00e9p\u00e9e pr\u00e9f\u00e9r\u00e9e !\",\"breadcrumb\":{\"@id\":\"https:\\\/\\\/repliquemangacine.fr\\\/accessoires-katana\\\/etui-dorsal-pour-katana\\\/#breadcrumb\"},\"inLanguage\":\"de\",\"potentialAction\":[{\"@type\":\"ReadAction\",\"target\":[\"https:\\\/\\\/repliquemangacine.fr\\\/accessoires-katana\\\/etui-dorsal-pour-katana\\\/\"]}]},{\"@type\":\"ImageObject\",\"inLanguage\":\"de\",\"@id\":\"https:\\\/\\\/repliquemangacine.fr\\\/accessoires-katana\\\/etui-dorsal-pour-katana\\\/#primaryimage\",\"url\":\"https:\\\/\\\/repliquemangacine.fr\\\/wp-content\\\/uploads\\\/2023\\\/10\\\/porte-katana-dorsale.jpg\",\"contentUrl\":\"https:\\\/\\\/repliquemangacine.fr\\\/wp-content\\\/uploads\\\/2023\\\/10\\\/porte-katana-dorsale.jpg\",\"width\":500,\"height\":500,\"caption\":\"Etui dorsal pour katana ou \u00e9p\u00e9e\"},{\"@type\":\"BreadcrumbList\",\"@id\":\"https:\\\/\\\/repliquemangacine.fr\\\/accessoires-katana\\\/etui-dorsal-pour-katana\\\/#breadcrumb\",\"itemListElement\":[{\"@type\":\"ListItem\",\"position\":1,\"name\":\"Accueil\",\"item\":\"https:\\\/\\\/repliquemangacine.fr\\\/\"},{\"@type\":\"ListItem\",\"position\":2,\"name\":\"Produits\",\"item\":\"https:\\\/\\\/repliquemangacine.fr\\\/boutique\\\/\"},{\"@type\":\"ListItem\",\"position\":3,\"name\":\"Etui dorsal pour katana\"}]},{\"@type\":\"WebSite\",\"@id\":\"https:\\\/\\\/repliquemangacine.fr\\\/#website\",\"url\":\"https:\\\/\\\/repliquemangacine.fr\\\/\",\"name\":\"R\u00e9plique Manga Cin\u00e9\",\"description\":\"\",\"publisher\":{\"@id\":\"https:\\\/\\\/repliquemangacine.fr\\\/#organization\"},\"potentialAction\":[{\"@type\":\"SearchAction\",\"target\":{\"@type\":\"EntryPoint\",\"urlTemplate\":\"https:\\\/\\\/repliquemangacine.fr\\\/?s={search_term_string}\"},\"query-input\":{\"@type\":\"PropertyValueSpecification\",\"valueRequired\":true,\"valueName\":\"search_term_string\"}}],\"inLanguage\":\"de\"},{\"@type\":\"Organization\",\"@id\":\"https:\\\/\\\/repliquemangacine.fr\\\/#organization\",\"name\":\"R\u00e9plique Manga Cin\u00e9\",\"url\":\"https:\\\/\\\/repliquemangacine.fr\\\/\",\"logo\":{\"@type\":\"ImageObject\",\"inLanguage\":\"de\",\"@id\":\"https:\\\/\\\/repliquemangacine.fr\\\/#\\\/schema\\\/logo\\\/image\\\/\",\"url\":\"https:\\\/\\\/repliquemangacine.fr\\\/wp-content\\\/uploads\\\/2023\\\/10\\\/RMC-500250.png\",\"contentUrl\":\"https:\\\/\\\/repliquemangacine.fr\\\/wp-content\\\/uploads\\\/2023\\\/10\\\/RMC-500250.png\",\"width\":500,\"height\":250,\"caption\":\"R\u00e9plique Manga Cin\u00e9\"},\"image\":{\"@id\":\"https:\\\/\\\/repliquemangacine.fr\\\/#\\\/schema\\\/logo\\\/image\\\/\"},\"sameAs\":[\"https:\\\/\\\/www.facebook.com\\\/RepliqueMangaCine\",\"https:\\\/\\\/www.instagram.com\\\/repliquemangacine.fr\\\/\"]}]}<\/script>\n<!-- \/ Yoast SEO plugin. -->","yoast_head_json":{"title":"R\u00fcckenholster f\u00fcr Katana - R\u00e9plique Manga Cin\u00e9","description":"Ganz exklusiv f\u00fcr Sie! R\u00fcckentasche f\u00fcr Katana oder Schwert aus Kunstleder zum besten Preis - Seien Sie frei in Ihrer Bewegung, tragen Sie Ihr Lieblingsschwert auf dem R\u00fccken!","robots":{"index":"index","follow":"follow","max-snippet":"max-snippet:-1","max-image-preview":"max-image-preview:large","max-video-preview":"max-video-preview:-1"},"canonical":"https:\/\/repliquemangacine.fr\/de\/katana-zubehor\/ruckenholster-fur-katana\/","og_locale":"de_DE","og_type":"article","og_title":"Etui dorsal pour katana - R\u00e9plique Manga Cin\u00e9","og_description":"En exclusivit\u00e9 ! Etui dorsal pour katana ou \u00e9p\u00e9e en similicuir au meilleur prix - Soyez libre de vos mouvements, portez sur votre dos votre \u00e9p\u00e9e pr\u00e9f\u00e9r\u00e9e !","og_url":"https:\/\/repliquemangacine.fr\/de\/katana-zubehor\/ruckenholster-fur-katana\/","og_site_name":"R\u00e9plique Manga Cin\u00e9","article_publisher":"https:\/\/www.facebook.com\/RepliqueMangaCine","article_modified_time":"2025-11-21T11:33:40+00:00","og_image":[{"width":500,"height":500,"url":"https:\/\/repliquemangacine.fr\/wp-content\/uploads\/2023\/10\/porte-katana-dorsale.jpg","type":"image\/jpeg"}],"twitter_card":"summary_large_image","twitter_misc":{"Gesch\u00e4tzte Lesezeit":"2\u00a0Minuten"},"schema":{"@context":"https:\/\/schema.org","@graph":[{"@type":"WebPage","@id":"https:\/\/repliquemangacine.fr\/accessoires-katana\/etui-dorsal-pour-katana\/","url":"https:\/\/repliquemangacine.fr\/accessoires-katana\/etui-dorsal-pour-katana\/","name":"R\u00fcckenholster f\u00fcr Katana - R\u00e9plique Manga Cin\u00e9","isPartOf":{"@id":"https:\/\/repliquemangacine.fr\/#website"},"primaryImageOfPage":{"@id":"https:\/\/repliquemangacine.fr\/accessoires-katana\/etui-dorsal-pour-katana\/#primaryimage"},"image":{"@id":"https:\/\/repliquemangacine.fr\/accessoires-katana\/etui-dorsal-pour-katana\/#primaryimage"},"thumbnailUrl":"https:\/\/repliquemangacine.fr\/wp-content\/uploads\/2023\/10\/porte-katana-dorsale.jpg","datePublished":"2023-05-15T13:55:05+00:00","dateModified":"2025-11-21T11:33:40+00:00","description":"Ganz exklusiv f\u00fcr Sie! R\u00fcckentasche f\u00fcr Katana oder Schwert aus Kunstleder zum besten Preis - Seien Sie frei in Ihrer Bewegung, tragen Sie Ihr Lieblingsschwert auf dem R\u00fccken!","breadcrumb":{"@id":"https:\/\/repliquemangacine.fr\/accessoires-katana\/etui-dorsal-pour-katana\/#breadcrumb"},"inLanguage":"de","potentialAction":[{"@type":"ReadAction","target":["https:\/\/repliquemangacine.fr\/accessoires-katana\/etui-dorsal-pour-katana\/"]}]},{"@type":"ImageObject","inLanguage":"de","@id":"https:\/\/repliquemangacine.fr\/accessoires-katana\/etui-dorsal-pour-katana\/#primaryimage","url":"https:\/\/repliquemangacine.fr\/wp-content\/uploads\/2023\/10\/porte-katana-dorsale.jpg","contentUrl":"https:\/\/repliquemangacine.fr\/wp-content\/uploads\/2023\/10\/porte-katana-dorsale.jpg","width":500,"height":500,"caption":"Etui dorsal pour katana ou \u00e9p\u00e9e"},{"@type":"BreadcrumbList","@id":"https:\/\/repliquemangacine.fr\/accessoires-katana\/etui-dorsal-pour-katana\/#breadcrumb","itemListElement":[{"@type":"ListItem","position":1,"name":"Accueil","item":"https:\/\/repliquemangacine.fr\/"},{"@type":"ListItem","position":2,"name":"Produits","item":"https:\/\/repliquemangacine.fr\/boutique\/"},{"@type":"ListItem","position":3,"name":"Etui dorsal pour katana"}]},{"@type":"WebSite","@id":"https:\/\/repliquemangacine.fr\/#website","url":"https:\/\/repliquemangacine.fr\/","name":"R\u00e9plique Manga Cin\u00e9","description":"","publisher":{"@id":"https:\/\/repliquemangacine.fr\/#organization"},"potentialAction":[{"@type":"SearchAction","target":{"@type":"EntryPoint","urlTemplate":"https:\/\/repliquemangacine.fr\/?s={search_term_string}"},"query-input":{"@type":"PropertyValueSpecification","valueRequired":true,"valueName":"search_term_string"}}],"inLanguage":"de"},{"@type":"Organization","@id":"https:\/\/repliquemangacine.fr\/#organization","name":"R\u00e9plique Manga Cin\u00e9","url":"https:\/\/repliquemangacine.fr\/","logo":{"@type":"ImageObject","inLanguage":"de","@id":"https:\/\/repliquemangacine.fr\/#\/schema\/logo\/image\/","url":"https:\/\/repliquemangacine.fr\/wp-content\/uploads\/2023\/10\/RMC-500250.png","contentUrl":"https:\/\/repliquemangacine.fr\/wp-content\/uploads\/2023\/10\/RMC-500250.png","width":500,"height":250,"caption":"R\u00e9plique Manga Cin\u00e9"},"image":{"@id":"https:\/\/repliquemangacine.fr\/#\/schema\/logo\/image\/"},"sameAs":["https:\/\/www.facebook.com\/RepliqueMangaCine","https:\/\/www.instagram.com\/repliquemangacine.fr\/"]}]}},"_links":{"self":[{"href":"https:\/\/repliquemangacine.fr\/de\/wp-json\/wp\/v2\/product\/60239","targetHints":{"allow":["GET"]}}],"collection":[{"href":"https:\/\/repliquemangacine.fr\/de\/wp-json\/wp\/v2\/product"}],"about":[{"href":"https:\/\/repliquemangacine.fr\/de\/wp-json\/wp\/v2\/types\/product"}],"wp:featuredmedia":[{"embeddable":true,"href":"https:\/\/repliquemangacine.fr\/de\/wp-json\/wp\/v2\/media\/60240"}],"wp:attachment":[{"href":"https:\/\/repliquemangacine.fr\/de\/wp-json\/wp\/v2\/media?parent=60239"}],"wp:term":[{"taxonomy":"product_brand","embeddable":true,"href":"https:\/\/repliquemangacine.fr\/de\/wp-json\/wp\/v2\/product_brand?post=60239"},{"taxonomy":"product_cat","embeddable":true,"href":"https:\/\/repliquemangacine.fr\/de\/wp-json\/wp\/v2\/product_cat?post=60239"},{"taxonomy":"product_tag","embeddable":true,"href":"https:\/\/repliquemangacine.fr\/de\/wp-json\/wp\/v2\/product_tag?post=60239"}],"curies":[{"name":"wp","href":"https:\/\/api.w.org\/{rel}","templated":true}]}}