





{"id":60234,"date":"2023-05-15T15:32:26","date_gmt":"2023-05-15T13:32:26","guid":{"rendered":"https:\/\/repliquemangacine.fr\/?post_type=product&#038;p=60234"},"modified":"2026-04-15T12:00:17","modified_gmt":"2026-04-15T10:00:17","slug":"gurtel-fur-katana","status":"publish","type":"product","link":"https:\/\/repliquemangacine.fr\/de\/katana-kill-bill\/ceinture-pour-katana\/","title":{"rendered":"G\u00fcrtel f\u00fcr Katana"},"content":{"rendered":"<h2>G\u00fcrtel f\u00fcr Katana aus Kunstleder<\/h2>\n<p>Zu Beginn wird die <strong>G\u00fcrtel f\u00fcr Katana<\/strong> aus schwarzem Kunstleder ist ein wesentlicher Bestandteil, um die drei Katanas Ihrer Wahl an Ihrem G\u00fcrtel zu tragen. Dadurch haben Sie v\u00f6llige Bewegungsfreiheit. Mit dem 3-Sitzer-Accessoire werden Sie zu Zoro aus One Piece!<\/p>\n<p>Es gibt verschiedene Versionen von Halterungen oder G\u00fcrteln f\u00fcr Katanas, Schwerter oder S\u00e4bel mit unterschiedlichen Aufmachungen, z. B. :<\/p>\n<ul>\n<li>Wandhalterungen: Sie sind so konzipiert, dass sie an der Wand befestigt werden k\u00f6nnen, um eine h\u00e4ngende Pr\u00e4sentation zu erm\u00f6glichen, die der Ausstellung Ihrer Waffen einen eleganten und dekorativen Touch verleiht.<\/li>\n<li>Aufstellbare St\u00e4nder: Sie sind f\u00fcr die Pr\u00e4sentation auf einem M\u00f6belst\u00fcck, einem Tisch oder einem Schreibtisch gedacht. Sie bestehen in der Regel aus Holz und werden ohne N\u00e4gel oder Schrauben zusammengesteckt.<\/li>\n<li>Vertikale St\u00e4nder: Meist aus Holz, dazu gedacht, Ihr Katana vertikal auszustellen.<\/li>\n<li>Die Gurte von 1 bis 3 Pl\u00e4tzen und schlie\u00dflich die R\u00fcckenst\u00fctze ebenfalls<\/li>\n<\/ul>\n<h2>Ihre Repliken von Katanas und Schwertern zum besten Preis.<\/h2>\n<p>Wir bieten Ihnen eine gro\u00dfe Auswahl an billigen Reproduktionen von Schwertern und Katanas, die Sie an Ihren G\u00fcrtel h\u00e4ngen k\u00f6nnen.<\/p>\n<p>Zun\u00e4chst einmal,<\/p>\n<ul>\n<li>Die <a href=\"https:\/\/repliquemangacine.fr\/de\/katanas-der-letzte-samurai\/katana-des-letzten-samurai-the-last-samourai\/\">Katana des Letzten Samurai<\/a> verwendet von Nathan Algren alias Tom<\/li>\n<li>Sowie die<a href=\"https:\/\/repliquemangacine.fr\/de\/zelda-schwert\/zelda-legendares-schwert-linkes-schwert\/\">Links legend\u00e4res Schwert<\/a>Das Master Sword im Videospiel Zelda<\/li>\n<li>Es gibt auch die drei Schwerter von Zoro aus One Piece mit diesem tollen Angebot!<\/li>\n<li>Und noch viel mehr gibt es in unserem Online-Shop zu entdecken!<\/li>\n<\/ul>\n<p>Deshalb gibt es hier tolle Geschenkideen f\u00fcr alle, die Katanas und Schwerter lieben.<\/p>\n<p>Abschlie\u00dfend k\u00f6nnen Sie Ihr <strong>G\u00fcrtel f\u00fcr Katana<\/strong> um auf Conventions und Ihren Cosplay-Paraden zu flanieren.<\/p>\n<p>R\u00e9plique Manga Cin\u00e9 ist ein franz\u00f6sisches Familienunternehmen und offizieller Vertriebspartner der Marke <a href=\"https:\/\/www.denix.fr\/\" target=\"_blank\" rel=\"noopener noreferrer\">Denix<\/a>.<\/p>","protected":false},"excerpt":{"rendered":"<p>Seien Sie frei in Ihren Bewegungen! Tragen Sie Ihre Katanas mit diesem G\u00fcrtel an Ihrer Taille<\/p>\n<ul>\n<li>Aus schwarzem Kunstleder<\/li>\n<li>Bietet Platz f\u00fcr 3 Katanas oder Schwerter<\/li>\n<li>Schnalle aus Metall<\/li>\n<\/ul>","protected":false},"featured_media":60235,"template":"","meta":[],"product_brand":[896],"product_cat":[50,65,91,66,30,63,24,26,109,71,88,23,42,36,67],"product_tag":[],"class_list":{"0":"post-60234","1":"product","2":"type-product","3":"status-publish","4":"has-post-thumbnail","6":"product_brand-replique-manga-cine","7":"product_cat-accessoires-katana","8":"product_cat-katana-et-epee-de-manga-anime-autre-manga","9":"product_cat-katana-les-epees-de-films-et-series","10":"product_cat-repliques-d-armes-films-et-series","11":"product_cat-katana-bleach","12":"product_cat-katana-demon-slayer","13":"product_cat-films-series-tv-vente-de-katana-epee-et-produits-derives","14":"product_cat-katana-epee","15":"product_cat-katana-naruto","16":"product_cat-katana-kill-bill","17":"product_cat-katanas-le-dernier-samourai","18":"product_cat-repliques-manga-jeux-video","19":"product_cat-katana-goodies-naruto-kunai","20":"product_cat-katana-one-piece","21":"product_cat-katana-et-epee-de-jeux-video-autre-jeux-video","23":"first","24":"instock","25":"taxable","26":"shipping-taxable","27":"purchasable","28":"product-type-simple"},"yoast_head":"<!-- This site is optimized with the Yoast SEO plugin v27.5 - https:\/\/yoast.com\/product\/yoast-seo-wordpress\/ -->\n<title>Ceinture pour Katana - Boutique en ligne - R\u00e9plique Manga Cin\u00e9<\/title>\n<meta name=\"description\" content=\"Exclusivit\u00e9 ! Ceinture pour Katana en similicuir au meilleur prix - Soyez libre de vos mouvements, portez \u00e0 votre taille votre katana ou \u00e9p\u00e9e pr\u00e9f\u00e9r\u00e9e!\" \/>\n<meta name=\"robots\" content=\"index, follow, max-snippet:-1, max-image-preview:large, max-video-preview:-1\" \/>\n<link rel=\"canonical\" href=\"https:\/\/repliquemangacine.fr\/de\/katana-kill-bill\/gurtel-fur-katana\/\" \/>\n<meta property=\"og:locale\" content=\"de_DE\" \/>\n<meta property=\"og:type\" content=\"article\" \/>\n<meta property=\"og:title\" content=\"Ceinture pour Katana - Boutique en ligne - R\u00e9plique Manga Cin\u00e9\" \/>\n<meta property=\"og:description\" content=\"Exclusivit\u00e9 ! Ceinture pour Katana en similicuir au meilleur prix - Soyez libre de vos mouvements, portez \u00e0 votre taille votre katana ou \u00e9p\u00e9e pr\u00e9f\u00e9r\u00e9e!\" \/>\n<meta property=\"og:url\" content=\"https:\/\/repliquemangacine.fr\/de\/katana-kill-bill\/gurtel-fur-katana\/\" \/>\n<meta property=\"og:site_name\" content=\"R\u00e9plique Manga Cin\u00e9\" \/>\n<meta property=\"article:publisher\" content=\"https:\/\/www.facebook.com\/RepliqueMangaCine\" \/>\n<meta property=\"article:modified_time\" content=\"2026-04-15T10:00:17+00:00\" \/>\n<meta property=\"og:image\" content=\"https:\/\/repliquemangacine.fr\/wp-content\/uploads\/2023\/10\/ceinturon-katana.jpg\" \/>\n\t<meta property=\"og:image:width\" content=\"500\" \/>\n\t<meta property=\"og:image:height\" content=\"500\" \/>\n\t<meta property=\"og:image:type\" content=\"image\/jpeg\" \/>\n<meta name=\"twitter:card\" content=\"summary_large_image\" \/>\n<meta name=\"twitter:label1\" content=\"Gesch\u00e4tzte Lesezeit\" \/>\n\t<meta name=\"twitter:data1\" content=\"2\u00a0Minuten\" \/>\n<script type=\"application\/ld+json\" class=\"yoast-schema-graph\">{\"@context\":\"https:\\\/\\\/schema.org\",\"@graph\":[{\"@type\":\"WebPage\",\"@id\":\"https:\\\/\\\/repliquemangacine.fr\\\/katana-kill-bill\\\/ceinture-pour-katana\\\/\",\"url\":\"https:\\\/\\\/repliquemangacine.fr\\\/katana-kill-bill\\\/ceinture-pour-katana\\\/\",\"name\":\"Ceinture pour Katana - Boutique en ligne - R\u00e9plique Manga Cin\u00e9\",\"isPartOf\":{\"@id\":\"https:\\\/\\\/repliquemangacine.fr\\\/#website\"},\"primaryImageOfPage\":{\"@id\":\"https:\\\/\\\/repliquemangacine.fr\\\/katana-kill-bill\\\/ceinture-pour-katana\\\/#primaryimage\"},\"image\":{\"@id\":\"https:\\\/\\\/repliquemangacine.fr\\\/katana-kill-bill\\\/ceinture-pour-katana\\\/#primaryimage\"},\"thumbnailUrl\":\"https:\\\/\\\/repliquemangacine.fr\\\/wp-content\\\/uploads\\\/2023\\\/10\\\/ceinturon-katana.jpg\",\"datePublished\":\"2023-05-15T13:32:26+00:00\",\"dateModified\":\"2026-04-15T10:00:17+00:00\",\"description\":\"Exclusivit\u00e9 ! Ceinture pour Katana en similicuir au meilleur prix - Soyez libre de vos mouvements, portez \u00e0 votre taille votre katana ou \u00e9p\u00e9e pr\u00e9f\u00e9r\u00e9e!\",\"breadcrumb\":{\"@id\":\"https:\\\/\\\/repliquemangacine.fr\\\/katana-kill-bill\\\/ceinture-pour-katana\\\/#breadcrumb\"},\"inLanguage\":\"de\",\"potentialAction\":[{\"@type\":\"ReadAction\",\"target\":[\"https:\\\/\\\/repliquemangacine.fr\\\/katana-kill-bill\\\/ceinture-pour-katana\\\/\"]}]},{\"@type\":\"ImageObject\",\"inLanguage\":\"de\",\"@id\":\"https:\\\/\\\/repliquemangacine.fr\\\/katana-kill-bill\\\/ceinture-pour-katana\\\/#primaryimage\",\"url\":\"https:\\\/\\\/repliquemangacine.fr\\\/wp-content\\\/uploads\\\/2023\\\/10\\\/ceinturon-katana.jpg\",\"contentUrl\":\"https:\\\/\\\/repliquemangacine.fr\\\/wp-content\\\/uploads\\\/2023\\\/10\\\/ceinturon-katana.jpg\",\"width\":500,\"height\":500,\"caption\":\"ceinture pour katana\"},{\"@type\":\"BreadcrumbList\",\"@id\":\"https:\\\/\\\/repliquemangacine.fr\\\/katana-kill-bill\\\/ceinture-pour-katana\\\/#breadcrumb\",\"itemListElement\":[{\"@type\":\"ListItem\",\"position\":1,\"name\":\"Accueil\",\"item\":\"https:\\\/\\\/repliquemangacine.fr\\\/\"},{\"@type\":\"ListItem\",\"position\":2,\"name\":\"Produits\",\"item\":\"https:\\\/\\\/repliquemangacine.fr\\\/boutique\\\/\"},{\"@type\":\"ListItem\",\"position\":3,\"name\":\"Ceinture pour Katana\"}]},{\"@type\":\"WebSite\",\"@id\":\"https:\\\/\\\/repliquemangacine.fr\\\/#website\",\"url\":\"https:\\\/\\\/repliquemangacine.fr\\\/\",\"name\":\"R\u00e9plique Manga Cin\u00e9\",\"description\":\"\",\"publisher\":{\"@id\":\"https:\\\/\\\/repliquemangacine.fr\\\/#organization\"},\"potentialAction\":[{\"@type\":\"SearchAction\",\"target\":{\"@type\":\"EntryPoint\",\"urlTemplate\":\"https:\\\/\\\/repliquemangacine.fr\\\/?s={search_term_string}\"},\"query-input\":{\"@type\":\"PropertyValueSpecification\",\"valueRequired\":true,\"valueName\":\"search_term_string\"}}],\"inLanguage\":\"de\"},{\"@type\":\"Organization\",\"@id\":\"https:\\\/\\\/repliquemangacine.fr\\\/#organization\",\"name\":\"R\u00e9plique Manga Cin\u00e9\",\"url\":\"https:\\\/\\\/repliquemangacine.fr\\\/\",\"logo\":{\"@type\":\"ImageObject\",\"inLanguage\":\"de\",\"@id\":\"https:\\\/\\\/repliquemangacine.fr\\\/#\\\/schema\\\/logo\\\/image\\\/\",\"url\":\"https:\\\/\\\/repliquemangacine.fr\\\/wp-content\\\/uploads\\\/2023\\\/10\\\/RMC-500250.png\",\"contentUrl\":\"https:\\\/\\\/repliquemangacine.fr\\\/wp-content\\\/uploads\\\/2023\\\/10\\\/RMC-500250.png\",\"width\":500,\"height\":250,\"caption\":\"R\u00e9plique Manga Cin\u00e9\"},\"image\":{\"@id\":\"https:\\\/\\\/repliquemangacine.fr\\\/#\\\/schema\\\/logo\\\/image\\\/\"},\"sameAs\":[\"https:\\\/\\\/www.facebook.com\\\/RepliqueMangaCine\",\"https:\\\/\\\/www.instagram.com\\\/repliquemangacine.fr\\\/\"]}]}<\/script>\n<!-- \/ Yoast SEO plugin. -->","yoast_head_json":{"title":"G\u00fcrtel f\u00fcr Katana - Online-Shop - R\u00e9plique Manga Cin\u00e9","description":"Exklusiv f\u00fcr Sie! Kunstlederg\u00fcrtel f\u00fcr Katana zum besten Preis - Tragen Sie Ihr Katana oder Ihr Lieblingsschwert an Ihrer Taille!","robots":{"index":"index","follow":"follow","max-snippet":"max-snippet:-1","max-image-preview":"max-image-preview:large","max-video-preview":"max-video-preview:-1"},"canonical":"https:\/\/repliquemangacine.fr\/de\/katana-kill-bill\/gurtel-fur-katana\/","og_locale":"de_DE","og_type":"article","og_title":"Ceinture pour Katana - Boutique en ligne - R\u00e9plique Manga Cin\u00e9","og_description":"Exclusivit\u00e9 ! Ceinture pour Katana en similicuir au meilleur prix - Soyez libre de vos mouvements, portez \u00e0 votre taille votre katana ou \u00e9p\u00e9e pr\u00e9f\u00e9r\u00e9e!","og_url":"https:\/\/repliquemangacine.fr\/de\/katana-kill-bill\/gurtel-fur-katana\/","og_site_name":"R\u00e9plique Manga Cin\u00e9","article_publisher":"https:\/\/www.facebook.com\/RepliqueMangaCine","article_modified_time":"2026-04-15T10:00:17+00:00","og_image":[{"width":500,"height":500,"url":"https:\/\/repliquemangacine.fr\/wp-content\/uploads\/2023\/10\/ceinturon-katana.jpg","type":"image\/jpeg"}],"twitter_card":"summary_large_image","twitter_misc":{"Gesch\u00e4tzte Lesezeit":"2\u00a0Minuten"},"schema":{"@context":"https:\/\/schema.org","@graph":[{"@type":"WebPage","@id":"https:\/\/repliquemangacine.fr\/katana-kill-bill\/ceinture-pour-katana\/","url":"https:\/\/repliquemangacine.fr\/katana-kill-bill\/ceinture-pour-katana\/","name":"G\u00fcrtel f\u00fcr Katana - Online-Shop - R\u00e9plique Manga Cin\u00e9","isPartOf":{"@id":"https:\/\/repliquemangacine.fr\/#website"},"primaryImageOfPage":{"@id":"https:\/\/repliquemangacine.fr\/katana-kill-bill\/ceinture-pour-katana\/#primaryimage"},"image":{"@id":"https:\/\/repliquemangacine.fr\/katana-kill-bill\/ceinture-pour-katana\/#primaryimage"},"thumbnailUrl":"https:\/\/repliquemangacine.fr\/wp-content\/uploads\/2023\/10\/ceinturon-katana.jpg","datePublished":"2023-05-15T13:32:26+00:00","dateModified":"2026-04-15T10:00:17+00:00","description":"Exklusiv f\u00fcr Sie! Kunstlederg\u00fcrtel f\u00fcr Katana zum besten Preis - Tragen Sie Ihr Katana oder Ihr Lieblingsschwert an Ihrer Taille!","breadcrumb":{"@id":"https:\/\/repliquemangacine.fr\/katana-kill-bill\/ceinture-pour-katana\/#breadcrumb"},"inLanguage":"de","potentialAction":[{"@type":"ReadAction","target":["https:\/\/repliquemangacine.fr\/katana-kill-bill\/ceinture-pour-katana\/"]}]},{"@type":"ImageObject","inLanguage":"de","@id":"https:\/\/repliquemangacine.fr\/katana-kill-bill\/ceinture-pour-katana\/#primaryimage","url":"https:\/\/repliquemangacine.fr\/wp-content\/uploads\/2023\/10\/ceinturon-katana.jpg","contentUrl":"https:\/\/repliquemangacine.fr\/wp-content\/uploads\/2023\/10\/ceinturon-katana.jpg","width":500,"height":500,"caption":"ceinture pour katana"},{"@type":"BreadcrumbList","@id":"https:\/\/repliquemangacine.fr\/katana-kill-bill\/ceinture-pour-katana\/#breadcrumb","itemListElement":[{"@type":"ListItem","position":1,"name":"Accueil","item":"https:\/\/repliquemangacine.fr\/"},{"@type":"ListItem","position":2,"name":"Produits","item":"https:\/\/repliquemangacine.fr\/boutique\/"},{"@type":"ListItem","position":3,"name":"Ceinture pour Katana"}]},{"@type":"WebSite","@id":"https:\/\/repliquemangacine.fr\/#website","url":"https:\/\/repliquemangacine.fr\/","name":"R\u00e9plique Manga Cin\u00e9","description":"","publisher":{"@id":"https:\/\/repliquemangacine.fr\/#organization"},"potentialAction":[{"@type":"SearchAction","target":{"@type":"EntryPoint","urlTemplate":"https:\/\/repliquemangacine.fr\/?s={search_term_string}"},"query-input":{"@type":"PropertyValueSpecification","valueRequired":true,"valueName":"search_term_string"}}],"inLanguage":"de"},{"@type":"Organization","@id":"https:\/\/repliquemangacine.fr\/#organization","name":"R\u00e9plique Manga Cin\u00e9","url":"https:\/\/repliquemangacine.fr\/","logo":{"@type":"ImageObject","inLanguage":"de","@id":"https:\/\/repliquemangacine.fr\/#\/schema\/logo\/image\/","url":"https:\/\/repliquemangacine.fr\/wp-content\/uploads\/2023\/10\/RMC-500250.png","contentUrl":"https:\/\/repliquemangacine.fr\/wp-content\/uploads\/2023\/10\/RMC-500250.png","width":500,"height":250,"caption":"R\u00e9plique Manga Cin\u00e9"},"image":{"@id":"https:\/\/repliquemangacine.fr\/#\/schema\/logo\/image\/"},"sameAs":["https:\/\/www.facebook.com\/RepliqueMangaCine","https:\/\/www.instagram.com\/repliquemangacine.fr\/"]}]}},"_links":{"self":[{"href":"https:\/\/repliquemangacine.fr\/de\/wp-json\/wp\/v2\/product\/60234","targetHints":{"allow":["GET"]}}],"collection":[{"href":"https:\/\/repliquemangacine.fr\/de\/wp-json\/wp\/v2\/product"}],"about":[{"href":"https:\/\/repliquemangacine.fr\/de\/wp-json\/wp\/v2\/types\/product"}],"wp:featuredmedia":[{"embeddable":true,"href":"https:\/\/repliquemangacine.fr\/de\/wp-json\/wp\/v2\/media\/60235"}],"wp:attachment":[{"href":"https:\/\/repliquemangacine.fr\/de\/wp-json\/wp\/v2\/media?parent=60234"}],"wp:term":[{"taxonomy":"product_brand","embeddable":true,"href":"https:\/\/repliquemangacine.fr\/de\/wp-json\/wp\/v2\/product_brand?post=60234"},{"taxonomy":"product_cat","embeddable":true,"href":"https:\/\/repliquemangacine.fr\/de\/wp-json\/wp\/v2\/product_cat?post=60234"},{"taxonomy":"product_tag","embeddable":true,"href":"https:\/\/repliquemangacine.fr\/de\/wp-json\/wp\/v2\/product_tag?post=60234"}],"curies":[{"name":"wp","href":"https:\/\/api.w.org\/{rel}","templated":true}]}}