





{"id":60228,"date":"2023-05-15T15:17:22","date_gmt":"2023-05-15T13:17:22","guid":{"rendered":"https:\/\/repliquemangacine.fr\/?post_type=product&#038;p=60228"},"modified":"2026-04-20T18:40:32","modified_gmt":"2026-04-20T16:40:32","slug":"gurtel-fur-3-katanas","status":"publish","type":"product","link":"https:\/\/repliquemangacine.fr\/de\/katana-naruto\/ceinture-pour-3-katanas\/","title":{"rendered":"G\u00fcrtel f\u00fcr 3 Katanas"},"content":{"rendered":"<h2>G\u00fcrtel f\u00fcr 3 Katanas aus Kunstleder<\/h2>\n<p>Zu Beginn wird die <strong>G\u00fcrtel f\u00fcr 3 Katanas<\/strong> aus schwarzem Kunstleder ist ein unverzichtbares Accessoire, um drei Katanas Ihrer Wahl am G\u00fcrtel zu tragen. So haben Sie v\u00f6llige Bewegungsfreiheit. Mit diesem Accessoire werden Sie zu Zoro aus One Piece!<\/p>\n<p>Es gibt verschiedene Versionen von Halterungen oder G\u00fcrteln f\u00fcr Katanas, Schwerter oder S\u00e4bel mit unterschiedlichen Aufmachungen, z. B. :<\/p>\n<ul>\n<li>Wandhalterungen: Sie sind so konzipiert, dass sie an der Wand befestigt werden k\u00f6nnen, um eine h\u00e4ngende Pr\u00e4sentation zu erm\u00f6glichen, die der Ausstellung Ihrer Waffen einen eleganten und dekorativen Touch verleiht.<\/li>\n<li>Aufstellbare St\u00e4nder: Sie sind f\u00fcr die Pr\u00e4sentation auf einem M\u00f6belst\u00fcck, einem Tisch oder einem Schreibtisch gedacht. Sie bestehen in der Regel aus Holz und werden ohne N\u00e4gel oder Schrauben zusammengesteckt.<\/li>\n<li>Vertikale St\u00e4nder: Meist aus Holz, dazu gedacht, Ihr Katana vertikal auszustellen.<\/li>\n<li>Die Gurte von 1 bis 3 Pl\u00e4tzen und schlie\u00dflich die R\u00fcckenst\u00fctze ebenfalls<\/li>\n<\/ul>\n<h2>Ihre Repliken von Katanas und Schwertern zum besten Preis.<\/h2>\n<p>Wir bieten Ihnen eine gro\u00dfe Auswahl an billigen Reproduktionen von Schwertern und Katanas, die Sie an Ihren G\u00fcrtel h\u00e4ngen k\u00f6nnen.<\/p>\n<p>Zun\u00e4chst einmal,<\/p>\n<ul>\n<li>Die <a href=\"https:\/\/repliquemangacine.fr\/de\/katanas-der-letzte-samurai\/katana-des-letzten-samurai-the-last-samourai\/\">Katana des Letzten Samurai<\/a> verwendet von Nathan Algren alias Tom<\/li>\n<li>Sowie das <a href=\"https:\/\/repliquemangacine.fr\/de\/waffen-the-walking-dead\/michonnes-katana\/\">Michonnes Katana<\/a> in Walking Dead, nicht schneidende Version<\/li>\n<li>Es gibt auch die drei Schwerter von Zoro aus One Piece mit diesem tollen Angebot!<\/li>\n<li>Und noch viel mehr gibt es in unserem Online-Shop zu entdecken!<\/li>\n<\/ul>\n<p>Deshalb gibt es hier tolle Geschenkideen f\u00fcr alle, die Katanas und Schwerter lieben.<\/p>\n<p>Abschlie\u00dfend k\u00f6nnen Sie Ihr <strong>G\u00fcrtel f\u00fcr 3 Katanas<\/strong> um auf Conventions und Ihren Cosplay-Paraden zu flanieren.<\/p>\n<p>R\u00e9plique Manga Cin\u00e9 ist ein franz\u00f6sisches Familienunternehmen und offizieller Vertriebspartner der Marke <a href=\"https:\/\/www.denix.fr\/\" target=\"_blank\" rel=\"noopener noreferrer\">Denix<\/a>.<\/p>","protected":false},"excerpt":{"rendered":"<p>Seien Sie frei in Ihren Bewegungen! Tragen Sie Ihre Katanas mit diesem G\u00fcrtel an Ihrer Taille<\/p>\n<ul>\n<li>Aus schwarzem Kunstleder<\/li>\n<li>Bietet Platz f\u00fcr 3 Katanas oder Schwerter<\/li>\n<li>Schnallen aus Metall<\/li>\n<\/ul>","protected":false},"featured_media":60229,"template":"","meta":[],"product_brand":[896],"product_cat":[50,65,66,30,63,24,26,109,23,42,36,67],"product_tag":[],"class_list":{"0":"post-60228","1":"product","2":"type-product","3":"status-publish","4":"has-post-thumbnail","6":"product_brand-replique-manga-cine","7":"product_cat-accessoires-katana","8":"product_cat-katana-et-epee-de-manga-anime-autre-manga","9":"product_cat-repliques-d-armes-films-et-series","10":"product_cat-katana-bleach","11":"product_cat-katana-demon-slayer","12":"product_cat-films-series-tv-vente-de-katana-epee-et-produits-derives","13":"product_cat-katana-epee","14":"product_cat-katana-naruto","15":"product_cat-repliques-manga-jeux-video","16":"product_cat-katana-goodies-naruto-kunai","17":"product_cat-katana-one-piece","18":"product_cat-katana-et-epee-de-jeux-video-autre-jeux-video","20":"first","21":"instock","22":"taxable","23":"shipping-taxable","24":"purchasable","25":"product-type-simple"},"yoast_head":"<!-- This site is optimized with the Yoast SEO plugin v27.5 - https:\/\/yoast.com\/product\/yoast-seo-wordpress\/ -->\n<title>Ceinture pour 3 Katanas - Boutique en ligne - R\u00e9plique Manga Cin\u00e9<\/title>\n<meta name=\"description\" content=\"En exclusivit\u00e9 ! Ceinture pour 3 katanas en similicuir au meilleur prix. Soyez libre de vos mouvements ! portez \u00e0 votre taille vos katanas pr\u00e9f\u00e9r\u00e9s !\" \/>\n<meta name=\"robots\" content=\"index, follow, max-snippet:-1, max-image-preview:large, max-video-preview:-1\" \/>\n<link rel=\"canonical\" href=\"https:\/\/repliquemangacine.fr\/de\/naruto-katana\/gurtel-fur-3-katanas\/\" \/>\n<meta property=\"og:locale\" content=\"de_DE\" \/>\n<meta property=\"og:type\" content=\"article\" \/>\n<meta property=\"og:title\" content=\"Ceinture pour 3 Katanas - Boutique en ligne - R\u00e9plique Manga Cin\u00e9\" \/>\n<meta property=\"og:description\" content=\"En exclusivit\u00e9 ! Ceinture pour 3 katanas en similicuir au meilleur prix. Soyez libre de vos mouvements ! portez \u00e0 votre taille vos katanas pr\u00e9f\u00e9r\u00e9s !\" \/>\n<meta property=\"og:url\" content=\"https:\/\/repliquemangacine.fr\/de\/naruto-katana\/gurtel-fur-3-katanas\/\" \/>\n<meta property=\"og:site_name\" content=\"R\u00e9plique Manga Cin\u00e9\" \/>\n<meta property=\"article:publisher\" content=\"https:\/\/www.facebook.com\/RepliqueMangaCine\" \/>\n<meta property=\"article:modified_time\" content=\"2026-04-20T16:40:32+00:00\" \/>\n<meta property=\"og:image\" content=\"https:\/\/repliquemangacine.fr\/wp-content\/uploads\/2023\/10\/ceinturon-katanas.jpg\" \/>\n\t<meta property=\"og:image:width\" content=\"500\" \/>\n\t<meta property=\"og:image:height\" content=\"500\" \/>\n\t<meta property=\"og:image:type\" content=\"image\/jpeg\" \/>\n<meta name=\"twitter:card\" content=\"summary_large_image\" \/>\n<meta name=\"twitter:label1\" content=\"Gesch\u00e4tzte Lesezeit\" \/>\n\t<meta name=\"twitter:data1\" content=\"2\u00a0Minuten\" \/>\n<script type=\"application\/ld+json\" class=\"yoast-schema-graph\">{\"@context\":\"https:\\\/\\\/schema.org\",\"@graph\":[{\"@type\":\"WebPage\",\"@id\":\"https:\\\/\\\/repliquemangacine.fr\\\/katana-naruto\\\/ceinture-pour-3-katanas\\\/\",\"url\":\"https:\\\/\\\/repliquemangacine.fr\\\/katana-naruto\\\/ceinture-pour-3-katanas\\\/\",\"name\":\"Ceinture pour 3 Katanas - Boutique en ligne - R\u00e9plique Manga Cin\u00e9\",\"isPartOf\":{\"@id\":\"https:\\\/\\\/repliquemangacine.fr\\\/#website\"},\"primaryImageOfPage\":{\"@id\":\"https:\\\/\\\/repliquemangacine.fr\\\/katana-naruto\\\/ceinture-pour-3-katanas\\\/#primaryimage\"},\"image\":{\"@id\":\"https:\\\/\\\/repliquemangacine.fr\\\/katana-naruto\\\/ceinture-pour-3-katanas\\\/#primaryimage\"},\"thumbnailUrl\":\"https:\\\/\\\/repliquemangacine.fr\\\/wp-content\\\/uploads\\\/2023\\\/10\\\/ceinturon-katanas.jpg\",\"datePublished\":\"2023-05-15T13:17:22+00:00\",\"dateModified\":\"2026-04-20T16:40:32+00:00\",\"description\":\"En exclusivit\u00e9 ! Ceinture pour 3 katanas en similicuir au meilleur prix. Soyez libre de vos mouvements ! portez \u00e0 votre taille vos katanas pr\u00e9f\u00e9r\u00e9s !\",\"breadcrumb\":{\"@id\":\"https:\\\/\\\/repliquemangacine.fr\\\/katana-naruto\\\/ceinture-pour-3-katanas\\\/#breadcrumb\"},\"inLanguage\":\"de\",\"potentialAction\":[{\"@type\":\"ReadAction\",\"target\":[\"https:\\\/\\\/repliquemangacine.fr\\\/katana-naruto\\\/ceinture-pour-3-katanas\\\/\"]}]},{\"@type\":\"ImageObject\",\"inLanguage\":\"de\",\"@id\":\"https:\\\/\\\/repliquemangacine.fr\\\/katana-naruto\\\/ceinture-pour-3-katanas\\\/#primaryimage\",\"url\":\"https:\\\/\\\/repliquemangacine.fr\\\/wp-content\\\/uploads\\\/2023\\\/10\\\/ceinturon-katanas.jpg\",\"contentUrl\":\"https:\\\/\\\/repliquemangacine.fr\\\/wp-content\\\/uploads\\\/2023\\\/10\\\/ceinturon-katanas.jpg\",\"width\":500,\"height\":500,\"caption\":\"ceinture pour 3 katanas\"},{\"@type\":\"BreadcrumbList\",\"@id\":\"https:\\\/\\\/repliquemangacine.fr\\\/katana-naruto\\\/ceinture-pour-3-katanas\\\/#breadcrumb\",\"itemListElement\":[{\"@type\":\"ListItem\",\"position\":1,\"name\":\"Accueil\",\"item\":\"https:\\\/\\\/repliquemangacine.fr\\\/\"},{\"@type\":\"ListItem\",\"position\":2,\"name\":\"Produits\",\"item\":\"https:\\\/\\\/repliquemangacine.fr\\\/boutique\\\/\"},{\"@type\":\"ListItem\",\"position\":3,\"name\":\"Ceinture pour 3 Katanas\"}]},{\"@type\":\"WebSite\",\"@id\":\"https:\\\/\\\/repliquemangacine.fr\\\/#website\",\"url\":\"https:\\\/\\\/repliquemangacine.fr\\\/\",\"name\":\"R\u00e9plique Manga Cin\u00e9\",\"description\":\"\",\"publisher\":{\"@id\":\"https:\\\/\\\/repliquemangacine.fr\\\/#organization\"},\"potentialAction\":[{\"@type\":\"SearchAction\",\"target\":{\"@type\":\"EntryPoint\",\"urlTemplate\":\"https:\\\/\\\/repliquemangacine.fr\\\/?s={search_term_string}\"},\"query-input\":{\"@type\":\"PropertyValueSpecification\",\"valueRequired\":true,\"valueName\":\"search_term_string\"}}],\"inLanguage\":\"de\"},{\"@type\":\"Organization\",\"@id\":\"https:\\\/\\\/repliquemangacine.fr\\\/#organization\",\"name\":\"R\u00e9plique Manga Cin\u00e9\",\"url\":\"https:\\\/\\\/repliquemangacine.fr\\\/\",\"logo\":{\"@type\":\"ImageObject\",\"inLanguage\":\"de\",\"@id\":\"https:\\\/\\\/repliquemangacine.fr\\\/#\\\/schema\\\/logo\\\/image\\\/\",\"url\":\"https:\\\/\\\/repliquemangacine.fr\\\/wp-content\\\/uploads\\\/2023\\\/10\\\/RMC-500250.png\",\"contentUrl\":\"https:\\\/\\\/repliquemangacine.fr\\\/wp-content\\\/uploads\\\/2023\\\/10\\\/RMC-500250.png\",\"width\":500,\"height\":250,\"caption\":\"R\u00e9plique Manga Cin\u00e9\"},\"image\":{\"@id\":\"https:\\\/\\\/repliquemangacine.fr\\\/#\\\/schema\\\/logo\\\/image\\\/\"},\"sameAs\":[\"https:\\\/\\\/www.facebook.com\\\/RepliqueMangaCine\",\"https:\\\/\\\/www.instagram.com\\\/repliquemangacine.fr\\\/\"]}]}<\/script>\n<!-- \/ Yoast SEO plugin. -->","yoast_head_json":{"title":"G\u00fcrtel f\u00fcr 3 Katanas - Online-Shop - R\u00e9plique Manga Cin\u00e9","description":"Nur bei uns erh\u00e4ltlich! G\u00fcrtel f\u00fcr 3 Katanas aus Kunstleder zum besten Preis. Seien Sie frei in Ihren Bewegungen! Tragen Sie Ihre Lieblingskatanas an Ihrer Taille!","robots":{"index":"index","follow":"follow","max-snippet":"max-snippet:-1","max-image-preview":"max-image-preview:large","max-video-preview":"max-video-preview:-1"},"canonical":"https:\/\/repliquemangacine.fr\/de\/naruto-katana\/gurtel-fur-3-katanas\/","og_locale":"de_DE","og_type":"article","og_title":"Ceinture pour 3 Katanas - Boutique en ligne - R\u00e9plique Manga Cin\u00e9","og_description":"En exclusivit\u00e9 ! Ceinture pour 3 katanas en similicuir au meilleur prix. Soyez libre de vos mouvements ! portez \u00e0 votre taille vos katanas pr\u00e9f\u00e9r\u00e9s !","og_url":"https:\/\/repliquemangacine.fr\/de\/naruto-katana\/gurtel-fur-3-katanas\/","og_site_name":"R\u00e9plique Manga Cin\u00e9","article_publisher":"https:\/\/www.facebook.com\/RepliqueMangaCine","article_modified_time":"2026-04-20T16:40:32+00:00","og_image":[{"width":500,"height":500,"url":"https:\/\/repliquemangacine.fr\/wp-content\/uploads\/2023\/10\/ceinturon-katanas.jpg","type":"image\/jpeg"}],"twitter_card":"summary_large_image","twitter_misc":{"Gesch\u00e4tzte Lesezeit":"2\u00a0Minuten"},"schema":{"@context":"https:\/\/schema.org","@graph":[{"@type":"WebPage","@id":"https:\/\/repliquemangacine.fr\/katana-naruto\/ceinture-pour-3-katanas\/","url":"https:\/\/repliquemangacine.fr\/katana-naruto\/ceinture-pour-3-katanas\/","name":"G\u00fcrtel f\u00fcr 3 Katanas - Online-Shop - R\u00e9plique Manga Cin\u00e9","isPartOf":{"@id":"https:\/\/repliquemangacine.fr\/#website"},"primaryImageOfPage":{"@id":"https:\/\/repliquemangacine.fr\/katana-naruto\/ceinture-pour-3-katanas\/#primaryimage"},"image":{"@id":"https:\/\/repliquemangacine.fr\/katana-naruto\/ceinture-pour-3-katanas\/#primaryimage"},"thumbnailUrl":"https:\/\/repliquemangacine.fr\/wp-content\/uploads\/2023\/10\/ceinturon-katanas.jpg","datePublished":"2023-05-15T13:17:22+00:00","dateModified":"2026-04-20T16:40:32+00:00","description":"Nur bei uns erh\u00e4ltlich! G\u00fcrtel f\u00fcr 3 Katanas aus Kunstleder zum besten Preis. Seien Sie frei in Ihren Bewegungen! Tragen Sie Ihre Lieblingskatanas an Ihrer Taille!","breadcrumb":{"@id":"https:\/\/repliquemangacine.fr\/katana-naruto\/ceinture-pour-3-katanas\/#breadcrumb"},"inLanguage":"de","potentialAction":[{"@type":"ReadAction","target":["https:\/\/repliquemangacine.fr\/katana-naruto\/ceinture-pour-3-katanas\/"]}]},{"@type":"ImageObject","inLanguage":"de","@id":"https:\/\/repliquemangacine.fr\/katana-naruto\/ceinture-pour-3-katanas\/#primaryimage","url":"https:\/\/repliquemangacine.fr\/wp-content\/uploads\/2023\/10\/ceinturon-katanas.jpg","contentUrl":"https:\/\/repliquemangacine.fr\/wp-content\/uploads\/2023\/10\/ceinturon-katanas.jpg","width":500,"height":500,"caption":"ceinture pour 3 katanas"},{"@type":"BreadcrumbList","@id":"https:\/\/repliquemangacine.fr\/katana-naruto\/ceinture-pour-3-katanas\/#breadcrumb","itemListElement":[{"@type":"ListItem","position":1,"name":"Accueil","item":"https:\/\/repliquemangacine.fr\/"},{"@type":"ListItem","position":2,"name":"Produits","item":"https:\/\/repliquemangacine.fr\/boutique\/"},{"@type":"ListItem","position":3,"name":"Ceinture pour 3 Katanas"}]},{"@type":"WebSite","@id":"https:\/\/repliquemangacine.fr\/#website","url":"https:\/\/repliquemangacine.fr\/","name":"R\u00e9plique Manga Cin\u00e9","description":"","publisher":{"@id":"https:\/\/repliquemangacine.fr\/#organization"},"potentialAction":[{"@type":"SearchAction","target":{"@type":"EntryPoint","urlTemplate":"https:\/\/repliquemangacine.fr\/?s={search_term_string}"},"query-input":{"@type":"PropertyValueSpecification","valueRequired":true,"valueName":"search_term_string"}}],"inLanguage":"de"},{"@type":"Organization","@id":"https:\/\/repliquemangacine.fr\/#organization","name":"R\u00e9plique Manga Cin\u00e9","url":"https:\/\/repliquemangacine.fr\/","logo":{"@type":"ImageObject","inLanguage":"de","@id":"https:\/\/repliquemangacine.fr\/#\/schema\/logo\/image\/","url":"https:\/\/repliquemangacine.fr\/wp-content\/uploads\/2023\/10\/RMC-500250.png","contentUrl":"https:\/\/repliquemangacine.fr\/wp-content\/uploads\/2023\/10\/RMC-500250.png","width":500,"height":250,"caption":"R\u00e9plique Manga Cin\u00e9"},"image":{"@id":"https:\/\/repliquemangacine.fr\/#\/schema\/logo\/image\/"},"sameAs":["https:\/\/www.facebook.com\/RepliqueMangaCine","https:\/\/www.instagram.com\/repliquemangacine.fr\/"]}]}},"_links":{"self":[{"href":"https:\/\/repliquemangacine.fr\/de\/wp-json\/wp\/v2\/product\/60228","targetHints":{"allow":["GET"]}}],"collection":[{"href":"https:\/\/repliquemangacine.fr\/de\/wp-json\/wp\/v2\/product"}],"about":[{"href":"https:\/\/repliquemangacine.fr\/de\/wp-json\/wp\/v2\/types\/product"}],"wp:featuredmedia":[{"embeddable":true,"href":"https:\/\/repliquemangacine.fr\/de\/wp-json\/wp\/v2\/media\/60229"}],"wp:attachment":[{"href":"https:\/\/repliquemangacine.fr\/de\/wp-json\/wp\/v2\/media?parent=60228"}],"wp:term":[{"taxonomy":"product_brand","embeddable":true,"href":"https:\/\/repliquemangacine.fr\/de\/wp-json\/wp\/v2\/product_brand?post=60228"},{"taxonomy":"product_cat","embeddable":true,"href":"https:\/\/repliquemangacine.fr\/de\/wp-json\/wp\/v2\/product_cat?post=60228"},{"taxonomy":"product_tag","embeddable":true,"href":"https:\/\/repliquemangacine.fr\/de\/wp-json\/wp\/v2\/product_tag?post=60228"}],"curies":[{"name":"wp","href":"https:\/\/api.w.org\/{rel}","templated":true}]}}