





{"id":60141,"date":"2023-05-10T18:10:46","date_gmt":"2023-05-10T16:10:46","guid":{"rendered":"https:\/\/repliquemangacine.fr\/?post_type=product&#038;p=60141"},"modified":"2025-11-21T12:40:23","modified_gmt":"2025-11-21T11:40:23","slug":"geschmiedetes-nebelbrechendes-schwert","status":"publish","type":"product","link":"https:\/\/repliquemangacine.fr\/de\/genshin-impact\/epee-brise-brume-reforgee\/","title":{"rendered":"Geschmiedetes Hieb- und Stichschwert"},"content":{"rendered":"<h2>Geschmiedetes Hiebschwert Genshin Impact<\/h2>\n<p>Zu Beginn wird die<strong>Geschmiedetes Hieb- und Stichschwert<\/strong> (Mistsplitter reforged) in Genshin Impact ist ein Einhandschwert der Inazuman.<\/p>\n<p><a href=\"https:\/\/genshin-impact.fandom.com\/fr\/wiki\/Reflet_de_tranche-brume\" target=\"_blank\" rel=\"noopener noreferrer\">Mistsplitter neu geschmiedet<\/a>ist eines der Schwerter, die der Shogun einem Hatamoto verliehen hat. Es hei\u00dft, dass es die Kraft des Blitzes selbst heranziehen kann, um den Bergnebel und den Nachtnebel zu durchtrennen. Nachdem sie neu geschmiedet wurde, erschienen wolken\u00e4hnliche Zeichen auf ihrer Klinge.<\/p>\n<p>Diese Waffe ist mit der Geschichte von Takamine und Asase Hibiki verbunden , die auch in Shimenawas Reminiscence und dem St\u00fcck Storm Cage aus Emblem of Severed Fate weiterentwickelt wird.<\/p>\n<p>Kamisato Ayaka ist auf einem ihrer offiziellen Aufkleber mit diesem Schwert zu sehen.<\/p>\n<h2>Ihr neu geschmiedetes Hiebschwert zum besten Preis.<\/h2>\n<p>Wir bieten Ihnen eine gro\u00dfe Auswahl an Schwertern aus Videospielen, darunter Genshin Impact.<\/p>\n<p>Zun\u00e4chst zu den Waffen in Genshin Impact,<\/p>\n<ul>\n<li>Der riesige <a href=\"https:\/\/repliquemangacine.fr\/de\/katana-und-schwert-von-videospielen-andere-videospiele\/epee-de-diluc-genshin-impact-wolfs-graveston\/\">Dilucs Schwert<\/a> ganz aus Kunstharz und Glasfaser.<\/li>\n<li>Es gibt auch das Katana von Amenoma und seine Kageuchi-Klinge<\/li>\n<li>Sowie das wundersch\u00f6ne Schwert skyward blade und seine Scheide<\/li>\n<li>Und vieles mehr gibt es in unserem Online-Shop zu entdecken.<\/li>\n<\/ul>\n<p>Deshalb gibt es hier tolle Geschenkideen f\u00fcr alle Fans von Videospielen.<\/p>\n<p>Abschlie\u00dfend k\u00f6nnen Sie <strong>Geschmiedetes Hieb- und Stichschwert<\/strong> f\u00fcr Ihre Cosplay-Paraden oder Themenpartys. Vor allem aber ist sie ein Sammler- und Dekorationsst\u00fcck.<\/p>\n<h2>Wie pflegt man die Klinge seines Genshin-Impact-Schwerts?<\/h2>\n<p>Sammlungs- und Dekorationsschwerter, die in vereinfachter Form hergestellt und zusammengebaut werden. Da sie zu Dekorationszwecken verwendet werden, fehlen ihnen die Sicherheitselemente, die ein japanisches Schwert f\u00fcr Trainingszwecke aufweisen muss.<\/p>\n<p>Allerdings ist Ihr <strong>Geschmiedetes Hieb- und Stichschwert<\/strong> zu einer Stahlklinge, die gepflegt werden muss, damit sie nicht mit der Zeit abgenutzt wird. Wenn du dein Schwert n\u00e4mlich ausstellst, werden deine Freunde neugierig sein, die Klinge zu sehen und sie zu ber\u00fchren. Hier ist Vorsicht geboten, denn Sie sollten wissen, dass die S\u00e4ure der Finger dem Stahl unabh\u00e4ngig von seiner Qualit\u00e4t sehr schadet.<\/p>\n<p>Wenn dies jedoch passiert, keine Panik, Sie brauchen nur ein Tuch, das mit etwas \u00d6l befeuchtet ist, und wischen die Fingerabdr\u00fccke ab. Wenn Sie dies tun, werden Sie Ihr Schwert sehr lange behalten.<\/p>","protected":false},"excerpt":{"rendered":"<p>Erhabenes Schwert Mistsplitter in Genshin Impact neu geschmiedet<\/p>\n<ul>\n<li>Verzierte Klinge aus 440er Stahl<\/li>\n<li>Spezifischer Schutz aus Stahl<\/li>\n<li>Scheide Kunstleder wei\u00df<\/li>\n<li>Gesamtl\u00e4nge: 96 cm<\/li>\n<\/ul>","protected":false},"featured_media":60142,"template":"","meta":[],"product_brand":[896],"product_cat":[119,23],"product_tag":[],"class_list":{"0":"post-60141","1":"product","2":"type-product","3":"status-publish","4":"has-post-thumbnail","6":"product_brand-replique-manga-cine","7":"product_cat-genshin-impact","8":"product_cat-repliques-manga-jeux-video","10":"first","11":"instock","12":"taxable","13":"shipping-taxable","14":"purchasable","15":"product-type-simple"},"yoast_head":"<!-- This site is optimized with the Yoast SEO plugin v27.5 - https:\/\/yoast.com\/product\/yoast-seo-wordpress\/ -->\n<title>\u00c9p\u00e9e tranche-brume reforg\u00e9e - Vente \u00e9p\u00e9es Genshin Impact - RMC<\/title>\n<meta name=\"description\" content=\"D\u00e9couvrez cette sublime \u00c9p\u00e9e tranche-brume reforg\u00e9e dans Genshin Impact au meilleur prix - Lame en acier 440 d\u00e9cor\u00e9e - Fourreau - Longueur totale : 96 cm\" \/>\n<meta name=\"robots\" content=\"index, follow, max-snippet:-1, max-image-preview:large, max-video-preview:-1\" \/>\n<link rel=\"canonical\" href=\"https:\/\/repliquemangacine.fr\/de\/genshin-impact\/geschmiedetes-nebelbrechendes-schwert\/\" \/>\n<meta property=\"og:locale\" content=\"de_DE\" \/>\n<meta property=\"og:type\" content=\"article\" \/>\n<meta property=\"og:title\" content=\"\u00c9p\u00e9e tranche-brume reforg\u00e9e - Vente \u00e9p\u00e9es Genshin Impact - RMC\" \/>\n<meta property=\"og:description\" content=\"D\u00e9couvrez cette sublime \u00c9p\u00e9e tranche-brume reforg\u00e9e dans Genshin Impact au meilleur prix - Lame en acier 440 d\u00e9cor\u00e9e - Fourreau - Longueur totale : 96 cm\" \/>\n<meta property=\"og:url\" content=\"https:\/\/repliquemangacine.fr\/de\/genshin-impact\/geschmiedetes-nebelbrechendes-schwert\/\" \/>\n<meta property=\"og:site_name\" content=\"R\u00e9plique Manga Cin\u00e9\" \/>\n<meta property=\"article:publisher\" content=\"https:\/\/www.facebook.com\/RepliqueMangaCine\" \/>\n<meta property=\"article:modified_time\" content=\"2025-11-21T11:40:23+00:00\" \/>\n<meta property=\"og:image\" content=\"https:\/\/repliquemangacine.fr\/wp-content\/uploads\/2023\/10\/9328.jpg\" \/>\n\t<meta property=\"og:image:width\" content=\"500\" \/>\n\t<meta property=\"og:image:height\" content=\"500\" \/>\n\t<meta property=\"og:image:type\" content=\"image\/jpeg\" \/>\n<meta name=\"twitter:card\" content=\"summary_large_image\" \/>\n<meta name=\"twitter:label1\" content=\"Gesch\u00e4tzte Lesezeit\" \/>\n\t<meta name=\"twitter:data1\" content=\"3\u00a0Minuten\" \/>\n<script type=\"application\/ld+json\" class=\"yoast-schema-graph\">{\"@context\":\"https:\\\/\\\/schema.org\",\"@graph\":[{\"@type\":\"WebPage\",\"@id\":\"https:\\\/\\\/repliquemangacine.fr\\\/genshin-impact\\\/epee-brise-brume-reforgee\\\/\",\"url\":\"https:\\\/\\\/repliquemangacine.fr\\\/genshin-impact\\\/epee-brise-brume-reforgee\\\/\",\"name\":\"\u00c9p\u00e9e tranche-brume reforg\u00e9e - Vente \u00e9p\u00e9es Genshin Impact - RMC\",\"isPartOf\":{\"@id\":\"https:\\\/\\\/repliquemangacine.fr\\\/#website\"},\"primaryImageOfPage\":{\"@id\":\"https:\\\/\\\/repliquemangacine.fr\\\/genshin-impact\\\/epee-brise-brume-reforgee\\\/#primaryimage\"},\"image\":{\"@id\":\"https:\\\/\\\/repliquemangacine.fr\\\/genshin-impact\\\/epee-brise-brume-reforgee\\\/#primaryimage\"},\"thumbnailUrl\":\"https:\\\/\\\/repliquemangacine.fr\\\/wp-content\\\/uploads\\\/2023\\\/10\\\/9328.jpg\",\"datePublished\":\"2023-05-10T16:10:46+00:00\",\"dateModified\":\"2025-11-21T11:40:23+00:00\",\"description\":\"D\u00e9couvrez cette sublime \u00c9p\u00e9e tranche-brume reforg\u00e9e dans Genshin Impact au meilleur prix - Lame en acier 440 d\u00e9cor\u00e9e - Fourreau - Longueur totale : 96 cm\",\"breadcrumb\":{\"@id\":\"https:\\\/\\\/repliquemangacine.fr\\\/genshin-impact\\\/epee-brise-brume-reforgee\\\/#breadcrumb\"},\"inLanguage\":\"de\",\"potentialAction\":[{\"@type\":\"ReadAction\",\"target\":[\"https:\\\/\\\/repliquemangacine.fr\\\/genshin-impact\\\/epee-brise-brume-reforgee\\\/\"]}]},{\"@type\":\"ImageObject\",\"inLanguage\":\"de\",\"@id\":\"https:\\\/\\\/repliquemangacine.fr\\\/genshin-impact\\\/epee-brise-brume-reforgee\\\/#primaryimage\",\"url\":\"https:\\\/\\\/repliquemangacine.fr\\\/wp-content\\\/uploads\\\/2023\\\/10\\\/9328.jpg\",\"contentUrl\":\"https:\\\/\\\/repliquemangacine.fr\\\/wp-content\\\/uploads\\\/2023\\\/10\\\/9328.jpg\",\"width\":500,\"height\":500,\"caption\":\"\u00c9p\u00e9e tranche-brume reforg\u00e9e - Genshin Impact\"},{\"@type\":\"BreadcrumbList\",\"@id\":\"https:\\\/\\\/repliquemangacine.fr\\\/genshin-impact\\\/epee-brise-brume-reforgee\\\/#breadcrumb\",\"itemListElement\":[{\"@type\":\"ListItem\",\"position\":1,\"name\":\"Accueil\",\"item\":\"https:\\\/\\\/repliquemangacine.fr\\\/\"},{\"@type\":\"ListItem\",\"position\":2,\"name\":\"Produits\",\"item\":\"https:\\\/\\\/repliquemangacine.fr\\\/boutique\\\/\"},{\"@type\":\"ListItem\",\"position\":3,\"name\":\"\u00c9p\u00e9e tranche-brume reforg\u00e9e\"}]},{\"@type\":\"WebSite\",\"@id\":\"https:\\\/\\\/repliquemangacine.fr\\\/#website\",\"url\":\"https:\\\/\\\/repliquemangacine.fr\\\/\",\"name\":\"R\u00e9plique Manga Cin\u00e9\",\"description\":\"\",\"publisher\":{\"@id\":\"https:\\\/\\\/repliquemangacine.fr\\\/#organization\"},\"potentialAction\":[{\"@type\":\"SearchAction\",\"target\":{\"@type\":\"EntryPoint\",\"urlTemplate\":\"https:\\\/\\\/repliquemangacine.fr\\\/?s={search_term_string}\"},\"query-input\":{\"@type\":\"PropertyValueSpecification\",\"valueRequired\":true,\"valueName\":\"search_term_string\"}}],\"inLanguage\":\"de\"},{\"@type\":\"Organization\",\"@id\":\"https:\\\/\\\/repliquemangacine.fr\\\/#organization\",\"name\":\"R\u00e9plique Manga Cin\u00e9\",\"url\":\"https:\\\/\\\/repliquemangacine.fr\\\/\",\"logo\":{\"@type\":\"ImageObject\",\"inLanguage\":\"de\",\"@id\":\"https:\\\/\\\/repliquemangacine.fr\\\/#\\\/schema\\\/logo\\\/image\\\/\",\"url\":\"https:\\\/\\\/repliquemangacine.fr\\\/wp-content\\\/uploads\\\/2023\\\/10\\\/RMC-500250.png\",\"contentUrl\":\"https:\\\/\\\/repliquemangacine.fr\\\/wp-content\\\/uploads\\\/2023\\\/10\\\/RMC-500250.png\",\"width\":500,\"height\":250,\"caption\":\"R\u00e9plique Manga Cin\u00e9\"},\"image\":{\"@id\":\"https:\\\/\\\/repliquemangacine.fr\\\/#\\\/schema\\\/logo\\\/image\\\/\"},\"sameAs\":[\"https:\\\/\\\/www.facebook.com\\\/RepliqueMangaCine\",\"https:\\\/\\\/www.instagram.com\\\/repliquemangacine.fr\\\/\"]}]}<\/script>\n<!-- \/ Yoast SEO plugin. -->","yoast_head_json":{"title":"Geschmiedetes Krummschwert - Genshin Impact Schwerter Verkauf - RMC","description":"Entdecken Sie dieses erhabene Hieb- und Stichschwert, das in Genshin Impact neu geschmiedet wurde, zum besten Preis - Klinge aus 440er Stahl mit Verzierungen - Scheide - Gesamtl\u00e4nge: 96 cm","robots":{"index":"index","follow":"follow","max-snippet":"max-snippet:-1","max-image-preview":"max-image-preview:large","max-video-preview":"max-video-preview:-1"},"canonical":"https:\/\/repliquemangacine.fr\/de\/genshin-impact\/geschmiedetes-nebelbrechendes-schwert\/","og_locale":"de_DE","og_type":"article","og_title":"\u00c9p\u00e9e tranche-brume reforg\u00e9e - Vente \u00e9p\u00e9es Genshin Impact - RMC","og_description":"D\u00e9couvrez cette sublime \u00c9p\u00e9e tranche-brume reforg\u00e9e dans Genshin Impact au meilleur prix - Lame en acier 440 d\u00e9cor\u00e9e - Fourreau - Longueur totale : 96 cm","og_url":"https:\/\/repliquemangacine.fr\/de\/genshin-impact\/geschmiedetes-nebelbrechendes-schwert\/","og_site_name":"R\u00e9plique Manga Cin\u00e9","article_publisher":"https:\/\/www.facebook.com\/RepliqueMangaCine","article_modified_time":"2025-11-21T11:40:23+00:00","og_image":[{"width":500,"height":500,"url":"https:\/\/repliquemangacine.fr\/wp-content\/uploads\/2023\/10\/9328.jpg","type":"image\/jpeg"}],"twitter_card":"summary_large_image","twitter_misc":{"Gesch\u00e4tzte Lesezeit":"3\u00a0Minuten"},"schema":{"@context":"https:\/\/schema.org","@graph":[{"@type":"WebPage","@id":"https:\/\/repliquemangacine.fr\/genshin-impact\/epee-brise-brume-reforgee\/","url":"https:\/\/repliquemangacine.fr\/genshin-impact\/epee-brise-brume-reforgee\/","name":"Geschmiedetes Krummschwert - Genshin Impact Schwerter Verkauf - RMC","isPartOf":{"@id":"https:\/\/repliquemangacine.fr\/#website"},"primaryImageOfPage":{"@id":"https:\/\/repliquemangacine.fr\/genshin-impact\/epee-brise-brume-reforgee\/#primaryimage"},"image":{"@id":"https:\/\/repliquemangacine.fr\/genshin-impact\/epee-brise-brume-reforgee\/#primaryimage"},"thumbnailUrl":"https:\/\/repliquemangacine.fr\/wp-content\/uploads\/2023\/10\/9328.jpg","datePublished":"2023-05-10T16:10:46+00:00","dateModified":"2025-11-21T11:40:23+00:00","description":"Entdecken Sie dieses erhabene Hieb- und Stichschwert, das in Genshin Impact neu geschmiedet wurde, zum besten Preis - Klinge aus 440er Stahl mit Verzierungen - Scheide - Gesamtl\u00e4nge: 96 cm","breadcrumb":{"@id":"https:\/\/repliquemangacine.fr\/genshin-impact\/epee-brise-brume-reforgee\/#breadcrumb"},"inLanguage":"de","potentialAction":[{"@type":"ReadAction","target":["https:\/\/repliquemangacine.fr\/genshin-impact\/epee-brise-brume-reforgee\/"]}]},{"@type":"ImageObject","inLanguage":"de","@id":"https:\/\/repliquemangacine.fr\/genshin-impact\/epee-brise-brume-reforgee\/#primaryimage","url":"https:\/\/repliquemangacine.fr\/wp-content\/uploads\/2023\/10\/9328.jpg","contentUrl":"https:\/\/repliquemangacine.fr\/wp-content\/uploads\/2023\/10\/9328.jpg","width":500,"height":500,"caption":"\u00c9p\u00e9e tranche-brume reforg\u00e9e - Genshin Impact"},{"@type":"BreadcrumbList","@id":"https:\/\/repliquemangacine.fr\/genshin-impact\/epee-brise-brume-reforgee\/#breadcrumb","itemListElement":[{"@type":"ListItem","position":1,"name":"Accueil","item":"https:\/\/repliquemangacine.fr\/"},{"@type":"ListItem","position":2,"name":"Produits","item":"https:\/\/repliquemangacine.fr\/boutique\/"},{"@type":"ListItem","position":3,"name":"\u00c9p\u00e9e tranche-brume reforg\u00e9e"}]},{"@type":"WebSite","@id":"https:\/\/repliquemangacine.fr\/#website","url":"https:\/\/repliquemangacine.fr\/","name":"R\u00e9plique Manga Cin\u00e9","description":"","publisher":{"@id":"https:\/\/repliquemangacine.fr\/#organization"},"potentialAction":[{"@type":"SearchAction","target":{"@type":"EntryPoint","urlTemplate":"https:\/\/repliquemangacine.fr\/?s={search_term_string}"},"query-input":{"@type":"PropertyValueSpecification","valueRequired":true,"valueName":"search_term_string"}}],"inLanguage":"de"},{"@type":"Organization","@id":"https:\/\/repliquemangacine.fr\/#organization","name":"R\u00e9plique Manga Cin\u00e9","url":"https:\/\/repliquemangacine.fr\/","logo":{"@type":"ImageObject","inLanguage":"de","@id":"https:\/\/repliquemangacine.fr\/#\/schema\/logo\/image\/","url":"https:\/\/repliquemangacine.fr\/wp-content\/uploads\/2023\/10\/RMC-500250.png","contentUrl":"https:\/\/repliquemangacine.fr\/wp-content\/uploads\/2023\/10\/RMC-500250.png","width":500,"height":250,"caption":"R\u00e9plique Manga Cin\u00e9"},"image":{"@id":"https:\/\/repliquemangacine.fr\/#\/schema\/logo\/image\/"},"sameAs":["https:\/\/www.facebook.com\/RepliqueMangaCine","https:\/\/www.instagram.com\/repliquemangacine.fr\/"]}]}},"_links":{"self":[{"href":"https:\/\/repliquemangacine.fr\/de\/wp-json\/wp\/v2\/product\/60141","targetHints":{"allow":["GET"]}}],"collection":[{"href":"https:\/\/repliquemangacine.fr\/de\/wp-json\/wp\/v2\/product"}],"about":[{"href":"https:\/\/repliquemangacine.fr\/de\/wp-json\/wp\/v2\/types\/product"}],"wp:featuredmedia":[{"embeddable":true,"href":"https:\/\/repliquemangacine.fr\/de\/wp-json\/wp\/v2\/media\/60142"}],"wp:attachment":[{"href":"https:\/\/repliquemangacine.fr\/de\/wp-json\/wp\/v2\/media?parent=60141"}],"wp:term":[{"taxonomy":"product_brand","embeddable":true,"href":"https:\/\/repliquemangacine.fr\/de\/wp-json\/wp\/v2\/product_brand?post=60141"},{"taxonomy":"product_cat","embeddable":true,"href":"https:\/\/repliquemangacine.fr\/de\/wp-json\/wp\/v2\/product_cat?post=60141"},{"taxonomy":"product_tag","embeddable":true,"href":"https:\/\/repliquemangacine.fr\/de\/wp-json\/wp\/v2\/product_tag?post=60141"}],"curies":[{"name":"wp","href":"https:\/\/api.w.org\/{rel}","templated":true}]}}