





{"id":60114,"date":"2023-05-09T14:21:14","date_gmt":"2023-05-09T12:21:14","guid":{"rendered":"https:\/\/repliquemangacine.fr\/?post_type=product&#038;p=60114"},"modified":"2025-11-21T12:40:57","modified_gmt":"2025-11-21T11:40:57","slug":"katana-kageuchi-damenoma","status":"publish","type":"product","link":"https:\/\/repliquemangacine.fr\/de\/genshin-impact\/katana-kageuchi-damenoma\/","title":{"rendered":"Katana Kageuchi von Amenoma"},"content":{"rendered":"<h2>Katana Kageuchi von Amenoma Genshin Impact<\/h2>\n<p>Zu Beginn wird der <strong>Katana Kageuchi von Amenoma<\/strong> in <a href=\"https:\/\/genshin-impact.fandom.com\/fr\/wiki\/Lame_Kageuchi_d'Amenoma\" target=\"_blank\" rel=\"noopener noreferrer\">Genshin Impact<\/a>Dieses Einhandschwert hat eine verzierte Stahlklinge. Der vergoldete Griff ist speziell geformt.<\/p>\n<p>Diese Klinge ist eine der Kageuchi-Versionen des ber\u00fchmten Schwertes \"Hakuen Michimitsu von Amenoma\". Es wurde dem Saimon-Klan von Douin, dem Gr\u00fcndungspatriarchen des Iwakura-Klans, geschenkt.<\/p>\n<p>Es gibt viele Legenden und Ger\u00fcchte \u00fcber die Taten, die mit dieser Klinge vollbracht wurden. Es hei\u00dft, dass seine Sch\u00e4rfe so gro\u00df war, dass er sogar die F\u00e4den des Schicksals durchtrennen konnte.<br \/>\nWas den besonderen Namen der Klinge angeht, so soll Iwakura Douin selbst Amenoma gesagt haben, dass sie so hei\u00dfen solle.<\/p>\n<h2>Ihr Kageuchi Katana von Amenoma zum besten Preis.<\/h2>\n<p>Wir bieten Ihnen eine gro\u00dfe Auswahl an Nachbildungen von Schwertern aus Ihren Lieblingsvideospielen.<\/p>\n<p>Zun\u00e4chst einmal,<\/p>\n<ul>\n<li>L'<a href=\"https:\/\/repliquemangacine.fr\/de\/katana-und-schwert-von-videospielen-andere-videospiele\/epee-de-diluc-genshin-impact-wolfs-graveston\/\">Dilucs Schwert<\/a> in Genshin Impact ganz aus Harz und Glasfaser.<\/li>\n<li>Es gibt auch die<a href=\"https:\/\/repliquemangacine.fr\/de\/katana-und-schwert-von-videospielen-andere-videospiele\/schwert-rebellion-schwert-von-dante-devil-may-cry\/\">Schwert Rebellion<\/a> in Devil My Cry mit seinem Totenkopfschutz<\/li>\n<li>Sowie die<a href=\"https:\/\/repliquemangacine.fr\/de\/katana-und-schwert-von-videospielen-andere-videospiele\/schleifendes-schwert-cloud-ff7\/\">Schleiferschwert<\/a> von Cloud in Final Fantasy 7 Remake<\/li>\n<li>Und noch viel mehr gibt es in unserem Online-Shop zu entdecken!<\/li>\n<\/ul>\n<p>Deshalb gibt es hier tolle Geschenkideen f\u00fcr alle Fans von Videospielen.<\/p>\n<p>Abschlie\u00dfend k\u00f6nnen Sie den <strong>Katana Kageuchi von Amenoma<\/strong> bei Ihren Cosplay-Paraden oder Themenpartys. Vor allem aber ist sie ein Sammler- und Dekorationsst\u00fcck.<\/p>\n<h2>Wie pflegt man die Klinge seines Genshin-Impact-Schwerts?<\/h2>\n<p>Sammlungs- und Dekorationsschwerter werden in vereinfachter Form hergestellt und zusammengebaut. Da sie zu Dekorationszwecken verwendet werden, fehlen ihnen die Sicherheitselemente, die ein japanisches Schwert f\u00fcr Trainingszwecke aufweisen muss.<\/p>\n<p>Allerdings ist Ihr <strong>Katana Kageuchi von Amenoma<\/strong> zu einer Stahlklinge, die gepflegt werden muss, damit sie nicht mit der Zeit abgenutzt wird. Wenn du dein Schwert n\u00e4mlich ausstellst, werden deine Freunde neugierig sein, die Klinge zu sehen und sie zu ber\u00fchren. Hier ist Vorsicht geboten, denn Sie sollten wissen, dass die S\u00e4ure der Finger dem Stahl unabh\u00e4ngig von seiner Qualit\u00e4t sehr schadet.<\/p>\n<p>Wenn dies jedoch passiert, keine Panik, Sie brauchen nur ein Tuch, das mit etwas \u00d6l befeuchtet ist, und wischen die Fingerabdr\u00fccke ab. Wenn Sie dies tun, werden Sie Ihr Schwert sehr lange behalten.<\/p>","protected":false},"excerpt":{"rendered":"<p>Replik Kageuchi Klinge von Amenoma in Genshin Impact<\/p>\n<ul>\n<li>Klinge aus verziertem 440er Stahl<\/li>\n<li>Guard Goldener Stahl<\/li>\n<li>Griff mit Baumwollgeflecht \u00fcberzogen<\/li>\n<li>Weiche Scheide aus Kunstleder und Riemen<\/li>\n<li>Gesamtl\u00e4nge: 92 cm<\/li>\n<\/ul>","protected":false},"featured_media":60115,"template":"","meta":[],"product_brand":[896],"product_cat":[119,23],"product_tag":[],"class_list":{"0":"post-60114","1":"product","2":"type-product","3":"status-publish","4":"has-post-thumbnail","6":"product_brand-replique-manga-cine","7":"product_cat-genshin-impact","8":"product_cat-repliques-manga-jeux-video","10":"first","11":"instock","12":"taxable","13":"shipping-taxable","14":"purchasable","15":"product-type-simple"},"yoast_head":"<!-- This site is optimized with the Yoast SEO plugin v27.5 - https:\/\/yoast.com\/product\/yoast-seo-wordpress\/ -->\n<title>Katana Kageuchi d&#039;Amenoma - Vente \u00e9p\u00e9es Genshin Impact - RMC<\/title>\n<meta name=\"description\" content=\"D\u00e9couvrez ce sublime Katana Kageuchi d&#039;Amenoma au meilleur prix - Lame en acier d\u00e9cor\u00e9 - Fourreau similicuir - Garde acier dor\u00e9 d\u00e9cor\u00e9e - Longueur : 92 cm\" \/>\n<meta name=\"robots\" content=\"index, follow, max-snippet:-1, max-image-preview:large, max-video-preview:-1\" \/>\n<link rel=\"canonical\" href=\"https:\/\/repliquemangacine.fr\/de\/genshin-impact\/katana-kageuchi-damenoma\/\" \/>\n<meta property=\"og:locale\" content=\"de_DE\" \/>\n<meta property=\"og:type\" content=\"article\" \/>\n<meta property=\"og:title\" content=\"Katana Kageuchi d&#039;Amenoma - Vente \u00e9p\u00e9es Genshin Impact - RMC\" \/>\n<meta property=\"og:description\" content=\"D\u00e9couvrez ce sublime Katana Kageuchi d&#039;Amenoma au meilleur prix - Lame en acier d\u00e9cor\u00e9 - Fourreau similicuir - Garde acier dor\u00e9 d\u00e9cor\u00e9e - Longueur : 92 cm\" \/>\n<meta property=\"og:url\" content=\"https:\/\/repliquemangacine.fr\/de\/genshin-impact\/katana-kageuchi-damenoma\/\" \/>\n<meta property=\"og:site_name\" content=\"R\u00e9plique Manga Cin\u00e9\" \/>\n<meta property=\"article:publisher\" content=\"https:\/\/www.facebook.com\/RepliqueMangaCine\" \/>\n<meta property=\"article:modified_time\" content=\"2025-11-21T11:40:57+00:00\" \/>\n<meta property=\"og:image\" content=\"https:\/\/repliquemangacine.fr\/wp-content\/uploads\/2023\/10\/Katana-Kageuchi-dAmenoma.jpg\" \/>\n\t<meta property=\"og:image:width\" content=\"500\" \/>\n\t<meta property=\"og:image:height\" content=\"500\" \/>\n\t<meta property=\"og:image:type\" content=\"image\/jpeg\" \/>\n<meta name=\"twitter:card\" content=\"summary_large_image\" \/>\n<meta name=\"twitter:label1\" content=\"Gesch\u00e4tzte Lesezeit\" \/>\n\t<meta name=\"twitter:data1\" content=\"3\u00a0Minuten\" \/>\n<script type=\"application\/ld+json\" class=\"yoast-schema-graph\">{\"@context\":\"https:\\\/\\\/schema.org\",\"@graph\":[{\"@type\":\"WebPage\",\"@id\":\"https:\\\/\\\/repliquemangacine.fr\\\/genshin-impact\\\/katana-kageuchi-damenoma\\\/\",\"url\":\"https:\\\/\\\/repliquemangacine.fr\\\/genshin-impact\\\/katana-kageuchi-damenoma\\\/\",\"name\":\"Katana Kageuchi d'Amenoma - Vente \u00e9p\u00e9es Genshin Impact - RMC\",\"isPartOf\":{\"@id\":\"https:\\\/\\\/repliquemangacine.fr\\\/#website\"},\"primaryImageOfPage\":{\"@id\":\"https:\\\/\\\/repliquemangacine.fr\\\/genshin-impact\\\/katana-kageuchi-damenoma\\\/#primaryimage\"},\"image\":{\"@id\":\"https:\\\/\\\/repliquemangacine.fr\\\/genshin-impact\\\/katana-kageuchi-damenoma\\\/#primaryimage\"},\"thumbnailUrl\":\"https:\\\/\\\/repliquemangacine.fr\\\/wp-content\\\/uploads\\\/2023\\\/10\\\/Katana-Kageuchi-dAmenoma.jpg\",\"datePublished\":\"2023-05-09T12:21:14+00:00\",\"dateModified\":\"2025-11-21T11:40:57+00:00\",\"description\":\"D\u00e9couvrez ce sublime Katana Kageuchi d'Amenoma au meilleur prix - Lame en acier d\u00e9cor\u00e9 - Fourreau similicuir - Garde acier dor\u00e9 d\u00e9cor\u00e9e - Longueur : 92 cm\",\"breadcrumb\":{\"@id\":\"https:\\\/\\\/repliquemangacine.fr\\\/genshin-impact\\\/katana-kageuchi-damenoma\\\/#breadcrumb\"},\"inLanguage\":\"de\",\"potentialAction\":[{\"@type\":\"ReadAction\",\"target\":[\"https:\\\/\\\/repliquemangacine.fr\\\/genshin-impact\\\/katana-kageuchi-damenoma\\\/\"]}]},{\"@type\":\"ImageObject\",\"inLanguage\":\"de\",\"@id\":\"https:\\\/\\\/repliquemangacine.fr\\\/genshin-impact\\\/katana-kageuchi-damenoma\\\/#primaryimage\",\"url\":\"https:\\\/\\\/repliquemangacine.fr\\\/wp-content\\\/uploads\\\/2023\\\/10\\\/Katana-Kageuchi-dAmenoma.jpg\",\"contentUrl\":\"https:\\\/\\\/repliquemangacine.fr\\\/wp-content\\\/uploads\\\/2023\\\/10\\\/Katana-Kageuchi-dAmenoma.jpg\",\"width\":500,\"height\":500,\"caption\":\"Katana-Kageuchi-d'Amenoma\"},{\"@type\":\"BreadcrumbList\",\"@id\":\"https:\\\/\\\/repliquemangacine.fr\\\/genshin-impact\\\/katana-kageuchi-damenoma\\\/#breadcrumb\",\"itemListElement\":[{\"@type\":\"ListItem\",\"position\":1,\"name\":\"Accueil\",\"item\":\"https:\\\/\\\/repliquemangacine.fr\\\/\"},{\"@type\":\"ListItem\",\"position\":2,\"name\":\"Produits\",\"item\":\"https:\\\/\\\/repliquemangacine.fr\\\/boutique\\\/\"},{\"@type\":\"ListItem\",\"position\":3,\"name\":\"Katana Kageuchi d&#8217;Amenoma\"}]},{\"@type\":\"WebSite\",\"@id\":\"https:\\\/\\\/repliquemangacine.fr\\\/#website\",\"url\":\"https:\\\/\\\/repliquemangacine.fr\\\/\",\"name\":\"R\u00e9plique Manga Cin\u00e9\",\"description\":\"\",\"publisher\":{\"@id\":\"https:\\\/\\\/repliquemangacine.fr\\\/#organization\"},\"potentialAction\":[{\"@type\":\"SearchAction\",\"target\":{\"@type\":\"EntryPoint\",\"urlTemplate\":\"https:\\\/\\\/repliquemangacine.fr\\\/?s={search_term_string}\"},\"query-input\":{\"@type\":\"PropertyValueSpecification\",\"valueRequired\":true,\"valueName\":\"search_term_string\"}}],\"inLanguage\":\"de\"},{\"@type\":\"Organization\",\"@id\":\"https:\\\/\\\/repliquemangacine.fr\\\/#organization\",\"name\":\"R\u00e9plique Manga Cin\u00e9\",\"url\":\"https:\\\/\\\/repliquemangacine.fr\\\/\",\"logo\":{\"@type\":\"ImageObject\",\"inLanguage\":\"de\",\"@id\":\"https:\\\/\\\/repliquemangacine.fr\\\/#\\\/schema\\\/logo\\\/image\\\/\",\"url\":\"https:\\\/\\\/repliquemangacine.fr\\\/wp-content\\\/uploads\\\/2023\\\/10\\\/RMC-500250.png\",\"contentUrl\":\"https:\\\/\\\/repliquemangacine.fr\\\/wp-content\\\/uploads\\\/2023\\\/10\\\/RMC-500250.png\",\"width\":500,\"height\":250,\"caption\":\"R\u00e9plique Manga Cin\u00e9\"},\"image\":{\"@id\":\"https:\\\/\\\/repliquemangacine.fr\\\/#\\\/schema\\\/logo\\\/image\\\/\"},\"sameAs\":[\"https:\\\/\\\/www.facebook.com\\\/RepliqueMangaCine\",\"https:\\\/\\\/www.instagram.com\\\/repliquemangacine.fr\\\/\"]}]}<\/script>\n<!-- \/ Yoast SEO plugin. -->","yoast_head_json":{"title":"Katana Kageuchi von Amenoma - Genshin Impact Schwerter Verkauf - RMC","description":"Entdecken Sie dieses erhabene Katana Kageuchi von Amenoma zum besten Preis - Verzierte Stahlklinge - Kunstlederscheide - Vergoldeter Stahlb\u00fcgel mit Verzierungen - L\u00e4nge: 92 cm","robots":{"index":"index","follow":"follow","max-snippet":"max-snippet:-1","max-image-preview":"max-image-preview:large","max-video-preview":"max-video-preview:-1"},"canonical":"https:\/\/repliquemangacine.fr\/de\/genshin-impact\/katana-kageuchi-damenoma\/","og_locale":"de_DE","og_type":"article","og_title":"Katana Kageuchi d'Amenoma - Vente \u00e9p\u00e9es Genshin Impact - RMC","og_description":"D\u00e9couvrez ce sublime Katana Kageuchi d'Amenoma au meilleur prix - Lame en acier d\u00e9cor\u00e9 - Fourreau similicuir - Garde acier dor\u00e9 d\u00e9cor\u00e9e - Longueur : 92 cm","og_url":"https:\/\/repliquemangacine.fr\/de\/genshin-impact\/katana-kageuchi-damenoma\/","og_site_name":"R\u00e9plique Manga Cin\u00e9","article_publisher":"https:\/\/www.facebook.com\/RepliqueMangaCine","article_modified_time":"2025-11-21T11:40:57+00:00","og_image":[{"width":500,"height":500,"url":"https:\/\/repliquemangacine.fr\/wp-content\/uploads\/2023\/10\/Katana-Kageuchi-dAmenoma.jpg","type":"image\/jpeg"}],"twitter_card":"summary_large_image","twitter_misc":{"Gesch\u00e4tzte Lesezeit":"3\u00a0Minuten"},"schema":{"@context":"https:\/\/schema.org","@graph":[{"@type":"WebPage","@id":"https:\/\/repliquemangacine.fr\/genshin-impact\/katana-kageuchi-damenoma\/","url":"https:\/\/repliquemangacine.fr\/genshin-impact\/katana-kageuchi-damenoma\/","name":"Katana Kageuchi von Amenoma - Genshin Impact Schwerter Verkauf - RMC","isPartOf":{"@id":"https:\/\/repliquemangacine.fr\/#website"},"primaryImageOfPage":{"@id":"https:\/\/repliquemangacine.fr\/genshin-impact\/katana-kageuchi-damenoma\/#primaryimage"},"image":{"@id":"https:\/\/repliquemangacine.fr\/genshin-impact\/katana-kageuchi-damenoma\/#primaryimage"},"thumbnailUrl":"https:\/\/repliquemangacine.fr\/wp-content\/uploads\/2023\/10\/Katana-Kageuchi-dAmenoma.jpg","datePublished":"2023-05-09T12:21:14+00:00","dateModified":"2025-11-21T11:40:57+00:00","description":"Entdecken Sie dieses erhabene Katana Kageuchi von Amenoma zum besten Preis - Verzierte Stahlklinge - Kunstlederscheide - Vergoldeter Stahlb\u00fcgel mit Verzierungen - L\u00e4nge: 92 cm","breadcrumb":{"@id":"https:\/\/repliquemangacine.fr\/genshin-impact\/katana-kageuchi-damenoma\/#breadcrumb"},"inLanguage":"de","potentialAction":[{"@type":"ReadAction","target":["https:\/\/repliquemangacine.fr\/genshin-impact\/katana-kageuchi-damenoma\/"]}]},{"@type":"ImageObject","inLanguage":"de","@id":"https:\/\/repliquemangacine.fr\/genshin-impact\/katana-kageuchi-damenoma\/#primaryimage","url":"https:\/\/repliquemangacine.fr\/wp-content\/uploads\/2023\/10\/Katana-Kageuchi-dAmenoma.jpg","contentUrl":"https:\/\/repliquemangacine.fr\/wp-content\/uploads\/2023\/10\/Katana-Kageuchi-dAmenoma.jpg","width":500,"height":500,"caption":"Katana-Kageuchi-d'Amenoma"},{"@type":"BreadcrumbList","@id":"https:\/\/repliquemangacine.fr\/genshin-impact\/katana-kageuchi-damenoma\/#breadcrumb","itemListElement":[{"@type":"ListItem","position":1,"name":"Accueil","item":"https:\/\/repliquemangacine.fr\/"},{"@type":"ListItem","position":2,"name":"Produits","item":"https:\/\/repliquemangacine.fr\/boutique\/"},{"@type":"ListItem","position":3,"name":"Katana Kageuchi d&#8217;Amenoma"}]},{"@type":"WebSite","@id":"https:\/\/repliquemangacine.fr\/#website","url":"https:\/\/repliquemangacine.fr\/","name":"R\u00e9plique Manga Cin\u00e9","description":"","publisher":{"@id":"https:\/\/repliquemangacine.fr\/#organization"},"potentialAction":[{"@type":"SearchAction","target":{"@type":"EntryPoint","urlTemplate":"https:\/\/repliquemangacine.fr\/?s={search_term_string}"},"query-input":{"@type":"PropertyValueSpecification","valueRequired":true,"valueName":"search_term_string"}}],"inLanguage":"de"},{"@type":"Organization","@id":"https:\/\/repliquemangacine.fr\/#organization","name":"R\u00e9plique Manga Cin\u00e9","url":"https:\/\/repliquemangacine.fr\/","logo":{"@type":"ImageObject","inLanguage":"de","@id":"https:\/\/repliquemangacine.fr\/#\/schema\/logo\/image\/","url":"https:\/\/repliquemangacine.fr\/wp-content\/uploads\/2023\/10\/RMC-500250.png","contentUrl":"https:\/\/repliquemangacine.fr\/wp-content\/uploads\/2023\/10\/RMC-500250.png","width":500,"height":250,"caption":"R\u00e9plique Manga Cin\u00e9"},"image":{"@id":"https:\/\/repliquemangacine.fr\/#\/schema\/logo\/image\/"},"sameAs":["https:\/\/www.facebook.com\/RepliqueMangaCine","https:\/\/www.instagram.com\/repliquemangacine.fr\/"]}]}},"_links":{"self":[{"href":"https:\/\/repliquemangacine.fr\/de\/wp-json\/wp\/v2\/product\/60114","targetHints":{"allow":["GET"]}}],"collection":[{"href":"https:\/\/repliquemangacine.fr\/de\/wp-json\/wp\/v2\/product"}],"about":[{"href":"https:\/\/repliquemangacine.fr\/de\/wp-json\/wp\/v2\/types\/product"}],"wp:featuredmedia":[{"embeddable":true,"href":"https:\/\/repliquemangacine.fr\/de\/wp-json\/wp\/v2\/media\/60115"}],"wp:attachment":[{"href":"https:\/\/repliquemangacine.fr\/de\/wp-json\/wp\/v2\/media?parent=60114"}],"wp:term":[{"taxonomy":"product_brand","embeddable":true,"href":"https:\/\/repliquemangacine.fr\/de\/wp-json\/wp\/v2\/product_brand?post=60114"},{"taxonomy":"product_cat","embeddable":true,"href":"https:\/\/repliquemangacine.fr\/de\/wp-json\/wp\/v2\/product_cat?post=60114"},{"taxonomy":"product_tag","embeddable":true,"href":"https:\/\/repliquemangacine.fr\/de\/wp-json\/wp\/v2\/product_tag?post=60114"}],"curies":[{"name":"wp","href":"https:\/\/api.w.org\/{rel}","templated":true}]}}