





{"id":60106,"date":"2023-05-09T13:25:03","date_gmt":"2023-05-09T11:25:03","guid":{"rendered":"https:\/\/repliquemangacine.fr\/?post_type=product&#038;p=60106"},"modified":"2025-11-21T12:46:03","modified_gmt":"2025-11-21T11:46:03","slug":"helm-von-robert-bruce","status":"publish","type":"product","link":"https:\/\/repliquemangacine.fr\/de\/heaume-casque-chevalier-templier\/casque-de-robert-bruce\/","title":{"rendered":"Helm von Robert Bruce"},"content":{"rendered":"<h2>Helm von Robert Bruce<\/h2>\n<p>Den Anfang macht der Robert-Bruce-Helm aus 1,6 mm starkem Stahl (16 Gauge) mit einer detailreichen, vernieteten Messingkrone. Zum Schutz von Nacken und Hals verf\u00fcgt diese Beckenhaube \u00fcber eine Kettenbrust, die bis zu den Schultern reicht.<\/p>\n<p>Basierend auf dem Helm, den man in Bannockburn auf der ber\u00fchmten Bronzestatue von Robert I. von Schottland (1274\u20131329) sehen kann. Nach jahrelangem Kampf gegen die englische Krone besiegte K\u00f6nig Robert (allgemein bekannt als Robert Bruce) 1314 in der Schlacht von Bannockburn die Armee von Edward II. von England.<\/p>\n<p>Eine entscheidende Schlacht, die schlie\u00dflich zur Wiederherstellung der schottischen Unabh\u00e4ngigkeit f\u00fchrte. Mit dem legend\u00e4ren William Wallace, <a href=\"https:\/\/www.highlandtitles.fr\/2018\/02\/robert-ier-decosse-pere-de-lindependance-ecossaise\/\" target=\"_blank\" rel=\"noopener noreferrer\">Robert Bruce<\/a> ist bis heute eine der meistgefeierten historischen Figuren Schottlands.<\/p>\n<h2>Ihr Helm von Robert Bruce zum besten Preis.<\/h2>\n<p>Wir bieten Ihnen eine gro\u00dfe Auswahl an historischen Waffen und Zubeh\u00f6r.<\/p>\n<p>Zun\u00e4chst einmal,<\/p>\n<ul>\n<li>L'<a href=\"https:\/\/repliquemangacine.fr\/de\/mittelalterliches-schwert-der-templer\/schwert-der-templer\/\">Zeremonienschwert der Templer<\/a> fein verziert.<\/li>\n<li>Es gibt auch die<a href=\"https:\/\/repliquemangacine.fr\/de\/mittelalterliches-schwert-der-templer\/schwert-excalibur-konig-artus\/\">Schwert Excalibur<\/a> von K\u00f6nig Artus<\/li>\n<li>Sowie die<a href=\"https:\/\/repliquemangacine.fr\/de\/nachbildungen-von-mittelalterlichen-waffen-und-accessoires\/epee-richard-coeur-de-lion-coeur\/\">Richards Schwert L\u00f6wenherz<\/a> der Marke Denix.<\/li>\n<li>Und noch viel mehr gibt es in unserem Online-Shop zu entdecken!<\/li>\n<\/ul>\n<p>Deshalb finden Sie hier tolle Geschenkideen f\u00fcr alle Geschichtsliebhaber.<\/p>\n<p>Zusammenfassend l\u00e4sst sich sagen, dass dieses sch\u00f6ne <strong>Helm von Robert Bruce<\/strong> tragbar, eignet sich f\u00fcr den leichten Schaukampf, die historische Rekonstruktion, LARP, die B\u00fchne oder f\u00fcr Fernsehen\/Film. Nat\u00fcrlich ist er auch eine hervorragende Erg\u00e4nzung f\u00fcr die Schatzkammer jedes Helmsammlers und ein sch\u00f6nes Ausstellungsst\u00fcck oder Dekorationsobjekt f\u00fcr jeden Liebhaber.<\/p>\n<h2>Wie werden Ihre Sammelobjekte hergestellt?<\/h2>\n<p>Zun\u00e4chst einmal sind alle unsere Produkte von hoher Qualit\u00e4t und werden mit besonderer Sorgfalt hergestellt. Die Herstellung erfolgt zum Teil von Hand, um jedes noch so kleine Detail zu reproduzieren. Gr\u00f6\u00dfere Teile werden von pr\u00e4zisen Maschinen bearbeitet. Die Gravuren werden in der Regel mit einer Diamantspitze oder einem Laser ausgef\u00fchrt.<\/p>\n<p>Ihre <strong>Helm von Robert Bruce<\/strong> hergestellt, um jedes Detail genau zu reproduzieren. Um dem Erbe der originalen Meisterwerke gerecht zu werden. Der Schwerpunkt liegt darauf, qualitativ hochwertige Repliken herzustellen, die so historisch genau wie m\u00f6glich sind.<\/p>\n<p>Abschlie\u00dfend sei gesagt, dass unsere Repliken, die aus China, Spanien oder Indien importiert wurden, Sie in Erstaunen versetzen werden!<\/p>\n<p>R\u00e9plique Manga Cin\u00e9 ist ein franz\u00f6sisches Familienunternehmen.<\/p>","protected":false},"excerpt":{"rendered":"<p>Beckenhaube aus dem fr\u00fchen 14. Jahrhundert<\/p>\n<ul>\n<li>Aus Stahl 1.6 mm<\/li>\n<li>Krone aus Messing<\/li>\n<li>Verstellbarer Kinnriemen aus Leder<\/li>\n<li>Innenausstattung aus Leder<\/li>\n<li>Nacken- und Halsschutz aus Stahl<\/li>\n<li>Kopfumfang bis zu 69 cm<\/li>\n<li>H\u00f6he: 25 cm - Gewicht: 4.35 kg komplett.<\/li>\n<\/ul>","protected":false},"featured_media":60107,"template":"","meta":[],"product_brand":[896],"product_cat":[25,89,43],"product_tag":[],"class_list":{"0":"post-60106","1":"product","2":"type-product","3":"status-publish","4":"has-post-thumbnail","6":"product_brand-replique-manga-cine","7":"product_cat-armes-historiques","8":"product_cat-heaume-casque-chevalier-templier","9":"product_cat-reproductions-d-armes-et-accessoires-medievales","11":"first","12":"instock","13":"taxable","14":"shipping-taxable","15":"purchasable","16":"product-type-simple"},"yoast_head":"<!-- This site is optimized with the Yoast SEO plugin v27.5 - https:\/\/yoast.com\/product\/yoast-seo-wordpress\/ -->\n<title>Casque de Robert Bruce - Vente en ligne - R\u00e9plique Manga Cin\u00e9<\/title>\n<meta name=\"description\" content=\"D\u00e9couvrez le sublime Casque de Robert Bruce au meilleur prix - En acier de 1.6mm - Couronne en laiton - Int\u00e9rieur cuir - Jugulaire r\u00e9glable en cuir. H 25cm\" \/>\n<meta name=\"robots\" content=\"index, follow, max-snippet:-1, max-image-preview:large, max-video-preview:-1\" \/>\n<link rel=\"canonical\" href=\"https:\/\/repliquemangacine.fr\/de\/helm-helm-ritter-templer\/helm-von-robert-bruce\/\" \/>\n<meta property=\"og:locale\" content=\"de_DE\" \/>\n<meta property=\"og:type\" content=\"article\" \/>\n<meta property=\"og:title\" content=\"Casque de Robert Bruce - Vente en ligne - R\u00e9plique Manga Cin\u00e9\" \/>\n<meta property=\"og:description\" content=\"D\u00e9couvrez le sublime Casque de Robert Bruce au meilleur prix - En acier de 1.6mm - Couronne en laiton - Int\u00e9rieur cuir - Jugulaire r\u00e9glable en cuir. H 25cm\" \/>\n<meta property=\"og:url\" content=\"https:\/\/repliquemangacine.fr\/de\/helm-helm-ritter-templer\/helm-von-robert-bruce\/\" \/>\n<meta property=\"og:site_name\" content=\"R\u00e9plique Manga Cin\u00e9\" \/>\n<meta property=\"article:publisher\" content=\"https:\/\/www.facebook.com\/RepliqueMangaCine\" \/>\n<meta property=\"article:modified_time\" content=\"2025-11-21T11:46:03+00:00\" \/>\n<meta property=\"og:image\" content=\"https:\/\/repliquemangacine.fr\/wp-content\/uploads\/2023\/10\/Casque-de-Robert-Bruce.jpg\" \/>\n\t<meta property=\"og:image:width\" content=\"500\" \/>\n\t<meta property=\"og:image:height\" content=\"500\" \/>\n\t<meta property=\"og:image:type\" content=\"image\/jpeg\" \/>\n<meta name=\"twitter:card\" content=\"summary_large_image\" \/>\n<meta name=\"twitter:label1\" content=\"Gesch\u00e4tzte Lesezeit\" \/>\n\t<meta name=\"twitter:data1\" content=\"3\u00a0Minuten\" \/>\n<script type=\"application\/ld+json\" class=\"yoast-schema-graph\">{\"@context\":\"https:\\\/\\\/schema.org\",\"@graph\":[{\"@type\":\"WebPage\",\"@id\":\"https:\\\/\\\/repliquemangacine.fr\\\/heaume-casque-chevalier-templier\\\/casque-de-robert-bruce\\\/\",\"url\":\"https:\\\/\\\/repliquemangacine.fr\\\/heaume-casque-chevalier-templier\\\/casque-de-robert-bruce\\\/\",\"name\":\"Casque de Robert Bruce - Vente en ligne - R\u00e9plique Manga Cin\u00e9\",\"isPartOf\":{\"@id\":\"https:\\\/\\\/repliquemangacine.fr\\\/#website\"},\"primaryImageOfPage\":{\"@id\":\"https:\\\/\\\/repliquemangacine.fr\\\/heaume-casque-chevalier-templier\\\/casque-de-robert-bruce\\\/#primaryimage\"},\"image\":{\"@id\":\"https:\\\/\\\/repliquemangacine.fr\\\/heaume-casque-chevalier-templier\\\/casque-de-robert-bruce\\\/#primaryimage\"},\"thumbnailUrl\":\"https:\\\/\\\/repliquemangacine.fr\\\/wp-content\\\/uploads\\\/2023\\\/10\\\/Casque-de-Robert-Bruce.jpg\",\"datePublished\":\"2023-05-09T11:25:03+00:00\",\"dateModified\":\"2025-11-21T11:46:03+00:00\",\"description\":\"D\u00e9couvrez le sublime Casque de Robert Bruce au meilleur prix - En acier de 1.6mm - Couronne en laiton - Int\u00e9rieur cuir - Jugulaire r\u00e9glable en cuir. H 25cm\",\"breadcrumb\":{\"@id\":\"https:\\\/\\\/repliquemangacine.fr\\\/heaume-casque-chevalier-templier\\\/casque-de-robert-bruce\\\/#breadcrumb\"},\"inLanguage\":\"de\",\"potentialAction\":[{\"@type\":\"ReadAction\",\"target\":[\"https:\\\/\\\/repliquemangacine.fr\\\/heaume-casque-chevalier-templier\\\/casque-de-robert-bruce\\\/\"]}]},{\"@type\":\"ImageObject\",\"inLanguage\":\"de\",\"@id\":\"https:\\\/\\\/repliquemangacine.fr\\\/heaume-casque-chevalier-templier\\\/casque-de-robert-bruce\\\/#primaryimage\",\"url\":\"https:\\\/\\\/repliquemangacine.fr\\\/wp-content\\\/uploads\\\/2023\\\/10\\\/Casque-de-Robert-Bruce.jpg\",\"contentUrl\":\"https:\\\/\\\/repliquemangacine.fr\\\/wp-content\\\/uploads\\\/2023\\\/10\\\/Casque-de-Robert-Bruce.jpg\",\"width\":500,\"height\":500,\"caption\":\"Casque-de-Robert-Bruce\"},{\"@type\":\"BreadcrumbList\",\"@id\":\"https:\\\/\\\/repliquemangacine.fr\\\/heaume-casque-chevalier-templier\\\/casque-de-robert-bruce\\\/#breadcrumb\",\"itemListElement\":[{\"@type\":\"ListItem\",\"position\":1,\"name\":\"Accueil\",\"item\":\"https:\\\/\\\/repliquemangacine.fr\\\/\"},{\"@type\":\"ListItem\",\"position\":2,\"name\":\"Produits\",\"item\":\"https:\\\/\\\/repliquemangacine.fr\\\/boutique\\\/\"},{\"@type\":\"ListItem\",\"position\":3,\"name\":\"Casque de Robert Bruce\"}]},{\"@type\":\"WebSite\",\"@id\":\"https:\\\/\\\/repliquemangacine.fr\\\/#website\",\"url\":\"https:\\\/\\\/repliquemangacine.fr\\\/\",\"name\":\"R\u00e9plique Manga Cin\u00e9\",\"description\":\"\",\"publisher\":{\"@id\":\"https:\\\/\\\/repliquemangacine.fr\\\/#organization\"},\"potentialAction\":[{\"@type\":\"SearchAction\",\"target\":{\"@type\":\"EntryPoint\",\"urlTemplate\":\"https:\\\/\\\/repliquemangacine.fr\\\/?s={search_term_string}\"},\"query-input\":{\"@type\":\"PropertyValueSpecification\",\"valueRequired\":true,\"valueName\":\"search_term_string\"}}],\"inLanguage\":\"de\"},{\"@type\":\"Organization\",\"@id\":\"https:\\\/\\\/repliquemangacine.fr\\\/#organization\",\"name\":\"R\u00e9plique Manga Cin\u00e9\",\"url\":\"https:\\\/\\\/repliquemangacine.fr\\\/\",\"logo\":{\"@type\":\"ImageObject\",\"inLanguage\":\"de\",\"@id\":\"https:\\\/\\\/repliquemangacine.fr\\\/#\\\/schema\\\/logo\\\/image\\\/\",\"url\":\"https:\\\/\\\/repliquemangacine.fr\\\/wp-content\\\/uploads\\\/2023\\\/10\\\/RMC-500250.png\",\"contentUrl\":\"https:\\\/\\\/repliquemangacine.fr\\\/wp-content\\\/uploads\\\/2023\\\/10\\\/RMC-500250.png\",\"width\":500,\"height\":250,\"caption\":\"R\u00e9plique Manga Cin\u00e9\"},\"image\":{\"@id\":\"https:\\\/\\\/repliquemangacine.fr\\\/#\\\/schema\\\/logo\\\/image\\\/\"},\"sameAs\":[\"https:\\\/\\\/www.facebook.com\\\/RepliqueMangaCine\",\"https:\\\/\\\/www.instagram.com\\\/repliquemangacine.fr\\\/\"]}]}<\/script>\n<!-- \/ Yoast SEO plugin. -->","yoast_head_json":{"title":"Helm von Robert Bruce - Online-Verkauf - R\u00e9plique Manga Cin\u00e9","description":"Entdecken Sie den erhabenen Helm von Robert Bruce zum besten Preis - 1.6mm Stahl - Messingkrone - Lederinnenausstattung - Verstellbarer Kinnriemen aus Leder. H 25cm","robots":{"index":"index","follow":"follow","max-snippet":"max-snippet:-1","max-image-preview":"max-image-preview:large","max-video-preview":"max-video-preview:-1"},"canonical":"https:\/\/repliquemangacine.fr\/de\/helm-helm-ritter-templer\/helm-von-robert-bruce\/","og_locale":"de_DE","og_type":"article","og_title":"Casque de Robert Bruce - Vente en ligne - R\u00e9plique Manga Cin\u00e9","og_description":"D\u00e9couvrez le sublime Casque de Robert Bruce au meilleur prix - En acier de 1.6mm - Couronne en laiton - Int\u00e9rieur cuir - Jugulaire r\u00e9glable en cuir. H 25cm","og_url":"https:\/\/repliquemangacine.fr\/de\/helm-helm-ritter-templer\/helm-von-robert-bruce\/","og_site_name":"R\u00e9plique Manga Cin\u00e9","article_publisher":"https:\/\/www.facebook.com\/RepliqueMangaCine","article_modified_time":"2025-11-21T11:46:03+00:00","og_image":[{"width":500,"height":500,"url":"https:\/\/repliquemangacine.fr\/wp-content\/uploads\/2023\/10\/Casque-de-Robert-Bruce.jpg","type":"image\/jpeg"}],"twitter_card":"summary_large_image","twitter_misc":{"Gesch\u00e4tzte Lesezeit":"3\u00a0Minuten"},"schema":{"@context":"https:\/\/schema.org","@graph":[{"@type":"WebPage","@id":"https:\/\/repliquemangacine.fr\/heaume-casque-chevalier-templier\/casque-de-robert-bruce\/","url":"https:\/\/repliquemangacine.fr\/heaume-casque-chevalier-templier\/casque-de-robert-bruce\/","name":"Helm von Robert Bruce - Online-Verkauf - R\u00e9plique Manga Cin\u00e9","isPartOf":{"@id":"https:\/\/repliquemangacine.fr\/#website"},"primaryImageOfPage":{"@id":"https:\/\/repliquemangacine.fr\/heaume-casque-chevalier-templier\/casque-de-robert-bruce\/#primaryimage"},"image":{"@id":"https:\/\/repliquemangacine.fr\/heaume-casque-chevalier-templier\/casque-de-robert-bruce\/#primaryimage"},"thumbnailUrl":"https:\/\/repliquemangacine.fr\/wp-content\/uploads\/2023\/10\/Casque-de-Robert-Bruce.jpg","datePublished":"2023-05-09T11:25:03+00:00","dateModified":"2025-11-21T11:46:03+00:00","description":"Entdecken Sie den erhabenen Helm von Robert Bruce zum besten Preis - 1.6mm Stahl - Messingkrone - Lederinnenausstattung - Verstellbarer Kinnriemen aus Leder. H 25cm","breadcrumb":{"@id":"https:\/\/repliquemangacine.fr\/heaume-casque-chevalier-templier\/casque-de-robert-bruce\/#breadcrumb"},"inLanguage":"de","potentialAction":[{"@type":"ReadAction","target":["https:\/\/repliquemangacine.fr\/heaume-casque-chevalier-templier\/casque-de-robert-bruce\/"]}]},{"@type":"ImageObject","inLanguage":"de","@id":"https:\/\/repliquemangacine.fr\/heaume-casque-chevalier-templier\/casque-de-robert-bruce\/#primaryimage","url":"https:\/\/repliquemangacine.fr\/wp-content\/uploads\/2023\/10\/Casque-de-Robert-Bruce.jpg","contentUrl":"https:\/\/repliquemangacine.fr\/wp-content\/uploads\/2023\/10\/Casque-de-Robert-Bruce.jpg","width":500,"height":500,"caption":"Casque-de-Robert-Bruce"},{"@type":"BreadcrumbList","@id":"https:\/\/repliquemangacine.fr\/heaume-casque-chevalier-templier\/casque-de-robert-bruce\/#breadcrumb","itemListElement":[{"@type":"ListItem","position":1,"name":"Accueil","item":"https:\/\/repliquemangacine.fr\/"},{"@type":"ListItem","position":2,"name":"Produits","item":"https:\/\/repliquemangacine.fr\/boutique\/"},{"@type":"ListItem","position":3,"name":"Casque de Robert Bruce"}]},{"@type":"WebSite","@id":"https:\/\/repliquemangacine.fr\/#website","url":"https:\/\/repliquemangacine.fr\/","name":"R\u00e9plique Manga Cin\u00e9","description":"","publisher":{"@id":"https:\/\/repliquemangacine.fr\/#organization"},"potentialAction":[{"@type":"SearchAction","target":{"@type":"EntryPoint","urlTemplate":"https:\/\/repliquemangacine.fr\/?s={search_term_string}"},"query-input":{"@type":"PropertyValueSpecification","valueRequired":true,"valueName":"search_term_string"}}],"inLanguage":"de"},{"@type":"Organization","@id":"https:\/\/repliquemangacine.fr\/#organization","name":"R\u00e9plique Manga Cin\u00e9","url":"https:\/\/repliquemangacine.fr\/","logo":{"@type":"ImageObject","inLanguage":"de","@id":"https:\/\/repliquemangacine.fr\/#\/schema\/logo\/image\/","url":"https:\/\/repliquemangacine.fr\/wp-content\/uploads\/2023\/10\/RMC-500250.png","contentUrl":"https:\/\/repliquemangacine.fr\/wp-content\/uploads\/2023\/10\/RMC-500250.png","width":500,"height":250,"caption":"R\u00e9plique Manga Cin\u00e9"},"image":{"@id":"https:\/\/repliquemangacine.fr\/#\/schema\/logo\/image\/"},"sameAs":["https:\/\/www.facebook.com\/RepliqueMangaCine","https:\/\/www.instagram.com\/repliquemangacine.fr\/"]}]}},"_links":{"self":[{"href":"https:\/\/repliquemangacine.fr\/de\/wp-json\/wp\/v2\/product\/60106","targetHints":{"allow":["GET"]}}],"collection":[{"href":"https:\/\/repliquemangacine.fr\/de\/wp-json\/wp\/v2\/product"}],"about":[{"href":"https:\/\/repliquemangacine.fr\/de\/wp-json\/wp\/v2\/types\/product"}],"wp:featuredmedia":[{"embeddable":true,"href":"https:\/\/repliquemangacine.fr\/de\/wp-json\/wp\/v2\/media\/60107"}],"wp:attachment":[{"href":"https:\/\/repliquemangacine.fr\/de\/wp-json\/wp\/v2\/media?parent=60106"}],"wp:term":[{"taxonomy":"product_brand","embeddable":true,"href":"https:\/\/repliquemangacine.fr\/de\/wp-json\/wp\/v2\/product_brand?post=60106"},{"taxonomy":"product_cat","embeddable":true,"href":"https:\/\/repliquemangacine.fr\/de\/wp-json\/wp\/v2\/product_cat?post=60106"},{"taxonomy":"product_tag","embeddable":true,"href":"https:\/\/repliquemangacine.fr\/de\/wp-json\/wp\/v2\/product_tag?post=60106"}],"curies":[{"name":"wp","href":"https:\/\/api.w.org\/{rel}","templated":true}]}}