





{"id":59995,"date":"2023-05-04T14:28:26","date_gmt":"2023-05-04T12:28:26","guid":{"rendered":"https:\/\/repliquemangacine.fr\/?post_type=product&#038;p=59995"},"modified":"2026-04-01T00:18:48","modified_gmt":"2026-03-31T22:18:48","slug":"bankai-rebuild-ichigo","status":"publish","type":"product","link":"https:\/\/repliquemangacine.fr\/de\/katana-bleach\/bankai-rebuild-ichigo\/","title":{"rendered":"Banka\u00ef Rebuild Ichigo"},"content":{"rendered":"<h2>Bankai Rebuild Ichigo Bleach<\/h2>\n<p>Zu Beginn wird der <strong>Banka\u00ef Rebuild Ichigo<\/strong> in Bleach ist das aktuellste.<\/p>\n<p>Ichigo kombiniert seine beiden Zanpakutos, um seine neue Form, Bankai Rebuild, freizusetzen, die sich von einem gew\u00f6hnlichen Bankai unterscheidet. Das kleine Zanpakuto bedeckt die Vertiefung, die auf dem gr\u00f6\u00dferen zu sehen war.<\/p>\n<p>Dadurch wird der Bankai-Teil wei\u00df, und eine Kette entsteht, die den Griff mit der Klinge verbindet. Hier ist \u00fcbrigens der Grund\u2019<a href=\"https:\/\/bleach.fandom.com\/fr\/wiki\/Ichigo_Kurosaki\" target=\"_blank\" rel=\"noopener noreferrer\">Ichigo<\/a> erlangt die volle Kraft von Bankai und ver\u00e4ndert sein Aussehen.<\/p>\n<p>Ein Horn ragt aus seiner Schl\u00e4fe hervor, ein Auge leuchtet. Zwei schwarze Streifen erscheinen auf seinem Gesicht. Dies ist eine der st\u00e4rksten und leistungsf\u00e4higsten Formen von Ichigo in Bleach, da er in dieser Form zahlreiche Pr\u00fcfungen gemeistert hat.<\/p>\n<h2>Ihr Bankai Rebuild Ichigo zum besten Preis.<\/h2>\n<p>Wir bieten Ihnen eine gro\u00dfe Auswahl an Repliken Ihres Lieblings-Animationsmangas Bleach<\/p>\n<p>Zun\u00e4chst einmal,<\/p>\n<ul>\n<li>Die <a href=\"https:\/\/repliquemangacine.fr\/de\/katana-bleach\/katana-byakuya-senbonzakura-bleach-schwert-bleach\/\">Katana Byakuya<\/a> Senbonzakura Version mit wei\u00dfer Scheide, besonderer Schutz.<\/li>\n<li>Es gibt auch den <a href=\"https:\/\/repliquemangacine.fr\/de\/katana-bleach\/katana-sakanade-dhirako-shinji\/\">Katana Sakanade<\/a> von Hirako Shinji.<\/li>\n<li>Sowie die <a href=\"https:\/\/repliquemangacine.fr\/de\/katana-bleach\/rute-benihime-kisuke-urahara-bleach-rute-epee-bleach\/\">Schwertstock Benihime<\/a> von Kisuk\u00e9 Urahara.<\/li>\n<li>Und viele andere, die es in unserem Online-Shop zu entdecken gibt!<\/li>\n<\/ul>\n<p>Deshalb gibt es hier einige gro\u00dfartige Geschenkideen f\u00fcr alle Fans des Anime-Mangas Bleach.<\/p>\n<p>Abschlie\u00dfend k\u00f6nnen Sie den <strong>Banka\u00ef Rebuild Ichigo<\/strong> f\u00fcr Ihre Cosplay-Modenschauen. Vor allem aber ist es ein Sammler- und Dekorationsst\u00fcck. Verkauf an Minderj\u00e4hrige verboten.<\/p>\n<p>R\u00e9plique Manga Cin\u00e9 ist ein franz\u00f6sisches Familienunternehmen.<\/p>\n<h2>Wie pflegt man die Klinge seines Bleach Katanas?<\/h2>\n<p>Sammlungs- und Dekorationsschwerter werden in vereinfachter Form hergestellt und zusammengebaut. Da sie zu Dekorationszwecken verwendet werden, fehlen ihnen die Sicherheitselemente, die ein japanisches Schwert f\u00fcr Trainingszwecke aufweisen muss.<\/p>\n<p>Allerdings ist Ihr <strong>Banka\u00ef Rebuild Ichigo<\/strong> zu einer Stahlklinge, die gepflegt werden muss, damit sie nicht mit der Zeit abgenutzt wird. Wenn du dein Schwert n\u00e4mlich ausstellst, werden deine Freunde neugierig sein, die Klinge zu sehen und sie zu ber\u00fchren. Hier ist Vorsicht geboten, denn Sie sollten wissen, dass die S\u00e4ure der Finger dem Stahl unabh\u00e4ngig von seiner Qualit\u00e4t sehr schadet.<\/p>\n<p>Wenn dies jedoch passiert, keine Panik, Sie brauchen nur ein Tuch, das mit etwas \u00d6l befeuchtet ist, und wischen die Fingerabdr\u00fccke ab. Wenn Sie dies tun, werden Sie Ihr Schwert sehr lange behalten.<\/p>","protected":false},"excerpt":{"rendered":"<p>Nachbildung des letzten rekonstruierten Bankai von Ichigo.<\/p>\n<ul>\n<li>Klinge aus 440er Stahl.<\/li>\n<li>Kette an der Klinge h\u00e4ngen<\/li>\n<li>Schwarze Kunstlederscheide<\/li>\n<li>Griff mit rotem Baumwollgeflecht \u00fcberzogen.<\/li>\n<li>Klingenl\u00e4nge: 63.5 cm - Gesamtl\u00e4nge: 91 cm<\/li>\n<\/ul>","protected":false},"featured_media":59996,"template":"","meta":[],"product_brand":[896],"product_cat":[30,23],"product_tag":[],"class_list":{"0":"post-59995","1":"product","2":"type-product","3":"status-publish","4":"has-post-thumbnail","6":"product_brand-replique-manga-cine","7":"product_cat-katana-bleach","8":"product_cat-repliques-manga-jeux-video","10":"first","11":"instock","12":"sale","13":"taxable","14":"shipping-taxable","15":"purchasable","16":"product-type-simple"},"yoast_head":"<!-- This site is optimized with the Yoast SEO plugin v27.5 - https:\/\/yoast.com\/product\/yoast-seo-wordpress\/ -->\n<title>Banka\u00ef Rebuild Ichigo - Boutique en ligne Katana Bleach - RMC<\/title>\n<meta name=\"description\" content=\"D\u00e9couvrez le Banka\u00ef Rebuild Ichigo dans Bleach au meilleur prix - Lame large en acier 440 - Chainette - Fourreau en similicuir - Longueur totale : 91cm\" \/>\n<meta name=\"robots\" content=\"index, follow, max-snippet:-1, max-image-preview:large, max-video-preview:-1\" \/>\n<link rel=\"canonical\" href=\"https:\/\/repliquemangacine.fr\/de\/katana-bleach\/bankai-rebuild-ichigo\/\" \/>\n<meta property=\"og:locale\" content=\"de_DE\" \/>\n<meta property=\"og:type\" content=\"article\" \/>\n<meta property=\"og:title\" content=\"Banka\u00ef Rebuild Ichigo - Boutique en ligne Katana Bleach - RMC\" \/>\n<meta property=\"og:description\" content=\"D\u00e9couvrez le Banka\u00ef Rebuild Ichigo dans Bleach au meilleur prix - Lame large en acier 440 - Chainette - Fourreau en similicuir - Longueur totale : 91cm\" \/>\n<meta property=\"og:url\" content=\"https:\/\/repliquemangacine.fr\/de\/katana-bleach\/bankai-rebuild-ichigo\/\" \/>\n<meta property=\"og:site_name\" content=\"R\u00e9plique Manga Cin\u00e9\" \/>\n<meta property=\"article:publisher\" content=\"https:\/\/www.facebook.com\/RepliqueMangaCine\" \/>\n<meta property=\"article:modified_time\" content=\"2026-03-31T22:18:48+00:00\" \/>\n<meta property=\"og:image\" content=\"https:\/\/repliquemangacine.fr\/wp-content\/uploads\/2023\/10\/Ichigo-BankaI-final-bleach.jpg\" \/>\n\t<meta property=\"og:image:width\" content=\"500\" \/>\n\t<meta property=\"og:image:height\" content=\"500\" \/>\n\t<meta property=\"og:image:type\" content=\"image\/jpeg\" \/>\n<meta name=\"twitter:card\" content=\"summary_large_image\" \/>\n<meta name=\"twitter:label1\" content=\"Gesch\u00e4tzte Lesezeit\" \/>\n\t<meta name=\"twitter:data1\" content=\"3\u00a0Minuten\" \/>\n<script type=\"application\/ld+json\" class=\"yoast-schema-graph\">{\"@context\":\"https:\\\/\\\/schema.org\",\"@graph\":[{\"@type\":\"WebPage\",\"@id\":\"https:\\\/\\\/repliquemangacine.fr\\\/katana-bleach\\\/bankai-rebuild-ichigo\\\/\",\"url\":\"https:\\\/\\\/repliquemangacine.fr\\\/katana-bleach\\\/bankai-rebuild-ichigo\\\/\",\"name\":\"Banka\u00ef Rebuild Ichigo - Boutique en ligne Katana Bleach - RMC\",\"isPartOf\":{\"@id\":\"https:\\\/\\\/repliquemangacine.fr\\\/#website\"},\"primaryImageOfPage\":{\"@id\":\"https:\\\/\\\/repliquemangacine.fr\\\/katana-bleach\\\/bankai-rebuild-ichigo\\\/#primaryimage\"},\"image\":{\"@id\":\"https:\\\/\\\/repliquemangacine.fr\\\/katana-bleach\\\/bankai-rebuild-ichigo\\\/#primaryimage\"},\"thumbnailUrl\":\"https:\\\/\\\/repliquemangacine.fr\\\/wp-content\\\/uploads\\\/2023\\\/10\\\/Ichigo-BankaI-final-bleach.jpg\",\"datePublished\":\"2023-05-04T12:28:26+00:00\",\"dateModified\":\"2026-03-31T22:18:48+00:00\",\"description\":\"D\u00e9couvrez le Banka\u00ef Rebuild Ichigo dans Bleach au meilleur prix - Lame large en acier 440 - Chainette - Fourreau en similicuir - Longueur totale : 91cm\",\"breadcrumb\":{\"@id\":\"https:\\\/\\\/repliquemangacine.fr\\\/katana-bleach\\\/bankai-rebuild-ichigo\\\/#breadcrumb\"},\"inLanguage\":\"de\",\"potentialAction\":[{\"@type\":\"ReadAction\",\"target\":[\"https:\\\/\\\/repliquemangacine.fr\\\/katana-bleach\\\/bankai-rebuild-ichigo\\\/\"]}]},{\"@type\":\"ImageObject\",\"inLanguage\":\"de\",\"@id\":\"https:\\\/\\\/repliquemangacine.fr\\\/katana-bleach\\\/bankai-rebuild-ichigo\\\/#primaryimage\",\"url\":\"https:\\\/\\\/repliquemangacine.fr\\\/wp-content\\\/uploads\\\/2023\\\/10\\\/Ichigo-BankaI-final-bleach.jpg\",\"contentUrl\":\"https:\\\/\\\/repliquemangacine.fr\\\/wp-content\\\/uploads\\\/2023\\\/10\\\/Ichigo-BankaI-final-bleach.jpg\",\"width\":500,\"height\":500,\"caption\":\"Banka\u00cf-rebuild Ichigo - Bleach\"},{\"@type\":\"BreadcrumbList\",\"@id\":\"https:\\\/\\\/repliquemangacine.fr\\\/katana-bleach\\\/bankai-rebuild-ichigo\\\/#breadcrumb\",\"itemListElement\":[{\"@type\":\"ListItem\",\"position\":1,\"name\":\"Accueil\",\"item\":\"https:\\\/\\\/repliquemangacine.fr\\\/\"},{\"@type\":\"ListItem\",\"position\":2,\"name\":\"Produits\",\"item\":\"https:\\\/\\\/repliquemangacine.fr\\\/boutique\\\/\"},{\"@type\":\"ListItem\",\"position\":3,\"name\":\"Banka\u00ef Rebuild Ichigo\"}]},{\"@type\":\"WebSite\",\"@id\":\"https:\\\/\\\/repliquemangacine.fr\\\/#website\",\"url\":\"https:\\\/\\\/repliquemangacine.fr\\\/\",\"name\":\"R\u00e9plique Manga Cin\u00e9\",\"description\":\"\",\"publisher\":{\"@id\":\"https:\\\/\\\/repliquemangacine.fr\\\/#organization\"},\"potentialAction\":[{\"@type\":\"SearchAction\",\"target\":{\"@type\":\"EntryPoint\",\"urlTemplate\":\"https:\\\/\\\/repliquemangacine.fr\\\/?s={search_term_string}\"},\"query-input\":{\"@type\":\"PropertyValueSpecification\",\"valueRequired\":true,\"valueName\":\"search_term_string\"}}],\"inLanguage\":\"de\"},{\"@type\":\"Organization\",\"@id\":\"https:\\\/\\\/repliquemangacine.fr\\\/#organization\",\"name\":\"R\u00e9plique Manga Cin\u00e9\",\"url\":\"https:\\\/\\\/repliquemangacine.fr\\\/\",\"logo\":{\"@type\":\"ImageObject\",\"inLanguage\":\"de\",\"@id\":\"https:\\\/\\\/repliquemangacine.fr\\\/#\\\/schema\\\/logo\\\/image\\\/\",\"url\":\"https:\\\/\\\/repliquemangacine.fr\\\/wp-content\\\/uploads\\\/2023\\\/10\\\/RMC-500250.png\",\"contentUrl\":\"https:\\\/\\\/repliquemangacine.fr\\\/wp-content\\\/uploads\\\/2023\\\/10\\\/RMC-500250.png\",\"width\":500,\"height\":250,\"caption\":\"R\u00e9plique Manga Cin\u00e9\"},\"image\":{\"@id\":\"https:\\\/\\\/repliquemangacine.fr\\\/#\\\/schema\\\/logo\\\/image\\\/\"},\"sameAs\":[\"https:\\\/\\\/www.facebook.com\\\/RepliqueMangaCine\",\"https:\\\/\\\/www.instagram.com\\\/repliquemangacine.fr\\\/\"]}]}<\/script>\n<!-- \/ Yoast SEO plugin. -->","yoast_head_json":{"title":"Bankai Rebuild Ichigo - Katana Bleach Online Shop - RMC","description":"Entdecken Sie das Bankai Rebuild Ichigo in Bleach zum besten Preis - Breite Klinge aus 440er Stahl - Kette - Scheide aus Kunstleder - Gesamtl\u00e4nge: 91cm","robots":{"index":"index","follow":"follow","max-snippet":"max-snippet:-1","max-image-preview":"max-image-preview:large","max-video-preview":"max-video-preview:-1"},"canonical":"https:\/\/repliquemangacine.fr\/de\/katana-bleach\/bankai-rebuild-ichigo\/","og_locale":"de_DE","og_type":"article","og_title":"Banka\u00ef Rebuild Ichigo - Boutique en ligne Katana Bleach - RMC","og_description":"D\u00e9couvrez le Banka\u00ef Rebuild Ichigo dans Bleach au meilleur prix - Lame large en acier 440 - Chainette - Fourreau en similicuir - Longueur totale : 91cm","og_url":"https:\/\/repliquemangacine.fr\/de\/katana-bleach\/bankai-rebuild-ichigo\/","og_site_name":"R\u00e9plique Manga Cin\u00e9","article_publisher":"https:\/\/www.facebook.com\/RepliqueMangaCine","article_modified_time":"2026-03-31T22:18:48+00:00","og_image":[{"width":500,"height":500,"url":"https:\/\/repliquemangacine.fr\/wp-content\/uploads\/2023\/10\/Ichigo-BankaI-final-bleach.jpg","type":"image\/jpeg"}],"twitter_card":"summary_large_image","twitter_misc":{"Gesch\u00e4tzte Lesezeit":"3\u00a0Minuten"},"schema":{"@context":"https:\/\/schema.org","@graph":[{"@type":"WebPage","@id":"https:\/\/repliquemangacine.fr\/katana-bleach\/bankai-rebuild-ichigo\/","url":"https:\/\/repliquemangacine.fr\/katana-bleach\/bankai-rebuild-ichigo\/","name":"Bankai Rebuild Ichigo - Katana Bleach Online Shop - RMC","isPartOf":{"@id":"https:\/\/repliquemangacine.fr\/#website"},"primaryImageOfPage":{"@id":"https:\/\/repliquemangacine.fr\/katana-bleach\/bankai-rebuild-ichigo\/#primaryimage"},"image":{"@id":"https:\/\/repliquemangacine.fr\/katana-bleach\/bankai-rebuild-ichigo\/#primaryimage"},"thumbnailUrl":"https:\/\/repliquemangacine.fr\/wp-content\/uploads\/2023\/10\/Ichigo-BankaI-final-bleach.jpg","datePublished":"2023-05-04T12:28:26+00:00","dateModified":"2026-03-31T22:18:48+00:00","description":"Entdecken Sie das Bankai Rebuild Ichigo in Bleach zum besten Preis - Breite Klinge aus 440er Stahl - Kette - Scheide aus Kunstleder - Gesamtl\u00e4nge: 91cm","breadcrumb":{"@id":"https:\/\/repliquemangacine.fr\/katana-bleach\/bankai-rebuild-ichigo\/#breadcrumb"},"inLanguage":"de","potentialAction":[{"@type":"ReadAction","target":["https:\/\/repliquemangacine.fr\/katana-bleach\/bankai-rebuild-ichigo\/"]}]},{"@type":"ImageObject","inLanguage":"de","@id":"https:\/\/repliquemangacine.fr\/katana-bleach\/bankai-rebuild-ichigo\/#primaryimage","url":"https:\/\/repliquemangacine.fr\/wp-content\/uploads\/2023\/10\/Ichigo-BankaI-final-bleach.jpg","contentUrl":"https:\/\/repliquemangacine.fr\/wp-content\/uploads\/2023\/10\/Ichigo-BankaI-final-bleach.jpg","width":500,"height":500,"caption":"Banka\u00cf-rebuild Ichigo - Bleach"},{"@type":"BreadcrumbList","@id":"https:\/\/repliquemangacine.fr\/katana-bleach\/bankai-rebuild-ichigo\/#breadcrumb","itemListElement":[{"@type":"ListItem","position":1,"name":"Accueil","item":"https:\/\/repliquemangacine.fr\/"},{"@type":"ListItem","position":2,"name":"Produits","item":"https:\/\/repliquemangacine.fr\/boutique\/"},{"@type":"ListItem","position":3,"name":"Banka\u00ef Rebuild Ichigo"}]},{"@type":"WebSite","@id":"https:\/\/repliquemangacine.fr\/#website","url":"https:\/\/repliquemangacine.fr\/","name":"R\u00e9plique Manga Cin\u00e9","description":"","publisher":{"@id":"https:\/\/repliquemangacine.fr\/#organization"},"potentialAction":[{"@type":"SearchAction","target":{"@type":"EntryPoint","urlTemplate":"https:\/\/repliquemangacine.fr\/?s={search_term_string}"},"query-input":{"@type":"PropertyValueSpecification","valueRequired":true,"valueName":"search_term_string"}}],"inLanguage":"de"},{"@type":"Organization","@id":"https:\/\/repliquemangacine.fr\/#organization","name":"R\u00e9plique Manga Cin\u00e9","url":"https:\/\/repliquemangacine.fr\/","logo":{"@type":"ImageObject","inLanguage":"de","@id":"https:\/\/repliquemangacine.fr\/#\/schema\/logo\/image\/","url":"https:\/\/repliquemangacine.fr\/wp-content\/uploads\/2023\/10\/RMC-500250.png","contentUrl":"https:\/\/repliquemangacine.fr\/wp-content\/uploads\/2023\/10\/RMC-500250.png","width":500,"height":250,"caption":"R\u00e9plique Manga Cin\u00e9"},"image":{"@id":"https:\/\/repliquemangacine.fr\/#\/schema\/logo\/image\/"},"sameAs":["https:\/\/www.facebook.com\/RepliqueMangaCine","https:\/\/www.instagram.com\/repliquemangacine.fr\/"]}]}},"_links":{"self":[{"href":"https:\/\/repliquemangacine.fr\/de\/wp-json\/wp\/v2\/product\/59995","targetHints":{"allow":["GET"]}}],"collection":[{"href":"https:\/\/repliquemangacine.fr\/de\/wp-json\/wp\/v2\/product"}],"about":[{"href":"https:\/\/repliquemangacine.fr\/de\/wp-json\/wp\/v2\/types\/product"}],"wp:featuredmedia":[{"embeddable":true,"href":"https:\/\/repliquemangacine.fr\/de\/wp-json\/wp\/v2\/media\/59996"}],"wp:attachment":[{"href":"https:\/\/repliquemangacine.fr\/de\/wp-json\/wp\/v2\/media?parent=59995"}],"wp:term":[{"taxonomy":"product_brand","embeddable":true,"href":"https:\/\/repliquemangacine.fr\/de\/wp-json\/wp\/v2\/product_brand?post=59995"},{"taxonomy":"product_cat","embeddable":true,"href":"https:\/\/repliquemangacine.fr\/de\/wp-json\/wp\/v2\/product_cat?post=59995"},{"taxonomy":"product_tag","embeddable":true,"href":"https:\/\/repliquemangacine.fr\/de\/wp-json\/wp\/v2\/product_tag?post=59995"}],"curies":[{"name":"wp","href":"https:\/\/api.w.org\/{rel}","templated":true}]}}