





{"id":59984,"date":"2023-05-04T09:35:31","date_gmt":"2023-05-04T07:35:31","guid":{"rendered":"https:\/\/repliquemangacine.fr\/?post_type=product&#038;p=59984"},"modified":"2026-02-22T23:09:26","modified_gmt":"2026-02-22T22:09:26","slug":"tengen-zwillingsschwerter","status":"publish","type":"product","link":"https:\/\/repliquemangacine.fr\/de\/katana-demon-slayer-metal\/epees-jumelle-de-tengen\/","title":{"rendered":"Zwillingsschwerter von Tengen"},"content":{"rendered":"<h2>Zwillingsschwerter von Tengen Demon Slayer<\/h2>\n<p>Zu Beginn <strong>Zwillingsschwerter von Tengen<\/strong> Demon Slayer sind mit der Kette, die die beiden Schwerter verbindet, absolut bemerkenswert.<\/p>\n<p><a href=\"https:\/\/kimetsu-no-yaiba.fandom.com\/fr\/wiki\/Tengen_Uzui\" target=\"_blank\" rel=\"noopener noreferrer\">Tengen Uzui<\/a> ist ein wichtiger Nebencharakter in Demon Slayer: Kimetsu no Yaiba. Er ist jedoch ein wichtiger Charakter des Bogens \"Vergn\u00fcgungsviertel\". Er ist ein D\u00e4monenzerst\u00f6rer der Armee der D\u00e4monenzerst\u00f6rer und die aktuelle S\u00e4ule des Klangs.<\/p>\n<p>Sein Kampfstil ist \"Atem des Klangs\". Dieser Atem wurde von Tengen entwickelt und ist einzigartig f\u00fcr ihn. Dank seines verbesserten Geh\u00f6rsinns verwendet er eine Kampfstrategie, die \"Punktzahl\" genannt wird.<br \/>\nDieser besteht darin, die Bewegungen seiner Gegner zu lesen und sie in Ton zu dekonstruieren, indem er den Rhythmus ihrer Bewegungen analysiert. Er nutzt insbesondere seine modifizierten Bomben, um sie mit seinem Atem zu koppeln.<\/p>\n<h2>Ihre Tengen-Zwillingsschwerter zum besten Preis.<\/h2>\n<p>Wir bieten dir alle Spr\u00fcche deiner Lieblingscharaktere aus dem Anime-Manga Demon Slayer.<\/p>\n<p>Zun\u00e4chst einmal :<\/p>\n<ul>\n<li>Die <a href=\"https:\/\/repliquemangacine.fr\/de\/katana-demon-slayer\/katana-giyu-tomioka-blau-demon-slayer\/\">Katana von Giyu Tomioka<\/a> mit seiner Klinge, die mit japanischen Symbolen und blauem Dekor im Siebdruckverfahren bedruckt ist.<\/li>\n<li>Sowie das Katana von Ky\u014djur\u014d Rengoku in seiner handgeschmiedeten scharfen Version.<\/li>\n<li>Und viele andere, die es in unserem Online-Shop zu entdecken gibt!<\/li>\n<\/ul>\n<p>Deshalb sind hier tolle Geschenkideen f\u00fcr Fans von Kimetsu no Yaiba oder Demon Slayer.<\/p>\n<p>Abschlie\u00dfend k\u00f6nnen Sie auch diesen <strong>Zwillingsschwert von Tengen<\/strong> Demon Slayer f\u00fcr Ihre Cosplay-Paraden oder Themenpartys. Vor allem aber ist das S\u00e4ulenschwert Tengen Uzui, auch ein Sammler- und Dekorationsst\u00fcck.<\/p>\n<h2>Wie pflegt man die Klinge seines Demon Slayer-Schwerts?<\/h2>\n<p>Katanas f\u00fcr Sammlungen und Dekorationen werden auf vereinfachte Weise hergestellt und zusammengebaut. Da sie zu Dekorationszwecken verwendet werden, fehlen ihnen die Sicherheitsmerkmale, die ein japanisches Schwert f\u00fcr Trainingszwecke aufweisen muss.<\/p>\n<p>Allerdings ist Ihr <strong>Zwillingsschwerter von Tengen<\/strong> von Demon Slayer hat eine Stahlklinge, die Sie pflegen m\u00fcssen, damit sie nicht mit der Zeit abgenutzt wird. Denn wenn Sie Ihr Katana ausstellen, werden Ihre Freunde neugierig sein, die Klinge zu sehen und sie zu ber\u00fchren. Hier ist Vorsicht geboten. Es sei darauf hingewiesen, dass die S\u00e4ure der Finger f\u00fcr Stahl jeglicher Qualit\u00e4t sehr sch\u00e4dlich ist.<\/p>\n<p>Wenn das passiert, keine Panik, Sie brauchen nur ein Tuch, das Sie mit etwas \u00d6l befeuchten und die Fingerabdr\u00fccke abwischen. Wenn Sie dies tun, werden Sie Ihr Schwert sehr lange behalten.<\/p>","protected":false},"excerpt":{"rendered":"<p>Set aus zwei Schwertern aus Tengen<\/p>\n<ul>\n<li>Klingen aus 440er Stahl (nicht scharf) mit Kanjis.<\/li>\n<li>Speziell geformte Stahlgarden.<\/li>\n<li>Holzgriffe mit rotem Baumwollgeflecht \u00fcberzogen.<\/li>\n<li>Kette, die das andere Zwillingsschwert verbindet.<\/li>\n<li>Scheiden aus schwarzem Kunstleder.<\/li>\n<li>L\u00e4nge der Klinge: 50 cm - Gesamtl\u00e4nge: 80 cm<\/li>\n<\/ul>","protected":false},"featured_media":59985,"template":"","meta":[],"product_brand":[896],"product_cat":[63,117,23],"product_tag":[],"class_list":{"0":"post-59984","1":"product","2":"type-product","3":"status-publish","4":"has-post-thumbnail","6":"product_brand-replique-manga-cine","7":"product_cat-katana-demon-slayer","8":"product_cat-katana-demon-slayer-metal","9":"product_cat-repliques-manga-jeux-video","11":"first","12":"instock","13":"taxable","14":"shipping-taxable","15":"purchasable","16":"product-type-simple"},"yoast_head":"<!-- This site is optimized with the Yoast SEO plugin v27.5 - https:\/\/yoast.com\/product\/yoast-seo-wordpress\/ -->\n<title>Ep\u00e9es jumelle de Tengen - Vente de Katana Demon Slayer - RMC<\/title>\n<meta name=\"description\" content=\"Offrez-lui ! Les deux Ep\u00e9es jumelle de Tengen dans Demon Slayer au meilleur prix - Lames en acier d\u00e9cor\u00e9e - Fourreau simili - Longueur : 80 cm\" \/>\n<meta name=\"robots\" content=\"index, follow, max-snippet:-1, max-image-preview:large, max-video-preview:-1\" \/>\n<link rel=\"canonical\" href=\"https:\/\/repliquemangacine.fr\/de\/katana-demon-slayer-metal\/tengen-zwillingsschwerter\/\" \/>\n<meta property=\"og:locale\" content=\"de_DE\" \/>\n<meta property=\"og:type\" content=\"article\" \/>\n<meta property=\"og:title\" content=\"Ep\u00e9es jumelle de Tengen - Vente de Katana Demon Slayer - RMC\" \/>\n<meta property=\"og:description\" content=\"Offrez-lui ! Les deux Ep\u00e9es jumelle de Tengen dans Demon Slayer au meilleur prix - Lames en acier d\u00e9cor\u00e9e - Fourreau simili - Longueur : 80 cm\" \/>\n<meta property=\"og:url\" content=\"https:\/\/repliquemangacine.fr\/de\/katana-demon-slayer-metal\/tengen-zwillingsschwerter\/\" \/>\n<meta property=\"og:site_name\" content=\"R\u00e9plique Manga Cin\u00e9\" \/>\n<meta property=\"article:publisher\" content=\"https:\/\/www.facebook.com\/RepliqueMangaCine\" \/>\n<meta property=\"article:modified_time\" content=\"2026-02-22T22:09:26+00:00\" \/>\n<meta property=\"og:image\" content=\"https:\/\/repliquemangacine.fr\/wp-content\/uploads\/2023\/10\/Epee-jumelle-Tengen.jpg\" \/>\n\t<meta property=\"og:image:width\" content=\"500\" \/>\n\t<meta property=\"og:image:height\" content=\"500\" \/>\n\t<meta property=\"og:image:type\" content=\"image\/jpeg\" \/>\n<meta name=\"twitter:card\" content=\"summary_large_image\" \/>\n<meta name=\"twitter:label1\" content=\"Gesch\u00e4tzte Lesezeit\" \/>\n\t<meta name=\"twitter:data1\" content=\"3\u00a0Minuten\" \/>\n<script type=\"application\/ld+json\" class=\"yoast-schema-graph\">{\"@context\":\"https:\\\/\\\/schema.org\",\"@graph\":[{\"@type\":\"WebPage\",\"@id\":\"https:\\\/\\\/repliquemangacine.fr\\\/katana-demon-slayer-metal\\\/epees-jumelle-de-tengen\\\/\",\"url\":\"https:\\\/\\\/repliquemangacine.fr\\\/katana-demon-slayer-metal\\\/epees-jumelle-de-tengen\\\/\",\"name\":\"Ep\u00e9es jumelle de Tengen - Vente de Katana Demon Slayer - RMC\",\"isPartOf\":{\"@id\":\"https:\\\/\\\/repliquemangacine.fr\\\/#website\"},\"primaryImageOfPage\":{\"@id\":\"https:\\\/\\\/repliquemangacine.fr\\\/katana-demon-slayer-metal\\\/epees-jumelle-de-tengen\\\/#primaryimage\"},\"image\":{\"@id\":\"https:\\\/\\\/repliquemangacine.fr\\\/katana-demon-slayer-metal\\\/epees-jumelle-de-tengen\\\/#primaryimage\"},\"thumbnailUrl\":\"https:\\\/\\\/repliquemangacine.fr\\\/wp-content\\\/uploads\\\/2023\\\/10\\\/Epee-jumelle-Tengen.jpg\",\"datePublished\":\"2023-05-04T07:35:31+00:00\",\"dateModified\":\"2026-02-22T22:09:26+00:00\",\"description\":\"Offrez-lui ! Les deux Ep\u00e9es jumelle de Tengen dans Demon Slayer au meilleur prix - Lames en acier d\u00e9cor\u00e9e - Fourreau simili - Longueur : 80 cm\",\"breadcrumb\":{\"@id\":\"https:\\\/\\\/repliquemangacine.fr\\\/katana-demon-slayer-metal\\\/epees-jumelle-de-tengen\\\/#breadcrumb\"},\"inLanguage\":\"de\",\"potentialAction\":[{\"@type\":\"ReadAction\",\"target\":[\"https:\\\/\\\/repliquemangacine.fr\\\/katana-demon-slayer-metal\\\/epees-jumelle-de-tengen\\\/\"]}]},{\"@type\":\"ImageObject\",\"inLanguage\":\"de\",\"@id\":\"https:\\\/\\\/repliquemangacine.fr\\\/katana-demon-slayer-metal\\\/epees-jumelle-de-tengen\\\/#primaryimage\",\"url\":\"https:\\\/\\\/repliquemangacine.fr\\\/wp-content\\\/uploads\\\/2023\\\/10\\\/Epee-jumelle-Tengen.jpg\",\"contentUrl\":\"https:\\\/\\\/repliquemangacine.fr\\\/wp-content\\\/uploads\\\/2023\\\/10\\\/Epee-jumelle-Tengen.jpg\",\"width\":500,\"height\":500,\"caption\":\"Ep\u00e9es-jumelle de Tengen Demon Slayer\"},{\"@type\":\"BreadcrumbList\",\"@id\":\"https:\\\/\\\/repliquemangacine.fr\\\/katana-demon-slayer-metal\\\/epees-jumelle-de-tengen\\\/#breadcrumb\",\"itemListElement\":[{\"@type\":\"ListItem\",\"position\":1,\"name\":\"Accueil\",\"item\":\"https:\\\/\\\/repliquemangacine.fr\\\/\"},{\"@type\":\"ListItem\",\"position\":2,\"name\":\"Produits\",\"item\":\"https:\\\/\\\/repliquemangacine.fr\\\/boutique\\\/\"},{\"@type\":\"ListItem\",\"position\":3,\"name\":\"Ep\u00e9es jumelle de Tengen\"}]},{\"@type\":\"WebSite\",\"@id\":\"https:\\\/\\\/repliquemangacine.fr\\\/#website\",\"url\":\"https:\\\/\\\/repliquemangacine.fr\\\/\",\"name\":\"R\u00e9plique Manga Cin\u00e9\",\"description\":\"\",\"publisher\":{\"@id\":\"https:\\\/\\\/repliquemangacine.fr\\\/#organization\"},\"potentialAction\":[{\"@type\":\"SearchAction\",\"target\":{\"@type\":\"EntryPoint\",\"urlTemplate\":\"https:\\\/\\\/repliquemangacine.fr\\\/?s={search_term_string}\"},\"query-input\":{\"@type\":\"PropertyValueSpecification\",\"valueRequired\":true,\"valueName\":\"search_term_string\"}}],\"inLanguage\":\"de\"},{\"@type\":\"Organization\",\"@id\":\"https:\\\/\\\/repliquemangacine.fr\\\/#organization\",\"name\":\"R\u00e9plique Manga Cin\u00e9\",\"url\":\"https:\\\/\\\/repliquemangacine.fr\\\/\",\"logo\":{\"@type\":\"ImageObject\",\"inLanguage\":\"de\",\"@id\":\"https:\\\/\\\/repliquemangacine.fr\\\/#\\\/schema\\\/logo\\\/image\\\/\",\"url\":\"https:\\\/\\\/repliquemangacine.fr\\\/wp-content\\\/uploads\\\/2023\\\/10\\\/RMC-500250.png\",\"contentUrl\":\"https:\\\/\\\/repliquemangacine.fr\\\/wp-content\\\/uploads\\\/2023\\\/10\\\/RMC-500250.png\",\"width\":500,\"height\":250,\"caption\":\"R\u00e9plique Manga Cin\u00e9\"},\"image\":{\"@id\":\"https:\\\/\\\/repliquemangacine.fr\\\/#\\\/schema\\\/logo\\\/image\\\/\"},\"sameAs\":[\"https:\\\/\\\/www.facebook.com\\\/RepliqueMangaCine\",\"https:\\\/\\\/www.instagram.com\\\/repliquemangacine.fr\\\/\"]}]}<\/script>\n<!-- \/ Yoast SEO plugin. -->","yoast_head_json":{"title":"Tengens Zwillingsschwerter - Verkauf von Katana Demon Slayer - RMC","description":"Schenken Sie es ihm! Die beiden Zwillingsschwerter von Tengen in Demon Slayer zum besten Preis - Verzierte Stahlklingen - Kunstlederscheide - L\u00e4nge: 80 cm","robots":{"index":"index","follow":"follow","max-snippet":"max-snippet:-1","max-image-preview":"max-image-preview:large","max-video-preview":"max-video-preview:-1"},"canonical":"https:\/\/repliquemangacine.fr\/de\/katana-demon-slayer-metal\/tengen-zwillingsschwerter\/","og_locale":"de_DE","og_type":"article","og_title":"Ep\u00e9es jumelle de Tengen - Vente de Katana Demon Slayer - RMC","og_description":"Offrez-lui ! Les deux Ep\u00e9es jumelle de Tengen dans Demon Slayer au meilleur prix - Lames en acier d\u00e9cor\u00e9e - Fourreau simili - Longueur : 80 cm","og_url":"https:\/\/repliquemangacine.fr\/de\/katana-demon-slayer-metal\/tengen-zwillingsschwerter\/","og_site_name":"R\u00e9plique Manga Cin\u00e9","article_publisher":"https:\/\/www.facebook.com\/RepliqueMangaCine","article_modified_time":"2026-02-22T22:09:26+00:00","og_image":[{"width":500,"height":500,"url":"https:\/\/repliquemangacine.fr\/wp-content\/uploads\/2023\/10\/Epee-jumelle-Tengen.jpg","type":"image\/jpeg"}],"twitter_card":"summary_large_image","twitter_misc":{"Gesch\u00e4tzte Lesezeit":"3\u00a0Minuten"},"schema":{"@context":"https:\/\/schema.org","@graph":[{"@type":"WebPage","@id":"https:\/\/repliquemangacine.fr\/katana-demon-slayer-metal\/epees-jumelle-de-tengen\/","url":"https:\/\/repliquemangacine.fr\/katana-demon-slayer-metal\/epees-jumelle-de-tengen\/","name":"Tengens Zwillingsschwerter - Verkauf von Katana Demon Slayer - RMC","isPartOf":{"@id":"https:\/\/repliquemangacine.fr\/#website"},"primaryImageOfPage":{"@id":"https:\/\/repliquemangacine.fr\/katana-demon-slayer-metal\/epees-jumelle-de-tengen\/#primaryimage"},"image":{"@id":"https:\/\/repliquemangacine.fr\/katana-demon-slayer-metal\/epees-jumelle-de-tengen\/#primaryimage"},"thumbnailUrl":"https:\/\/repliquemangacine.fr\/wp-content\/uploads\/2023\/10\/Epee-jumelle-Tengen.jpg","datePublished":"2023-05-04T07:35:31+00:00","dateModified":"2026-02-22T22:09:26+00:00","description":"Schenken Sie es ihm! Die beiden Zwillingsschwerter von Tengen in Demon Slayer zum besten Preis - Verzierte Stahlklingen - Kunstlederscheide - L\u00e4nge: 80 cm","breadcrumb":{"@id":"https:\/\/repliquemangacine.fr\/katana-demon-slayer-metal\/epees-jumelle-de-tengen\/#breadcrumb"},"inLanguage":"de","potentialAction":[{"@type":"ReadAction","target":["https:\/\/repliquemangacine.fr\/katana-demon-slayer-metal\/epees-jumelle-de-tengen\/"]}]},{"@type":"ImageObject","inLanguage":"de","@id":"https:\/\/repliquemangacine.fr\/katana-demon-slayer-metal\/epees-jumelle-de-tengen\/#primaryimage","url":"https:\/\/repliquemangacine.fr\/wp-content\/uploads\/2023\/10\/Epee-jumelle-Tengen.jpg","contentUrl":"https:\/\/repliquemangacine.fr\/wp-content\/uploads\/2023\/10\/Epee-jumelle-Tengen.jpg","width":500,"height":500,"caption":"Ep\u00e9es-jumelle de Tengen Demon Slayer"},{"@type":"BreadcrumbList","@id":"https:\/\/repliquemangacine.fr\/katana-demon-slayer-metal\/epees-jumelle-de-tengen\/#breadcrumb","itemListElement":[{"@type":"ListItem","position":1,"name":"Accueil","item":"https:\/\/repliquemangacine.fr\/"},{"@type":"ListItem","position":2,"name":"Produits","item":"https:\/\/repliquemangacine.fr\/boutique\/"},{"@type":"ListItem","position":3,"name":"Ep\u00e9es jumelle de Tengen"}]},{"@type":"WebSite","@id":"https:\/\/repliquemangacine.fr\/#website","url":"https:\/\/repliquemangacine.fr\/","name":"R\u00e9plique Manga Cin\u00e9","description":"","publisher":{"@id":"https:\/\/repliquemangacine.fr\/#organization"},"potentialAction":[{"@type":"SearchAction","target":{"@type":"EntryPoint","urlTemplate":"https:\/\/repliquemangacine.fr\/?s={search_term_string}"},"query-input":{"@type":"PropertyValueSpecification","valueRequired":true,"valueName":"search_term_string"}}],"inLanguage":"de"},{"@type":"Organization","@id":"https:\/\/repliquemangacine.fr\/#organization","name":"R\u00e9plique Manga Cin\u00e9","url":"https:\/\/repliquemangacine.fr\/","logo":{"@type":"ImageObject","inLanguage":"de","@id":"https:\/\/repliquemangacine.fr\/#\/schema\/logo\/image\/","url":"https:\/\/repliquemangacine.fr\/wp-content\/uploads\/2023\/10\/RMC-500250.png","contentUrl":"https:\/\/repliquemangacine.fr\/wp-content\/uploads\/2023\/10\/RMC-500250.png","width":500,"height":250,"caption":"R\u00e9plique Manga Cin\u00e9"},"image":{"@id":"https:\/\/repliquemangacine.fr\/#\/schema\/logo\/image\/"},"sameAs":["https:\/\/www.facebook.com\/RepliqueMangaCine","https:\/\/www.instagram.com\/repliquemangacine.fr\/"]}]}},"_links":{"self":[{"href":"https:\/\/repliquemangacine.fr\/de\/wp-json\/wp\/v2\/product\/59984","targetHints":{"allow":["GET"]}}],"collection":[{"href":"https:\/\/repliquemangacine.fr\/de\/wp-json\/wp\/v2\/product"}],"about":[{"href":"https:\/\/repliquemangacine.fr\/de\/wp-json\/wp\/v2\/types\/product"}],"wp:featuredmedia":[{"embeddable":true,"href":"https:\/\/repliquemangacine.fr\/de\/wp-json\/wp\/v2\/media\/59985"}],"wp:attachment":[{"href":"https:\/\/repliquemangacine.fr\/de\/wp-json\/wp\/v2\/media?parent=59984"}],"wp:term":[{"taxonomy":"product_brand","embeddable":true,"href":"https:\/\/repliquemangacine.fr\/de\/wp-json\/wp\/v2\/product_brand?post=59984"},{"taxonomy":"product_cat","embeddable":true,"href":"https:\/\/repliquemangacine.fr\/de\/wp-json\/wp\/v2\/product_cat?post=59984"},{"taxonomy":"product_tag","embeddable":true,"href":"https:\/\/repliquemangacine.fr\/de\/wp-json\/wp\/v2\/product_tag?post=59984"}],"curies":[{"name":"wp","href":"https:\/\/api.w.org\/{rel}","templated":true}]}}