





{"id":59089,"date":"2023-03-06T16:42:34","date_gmt":"2023-03-06T15:42:34","guid":{"rendered":"https:\/\/repliquemangacine.fr\/?post_type=product&#038;p=59089"},"modified":"2026-04-29T14:56:45","modified_gmt":"2026-04-29T12:56:45","slug":"blister-208-kolser-zundhutchen","status":"publish","type":"product","link":"https:\/\/repliquemangacine.fr\/de\/holster-accessoires-western\/blister-208-amorces-kolser\/","title":{"rendered":"Blister 208 Z\u00fcndh\u00fctchen Kolser"},"content":{"rendered":"<h2>Blister 208 Z\u00fcndh\u00fctchen Kolser<\/h2>\n<p>Zu Beginn wird der <strong>Blisterpackung mit 208 Kolser-Z\u00fcndh\u00fctchen<\/strong> ist nur f\u00fcr Kugeln und Waffen reserviert <a href=\"https:\/\/kolser.com\/fr\/\" target=\"_blank\" rel=\"noopener noreferrer\">Kolser<\/a>.<\/p>\n<p>Sie suchen f\u00fcr Ihre Reenactments, Filme oder Westernshows harmlose Waffen, die die Illusion eines echten Schusses vermitteln. Ihre Z\u00fcndh\u00fctchen sind so gestaltet, dass sie Ihnen das geben, was Sie wollen.<\/p>\n<p>Kolser hat n\u00e4mlich Kugeln mit einem kleinen Stift entwickelt, in den ein Z\u00fcndh\u00fctchen eingelegt werden kann. Wenn der Hahn der Pistole oder des Gewehrs auf das Z\u00fcndh\u00fctchen trifft, knallt es wie bei einer echten Kugel.<\/p>\n<p>Die Illusion eines echten Schusses ist verbl\u00fcffend, Ihre Zuschauer werden nichts anderes als Feuer sehen!<\/p>\n<h2>Ihr Blister 208 Amorces Kolser zum besten Preis.<\/h2>\n<p>Wir bieten Ihnen eine gro\u00dfe Auswahl an Repliken von Kolser Colts und Winchester.<\/p>\n<p>Zun\u00e4chst einmal,<\/p>\n<ul>\n<li>Die <a href=\"https:\/\/repliquemangacine.fr\/de\/kolser-waffe\/koffer-colt-45-poliert-4-75-zoll-1873-kolser\/\">colt peacemaker 1873<\/a> Kaliber 45 handpoliert Kolser.<\/li>\n<li>Es gibt auch das Gewehr <a href=\"https:\/\/repliquemangacine.fr\/de\/kolser-waffe\/winchester-laiton-98cm-kolser\/\">winchester Kolser 98cm<\/a> Messing mit Ballenauswurf<\/li>\n<li>Sowie das <a href=\"https:\/\/repliquemangacine.fr\/de\/colts-revolver\/peacemaker-kolser-5-5-snake\/\">colt 45<\/a> mit austauschbarem Griff und Schlangengravur<\/li>\n<li>Und viele andere, die es in unserem Online-Shop zu entdecken gibt!<\/li>\n<\/ul>\n<p>Deshalb gibt es hier tolle Geschenkideen f\u00fcr alle Westernfans<\/p>\n<p>Zusammenfassend l\u00e4sst sich sagen, dass Sie diesen Blister mit 208 Kolser-Z\u00fcndh\u00fctchen f\u00fcr Ihre Westernauff\u00fchrungen und -shows verwenden k\u00f6nnen. Vor allem aber sind seine Waffennachbildungen Sammler- und Dekorationsobjekte.<\/p>\n<h2>G\u00fcnstige Kolser-Waffenrepliken<\/h2>\n<p>Wir bieten Ihnen eine gro\u00dfe Auswahl an Nachbildungen von Westernwaffen der Marke Kolser. Alle seine Reproduktionen sind so konzipiert, dass sie Ihnen die Illusion eines echten Schusses wie :<\/p>\n<ul>\n<li>Die <a href=\"https:\/\/repliquemangacine.fr\/de\/kolser-waffe\/mares-leg-55cm-grey-kolser\/\">Mare's Bein<\/a> von Joss Randall aus der Serie \"Im Namen des Gesetzes\" mit Kugelauswurf.<\/li>\n<li>Es gibt auch die <a href=\"https:\/\/repliquemangacine.fr\/de\/kolser-waffe\/koffer-colt-45-messing-1873-kolser\/\">Peacemaker colts<\/a> mit verschiedenen Laufl\u00e4ngen.<\/li>\n<li>Sowie winchester-gewehre ebenfalls mit verschiedenen Laufl\u00e4ngen und Kugelauswurf<\/li>\n<li>Und viele andere, die es in unserem Online-Shop zu entdecken gibt!<\/li>\n<\/ul>\n<p>Alle seine Repliken werden zusammen mit den Attrappenkugeln in einer Schachtel geliefert.<\/p>\n<p>R\u00e9plique Manga Cin\u00e9 ist ein franz\u00f6sisches Familienunternehmen.<\/p>","protected":false},"excerpt":{"rendered":"<p>Blisterpackung mit 208 Z\u00fcndh\u00fctchen f\u00fcr Kolser-B\u00e4lle<\/p>\n<ul>\n<li>Nur f\u00fcr Kolser-Waffen und -Geschosse reserviert<\/li>\n<li>Schneiden Sie die Primer untereinander aus und legen Sie sie in die Kolser-B\u00e4lle.<\/li>\n<li>Ihre Kolser-Waffe wird knallen wie ein echter<\/li>\n<\/ul>","protected":false},"featured_media":59090,"template":"","meta":[],"product_brand":[896],"product_cat":[51,100,90,27],"product_tag":[],"class_list":{"0":"post-59089","1":"product","2":"type-product","3":"status-publish","4":"has-post-thumbnail","6":"product_brand-replique-manga-cine","7":"product_cat-accessoires-western","8":"product_cat-arme-kolser","9":"product_cat-holster-accessoires-western","10":"product_cat-armes-et-accessoires-western","12":"first","13":"instock","14":"taxable","15":"shipping-taxable","16":"purchasable","17":"product-type-simple"},"yoast_head":"<!-- This site is optimized with the Yoast SEO plugin v27.5 - https:\/\/yoast.com\/product\/yoast-seo-wordpress\/ -->\n<title>Blister 208 Amorces Kolser - R\u00e9plique Manga Cin\u00e9<\/title>\n<meta name=\"description\" content=\"Commandez vite ! Votre Blister de 208 amorces Kolser au meilleur prix. R\u00e9server uniquement pour les balles Kolser - Diam\u00e8tre 5mm - Envoi 24\/48h\" \/>\n<meta name=\"robots\" content=\"index, follow, max-snippet:-1, max-image-preview:large, max-video-preview:-1\" \/>\n<link rel=\"canonical\" href=\"https:\/\/repliquemangacine.fr\/de\/kolser-waffe\/blister-208-kolser-zundhutchen\/\" \/>\n<meta property=\"og:locale\" content=\"de_DE\" \/>\n<meta property=\"og:type\" content=\"article\" \/>\n<meta property=\"og:title\" content=\"Blister 208 Amorces Kolser - R\u00e9plique Manga Cin\u00e9\" \/>\n<meta property=\"og:description\" content=\"Commandez vite ! Votre Blister de 208 amorces Kolser au meilleur prix. R\u00e9server uniquement pour les balles Kolser - Diam\u00e8tre 5mm - Envoi 24\/48h\" \/>\n<meta property=\"og:url\" content=\"https:\/\/repliquemangacine.fr\/de\/kolser-waffe\/blister-208-kolser-zundhutchen\/\" \/>\n<meta property=\"og:site_name\" content=\"R\u00e9plique Manga Cin\u00e9\" \/>\n<meta property=\"article:publisher\" content=\"https:\/\/www.facebook.com\/RepliqueMangaCine\" \/>\n<meta property=\"article:modified_time\" content=\"2026-04-29T12:56:45+00:00\" \/>\n<meta property=\"og:image\" content=\"https:\/\/repliquemangacine.fr\/wp-content\/uploads\/2023\/10\/petard-balles-kolser.jpg\" \/>\n\t<meta property=\"og:image:width\" content=\"500\" \/>\n\t<meta property=\"og:image:height\" content=\"500\" \/>\n\t<meta property=\"og:image:type\" content=\"image\/jpeg\" \/>\n<meta name=\"twitter:card\" content=\"summary_large_image\" \/>\n<meta name=\"twitter:label1\" content=\"Gesch\u00e4tzte Lesezeit\" \/>\n\t<meta name=\"twitter:data1\" content=\"2\u00a0Minuten\" \/>\n<script type=\"application\/ld+json\" class=\"yoast-schema-graph\">{\"@context\":\"https:\\\/\\\/schema.org\",\"@graph\":[{\"@type\":\"WebPage\",\"@id\":\"https:\\\/\\\/repliquemangacine.fr\\\/arme-kolser\\\/blister-208-amorces-kolser\\\/\",\"url\":\"https:\\\/\\\/repliquemangacine.fr\\\/arme-kolser\\\/blister-208-amorces-kolser\\\/\",\"name\":\"Blister 208 Amorces Kolser - R\u00e9plique Manga Cin\u00e9\",\"isPartOf\":{\"@id\":\"https:\\\/\\\/repliquemangacine.fr\\\/#website\"},\"primaryImageOfPage\":{\"@id\":\"https:\\\/\\\/repliquemangacine.fr\\\/arme-kolser\\\/blister-208-amorces-kolser\\\/#primaryimage\"},\"image\":{\"@id\":\"https:\\\/\\\/repliquemangacine.fr\\\/arme-kolser\\\/blister-208-amorces-kolser\\\/#primaryimage\"},\"thumbnailUrl\":\"https:\\\/\\\/repliquemangacine.fr\\\/wp-content\\\/uploads\\\/2023\\\/10\\\/petard-balles-kolser.jpg\",\"datePublished\":\"2023-03-06T15:42:34+00:00\",\"dateModified\":\"2026-04-29T12:56:45+00:00\",\"description\":\"Commandez vite ! Votre Blister de 208 amorces Kolser au meilleur prix. R\u00e9server uniquement pour les balles Kolser - Diam\u00e8tre 5mm - Envoi 24\\\/48h\",\"breadcrumb\":{\"@id\":\"https:\\\/\\\/repliquemangacine.fr\\\/arme-kolser\\\/blister-208-amorces-kolser\\\/#breadcrumb\"},\"inLanguage\":\"de\",\"potentialAction\":[{\"@type\":\"ReadAction\",\"target\":[\"https:\\\/\\\/repliquemangacine.fr\\\/arme-kolser\\\/blister-208-amorces-kolser\\\/\"]}]},{\"@type\":\"ImageObject\",\"inLanguage\":\"de\",\"@id\":\"https:\\\/\\\/repliquemangacine.fr\\\/arme-kolser\\\/blister-208-amorces-kolser\\\/#primaryimage\",\"url\":\"https:\\\/\\\/repliquemangacine.fr\\\/wp-content\\\/uploads\\\/2023\\\/10\\\/petard-balles-kolser.jpg\",\"contentUrl\":\"https:\\\/\\\/repliquemangacine.fr\\\/wp-content\\\/uploads\\\/2023\\\/10\\\/petard-balles-kolser.jpg\",\"width\":500,\"height\":500,\"caption\":\"Blister 208 Amorces Kolser\"},{\"@type\":\"BreadcrumbList\",\"@id\":\"https:\\\/\\\/repliquemangacine.fr\\\/arme-kolser\\\/blister-208-amorces-kolser\\\/#breadcrumb\",\"itemListElement\":[{\"@type\":\"ListItem\",\"position\":1,\"name\":\"Accueil\",\"item\":\"https:\\\/\\\/repliquemangacine.fr\\\/\"},{\"@type\":\"ListItem\",\"position\":2,\"name\":\"Produits\",\"item\":\"https:\\\/\\\/repliquemangacine.fr\\\/boutique\\\/\"},{\"@type\":\"ListItem\",\"position\":3,\"name\":\"Blister 208 Amorces Kolser\"}]},{\"@type\":\"WebSite\",\"@id\":\"https:\\\/\\\/repliquemangacine.fr\\\/#website\",\"url\":\"https:\\\/\\\/repliquemangacine.fr\\\/\",\"name\":\"R\u00e9plique Manga Cin\u00e9\",\"description\":\"\",\"publisher\":{\"@id\":\"https:\\\/\\\/repliquemangacine.fr\\\/#organization\"},\"potentialAction\":[{\"@type\":\"SearchAction\",\"target\":{\"@type\":\"EntryPoint\",\"urlTemplate\":\"https:\\\/\\\/repliquemangacine.fr\\\/?s={search_term_string}\"},\"query-input\":{\"@type\":\"PropertyValueSpecification\",\"valueRequired\":true,\"valueName\":\"search_term_string\"}}],\"inLanguage\":\"de\"},{\"@type\":\"Organization\",\"@id\":\"https:\\\/\\\/repliquemangacine.fr\\\/#organization\",\"name\":\"R\u00e9plique Manga Cin\u00e9\",\"url\":\"https:\\\/\\\/repliquemangacine.fr\\\/\",\"logo\":{\"@type\":\"ImageObject\",\"inLanguage\":\"de\",\"@id\":\"https:\\\/\\\/repliquemangacine.fr\\\/#\\\/schema\\\/logo\\\/image\\\/\",\"url\":\"https:\\\/\\\/repliquemangacine.fr\\\/wp-content\\\/uploads\\\/2023\\\/10\\\/RMC-500250.png\",\"contentUrl\":\"https:\\\/\\\/repliquemangacine.fr\\\/wp-content\\\/uploads\\\/2023\\\/10\\\/RMC-500250.png\",\"width\":500,\"height\":250,\"caption\":\"R\u00e9plique Manga Cin\u00e9\"},\"image\":{\"@id\":\"https:\\\/\\\/repliquemangacine.fr\\\/#\\\/schema\\\/logo\\\/image\\\/\"},\"sameAs\":[\"https:\\\/\\\/www.facebook.com\\\/RepliqueMangaCine\",\"https:\\\/\\\/www.instagram.com\\\/repliquemangacine.fr\\\/\"]}]}<\/script>\n<!-- \/ Yoast SEO plugin. -->","yoast_head_json":{"title":"Blister 208 Z\u00fcndh\u00fctchen Kolser - R\u00e9plique Manga Cin\u00e9","description":"Bestellen Sie schnell! Ihr Blister mit 208 Kolser-Z\u00fcndh\u00fctchen zum besten Preis. Nur f\u00fcr Kolser Kugeln reservieren - Durchmesser 5mm - Versand 24\/48h","robots":{"index":"index","follow":"follow","max-snippet":"max-snippet:-1","max-image-preview":"max-image-preview:large","max-video-preview":"max-video-preview:-1"},"canonical":"https:\/\/repliquemangacine.fr\/de\/kolser-waffe\/blister-208-kolser-zundhutchen\/","og_locale":"de_DE","og_type":"article","og_title":"Blister 208 Amorces Kolser - R\u00e9plique Manga Cin\u00e9","og_description":"Commandez vite ! Votre Blister de 208 amorces Kolser au meilleur prix. R\u00e9server uniquement pour les balles Kolser - Diam\u00e8tre 5mm - Envoi 24\/48h","og_url":"https:\/\/repliquemangacine.fr\/de\/kolser-waffe\/blister-208-kolser-zundhutchen\/","og_site_name":"R\u00e9plique Manga Cin\u00e9","article_publisher":"https:\/\/www.facebook.com\/RepliqueMangaCine","article_modified_time":"2026-04-29T12:56:45+00:00","og_image":[{"width":500,"height":500,"url":"https:\/\/repliquemangacine.fr\/wp-content\/uploads\/2023\/10\/petard-balles-kolser.jpg","type":"image\/jpeg"}],"twitter_card":"summary_large_image","twitter_misc":{"Gesch\u00e4tzte Lesezeit":"2\u00a0Minuten"},"schema":{"@context":"https:\/\/schema.org","@graph":[{"@type":"WebPage","@id":"https:\/\/repliquemangacine.fr\/arme-kolser\/blister-208-amorces-kolser\/","url":"https:\/\/repliquemangacine.fr\/arme-kolser\/blister-208-amorces-kolser\/","name":"Blister 208 Z\u00fcndh\u00fctchen Kolser - R\u00e9plique Manga Cin\u00e9","isPartOf":{"@id":"https:\/\/repliquemangacine.fr\/#website"},"primaryImageOfPage":{"@id":"https:\/\/repliquemangacine.fr\/arme-kolser\/blister-208-amorces-kolser\/#primaryimage"},"image":{"@id":"https:\/\/repliquemangacine.fr\/arme-kolser\/blister-208-amorces-kolser\/#primaryimage"},"thumbnailUrl":"https:\/\/repliquemangacine.fr\/wp-content\/uploads\/2023\/10\/petard-balles-kolser.jpg","datePublished":"2023-03-06T15:42:34+00:00","dateModified":"2026-04-29T12:56:45+00:00","description":"Bestellen Sie schnell! Ihr Blister mit 208 Kolser-Z\u00fcndh\u00fctchen zum besten Preis. Nur f\u00fcr Kolser Kugeln reservieren - Durchmesser 5mm - Versand 24\/48h","breadcrumb":{"@id":"https:\/\/repliquemangacine.fr\/arme-kolser\/blister-208-amorces-kolser\/#breadcrumb"},"inLanguage":"de","potentialAction":[{"@type":"ReadAction","target":["https:\/\/repliquemangacine.fr\/arme-kolser\/blister-208-amorces-kolser\/"]}]},{"@type":"ImageObject","inLanguage":"de","@id":"https:\/\/repliquemangacine.fr\/arme-kolser\/blister-208-amorces-kolser\/#primaryimage","url":"https:\/\/repliquemangacine.fr\/wp-content\/uploads\/2023\/10\/petard-balles-kolser.jpg","contentUrl":"https:\/\/repliquemangacine.fr\/wp-content\/uploads\/2023\/10\/petard-balles-kolser.jpg","width":500,"height":500,"caption":"Blister 208 Amorces Kolser"},{"@type":"BreadcrumbList","@id":"https:\/\/repliquemangacine.fr\/arme-kolser\/blister-208-amorces-kolser\/#breadcrumb","itemListElement":[{"@type":"ListItem","position":1,"name":"Accueil","item":"https:\/\/repliquemangacine.fr\/"},{"@type":"ListItem","position":2,"name":"Produits","item":"https:\/\/repliquemangacine.fr\/boutique\/"},{"@type":"ListItem","position":3,"name":"Blister 208 Amorces Kolser"}]},{"@type":"WebSite","@id":"https:\/\/repliquemangacine.fr\/#website","url":"https:\/\/repliquemangacine.fr\/","name":"R\u00e9plique Manga Cin\u00e9","description":"","publisher":{"@id":"https:\/\/repliquemangacine.fr\/#organization"},"potentialAction":[{"@type":"SearchAction","target":{"@type":"EntryPoint","urlTemplate":"https:\/\/repliquemangacine.fr\/?s={search_term_string}"},"query-input":{"@type":"PropertyValueSpecification","valueRequired":true,"valueName":"search_term_string"}}],"inLanguage":"de"},{"@type":"Organization","@id":"https:\/\/repliquemangacine.fr\/#organization","name":"R\u00e9plique Manga Cin\u00e9","url":"https:\/\/repliquemangacine.fr\/","logo":{"@type":"ImageObject","inLanguage":"de","@id":"https:\/\/repliquemangacine.fr\/#\/schema\/logo\/image\/","url":"https:\/\/repliquemangacine.fr\/wp-content\/uploads\/2023\/10\/RMC-500250.png","contentUrl":"https:\/\/repliquemangacine.fr\/wp-content\/uploads\/2023\/10\/RMC-500250.png","width":500,"height":250,"caption":"R\u00e9plique Manga Cin\u00e9"},"image":{"@id":"https:\/\/repliquemangacine.fr\/#\/schema\/logo\/image\/"},"sameAs":["https:\/\/www.facebook.com\/RepliqueMangaCine","https:\/\/www.instagram.com\/repliquemangacine.fr\/"]}]}},"_links":{"self":[{"href":"https:\/\/repliquemangacine.fr\/de\/wp-json\/wp\/v2\/product\/59089","targetHints":{"allow":["GET"]}}],"collection":[{"href":"https:\/\/repliquemangacine.fr\/de\/wp-json\/wp\/v2\/product"}],"about":[{"href":"https:\/\/repliquemangacine.fr\/de\/wp-json\/wp\/v2\/types\/product"}],"wp:featuredmedia":[{"embeddable":true,"href":"https:\/\/repliquemangacine.fr\/de\/wp-json\/wp\/v2\/media\/59090"}],"wp:attachment":[{"href":"https:\/\/repliquemangacine.fr\/de\/wp-json\/wp\/v2\/media?parent=59089"}],"wp:term":[{"taxonomy":"product_brand","embeddable":true,"href":"https:\/\/repliquemangacine.fr\/de\/wp-json\/wp\/v2\/product_brand?post=59089"},{"taxonomy":"product_cat","embeddable":true,"href":"https:\/\/repliquemangacine.fr\/de\/wp-json\/wp\/v2\/product_cat?post=59089"},{"taxonomy":"product_tag","embeddable":true,"href":"https:\/\/repliquemangacine.fr\/de\/wp-json\/wp\/v2\/product_tag?post=59089"}],"curies":[{"name":"wp","href":"https:\/\/api.w.org\/{rel}","templated":true}]}}