





{"id":59011,"date":"2023-03-03T14:52:30","date_gmt":"2023-03-03T13:52:30","guid":{"rendered":"https:\/\/repliquemangacine.fr\/?post_type=product&#038;p=59011"},"modified":"2026-02-05T10:18:41","modified_gmt":"2026-02-05T09:18:41","slug":"wandhalterung-fur-colt","status":"publish","type":"product","link":"https:\/\/repliquemangacine.fr\/de\/accessoires-western\/support-mural-pour-colt\/","title":{"rendered":"Wandhalterung f\u00fcr colt"},"content":{"rendered":"<h2>Wandhalterung f\u00fcr Colt und Gewehr<\/h2>\n<p>Zu Beginn dieses <strong>Wandhalterung f\u00fcr colt<\/strong> und winchester ist ganz aus Stahl mit der M\u00f6glichkeit, die Tiefe zu verstellen.<\/p>\n<p>Dieses kleine Utensil ist f\u00fcr das Ausstellen Ihrer Sammlerwaffen von entscheidender Bedeutung <a href=\"https:\/\/www.denix.fr\/fr\/\" target=\"_blank\" rel=\"noopener noreferrer\">Denix<\/a>. Mit dieser Halterung in Form von Kugeln k\u00f6nnen Sie Ihren Colt oder Ihr Winchester-Gewehr n\u00e4mlich besonders gut zur Geltung bringen. Einfach zu montieren, Sie m\u00fcssen nur zwei L\u00f6cher mit D\u00fcbeln bohren und diese anschrauben, das ist alles.<\/p>\n<p>Denix ist ein spanisches Unternehmen, das seit \u00fcber 50 Jahren f\u00fchrend auf dem Gebiet der Waffenreproduktionen ist. Es ist ein haupts\u00e4chlich exportorientiertes Unternehmen, das in mehr als 40 L\u00e4ndern arbeitet, im Zuge eines starken Netzwerks offizieller Vertriebspartner<\/p>\n<h2>Ihre Wandhalterung f\u00fcr Colts zum besten Preis.<\/h2>\n<p>Wir bieten Ihnen eine gro\u00dfe Auswahl an Denix- und Kolser-Replikaten, bei denen Sie diese Halterung verwenden k\u00f6nnen.<\/p>\n<p>Zun\u00e4chst einmal,<\/p>\n<ul>\n<li>Die <a href=\"https:\/\/repliquemangacine.fr\/de\/colt-pistole\/peacemaker-revolver-5-zoll-grau-1873-kaliber-45\/\">colt peacemaker 1873<\/a> Kaliber 45, 5 1\/2-Zoll-Lauf<\/li>\n<li>Es gibt auch die <a href=\"https:\/\/repliquemangacine.fr\/de\/repliken-western-winchesters\/winchester-karabiner-john-wayne-modell-1892\/?highlight=1069\">John Waynes Winchester-Gewehr<\/a> mit seinem gro\u00dfen Hebel unter Schutz.<\/li>\n<li>Sowie das <a href=\"https:\/\/repliquemangacine.fr\/de\/kolser-waffe\/koffer-colt-45-poliert-4-75-zoll-1873-kolser\/\">colt der Frontier<\/a> kaliber 45 der marke kolser handpoliert.<\/li>\n<li>Und viele andere, die es in unserem Online-Shop zu entdecken gibt.<\/li>\n<\/ul>\n<p>Deshalb sind hier tolle Geschenkideen f\u00fcr alle Westernfans.<\/p>\n<p>Abschlie\u00dfend k\u00f6nnen Sie auch diesen <strong>Wandhalterung f\u00fcr colt<\/strong> zum Aufh\u00e4ngen Ihrer Kolser- oder Denix-Waffenrepliken.<\/p>\n<h2>Entdecken Sie unsere neuesten g\u00fcnstigen Denix-Neuheiten.<\/h2>\n<p>Da wir immer an der Spitze der Neuheiten stehen und vor allem immer ein offenes Ohr f\u00fcr Sie und Ihre W\u00fcnsche haben, freuen wir uns, Ihnen einige Produkte der Marke Denix anbieten zu k\u00f6nnen.<\/p>\n<p>Beginnen wir mit den Westernpeitschen, die komplett aus Leder gefertigt sind. Zwei Modelle werden Ihnen vorgestellt, eine Peitsche mit einer L\u00e4nge von 150 cm und die zweite mit einer L\u00e4nge von 200 cm. Dann gibt es noch die wundersch\u00f6ne Nachbildung des Colt 1849 Pocket le Wells Fargo mit Lade- und Schie\u00dfsimulation. In K\u00fcrze werden wir Ihnen von Denix hergestellte Winchester-Gewehre mit Kugelauswurf anbieten. Seine Waffenreproduktionen werden derzeit hergestellt, Denix will mit dieser Neuheit einen gro\u00dfen Treffer landen.<\/p>\n<p>R\u00e9plique Manga Cin\u00e9 ist ein franz\u00f6sisches Familienunternehmen und offizieller Vertriebspartner der Marke Denix.<\/p>","protected":false},"excerpt":{"rendered":"<p>Zweiteiliges Set in Form von Kugeln, um Ihre Colts, Winchesters auszustellen.<\/p>\n<ul>\n<li>Vollst\u00e4ndig aus Metall.<\/li>\n<li>Einstellbare Tiefe von 2,5 cm bis 4,5 cm.<\/li>\n<li>Befestigung mit zwei Schrauben (notwendig, wird mitgeliefert).<\/li>\n<li>H\u00f6he des Balles: 4 cm - Breite: 1,5 cm.<\/li>\n<\/ul>","protected":false},"featured_media":59012,"template":"","meta":[],"product_brand":[896],"product_cat":[51,27],"product_tag":[],"class_list":{"0":"post-59011","1":"product","2":"type-product","3":"status-publish","4":"has-post-thumbnail","6":"product_brand-replique-manga-cine","7":"product_cat-accessoires-western","8":"product_cat-armes-et-accessoires-western","10":"first","11":"instock","12":"taxable","13":"shipping-taxable","14":"purchasable","15":"product-type-simple"},"yoast_head":"<!-- This site is optimized with the Yoast SEO plugin v27.5 - https:\/\/yoast.com\/product\/yoast-seo-wordpress\/ -->\n<title>Support mural pour colt - Denix - R\u00e9plique Manga Cin\u00e9<\/title>\n<meta name=\"description\" content=\"Commandez ce Support mural colt de la marque Denix au meilleur prix. Tout en acier - Hauteur : 4 cm - Largeur : 1.5cm - Envoi 24\/48h\" \/>\n<meta name=\"robots\" content=\"index, follow, max-snippet:-1, max-image-preview:large, max-video-preview:-1\" \/>\n<link rel=\"canonical\" href=\"https:\/\/repliquemangacine.fr\/de\/westernzubehor\/wandhalterung-fur-colt\/\" \/>\n<meta property=\"og:locale\" content=\"de_DE\" \/>\n<meta property=\"og:type\" content=\"article\" \/>\n<meta property=\"og:title\" content=\"Support mural pour colt - Denix - R\u00e9plique Manga Cin\u00e9\" \/>\n<meta property=\"og:description\" content=\"Commandez ce Support mural colt de la marque Denix au meilleur prix. Tout en acier - Hauteur : 4 cm - Largeur : 1.5cm - Envoi 24\/48h\" \/>\n<meta property=\"og:url\" content=\"https:\/\/repliquemangacine.fr\/de\/westernzubehor\/wandhalterung-fur-colt\/\" \/>\n<meta property=\"og:site_name\" content=\"R\u00e9plique Manga Cin\u00e9\" \/>\n<meta property=\"article:publisher\" content=\"https:\/\/www.facebook.com\/RepliqueMangaCine\" \/>\n<meta property=\"article:modified_time\" content=\"2026-02-05T09:18:41+00:00\" \/>\n<meta property=\"og:image\" content=\"https:\/\/repliquemangacine.fr\/wp-content\/uploads\/2023\/10\/support-balles-denix.jpg\" \/>\n\t<meta property=\"og:image:width\" content=\"500\" \/>\n\t<meta property=\"og:image:height\" content=\"500\" \/>\n\t<meta property=\"og:image:type\" content=\"image\/jpeg\" \/>\n<meta name=\"twitter:card\" content=\"summary_large_image\" \/>\n<meta name=\"twitter:label1\" content=\"Gesch\u00e4tzte Lesezeit\" \/>\n\t<meta name=\"twitter:data1\" content=\"3\u00a0Minuten\" \/>\n<script type=\"application\/ld+json\" class=\"yoast-schema-graph\">{\"@context\":\"https:\\\/\\\/schema.org\",\"@graph\":[{\"@type\":\"WebPage\",\"@id\":\"https:\\\/\\\/repliquemangacine.fr\\\/accessoires-western\\\/support-mural-pour-colt\\\/\",\"url\":\"https:\\\/\\\/repliquemangacine.fr\\\/accessoires-western\\\/support-mural-pour-colt\\\/\",\"name\":\"Support mural pour colt - Denix - R\u00e9plique Manga Cin\u00e9\",\"isPartOf\":{\"@id\":\"https:\\\/\\\/repliquemangacine.fr\\\/#website\"},\"primaryImageOfPage\":{\"@id\":\"https:\\\/\\\/repliquemangacine.fr\\\/accessoires-western\\\/support-mural-pour-colt\\\/#primaryimage\"},\"image\":{\"@id\":\"https:\\\/\\\/repliquemangacine.fr\\\/accessoires-western\\\/support-mural-pour-colt\\\/#primaryimage\"},\"thumbnailUrl\":\"https:\\\/\\\/repliquemangacine.fr\\\/wp-content\\\/uploads\\\/2023\\\/10\\\/support-balles-denix.jpg\",\"datePublished\":\"2023-03-03T13:52:30+00:00\",\"dateModified\":\"2026-02-05T09:18:41+00:00\",\"description\":\"Commandez ce Support mural colt de la marque Denix au meilleur prix. Tout en acier - Hauteur : 4 cm - Largeur : 1.5cm - Envoi 24\\\/48h\",\"breadcrumb\":{\"@id\":\"https:\\\/\\\/repliquemangacine.fr\\\/accessoires-western\\\/support-mural-pour-colt\\\/#breadcrumb\"},\"inLanguage\":\"de\",\"potentialAction\":[{\"@type\":\"ReadAction\",\"target\":[\"https:\\\/\\\/repliquemangacine.fr\\\/accessoires-western\\\/support-mural-pour-colt\\\/\"]}]},{\"@type\":\"ImageObject\",\"inLanguage\":\"de\",\"@id\":\"https:\\\/\\\/repliquemangacine.fr\\\/accessoires-western\\\/support-mural-pour-colt\\\/#primaryimage\",\"url\":\"https:\\\/\\\/repliquemangacine.fr\\\/wp-content\\\/uploads\\\/2023\\\/10\\\/support-balles-denix.jpg\",\"contentUrl\":\"https:\\\/\\\/repliquemangacine.fr\\\/wp-content\\\/uploads\\\/2023\\\/10\\\/support-balles-denix.jpg\",\"width\":500,\"height\":500,\"caption\":\"Support mural pour colt\"},{\"@type\":\"BreadcrumbList\",\"@id\":\"https:\\\/\\\/repliquemangacine.fr\\\/accessoires-western\\\/support-mural-pour-colt\\\/#breadcrumb\",\"itemListElement\":[{\"@type\":\"ListItem\",\"position\":1,\"name\":\"Accueil\",\"item\":\"https:\\\/\\\/repliquemangacine.fr\\\/\"},{\"@type\":\"ListItem\",\"position\":2,\"name\":\"Produits\",\"item\":\"https:\\\/\\\/repliquemangacine.fr\\\/boutique\\\/\"},{\"@type\":\"ListItem\",\"position\":3,\"name\":\"Support mural pour colt\"}]},{\"@type\":\"WebSite\",\"@id\":\"https:\\\/\\\/repliquemangacine.fr\\\/#website\",\"url\":\"https:\\\/\\\/repliquemangacine.fr\\\/\",\"name\":\"R\u00e9plique Manga Cin\u00e9\",\"description\":\"\",\"publisher\":{\"@id\":\"https:\\\/\\\/repliquemangacine.fr\\\/#organization\"},\"potentialAction\":[{\"@type\":\"SearchAction\",\"target\":{\"@type\":\"EntryPoint\",\"urlTemplate\":\"https:\\\/\\\/repliquemangacine.fr\\\/?s={search_term_string}\"},\"query-input\":{\"@type\":\"PropertyValueSpecification\",\"valueRequired\":true,\"valueName\":\"search_term_string\"}}],\"inLanguage\":\"de\"},{\"@type\":\"Organization\",\"@id\":\"https:\\\/\\\/repliquemangacine.fr\\\/#organization\",\"name\":\"R\u00e9plique Manga Cin\u00e9\",\"url\":\"https:\\\/\\\/repliquemangacine.fr\\\/\",\"logo\":{\"@type\":\"ImageObject\",\"inLanguage\":\"de\",\"@id\":\"https:\\\/\\\/repliquemangacine.fr\\\/#\\\/schema\\\/logo\\\/image\\\/\",\"url\":\"https:\\\/\\\/repliquemangacine.fr\\\/wp-content\\\/uploads\\\/2023\\\/10\\\/RMC-500250.png\",\"contentUrl\":\"https:\\\/\\\/repliquemangacine.fr\\\/wp-content\\\/uploads\\\/2023\\\/10\\\/RMC-500250.png\",\"width\":500,\"height\":250,\"caption\":\"R\u00e9plique Manga Cin\u00e9\"},\"image\":{\"@id\":\"https:\\\/\\\/repliquemangacine.fr\\\/#\\\/schema\\\/logo\\\/image\\\/\"},\"sameAs\":[\"https:\\\/\\\/www.facebook.com\\\/RepliqueMangaCine\",\"https:\\\/\\\/www.instagram.com\\\/repliquemangacine.fr\\\/\"]}]}<\/script>\n<!-- \/ Yoast SEO plugin. -->","yoast_head_json":{"title":"Wandhalterung f\u00fcr Colt - Denix - R\u00e9plique Manga Cin\u00e9","description":"Bestellen Sie diese Colt-Wandhalterung von der Marke Denix zum besten Preis. Ganz aus Stahl - H\u00f6he: 4 cm - Breite: 1.5cm - Versand 24\/48h","robots":{"index":"index","follow":"follow","max-snippet":"max-snippet:-1","max-image-preview":"max-image-preview:large","max-video-preview":"max-video-preview:-1"},"canonical":"https:\/\/repliquemangacine.fr\/de\/westernzubehor\/wandhalterung-fur-colt\/","og_locale":"de_DE","og_type":"article","og_title":"Support mural pour colt - Denix - R\u00e9plique Manga Cin\u00e9","og_description":"Commandez ce Support mural colt de la marque Denix au meilleur prix. Tout en acier - Hauteur : 4 cm - Largeur : 1.5cm - Envoi 24\/48h","og_url":"https:\/\/repliquemangacine.fr\/de\/westernzubehor\/wandhalterung-fur-colt\/","og_site_name":"R\u00e9plique Manga Cin\u00e9","article_publisher":"https:\/\/www.facebook.com\/RepliqueMangaCine","article_modified_time":"2026-02-05T09:18:41+00:00","og_image":[{"width":500,"height":500,"url":"https:\/\/repliquemangacine.fr\/wp-content\/uploads\/2023\/10\/support-balles-denix.jpg","type":"image\/jpeg"}],"twitter_card":"summary_large_image","twitter_misc":{"Gesch\u00e4tzte Lesezeit":"3\u00a0Minuten"},"schema":{"@context":"https:\/\/schema.org","@graph":[{"@type":"WebPage","@id":"https:\/\/repliquemangacine.fr\/accessoires-western\/support-mural-pour-colt\/","url":"https:\/\/repliquemangacine.fr\/accessoires-western\/support-mural-pour-colt\/","name":"Wandhalterung f\u00fcr Colt - Denix - R\u00e9plique Manga Cin\u00e9","isPartOf":{"@id":"https:\/\/repliquemangacine.fr\/#website"},"primaryImageOfPage":{"@id":"https:\/\/repliquemangacine.fr\/accessoires-western\/support-mural-pour-colt\/#primaryimage"},"image":{"@id":"https:\/\/repliquemangacine.fr\/accessoires-western\/support-mural-pour-colt\/#primaryimage"},"thumbnailUrl":"https:\/\/repliquemangacine.fr\/wp-content\/uploads\/2023\/10\/support-balles-denix.jpg","datePublished":"2023-03-03T13:52:30+00:00","dateModified":"2026-02-05T09:18:41+00:00","description":"Bestellen Sie diese Colt-Wandhalterung von der Marke Denix zum besten Preis. Ganz aus Stahl - H\u00f6he: 4 cm - Breite: 1.5cm - Versand 24\/48h","breadcrumb":{"@id":"https:\/\/repliquemangacine.fr\/accessoires-western\/support-mural-pour-colt\/#breadcrumb"},"inLanguage":"de","potentialAction":[{"@type":"ReadAction","target":["https:\/\/repliquemangacine.fr\/accessoires-western\/support-mural-pour-colt\/"]}]},{"@type":"ImageObject","inLanguage":"de","@id":"https:\/\/repliquemangacine.fr\/accessoires-western\/support-mural-pour-colt\/#primaryimage","url":"https:\/\/repliquemangacine.fr\/wp-content\/uploads\/2023\/10\/support-balles-denix.jpg","contentUrl":"https:\/\/repliquemangacine.fr\/wp-content\/uploads\/2023\/10\/support-balles-denix.jpg","width":500,"height":500,"caption":"Support mural pour colt"},{"@type":"BreadcrumbList","@id":"https:\/\/repliquemangacine.fr\/accessoires-western\/support-mural-pour-colt\/#breadcrumb","itemListElement":[{"@type":"ListItem","position":1,"name":"Accueil","item":"https:\/\/repliquemangacine.fr\/"},{"@type":"ListItem","position":2,"name":"Produits","item":"https:\/\/repliquemangacine.fr\/boutique\/"},{"@type":"ListItem","position":3,"name":"Support mural pour colt"}]},{"@type":"WebSite","@id":"https:\/\/repliquemangacine.fr\/#website","url":"https:\/\/repliquemangacine.fr\/","name":"R\u00e9plique Manga Cin\u00e9","description":"","publisher":{"@id":"https:\/\/repliquemangacine.fr\/#organization"},"potentialAction":[{"@type":"SearchAction","target":{"@type":"EntryPoint","urlTemplate":"https:\/\/repliquemangacine.fr\/?s={search_term_string}"},"query-input":{"@type":"PropertyValueSpecification","valueRequired":true,"valueName":"search_term_string"}}],"inLanguage":"de"},{"@type":"Organization","@id":"https:\/\/repliquemangacine.fr\/#organization","name":"R\u00e9plique Manga Cin\u00e9","url":"https:\/\/repliquemangacine.fr\/","logo":{"@type":"ImageObject","inLanguage":"de","@id":"https:\/\/repliquemangacine.fr\/#\/schema\/logo\/image\/","url":"https:\/\/repliquemangacine.fr\/wp-content\/uploads\/2023\/10\/RMC-500250.png","contentUrl":"https:\/\/repliquemangacine.fr\/wp-content\/uploads\/2023\/10\/RMC-500250.png","width":500,"height":250,"caption":"R\u00e9plique Manga Cin\u00e9"},"image":{"@id":"https:\/\/repliquemangacine.fr\/#\/schema\/logo\/image\/"},"sameAs":["https:\/\/www.facebook.com\/RepliqueMangaCine","https:\/\/www.instagram.com\/repliquemangacine.fr\/"]}]}},"_links":{"self":[{"href":"https:\/\/repliquemangacine.fr\/de\/wp-json\/wp\/v2\/product\/59011","targetHints":{"allow":["GET"]}}],"collection":[{"href":"https:\/\/repliquemangacine.fr\/de\/wp-json\/wp\/v2\/product"}],"about":[{"href":"https:\/\/repliquemangacine.fr\/de\/wp-json\/wp\/v2\/types\/product"}],"wp:featuredmedia":[{"embeddable":true,"href":"https:\/\/repliquemangacine.fr\/de\/wp-json\/wp\/v2\/media\/59012"}],"wp:attachment":[{"href":"https:\/\/repliquemangacine.fr\/de\/wp-json\/wp\/v2\/media?parent=59011"}],"wp:term":[{"taxonomy":"product_brand","embeddable":true,"href":"https:\/\/repliquemangacine.fr\/de\/wp-json\/wp\/v2\/product_brand?post=59011"},{"taxonomy":"product_cat","embeddable":true,"href":"https:\/\/repliquemangacine.fr\/de\/wp-json\/wp\/v2\/product_cat?post=59011"},{"taxonomy":"product_tag","embeddable":true,"href":"https:\/\/repliquemangacine.fr\/de\/wp-json\/wp\/v2\/product_tag?post=59011"}],"curies":[{"name":"wp","href":"https:\/\/api.w.org\/{rel}","templated":true}]}}