





{"id":58982,"date":"2023-03-03T11:33:03","date_gmt":"2023-03-03T10:33:03","guid":{"rendered":"https:\/\/repliquemangacine.fr\/?post_type=product&#038;p=58982"},"modified":"2026-02-18T16:05:52","modified_gmt":"2026-02-18T15:05:52","slug":"thors-hammer-in-god-of-war-ragnarok","status":"publish","type":"product","link":"https:\/\/repliquemangacine.fr\/de\/katana-et-epee-de-jeux-video-autre-jeux-video\/marteau-de-thor-dans-god-of-war-ragnarok\/","title":{"rendered":"Hammer God Of War Ragnarok"},"content":{"rendered":"<h2>Thors Hammer in God Of War Ragnarok<\/h2>\n<p>Zun\u00e4chst einmal besteht die inoffizielle Nachbildung von Thors Hammer in God Of War Ragnarok vollst\u00e4ndig aus Glasfaser.<\/p>\n<p>God of War: Ragnar\u00f6k spielt etwa drei Jahre nach den Ereignissen, die zum Tod von Baldur gef\u00fchrt haben. Der Fimbulvetr neigt sich dem Ende zu, aber die Lage ist besonders d\u00fcster und ungewiss f\u00fcr <a href=\"https:\/\/godofwar.fandom.com\/fr\/wiki\/Kratos\" target=\"_blank\" rel=\"noopener noreferrer\">Kratos<\/a> und sein Sohn.<\/p>\n<p>St\u00e4ndig von einer rachs\u00fcchtigen Freya verfolgt, bereiten sich die beiden Protagonisten so gut es geht auf Ragnar\u00f6k vor, w\u00e4hrend der Schatten von Asgard bedrohlicher denn je wird.<\/p>\n<h2>Ihr Hammer of Thor in God Of War Ragnarok zum besten Preis.<\/h2>\n<p>Wir bieten Ihnen eine gro\u00dfe Auswahl an Nachbildungen ber\u00fchmter Videospiele.<\/p>\n<p>Zun\u00e4chst einmal,<\/p>\n<ul>\n<li>Die wunderbare <a href=\"https:\/\/repliquemangacine.fr\/de\/katana-und-schwert-von-videospielen-andere-videospiele\/axt-von-kratos-god-of-war\/\">Kratos' Axt<\/a> mit seinem Axtkopf aus rostfreiem und fluoreszierendem Stahl.<\/li>\n<li>Sowie die pr\u00e4chtigen <a href=\"https:\/\/repliquemangacine.fr\/de\/repliken-manga-videospiele\/kratos-chaosklingen\/\">Klingen des Chaos<\/a> fein graviert<\/li>\n<li>Es gibt auch andere Videospiele, z. B. Waffen in <a href=\"https:\/\/repliquemangacine.fr\/de\/elden-ring\/\">Elden Ring<\/a><\/li>\n<li>Und noch viel mehr zum Entdecken in unserem Online-Shop!<\/li>\n<\/ul>\n<p>Deshalb ist dies eine gro\u00dfartige Geschenkidee f\u00fcr alle Fans des Videospiels.<\/p>\n<p>Zusammenfassend l\u00e4sst sich sagen, dass Sie den Hammer von Thor in God Of War Ragnarok f\u00fcr Ihre Cosplay-Paraden verwenden k\u00f6nnen. In erster Linie handelt es sich jedoch um ein Sammler- und Dekorationsst\u00fcck.<\/p>\n<h2>Erfahren Sie sofort von neuen Restposten f\u00fcr die Suche Assassin's Creed.<\/h2>\n<p>Wir haben stets ein offenes Ohr f\u00fcr Ihre W\u00fcnsche und Anforderungen und freuen uns, Ihnen einige kleine Sch\u00e4tze vorstellen zu d\u00fcrfen, die wir f\u00fcr Sie gefunden haben.<\/p>\n<p>Beginnen wir mit :<\/p>\n<ul>\n<li>Die <a href=\"https:\/\/repliquemangacine.fr\/de\/assassins-creed-schwerter-assassins-creed-waffen\/schwertstock-aus-metall-jacob-assassain-s-creed\/\">Jakobs Schwertstock<\/a> ganz aus Metall in Assassin's Creed Syndicat mit seiner kleinen Sense am Ende des Stocks, ein Wunder!<\/li>\n<li>Dann gibt es die <a href=\"https:\/\/repliquemangacine.fr\/de\/assassins-creed-schwerter-assassins-creed-waffen\/assassin-s-creed-odyssey-replica-leonidas-gebrochener-speer\/\">zerbrochene Lanze des Leonidas<\/a> in assassin's Creed Odyssey<\/li>\n<li>Sowie alle geheimen Klingen der Saga<\/li>\n<\/ul>\n<p>Au\u00dferdem werden wir in K\u00fcrze einige Assassin's Creed-Figuren haben, die Sie sich gew\u00fcnscht haben. Sie m\u00fcssen sich nur noch ein wenig gedulden!<\/p>\n<p>R\u00e9plique Manga Cin\u00e9 ist ein franz\u00f6sisches Familienunternehmen.<\/p>","protected":false},"excerpt":{"rendered":"<p>Inoffizielle Replik des Hammers von Thor in God Of War Ragnarok<\/p>\n<ul>\n<li>Vollst\u00e4ndig aus Glasfaser.<\/li>\n<li>Gealterte Finishes mit Vergoldungen<\/li>\n<li>Symbolgravuren<\/li>\n<li>Ma\u00dfe: 34 X 12 X 47 cm<\/li>\n<\/ul>","protected":false},"featured_media":85344,"template":"","meta":[],"product_brand":[896],"product_cat":[985,67],"product_tag":[],"class_list":{"0":"post-58982","1":"product","2":"type-product","3":"status-publish","4":"has-post-thumbnail","6":"product_brand-replique-manga-cine","7":"product_cat-replique-god-of-war","8":"product_cat-katana-et-epee-de-jeux-video-autre-jeux-video","10":"first","11":"instock","12":"taxable","13":"shipping-taxable","14":"purchasable","15":"product-type-simple"},"yoast_head":"<!-- This site is optimized with the Yoast SEO plugin v27.5 - https:\/\/yoast.com\/product\/yoast-seo-wordpress\/ -->\n<title>Marteau God Of War Ragnarok - R\u00e9plique Manga Cin\u00e9<\/title>\n<meta name=\"description\" content=\"En exclusivit\u00e9 ! Le Marteau de Thor dans God Of War Ragnarok au meilleur prix. Tout en fibre de verre - Hauteur 47cm - Poids : 2145grs - Envoi 24\/48h\" \/>\n<meta name=\"robots\" content=\"index, follow, max-snippet:-1, max-image-preview:large, max-video-preview:-1\" \/>\n<link rel=\"canonical\" href=\"https:\/\/repliquemangacine.fr\/de\/katana-und-schwert-von-videospielen-andere-videospiele\/thors-hammer-in-god-of-war-ragnarok\/\" \/>\n<meta property=\"og:locale\" content=\"de_DE\" \/>\n<meta property=\"og:type\" content=\"article\" \/>\n<meta property=\"og:title\" content=\"Marteau God Of War Ragnarok - R\u00e9plique Manga Cin\u00e9\" \/>\n<meta property=\"og:description\" content=\"En exclusivit\u00e9 ! Le Marteau de Thor dans God Of War Ragnarok au meilleur prix. Tout en fibre de verre - Hauteur 47cm - Poids : 2145grs - Envoi 24\/48h\" \/>\n<meta property=\"og:url\" content=\"https:\/\/repliquemangacine.fr\/de\/katana-und-schwert-von-videospielen-andere-videospiele\/thors-hammer-in-god-of-war-ragnarok\/\" \/>\n<meta property=\"og:site_name\" content=\"R\u00e9plique Manga Cin\u00e9\" \/>\n<meta property=\"article:publisher\" content=\"https:\/\/www.facebook.com\/RepliqueMangaCine\" \/>\n<meta property=\"article:modified_time\" content=\"2026-02-18T15:05:52+00:00\" \/>\n<meta property=\"og:image\" content=\"https:\/\/repliquemangacine.fr\/wp-content\/uploads\/2023\/03\/Marteau-Thor-God-Of-War.jpg\" \/>\n\t<meta property=\"og:image:width\" content=\"800\" \/>\n\t<meta property=\"og:image:height\" content=\"800\" \/>\n\t<meta property=\"og:image:type\" content=\"image\/jpeg\" \/>\n<meta name=\"twitter:card\" content=\"summary_large_image\" \/>\n<meta name=\"twitter:label1\" content=\"Gesch\u00e4tzte Lesezeit\" \/>\n\t<meta name=\"twitter:data1\" content=\"2\u00a0Minuten\" \/>\n<script type=\"application\/ld+json\" class=\"yoast-schema-graph\">{\"@context\":\"https:\\\/\\\/schema.org\",\"@graph\":[{\"@type\":\"WebPage\",\"@id\":\"https:\\\/\\\/repliquemangacine.fr\\\/katana-et-epee-de-jeux-video-autre-jeux-video\\\/marteau-de-thor-dans-god-of-war-ragnarok\\\/\",\"url\":\"https:\\\/\\\/repliquemangacine.fr\\\/katana-et-epee-de-jeux-video-autre-jeux-video\\\/marteau-de-thor-dans-god-of-war-ragnarok\\\/\",\"name\":\"Marteau God Of War Ragnarok - R\u00e9plique Manga Cin\u00e9\",\"isPartOf\":{\"@id\":\"https:\\\/\\\/repliquemangacine.fr\\\/#website\"},\"primaryImageOfPage\":{\"@id\":\"https:\\\/\\\/repliquemangacine.fr\\\/katana-et-epee-de-jeux-video-autre-jeux-video\\\/marteau-de-thor-dans-god-of-war-ragnarok\\\/#primaryimage\"},\"image\":{\"@id\":\"https:\\\/\\\/repliquemangacine.fr\\\/katana-et-epee-de-jeux-video-autre-jeux-video\\\/marteau-de-thor-dans-god-of-war-ragnarok\\\/#primaryimage\"},\"thumbnailUrl\":\"https:\\\/\\\/repliquemangacine.fr\\\/wp-content\\\/uploads\\\/2023\\\/03\\\/Marteau-Thor-God-Of-War.jpg\",\"datePublished\":\"2023-03-03T10:33:03+00:00\",\"dateModified\":\"2026-02-18T15:05:52+00:00\",\"description\":\"En exclusivit\u00e9 ! Le Marteau de Thor dans God Of War Ragnarok au meilleur prix. Tout en fibre de verre - Hauteur 47cm - Poids : 2145grs - Envoi 24\\\/48h\",\"breadcrumb\":{\"@id\":\"https:\\\/\\\/repliquemangacine.fr\\\/katana-et-epee-de-jeux-video-autre-jeux-video\\\/marteau-de-thor-dans-god-of-war-ragnarok\\\/#breadcrumb\"},\"inLanguage\":\"de\",\"potentialAction\":[{\"@type\":\"ReadAction\",\"target\":[\"https:\\\/\\\/repliquemangacine.fr\\\/katana-et-epee-de-jeux-video-autre-jeux-video\\\/marteau-de-thor-dans-god-of-war-ragnarok\\\/\"]}]},{\"@type\":\"ImageObject\",\"inLanguage\":\"de\",\"@id\":\"https:\\\/\\\/repliquemangacine.fr\\\/katana-et-epee-de-jeux-video-autre-jeux-video\\\/marteau-de-thor-dans-god-of-war-ragnarok\\\/#primaryimage\",\"url\":\"https:\\\/\\\/repliquemangacine.fr\\\/wp-content\\\/uploads\\\/2023\\\/03\\\/Marteau-Thor-God-Of-War.jpg\",\"contentUrl\":\"https:\\\/\\\/repliquemangacine.fr\\\/wp-content\\\/uploads\\\/2023\\\/03\\\/Marteau-Thor-God-Of-War.jpg\",\"width\":800,\"height\":800,\"caption\":\"Marteau Thor God Of War\"},{\"@type\":\"BreadcrumbList\",\"@id\":\"https:\\\/\\\/repliquemangacine.fr\\\/katana-et-epee-de-jeux-video-autre-jeux-video\\\/marteau-de-thor-dans-god-of-war-ragnarok\\\/#breadcrumb\",\"itemListElement\":[{\"@type\":\"ListItem\",\"position\":1,\"name\":\"Accueil\",\"item\":\"https:\\\/\\\/repliquemangacine.fr\\\/\"},{\"@type\":\"ListItem\",\"position\":2,\"name\":\"Produits\",\"item\":\"https:\\\/\\\/repliquemangacine.fr\\\/boutique\\\/\"},{\"@type\":\"ListItem\",\"position\":3,\"name\":\"Marteau God Of War Ragnarok\"}]},{\"@type\":\"WebSite\",\"@id\":\"https:\\\/\\\/repliquemangacine.fr\\\/#website\",\"url\":\"https:\\\/\\\/repliquemangacine.fr\\\/\",\"name\":\"R\u00e9plique Manga Cin\u00e9\",\"description\":\"\",\"publisher\":{\"@id\":\"https:\\\/\\\/repliquemangacine.fr\\\/#organization\"},\"potentialAction\":[{\"@type\":\"SearchAction\",\"target\":{\"@type\":\"EntryPoint\",\"urlTemplate\":\"https:\\\/\\\/repliquemangacine.fr\\\/?s={search_term_string}\"},\"query-input\":{\"@type\":\"PropertyValueSpecification\",\"valueRequired\":true,\"valueName\":\"search_term_string\"}}],\"inLanguage\":\"de\"},{\"@type\":\"Organization\",\"@id\":\"https:\\\/\\\/repliquemangacine.fr\\\/#organization\",\"name\":\"R\u00e9plique Manga Cin\u00e9\",\"url\":\"https:\\\/\\\/repliquemangacine.fr\\\/\",\"logo\":{\"@type\":\"ImageObject\",\"inLanguage\":\"de\",\"@id\":\"https:\\\/\\\/repliquemangacine.fr\\\/#\\\/schema\\\/logo\\\/image\\\/\",\"url\":\"https:\\\/\\\/repliquemangacine.fr\\\/wp-content\\\/uploads\\\/2023\\\/10\\\/RMC-500250.png\",\"contentUrl\":\"https:\\\/\\\/repliquemangacine.fr\\\/wp-content\\\/uploads\\\/2023\\\/10\\\/RMC-500250.png\",\"width\":500,\"height\":250,\"caption\":\"R\u00e9plique Manga Cin\u00e9\"},\"image\":{\"@id\":\"https:\\\/\\\/repliquemangacine.fr\\\/#\\\/schema\\\/logo\\\/image\\\/\"},\"sameAs\":[\"https:\\\/\\\/www.facebook.com\\\/RepliqueMangaCine\",\"https:\\\/\\\/www.instagram.com\\\/repliquemangacine.fr\\\/\"]}]}<\/script>\n<!-- \/ Yoast SEO plugin. -->","yoast_head_json":{"title":"God Of War Ragnarok-Hammer - R\u00e9plique Manga Cin\u00e9","description":"Jetzt exklusiv f\u00fcr Sie! Thors Hammer aus God Of War Ragnarok zum besten Preis. Komplett aus Fiberglas - H\u00f6he 47cm - Gewicht: 2145grs - Versand 24\/48h","robots":{"index":"index","follow":"follow","max-snippet":"max-snippet:-1","max-image-preview":"max-image-preview:large","max-video-preview":"max-video-preview:-1"},"canonical":"https:\/\/repliquemangacine.fr\/de\/katana-und-schwert-von-videospielen-andere-videospiele\/thors-hammer-in-god-of-war-ragnarok\/","og_locale":"de_DE","og_type":"article","og_title":"Marteau God Of War Ragnarok - R\u00e9plique Manga Cin\u00e9","og_description":"En exclusivit\u00e9 ! Le Marteau de Thor dans God Of War Ragnarok au meilleur prix. Tout en fibre de verre - Hauteur 47cm - Poids : 2145grs - Envoi 24\/48h","og_url":"https:\/\/repliquemangacine.fr\/de\/katana-und-schwert-von-videospielen-andere-videospiele\/thors-hammer-in-god-of-war-ragnarok\/","og_site_name":"R\u00e9plique Manga Cin\u00e9","article_publisher":"https:\/\/www.facebook.com\/RepliqueMangaCine","article_modified_time":"2026-02-18T15:05:52+00:00","og_image":[{"width":800,"height":800,"url":"https:\/\/repliquemangacine.fr\/wp-content\/uploads\/2023\/03\/Marteau-Thor-God-Of-War.jpg","type":"image\/jpeg"}],"twitter_card":"summary_large_image","twitter_misc":{"Gesch\u00e4tzte Lesezeit":"2\u00a0Minuten"},"schema":{"@context":"https:\/\/schema.org","@graph":[{"@type":"WebPage","@id":"https:\/\/repliquemangacine.fr\/katana-et-epee-de-jeux-video-autre-jeux-video\/marteau-de-thor-dans-god-of-war-ragnarok\/","url":"https:\/\/repliquemangacine.fr\/katana-et-epee-de-jeux-video-autre-jeux-video\/marteau-de-thor-dans-god-of-war-ragnarok\/","name":"God Of War Ragnarok-Hammer - R\u00e9plique Manga Cin\u00e9","isPartOf":{"@id":"https:\/\/repliquemangacine.fr\/#website"},"primaryImageOfPage":{"@id":"https:\/\/repliquemangacine.fr\/katana-et-epee-de-jeux-video-autre-jeux-video\/marteau-de-thor-dans-god-of-war-ragnarok\/#primaryimage"},"image":{"@id":"https:\/\/repliquemangacine.fr\/katana-et-epee-de-jeux-video-autre-jeux-video\/marteau-de-thor-dans-god-of-war-ragnarok\/#primaryimage"},"thumbnailUrl":"https:\/\/repliquemangacine.fr\/wp-content\/uploads\/2023\/03\/Marteau-Thor-God-Of-War.jpg","datePublished":"2023-03-03T10:33:03+00:00","dateModified":"2026-02-18T15:05:52+00:00","description":"Jetzt exklusiv f\u00fcr Sie! Thors Hammer aus God Of War Ragnarok zum besten Preis. Komplett aus Fiberglas - H\u00f6he 47cm - Gewicht: 2145grs - Versand 24\/48h","breadcrumb":{"@id":"https:\/\/repliquemangacine.fr\/katana-et-epee-de-jeux-video-autre-jeux-video\/marteau-de-thor-dans-god-of-war-ragnarok\/#breadcrumb"},"inLanguage":"de","potentialAction":[{"@type":"ReadAction","target":["https:\/\/repliquemangacine.fr\/katana-et-epee-de-jeux-video-autre-jeux-video\/marteau-de-thor-dans-god-of-war-ragnarok\/"]}]},{"@type":"ImageObject","inLanguage":"de","@id":"https:\/\/repliquemangacine.fr\/katana-et-epee-de-jeux-video-autre-jeux-video\/marteau-de-thor-dans-god-of-war-ragnarok\/#primaryimage","url":"https:\/\/repliquemangacine.fr\/wp-content\/uploads\/2023\/03\/Marteau-Thor-God-Of-War.jpg","contentUrl":"https:\/\/repliquemangacine.fr\/wp-content\/uploads\/2023\/03\/Marteau-Thor-God-Of-War.jpg","width":800,"height":800,"caption":"Marteau Thor God Of War"},{"@type":"BreadcrumbList","@id":"https:\/\/repliquemangacine.fr\/katana-et-epee-de-jeux-video-autre-jeux-video\/marteau-de-thor-dans-god-of-war-ragnarok\/#breadcrumb","itemListElement":[{"@type":"ListItem","position":1,"name":"Accueil","item":"https:\/\/repliquemangacine.fr\/"},{"@type":"ListItem","position":2,"name":"Produits","item":"https:\/\/repliquemangacine.fr\/boutique\/"},{"@type":"ListItem","position":3,"name":"Marteau God Of War Ragnarok"}]},{"@type":"WebSite","@id":"https:\/\/repliquemangacine.fr\/#website","url":"https:\/\/repliquemangacine.fr\/","name":"R\u00e9plique Manga Cin\u00e9","description":"","publisher":{"@id":"https:\/\/repliquemangacine.fr\/#organization"},"potentialAction":[{"@type":"SearchAction","target":{"@type":"EntryPoint","urlTemplate":"https:\/\/repliquemangacine.fr\/?s={search_term_string}"},"query-input":{"@type":"PropertyValueSpecification","valueRequired":true,"valueName":"search_term_string"}}],"inLanguage":"de"},{"@type":"Organization","@id":"https:\/\/repliquemangacine.fr\/#organization","name":"R\u00e9plique Manga Cin\u00e9","url":"https:\/\/repliquemangacine.fr\/","logo":{"@type":"ImageObject","inLanguage":"de","@id":"https:\/\/repliquemangacine.fr\/#\/schema\/logo\/image\/","url":"https:\/\/repliquemangacine.fr\/wp-content\/uploads\/2023\/10\/RMC-500250.png","contentUrl":"https:\/\/repliquemangacine.fr\/wp-content\/uploads\/2023\/10\/RMC-500250.png","width":500,"height":250,"caption":"R\u00e9plique Manga Cin\u00e9"},"image":{"@id":"https:\/\/repliquemangacine.fr\/#\/schema\/logo\/image\/"},"sameAs":["https:\/\/www.facebook.com\/RepliqueMangaCine","https:\/\/www.instagram.com\/repliquemangacine.fr\/"]}]}},"_links":{"self":[{"href":"https:\/\/repliquemangacine.fr\/de\/wp-json\/wp\/v2\/product\/58982","targetHints":{"allow":["GET"]}}],"collection":[{"href":"https:\/\/repliquemangacine.fr\/de\/wp-json\/wp\/v2\/product"}],"about":[{"href":"https:\/\/repliquemangacine.fr\/de\/wp-json\/wp\/v2\/types\/product"}],"wp:featuredmedia":[{"embeddable":true,"href":"https:\/\/repliquemangacine.fr\/de\/wp-json\/wp\/v2\/media\/85344"}],"wp:attachment":[{"href":"https:\/\/repliquemangacine.fr\/de\/wp-json\/wp\/v2\/media?parent=58982"}],"wp:term":[{"taxonomy":"product_brand","embeddable":true,"href":"https:\/\/repliquemangacine.fr\/de\/wp-json\/wp\/v2\/product_brand?post=58982"},{"taxonomy":"product_cat","embeddable":true,"href":"https:\/\/repliquemangacine.fr\/de\/wp-json\/wp\/v2\/product_cat?post=58982"},{"taxonomy":"product_tag","embeddable":true,"href":"https:\/\/repliquemangacine.fr\/de\/wp-json\/wp\/v2\/product_tag?post=58982"}],"curies":[{"name":"wp","href":"https:\/\/api.w.org\/{rel}","templated":true}]}}