





{"id":58576,"date":"2023-02-09T19:37:32","date_gmt":"2023-02-09T18:37:32","guid":{"rendered":"https:\/\/repliquemangacine.fr\/?post_type=product&#038;p=58576"},"modified":"2025-11-21T13:14:28","modified_gmt":"2025-11-21T12:14:28","slug":"firebolt-besen-harry-potter","status":"publish","type":"product","link":"https:\/\/repliquemangacine.fr\/de\/collectors-et-goodies-harry-potter\/balai-firebolt-harry-potter\/","title":{"rendered":"Harry Potter Firebolt Besen"},"content":{"rendered":"<h2>Offizielle Replik des Firebolt-Besen aus Harry Potter.<\/h2>\n<p>Au\u00dfergew\u00f6hnlich, dieser <strong>Harry Potters Firebolt Besen<\/strong> mit offizieller Warner-Bros.-Lizenz. In limitierter Auflage mit nur 10.000 Exemplaren weltweit.<\/p>\n<p><em>Auch wenn er sich gut anf\u00fchlt, ist dieser Feuerblitz kein Spielzeug, sondern ein zerbrechliches Sammlerst\u00fcck. Bei unsachgem\u00e4\u00dfer Behandlung kann er zerbrechen. Da der Stiel und die Zweige aus nat\u00fcrlichen Materialien bestehen, k\u00f6nnen Farbe und Aussehen des Holzes von Besen zu Besen variieren.<\/em><\/p>\n<p>In der Harry-Potter-Saga ist der Feuerblitz (engl. Firebolt) der schnellste Besen mit einer Beschleunigung von 0 auf 240 km\/h in 10 Sekunden. Er verf\u00fcgt \u00fcber eine automatische Bremse und einen hochentwickelten Bremszauber.<\/p>\n<p>Harry wird zu Weihnachten stolzer Besitzer des Feuerblitzes, ein Geschenk seines Patenonkels Sirius Black. Der Feuerblitz wird auch vom irischen Quidditch-Team verwendet.<\/p>\n<p><a href=\"https:\/\/www.repliquemangacine.fr\/wp-content\/uploads\/2023\/02\/balai-eclair-de-feu-harry-potter1.jpg\"><img fetchpriority=\"high\" decoding=\"async\" class=\"alignnone size-medium wp-image-58589\" src=\"https:\/\/www.repliquemangacine.fr\/wp-content\/uploads\/2023\/02\/balai-eclair-de-feu-harry-potter1-300x300.jpg\" alt=\"\" width=\"300\" height=\"300\" \/><\/a><\/p>\n<h2>Harry Potter Feuerblitz Besen zum besten Preis.<\/h2>\n<p>Wir bieten Ihnen eine gro\u00dfe Auswahl an Harry-Potter-Zauberst\u00e4ben sowie Sammlerst\u00fccken, mit denen Sie Ihre Sammlung erweitern k\u00f6nnen.<\/p>\n<p>F\u00fcr den Anfang,<\/p>\n<ul>\n<li>Die <a href=\"https:\/\/repliquemangacine.fr\/de\/harry-potter-stabchen\/\">Zauberst\u00e4be Harry-Potter-Figuren<\/a>Die meisten dieser B\u00fccher sind als offizielle Versionen und als billige Repliken erh\u00e4ltlich.<\/li>\n<li>Es gibt auch den <a href=\"https:\/\/repliquemangacine.fr\/de\/sammlerstucke-und-goodies-harry-potter\/schachbrett-der-zauberer-spiel-schach-hp\/\">Harry Potter-Schachspiel<\/a> unter offizieller Lizenz vertrieben von <a href=\"https:\/\/noblecollection.fr\/echiquier-des-sorciers-harry-potter-p-4658.html\" target=\"_blank\" rel=\"noopener noreferrer\">Noble Collection<\/a><\/li>\n<li>Sowie das <a href=\"https:\/\/repliquemangacine.fr\/de\/stabe-und-goodies-harry-potter\/ron-weasley-deluminator\/\">Deluminator<\/a> von Ron, das ihm von Dumbledor vermacht wurde. Dieses Sammlerst\u00fcck wird von Noble Collection vertrieben.<\/li>\n<li>Es gibt auch die<a href=\"https:\/\/repliquemangacine.fr\/de\/sammlerstucke-und-goodies-harry-potter\/godric-gryffindor-harry-potter-schwert\/\">Gryffindor-Schwert<\/a>von den Goblins hergestellt. Es ist eines der vier Relikte der Gr\u00fcnder.<\/li>\n<li>Und viele andere, die es in unserem Online-Shop zu entdecken gibt.<\/li>\n<\/ul>\n<p>Deshalb gibt es hier tolle Geschenkideen f\u00fcr alle Fans der Saga. Werden auch Sie stolzer Besitzer des <strong>Harry Potter Firebolt Besen<\/strong>.<\/p>\n<h2>Entdecken Sie unsere neuesten g\u00fcnstigen Harry-Potter-Neuheiten.<\/h2>\n<p>Immer auf der Suche nach den neuesten Entwicklungen auf dem Markt, bieten wir Ihnen einige Repliken an, die Sie brauchen, um Ihre pers\u00f6nliche Sammlung zu erweitern.<\/p>\n<p>Zun\u00e4chst einmal: Sie haben uns darum gebeten, und jetzt ist es soweit!<\/p>\n<ul>\n<li>Mit dem interaktiven Choice Replica wird er Ihnen mitteilen, zu welchem Haus Sie geh\u00f6ren! Aber er kann noch mehr! Dr\u00fccke auf die B\u00e4nder, um den Mund zu aktivieren und die Oberseite des Wahlhelfers zu bewegen.<\/li>\n<li>Ein neuer <a href=\"https:\/\/repliquemangacine.fr\/de\/sammlerstucke-und-goodies-harry-potter\/essstabchen-set-harry-potter\/\">Sammlerbox<\/a> von mehreren St\u00e4ben, von deinen Lieblingsfiguren als Schl\u00fcsselanh\u00e4nger oder Anh\u00e4nger, je nachdem, wie du dich f\u00fchlst.<\/li>\n<li>Demn\u00e4chst bringen wir die ber\u00fchmte Marodeur-Karte nach Hause, diese magische Karte, die den Aufenthaltsort der Schulinsassen anzeigt.<\/li>\n<li>Zum Schluss warten noch viele weitere \u00dcberraschungen auf Sie! ein wenig Geduld, nehmen Sie sich die Zeit, Ihren <strong>Harry Potter Firebolt Besen<\/strong><\/li>\n<\/ul>\n<p>R\u00e9plique Manga Cin\u00e9 ist ein franz\u00f6sisches Familienunternehmen.<\/p>","protected":false},"excerpt":{"rendered":"<p>Offiziell lizenzierte Replik des Feuerblitzbesens. Er wurde aus den Archiven von Warner Bros. gezeichnet.<\/p>\n<ul>\n<li>Griff aus Gummibaumholz mit eingravierten Runen.<\/li>\n<li>Borsten aus Birke und Rattan.<\/li>\n<li>Abnehmbare Fu\u00dfst\u00fctzen, die auf zwei verschiedene Arten angebracht werden k\u00f6nnen<\/li>\n<li>In Quidditch-Packpapier verpackt<\/li>\n<li>Goldene Runen auf dem Griff eingraviert<\/li>\n<li>Wird in 2 Teilen geliefert. Einfache Montage mit Schraubsystem<\/li>\n<li>Eine Feder, die an Buck erinnert, wird mit dem Besen mitgeliefert.<\/li>\n<li>Ma\u00dfe: 165cm - Gewicht: 3210grs<\/li>\n<\/ul>\n<p><strong>Jeder Firebolt wird mit einem Echtheitszertifikat, einem St\u00e4nder und einer nummerierten Metallplatte geliefert, sodass jedes St\u00fcck wirklich einzigartig ist. <\/strong><\/p>\n<p><strong>Auf 10 000 Exemplare limitierte Auflage.<\/strong><\/p>\n<p><iframe title=\"YouTube-Videoplayer\" src=\"https:\/\/www.youtube.com\/embed\/0DUEyqWL7g8\" width=\"560\" height=\"315\" frameborder=\"0\" allowfullscreen=\"allowfullscreen\"><\/iframe><\/p>","protected":false},"featured_media":58577,"template":"","meta":[],"product_brand":[896],"product_cat":[87,24,41],"product_tag":[],"class_list":{"0":"post-58576","1":"product","2":"type-product","3":"status-publish","4":"has-post-thumbnail","6":"product_brand-replique-manga-cine","7":"product_cat-collectors-et-goodies-harry-potter","8":"product_cat-films-series-tv-vente-de-katana-epee-et-produits-derives","9":"product_cat-baguettes-et-goodies-harry-potter","11":"first","12":"instock","13":"taxable","14":"shipping-taxable","15":"purchasable","16":"product-type-simple"},"yoast_head":"<!-- This site is optimized with the Yoast SEO plugin v27.5 - https:\/\/yoast.com\/product\/yoast-seo-wordpress\/ -->\n<title>Balai Firebolt Harry Potter Licence Officielle | R\u00e9plique Manga Cin\u00e9<\/title>\n<meta name=\"description\" content=\"Exceptionnel, le Balai Firebolt de Harry Potter au meilleur prix. Sous licence Officielle Warner Bros, num\u00e9rot\u00e9e, \u00e9chelle 1\/1. Envoi gratuit en 24\/48h\" \/>\n<meta name=\"robots\" content=\"index, follow, max-snippet:-1, max-image-preview:large, max-video-preview:-1\" \/>\n<link rel=\"canonical\" href=\"https:\/\/repliquemangacine.fr\/de\/sammlerstucke-und-goodies-harry-potter\/firebolt-besen-harry-potter\/\" \/>\n<meta property=\"og:locale\" content=\"de_DE\" \/>\n<meta property=\"og:type\" content=\"article\" \/>\n<meta property=\"og:title\" content=\"Balai Firebolt Harry Potter Licence Officielle | R\u00e9plique Manga Cin\u00e9\" \/>\n<meta property=\"og:description\" content=\"Exceptionnel, le Balai Firebolt de Harry Potter au meilleur prix. Sous licence Officielle Warner Bros, num\u00e9rot\u00e9e, \u00e9chelle 1\/1. Envoi gratuit en 24\/48h\" \/>\n<meta property=\"og:url\" content=\"https:\/\/repliquemangacine.fr\/de\/sammlerstucke-und-goodies-harry-potter\/firebolt-besen-harry-potter\/\" \/>\n<meta property=\"og:site_name\" content=\"R\u00e9plique Manga Cin\u00e9\" \/>\n<meta property=\"article:publisher\" content=\"https:\/\/www.facebook.com\/RepliqueMangaCine\" \/>\n<meta property=\"article:modified_time\" content=\"2025-11-21T12:14:28+00:00\" \/>\n<meta property=\"og:image\" content=\"https:\/\/repliquemangacine.fr\/wp-content\/uploads\/2023\/10\/Balai-FireBolt-Harry-Potter.jpg\" \/>\n\t<meta property=\"og:image:width\" content=\"500\" \/>\n\t<meta property=\"og:image:height\" content=\"500\" \/>\n\t<meta property=\"og:image:type\" content=\"image\/jpeg\" \/>\n<meta name=\"twitter:card\" content=\"summary_large_image\" \/>\n<meta name=\"twitter:label1\" content=\"Gesch\u00e4tzte Lesezeit\" \/>\n\t<meta name=\"twitter:data1\" content=\"3\u00a0Minuten\" \/>\n<script type=\"application\/ld+json\" class=\"yoast-schema-graph\">{\"@context\":\"https:\\\/\\\/schema.org\",\"@graph\":[{\"@type\":\"WebPage\",\"@id\":\"https:\\\/\\\/repliquemangacine.fr\\\/collectors-et-goodies-harry-potter\\\/balai-firebolt-harry-potter\\\/\",\"url\":\"https:\\\/\\\/repliquemangacine.fr\\\/collectors-et-goodies-harry-potter\\\/balai-firebolt-harry-potter\\\/\",\"name\":\"Balai Firebolt Harry Potter Licence Officielle | R\u00e9plique Manga Cin\u00e9\",\"isPartOf\":{\"@id\":\"https:\\\/\\\/repliquemangacine.fr\\\/#website\"},\"primaryImageOfPage\":{\"@id\":\"https:\\\/\\\/repliquemangacine.fr\\\/collectors-et-goodies-harry-potter\\\/balai-firebolt-harry-potter\\\/#primaryimage\"},\"image\":{\"@id\":\"https:\\\/\\\/repliquemangacine.fr\\\/collectors-et-goodies-harry-potter\\\/balai-firebolt-harry-potter\\\/#primaryimage\"},\"thumbnailUrl\":\"https:\\\/\\\/repliquemangacine.fr\\\/wp-content\\\/uploads\\\/2023\\\/10\\\/Balai-FireBolt-Harry-Potter.jpg\",\"datePublished\":\"2023-02-09T18:37:32+00:00\",\"dateModified\":\"2025-11-21T12:14:28+00:00\",\"description\":\"Exceptionnel, le Balai Firebolt de Harry Potter au meilleur prix. Sous licence Officielle Warner Bros, num\u00e9rot\u00e9e, \u00e9chelle 1\\\/1. Envoi gratuit en 24\\\/48h\",\"breadcrumb\":{\"@id\":\"https:\\\/\\\/repliquemangacine.fr\\\/collectors-et-goodies-harry-potter\\\/balai-firebolt-harry-potter\\\/#breadcrumb\"},\"inLanguage\":\"de\",\"potentialAction\":[{\"@type\":\"ReadAction\",\"target\":[\"https:\\\/\\\/repliquemangacine.fr\\\/collectors-et-goodies-harry-potter\\\/balai-firebolt-harry-potter\\\/\"]}]},{\"@type\":\"ImageObject\",\"inLanguage\":\"de\",\"@id\":\"https:\\\/\\\/repliquemangacine.fr\\\/collectors-et-goodies-harry-potter\\\/balai-firebolt-harry-potter\\\/#primaryimage\",\"url\":\"https:\\\/\\\/repliquemangacine.fr\\\/wp-content\\\/uploads\\\/2023\\\/10\\\/Balai-FireBolt-Harry-Potter.jpg\",\"contentUrl\":\"https:\\\/\\\/repliquemangacine.fr\\\/wp-content\\\/uploads\\\/2023\\\/10\\\/Balai-FireBolt-Harry-Potter.jpg\",\"width\":500,\"height\":500,\"caption\":\"Balai Firebolt Harry Potter \u00e9clair de feu\"},{\"@type\":\"BreadcrumbList\",\"@id\":\"https:\\\/\\\/repliquemangacine.fr\\\/collectors-et-goodies-harry-potter\\\/balai-firebolt-harry-potter\\\/#breadcrumb\",\"itemListElement\":[{\"@type\":\"ListItem\",\"position\":1,\"name\":\"Accueil\",\"item\":\"https:\\\/\\\/repliquemangacine.fr\\\/\"},{\"@type\":\"ListItem\",\"position\":2,\"name\":\"Produits\",\"item\":\"https:\\\/\\\/repliquemangacine.fr\\\/boutique\\\/\"},{\"@type\":\"ListItem\",\"position\":3,\"name\":\"Balai Firebolt Harry Potter\"}]},{\"@type\":\"WebSite\",\"@id\":\"https:\\\/\\\/repliquemangacine.fr\\\/#website\",\"url\":\"https:\\\/\\\/repliquemangacine.fr\\\/\",\"name\":\"R\u00e9plique Manga Cin\u00e9\",\"description\":\"\",\"publisher\":{\"@id\":\"https:\\\/\\\/repliquemangacine.fr\\\/#organization\"},\"potentialAction\":[{\"@type\":\"SearchAction\",\"target\":{\"@type\":\"EntryPoint\",\"urlTemplate\":\"https:\\\/\\\/repliquemangacine.fr\\\/?s={search_term_string}\"},\"query-input\":{\"@type\":\"PropertyValueSpecification\",\"valueRequired\":true,\"valueName\":\"search_term_string\"}}],\"inLanguage\":\"de\"},{\"@type\":\"Organization\",\"@id\":\"https:\\\/\\\/repliquemangacine.fr\\\/#organization\",\"name\":\"R\u00e9plique Manga Cin\u00e9\",\"url\":\"https:\\\/\\\/repliquemangacine.fr\\\/\",\"logo\":{\"@type\":\"ImageObject\",\"inLanguage\":\"de\",\"@id\":\"https:\\\/\\\/repliquemangacine.fr\\\/#\\\/schema\\\/logo\\\/image\\\/\",\"url\":\"https:\\\/\\\/repliquemangacine.fr\\\/wp-content\\\/uploads\\\/2023\\\/10\\\/RMC-500250.png\",\"contentUrl\":\"https:\\\/\\\/repliquemangacine.fr\\\/wp-content\\\/uploads\\\/2023\\\/10\\\/RMC-500250.png\",\"width\":500,\"height\":250,\"caption\":\"R\u00e9plique Manga Cin\u00e9\"},\"image\":{\"@id\":\"https:\\\/\\\/repliquemangacine.fr\\\/#\\\/schema\\\/logo\\\/image\\\/\"},\"sameAs\":[\"https:\\\/\\\/www.facebook.com\\\/RepliqueMangaCine\",\"https:\\\/\\\/www.instagram.com\\\/repliquemangacine.fr\\\/\"]}]}<\/script>\n<!-- \/ Yoast SEO plugin. -->","yoast_head_json":{"title":"Harry Potter Firebolt Besen Offizielle Lizenz | R\u00e9plique Manga Cin\u00e9","description":"Au\u00dfergew\u00f6hnlich, der Firebolt Besen aus Harry Potter zum besten Preis. Offiziell lizenziert von Warner Bros., nummeriert, Ma\u00dfstab 1:1. Kostenloser Versand innerhalb von 24\/48 Stunden","robots":{"index":"index","follow":"follow","max-snippet":"max-snippet:-1","max-image-preview":"max-image-preview:large","max-video-preview":"max-video-preview:-1"},"canonical":"https:\/\/repliquemangacine.fr\/de\/sammlerstucke-und-goodies-harry-potter\/firebolt-besen-harry-potter\/","og_locale":"de_DE","og_type":"article","og_title":"Balai Firebolt Harry Potter Licence Officielle | R\u00e9plique Manga Cin\u00e9","og_description":"Exceptionnel, le Balai Firebolt de Harry Potter au meilleur prix. Sous licence Officielle Warner Bros, num\u00e9rot\u00e9e, \u00e9chelle 1\/1. Envoi gratuit en 24\/48h","og_url":"https:\/\/repliquemangacine.fr\/de\/sammlerstucke-und-goodies-harry-potter\/firebolt-besen-harry-potter\/","og_site_name":"R\u00e9plique Manga Cin\u00e9","article_publisher":"https:\/\/www.facebook.com\/RepliqueMangaCine","article_modified_time":"2025-11-21T12:14:28+00:00","og_image":[{"width":500,"height":500,"url":"https:\/\/repliquemangacine.fr\/wp-content\/uploads\/2023\/10\/Balai-FireBolt-Harry-Potter.jpg","type":"image\/jpeg"}],"twitter_card":"summary_large_image","twitter_misc":{"Gesch\u00e4tzte Lesezeit":"3\u00a0Minuten"},"schema":{"@context":"https:\/\/schema.org","@graph":[{"@type":"WebPage","@id":"https:\/\/repliquemangacine.fr\/collectors-et-goodies-harry-potter\/balai-firebolt-harry-potter\/","url":"https:\/\/repliquemangacine.fr\/collectors-et-goodies-harry-potter\/balai-firebolt-harry-potter\/","name":"Harry Potter Firebolt Besen Offizielle Lizenz | R\u00e9plique Manga Cin\u00e9","isPartOf":{"@id":"https:\/\/repliquemangacine.fr\/#website"},"primaryImageOfPage":{"@id":"https:\/\/repliquemangacine.fr\/collectors-et-goodies-harry-potter\/balai-firebolt-harry-potter\/#primaryimage"},"image":{"@id":"https:\/\/repliquemangacine.fr\/collectors-et-goodies-harry-potter\/balai-firebolt-harry-potter\/#primaryimage"},"thumbnailUrl":"https:\/\/repliquemangacine.fr\/wp-content\/uploads\/2023\/10\/Balai-FireBolt-Harry-Potter.jpg","datePublished":"2023-02-09T18:37:32+00:00","dateModified":"2025-11-21T12:14:28+00:00","description":"Au\u00dfergew\u00f6hnlich, der Firebolt Besen aus Harry Potter zum besten Preis. Offiziell lizenziert von Warner Bros., nummeriert, Ma\u00dfstab 1:1. Kostenloser Versand innerhalb von 24\/48 Stunden","breadcrumb":{"@id":"https:\/\/repliquemangacine.fr\/collectors-et-goodies-harry-potter\/balai-firebolt-harry-potter\/#breadcrumb"},"inLanguage":"de","potentialAction":[{"@type":"ReadAction","target":["https:\/\/repliquemangacine.fr\/collectors-et-goodies-harry-potter\/balai-firebolt-harry-potter\/"]}]},{"@type":"ImageObject","inLanguage":"de","@id":"https:\/\/repliquemangacine.fr\/collectors-et-goodies-harry-potter\/balai-firebolt-harry-potter\/#primaryimage","url":"https:\/\/repliquemangacine.fr\/wp-content\/uploads\/2023\/10\/Balai-FireBolt-Harry-Potter.jpg","contentUrl":"https:\/\/repliquemangacine.fr\/wp-content\/uploads\/2023\/10\/Balai-FireBolt-Harry-Potter.jpg","width":500,"height":500,"caption":"Balai Firebolt Harry Potter \u00e9clair de feu"},{"@type":"BreadcrumbList","@id":"https:\/\/repliquemangacine.fr\/collectors-et-goodies-harry-potter\/balai-firebolt-harry-potter\/#breadcrumb","itemListElement":[{"@type":"ListItem","position":1,"name":"Accueil","item":"https:\/\/repliquemangacine.fr\/"},{"@type":"ListItem","position":2,"name":"Produits","item":"https:\/\/repliquemangacine.fr\/boutique\/"},{"@type":"ListItem","position":3,"name":"Balai Firebolt Harry Potter"}]},{"@type":"WebSite","@id":"https:\/\/repliquemangacine.fr\/#website","url":"https:\/\/repliquemangacine.fr\/","name":"R\u00e9plique Manga Cin\u00e9","description":"","publisher":{"@id":"https:\/\/repliquemangacine.fr\/#organization"},"potentialAction":[{"@type":"SearchAction","target":{"@type":"EntryPoint","urlTemplate":"https:\/\/repliquemangacine.fr\/?s={search_term_string}"},"query-input":{"@type":"PropertyValueSpecification","valueRequired":true,"valueName":"search_term_string"}}],"inLanguage":"de"},{"@type":"Organization","@id":"https:\/\/repliquemangacine.fr\/#organization","name":"R\u00e9plique Manga Cin\u00e9","url":"https:\/\/repliquemangacine.fr\/","logo":{"@type":"ImageObject","inLanguage":"de","@id":"https:\/\/repliquemangacine.fr\/#\/schema\/logo\/image\/","url":"https:\/\/repliquemangacine.fr\/wp-content\/uploads\/2023\/10\/RMC-500250.png","contentUrl":"https:\/\/repliquemangacine.fr\/wp-content\/uploads\/2023\/10\/RMC-500250.png","width":500,"height":250,"caption":"R\u00e9plique Manga Cin\u00e9"},"image":{"@id":"https:\/\/repliquemangacine.fr\/#\/schema\/logo\/image\/"},"sameAs":["https:\/\/www.facebook.com\/RepliqueMangaCine","https:\/\/www.instagram.com\/repliquemangacine.fr\/"]}]}},"_links":{"self":[{"href":"https:\/\/repliquemangacine.fr\/de\/wp-json\/wp\/v2\/product\/58576","targetHints":{"allow":["GET"]}}],"collection":[{"href":"https:\/\/repliquemangacine.fr\/de\/wp-json\/wp\/v2\/product"}],"about":[{"href":"https:\/\/repliquemangacine.fr\/de\/wp-json\/wp\/v2\/types\/product"}],"wp:featuredmedia":[{"embeddable":true,"href":"https:\/\/repliquemangacine.fr\/de\/wp-json\/wp\/v2\/media\/58577"}],"wp:attachment":[{"href":"https:\/\/repliquemangacine.fr\/de\/wp-json\/wp\/v2\/media?parent=58576"}],"wp:term":[{"taxonomy":"product_brand","embeddable":true,"href":"https:\/\/repliquemangacine.fr\/de\/wp-json\/wp\/v2\/product_brand?post=58576"},{"taxonomy":"product_cat","embeddable":true,"href":"https:\/\/repliquemangacine.fr\/de\/wp-json\/wp\/v2\/product_cat?post=58576"},{"taxonomy":"product_tag","embeddable":true,"href":"https:\/\/repliquemangacine.fr\/de\/wp-json\/wp\/v2\/product_tag?post=58576"}],"curies":[{"name":"wp","href":"https:\/\/api.w.org\/{rel}","templated":true}]}}