





{"id":58565,"date":"2023-02-09T15:20:16","date_gmt":"2023-02-09T14:20:16","guid":{"rendered":"https:\/\/repliquemangacine.fr\/?post_type=product&#038;p=58565"},"modified":"2025-11-21T13:15:30","modified_gmt":"2025-11-21T12:15:30","slug":"arwen-halskette-herr-der-ringe","status":"publish","type":"product","link":"https:\/\/repliquemangacine.fr\/de\/bijoux-anneaux\/collier-arwen-seigneur-des-anneaux\/","title":{"rendered":"Arwen Herr der Ringe Halskette"},"content":{"rendered":"<h2>Halskette Arwen der Herr der Ringe Abendstern<\/h2>\n<p>Die <strong>Arwen Herr der Ringe Halskette<\/strong> wird der Abendstern genannt. Dieser Anh\u00e4nger von Arwen scheint keine Kr\u00e4fte zu besitzen. Vielmehr schien er eine ganz andere Art von Kraft zu enthalten.<\/p>\n<p>Man k\u00f6nnte tats\u00e4chlich meinen, dass er Arwens Unsterblichkeit symbolisiert. Im ersten Teil schenkt Arwen ihn Aragorn, um ihm ihre Liebe zu bekunden. Und wenn sie ihm ihre Liebe schenkt, verliert sie ihre Unsterblichkeit und teilt damit das Schicksal von Luthien Tinuviel.<\/p>\n<p>Eine weitere Interpretation, die eher gegen Ende des Films auftaucht. Aus unbekannten Gr\u00fcnden hat Peter Jackson auch Arwen und ihre Halskette mit dem Schicksal des Ringtr\u00e4gers in Verbindung gebracht.<br \/>\nIm letzten Teil, als Frodo immer schw\u00e4cher wird, geht Arwens Leben zu Ende, und wir sehen, wie Elrond daraus schwerwiegende Schlussfolgerungen zieht.<\/p>\n<h2>Arwen-Anh\u00e4nger, Abendstern zum besten Preis.<\/h2>\n<p>Wir bieten Ihnen eine gro\u00dfe Auswahl an g\u00fcnstigen Herr der Ringe-Schwertern und -Schmuckst\u00fccken. Als Replik oder offiziell <a href=\"https:\/\/noblecollection.fr\/arwen-pendentif-etoile-soir-replique-seigneur-des-anneaux-p-11.html\" target=\"_blank\" rel=\"noopener noreferrer\">Noble Collection<\/a>, Sie m\u00fcssen nur Ihre Wahl treffen.<\/p>\n<p>Zun\u00e4chst einmal,<\/p>\n<ul>\n<li>L'<a href=\"https:\/\/repliquemangacine.fr\/de\/herr-der-ringe-schwerter\/arwen-schwert-hadhafang-schwert\/\">Arwens Schwert Hadhafang<\/a> mit seiner Klinge, die mit elfischen Runen graviert ist.<\/li>\n<li>Es gibt auch das ber\u00fchmte, von den Elfen neu geschmiedete Schwert, das<a href=\"https:\/\/repliquemangacine.fr\/de\/der-herr-der-ringe\/anduril-epee-aragorn-herr-der-ringe\/\">Anduril<\/a> \"Flamme des Westens\"<\/li>\n<li>Sowie das <a href=\"https:\/\/repliquemangacine.fr\/de\/schmuck-ringe\/brosche-halskette-blatt-der-lorien-seigneur-des-anneaux\/\">Halskette Brosche Blatt Lorien<\/a> Symbol der Elfen.<\/li>\n<li>Schlie\u00dfen wir mit dem emblematischen und unumg\u00e4nglichen <a href=\"https:\/\/repliquemangacine.fr\/de\/der-herr-der-ringe\/anneau-unique-le-precieux\/\">Einzigartiger Ring<\/a>. Dieser Ring der Macht wird von Gollum als \"mein Kostbarer\" bezeichnet.<\/li>\n<li>Und viele andere, die es in unserem Online-Shop zu entdecken gibt.<\/li>\n<\/ul>\n<p>Deshalb gibt es hier tolle Geschenkideen f\u00fcr alle Liebhaber der Trilogie \"Der Herr der Ringe\".<\/p>\n<h2>Unsere neuesten billigen Schwerter, Schmuck und Sammlerst\u00fccke von Herr der Ringe.<\/h2>\n<ul>\n<li>An erster Stelle steht das wundersch\u00f6ne 32-teilige Schachspiel, das \"Die Schlacht um Mittelerde\" darstellt. Jede Figur ist mit den Hauptfiguren der Trilogie fein geschnitzt.<\/li>\n<li>Anschlie\u00dfend wird die Replik des<a href=\"https:\/\/repliquemangacine.fr\/de\/herr-der-ringe-schwerter\/witch-king-schwert-herr-der-ringe\/\">Schwert des Hexenk\u00f6nigs<\/a> (Witch king), Herrscher der Nazgul. Mit seiner geh\u00e4mmerten Klinge und dem speziellen Schutz.<\/li>\n<li>Sowie die<a href=\"https:\/\/repliquemangacine.fr\/de\/herr-der-ringe-schwerter\/nazgul-schwert-herr-der-ringe-schwarzes-reiterschwert\/\">Schwert der schwarzen Reiter<\/a> \"die Nazgul\", die Diener Saurons. Dieses Schwert hat eine speziell geformte, geh\u00e4mmerte Klinge und einen speziell geformten Griff.<\/li>\n<\/ul>\n<p>Abschlie\u00dfend m\u00f6chten wir betonen, dass wir uns bem\u00fchen, f\u00fcr Sie alle Neuheiten zu finden, die auf den Markt kommen. Z\u00f6gern Sie nicht, uns Ihre W\u00fcnsche mitzuteilen, um Ihre Sammlungen zu erweitern.<\/p>\n<p>R\u00e9plique Manga Cin\u00e9 ist ein franz\u00f6sisches Familienunternehmen.<\/p>","protected":false},"excerpt":{"rendered":"<p>Wundersch\u00f6ne Replik des Arwen-Anh\u00e4ngers Abendstern. Diese offizielle Reproduktion wird vertrieben von <strong>Noble Collection<\/strong>.<\/p>\n<ul>\n<li>Silberbeschichteter Anh\u00e4nger<\/li>\n<li>Mit Crystal (Strass) besetzt<\/li>\n<li>Wird mit seiner 45 cm langen Kette geliefert<\/li>\n<li>Der Anh\u00e4nger misst 6.3cm<\/li>\n<li>Wird mit einer Pappschachtel mit dem Bild des Herrn der Ringe geliefert.<\/li>\n<\/ul>","protected":false},"featured_media":58566,"template":"","meta":[],"product_brand":[896],"product_cat":[78,24,29],"product_tag":[],"class_list":{"0":"post-58565","1":"product","2":"type-product","3":"status-publish","4":"has-post-thumbnail","6":"product_brand-replique-manga-cine","7":"product_cat-bijoux-anneaux","8":"product_cat-films-series-tv-vente-de-katana-epee-et-produits-derives","9":"product_cat-le-seigneur-des-anneaux","11":"first","12":"outofstock","13":"taxable","14":"shipping-taxable","15":"purchasable","16":"product-type-simple"},"yoast_head":"<!-- This site is optimized with the Yoast SEO plugin v27.5 - https:\/\/yoast.com\/product\/yoast-seo-wordpress\/ -->\n<title>Collier Arwen Seigneur des Anneaux | R\u00e9plique Manga Cin\u00e9<\/title>\n<meta name=\"description\" content=\"Votre Collier d&#039;Arwen dans le Seigneur des Anneaux au meilleur prix. Pendentif \u00e9toile du soir pas cher. Livraison gratuite d\u00e8s 99\u20ac d&#039;achats - Envoi 24\/48h\" \/>\n<meta name=\"robots\" content=\"index, follow, max-snippet:-1, max-image-preview:large, max-video-preview:-1\" \/>\n<link rel=\"canonical\" href=\"https:\/\/repliquemangacine.fr\/de\/schmuck-ringe\/arwen-halskette-herr-der-ringe\/\" \/>\n<meta property=\"og:locale\" content=\"de_DE\" \/>\n<meta property=\"og:type\" content=\"article\" \/>\n<meta property=\"og:title\" content=\"Collier Arwen Seigneur des Anneaux | R\u00e9plique Manga Cin\u00e9\" \/>\n<meta property=\"og:description\" content=\"Votre Collier d&#039;Arwen dans le Seigneur des Anneaux au meilleur prix. Pendentif \u00e9toile du soir pas cher. Livraison gratuite d\u00e8s 99\u20ac d&#039;achats - Envoi 24\/48h\" \/>\n<meta property=\"og:url\" content=\"https:\/\/repliquemangacine.fr\/de\/schmuck-ringe\/arwen-halskette-herr-der-ringe\/\" \/>\n<meta property=\"og:site_name\" content=\"R\u00e9plique Manga Cin\u00e9\" \/>\n<meta property=\"article:publisher\" content=\"https:\/\/www.facebook.com\/RepliqueMangaCine\" \/>\n<meta property=\"article:modified_time\" content=\"2025-11-21T12:15:30+00:00\" \/>\n<meta property=\"og:image\" content=\"https:\/\/repliquemangacine.fr\/wp-content\/uploads\/2023\/10\/Pendentif-Arwen-avec-boite.jpg\" \/>\n\t<meta property=\"og:image:width\" content=\"500\" \/>\n\t<meta property=\"og:image:height\" content=\"500\" \/>\n\t<meta property=\"og:image:type\" content=\"image\/jpeg\" \/>\n<meta name=\"twitter:card\" content=\"summary_large_image\" \/>\n<meta name=\"twitter:label1\" content=\"Gesch\u00e4tzte Lesezeit\" \/>\n\t<meta name=\"twitter:data1\" content=\"3\u00a0Minuten\" \/>\n<script type=\"application\/ld+json\" class=\"yoast-schema-graph\">{\"@context\":\"https:\\\/\\\/schema.org\",\"@graph\":[{\"@type\":\"WebPage\",\"@id\":\"https:\\\/\\\/repliquemangacine.fr\\\/bijoux-anneaux\\\/collier-arwen-seigneur-des-anneaux\\\/\",\"url\":\"https:\\\/\\\/repliquemangacine.fr\\\/bijoux-anneaux\\\/collier-arwen-seigneur-des-anneaux\\\/\",\"name\":\"Collier Arwen Seigneur des Anneaux | R\u00e9plique Manga Cin\u00e9\",\"isPartOf\":{\"@id\":\"https:\\\/\\\/repliquemangacine.fr\\\/#website\"},\"primaryImageOfPage\":{\"@id\":\"https:\\\/\\\/repliquemangacine.fr\\\/bijoux-anneaux\\\/collier-arwen-seigneur-des-anneaux\\\/#primaryimage\"},\"image\":{\"@id\":\"https:\\\/\\\/repliquemangacine.fr\\\/bijoux-anneaux\\\/collier-arwen-seigneur-des-anneaux\\\/#primaryimage\"},\"thumbnailUrl\":\"https:\\\/\\\/repliquemangacine.fr\\\/wp-content\\\/uploads\\\/2023\\\/10\\\/Pendentif-Arwen-avec-boite.jpg\",\"datePublished\":\"2023-02-09T14:20:16+00:00\",\"dateModified\":\"2025-11-21T12:15:30+00:00\",\"description\":\"Votre Collier d'Arwen dans le Seigneur des Anneaux au meilleur prix. Pendentif \u00e9toile du soir pas cher. Livraison gratuite d\u00e8s 99\u20ac d'achats - Envoi 24\\\/48h\",\"breadcrumb\":{\"@id\":\"https:\\\/\\\/repliquemangacine.fr\\\/bijoux-anneaux\\\/collier-arwen-seigneur-des-anneaux\\\/#breadcrumb\"},\"inLanguage\":\"de\",\"potentialAction\":[{\"@type\":\"ReadAction\",\"target\":[\"https:\\\/\\\/repliquemangacine.fr\\\/bijoux-anneaux\\\/collier-arwen-seigneur-des-anneaux\\\/\"]}]},{\"@type\":\"ImageObject\",\"inLanguage\":\"de\",\"@id\":\"https:\\\/\\\/repliquemangacine.fr\\\/bijoux-anneaux\\\/collier-arwen-seigneur-des-anneaux\\\/#primaryimage\",\"url\":\"https:\\\/\\\/repliquemangacine.fr\\\/wp-content\\\/uploads\\\/2023\\\/10\\\/Pendentif-Arwen-avec-boite.jpg\",\"contentUrl\":\"https:\\\/\\\/repliquemangacine.fr\\\/wp-content\\\/uploads\\\/2023\\\/10\\\/Pendentif-Arwen-avec-boite.jpg\",\"width\":500,\"height\":500,\"caption\":\"Collier Arwen Seigneur des Anneaux\"},{\"@type\":\"BreadcrumbList\",\"@id\":\"https:\\\/\\\/repliquemangacine.fr\\\/bijoux-anneaux\\\/collier-arwen-seigneur-des-anneaux\\\/#breadcrumb\",\"itemListElement\":[{\"@type\":\"ListItem\",\"position\":1,\"name\":\"Accueil\",\"item\":\"https:\\\/\\\/repliquemangacine.fr\\\/\"},{\"@type\":\"ListItem\",\"position\":2,\"name\":\"Produits\",\"item\":\"https:\\\/\\\/repliquemangacine.fr\\\/boutique\\\/\"},{\"@type\":\"ListItem\",\"position\":3,\"name\":\"Collier Arwen Seigneur des Anneaux\"}]},{\"@type\":\"WebSite\",\"@id\":\"https:\\\/\\\/repliquemangacine.fr\\\/#website\",\"url\":\"https:\\\/\\\/repliquemangacine.fr\\\/\",\"name\":\"R\u00e9plique Manga Cin\u00e9\",\"description\":\"\",\"publisher\":{\"@id\":\"https:\\\/\\\/repliquemangacine.fr\\\/#organization\"},\"potentialAction\":[{\"@type\":\"SearchAction\",\"target\":{\"@type\":\"EntryPoint\",\"urlTemplate\":\"https:\\\/\\\/repliquemangacine.fr\\\/?s={search_term_string}\"},\"query-input\":{\"@type\":\"PropertyValueSpecification\",\"valueRequired\":true,\"valueName\":\"search_term_string\"}}],\"inLanguage\":\"de\"},{\"@type\":\"Organization\",\"@id\":\"https:\\\/\\\/repliquemangacine.fr\\\/#organization\",\"name\":\"R\u00e9plique Manga Cin\u00e9\",\"url\":\"https:\\\/\\\/repliquemangacine.fr\\\/\",\"logo\":{\"@type\":\"ImageObject\",\"inLanguage\":\"de\",\"@id\":\"https:\\\/\\\/repliquemangacine.fr\\\/#\\\/schema\\\/logo\\\/image\\\/\",\"url\":\"https:\\\/\\\/repliquemangacine.fr\\\/wp-content\\\/uploads\\\/2023\\\/10\\\/RMC-500250.png\",\"contentUrl\":\"https:\\\/\\\/repliquemangacine.fr\\\/wp-content\\\/uploads\\\/2023\\\/10\\\/RMC-500250.png\",\"width\":500,\"height\":250,\"caption\":\"R\u00e9plique Manga Cin\u00e9\"},\"image\":{\"@id\":\"https:\\\/\\\/repliquemangacine.fr\\\/#\\\/schema\\\/logo\\\/image\\\/\"},\"sameAs\":[\"https:\\\/\\\/www.facebook.com\\\/RepliqueMangaCine\",\"https:\\\/\\\/www.instagram.com\\\/repliquemangacine.fr\\\/\"]}]}<\/script>\n<!-- \/ Yoast SEO plugin. -->","yoast_head_json":{"title":"Arwen Herr der Ringe Halskette | R\u00e9plique Manga Cin\u00e9","description":"Ihre Arwen-Halskette aus \"Der Herr der Ringe\" zum besten Preis. G\u00fcnstiger Abendstern-Anh\u00e4nger. Kostenlose Lieferung ab 99\u20ac Einkaufswert - Versand 24\/48h","robots":{"index":"index","follow":"follow","max-snippet":"max-snippet:-1","max-image-preview":"max-image-preview:large","max-video-preview":"max-video-preview:-1"},"canonical":"https:\/\/repliquemangacine.fr\/de\/schmuck-ringe\/arwen-halskette-herr-der-ringe\/","og_locale":"de_DE","og_type":"article","og_title":"Collier Arwen Seigneur des Anneaux | R\u00e9plique Manga Cin\u00e9","og_description":"Votre Collier d'Arwen dans le Seigneur des Anneaux au meilleur prix. Pendentif \u00e9toile du soir pas cher. Livraison gratuite d\u00e8s 99\u20ac d'achats - Envoi 24\/48h","og_url":"https:\/\/repliquemangacine.fr\/de\/schmuck-ringe\/arwen-halskette-herr-der-ringe\/","og_site_name":"R\u00e9plique Manga Cin\u00e9","article_publisher":"https:\/\/www.facebook.com\/RepliqueMangaCine","article_modified_time":"2025-11-21T12:15:30+00:00","og_image":[{"width":500,"height":500,"url":"https:\/\/repliquemangacine.fr\/wp-content\/uploads\/2023\/10\/Pendentif-Arwen-avec-boite.jpg","type":"image\/jpeg"}],"twitter_card":"summary_large_image","twitter_misc":{"Gesch\u00e4tzte Lesezeit":"3\u00a0Minuten"},"schema":{"@context":"https:\/\/schema.org","@graph":[{"@type":"WebPage","@id":"https:\/\/repliquemangacine.fr\/bijoux-anneaux\/collier-arwen-seigneur-des-anneaux\/","url":"https:\/\/repliquemangacine.fr\/bijoux-anneaux\/collier-arwen-seigneur-des-anneaux\/","name":"Arwen Herr der Ringe Halskette | R\u00e9plique Manga Cin\u00e9","isPartOf":{"@id":"https:\/\/repliquemangacine.fr\/#website"},"primaryImageOfPage":{"@id":"https:\/\/repliquemangacine.fr\/bijoux-anneaux\/collier-arwen-seigneur-des-anneaux\/#primaryimage"},"image":{"@id":"https:\/\/repliquemangacine.fr\/bijoux-anneaux\/collier-arwen-seigneur-des-anneaux\/#primaryimage"},"thumbnailUrl":"https:\/\/repliquemangacine.fr\/wp-content\/uploads\/2023\/10\/Pendentif-Arwen-avec-boite.jpg","datePublished":"2023-02-09T14:20:16+00:00","dateModified":"2025-11-21T12:15:30+00:00","description":"Ihre Arwen-Halskette aus \"Der Herr der Ringe\" zum besten Preis. G\u00fcnstiger Abendstern-Anh\u00e4nger. Kostenlose Lieferung ab 99\u20ac Einkaufswert - Versand 24\/48h","breadcrumb":{"@id":"https:\/\/repliquemangacine.fr\/bijoux-anneaux\/collier-arwen-seigneur-des-anneaux\/#breadcrumb"},"inLanguage":"de","potentialAction":[{"@type":"ReadAction","target":["https:\/\/repliquemangacine.fr\/bijoux-anneaux\/collier-arwen-seigneur-des-anneaux\/"]}]},{"@type":"ImageObject","inLanguage":"de","@id":"https:\/\/repliquemangacine.fr\/bijoux-anneaux\/collier-arwen-seigneur-des-anneaux\/#primaryimage","url":"https:\/\/repliquemangacine.fr\/wp-content\/uploads\/2023\/10\/Pendentif-Arwen-avec-boite.jpg","contentUrl":"https:\/\/repliquemangacine.fr\/wp-content\/uploads\/2023\/10\/Pendentif-Arwen-avec-boite.jpg","width":500,"height":500,"caption":"Collier Arwen Seigneur des Anneaux"},{"@type":"BreadcrumbList","@id":"https:\/\/repliquemangacine.fr\/bijoux-anneaux\/collier-arwen-seigneur-des-anneaux\/#breadcrumb","itemListElement":[{"@type":"ListItem","position":1,"name":"Accueil","item":"https:\/\/repliquemangacine.fr\/"},{"@type":"ListItem","position":2,"name":"Produits","item":"https:\/\/repliquemangacine.fr\/boutique\/"},{"@type":"ListItem","position":3,"name":"Collier Arwen Seigneur des Anneaux"}]},{"@type":"WebSite","@id":"https:\/\/repliquemangacine.fr\/#website","url":"https:\/\/repliquemangacine.fr\/","name":"R\u00e9plique Manga Cin\u00e9","description":"","publisher":{"@id":"https:\/\/repliquemangacine.fr\/#organization"},"potentialAction":[{"@type":"SearchAction","target":{"@type":"EntryPoint","urlTemplate":"https:\/\/repliquemangacine.fr\/?s={search_term_string}"},"query-input":{"@type":"PropertyValueSpecification","valueRequired":true,"valueName":"search_term_string"}}],"inLanguage":"de"},{"@type":"Organization","@id":"https:\/\/repliquemangacine.fr\/#organization","name":"R\u00e9plique Manga Cin\u00e9","url":"https:\/\/repliquemangacine.fr\/","logo":{"@type":"ImageObject","inLanguage":"de","@id":"https:\/\/repliquemangacine.fr\/#\/schema\/logo\/image\/","url":"https:\/\/repliquemangacine.fr\/wp-content\/uploads\/2023\/10\/RMC-500250.png","contentUrl":"https:\/\/repliquemangacine.fr\/wp-content\/uploads\/2023\/10\/RMC-500250.png","width":500,"height":250,"caption":"R\u00e9plique Manga Cin\u00e9"},"image":{"@id":"https:\/\/repliquemangacine.fr\/#\/schema\/logo\/image\/"},"sameAs":["https:\/\/www.facebook.com\/RepliqueMangaCine","https:\/\/www.instagram.com\/repliquemangacine.fr\/"]}]}},"_links":{"self":[{"href":"https:\/\/repliquemangacine.fr\/de\/wp-json\/wp\/v2\/product\/58565","targetHints":{"allow":["GET"]}}],"collection":[{"href":"https:\/\/repliquemangacine.fr\/de\/wp-json\/wp\/v2\/product"}],"about":[{"href":"https:\/\/repliquemangacine.fr\/de\/wp-json\/wp\/v2\/types\/product"}],"wp:featuredmedia":[{"embeddable":true,"href":"https:\/\/repliquemangacine.fr\/de\/wp-json\/wp\/v2\/media\/58566"}],"wp:attachment":[{"href":"https:\/\/repliquemangacine.fr\/de\/wp-json\/wp\/v2\/media?parent=58565"}],"wp:term":[{"taxonomy":"product_brand","embeddable":true,"href":"https:\/\/repliquemangacine.fr\/de\/wp-json\/wp\/v2\/product_brand?post=58565"},{"taxonomy":"product_cat","embeddable":true,"href":"https:\/\/repliquemangacine.fr\/de\/wp-json\/wp\/v2\/product_cat?post=58565"},{"taxonomy":"product_tag","embeddable":true,"href":"https:\/\/repliquemangacine.fr\/de\/wp-json\/wp\/v2\/product_tag?post=58565"}],"curies":[{"name":"wp","href":"https:\/\/api.w.org\/{rel}","templated":true}]}}