





{"id":58556,"date":"2023-02-09T12:36:37","date_gmt":"2023-02-09T11:36:37","guid":{"rendered":"https:\/\/repliquemangacine.fr\/?post_type=product&#038;p=58556"},"modified":"2025-11-21T13:20:05","modified_gmt":"2025-11-21T12:20:05","slug":"katana-raiu-shiliew-one-piece","status":"publish","type":"product","link":"https:\/\/repliquemangacine.fr\/de\/repliques-manga-jeux-video\/katana-raiu-shiliew-one-piece\/","title":{"rendered":"Katana Raiu Shiliew"},"content":{"rendered":"<h2>Replik von Shiliews Katana Raiu aus One Piece<\/h2>\n<p>Die <strong>Katana Raiu von Shiliew in One Piece<\/strong> ist absolut identisch mit dem Anime-Manga. Es ist nur wenig \u00fcber das Raiu und seine F\u00e4higkeiten bekannt. Allerdings muss dieses Schwert ebenfalls m\u00e4chtig und widerstandsf\u00e4hig sein, da es zu den Meito geh\u00f6rt. Sein Name bedeutet \"Sturm\" und entspricht Shiliews Spitznamen \"des Regens\".<\/p>\n<p><a href=\"https:\/\/onepiece.fandom.com\/fr\/wiki\/Shiryu\" target=\"_blank\" rel=\"noopener noreferrer\">Shiryu<\/a>Er ist ein wahrer Soziopath, extrem grausam und scheint keine Angst zu kennen. Au\u00dferdem scheint er es zu genie\u00dfen, Menschen zu t\u00f6ten, wann immer er kann. Er scheint sehr hinterlistig und verr\u00e4terisch zu sein. Tats\u00e4chlich verr\u00e4t Shiryu ihn sofort, als Magellan ihn freil\u00e4sst, indem er mehrere Untergebene t\u00f6tet.<\/p>\n<p>Als Meisterschwertk\u00e4mpfer ist er \u00e4u\u00dferst geschickt mit einer bestimmten Art von Schwert, dem Nodachi. Als er aus seiner Zelle als zum Tode Verurteilter kam, erhielt er sein Nodachi und t\u00f6tete die Offiziere des Impel Down, die ihn herausholten, im Bruchteil einer Sekunde.<\/p>\n<h2>Katana Raiu von Shiliew aus One Piece zum besten Preis.<\/h2>\n<p>R\u00e9plique Manga Cin\u00e9 bietet Ihnen eine gro\u00dfe Auswahl an One Piece Katana wie :<\/p>\n<ul>\n<li>Die <a href=\"https:\/\/repliquemangacine.fr\/de\/katana-one-piece\/katana-enma-von-zoro-leder-violett-one-piece\/\">Enma-Katana<\/a>Zoro-Schwert in zwei Versionen, Kunstlederscheide und bemalte Scheide.<\/li>\n<li>Sowie das <a href=\"https:\/\/repliquemangacine.fr\/de\/katana-one-piece\/nidai-kitetsu-schwert-von-luffy-one-piece\/\">Luffys Schwert Nidai Kitetsu<\/a> mit seiner ganz speziellen Scheide<\/li>\n<li>Es gibt auch den <a href=\"https:\/\/repliquemangacine.fr\/de\/katana-one-piece\/katana-trafalgar-law-violett-one-piece\/\">katana nodachi von Trafalgar Law<\/a> mit seinem lilafarbenen Griff.<\/li>\n<li>Und noch viel mehr, das es in unserem Online-Shop zu entdecken gibt.<\/li>\n<\/ul>\n<p>Deshalb ist dies eine tolle Geschenkidee f\u00fcr Fans von One Piece.<\/p>\n<p><strong>Wir m\u00f6chten Sie darauf hinweisen, dass alle unsere Repliken Sammler- und Dekorationsobjekte sind. Sie k\u00f6nnen sie f\u00fcr Ihre Cosplay-Paraden oder f\u00fcr Ihre Innendekoration verwenden. Daher ist es nicht m\u00f6glich, sich mit den Repliken an \u00f6ffentlichen Orten aufzuhalten.<\/strong><\/p>\n<h2>Hier finden Sie unsere neuesten Katana und One Piece Goodies zu g\u00fcnstigen Preisen.<\/h2>\n<p>Da wir immer auf dem neuesten Stand sind und immer ein offenes Ohr f\u00fcr Ihre Anfragen haben, bieten wir Ihnen einige Artikel an, die Ihre Sammlung erweitern werden.<\/p>\n<p>Zun\u00e4chst einmal,<\/p>\n<ul>\n<li>Die <a href=\"https:\/\/repliquemangacine.fr\/de\/katana-one-piece\/brook-epee-stock\/\">Brooks Schwertstock<\/a> den er in den meisten seiner K\u00e4mpfe verwendet. Ganz aus Metall, das mit lilafarbenem Lack \u00fcberzogen ist.<\/li>\n<li>Anschlie\u00dfend wird der <a href=\"https:\/\/repliquemangacine.fr\/de\/katana-one-piece\/katana-holz-shusui-zoro-one-piece\/\">Katana aus Shusui-Holz<\/a> von Zoro sowie das Wado- und Kitetsu-Katana. Seine Katanas sind bluffend realistisch, aber ungef\u00e4hrlich f\u00fcr Ihre Kinder.<\/li>\n<li>Es gibt auch den <a href=\"https:\/\/repliquemangacine.fr\/de\/katana-one-piece\/16-teiliges-set-one-piece\/\">16-teiliges One Piece Sammlerset<\/a>\u00a0mit diesem Set Schl\u00fcsselanh\u00e4nger oder Anh\u00e4nger nach Ihrer Tageslaune.<\/li>\n<\/ul>\n<p>Es ist zu betonen, dass alle seine Katanas Sammler- und Dekorationsst\u00fccke sind.<\/p>\n<p>R\u00e9plique Manga Cin\u00e9 ist ein franz\u00f6sisches Familienunternehmen.<\/p>","protected":false},"excerpt":{"rendered":"<p>Wundersch\u00f6ne Replik des Raiu-Katanas, das Shiryu oder Shiliew \"des Regens\" aus One Piece geh\u00f6rt.<\/p>\n<ul>\n<li>Nicht scharfe Klinge aus 440er-Stahl.<\/li>\n<li>Griff aus rotem Rochenhautimitat mit rotem Baumwollgeflecht \u00fcberzogen<\/li>\n<li>Gen\u00e4hte Kunstlederscheide in den Farben Rot und Wei\u00df mit Splittern<\/li>\n<li>Gelbe und schwarze quadratische Garde<\/li>\n<li>L\u00e4nge der Klinge: 67.5cm - Gesamtl\u00e4nge: 104.5cm<\/li>\n<\/ul>","protected":false},"featured_media":58557,"template":"","meta":[],"product_brand":[896],"product_cat":[123,23],"product_tag":[],"class_list":{"0":"post-58556","1":"product","2":"type-product","3":"status-publish","4":"has-post-thumbnail","6":"product_brand-replique-manga-cine","7":"product_cat-katana-en-metal-one-piece","8":"product_cat-repliques-manga-jeux-video","10":"first","11":"instock","12":"taxable","13":"shipping-taxable","14":"purchasable","15":"product-type-simple"},"yoast_head":"<!-- This site is optimized with the Yoast SEO plugin v27.5 - https:\/\/yoast.com\/product\/yoast-seo-wordpress\/ -->\n<title>Katana Raiu Shiliew - Boutique en ligne | RMC<\/title>\n<meta name=\"description\" content=\"Le Katana Raiu de Shiliew dans One Piece au meilleur prix sur repliquemangacine.fr. Profitez de la livraison gratuite d\u00e8s 99\u20ac d&#039;achats- Envoi 24\/48h\" \/>\n<meta name=\"robots\" content=\"index, follow, max-snippet:-1, max-image-preview:large, max-video-preview:-1\" \/>\n<link rel=\"canonical\" href=\"https:\/\/repliquemangacine.fr\/de\/repliken-manga-videospiele\/katana-raiu-shiliew-one-piece\/\" \/>\n<meta property=\"og:locale\" content=\"de_DE\" \/>\n<meta property=\"og:type\" content=\"article\" \/>\n<meta property=\"og:title\" content=\"Katana Raiu Shiliew - Boutique en ligne | RMC\" \/>\n<meta property=\"og:description\" content=\"Le Katana Raiu de Shiliew dans One Piece au meilleur prix sur repliquemangacine.fr. Profitez de la livraison gratuite d\u00e8s 99\u20ac d&#039;achats- Envoi 24\/48h\" \/>\n<meta property=\"og:url\" content=\"https:\/\/repliquemangacine.fr\/de\/repliken-manga-videospiele\/katana-raiu-shiliew-one-piece\/\" \/>\n<meta property=\"og:site_name\" content=\"R\u00e9plique Manga Cin\u00e9\" \/>\n<meta property=\"article:publisher\" content=\"https:\/\/www.facebook.com\/RepliqueMangaCine\" \/>\n<meta property=\"article:modified_time\" content=\"2025-11-21T12:20:05+00:00\" \/>\n<meta property=\"og:image\" content=\"https:\/\/repliquemangacine.fr\/wp-content\/uploads\/2023\/10\/katana-One-piece-shiryu-de-la-pluie.jpg\" \/>\n\t<meta property=\"og:image:width\" content=\"500\" \/>\n\t<meta property=\"og:image:height\" content=\"500\" \/>\n\t<meta property=\"og:image:type\" content=\"image\/jpeg\" \/>\n<meta name=\"twitter:card\" content=\"summary_large_image\" \/>\n<meta name=\"twitter:label1\" content=\"Gesch\u00e4tzte Lesezeit\" \/>\n\t<meta name=\"twitter:data1\" content=\"3\u00a0Minuten\" \/>\n<script type=\"application\/ld+json\" class=\"yoast-schema-graph\">{\"@context\":\"https:\\\/\\\/schema.org\",\"@graph\":[{\"@type\":\"WebPage\",\"@id\":\"https:\\\/\\\/repliquemangacine.fr\\\/repliques-manga-jeux-video\\\/katana-raiu-shiliew-one-piece\\\/\",\"url\":\"https:\\\/\\\/repliquemangacine.fr\\\/repliques-manga-jeux-video\\\/katana-raiu-shiliew-one-piece\\\/\",\"name\":\"Katana Raiu Shiliew - Boutique en ligne | RMC\",\"isPartOf\":{\"@id\":\"https:\\\/\\\/repliquemangacine.fr\\\/#website\"},\"primaryImageOfPage\":{\"@id\":\"https:\\\/\\\/repliquemangacine.fr\\\/repliques-manga-jeux-video\\\/katana-raiu-shiliew-one-piece\\\/#primaryimage\"},\"image\":{\"@id\":\"https:\\\/\\\/repliquemangacine.fr\\\/repliques-manga-jeux-video\\\/katana-raiu-shiliew-one-piece\\\/#primaryimage\"},\"thumbnailUrl\":\"https:\\\/\\\/repliquemangacine.fr\\\/wp-content\\\/uploads\\\/2023\\\/10\\\/katana-One-piece-shiryu-de-la-pluie.jpg\",\"datePublished\":\"2023-02-09T11:36:37+00:00\",\"dateModified\":\"2025-11-21T12:20:05+00:00\",\"description\":\"Le Katana Raiu de Shiliew dans One Piece au meilleur prix sur repliquemangacine.fr. Profitez de la livraison gratuite d\u00e8s 99\u20ac d'achats- Envoi 24\\\/48h\",\"breadcrumb\":{\"@id\":\"https:\\\/\\\/repliquemangacine.fr\\\/repliques-manga-jeux-video\\\/katana-raiu-shiliew-one-piece\\\/#breadcrumb\"},\"inLanguage\":\"de\",\"potentialAction\":[{\"@type\":\"ReadAction\",\"target\":[\"https:\\\/\\\/repliquemangacine.fr\\\/repliques-manga-jeux-video\\\/katana-raiu-shiliew-one-piece\\\/\"]}]},{\"@type\":\"ImageObject\",\"inLanguage\":\"de\",\"@id\":\"https:\\\/\\\/repliquemangacine.fr\\\/repliques-manga-jeux-video\\\/katana-raiu-shiliew-one-piece\\\/#primaryimage\",\"url\":\"https:\\\/\\\/repliquemangacine.fr\\\/wp-content\\\/uploads\\\/2023\\\/10\\\/katana-One-piece-shiryu-de-la-pluie.jpg\",\"contentUrl\":\"https:\\\/\\\/repliquemangacine.fr\\\/wp-content\\\/uploads\\\/2023\\\/10\\\/katana-One-piece-shiryu-de-la-pluie.jpg\",\"width\":500,\"height\":500,\"caption\":\"Katana Raiu Shiliew One Piece\"},{\"@type\":\"BreadcrumbList\",\"@id\":\"https:\\\/\\\/repliquemangacine.fr\\\/repliques-manga-jeux-video\\\/katana-raiu-shiliew-one-piece\\\/#breadcrumb\",\"itemListElement\":[{\"@type\":\"ListItem\",\"position\":1,\"name\":\"Accueil\",\"item\":\"https:\\\/\\\/repliquemangacine.fr\\\/\"},{\"@type\":\"ListItem\",\"position\":2,\"name\":\"Produits\",\"item\":\"https:\\\/\\\/repliquemangacine.fr\\\/boutique\\\/\"},{\"@type\":\"ListItem\",\"position\":3,\"name\":\"Katana Raiu Shiliew\"}]},{\"@type\":\"WebSite\",\"@id\":\"https:\\\/\\\/repliquemangacine.fr\\\/#website\",\"url\":\"https:\\\/\\\/repliquemangacine.fr\\\/\",\"name\":\"R\u00e9plique Manga Cin\u00e9\",\"description\":\"\",\"publisher\":{\"@id\":\"https:\\\/\\\/repliquemangacine.fr\\\/#organization\"},\"potentialAction\":[{\"@type\":\"SearchAction\",\"target\":{\"@type\":\"EntryPoint\",\"urlTemplate\":\"https:\\\/\\\/repliquemangacine.fr\\\/?s={search_term_string}\"},\"query-input\":{\"@type\":\"PropertyValueSpecification\",\"valueRequired\":true,\"valueName\":\"search_term_string\"}}],\"inLanguage\":\"de\"},{\"@type\":\"Organization\",\"@id\":\"https:\\\/\\\/repliquemangacine.fr\\\/#organization\",\"name\":\"R\u00e9plique Manga Cin\u00e9\",\"url\":\"https:\\\/\\\/repliquemangacine.fr\\\/\",\"logo\":{\"@type\":\"ImageObject\",\"inLanguage\":\"de\",\"@id\":\"https:\\\/\\\/repliquemangacine.fr\\\/#\\\/schema\\\/logo\\\/image\\\/\",\"url\":\"https:\\\/\\\/repliquemangacine.fr\\\/wp-content\\\/uploads\\\/2023\\\/10\\\/RMC-500250.png\",\"contentUrl\":\"https:\\\/\\\/repliquemangacine.fr\\\/wp-content\\\/uploads\\\/2023\\\/10\\\/RMC-500250.png\",\"width\":500,\"height\":250,\"caption\":\"R\u00e9plique Manga Cin\u00e9\"},\"image\":{\"@id\":\"https:\\\/\\\/repliquemangacine.fr\\\/#\\\/schema\\\/logo\\\/image\\\/\"},\"sameAs\":[\"https:\\\/\\\/www.facebook.com\\\/RepliqueMangaCine\",\"https:\\\/\\\/www.instagram.com\\\/repliquemangacine.fr\\\/\"]}]}<\/script>\n<!-- \/ Yoast SEO plugin. -->","yoast_head_json":{"title":"Katana Raiu Shiliew - Online Shop | RMC","description":"Das Katana Raiu von Shiliew aus One Piece zum besten Preis auf repliquemangacine.fr. Profitieren Sie von der kostenlosen Lieferung ab 99\u20ac Bestellwert- Versand 24\/48h","robots":{"index":"index","follow":"follow","max-snippet":"max-snippet:-1","max-image-preview":"max-image-preview:large","max-video-preview":"max-video-preview:-1"},"canonical":"https:\/\/repliquemangacine.fr\/de\/repliken-manga-videospiele\/katana-raiu-shiliew-one-piece\/","og_locale":"de_DE","og_type":"article","og_title":"Katana Raiu Shiliew - Boutique en ligne | RMC","og_description":"Le Katana Raiu de Shiliew dans One Piece au meilleur prix sur repliquemangacine.fr. Profitez de la livraison gratuite d\u00e8s 99\u20ac d'achats- Envoi 24\/48h","og_url":"https:\/\/repliquemangacine.fr\/de\/repliken-manga-videospiele\/katana-raiu-shiliew-one-piece\/","og_site_name":"R\u00e9plique Manga Cin\u00e9","article_publisher":"https:\/\/www.facebook.com\/RepliqueMangaCine","article_modified_time":"2025-11-21T12:20:05+00:00","og_image":[{"width":500,"height":500,"url":"https:\/\/repliquemangacine.fr\/wp-content\/uploads\/2023\/10\/katana-One-piece-shiryu-de-la-pluie.jpg","type":"image\/jpeg"}],"twitter_card":"summary_large_image","twitter_misc":{"Gesch\u00e4tzte Lesezeit":"3\u00a0Minuten"},"schema":{"@context":"https:\/\/schema.org","@graph":[{"@type":"WebPage","@id":"https:\/\/repliquemangacine.fr\/repliques-manga-jeux-video\/katana-raiu-shiliew-one-piece\/","url":"https:\/\/repliquemangacine.fr\/repliques-manga-jeux-video\/katana-raiu-shiliew-one-piece\/","name":"Katana Raiu Shiliew - Online Shop | RMC","isPartOf":{"@id":"https:\/\/repliquemangacine.fr\/#website"},"primaryImageOfPage":{"@id":"https:\/\/repliquemangacine.fr\/repliques-manga-jeux-video\/katana-raiu-shiliew-one-piece\/#primaryimage"},"image":{"@id":"https:\/\/repliquemangacine.fr\/repliques-manga-jeux-video\/katana-raiu-shiliew-one-piece\/#primaryimage"},"thumbnailUrl":"https:\/\/repliquemangacine.fr\/wp-content\/uploads\/2023\/10\/katana-One-piece-shiryu-de-la-pluie.jpg","datePublished":"2023-02-09T11:36:37+00:00","dateModified":"2025-11-21T12:20:05+00:00","description":"Das Katana Raiu von Shiliew aus One Piece zum besten Preis auf repliquemangacine.fr. Profitieren Sie von der kostenlosen Lieferung ab 99\u20ac Bestellwert- Versand 24\/48h","breadcrumb":{"@id":"https:\/\/repliquemangacine.fr\/repliques-manga-jeux-video\/katana-raiu-shiliew-one-piece\/#breadcrumb"},"inLanguage":"de","potentialAction":[{"@type":"ReadAction","target":["https:\/\/repliquemangacine.fr\/repliques-manga-jeux-video\/katana-raiu-shiliew-one-piece\/"]}]},{"@type":"ImageObject","inLanguage":"de","@id":"https:\/\/repliquemangacine.fr\/repliques-manga-jeux-video\/katana-raiu-shiliew-one-piece\/#primaryimage","url":"https:\/\/repliquemangacine.fr\/wp-content\/uploads\/2023\/10\/katana-One-piece-shiryu-de-la-pluie.jpg","contentUrl":"https:\/\/repliquemangacine.fr\/wp-content\/uploads\/2023\/10\/katana-One-piece-shiryu-de-la-pluie.jpg","width":500,"height":500,"caption":"Katana Raiu Shiliew One Piece"},{"@type":"BreadcrumbList","@id":"https:\/\/repliquemangacine.fr\/repliques-manga-jeux-video\/katana-raiu-shiliew-one-piece\/#breadcrumb","itemListElement":[{"@type":"ListItem","position":1,"name":"Accueil","item":"https:\/\/repliquemangacine.fr\/"},{"@type":"ListItem","position":2,"name":"Produits","item":"https:\/\/repliquemangacine.fr\/boutique\/"},{"@type":"ListItem","position":3,"name":"Katana Raiu Shiliew"}]},{"@type":"WebSite","@id":"https:\/\/repliquemangacine.fr\/#website","url":"https:\/\/repliquemangacine.fr\/","name":"R\u00e9plique Manga Cin\u00e9","description":"","publisher":{"@id":"https:\/\/repliquemangacine.fr\/#organization"},"potentialAction":[{"@type":"SearchAction","target":{"@type":"EntryPoint","urlTemplate":"https:\/\/repliquemangacine.fr\/?s={search_term_string}"},"query-input":{"@type":"PropertyValueSpecification","valueRequired":true,"valueName":"search_term_string"}}],"inLanguage":"de"},{"@type":"Organization","@id":"https:\/\/repliquemangacine.fr\/#organization","name":"R\u00e9plique Manga Cin\u00e9","url":"https:\/\/repliquemangacine.fr\/","logo":{"@type":"ImageObject","inLanguage":"de","@id":"https:\/\/repliquemangacine.fr\/#\/schema\/logo\/image\/","url":"https:\/\/repliquemangacine.fr\/wp-content\/uploads\/2023\/10\/RMC-500250.png","contentUrl":"https:\/\/repliquemangacine.fr\/wp-content\/uploads\/2023\/10\/RMC-500250.png","width":500,"height":250,"caption":"R\u00e9plique Manga Cin\u00e9"},"image":{"@id":"https:\/\/repliquemangacine.fr\/#\/schema\/logo\/image\/"},"sameAs":["https:\/\/www.facebook.com\/RepliqueMangaCine","https:\/\/www.instagram.com\/repliquemangacine.fr\/"]}]}},"_links":{"self":[{"href":"https:\/\/repliquemangacine.fr\/de\/wp-json\/wp\/v2\/product\/58556","targetHints":{"allow":["GET"]}}],"collection":[{"href":"https:\/\/repliquemangacine.fr\/de\/wp-json\/wp\/v2\/product"}],"about":[{"href":"https:\/\/repliquemangacine.fr\/de\/wp-json\/wp\/v2\/types\/product"}],"wp:featuredmedia":[{"embeddable":true,"href":"https:\/\/repliquemangacine.fr\/de\/wp-json\/wp\/v2\/media\/58557"}],"wp:attachment":[{"href":"https:\/\/repliquemangacine.fr\/de\/wp-json\/wp\/v2\/media?parent=58556"}],"wp:term":[{"taxonomy":"product_brand","embeddable":true,"href":"https:\/\/repliquemangacine.fr\/de\/wp-json\/wp\/v2\/product_brand?post=58556"},{"taxonomy":"product_cat","embeddable":true,"href":"https:\/\/repliquemangacine.fr\/de\/wp-json\/wp\/v2\/product_cat?post=58556"},{"taxonomy":"product_tag","embeddable":true,"href":"https:\/\/repliquemangacine.fr\/de\/wp-json\/wp\/v2\/product_tag?post=58556"}],"curies":[{"name":"wp","href":"https:\/\/api.w.org\/{rel}","templated":true}]}}