





{"id":58549,"date":"2023-02-09T10:56:07","date_gmt":"2023-02-09T09:56:07","guid":{"rendered":"https:\/\/repliquemangacine.fr\/?post_type=product&#038;p=58549"},"modified":"2026-04-12T06:16:11","modified_gmt":"2026-04-12T04:16:11","slug":"groses-naruto-kunai-weis","status":"publish","type":"product","link":"https:\/\/repliquemangacine.fr\/de\/kunai-et-shuriken-naruto\/grand-kunai-naruto-blanc\/","title":{"rendered":"Gro\u00dfes Kunai Naruto"},"content":{"rendered":"<h2>Gro\u00dfer wei\u00dfer Kunai Naruto ganz aus Metall<\/h2>\n<p>Die <strong>Gro\u00dfes Kunai Naruto wei\u00df<\/strong> ist entscheidend, um Ihre Sammlung zu erweitern.<\/p>\n<p>Zun\u00e4chst einmal das Kunai , eine Blankwaffe, die fr\u00fcher von Ninjas (Shinobi in Naruto) verwendet wurde und als Wurfwaffe dienen kann. Diese Ninja-Waffe hat ein spitzes Ende, das wie ein Messer geformt ist. Sie ist durchschnittlich so lang wie eine Hand. Diese Wurfwaffe ist in erster Linie dazu gedacht, im Nahkampf zu verletzen.<\/p>\n<p>Die <a href=\"https:\/\/naruto.fandom.com\/fr\/wiki\/Shurikenjutsu\" target=\"_blank\" rel=\"noopener noreferrer\">Shurikenjutsu<\/a> (Bedeutet: Techniken mit dem versteckten Schwert in der Hand), eine Kampfkunst, die sich auf Techniken bezieht, die das Werfen von Shuriken, Kunai, Senbon oder anderen blanken Wurfwaffen, wie z. B. Ninjasterne, beinhalten.<\/p>\n<p>In Naruto gibt es verschiedene Modelle von Kunai, z. B:<\/p>\n<p>Minato Namikaze, der Kunai mit drei Klingen benutzt, was ihm den Spitznamen \"Gelber Blitz von Konoha\" eingebracht hat.<\/p>\n<h2>Gro\u00dfer Kunai Naruto wei\u00df billig<\/h2>\n<p>R\u00e9plique Manga Cin\u00e9 bietet Ihnen eine gro\u00dfe Auswahl an Kunai zum besten Preis, wie zum Beispiel:<\/p>\n<ul>\n<li>Der Satz von <a href=\"https:\/\/repliquemangacine.fr\/de\/kunai-und-shuriken-naruto\/3-kunai-naruto\/\">drei Kunai<\/a> mit Gravur des Naruto-Emblems.<\/li>\n<li>Finden Sie auch den <a href=\"https:\/\/repliquemangacine.fr\/de\/kunai-und-shuriken-naruto\/kunai-despace-time-minato\/\">Raum-Zeit-Kunai<\/a> von Minato mit seinen drei Spitzen und der Gravur seines Siegels.<\/li>\n<li>Sowie die <a href=\"https:\/\/repliquemangacine.fr\/de\/katana-goodies-naruto-kunai\/asuma-chakra-klinge\/\">Asumas Chakraklinge<\/a> mit Naruto-Logo<\/li>\n<li>Und noch viel mehr in unserem Online-Shop!<\/li>\n<\/ul>\n<p><strong>Wir m\u00f6chten Sie darauf hinweisen, dass alle unsere Repliken Sammler- und Dekorationsobjekte sind. Sie k\u00f6nnen sie f\u00fcr Ihre Cosplay-Paraden oder f\u00fcr Ihre Innendekoration verwenden. Daher ist es nicht m\u00f6glich, sich mit den Repliken an \u00f6ffentlichen Orten aufzuhalten.<\/strong><\/p>\n<h2>Hier finden Sie unsere neuesten Naruto-Neuheiten zum besten Preis.<\/h2>\n<p>Immer auf dem neuesten Stand, wie dieses <strong>Gro\u00dfes Kunai Naruto wei\u00df<\/strong>Wir bieten Ihnen :<\/p>\n<ul>\n<li>Die wundersch\u00f6ne Naruto-Box mit ihren 28 Teilen, in der Sie ein Konoha-Stirnband, ein gro\u00dfes Naruto Kunai...<\/li>\n<li>Borutos Katana, das Sasuke benutzt, um Boruto in Naruto Next Generations den Umgang damit zu lehren.<\/li>\n<\/ul>\n<p>Sie k\u00f6nnen diesen <strong>Gro\u00dfes Kunai Naruto wei\u00df<\/strong> bei Ihren Cosplay-Paraden oder Themenpartys.<\/p>\n<p>Vor allem sind sie Sammler- und Dekorationsst\u00fccke.<\/p>\n<p>In K\u00fcrze werden wir Ihnen Wallscrolls, Tassen und Figuren anbieten.<\/p>\n<p>R\u00e9plique Manga Cin\u00e9 ist ein franz\u00f6sisches Familienunternehmen.<\/p>\n<p>Lieferung 24\/48H<\/p>","protected":false},"excerpt":{"rendered":"<p>Man sieht sie sehr oft mit den Figuren in Naruto, die die Technik des Shuriken-Jutsu \u00fcben.<\/p>\n<ul>\n<li>Aus Metall in einem St\u00fcck gefertigt.<\/li>\n<li>Ein wei\u00dfer Baumwollfaden umgibt den Griff, damit er gut in der Hand liegt.<\/li>\n<li>Die Spitze des Kunais ist zur Sicherheit stumpf.<\/li>\n<li>Nicht scharfkantig.<\/li>\n<li>Gesamtl\u00e4nge: 25cm<\/li>\n<\/ul>","protected":false},"featured_media":58550,"template":"","meta":[],"product_brand":[896],"product_cat":[108,23,42],"product_tag":[],"class_list":{"0":"post-58549","1":"product","2":"type-product","3":"status-publish","4":"has-post-thumbnail","6":"product_brand-replique-manga-cine","7":"product_cat-kunai-et-shuriken-naruto","8":"product_cat-repliques-manga-jeux-video","9":"product_cat-katana-goodies-naruto-kunai","11":"first","12":"instock","13":"taxable","14":"shipping-taxable","15":"purchasable","16":"product-type-simple"},"yoast_head":"<!-- This site is optimized with the Yoast SEO plugin v27.5 - https:\/\/yoast.com\/product\/yoast-seo-wordpress\/ -->\n<title>Grand Kuna\u00ef Naruto blanc - Kuna\u00ef pas cher | R\u00e9plique Manga Cin\u00e9<\/title>\n<meta name=\"description\" content=\"Grand Kuna\u00ef Naruto blanc au meilleur prix sur repliquemangacine.fr. Les produits d\u00e9riv\u00e9s Naruto pas chers sont l\u00e0 \u00e0 partir de 7.90\u20ac seulement. Envoi 24\/48h\" \/>\n<meta name=\"robots\" content=\"index, follow, max-snippet:-1, max-image-preview:large, max-video-preview:-1\" \/>\n<link rel=\"canonical\" href=\"https:\/\/repliquemangacine.fr\/de\/kunai-und-shuriken-naruto\/groses-naruto-kunai-weis\/\" \/>\n<meta property=\"og:locale\" content=\"de_DE\" \/>\n<meta property=\"og:type\" content=\"article\" \/>\n<meta property=\"og:title\" content=\"Grand Kuna\u00ef Naruto blanc - Kuna\u00ef pas cher | R\u00e9plique Manga Cin\u00e9\" \/>\n<meta property=\"og:description\" content=\"Grand Kuna\u00ef Naruto blanc au meilleur prix sur repliquemangacine.fr. Les produits d\u00e9riv\u00e9s Naruto pas chers sont l\u00e0 \u00e0 partir de 7.90\u20ac seulement. Envoi 24\/48h\" \/>\n<meta property=\"og:url\" content=\"https:\/\/repliquemangacine.fr\/de\/kunai-und-shuriken-naruto\/groses-naruto-kunai-weis\/\" \/>\n<meta property=\"og:site_name\" content=\"R\u00e9plique Manga Cin\u00e9\" \/>\n<meta property=\"article:publisher\" content=\"https:\/\/www.facebook.com\/RepliqueMangaCine\" \/>\n<meta property=\"article:modified_time\" content=\"2026-04-12T04:16:11+00:00\" \/>\n<meta property=\"og:image\" content=\"https:\/\/repliquemangacine.fr\/wp-content\/uploads\/2023\/10\/Kunai-Naruto.jpg\" \/>\n\t<meta property=\"og:image:width\" content=\"500\" \/>\n\t<meta property=\"og:image:height\" content=\"500\" \/>\n\t<meta property=\"og:image:type\" content=\"image\/jpeg\" \/>\n<meta name=\"twitter:card\" content=\"summary_large_image\" \/>\n<meta name=\"twitter:label1\" content=\"Gesch\u00e4tzte Lesezeit\" \/>\n\t<meta name=\"twitter:data1\" content=\"3\u00a0Minuten\" \/>\n<script type=\"application\/ld+json\" class=\"yoast-schema-graph\">{\"@context\":\"https:\\\/\\\/schema.org\",\"@graph\":[{\"@type\":\"WebPage\",\"@id\":\"https:\\\/\\\/repliquemangacine.fr\\\/kunai-et-shuriken-naruto\\\/grand-kunai-naruto-blanc\\\/\",\"url\":\"https:\\\/\\\/repliquemangacine.fr\\\/kunai-et-shuriken-naruto\\\/grand-kunai-naruto-blanc\\\/\",\"name\":\"Grand Kuna\u00ef Naruto blanc - Kuna\u00ef pas cher | R\u00e9plique Manga Cin\u00e9\",\"isPartOf\":{\"@id\":\"https:\\\/\\\/repliquemangacine.fr\\\/#website\"},\"primaryImageOfPage\":{\"@id\":\"https:\\\/\\\/repliquemangacine.fr\\\/kunai-et-shuriken-naruto\\\/grand-kunai-naruto-blanc\\\/#primaryimage\"},\"image\":{\"@id\":\"https:\\\/\\\/repliquemangacine.fr\\\/kunai-et-shuriken-naruto\\\/grand-kunai-naruto-blanc\\\/#primaryimage\"},\"thumbnailUrl\":\"https:\\\/\\\/repliquemangacine.fr\\\/wp-content\\\/uploads\\\/2023\\\/10\\\/Kunai-Naruto.jpg\",\"datePublished\":\"2023-02-09T09:56:07+00:00\",\"dateModified\":\"2026-04-12T04:16:11+00:00\",\"description\":\"Grand Kuna\u00ef Naruto blanc au meilleur prix sur repliquemangacine.fr. Les produits d\u00e9riv\u00e9s Naruto pas chers sont l\u00e0 \u00e0 partir de 7.90\u20ac seulement. Envoi 24\\\/48h\",\"breadcrumb\":{\"@id\":\"https:\\\/\\\/repliquemangacine.fr\\\/kunai-et-shuriken-naruto\\\/grand-kunai-naruto-blanc\\\/#breadcrumb\"},\"inLanguage\":\"de\",\"potentialAction\":[{\"@type\":\"ReadAction\",\"target\":[\"https:\\\/\\\/repliquemangacine.fr\\\/kunai-et-shuriken-naruto\\\/grand-kunai-naruto-blanc\\\/\"]}]},{\"@type\":\"ImageObject\",\"inLanguage\":\"de\",\"@id\":\"https:\\\/\\\/repliquemangacine.fr\\\/kunai-et-shuriken-naruto\\\/grand-kunai-naruto-blanc\\\/#primaryimage\",\"url\":\"https:\\\/\\\/repliquemangacine.fr\\\/wp-content\\\/uploads\\\/2023\\\/10\\\/Kunai-Naruto.jpg\",\"contentUrl\":\"https:\\\/\\\/repliquemangacine.fr\\\/wp-content\\\/uploads\\\/2023\\\/10\\\/Kunai-Naruto.jpg\",\"width\":500,\"height\":500,\"caption\":\"Grand Kuna\u00ef Naruto blanc\"},{\"@type\":\"BreadcrumbList\",\"@id\":\"https:\\\/\\\/repliquemangacine.fr\\\/kunai-et-shuriken-naruto\\\/grand-kunai-naruto-blanc\\\/#breadcrumb\",\"itemListElement\":[{\"@type\":\"ListItem\",\"position\":1,\"name\":\"Accueil\",\"item\":\"https:\\\/\\\/repliquemangacine.fr\\\/\"},{\"@type\":\"ListItem\",\"position\":2,\"name\":\"Produits\",\"item\":\"https:\\\/\\\/repliquemangacine.fr\\\/boutique\\\/\"},{\"@type\":\"ListItem\",\"position\":3,\"name\":\"Grand Kuna\u00ef Naruto\"}]},{\"@type\":\"WebSite\",\"@id\":\"https:\\\/\\\/repliquemangacine.fr\\\/#website\",\"url\":\"https:\\\/\\\/repliquemangacine.fr\\\/\",\"name\":\"R\u00e9plique Manga Cin\u00e9\",\"description\":\"\",\"publisher\":{\"@id\":\"https:\\\/\\\/repliquemangacine.fr\\\/#organization\"},\"potentialAction\":[{\"@type\":\"SearchAction\",\"target\":{\"@type\":\"EntryPoint\",\"urlTemplate\":\"https:\\\/\\\/repliquemangacine.fr\\\/?s={search_term_string}\"},\"query-input\":{\"@type\":\"PropertyValueSpecification\",\"valueRequired\":true,\"valueName\":\"search_term_string\"}}],\"inLanguage\":\"de\"},{\"@type\":\"Organization\",\"@id\":\"https:\\\/\\\/repliquemangacine.fr\\\/#organization\",\"name\":\"R\u00e9plique Manga Cin\u00e9\",\"url\":\"https:\\\/\\\/repliquemangacine.fr\\\/\",\"logo\":{\"@type\":\"ImageObject\",\"inLanguage\":\"de\",\"@id\":\"https:\\\/\\\/repliquemangacine.fr\\\/#\\\/schema\\\/logo\\\/image\\\/\",\"url\":\"https:\\\/\\\/repliquemangacine.fr\\\/wp-content\\\/uploads\\\/2023\\\/10\\\/RMC-500250.png\",\"contentUrl\":\"https:\\\/\\\/repliquemangacine.fr\\\/wp-content\\\/uploads\\\/2023\\\/10\\\/RMC-500250.png\",\"width\":500,\"height\":250,\"caption\":\"R\u00e9plique Manga Cin\u00e9\"},\"image\":{\"@id\":\"https:\\\/\\\/repliquemangacine.fr\\\/#\\\/schema\\\/logo\\\/image\\\/\"},\"sameAs\":[\"https:\\\/\\\/www.facebook.com\\\/RepliqueMangaCine\",\"https:\\\/\\\/www.instagram.com\\\/repliquemangacine.fr\\\/\"]}]}<\/script>\n<!-- \/ Yoast SEO plugin. -->","yoast_head_json":{"title":"Gro\u00dfer Kunai Naruto wei\u00df - G\u00fcnstige Kunai | R\u00e9plique Manga Cin\u00e9","description":"Gro\u00dfer wei\u00dfer Naruto Kunai zum besten Preis auf repliquemangacine.fr. G\u00fcnstige Naruto Merchandise Artikel gibt es hier schon ab nur 7.90\u20ac. Versand 24\/48h","robots":{"index":"index","follow":"follow","max-snippet":"max-snippet:-1","max-image-preview":"max-image-preview:large","max-video-preview":"max-video-preview:-1"},"canonical":"https:\/\/repliquemangacine.fr\/de\/kunai-und-shuriken-naruto\/groses-naruto-kunai-weis\/","og_locale":"de_DE","og_type":"article","og_title":"Grand Kuna\u00ef Naruto blanc - Kuna\u00ef pas cher | R\u00e9plique Manga Cin\u00e9","og_description":"Grand Kuna\u00ef Naruto blanc au meilleur prix sur repliquemangacine.fr. Les produits d\u00e9riv\u00e9s Naruto pas chers sont l\u00e0 \u00e0 partir de 7.90\u20ac seulement. Envoi 24\/48h","og_url":"https:\/\/repliquemangacine.fr\/de\/kunai-und-shuriken-naruto\/groses-naruto-kunai-weis\/","og_site_name":"R\u00e9plique Manga Cin\u00e9","article_publisher":"https:\/\/www.facebook.com\/RepliqueMangaCine","article_modified_time":"2026-04-12T04:16:11+00:00","og_image":[{"width":500,"height":500,"url":"https:\/\/repliquemangacine.fr\/wp-content\/uploads\/2023\/10\/Kunai-Naruto.jpg","type":"image\/jpeg"}],"twitter_card":"summary_large_image","twitter_misc":{"Gesch\u00e4tzte Lesezeit":"3\u00a0Minuten"},"schema":{"@context":"https:\/\/schema.org","@graph":[{"@type":"WebPage","@id":"https:\/\/repliquemangacine.fr\/kunai-et-shuriken-naruto\/grand-kunai-naruto-blanc\/","url":"https:\/\/repliquemangacine.fr\/kunai-et-shuriken-naruto\/grand-kunai-naruto-blanc\/","name":"Gro\u00dfer Kunai Naruto wei\u00df - G\u00fcnstige Kunai | R\u00e9plique Manga Cin\u00e9","isPartOf":{"@id":"https:\/\/repliquemangacine.fr\/#website"},"primaryImageOfPage":{"@id":"https:\/\/repliquemangacine.fr\/kunai-et-shuriken-naruto\/grand-kunai-naruto-blanc\/#primaryimage"},"image":{"@id":"https:\/\/repliquemangacine.fr\/kunai-et-shuriken-naruto\/grand-kunai-naruto-blanc\/#primaryimage"},"thumbnailUrl":"https:\/\/repliquemangacine.fr\/wp-content\/uploads\/2023\/10\/Kunai-Naruto.jpg","datePublished":"2023-02-09T09:56:07+00:00","dateModified":"2026-04-12T04:16:11+00:00","description":"Gro\u00dfer wei\u00dfer Naruto Kunai zum besten Preis auf repliquemangacine.fr. G\u00fcnstige Naruto Merchandise Artikel gibt es hier schon ab nur 7.90\u20ac. Versand 24\/48h","breadcrumb":{"@id":"https:\/\/repliquemangacine.fr\/kunai-et-shuriken-naruto\/grand-kunai-naruto-blanc\/#breadcrumb"},"inLanguage":"de","potentialAction":[{"@type":"ReadAction","target":["https:\/\/repliquemangacine.fr\/kunai-et-shuriken-naruto\/grand-kunai-naruto-blanc\/"]}]},{"@type":"ImageObject","inLanguage":"de","@id":"https:\/\/repliquemangacine.fr\/kunai-et-shuriken-naruto\/grand-kunai-naruto-blanc\/#primaryimage","url":"https:\/\/repliquemangacine.fr\/wp-content\/uploads\/2023\/10\/Kunai-Naruto.jpg","contentUrl":"https:\/\/repliquemangacine.fr\/wp-content\/uploads\/2023\/10\/Kunai-Naruto.jpg","width":500,"height":500,"caption":"Grand Kuna\u00ef Naruto blanc"},{"@type":"BreadcrumbList","@id":"https:\/\/repliquemangacine.fr\/kunai-et-shuriken-naruto\/grand-kunai-naruto-blanc\/#breadcrumb","itemListElement":[{"@type":"ListItem","position":1,"name":"Accueil","item":"https:\/\/repliquemangacine.fr\/"},{"@type":"ListItem","position":2,"name":"Produits","item":"https:\/\/repliquemangacine.fr\/boutique\/"},{"@type":"ListItem","position":3,"name":"Grand Kuna\u00ef Naruto"}]},{"@type":"WebSite","@id":"https:\/\/repliquemangacine.fr\/#website","url":"https:\/\/repliquemangacine.fr\/","name":"R\u00e9plique Manga Cin\u00e9","description":"","publisher":{"@id":"https:\/\/repliquemangacine.fr\/#organization"},"potentialAction":[{"@type":"SearchAction","target":{"@type":"EntryPoint","urlTemplate":"https:\/\/repliquemangacine.fr\/?s={search_term_string}"},"query-input":{"@type":"PropertyValueSpecification","valueRequired":true,"valueName":"search_term_string"}}],"inLanguage":"de"},{"@type":"Organization","@id":"https:\/\/repliquemangacine.fr\/#organization","name":"R\u00e9plique Manga Cin\u00e9","url":"https:\/\/repliquemangacine.fr\/","logo":{"@type":"ImageObject","inLanguage":"de","@id":"https:\/\/repliquemangacine.fr\/#\/schema\/logo\/image\/","url":"https:\/\/repliquemangacine.fr\/wp-content\/uploads\/2023\/10\/RMC-500250.png","contentUrl":"https:\/\/repliquemangacine.fr\/wp-content\/uploads\/2023\/10\/RMC-500250.png","width":500,"height":250,"caption":"R\u00e9plique Manga Cin\u00e9"},"image":{"@id":"https:\/\/repliquemangacine.fr\/#\/schema\/logo\/image\/"},"sameAs":["https:\/\/www.facebook.com\/RepliqueMangaCine","https:\/\/www.instagram.com\/repliquemangacine.fr\/"]}]}},"_links":{"self":[{"href":"https:\/\/repliquemangacine.fr\/de\/wp-json\/wp\/v2\/product\/58549","targetHints":{"allow":["GET"]}}],"collection":[{"href":"https:\/\/repliquemangacine.fr\/de\/wp-json\/wp\/v2\/product"}],"about":[{"href":"https:\/\/repliquemangacine.fr\/de\/wp-json\/wp\/v2\/types\/product"}],"wp:featuredmedia":[{"embeddable":true,"href":"https:\/\/repliquemangacine.fr\/de\/wp-json\/wp\/v2\/media\/58550"}],"wp:attachment":[{"href":"https:\/\/repliquemangacine.fr\/de\/wp-json\/wp\/v2\/media?parent=58549"}],"wp:term":[{"taxonomy":"product_brand","embeddable":true,"href":"https:\/\/repliquemangacine.fr\/de\/wp-json\/wp\/v2\/product_brand?post=58549"},{"taxonomy":"product_cat","embeddable":true,"href":"https:\/\/repliquemangacine.fr\/de\/wp-json\/wp\/v2\/product_cat?post=58549"},{"taxonomy":"product_tag","embeddable":true,"href":"https:\/\/repliquemangacine.fr\/de\/wp-json\/wp\/v2\/product_tag?post=58549"}],"curies":[{"name":"wp","href":"https:\/\/api.w.org\/{rel}","templated":true}]}}