





{"id":57814,"date":"2023-01-11T18:57:57","date_gmt":"2023-01-11T17:57:57","guid":{"rendered":"https:\/\/repliquemangacine.fr\/?post_type=product&#038;p=57814"},"modified":"2025-11-21T13:23:39","modified_gmt":"2025-11-21T12:23:39","slug":"wikingerschild-fenrir","status":"publish","type":"product","link":"https:\/\/repliquemangacine.fr\/de\/boucliers-serie-vikings\/bouclier-viking-fenrir\/","title":{"rendered":"Wikinger-Schild Fenrir"},"content":{"rendered":"<h2>Wikinger-Schild Fenrir aus Holz.<\/h2>\n<p>Zun\u00e4chst einmal ist der gro\u00dfe, wundersch\u00f6ne Wikingerschild Fenrir, aus 13 mm dickem Holz gefertigt und mit einem stilisierten Motiv des Fenrir-Wolfs verziert.<\/p>\n<p>In der germanischen Mythologie <a href=\"https:\/\/www.worldhistory.org\/trans\/fr\/1-19171\/fenrir\/\" target=\"_blank\" rel=\"noopener noreferrer\">Fenrir<\/a> ist neben Hel und der Midgardschlange J\u00f6rmungandr einer der drei Henker der Welt. Alle drei sind Kinder des b\u00f6sartigen Gottes Loki und der Riesin Angrboda. Fenrir bek\u00e4mpft die bestehende Ordnung und verk\u00f6rpert schlie\u00dflich die Vernichtung der Welt. \u00dcbrigens erkennen die G\u00f6tter seine Gef\u00e4hrlichkeit, ketten ihn mit einer List an einen Felsen und versenken ihn tief in den Erdboden.<\/p>\n<p>Der Wolf wird in Ketten gelegt, bis er schlie\u00dflich seine Ketten sprengt und Odin verschlingt. Odins Sohn Widar t\u00f6tet Fenrir, doch es ist zu sp\u00e4t, der Vater aller G\u00f6tter f\u00e4llt und mit ihm die Ordnung der Welt.<\/p>\n<h2>Ihr Wikingerschild Fenrir zum besten Preis.<\/h2>\n<p>R\u00e9plique Manga Cin\u00e9 bietet Ihnen eine gro\u00dfe Auswahl an Wikingerschwertern und -schilden.<\/p>\n<p>Zun\u00e4chst einmal,<\/p>\n<ul>\n<li>Die <a href=\"https:\/\/repliquemangacine.fr\/de\/wikingerwaffen\/bouclier-viking-huginmunin\/\">Wikingerschild Hugin&amp;Munin<\/a> die beiden Raben, die Boten des Gottes Odin.<\/li>\n<li>Sowie die<a href=\"https:\/\/repliquemangacine.fr\/de\/viking\/lagerthas-schwert-wikinger\/\">Lagerthas Schwert<\/a> Ehefrau von Ragnar Lodbrok in der Serie \"Vikings\".<\/li>\n<li>Es gibt auch die<a href=\"https:\/\/repliquemangacine.fr\/de\/viking\/wikingerschwert-hedeby-9-jahrhundert\/\">Wikingerschwert Hedeby<\/a> wundersch\u00f6n detailliert, Rekonstruktion eines fein gearbeiteten Grabfundes.<\/li>\n<li>Und noch viel mehr zum Besuchen in unserem Online-Shop.<\/li>\n<\/ul>\n<p>Deshalb ist dies eine tolle Geschenkidee f\u00fcr alle, die sich f\u00fcr die Wikinger begeistern.<\/p>\n<p>Abschlie\u00dfend k\u00f6nnen Sie den <strong>Wikinger-Schild Fenrir<\/strong> f\u00fcr Ihre historischen Nachstellungen.<\/p>\n<p>Dar\u00fcber hinaus ist es auch ein sch\u00f6nes Sammler- oder Ausstellungsst\u00fcck f\u00fcr alle, die sich f\u00fcr das Wikingerzeitalter interessieren.<\/p>\n<h2>Wie benutzt man seinen Kriegerschild?<\/h2>\n<p>Die Wikinger waren in der ganzen Welt als gro\u00dfe und mutige Krieger bekannt und waren sehr effektiv in ihren Angriffen und ihrem Schutz.<\/p>\n<p>Die Wikinger verwendeten eine sehr effektive Kriegsformation, die es ihnen erm\u00f6glichte, ihre Feinde ohne gro\u00dfe Verluste zu schw\u00e4chen. Sobald ihre Feinde geschw\u00e4cht waren, durchbrachen sie ihre Linien und \u00fcberrannten sie mit Leichtigkeit.<\/p>\n<p>Diese Formation ist heute als \"Schildwall\" bekannt.<\/p>\n<p>Au\u00dferdem verzierten sie ihre Schilde mit Runen oder Tierfiguren - Symbole, die sich auf die nordischen G\u00f6tter bezogen. Sie verfolgten aber auch strategische Ziele. Der <strong>Wikingerschild Fenrir<\/strong> wenn es gestrichen ist, verhindert, dass das Wasser vom Holz aufgenommen wird, was es viel schwerer machte.<\/p>\n<p>&nbsp;<\/p>","protected":false},"excerpt":{"rendered":"<p>Wikingerschild, der den Originalen getreu entspricht.<\/p>\n<ul>\n<li>13 mm dicke Holzplatte.<\/li>\n<li>Auf der R\u00fcckseite mit drei vernieteten Verst\u00e4rkungen aus Massivholz ausstatten<\/li>\n<li>Gemalt mit dem Wolf Fenrir und Inschriften.<\/li>\n<li>In der Mitte Umbo aus patiniertem Stahl, gehalten von 4 Nieten<\/li>\n<li>Umrandung aus rohem Leder, das wie die Originale auf das Holz gen\u00e4ht ist<\/li>\n<li>Mit Leder \u00fcberzogener Griff, der durch den Umbo gesch\u00fctzt ist und gen\u00fcgend Platz f\u00fcr gro\u00dfe Wikingerh\u00e4nde l\u00e4sst.<\/li>\n<li>Durchmesser: 80 cm - Gewicht: ca.4.6kg<\/li>\n<li>Gr\u00f6\u00dfe des Buckels: Gesamt ca. 18 cm, Ausbuchtung ca. 13 cm, H\u00f6he der Ausbuchtung ca. 8 cm<\/li>\n<\/ul>","protected":false},"featured_media":57815,"template":"","meta":[],"product_brand":[896],"product_cat":[25,113,24,103,57],"product_tag":[],"class_list":{"0":"post-57814","1":"product","2":"type-product","3":"status-publish","4":"has-post-thumbnail","6":"product_brand-replique-manga-cine","7":"product_cat-armes-historiques","8":"product_cat-boucliers-serie-vikings","9":"product_cat-films-series-tv-vente-de-katana-epee-et-produits-derives","10":"product_cat-armes-et-accessoires-vikings","11":"product_cat-armes-vikings","13":"first","14":"instock","15":"taxable","16":"shipping-taxable","17":"purchasable","18":"product-type-simple"},"yoast_head":"<!-- This site is optimized with the Yoast SEO plugin v27.5 - https:\/\/yoast.com\/product\/yoast-seo-wordpress\/ -->\n<title>Bouclier Viking Fenrir - Boutique en ligne - R\u00e9plique Manga Cin\u00e9<\/title>\n<meta name=\"description\" content=\"Achetez vite ! Ce splendide Bouclier Viking Fenrir en bois au meilleur prix - Loup Fenrir peint - Umbo en acier - Contour en cuir brut - Diam\u00e8tre : 80 cm\" \/>\n<meta name=\"robots\" content=\"index, follow, max-snippet:-1, max-image-preview:large, max-video-preview:-1\" \/>\n<link rel=\"canonical\" href=\"https:\/\/www.repliquemangacine.fr\/viking\/bouclier-viking-fenrir\/\" \/>\n<meta property=\"og:locale\" content=\"de_DE\" \/>\n<meta property=\"og:type\" content=\"article\" \/>\n<meta property=\"og:title\" content=\"Bouclier Viking Fenrir - Boutique en ligne - R\u00e9plique Manga Cin\u00e9\" \/>\n<meta property=\"og:description\" content=\"Achetez vite ! Ce splendide Bouclier Viking Fenrir en bois au meilleur prix - Loup Fenrir peint - Umbo en acier - Contour en cuir brut - Diam\u00e8tre : 80 cm\" \/>\n<meta property=\"og:url\" content=\"https:\/\/www.repliquemangacine.fr\/viking\/bouclier-viking-fenrir\/\" \/>\n<meta property=\"og:site_name\" content=\"R\u00e9plique Manga Cin\u00e9\" \/>\n<meta property=\"article:publisher\" content=\"https:\/\/www.facebook.com\/RepliqueMangaCine\" \/>\n<meta property=\"article:modified_time\" content=\"2025-11-21T12:23:39+00:00\" \/>\n<meta property=\"og:image\" content=\"https:\/\/repliquemangacine.fr\/wp-content\/uploads\/2023\/10\/Bouclier-Viking-Fenrir.jpg\" \/>\n\t<meta property=\"og:image:width\" content=\"500\" \/>\n\t<meta property=\"og:image:height\" content=\"500\" \/>\n\t<meta property=\"og:image:type\" content=\"image\/jpeg\" \/>\n<meta name=\"twitter:card\" content=\"summary_large_image\" \/>\n<meta name=\"twitter:label1\" content=\"Gesch\u00e4tzte Lesezeit\" \/>\n\t<meta name=\"twitter:data1\" content=\"3\u00a0Minuten\" \/>\n<script type=\"application\/ld+json\" class=\"yoast-schema-graph\">{\"@context\":\"https:\\\/\\\/schema.org\",\"@graph\":[{\"@type\":\"WebPage\",\"@id\":\"https:\\\/\\\/repliquemangacine.fr\\\/boucliers-serie-vikings\\\/bouclier-viking-fenrir\\\/\",\"url\":\"https:\\\/\\\/www.repliquemangacine.fr\\\/viking\\\/bouclier-viking-fenrir\\\/\",\"name\":\"Bouclier Viking Fenrir - Boutique en ligne - R\u00e9plique Manga Cin\u00e9\",\"isPartOf\":{\"@id\":\"https:\\\/\\\/repliquemangacine.fr\\\/#website\"},\"primaryImageOfPage\":{\"@id\":\"https:\\\/\\\/www.repliquemangacine.fr\\\/viking\\\/bouclier-viking-fenrir\\\/#primaryimage\"},\"image\":{\"@id\":\"https:\\\/\\\/www.repliquemangacine.fr\\\/viking\\\/bouclier-viking-fenrir\\\/#primaryimage\"},\"thumbnailUrl\":\"https:\\\/\\\/repliquemangacine.fr\\\/wp-content\\\/uploads\\\/2023\\\/10\\\/Bouclier-Viking-Fenrir.jpg\",\"datePublished\":\"2023-01-11T17:57:57+00:00\",\"dateModified\":\"2025-11-21T12:23:39+00:00\",\"description\":\"Achetez vite ! Ce splendide Bouclier Viking Fenrir en bois au meilleur prix - Loup Fenrir peint - Umbo en acier - Contour en cuir brut - Diam\u00e8tre : 80 cm\",\"breadcrumb\":{\"@id\":\"https:\\\/\\\/www.repliquemangacine.fr\\\/viking\\\/bouclier-viking-fenrir\\\/#breadcrumb\"},\"inLanguage\":\"de\",\"potentialAction\":[{\"@type\":\"ReadAction\",\"target\":[\"https:\\\/\\\/www.repliquemangacine.fr\\\/viking\\\/bouclier-viking-fenrir\\\/\"]}]},{\"@type\":\"ImageObject\",\"inLanguage\":\"de\",\"@id\":\"https:\\\/\\\/www.repliquemangacine.fr\\\/viking\\\/bouclier-viking-fenrir\\\/#primaryimage\",\"url\":\"https:\\\/\\\/repliquemangacine.fr\\\/wp-content\\\/uploads\\\/2023\\\/10\\\/Bouclier-Viking-Fenrir.jpg\",\"contentUrl\":\"https:\\\/\\\/repliquemangacine.fr\\\/wp-content\\\/uploads\\\/2023\\\/10\\\/Bouclier-Viking-Fenrir.jpg\",\"width\":500,\"height\":500,\"caption\":\"Bouclier Viking Fenrir en bois\"},{\"@type\":\"BreadcrumbList\",\"@id\":\"https:\\\/\\\/www.repliquemangacine.fr\\\/viking\\\/bouclier-viking-fenrir\\\/#breadcrumb\",\"itemListElement\":[{\"@type\":\"ListItem\",\"position\":1,\"name\":\"Accueil\",\"item\":\"https:\\\/\\\/repliquemangacine.fr\\\/\"},{\"@type\":\"ListItem\",\"position\":2,\"name\":\"Produits\",\"item\":\"https:\\\/\\\/repliquemangacine.fr\\\/boutique\\\/\"},{\"@type\":\"ListItem\",\"position\":3,\"name\":\"Bouclier Viking Fenrir\"}]},{\"@type\":\"WebSite\",\"@id\":\"https:\\\/\\\/repliquemangacine.fr\\\/#website\",\"url\":\"https:\\\/\\\/repliquemangacine.fr\\\/\",\"name\":\"R\u00e9plique Manga Cin\u00e9\",\"description\":\"\",\"publisher\":{\"@id\":\"https:\\\/\\\/repliquemangacine.fr\\\/#organization\"},\"potentialAction\":[{\"@type\":\"SearchAction\",\"target\":{\"@type\":\"EntryPoint\",\"urlTemplate\":\"https:\\\/\\\/repliquemangacine.fr\\\/?s={search_term_string}\"},\"query-input\":{\"@type\":\"PropertyValueSpecification\",\"valueRequired\":true,\"valueName\":\"search_term_string\"}}],\"inLanguage\":\"de\"},{\"@type\":\"Organization\",\"@id\":\"https:\\\/\\\/repliquemangacine.fr\\\/#organization\",\"name\":\"R\u00e9plique Manga Cin\u00e9\",\"url\":\"https:\\\/\\\/repliquemangacine.fr\\\/\",\"logo\":{\"@type\":\"ImageObject\",\"inLanguage\":\"de\",\"@id\":\"https:\\\/\\\/repliquemangacine.fr\\\/#\\\/schema\\\/logo\\\/image\\\/\",\"url\":\"https:\\\/\\\/repliquemangacine.fr\\\/wp-content\\\/uploads\\\/2023\\\/10\\\/RMC-500250.png\",\"contentUrl\":\"https:\\\/\\\/repliquemangacine.fr\\\/wp-content\\\/uploads\\\/2023\\\/10\\\/RMC-500250.png\",\"width\":500,\"height\":250,\"caption\":\"R\u00e9plique Manga Cin\u00e9\"},\"image\":{\"@id\":\"https:\\\/\\\/repliquemangacine.fr\\\/#\\\/schema\\\/logo\\\/image\\\/\"},\"sameAs\":[\"https:\\\/\\\/www.facebook.com\\\/RepliqueMangaCine\",\"https:\\\/\\\/www.instagram.com\\\/repliquemangacine.fr\\\/\"]}]}<\/script>\n<!-- \/ Yoast SEO plugin. -->","yoast_head_json":{"title":"Wikinger-Schild Fenrir - Online-Shop - R\u00e9plique Manga Cin\u00e9","description":"Kaufen Sie schnell! Dieser herrliche Wikingerschild Fenrir aus Holz zum besten Preis - Fenrir Wolf bemalt - Umbo aus Stahl - Umrandung aus Rohleder - Durchmesser: 80 cm","robots":{"index":"index","follow":"follow","max-snippet":"max-snippet:-1","max-image-preview":"max-image-preview:large","max-video-preview":"max-video-preview:-1"},"canonical":"https:\/\/www.repliquemangacine.fr\/viking\/bouclier-viking-fenrir\/","og_locale":"de_DE","og_type":"article","og_title":"Bouclier Viking Fenrir - Boutique en ligne - R\u00e9plique Manga Cin\u00e9","og_description":"Achetez vite ! Ce splendide Bouclier Viking Fenrir en bois au meilleur prix - Loup Fenrir peint - Umbo en acier - Contour en cuir brut - Diam\u00e8tre : 80 cm","og_url":"https:\/\/www.repliquemangacine.fr\/viking\/bouclier-viking-fenrir\/","og_site_name":"R\u00e9plique Manga Cin\u00e9","article_publisher":"https:\/\/www.facebook.com\/RepliqueMangaCine","article_modified_time":"2025-11-21T12:23:39+00:00","og_image":[{"width":500,"height":500,"url":"https:\/\/repliquemangacine.fr\/wp-content\/uploads\/2023\/10\/Bouclier-Viking-Fenrir.jpg","type":"image\/jpeg"}],"twitter_card":"summary_large_image","twitter_misc":{"Gesch\u00e4tzte Lesezeit":"3\u00a0Minuten"},"schema":{"@context":"https:\/\/schema.org","@graph":[{"@type":"WebPage","@id":"https:\/\/repliquemangacine.fr\/boucliers-serie-vikings\/bouclier-viking-fenrir\/","url":"https:\/\/www.repliquemangacine.fr\/viking\/bouclier-viking-fenrir\/","name":"Wikinger-Schild Fenrir - Online-Shop - R\u00e9plique Manga Cin\u00e9","isPartOf":{"@id":"https:\/\/repliquemangacine.fr\/#website"},"primaryImageOfPage":{"@id":"https:\/\/www.repliquemangacine.fr\/viking\/bouclier-viking-fenrir\/#primaryimage"},"image":{"@id":"https:\/\/www.repliquemangacine.fr\/viking\/bouclier-viking-fenrir\/#primaryimage"},"thumbnailUrl":"https:\/\/repliquemangacine.fr\/wp-content\/uploads\/2023\/10\/Bouclier-Viking-Fenrir.jpg","datePublished":"2023-01-11T17:57:57+00:00","dateModified":"2025-11-21T12:23:39+00:00","description":"Kaufen Sie schnell! Dieser herrliche Wikingerschild Fenrir aus Holz zum besten Preis - Fenrir Wolf bemalt - Umbo aus Stahl - Umrandung aus Rohleder - Durchmesser: 80 cm","breadcrumb":{"@id":"https:\/\/www.repliquemangacine.fr\/viking\/bouclier-viking-fenrir\/#breadcrumb"},"inLanguage":"de","potentialAction":[{"@type":"ReadAction","target":["https:\/\/www.repliquemangacine.fr\/viking\/bouclier-viking-fenrir\/"]}]},{"@type":"ImageObject","inLanguage":"de","@id":"https:\/\/www.repliquemangacine.fr\/viking\/bouclier-viking-fenrir\/#primaryimage","url":"https:\/\/repliquemangacine.fr\/wp-content\/uploads\/2023\/10\/Bouclier-Viking-Fenrir.jpg","contentUrl":"https:\/\/repliquemangacine.fr\/wp-content\/uploads\/2023\/10\/Bouclier-Viking-Fenrir.jpg","width":500,"height":500,"caption":"Bouclier Viking Fenrir en bois"},{"@type":"BreadcrumbList","@id":"https:\/\/www.repliquemangacine.fr\/viking\/bouclier-viking-fenrir\/#breadcrumb","itemListElement":[{"@type":"ListItem","position":1,"name":"Accueil","item":"https:\/\/repliquemangacine.fr\/"},{"@type":"ListItem","position":2,"name":"Produits","item":"https:\/\/repliquemangacine.fr\/boutique\/"},{"@type":"ListItem","position":3,"name":"Bouclier Viking Fenrir"}]},{"@type":"WebSite","@id":"https:\/\/repliquemangacine.fr\/#website","url":"https:\/\/repliquemangacine.fr\/","name":"R\u00e9plique Manga Cin\u00e9","description":"","publisher":{"@id":"https:\/\/repliquemangacine.fr\/#organization"},"potentialAction":[{"@type":"SearchAction","target":{"@type":"EntryPoint","urlTemplate":"https:\/\/repliquemangacine.fr\/?s={search_term_string}"},"query-input":{"@type":"PropertyValueSpecification","valueRequired":true,"valueName":"search_term_string"}}],"inLanguage":"de"},{"@type":"Organization","@id":"https:\/\/repliquemangacine.fr\/#organization","name":"R\u00e9plique Manga Cin\u00e9","url":"https:\/\/repliquemangacine.fr\/","logo":{"@type":"ImageObject","inLanguage":"de","@id":"https:\/\/repliquemangacine.fr\/#\/schema\/logo\/image\/","url":"https:\/\/repliquemangacine.fr\/wp-content\/uploads\/2023\/10\/RMC-500250.png","contentUrl":"https:\/\/repliquemangacine.fr\/wp-content\/uploads\/2023\/10\/RMC-500250.png","width":500,"height":250,"caption":"R\u00e9plique Manga Cin\u00e9"},"image":{"@id":"https:\/\/repliquemangacine.fr\/#\/schema\/logo\/image\/"},"sameAs":["https:\/\/www.facebook.com\/RepliqueMangaCine","https:\/\/www.instagram.com\/repliquemangacine.fr\/"]}]}},"_links":{"self":[{"href":"https:\/\/repliquemangacine.fr\/de\/wp-json\/wp\/v2\/product\/57814","targetHints":{"allow":["GET"]}}],"collection":[{"href":"https:\/\/repliquemangacine.fr\/de\/wp-json\/wp\/v2\/product"}],"about":[{"href":"https:\/\/repliquemangacine.fr\/de\/wp-json\/wp\/v2\/types\/product"}],"wp:featuredmedia":[{"embeddable":true,"href":"https:\/\/repliquemangacine.fr\/de\/wp-json\/wp\/v2\/media\/57815"}],"wp:attachment":[{"href":"https:\/\/repliquemangacine.fr\/de\/wp-json\/wp\/v2\/media?parent=57814"}],"wp:term":[{"taxonomy":"product_brand","embeddable":true,"href":"https:\/\/repliquemangacine.fr\/de\/wp-json\/wp\/v2\/product_brand?post=57814"},{"taxonomy":"product_cat","embeddable":true,"href":"https:\/\/repliquemangacine.fr\/de\/wp-json\/wp\/v2\/product_cat?post=57814"},{"taxonomy":"product_tag","embeddable":true,"href":"https:\/\/repliquemangacine.fr\/de\/wp-json\/wp\/v2\/product_tag?post=57814"}],"curies":[{"name":"wp","href":"https:\/\/api.w.org\/{rel}","templated":true}]}}