





{"id":57803,"date":"2023-01-11T17:56:17","date_gmt":"2023-01-11T16:56:17","guid":{"rendered":"https:\/\/repliquemangacine.fr\/?post_type=product&#038;p=57803"},"modified":"2025-11-21T13:24:52","modified_gmt":"2025-11-21T12:24:52","slug":"wikingerschild-hugin-und-munin","status":"publish","type":"product","link":"https:\/\/repliquemangacine.fr\/de\/boucliers-serie-vikings\/bouclier-viking-hugin-et-munin\/","title":{"rendered":"Wikingerschild Hugin &amp; Munin"},"content":{"rendered":"<h2>Wikingerschild Hugin &amp; Munin aus Holz.<\/h2>\n<p>Zum Auftakt der gro\u00dfe und pr\u00e4chtige <strong>Wikingerschild Hugin &amp; Munin<\/strong> besteht aus Holz und ist reich verziert mit zwei Raben. Das Motiv der Zwillingsv\u00f6gel ist eine Darstellung der treuen Boten Odins, Hugin und Munin, ein wiederkehrendes Thema in der Wikinger-Kunst.<\/p>\n<p>In der <a href=\"https:\/\/www.worldhistory.org\/trans\/fr\/1-12388\/mythologie-nordique\/\" target=\"_blank\" rel=\"noopener noreferrer\">nordische Mythologie<\/a>, Die Raben fliegen \u00fcber Asgard und Midgard und kehren jeden Abend zu Odin, dem Vater aller G\u00f6tter, zur\u00fcck, um ihm alles zu berichten, was sie gesehen und geh\u00f6rt haben.<\/p>\n<p>Es muss betont werden, dass der Rabe ein Symbol der Weisheit ist. Aber die erste symbolische Bedeutung, die diesem Vogel zugeschrieben wird, verbindet ihn mit dem Tod. Ein Rabe, der \u00fcber ein Schlachtfeld fliegt, begleitet die Walk\u00fcren (die Walk\u00fcren, sogenannte Nebeng\u00f6tter, die Odin, dem Herrscher der G\u00f6tter, dienten), die die Seelen der Helden nach Walhall brachten.<\/p>\n<h2>Ihr Hugin &amp; Munin Wikingerschild zum besten Preis.<\/h2>\n<p>R\u00e9plique Manga Cin\u00e9 bietet Ihnen eine gro\u00dfe Auswahl an Wikingerschwertern und -schilden.<\/p>\n<p>Zun\u00e4chst einmal,<\/p>\n<ul>\n<li>Die ber\u00fchmte <a href=\"https:\/\/repliquemangacine.fr\/de\/wikingerwaffen\/replik-des-schwertes-von-konig-ragnar-lothbrok-aus-der-tv-serie-vikings\/\">Schwert von Ragnar Lothbrok<\/a> aus der Serie Vikings in den H\u00e4nden der K\u00f6nige. Bj\u00f6rn, Ragnars Sohn, ist der letzte, der mit diesem Schwert stirbt.<\/li>\n<li>Sowie die gesamte <a href=\"https:\/\/repliquemangacine.fr\/de\/assassins-creed\/axte-assassins-creed-valhalla\/\">zwei \u00c4xte von Eivor<\/a> Varinsdottir in Assassin's Creed Valhalla.<\/li>\n<li>Es gibt auch die<a href=\"https:\/\/repliquemangacine.fr\/de\/viking\/wikingerschwert-ironside\/\">Wikingerschwert Ironside<\/a> de Condor nach dem legend\u00e4ren Wikingerk\u00f6nig Bj\u00f6rn Ironside benannt.<\/li>\n<li>Und noch viel mehr zum Besuchen in unserem Online-Shop.<\/li>\n<\/ul>\n<p>Deshalb ist dies eine gro\u00dfartige Geschenkidee f\u00fcr alle Wikinger-Fans.<\/p>\n<p>Abschlie\u00dfend k\u00f6nnen Sie den <strong>Wikingerschild Hugin &amp; Munin<\/strong> f\u00fcr Ihre historischen Nachstellungen. Vor allem aber ist es ein Sammler- und Dekorationsst\u00fcck.<\/p>\n<h2>Wie benutzt man seinen Kriegerschild?<\/h2>\n<p>Die Wikinger waren in der ganzen Welt als gro\u00dfe und mutige Krieger bekannt und waren sehr effektiv in ihren Angriffen und ihrem Schutz.<\/p>\n<p>Die Wikinger verwendeten eine sehr effektive Kriegsformation, mit der sie ihre Feinde schw\u00e4chen konnten, ohne selbst gro\u00dfe Verluste zu erleiden. Sobald ihre Feinde geschw\u00e4cht waren, durchbrachen sie deren Reihen und vernichteten sie m\u00fchelos.<\/p>\n<p>Diese Formation ist heute als \"Schildwall\" bekannt.<\/p>\n<p>Au\u00dferdem verzierten sie ihre Schilde mit Runen oder Tierfiguren - Symbole, die sich auf die nordischen G\u00f6tter bezogen. Sie verfolgten aber auch strategische Ziele. Der <strong>Wikingerschild Hugin &amp; Munin<\/strong> wenn es gestrichen ist, verhindert, dass das Wasser vom Holz aufgenommen wird, was es viel schwerer machte.<\/p>","protected":false},"excerpt":{"rendered":"<p>Wikingerschild, der den Originalen getreu entspricht.<\/p>\n<ul>\n<li>13 mm dicke Holzplatte<\/li>\n<li>Auf der R\u00fcckseite mit drei vernieteten Verst\u00e4rkungen aus Massivholz ausstatten<\/li>\n<li>Bemalt mit zwei Raben und einer Triskele.<\/li>\n<li>Umbo aus patiniertem Stahl, der von 4 Nieten gehalten wird<\/li>\n<li>Umrandung aus grobem Leder, das auf das Holz gen\u00e4ht wurde.<\/li>\n<li>Mit Leder \u00fcberzogener Griff, der durch den Umbo gesch\u00fctzt wird.<\/li>\n<li>Durchmesser: 80 cm - Gewicht: 4.6kg<\/li>\n<li>Gr\u00f6\u00dfe des Buckels: Insgesamt ca. 18 cm, Ausbuchtung ca. 13 cm<\/li>\n<\/ul>","protected":false},"featured_media":57804,"template":"","meta":[],"product_brand":[896],"product_cat":[25,113,24,103,57],"product_tag":[],"class_list":{"0":"post-57803","1":"product","2":"type-product","3":"status-publish","4":"has-post-thumbnail","6":"product_brand-replique-manga-cine","7":"product_cat-armes-historiques","8":"product_cat-boucliers-serie-vikings","9":"product_cat-films-series-tv-vente-de-katana-epee-et-produits-derives","10":"product_cat-armes-et-accessoires-vikings","11":"product_cat-armes-vikings","13":"first","14":"instock","15":"taxable","16":"shipping-taxable","17":"purchasable","18":"product-type-simple"},"yoast_head":"<!-- This site is optimized with the Yoast SEO plugin v27.4 - https:\/\/yoast.com\/product\/yoast-seo-wordpress\/ -->\n<title>Bouclier Viking Hugin &amp; Munin - R\u00e9plique Manga Cin\u00e9<\/title>\n<meta name=\"description\" content=\"Commandez vite ! Ce Bouclier Viking Hugin &amp; Munin au meilleur prix - Tout en bois - Umbo en m\u00e9tal - Peint des deux corbeaux d&#039;Odin - Diam\u00e8tre : 80 cm\" \/>\n<meta name=\"robots\" content=\"index, follow, max-snippet:-1, max-image-preview:large, max-video-preview:-1\" \/>\n<link rel=\"canonical\" href=\"https:\/\/repliquemangacine.fr\/de\/schilde-serie-vikings\/wikingerschild-hugin-und-munin\/\" \/>\n<meta property=\"og:locale\" content=\"de_DE\" \/>\n<meta property=\"og:type\" content=\"article\" \/>\n<meta property=\"og:title\" content=\"Bouclier Viking Hugin &amp; Munin - R\u00e9plique Manga Cin\u00e9\" \/>\n<meta property=\"og:description\" content=\"Commandez vite ! Ce Bouclier Viking Hugin &amp; Munin au meilleur prix - Tout en bois - Umbo en m\u00e9tal - Peint des deux corbeaux d&#039;Odin - Diam\u00e8tre : 80 cm\" \/>\n<meta property=\"og:url\" content=\"https:\/\/repliquemangacine.fr\/de\/schilde-serie-vikings\/wikingerschild-hugin-und-munin\/\" \/>\n<meta property=\"og:site_name\" content=\"R\u00e9plique Manga Cin\u00e9\" \/>\n<meta property=\"article:publisher\" content=\"https:\/\/www.facebook.com\/RepliqueMangaCine\" \/>\n<meta property=\"article:modified_time\" content=\"2025-11-21T12:24:52+00:00\" \/>\n<meta property=\"og:image\" content=\"https:\/\/repliquemangacine.fr\/wp-content\/uploads\/2023\/10\/Bouclier-Viking-HuginMunin.jpg\" \/>\n\t<meta property=\"og:image:width\" content=\"500\" \/>\n\t<meta property=\"og:image:height\" content=\"500\" \/>\n\t<meta property=\"og:image:type\" content=\"image\/jpeg\" \/>\n<meta name=\"twitter:card\" content=\"summary_large_image\" \/>\n<meta name=\"twitter:label1\" content=\"Gesch\u00e4tzte Lesezeit\" \/>\n\t<meta name=\"twitter:data1\" content=\"3\u00a0Minuten\" \/>\n<script type=\"application\/ld+json\" class=\"yoast-schema-graph\">{\"@context\":\"https:\\\/\\\/schema.org\",\"@graph\":[{\"@type\":\"WebPage\",\"@id\":\"https:\\\/\\\/repliquemangacine.fr\\\/boucliers-serie-vikings\\\/bouclier-viking-hugin-et-munin\\\/\",\"url\":\"https:\\\/\\\/repliquemangacine.fr\\\/boucliers-serie-vikings\\\/bouclier-viking-hugin-et-munin\\\/\",\"name\":\"Bouclier Viking Hugin & Munin - R\u00e9plique Manga Cin\u00e9\",\"isPartOf\":{\"@id\":\"https:\\\/\\\/repliquemangacine.fr\\\/#website\"},\"primaryImageOfPage\":{\"@id\":\"https:\\\/\\\/repliquemangacine.fr\\\/boucliers-serie-vikings\\\/bouclier-viking-hugin-et-munin\\\/#primaryimage\"},\"image\":{\"@id\":\"https:\\\/\\\/repliquemangacine.fr\\\/boucliers-serie-vikings\\\/bouclier-viking-hugin-et-munin\\\/#primaryimage\"},\"thumbnailUrl\":\"https:\\\/\\\/repliquemangacine.fr\\\/wp-content\\\/uploads\\\/2023\\\/10\\\/Bouclier-Viking-HuginMunin.jpg\",\"datePublished\":\"2023-01-11T16:56:17+00:00\",\"dateModified\":\"2025-11-21T12:24:52+00:00\",\"description\":\"Commandez vite ! Ce Bouclier Viking Hugin & Munin au meilleur prix - Tout en bois - Umbo en m\u00e9tal - Peint des deux corbeaux d'Odin - Diam\u00e8tre : 80 cm\",\"breadcrumb\":{\"@id\":\"https:\\\/\\\/repliquemangacine.fr\\\/boucliers-serie-vikings\\\/bouclier-viking-hugin-et-munin\\\/#breadcrumb\"},\"inLanguage\":\"de\",\"potentialAction\":[{\"@type\":\"ReadAction\",\"target\":[\"https:\\\/\\\/repliquemangacine.fr\\\/boucliers-serie-vikings\\\/bouclier-viking-hugin-et-munin\\\/\"]}]},{\"@type\":\"ImageObject\",\"inLanguage\":\"de\",\"@id\":\"https:\\\/\\\/repliquemangacine.fr\\\/boucliers-serie-vikings\\\/bouclier-viking-hugin-et-munin\\\/#primaryimage\",\"url\":\"https:\\\/\\\/repliquemangacine.fr\\\/wp-content\\\/uploads\\\/2023\\\/10\\\/Bouclier-Viking-HuginMunin.jpg\",\"contentUrl\":\"https:\\\/\\\/repliquemangacine.fr\\\/wp-content\\\/uploads\\\/2023\\\/10\\\/Bouclier-Viking-HuginMunin.jpg\",\"width\":500,\"height\":500,\"caption\":\"Bouclier Viking Hugin&Munin en bois\"},{\"@type\":\"BreadcrumbList\",\"@id\":\"https:\\\/\\\/repliquemangacine.fr\\\/boucliers-serie-vikings\\\/bouclier-viking-hugin-et-munin\\\/#breadcrumb\",\"itemListElement\":[{\"@type\":\"ListItem\",\"position\":1,\"name\":\"Accueil\",\"item\":\"https:\\\/\\\/repliquemangacine.fr\\\/\"},{\"@type\":\"ListItem\",\"position\":2,\"name\":\"Produits\",\"item\":\"https:\\\/\\\/repliquemangacine.fr\\\/boutique\\\/\"},{\"@type\":\"ListItem\",\"position\":3,\"name\":\"Bouclier Viking Hugin &#038; Munin\"}]},{\"@type\":\"WebSite\",\"@id\":\"https:\\\/\\\/repliquemangacine.fr\\\/#website\",\"url\":\"https:\\\/\\\/repliquemangacine.fr\\\/\",\"name\":\"R\u00e9plique Manga Cin\u00e9\",\"description\":\"\",\"publisher\":{\"@id\":\"https:\\\/\\\/repliquemangacine.fr\\\/#organization\"},\"potentialAction\":[{\"@type\":\"SearchAction\",\"target\":{\"@type\":\"EntryPoint\",\"urlTemplate\":\"https:\\\/\\\/repliquemangacine.fr\\\/?s={search_term_string}\"},\"query-input\":{\"@type\":\"PropertyValueSpecification\",\"valueRequired\":true,\"valueName\":\"search_term_string\"}}],\"inLanguage\":\"de\"},{\"@type\":\"Organization\",\"@id\":\"https:\\\/\\\/repliquemangacine.fr\\\/#organization\",\"name\":\"R\u00e9plique Manga Cin\u00e9\",\"url\":\"https:\\\/\\\/repliquemangacine.fr\\\/\",\"logo\":{\"@type\":\"ImageObject\",\"inLanguage\":\"de\",\"@id\":\"https:\\\/\\\/repliquemangacine.fr\\\/#\\\/schema\\\/logo\\\/image\\\/\",\"url\":\"https:\\\/\\\/repliquemangacine.fr\\\/wp-content\\\/uploads\\\/2023\\\/10\\\/RMC-500250.png\",\"contentUrl\":\"https:\\\/\\\/repliquemangacine.fr\\\/wp-content\\\/uploads\\\/2023\\\/10\\\/RMC-500250.png\",\"width\":500,\"height\":250,\"caption\":\"R\u00e9plique Manga Cin\u00e9\"},\"image\":{\"@id\":\"https:\\\/\\\/repliquemangacine.fr\\\/#\\\/schema\\\/logo\\\/image\\\/\"},\"sameAs\":[\"https:\\\/\\\/www.facebook.com\\\/RepliqueMangaCine\",\"https:\\\/\\\/www.instagram.com\\\/repliquemangacine.fr\\\/\"]}]}<\/script>\n<!-- \/ Yoast SEO plugin. -->","yoast_head_json":{"title":"Wikingerschild Hugin &amp; Munin - R\u00e9plique Manga Cin\u00e9","description":"Bestellen Sie schnell! Dieser Wikingerschild von Hugin &amp; Munin zum besten Preis - Ganz aus Holz - Umbo aus Metall - Bemalt mit den beiden Raben Odins - Durchmesser: 80 cm","robots":{"index":"index","follow":"follow","max-snippet":"max-snippet:-1","max-image-preview":"max-image-preview:large","max-video-preview":"max-video-preview:-1"},"canonical":"https:\/\/repliquemangacine.fr\/de\/schilde-serie-vikings\/wikingerschild-hugin-und-munin\/","og_locale":"de_DE","og_type":"article","og_title":"Bouclier Viking Hugin & Munin - R\u00e9plique Manga Cin\u00e9","og_description":"Commandez vite ! Ce Bouclier Viking Hugin & Munin au meilleur prix - Tout en bois - Umbo en m\u00e9tal - Peint des deux corbeaux d'Odin - Diam\u00e8tre : 80 cm","og_url":"https:\/\/repliquemangacine.fr\/de\/schilde-serie-vikings\/wikingerschild-hugin-und-munin\/","og_site_name":"R\u00e9plique Manga Cin\u00e9","article_publisher":"https:\/\/www.facebook.com\/RepliqueMangaCine","article_modified_time":"2025-11-21T12:24:52+00:00","og_image":[{"width":500,"height":500,"url":"https:\/\/repliquemangacine.fr\/wp-content\/uploads\/2023\/10\/Bouclier-Viking-HuginMunin.jpg","type":"image\/jpeg"}],"twitter_card":"summary_large_image","twitter_misc":{"Gesch\u00e4tzte Lesezeit":"3\u00a0Minuten"},"schema":{"@context":"https:\/\/schema.org","@graph":[{"@type":"WebPage","@id":"https:\/\/repliquemangacine.fr\/boucliers-serie-vikings\/bouclier-viking-hugin-et-munin\/","url":"https:\/\/repliquemangacine.fr\/boucliers-serie-vikings\/bouclier-viking-hugin-et-munin\/","name":"Wikingerschild Hugin &amp; Munin - R\u00e9plique Manga Cin\u00e9","isPartOf":{"@id":"https:\/\/repliquemangacine.fr\/#website"},"primaryImageOfPage":{"@id":"https:\/\/repliquemangacine.fr\/boucliers-serie-vikings\/bouclier-viking-hugin-et-munin\/#primaryimage"},"image":{"@id":"https:\/\/repliquemangacine.fr\/boucliers-serie-vikings\/bouclier-viking-hugin-et-munin\/#primaryimage"},"thumbnailUrl":"https:\/\/repliquemangacine.fr\/wp-content\/uploads\/2023\/10\/Bouclier-Viking-HuginMunin.jpg","datePublished":"2023-01-11T16:56:17+00:00","dateModified":"2025-11-21T12:24:52+00:00","description":"Bestellen Sie schnell! Dieser Wikingerschild von Hugin &amp; Munin zum besten Preis - Ganz aus Holz - Umbo aus Metall - Bemalt mit den beiden Raben Odins - Durchmesser: 80 cm","breadcrumb":{"@id":"https:\/\/repliquemangacine.fr\/boucliers-serie-vikings\/bouclier-viking-hugin-et-munin\/#breadcrumb"},"inLanguage":"de","potentialAction":[{"@type":"ReadAction","target":["https:\/\/repliquemangacine.fr\/boucliers-serie-vikings\/bouclier-viking-hugin-et-munin\/"]}]},{"@type":"ImageObject","inLanguage":"de","@id":"https:\/\/repliquemangacine.fr\/boucliers-serie-vikings\/bouclier-viking-hugin-et-munin\/#primaryimage","url":"https:\/\/repliquemangacine.fr\/wp-content\/uploads\/2023\/10\/Bouclier-Viking-HuginMunin.jpg","contentUrl":"https:\/\/repliquemangacine.fr\/wp-content\/uploads\/2023\/10\/Bouclier-Viking-HuginMunin.jpg","width":500,"height":500,"caption":"Bouclier Viking Hugin&Munin en bois"},{"@type":"BreadcrumbList","@id":"https:\/\/repliquemangacine.fr\/boucliers-serie-vikings\/bouclier-viking-hugin-et-munin\/#breadcrumb","itemListElement":[{"@type":"ListItem","position":1,"name":"Accueil","item":"https:\/\/repliquemangacine.fr\/"},{"@type":"ListItem","position":2,"name":"Produits","item":"https:\/\/repliquemangacine.fr\/boutique\/"},{"@type":"ListItem","position":3,"name":"Bouclier Viking Hugin &#038; Munin"}]},{"@type":"WebSite","@id":"https:\/\/repliquemangacine.fr\/#website","url":"https:\/\/repliquemangacine.fr\/","name":"R\u00e9plique Manga Cin\u00e9","description":"","publisher":{"@id":"https:\/\/repliquemangacine.fr\/#organization"},"potentialAction":[{"@type":"SearchAction","target":{"@type":"EntryPoint","urlTemplate":"https:\/\/repliquemangacine.fr\/?s={search_term_string}"},"query-input":{"@type":"PropertyValueSpecification","valueRequired":true,"valueName":"search_term_string"}}],"inLanguage":"de"},{"@type":"Organization","@id":"https:\/\/repliquemangacine.fr\/#organization","name":"R\u00e9plique Manga Cin\u00e9","url":"https:\/\/repliquemangacine.fr\/","logo":{"@type":"ImageObject","inLanguage":"de","@id":"https:\/\/repliquemangacine.fr\/#\/schema\/logo\/image\/","url":"https:\/\/repliquemangacine.fr\/wp-content\/uploads\/2023\/10\/RMC-500250.png","contentUrl":"https:\/\/repliquemangacine.fr\/wp-content\/uploads\/2023\/10\/RMC-500250.png","width":500,"height":250,"caption":"R\u00e9plique Manga Cin\u00e9"},"image":{"@id":"https:\/\/repliquemangacine.fr\/#\/schema\/logo\/image\/"},"sameAs":["https:\/\/www.facebook.com\/RepliqueMangaCine","https:\/\/www.instagram.com\/repliquemangacine.fr\/"]}]}},"_links":{"self":[{"href":"https:\/\/repliquemangacine.fr\/de\/wp-json\/wp\/v2\/product\/57803","targetHints":{"allow":["GET"]}}],"collection":[{"href":"https:\/\/repliquemangacine.fr\/de\/wp-json\/wp\/v2\/product"}],"about":[{"href":"https:\/\/repliquemangacine.fr\/de\/wp-json\/wp\/v2\/types\/product"}],"wp:featuredmedia":[{"embeddable":true,"href":"https:\/\/repliquemangacine.fr\/de\/wp-json\/wp\/v2\/media\/57804"}],"wp:attachment":[{"href":"https:\/\/repliquemangacine.fr\/de\/wp-json\/wp\/v2\/media?parent=57803"}],"wp:term":[{"taxonomy":"product_brand","embeddable":true,"href":"https:\/\/repliquemangacine.fr\/de\/wp-json\/wp\/v2\/product_brand?post=57803"},{"taxonomy":"product_cat","embeddable":true,"href":"https:\/\/repliquemangacine.fr\/de\/wp-json\/wp\/v2\/product_cat?post=57803"},{"taxonomy":"product_tag","embeddable":true,"href":"https:\/\/repliquemangacine.fr\/de\/wp-json\/wp\/v2\/product_tag?post=57803"}],"curies":[{"name":"wp","href":"https:\/\/api.w.org\/{rel}","templated":true}]}}