





{"id":57482,"date":"2022-12-30T19:10:40","date_gmt":"2022-12-30T18:10:40","guid":{"rendered":"https:\/\/repliquemangacine.fr\/?post_type=product&#038;p=57482"},"modified":"2025-11-21T13:27:06","modified_gmt":"2025-11-21T12:27:06","slug":"schwert-von-numenor-die-ringe-der-macht","status":"publish","type":"product","link":"https:\/\/repliquemangacine.fr\/de\/epees-seigneur-des-anneaux\/epee-de-numenor-les-anneaux-de-pouvoir\/","title":{"rendered":"Schwert von Numenor"},"content":{"rendered":"<h2>Schwert von Numenor in den Ringen der Macht.<\/h2>\n<p>Zu Beginn dieser <strong>Schwert von Numenor<\/strong> mit dem Pferdekopf als Knauf geh\u00f6rt jedem Soldaten <a href=\"https:\/\/lotr.fandom.com\/fr\/wiki\/N\u00famen\u00f3r\u00e9ens\" target=\"_blank\" rel=\"noopener noreferrer\">Numenoreaner<\/a>. Sie sind die Nachkommen der Edain. Sie sind sehr gro\u00df, Elendil selbst tr\u00e4gt den Beinamen Elendil der Gro\u00dfe.<\/p>\n<p>Als Belohnung f\u00fcr ihre Dienste w\u00e4hrend des Krieges des Gro\u00dfen Zorns schenkten ihnen die Valar eine \u201cInselkontinent\u201d im westlichen Meer namens N\u00famenor, ihren Wohnort. Sie verf\u00fcgen au\u00dferdem \u00fcber eine viel l\u00e4ngere Lebensdauer (durchschnittlich 300 Jahre oder mehr), sind gr\u00f6\u00dfer und weiser.<\/p>\n<p>Tar-Miriel ist die K\u00f6niginregentin von N\u00famenor und \u00fcbt die Oberhoheit f\u00fcr ihren sterbenden Vater aus. Galadriel bittet sie, ihr bei der R\u00fcckkehr Saurons nach Mittelerde zur Seite zu stehen. Miriel lehnt ab, \u00e4ndert jedoch am n\u00e4chsten Tag ihre Meinung.<\/p>\n<h2>Ihr Numeror-Schwert zum besten Preis.<\/h2>\n<p>Wir bieten Ihnen eine gro\u00dfe Auswahl an Schwertern aus Der Herr der Ringe, Die Ringe der Macht.<\/p>\n<p>Zun\u00e4chst einmal,<\/p>\n<ul>\n<li>Die pr\u00e4chtige <a href=\"https:\/\/repliquemangacine.fr\/de\/die-ringe-der-macht\/dolch-finrod-dolch-galadriel-die-ringe-der-macht\/\">Finrods Dolch<\/a> Galadriels Bruder, der den Dolch nach ihrem Tod zur\u00fcckerh\u00e4lt.<\/li>\n<li>Es gibt auch alle <a href=\"https:\/\/repliquemangacine.fr\/de\/herr-der-ringe-schwerter\/\">Schwerter aus der Herr der Ringe-Trilogie<\/a>.<\/li>\n<li>Sowie das <a href=\"https:\/\/repliquemangacine.fr\/de\/der-herr-der-ringe\/schachbrett-herr-der-ringe\/\">schachspiel der herr der ringe<\/a><\/li>\n<li>Und noch viel mehr gibt es in unserem Online-Shop zu entdecken!<\/li>\n<\/ul>\n<p>Zum Abschluss k\u00f6nnen Sie das<strong>Schwert von Numenor<\/strong> f\u00fcr Ihre Cosplay-Paraden oder Themenpartys. Vor allem aber ist dieses Schwert ein Sammlerst\u00fcck.<\/p>\n<p>R\u00e9plique Manga Cin\u00e9 ist ein franz\u00f6sisches Familienunternehmen.<\/p>\n<h2>Wie pflegt man die Klinge seines Schwertes Ring der Macht?<\/h2>\n<p>Sammlungs- und Dekorationsschwerter werden in vereinfachter Form hergestellt und zusammengebaut. Da sie zu Dekorationszwecken verwendet werden, fehlen ihnen die Sicherheitselemente, die ein japanisches Schwert f\u00fcr Trainingszwecke aufweisen muss.<\/p>\n<p>Allerdings ist Ihr <strong>Numerors Schwert<\/strong> zu einer Stahlklinge, die gepflegt werden muss, damit sie nicht mit der Zeit abgenutzt wird. Denn wenn du dein Katana ausstellst, werden deine Freunde neugierig sein, die Klinge zu sehen und sie zu ber\u00fchren. Hier ist Vorsicht geboten, denn Sie sollten wissen, dass die S\u00e4ure der Finger dem Stahl unabh\u00e4ngig von seiner Qualit\u00e4t sehr schadet.<\/p>\n<p>Wenn dies jedoch passiert, keine Panik, Sie brauchen nur ein Tuch, das mit etwas \u00d6l befeuchtet ist, und wischen die Fingerabdr\u00fccke ab. Wenn Sie dies tun, werden Sie Ihr Schwert sehr lange behalten.<\/p>","protected":false},"excerpt":{"rendered":"<p>Inoffizielle Replik des Schwertes von Numenor in den Ringen der Macht.<\/p>\n<ul>\n<li>Klinge aus rostfreiem Stahl mit Gravur.<\/li>\n<li>Speziell geformter Stahlschutz.<\/li>\n<li>Griff ganz aus Metall.<\/li>\n<li>Knauf in Form eines Pferdekopfes.<\/li>\n<li>Halterung mit zwei Positionen, Wand und Schreibtisch.<\/li>\n<li>Klingenl\u00e4nge: 80cm - Gesamtl\u00e4nge: 106cm - Gewicht: 2032grs<\/li>\n<\/ul>","protected":false},"featured_media":57483,"template":"","meta":[],"product_brand":[896],"product_cat":[68,24,29,106],"product_tag":[],"class_list":{"0":"post-57482","1":"product","2":"type-product","3":"status-publish","4":"has-post-thumbnail","6":"product_brand-replique-manga-cine","7":"product_cat-epees-seigneur-des-anneaux","8":"product_cat-films-series-tv-vente-de-katana-epee-et-produits-derives","9":"product_cat-le-seigneur-des-anneaux","10":"product_cat-epees-et-dague-les-anneaux-de-pouvoir","12":"first","13":"instock","14":"sale","15":"taxable","16":"shipping-taxable","17":"purchasable","18":"product-type-simple"},"yoast_head":"<!-- This site is optimized with the Yoast SEO plugin v27.4 - https:\/\/yoast.com\/product\/yoast-seo-wordpress\/ -->\n<title>Ep\u00e9e de Numenor - Les anneaux de pouvoir - RMC<\/title>\n<meta name=\"description\" content=\"Offrez-vous l&#039;Ep\u00e9e de Numenor dans les anneaux de pouvoir au meilleur prix. Lame grav\u00e9e en acier - Pommeau t\u00eate de cheval - Longueur 106 cm - Envoi 24\/48h\" \/>\n<meta name=\"robots\" content=\"index, follow, max-snippet:-1, max-image-preview:large, max-video-preview:-1\" \/>\n<link rel=\"canonical\" href=\"https:\/\/repliquemangacine.fr\/de\/schwerter-und-dolche-die-ringe-der-macht\/schwert-von-numenor-die-ringe-der-macht\/\" \/>\n<meta property=\"og:locale\" content=\"de_DE\" \/>\n<meta property=\"og:type\" content=\"article\" \/>\n<meta property=\"og:title\" content=\"Ep\u00e9e de Numenor - Les anneaux de pouvoir - RMC\" \/>\n<meta property=\"og:description\" content=\"Offrez-vous l&#039;Ep\u00e9e de Numenor dans les anneaux de pouvoir au meilleur prix. Lame grav\u00e9e en acier - Pommeau t\u00eate de cheval - Longueur 106 cm - Envoi 24\/48h\" \/>\n<meta property=\"og:url\" content=\"https:\/\/repliquemangacine.fr\/de\/schwerter-und-dolche-die-ringe-der-macht\/schwert-von-numenor-die-ringe-der-macht\/\" \/>\n<meta property=\"og:site_name\" content=\"R\u00e9plique Manga Cin\u00e9\" \/>\n<meta property=\"article:publisher\" content=\"https:\/\/www.facebook.com\/RepliqueMangaCine\" \/>\n<meta property=\"article:modified_time\" content=\"2025-11-21T12:27:06+00:00\" \/>\n<meta property=\"og:image\" content=\"https:\/\/repliquemangacine.fr\/wp-content\/uploads\/2023\/10\/epee-anneau-du-pouvoir.jpg\" \/>\n\t<meta property=\"og:image:width\" content=\"500\" \/>\n\t<meta property=\"og:image:height\" content=\"500\" \/>\n\t<meta property=\"og:image:type\" content=\"image\/jpeg\" \/>\n<meta name=\"twitter:card\" content=\"summary_large_image\" \/>\n<meta name=\"twitter:label1\" content=\"Gesch\u00e4tzte Lesezeit\" \/>\n\t<meta name=\"twitter:data1\" content=\"3\u00a0Minuten\" \/>\n<script type=\"application\/ld+json\" class=\"yoast-schema-graph\">{\"@context\":\"https:\\\/\\\/schema.org\",\"@graph\":[{\"@type\":\"WebPage\",\"@id\":\"https:\\\/\\\/repliquemangacine.fr\\\/epees-et-dague-les-anneaux-de-pouvoir\\\/epee-de-numenor-les-anneaux-de-pouvoir\\\/\",\"url\":\"https:\\\/\\\/repliquemangacine.fr\\\/epees-et-dague-les-anneaux-de-pouvoir\\\/epee-de-numenor-les-anneaux-de-pouvoir\\\/\",\"name\":\"Ep\u00e9e de Numenor - Les anneaux de pouvoir - RMC\",\"isPartOf\":{\"@id\":\"https:\\\/\\\/repliquemangacine.fr\\\/#website\"},\"primaryImageOfPage\":{\"@id\":\"https:\\\/\\\/repliquemangacine.fr\\\/epees-et-dague-les-anneaux-de-pouvoir\\\/epee-de-numenor-les-anneaux-de-pouvoir\\\/#primaryimage\"},\"image\":{\"@id\":\"https:\\\/\\\/repliquemangacine.fr\\\/epees-et-dague-les-anneaux-de-pouvoir\\\/epee-de-numenor-les-anneaux-de-pouvoir\\\/#primaryimage\"},\"thumbnailUrl\":\"https:\\\/\\\/repliquemangacine.fr\\\/wp-content\\\/uploads\\\/2023\\\/10\\\/epee-anneau-du-pouvoir.jpg\",\"datePublished\":\"2022-12-30T18:10:40+00:00\",\"dateModified\":\"2025-11-21T12:27:06+00:00\",\"description\":\"Offrez-vous l'Ep\u00e9e de Numenor dans les anneaux de pouvoir au meilleur prix. Lame grav\u00e9e en acier - Pommeau t\u00eate de cheval - Longueur 106 cm - Envoi 24\\\/48h\",\"breadcrumb\":{\"@id\":\"https:\\\/\\\/repliquemangacine.fr\\\/epees-et-dague-les-anneaux-de-pouvoir\\\/epee-de-numenor-les-anneaux-de-pouvoir\\\/#breadcrumb\"},\"inLanguage\":\"de\",\"potentialAction\":[{\"@type\":\"ReadAction\",\"target\":[\"https:\\\/\\\/repliquemangacine.fr\\\/epees-et-dague-les-anneaux-de-pouvoir\\\/epee-de-numenor-les-anneaux-de-pouvoir\\\/\"]}]},{\"@type\":\"ImageObject\",\"inLanguage\":\"de\",\"@id\":\"https:\\\/\\\/repliquemangacine.fr\\\/epees-et-dague-les-anneaux-de-pouvoir\\\/epee-de-numenor-les-anneaux-de-pouvoir\\\/#primaryimage\",\"url\":\"https:\\\/\\\/repliquemangacine.fr\\\/wp-content\\\/uploads\\\/2023\\\/10\\\/epee-anneau-du-pouvoir.jpg\",\"contentUrl\":\"https:\\\/\\\/repliquemangacine.fr\\\/wp-content\\\/uploads\\\/2023\\\/10\\\/epee-anneau-du-pouvoir.jpg\",\"width\":500,\"height\":500,\"caption\":\"\u00e9p\u00e9e de numenor les anneaux de pouvoir\"},{\"@type\":\"BreadcrumbList\",\"@id\":\"https:\\\/\\\/repliquemangacine.fr\\\/epees-et-dague-les-anneaux-de-pouvoir\\\/epee-de-numenor-les-anneaux-de-pouvoir\\\/#breadcrumb\",\"itemListElement\":[{\"@type\":\"ListItem\",\"position\":1,\"name\":\"Accueil\",\"item\":\"https:\\\/\\\/repliquemangacine.fr\\\/\"},{\"@type\":\"ListItem\",\"position\":2,\"name\":\"Produits\",\"item\":\"https:\\\/\\\/repliquemangacine.fr\\\/boutique\\\/\"},{\"@type\":\"ListItem\",\"position\":3,\"name\":\"Ep\u00e9e de Numenor\"}]},{\"@type\":\"WebSite\",\"@id\":\"https:\\\/\\\/repliquemangacine.fr\\\/#website\",\"url\":\"https:\\\/\\\/repliquemangacine.fr\\\/\",\"name\":\"R\u00e9plique Manga Cin\u00e9\",\"description\":\"\",\"publisher\":{\"@id\":\"https:\\\/\\\/repliquemangacine.fr\\\/#organization\"},\"potentialAction\":[{\"@type\":\"SearchAction\",\"target\":{\"@type\":\"EntryPoint\",\"urlTemplate\":\"https:\\\/\\\/repliquemangacine.fr\\\/?s={search_term_string}\"},\"query-input\":{\"@type\":\"PropertyValueSpecification\",\"valueRequired\":true,\"valueName\":\"search_term_string\"}}],\"inLanguage\":\"de\"},{\"@type\":\"Organization\",\"@id\":\"https:\\\/\\\/repliquemangacine.fr\\\/#organization\",\"name\":\"R\u00e9plique Manga Cin\u00e9\",\"url\":\"https:\\\/\\\/repliquemangacine.fr\\\/\",\"logo\":{\"@type\":\"ImageObject\",\"inLanguage\":\"de\",\"@id\":\"https:\\\/\\\/repliquemangacine.fr\\\/#\\\/schema\\\/logo\\\/image\\\/\",\"url\":\"https:\\\/\\\/repliquemangacine.fr\\\/wp-content\\\/uploads\\\/2023\\\/10\\\/RMC-500250.png\",\"contentUrl\":\"https:\\\/\\\/repliquemangacine.fr\\\/wp-content\\\/uploads\\\/2023\\\/10\\\/RMC-500250.png\",\"width\":500,\"height\":250,\"caption\":\"R\u00e9plique Manga Cin\u00e9\"},\"image\":{\"@id\":\"https:\\\/\\\/repliquemangacine.fr\\\/#\\\/schema\\\/logo\\\/image\\\/\"},\"sameAs\":[\"https:\\\/\\\/www.facebook.com\\\/RepliqueMangaCine\",\"https:\\\/\\\/www.instagram.com\\\/repliquemangacine.fr\\\/\"]}]}<\/script>\n<!-- \/ Yoast SEO plugin. -->","yoast_head_json":{"title":"Schwert von Numenor - Die Ringe der Macht - RMC","description":"Bieten Sie das Schwert von Numenor in den Ringen der Macht zum besten Preis an. Ge\u00e4tzte Klinge aus Stahl - Knauf mit Pferdekopf - L\u00e4nge 106 cm - Versand 24\/48h","robots":{"index":"index","follow":"follow","max-snippet":"max-snippet:-1","max-image-preview":"max-image-preview:large","max-video-preview":"max-video-preview:-1"},"canonical":"https:\/\/repliquemangacine.fr\/de\/schwerter-und-dolche-die-ringe-der-macht\/schwert-von-numenor-die-ringe-der-macht\/","og_locale":"de_DE","og_type":"article","og_title":"Ep\u00e9e de Numenor - Les anneaux de pouvoir - RMC","og_description":"Offrez-vous l'Ep\u00e9e de Numenor dans les anneaux de pouvoir au meilleur prix. Lame grav\u00e9e en acier - Pommeau t\u00eate de cheval - Longueur 106 cm - Envoi 24\/48h","og_url":"https:\/\/repliquemangacine.fr\/de\/schwerter-und-dolche-die-ringe-der-macht\/schwert-von-numenor-die-ringe-der-macht\/","og_site_name":"R\u00e9plique Manga Cin\u00e9","article_publisher":"https:\/\/www.facebook.com\/RepliqueMangaCine","article_modified_time":"2025-11-21T12:27:06+00:00","og_image":[{"width":500,"height":500,"url":"https:\/\/repliquemangacine.fr\/wp-content\/uploads\/2023\/10\/epee-anneau-du-pouvoir.jpg","type":"image\/jpeg"}],"twitter_card":"summary_large_image","twitter_misc":{"Gesch\u00e4tzte Lesezeit":"3\u00a0Minuten"},"schema":{"@context":"https:\/\/schema.org","@graph":[{"@type":"WebPage","@id":"https:\/\/repliquemangacine.fr\/epees-et-dague-les-anneaux-de-pouvoir\/epee-de-numenor-les-anneaux-de-pouvoir\/","url":"https:\/\/repliquemangacine.fr\/epees-et-dague-les-anneaux-de-pouvoir\/epee-de-numenor-les-anneaux-de-pouvoir\/","name":"Schwert von Numenor - Die Ringe der Macht - RMC","isPartOf":{"@id":"https:\/\/repliquemangacine.fr\/#website"},"primaryImageOfPage":{"@id":"https:\/\/repliquemangacine.fr\/epees-et-dague-les-anneaux-de-pouvoir\/epee-de-numenor-les-anneaux-de-pouvoir\/#primaryimage"},"image":{"@id":"https:\/\/repliquemangacine.fr\/epees-et-dague-les-anneaux-de-pouvoir\/epee-de-numenor-les-anneaux-de-pouvoir\/#primaryimage"},"thumbnailUrl":"https:\/\/repliquemangacine.fr\/wp-content\/uploads\/2023\/10\/epee-anneau-du-pouvoir.jpg","datePublished":"2022-12-30T18:10:40+00:00","dateModified":"2025-11-21T12:27:06+00:00","description":"Bieten Sie das Schwert von Numenor in den Ringen der Macht zum besten Preis an. Ge\u00e4tzte Klinge aus Stahl - Knauf mit Pferdekopf - L\u00e4nge 106 cm - Versand 24\/48h","breadcrumb":{"@id":"https:\/\/repliquemangacine.fr\/epees-et-dague-les-anneaux-de-pouvoir\/epee-de-numenor-les-anneaux-de-pouvoir\/#breadcrumb"},"inLanguage":"de","potentialAction":[{"@type":"ReadAction","target":["https:\/\/repliquemangacine.fr\/epees-et-dague-les-anneaux-de-pouvoir\/epee-de-numenor-les-anneaux-de-pouvoir\/"]}]},{"@type":"ImageObject","inLanguage":"de","@id":"https:\/\/repliquemangacine.fr\/epees-et-dague-les-anneaux-de-pouvoir\/epee-de-numenor-les-anneaux-de-pouvoir\/#primaryimage","url":"https:\/\/repliquemangacine.fr\/wp-content\/uploads\/2023\/10\/epee-anneau-du-pouvoir.jpg","contentUrl":"https:\/\/repliquemangacine.fr\/wp-content\/uploads\/2023\/10\/epee-anneau-du-pouvoir.jpg","width":500,"height":500,"caption":"\u00e9p\u00e9e de numenor les anneaux de pouvoir"},{"@type":"BreadcrumbList","@id":"https:\/\/repliquemangacine.fr\/epees-et-dague-les-anneaux-de-pouvoir\/epee-de-numenor-les-anneaux-de-pouvoir\/#breadcrumb","itemListElement":[{"@type":"ListItem","position":1,"name":"Accueil","item":"https:\/\/repliquemangacine.fr\/"},{"@type":"ListItem","position":2,"name":"Produits","item":"https:\/\/repliquemangacine.fr\/boutique\/"},{"@type":"ListItem","position":3,"name":"Ep\u00e9e de Numenor"}]},{"@type":"WebSite","@id":"https:\/\/repliquemangacine.fr\/#website","url":"https:\/\/repliquemangacine.fr\/","name":"R\u00e9plique Manga Cin\u00e9","description":"","publisher":{"@id":"https:\/\/repliquemangacine.fr\/#organization"},"potentialAction":[{"@type":"SearchAction","target":{"@type":"EntryPoint","urlTemplate":"https:\/\/repliquemangacine.fr\/?s={search_term_string}"},"query-input":{"@type":"PropertyValueSpecification","valueRequired":true,"valueName":"search_term_string"}}],"inLanguage":"de"},{"@type":"Organization","@id":"https:\/\/repliquemangacine.fr\/#organization","name":"R\u00e9plique Manga Cin\u00e9","url":"https:\/\/repliquemangacine.fr\/","logo":{"@type":"ImageObject","inLanguage":"de","@id":"https:\/\/repliquemangacine.fr\/#\/schema\/logo\/image\/","url":"https:\/\/repliquemangacine.fr\/wp-content\/uploads\/2023\/10\/RMC-500250.png","contentUrl":"https:\/\/repliquemangacine.fr\/wp-content\/uploads\/2023\/10\/RMC-500250.png","width":500,"height":250,"caption":"R\u00e9plique Manga Cin\u00e9"},"image":{"@id":"https:\/\/repliquemangacine.fr\/#\/schema\/logo\/image\/"},"sameAs":["https:\/\/www.facebook.com\/RepliqueMangaCine","https:\/\/www.instagram.com\/repliquemangacine.fr\/"]}]}},"_links":{"self":[{"href":"https:\/\/repliquemangacine.fr\/de\/wp-json\/wp\/v2\/product\/57482","targetHints":{"allow":["GET"]}}],"collection":[{"href":"https:\/\/repliquemangacine.fr\/de\/wp-json\/wp\/v2\/product"}],"about":[{"href":"https:\/\/repliquemangacine.fr\/de\/wp-json\/wp\/v2\/types\/product"}],"wp:featuredmedia":[{"embeddable":true,"href":"https:\/\/repliquemangacine.fr\/de\/wp-json\/wp\/v2\/media\/57483"}],"wp:attachment":[{"href":"https:\/\/repliquemangacine.fr\/de\/wp-json\/wp\/v2\/media?parent=57482"}],"wp:term":[{"taxonomy":"product_brand","embeddable":true,"href":"https:\/\/repliquemangacine.fr\/de\/wp-json\/wp\/v2\/product_brand?post=57482"},{"taxonomy":"product_cat","embeddable":true,"href":"https:\/\/repliquemangacine.fr\/de\/wp-json\/wp\/v2\/product_cat?post=57482"},{"taxonomy":"product_tag","embeddable":true,"href":"https:\/\/repliquemangacine.fr\/de\/wp-json\/wp\/v2\/product_tag?post=57482"}],"curies":[{"name":"wp","href":"https:\/\/api.w.org\/{rel}","templated":true}]}}