





{"id":57475,"date":"2022-12-30T17:49:04","date_gmt":"2022-12-30T16:49:04","guid":{"rendered":"https:\/\/repliquemangacine.fr\/?post_type=product&#038;p=57475"},"modified":"2026-04-09T19:23:54","modified_gmt":"2026-04-09T17:23:54","slug":"dolch-finrod-dolch-galadriel-die-ringe-der-macht","status":"publish","type":"product","link":"https:\/\/repliquemangacine.fr\/de\/epees-seigneur-des-anneaux\/dague-finrod-dague-galadriel-les-anneaux-de-pouvoirs\/","title":{"rendered":"Dolch von Galadriel"},"content":{"rendered":"<h2>Galadriels Dolch in den Ringen der Macht<\/h2>\n<p>Zu Beginn dieser <strong>Dolch von Galadriel<\/strong> ist zum allerersten Mal in der ersten Episode Der Herr der Ringe- Die Ringe der Macht zu sehen. Ganz am Anfang, als sein Bruder Finrod mit seinem Dolch sein Papierschiff zur\u00fcckerobert. Dann verliert Finrod sein Leben in einer Schlacht gegen Sauron. Als Galadriel vor dem K\u00f6rper ihres Bruders mit dem Dolch steht, verspricht sie ihm Rache und nimmt den Dolch an sich.<\/p>\n<p>Dieser Dolch von Finrod, der zu Galadriels Dolch geworden ist, ist eine wertvolle Waffe f\u00fcr sie. <a href=\"https:\/\/lotr.fandom.com\/fr\/wiki\/Galadriel#Saison_1\" target=\"_blank\" rel=\"noopener noreferrer\">Galadriel<\/a> weigert sich, Valinor zu betreten, weil sie nach Sauron suchen will.<\/p>\n<p>Er ist mehr als nur ein Souvenir, sondern ein Symbol f\u00fcr ihren Kampf gegen das B\u00f6se und Sauron. Der Dolch ist nicht nur ein wundersch\u00f6nes Schmuckst\u00fcck, sondern auch eine t\u00f6dliche Waffe, die Galadriel benutzt, um den Schneetroll in der Orkzitadelle zu erledigen.<\/p>\n<h2>Ihr Dolch von Galadriel zum besten Preis.<\/h2>\n<p>Wir bieten eine gro\u00dfe Auswahl an Herr der Ringe Schwertern und Ring der Macht an.<\/p>\n<p>Zun\u00e4chst einmal,<\/p>\n<ul>\n<li>Das ber\u00fchmteste von ihnen, das Schwert<a href=\"https:\/\/repliquemangacine.fr\/de\/der-herr-der-ringe\/anduril-epee-aragorn-herr-der-ringe\/\"> Anduril<\/a>Dieses Schwert wurde von den Elben neu geschmiedet und Aragorn gegeben.<\/li>\n<li>Es gibt auch die<a href=\"https:\/\/repliquemangacine.fr\/de\/die-ringe-der-macht\/schwert-von-numenor-die-ringe-der-macht\/\">Schwert der Numenoreaner<\/a> mit seinem Pferdekopf.<\/li>\n<li>Sowie viele weitere, die es in unserem Online-Shop zu entdecken gibt!<\/li>\n<\/ul>\n<p>Deshalb ist dies eine tolle Geschenkidee f\u00fcr alle Fans von \"Der Herr der Ringe\".<\/p>\n<p>Abschlie\u00dfend k\u00f6nnen Sie diese <strong>Dolch von Galadriel<\/strong> f\u00fcr Ihre Cosplay-Parade oder Ihre Themenabende. Vor allem aber ist dieser Dolch ein Sammlerst\u00fcck.<\/p>\n<p>R\u00e9plique Manga Cin\u00e9 ist ein franz\u00f6sisches Familienunternehmen.<\/p>\n<h2>Wie pflegt man die Klinge seines Dolches des Ringes der Macht?<\/h2>\n<p>Sammlungs- und Dekorationsdolche werden auf vereinfachte Weise hergestellt und zusammengebaut. Da sie zu Dekorationszwecken verwendet werden, fehlen ihnen die Sicherheitsmerkmale, die ein japanisches Schwert f\u00fcr Trainingszwecke aufweisen muss.<\/p>\n<p>Allerdings ist Ihr <strong>Dolch von Galadriel<\/strong> zu einer Stahlklinge, die gepflegt werden muss, damit sie nicht mit der Zeit abgenutzt wird. Denn wenn du dein Katana ausstellst, werden deine Freunde neugierig sein, die Klinge zu sehen und sie zu ber\u00fchren. Hier ist Vorsicht geboten, denn Sie sollten wissen, dass die S\u00e4ure der Finger dem Stahl unabh\u00e4ngig von seiner Qualit\u00e4t sehr schadet.<\/p>\n<p>Wenn dies jedoch passiert, keine Panik, Sie brauchen nur ein Tuch, das mit etwas \u00d6l befeuchtet ist, und wischen die Fingerabdr\u00fccke ab. Wenn Sie dies tun, werden Sie Ihr Schwert sehr lange behalten.<\/p>","protected":false},"excerpt":{"rendered":"<p>Wundersch\u00f6ne inoffizielle Replik von Galadriels Dolch aus den Ringen der Macht.<\/p>\n<ul>\n<li>Vergoldete und verchromte Klinge aus poliertem Stahl.<\/li>\n<li>Griff aus poliertem Stahl in Gold und Silber.<\/li>\n<li>Standfu\u00df zum Aufstellen<\/li>\n<li>Kunstleder-Etui, das am G\u00fcrtel befestigt werden kann<\/li>\n<li>L\u00e4nge der Klinge: 29.5 cm - Gesamtl\u00e4nge: 46.5 cm - Gewicht: 500 grs<\/li>\n<\/ul>","protected":false},"featured_media":68947,"template":"","meta":[],"product_brand":[896],"product_cat":[68,24,29,106],"product_tag":[],"class_list":{"0":"post-57475","1":"product","2":"type-product","3":"status-publish","4":"has-post-thumbnail","6":"product_brand-replique-manga-cine","7":"product_cat-epees-seigneur-des-anneaux","8":"product_cat-films-series-tv-vente-de-katana-epee-et-produits-derives","9":"product_cat-le-seigneur-des-anneaux","10":"product_cat-epees-et-dague-les-anneaux-de-pouvoir","12":"first","13":"instock","14":"taxable","15":"shipping-taxable","16":"purchasable","17":"product-type-simple"},"yoast_head":"<!-- This site is optimized with the Yoast SEO plugin v27.5 - https:\/\/yoast.com\/product\/yoast-seo-wordpress\/ -->\n<title>Dague de Galadriel - Dague Finrod Les Anneaux de pouvoir | RMC<\/title>\n<meta name=\"description\" content=\"Offrez-vous la Dague de Galadriel dans la s\u00e9rie les anneaux de pouvoir au meilleur prix. Lame en acier - Longueur totale : 46.5cm - Envoi 24\/48H\" \/>\n<meta name=\"robots\" content=\"index, follow, max-snippet:-1, max-image-preview:large, max-video-preview:-1\" \/>\n<link rel=\"canonical\" href=\"https:\/\/repliquemangacine.fr\/de\/herr-der-ringe-schwerter\/dolch-finrod-dolch-galadriel-die-ringe-der-macht\/\" \/>\n<meta property=\"og:locale\" content=\"de_DE\" \/>\n<meta property=\"og:type\" content=\"article\" \/>\n<meta property=\"og:title\" content=\"Dague de Galadriel - Dague Finrod Les Anneaux de pouvoir | RMC\" \/>\n<meta property=\"og:description\" content=\"Offrez-vous la Dague de Galadriel dans la s\u00e9rie les anneaux de pouvoir au meilleur prix. Lame en acier - Longueur totale : 46.5cm - Envoi 24\/48H\" \/>\n<meta property=\"og:url\" content=\"https:\/\/repliquemangacine.fr\/de\/herr-der-ringe-schwerter\/dolch-finrod-dolch-galadriel-die-ringe-der-macht\/\" \/>\n<meta property=\"og:site_name\" content=\"R\u00e9plique Manga Cin\u00e9\" \/>\n<meta property=\"article:publisher\" content=\"https:\/\/www.facebook.com\/RepliqueMangaCine\" \/>\n<meta property=\"article:modified_time\" content=\"2026-04-09T17:23:54+00:00\" \/>\n<meta property=\"og:image\" content=\"https:\/\/repliquemangacine.fr\/wp-content\/uploads\/2022\/12\/Dague-galadriel-avec-housse-et-support.jpg\" \/>\n\t<meta property=\"og:image:width\" content=\"500\" \/>\n\t<meta property=\"og:image:height\" content=\"500\" \/>\n\t<meta property=\"og:image:type\" content=\"image\/jpeg\" \/>\n<meta name=\"twitter:card\" content=\"summary_large_image\" \/>\n<meta name=\"twitter:label1\" content=\"Gesch\u00e4tzte Lesezeit\" \/>\n\t<meta name=\"twitter:data1\" content=\"3\u00a0Minuten\" \/>\n<script type=\"application\/ld+json\" class=\"yoast-schema-graph\">{\"@context\":\"https:\\\/\\\/schema.org\",\"@graph\":[{\"@type\":\"WebPage\",\"@id\":\"https:\\\/\\\/repliquemangacine.fr\\\/epees-seigneur-des-anneaux\\\/dague-finrod-dague-galadriel-les-anneaux-de-pouvoirs\\\/\",\"url\":\"https:\\\/\\\/repliquemangacine.fr\\\/epees-seigneur-des-anneaux\\\/dague-finrod-dague-galadriel-les-anneaux-de-pouvoirs\\\/\",\"name\":\"Dague de Galadriel - Dague Finrod Les Anneaux de pouvoir | RMC\",\"isPartOf\":{\"@id\":\"https:\\\/\\\/repliquemangacine.fr\\\/#website\"},\"primaryImageOfPage\":{\"@id\":\"https:\\\/\\\/repliquemangacine.fr\\\/epees-seigneur-des-anneaux\\\/dague-finrod-dague-galadriel-les-anneaux-de-pouvoirs\\\/#primaryimage\"},\"image\":{\"@id\":\"https:\\\/\\\/repliquemangacine.fr\\\/epees-seigneur-des-anneaux\\\/dague-finrod-dague-galadriel-les-anneaux-de-pouvoirs\\\/#primaryimage\"},\"thumbnailUrl\":\"https:\\\/\\\/repliquemangacine.fr\\\/wp-content\\\/uploads\\\/2022\\\/12\\\/Dague-galadriel-avec-housse-et-support.jpg\",\"datePublished\":\"2022-12-30T16:49:04+00:00\",\"dateModified\":\"2026-04-09T17:23:54+00:00\",\"description\":\"Offrez-vous la Dague de Galadriel dans la s\u00e9rie les anneaux de pouvoir au meilleur prix. Lame en acier - Longueur totale : 46.5cm - Envoi 24\\\/48H\",\"breadcrumb\":{\"@id\":\"https:\\\/\\\/repliquemangacine.fr\\\/epees-seigneur-des-anneaux\\\/dague-finrod-dague-galadriel-les-anneaux-de-pouvoirs\\\/#breadcrumb\"},\"inLanguage\":\"de\",\"potentialAction\":[{\"@type\":\"ReadAction\",\"target\":[\"https:\\\/\\\/repliquemangacine.fr\\\/epees-seigneur-des-anneaux\\\/dague-finrod-dague-galadriel-les-anneaux-de-pouvoirs\\\/\"]}]},{\"@type\":\"ImageObject\",\"inLanguage\":\"de\",\"@id\":\"https:\\\/\\\/repliquemangacine.fr\\\/epees-seigneur-des-anneaux\\\/dague-finrod-dague-galadriel-les-anneaux-de-pouvoirs\\\/#primaryimage\",\"url\":\"https:\\\/\\\/repliquemangacine.fr\\\/wp-content\\\/uploads\\\/2022\\\/12\\\/Dague-galadriel-avec-housse-et-support.jpg\",\"contentUrl\":\"https:\\\/\\\/repliquemangacine.fr\\\/wp-content\\\/uploads\\\/2022\\\/12\\\/Dague-galadriel-avec-housse-et-support.jpg\",\"width\":500,\"height\":500,\"caption\":\"Dague Galadriel les Anneaux de Pouvoir\"},{\"@type\":\"BreadcrumbList\",\"@id\":\"https:\\\/\\\/repliquemangacine.fr\\\/epees-seigneur-des-anneaux\\\/dague-finrod-dague-galadriel-les-anneaux-de-pouvoirs\\\/#breadcrumb\",\"itemListElement\":[{\"@type\":\"ListItem\",\"position\":1,\"name\":\"Accueil\",\"item\":\"https:\\\/\\\/repliquemangacine.fr\\\/\"},{\"@type\":\"ListItem\",\"position\":2,\"name\":\"Produits\",\"item\":\"https:\\\/\\\/repliquemangacine.fr\\\/boutique\\\/\"},{\"@type\":\"ListItem\",\"position\":3,\"name\":\"Dague de Galadriel\"}]},{\"@type\":\"WebSite\",\"@id\":\"https:\\\/\\\/repliquemangacine.fr\\\/#website\",\"url\":\"https:\\\/\\\/repliquemangacine.fr\\\/\",\"name\":\"R\u00e9plique Manga Cin\u00e9\",\"description\":\"\",\"publisher\":{\"@id\":\"https:\\\/\\\/repliquemangacine.fr\\\/#organization\"},\"potentialAction\":[{\"@type\":\"SearchAction\",\"target\":{\"@type\":\"EntryPoint\",\"urlTemplate\":\"https:\\\/\\\/repliquemangacine.fr\\\/?s={search_term_string}\"},\"query-input\":{\"@type\":\"PropertyValueSpecification\",\"valueRequired\":true,\"valueName\":\"search_term_string\"}}],\"inLanguage\":\"de\"},{\"@type\":\"Organization\",\"@id\":\"https:\\\/\\\/repliquemangacine.fr\\\/#organization\",\"name\":\"R\u00e9plique Manga Cin\u00e9\",\"url\":\"https:\\\/\\\/repliquemangacine.fr\\\/\",\"logo\":{\"@type\":\"ImageObject\",\"inLanguage\":\"de\",\"@id\":\"https:\\\/\\\/repliquemangacine.fr\\\/#\\\/schema\\\/logo\\\/image\\\/\",\"url\":\"https:\\\/\\\/repliquemangacine.fr\\\/wp-content\\\/uploads\\\/2023\\\/10\\\/RMC-500250.png\",\"contentUrl\":\"https:\\\/\\\/repliquemangacine.fr\\\/wp-content\\\/uploads\\\/2023\\\/10\\\/RMC-500250.png\",\"width\":500,\"height\":250,\"caption\":\"R\u00e9plique Manga Cin\u00e9\"},\"image\":{\"@id\":\"https:\\\/\\\/repliquemangacine.fr\\\/#\\\/schema\\\/logo\\\/image\\\/\"},\"sameAs\":[\"https:\\\/\\\/www.facebook.com\\\/RepliqueMangaCine\",\"https:\\\/\\\/www.instagram.com\\\/repliquemangacine.fr\\\/\"]}]}<\/script>\n<!-- \/ Yoast SEO plugin. -->","yoast_head_json":{"title":"Dolch von Galadriel - Dolch Finrod Die Ringe der Macht | RMC","description":"Bieten Sie den Dolch von Galadriel aus der Serie \"Die Ringe der Macht\" zum besten Preis an. Klinge aus Stahl - Gesamtl\u00e4nge: 46.5cm - Versand 24\/48H","robots":{"index":"index","follow":"follow","max-snippet":"max-snippet:-1","max-image-preview":"max-image-preview:large","max-video-preview":"max-video-preview:-1"},"canonical":"https:\/\/repliquemangacine.fr\/de\/herr-der-ringe-schwerter\/dolch-finrod-dolch-galadriel-die-ringe-der-macht\/","og_locale":"de_DE","og_type":"article","og_title":"Dague de Galadriel - Dague Finrod Les Anneaux de pouvoir | RMC","og_description":"Offrez-vous la Dague de Galadriel dans la s\u00e9rie les anneaux de pouvoir au meilleur prix. Lame en acier - Longueur totale : 46.5cm - Envoi 24\/48H","og_url":"https:\/\/repliquemangacine.fr\/de\/herr-der-ringe-schwerter\/dolch-finrod-dolch-galadriel-die-ringe-der-macht\/","og_site_name":"R\u00e9plique Manga Cin\u00e9","article_publisher":"https:\/\/www.facebook.com\/RepliqueMangaCine","article_modified_time":"2026-04-09T17:23:54+00:00","og_image":[{"width":500,"height":500,"url":"https:\/\/repliquemangacine.fr\/wp-content\/uploads\/2022\/12\/Dague-galadriel-avec-housse-et-support.jpg","type":"image\/jpeg"}],"twitter_card":"summary_large_image","twitter_misc":{"Gesch\u00e4tzte Lesezeit":"3\u00a0Minuten"},"schema":{"@context":"https:\/\/schema.org","@graph":[{"@type":"WebPage","@id":"https:\/\/repliquemangacine.fr\/epees-seigneur-des-anneaux\/dague-finrod-dague-galadriel-les-anneaux-de-pouvoirs\/","url":"https:\/\/repliquemangacine.fr\/epees-seigneur-des-anneaux\/dague-finrod-dague-galadriel-les-anneaux-de-pouvoirs\/","name":"Dolch von Galadriel - Dolch Finrod Die Ringe der Macht | RMC","isPartOf":{"@id":"https:\/\/repliquemangacine.fr\/#website"},"primaryImageOfPage":{"@id":"https:\/\/repliquemangacine.fr\/epees-seigneur-des-anneaux\/dague-finrod-dague-galadriel-les-anneaux-de-pouvoirs\/#primaryimage"},"image":{"@id":"https:\/\/repliquemangacine.fr\/epees-seigneur-des-anneaux\/dague-finrod-dague-galadriel-les-anneaux-de-pouvoirs\/#primaryimage"},"thumbnailUrl":"https:\/\/repliquemangacine.fr\/wp-content\/uploads\/2022\/12\/Dague-galadriel-avec-housse-et-support.jpg","datePublished":"2022-12-30T16:49:04+00:00","dateModified":"2026-04-09T17:23:54+00:00","description":"Bieten Sie den Dolch von Galadriel aus der Serie \"Die Ringe der Macht\" zum besten Preis an. Klinge aus Stahl - Gesamtl\u00e4nge: 46.5cm - Versand 24\/48H","breadcrumb":{"@id":"https:\/\/repliquemangacine.fr\/epees-seigneur-des-anneaux\/dague-finrod-dague-galadriel-les-anneaux-de-pouvoirs\/#breadcrumb"},"inLanguage":"de","potentialAction":[{"@type":"ReadAction","target":["https:\/\/repliquemangacine.fr\/epees-seigneur-des-anneaux\/dague-finrod-dague-galadriel-les-anneaux-de-pouvoirs\/"]}]},{"@type":"ImageObject","inLanguage":"de","@id":"https:\/\/repliquemangacine.fr\/epees-seigneur-des-anneaux\/dague-finrod-dague-galadriel-les-anneaux-de-pouvoirs\/#primaryimage","url":"https:\/\/repliquemangacine.fr\/wp-content\/uploads\/2022\/12\/Dague-galadriel-avec-housse-et-support.jpg","contentUrl":"https:\/\/repliquemangacine.fr\/wp-content\/uploads\/2022\/12\/Dague-galadriel-avec-housse-et-support.jpg","width":500,"height":500,"caption":"Dague Galadriel les Anneaux de Pouvoir"},{"@type":"BreadcrumbList","@id":"https:\/\/repliquemangacine.fr\/epees-seigneur-des-anneaux\/dague-finrod-dague-galadriel-les-anneaux-de-pouvoirs\/#breadcrumb","itemListElement":[{"@type":"ListItem","position":1,"name":"Accueil","item":"https:\/\/repliquemangacine.fr\/"},{"@type":"ListItem","position":2,"name":"Produits","item":"https:\/\/repliquemangacine.fr\/boutique\/"},{"@type":"ListItem","position":3,"name":"Dague de Galadriel"}]},{"@type":"WebSite","@id":"https:\/\/repliquemangacine.fr\/#website","url":"https:\/\/repliquemangacine.fr\/","name":"R\u00e9plique Manga Cin\u00e9","description":"","publisher":{"@id":"https:\/\/repliquemangacine.fr\/#organization"},"potentialAction":[{"@type":"SearchAction","target":{"@type":"EntryPoint","urlTemplate":"https:\/\/repliquemangacine.fr\/?s={search_term_string}"},"query-input":{"@type":"PropertyValueSpecification","valueRequired":true,"valueName":"search_term_string"}}],"inLanguage":"de"},{"@type":"Organization","@id":"https:\/\/repliquemangacine.fr\/#organization","name":"R\u00e9plique Manga Cin\u00e9","url":"https:\/\/repliquemangacine.fr\/","logo":{"@type":"ImageObject","inLanguage":"de","@id":"https:\/\/repliquemangacine.fr\/#\/schema\/logo\/image\/","url":"https:\/\/repliquemangacine.fr\/wp-content\/uploads\/2023\/10\/RMC-500250.png","contentUrl":"https:\/\/repliquemangacine.fr\/wp-content\/uploads\/2023\/10\/RMC-500250.png","width":500,"height":250,"caption":"R\u00e9plique Manga Cin\u00e9"},"image":{"@id":"https:\/\/repliquemangacine.fr\/#\/schema\/logo\/image\/"},"sameAs":["https:\/\/www.facebook.com\/RepliqueMangaCine","https:\/\/www.instagram.com\/repliquemangacine.fr\/"]}]}},"_links":{"self":[{"href":"https:\/\/repliquemangacine.fr\/de\/wp-json\/wp\/v2\/product\/57475","targetHints":{"allow":["GET"]}}],"collection":[{"href":"https:\/\/repliquemangacine.fr\/de\/wp-json\/wp\/v2\/product"}],"about":[{"href":"https:\/\/repliquemangacine.fr\/de\/wp-json\/wp\/v2\/types\/product"}],"wp:featuredmedia":[{"embeddable":true,"href":"https:\/\/repliquemangacine.fr\/de\/wp-json\/wp\/v2\/media\/68947"}],"wp:attachment":[{"href":"https:\/\/repliquemangacine.fr\/de\/wp-json\/wp\/v2\/media?parent=57475"}],"wp:term":[{"taxonomy":"product_brand","embeddable":true,"href":"https:\/\/repliquemangacine.fr\/de\/wp-json\/wp\/v2\/product_brand?post=57475"},{"taxonomy":"product_cat","embeddable":true,"href":"https:\/\/repliquemangacine.fr\/de\/wp-json\/wp\/v2\/product_cat?post=57475"},{"taxonomy":"product_tag","embeddable":true,"href":"https:\/\/repliquemangacine.fr\/de\/wp-json\/wp\/v2\/product_tag?post=57475"}],"curies":[{"name":"wp","href":"https:\/\/api.w.org\/{rel}","templated":true}]}}