





{"id":56392,"date":"2022-12-07T18:40:59","date_gmt":"2022-12-07T17:40:59","guid":{"rendered":"https:\/\/repliquemangacine.fr\/?post_type=product&#038;p=56392"},"modified":"2026-02-24T17:34:54","modified_gmt":"2026-02-24T16:34:54","slug":"die-3-ringe-der-herr-der-ringe","status":"publish","type":"product","link":"https:\/\/repliquemangacine.fr\/de\/bijoux-anneaux\/les-3-anneaux-le-seigneur-des-anneaux\/","title":{"rendered":"3 Elfenringe"},"content":{"rendered":"<h2>Die drei elfischen Ringe Herr der Ringe.<\/h2>\n<p>Zu Beginn<strong> 3 Elfenringe<\/strong> sind vor Saurons Blicken verborgen. Hergestellt von Celebrimbor ohne Saurons Hilfe. Er konnte sie nicht mehr kontrollieren oder finden, nachdem die Elben sie abgenommen und versteckt hatten.<\/p>\n<ul>\n<li><a href=\"https:\/\/lotr.fandom.com\/fr\/wiki\/Narya\" target=\"_blank\" rel=\"noopener noreferrer\">Narya<\/a>Der Ring des Feuers, auch Feuerring oder Roter Ring genannt, ist einer der drei Ringe der Elben. Sein Hauptbesitzer ist Gandalf der Zauberer.<\/li>\n<li>Nenya, auch Diamantring und Ring des Wassers genannt, ist einer der \"Drei\". Von Galadriel getragen, war die Macht von Nenya der Schutz vor dem B\u00f6sen.<\/li>\n<li>Vilya, der Ring der Luft, auch Saphirring genannt. Er gilt als der m\u00e4chtigste der Drei. Er wird von Elrond getragen und hat die Macht zu heilen und zu bewahren.<\/li>\n<\/ul>\n<h2>Ihre 3 Elfenringe zum besten Preis.<\/h2>\n<p>Wir bieten Ihnen eine gro\u00dfe Auswahl an Produkten rund um Der Herr der Ringe und Der Ring der Macht.<\/p>\n<p>Zun\u00e4chst einmal,<\/p>\n<ul>\n<li>Alle <a href=\"https:\/\/repliquemangacine.fr\/de\/herr-der-ringe-schwerter\/\">Schwerter aus der Trilogie Der Herr der Ringe<\/a>.<\/li>\n<li>Sowie einige Schmuckst\u00fccke wie die <a href=\"https:\/\/repliquemangacine.fr\/de\/schmuck-ringe\/anneau-barahir-argent-925e-bague-aragorn\/\">Aragorns Ring<\/a> aus Silber.<\/li>\n<li>Es gibt auch den <a href=\"https:\/\/repliquemangacine.fr\/de\/der-herr-der-ringe\/schachbrett-herr-der-ringe\/\">tolles Schachspiel<\/a> die Schlacht um Mittelerde.<\/li>\n<li>Und viele andere, die es in unserem Online-Shop zu entdecken gibt!<\/li>\n<\/ul>\n<p>Deshalb ist dies eine gro\u00dfartige Geschenkidee f\u00fcr alle Fans von Der Herr der Ringe.<\/p>\n<p>Zusammenfassend l\u00e4sst sich sagen, dass Sie Les verwenden k\u00f6nnen. <strong>3 Elfenringe<\/strong> im Alltag. Vor allem aber sind seine Ringe Sammlerst\u00fccke.<\/p>\n<p>R\u00e9plique Manga Cin\u00e9 ist ein franz\u00f6sisches Familienunternehmen.<\/p>\n<h2>Wie pflegt man Schmuck aus Zinklegierungen?<\/h2>\n<p>Zun\u00e4chst einmal ist die Zinklegierung sehr h\u00e4ufig und beliebt f\u00fcr Modeschmuck. Neben Zink enthalten Zinklegierungen in der Regel auch Aluminium, Kupfer, Magnesium und Eisen.<\/p>\n<p>Man reinigt seine <strong>3 Elfenringe<\/strong> mit einem in Seifenwasser getr\u00e4nkten und mit etwas Natriumbikarbonat bestreuten Schwamm, mit dem Sie alle Oberfl\u00e4chen abreiben. Sp\u00fclen Sie einfach mit klarem Wasser nach und trocknen Sie das Zink mit einem ultraweichen Tuch.<\/p>\n<p>Genau wie Silber kann dieses Metall oxidieren, wenn es mit der Haut oder einfach mit dem Sauerstoff der Umgebungsluft in Ber\u00fchrung kommt. Um die Oxidation von Schmuck aus Zinklegierung weitestgehend zu verhindern, tragen Sie eine Schicht Klarlack auf und lassen Sie ihn trocknen.<\/p>\n<p><strong>Nicht auf 925er Gold oder Silber reproduzieren<\/strong><\/p>\n<p>&nbsp;<\/p>","protected":false},"excerpt":{"rendered":"<p>Wundersch\u00f6nes Set aus drei elbischen Ringen ganz aus einer Zinklegierung und Zirkonium.<\/p>\n<ul>\n<li>Nenya in Form einer Blume mit einem wei\u00dfen Zirkonia<\/li>\n<li>Spezifisch geformter Vilya mit blauem Zirkon<\/li>\n<li>Ovaler Narya mit roten Zirkonen<\/li>\n<\/ul>\n<p>Dieses Set wird Ihnen in einer Schatulle mit schwarzem Velours-Interieur pr\u00e4sentiert.<\/p>","protected":false},"featured_media":56393,"template":"","meta":[],"product_brand":[896],"product_cat":[78,24,29,106],"product_tag":[],"class_list":{"0":"post-56392","1":"product","2":"type-product","3":"status-publish","4":"has-post-thumbnail","6":"product_brand-replique-manga-cine","7":"product_cat-bijoux-anneaux","8":"product_cat-films-series-tv-vente-de-katana-epee-et-produits-derives","9":"product_cat-le-seigneur-des-anneaux","10":"product_cat-epees-et-dague-les-anneaux-de-pouvoir","12":"first","13":"outofstock","14":"taxable","15":"shipping-taxable","16":"purchasable","17":"product-type-simple"},"yoast_head":"<!-- This site is optimized with the Yoast SEO plugin v27.5 - https:\/\/yoast.com\/product\/yoast-seo-wordpress\/ -->\n<title>3 Anneaux Elfiques - Seigneur des Anneaux | RMC<\/title>\n<meta name=\"description\" content=\"Offrez-vous ces 3 Anneaux Elfiques inspir\u00e9s du seigneur des Anneaux au meilleur prix - Les Anneaux de Pouvoirs sont en alliage de zinc et zirconium\" \/>\n<meta name=\"robots\" content=\"index, follow, max-snippet:-1, max-image-preview:large, max-video-preview:-1\" \/>\n<link rel=\"canonical\" href=\"https:\/\/repliquemangacine.fr\/de\/schwerter-und-dolche-die-ringe-der-macht\/die-3-ringe-der-herr-der-ringe\/\" \/>\n<meta property=\"og:locale\" content=\"de_DE\" \/>\n<meta property=\"og:type\" content=\"article\" \/>\n<meta property=\"og:title\" content=\"3 Anneaux Elfiques - Seigneur des Anneaux | RMC\" \/>\n<meta property=\"og:description\" content=\"Offrez-vous ces 3 Anneaux Elfiques inspir\u00e9s du seigneur des Anneaux au meilleur prix - Les Anneaux de Pouvoirs sont en alliage de zinc et zirconium\" \/>\n<meta property=\"og:url\" content=\"https:\/\/repliquemangacine.fr\/de\/schwerter-und-dolche-die-ringe-der-macht\/die-3-ringe-der-herr-der-ringe\/\" \/>\n<meta property=\"og:site_name\" content=\"R\u00e9plique Manga Cin\u00e9\" \/>\n<meta property=\"article:publisher\" content=\"https:\/\/www.facebook.com\/RepliqueMangaCine\" \/>\n<meta property=\"article:modified_time\" content=\"2026-02-24T16:34:54+00:00\" \/>\n<meta property=\"og:image\" content=\"https:\/\/repliquemangacine.fr\/wp-content\/uploads\/2023\/10\/anneau-des-elfes.jpg\" \/>\n\t<meta property=\"og:image:width\" content=\"500\" \/>\n\t<meta property=\"og:image:height\" content=\"500\" \/>\n\t<meta property=\"og:image:type\" content=\"image\/jpeg\" \/>\n<meta name=\"twitter:card\" content=\"summary_large_image\" \/>\n<meta name=\"twitter:label1\" content=\"Gesch\u00e4tzte Lesezeit\" \/>\n\t<meta name=\"twitter:data1\" content=\"3\u00a0Minuten\" \/>\n<script type=\"application\/ld+json\" class=\"yoast-schema-graph\">{\"@context\":\"https:\\\/\\\/schema.org\",\"@graph\":[{\"@type\":\"WebPage\",\"@id\":\"https:\\\/\\\/repliquemangacine.fr\\\/epees-et-dague-les-anneaux-de-pouvoir\\\/les-3-anneaux-le-seigneur-des-anneaux\\\/\",\"url\":\"https:\\\/\\\/repliquemangacine.fr\\\/epees-et-dague-les-anneaux-de-pouvoir\\\/les-3-anneaux-le-seigneur-des-anneaux\\\/\",\"name\":\"3 Anneaux Elfiques - Seigneur des Anneaux | RMC\",\"isPartOf\":{\"@id\":\"https:\\\/\\\/repliquemangacine.fr\\\/#website\"},\"primaryImageOfPage\":{\"@id\":\"https:\\\/\\\/repliquemangacine.fr\\\/epees-et-dague-les-anneaux-de-pouvoir\\\/les-3-anneaux-le-seigneur-des-anneaux\\\/#primaryimage\"},\"image\":{\"@id\":\"https:\\\/\\\/repliquemangacine.fr\\\/epees-et-dague-les-anneaux-de-pouvoir\\\/les-3-anneaux-le-seigneur-des-anneaux\\\/#primaryimage\"},\"thumbnailUrl\":\"https:\\\/\\\/repliquemangacine.fr\\\/wp-content\\\/uploads\\\/2023\\\/10\\\/anneau-des-elfes.jpg\",\"datePublished\":\"2022-12-07T17:40:59+00:00\",\"dateModified\":\"2026-02-24T16:34:54+00:00\",\"description\":\"Offrez-vous ces 3 Anneaux Elfiques inspir\u00e9s du seigneur des Anneaux au meilleur prix - Les Anneaux de Pouvoirs sont en alliage de zinc et zirconium\",\"breadcrumb\":{\"@id\":\"https:\\\/\\\/repliquemangacine.fr\\\/epees-et-dague-les-anneaux-de-pouvoir\\\/les-3-anneaux-le-seigneur-des-anneaux\\\/#breadcrumb\"},\"inLanguage\":\"de\",\"potentialAction\":[{\"@type\":\"ReadAction\",\"target\":[\"https:\\\/\\\/repliquemangacine.fr\\\/epees-et-dague-les-anneaux-de-pouvoir\\\/les-3-anneaux-le-seigneur-des-anneaux\\\/\"]}]},{\"@type\":\"ImageObject\",\"inLanguage\":\"de\",\"@id\":\"https:\\\/\\\/repliquemangacine.fr\\\/epees-et-dague-les-anneaux-de-pouvoir\\\/les-3-anneaux-le-seigneur-des-anneaux\\\/#primaryimage\",\"url\":\"https:\\\/\\\/repliquemangacine.fr\\\/wp-content\\\/uploads\\\/2023\\\/10\\\/anneau-des-elfes.jpg\",\"contentUrl\":\"https:\\\/\\\/repliquemangacine.fr\\\/wp-content\\\/uploads\\\/2023\\\/10\\\/anneau-des-elfes.jpg\",\"width\":500,\"height\":500,\"caption\":\"Les 3 Anneaux Elfiques\"},{\"@type\":\"BreadcrumbList\",\"@id\":\"https:\\\/\\\/repliquemangacine.fr\\\/epees-et-dague-les-anneaux-de-pouvoir\\\/les-3-anneaux-le-seigneur-des-anneaux\\\/#breadcrumb\",\"itemListElement\":[{\"@type\":\"ListItem\",\"position\":1,\"name\":\"Accueil\",\"item\":\"https:\\\/\\\/repliquemangacine.fr\\\/\"},{\"@type\":\"ListItem\",\"position\":2,\"name\":\"Produits\",\"item\":\"https:\\\/\\\/repliquemangacine.fr\\\/boutique\\\/\"},{\"@type\":\"ListItem\",\"position\":3,\"name\":\"3 Anneaux Elfiques\"}]},{\"@type\":\"WebSite\",\"@id\":\"https:\\\/\\\/repliquemangacine.fr\\\/#website\",\"url\":\"https:\\\/\\\/repliquemangacine.fr\\\/\",\"name\":\"R\u00e9plique Manga Cin\u00e9\",\"description\":\"\",\"publisher\":{\"@id\":\"https:\\\/\\\/repliquemangacine.fr\\\/#organization\"},\"potentialAction\":[{\"@type\":\"SearchAction\",\"target\":{\"@type\":\"EntryPoint\",\"urlTemplate\":\"https:\\\/\\\/repliquemangacine.fr\\\/?s={search_term_string}\"},\"query-input\":{\"@type\":\"PropertyValueSpecification\",\"valueRequired\":true,\"valueName\":\"search_term_string\"}}],\"inLanguage\":\"de\"},{\"@type\":\"Organization\",\"@id\":\"https:\\\/\\\/repliquemangacine.fr\\\/#organization\",\"name\":\"R\u00e9plique Manga Cin\u00e9\",\"url\":\"https:\\\/\\\/repliquemangacine.fr\\\/\",\"logo\":{\"@type\":\"ImageObject\",\"inLanguage\":\"de\",\"@id\":\"https:\\\/\\\/repliquemangacine.fr\\\/#\\\/schema\\\/logo\\\/image\\\/\",\"url\":\"https:\\\/\\\/repliquemangacine.fr\\\/wp-content\\\/uploads\\\/2023\\\/10\\\/RMC-500250.png\",\"contentUrl\":\"https:\\\/\\\/repliquemangacine.fr\\\/wp-content\\\/uploads\\\/2023\\\/10\\\/RMC-500250.png\",\"width\":500,\"height\":250,\"caption\":\"R\u00e9plique Manga Cin\u00e9\"},\"image\":{\"@id\":\"https:\\\/\\\/repliquemangacine.fr\\\/#\\\/schema\\\/logo\\\/image\\\/\"},\"sameAs\":[\"https:\\\/\\\/www.facebook.com\\\/RepliqueMangaCine\",\"https:\\\/\\\/www.instagram.com\\\/repliquemangacine.fr\\\/\"]}]}<\/script>\n<!-- \/ Yoast SEO plugin. -->","yoast_head_json":{"title":"3 Elbenringe - Herr der Ringe | RMC","description":"G\u00f6nnen Sie sich diese 3 Elbenringe, die vom Herrn der Ringe inspiriert sind, zum besten Preis - Die Ringe der Macht bestehen aus einer Zinklegierung und Zirkonium.","robots":{"index":"index","follow":"follow","max-snippet":"max-snippet:-1","max-image-preview":"max-image-preview:large","max-video-preview":"max-video-preview:-1"},"canonical":"https:\/\/repliquemangacine.fr\/de\/schwerter-und-dolche-die-ringe-der-macht\/die-3-ringe-der-herr-der-ringe\/","og_locale":"de_DE","og_type":"article","og_title":"3 Anneaux Elfiques - Seigneur des Anneaux | RMC","og_description":"Offrez-vous ces 3 Anneaux Elfiques inspir\u00e9s du seigneur des Anneaux au meilleur prix - Les Anneaux de Pouvoirs sont en alliage de zinc et zirconium","og_url":"https:\/\/repliquemangacine.fr\/de\/schwerter-und-dolche-die-ringe-der-macht\/die-3-ringe-der-herr-der-ringe\/","og_site_name":"R\u00e9plique Manga Cin\u00e9","article_publisher":"https:\/\/www.facebook.com\/RepliqueMangaCine","article_modified_time":"2026-02-24T16:34:54+00:00","og_image":[{"width":500,"height":500,"url":"https:\/\/repliquemangacine.fr\/wp-content\/uploads\/2023\/10\/anneau-des-elfes.jpg","type":"image\/jpeg"}],"twitter_card":"summary_large_image","twitter_misc":{"Gesch\u00e4tzte Lesezeit":"3\u00a0Minuten"},"schema":{"@context":"https:\/\/schema.org","@graph":[{"@type":"WebPage","@id":"https:\/\/repliquemangacine.fr\/epees-et-dague-les-anneaux-de-pouvoir\/les-3-anneaux-le-seigneur-des-anneaux\/","url":"https:\/\/repliquemangacine.fr\/epees-et-dague-les-anneaux-de-pouvoir\/les-3-anneaux-le-seigneur-des-anneaux\/","name":"3 Elbenringe - Herr der Ringe | RMC","isPartOf":{"@id":"https:\/\/repliquemangacine.fr\/#website"},"primaryImageOfPage":{"@id":"https:\/\/repliquemangacine.fr\/epees-et-dague-les-anneaux-de-pouvoir\/les-3-anneaux-le-seigneur-des-anneaux\/#primaryimage"},"image":{"@id":"https:\/\/repliquemangacine.fr\/epees-et-dague-les-anneaux-de-pouvoir\/les-3-anneaux-le-seigneur-des-anneaux\/#primaryimage"},"thumbnailUrl":"https:\/\/repliquemangacine.fr\/wp-content\/uploads\/2023\/10\/anneau-des-elfes.jpg","datePublished":"2022-12-07T17:40:59+00:00","dateModified":"2026-02-24T16:34:54+00:00","description":"G\u00f6nnen Sie sich diese 3 Elbenringe, die vom Herrn der Ringe inspiriert sind, zum besten Preis - Die Ringe der Macht bestehen aus einer Zinklegierung und Zirkonium.","breadcrumb":{"@id":"https:\/\/repliquemangacine.fr\/epees-et-dague-les-anneaux-de-pouvoir\/les-3-anneaux-le-seigneur-des-anneaux\/#breadcrumb"},"inLanguage":"de","potentialAction":[{"@type":"ReadAction","target":["https:\/\/repliquemangacine.fr\/epees-et-dague-les-anneaux-de-pouvoir\/les-3-anneaux-le-seigneur-des-anneaux\/"]}]},{"@type":"ImageObject","inLanguage":"de","@id":"https:\/\/repliquemangacine.fr\/epees-et-dague-les-anneaux-de-pouvoir\/les-3-anneaux-le-seigneur-des-anneaux\/#primaryimage","url":"https:\/\/repliquemangacine.fr\/wp-content\/uploads\/2023\/10\/anneau-des-elfes.jpg","contentUrl":"https:\/\/repliquemangacine.fr\/wp-content\/uploads\/2023\/10\/anneau-des-elfes.jpg","width":500,"height":500,"caption":"Les 3 Anneaux Elfiques"},{"@type":"BreadcrumbList","@id":"https:\/\/repliquemangacine.fr\/epees-et-dague-les-anneaux-de-pouvoir\/les-3-anneaux-le-seigneur-des-anneaux\/#breadcrumb","itemListElement":[{"@type":"ListItem","position":1,"name":"Accueil","item":"https:\/\/repliquemangacine.fr\/"},{"@type":"ListItem","position":2,"name":"Produits","item":"https:\/\/repliquemangacine.fr\/boutique\/"},{"@type":"ListItem","position":3,"name":"3 Anneaux Elfiques"}]},{"@type":"WebSite","@id":"https:\/\/repliquemangacine.fr\/#website","url":"https:\/\/repliquemangacine.fr\/","name":"R\u00e9plique Manga Cin\u00e9","description":"","publisher":{"@id":"https:\/\/repliquemangacine.fr\/#organization"},"potentialAction":[{"@type":"SearchAction","target":{"@type":"EntryPoint","urlTemplate":"https:\/\/repliquemangacine.fr\/?s={search_term_string}"},"query-input":{"@type":"PropertyValueSpecification","valueRequired":true,"valueName":"search_term_string"}}],"inLanguage":"de"},{"@type":"Organization","@id":"https:\/\/repliquemangacine.fr\/#organization","name":"R\u00e9plique Manga Cin\u00e9","url":"https:\/\/repliquemangacine.fr\/","logo":{"@type":"ImageObject","inLanguage":"de","@id":"https:\/\/repliquemangacine.fr\/#\/schema\/logo\/image\/","url":"https:\/\/repliquemangacine.fr\/wp-content\/uploads\/2023\/10\/RMC-500250.png","contentUrl":"https:\/\/repliquemangacine.fr\/wp-content\/uploads\/2023\/10\/RMC-500250.png","width":500,"height":250,"caption":"R\u00e9plique Manga Cin\u00e9"},"image":{"@id":"https:\/\/repliquemangacine.fr\/#\/schema\/logo\/image\/"},"sameAs":["https:\/\/www.facebook.com\/RepliqueMangaCine","https:\/\/www.instagram.com\/repliquemangacine.fr\/"]}]}},"_links":{"self":[{"href":"https:\/\/repliquemangacine.fr\/de\/wp-json\/wp\/v2\/product\/56392","targetHints":{"allow":["GET"]}}],"collection":[{"href":"https:\/\/repliquemangacine.fr\/de\/wp-json\/wp\/v2\/product"}],"about":[{"href":"https:\/\/repliquemangacine.fr\/de\/wp-json\/wp\/v2\/types\/product"}],"wp:featuredmedia":[{"embeddable":true,"href":"https:\/\/repliquemangacine.fr\/de\/wp-json\/wp\/v2\/media\/56393"}],"wp:attachment":[{"href":"https:\/\/repliquemangacine.fr\/de\/wp-json\/wp\/v2\/media?parent=56392"}],"wp:term":[{"taxonomy":"product_brand","embeddable":true,"href":"https:\/\/repliquemangacine.fr\/de\/wp-json\/wp\/v2\/product_brand?post=56392"},{"taxonomy":"product_cat","embeddable":true,"href":"https:\/\/repliquemangacine.fr\/de\/wp-json\/wp\/v2\/product_cat?post=56392"},{"taxonomy":"product_tag","embeddable":true,"href":"https:\/\/repliquemangacine.fr\/de\/wp-json\/wp\/v2\/product_tag?post=56392"}],"curies":[{"name":"wp","href":"https:\/\/api.w.org\/{rel}","templated":true}]}}