





{"id":55967,"date":"2022-12-01T18:43:37","date_gmt":"2022-12-01T17:43:37","guid":{"rendered":"https:\/\/repliquemangacine.fr\/?post_type=product&#038;p=55967"},"modified":"2026-04-29T17:52:33","modified_gmt":"2026-04-29T15:52:33","slug":"katana-holz-von-sanemi-demon-slayer","status":"publish","type":"product","link":"https:\/\/repliquemangacine.fr\/de\/katana-en-bois-demon-slayer\/katana-bois-de-sanemi-demon-slayer\/","title":{"rendered":"Katana Holz von Sanemi Demon Slayer"},"content":{"rendered":"<h2>Katana Holz von Sanemi in Demon Slayer<\/h2>\n<p>Die <strong>Katana Holz von Sanemi<\/strong> in Demon Slayer ist absolut bemerkenswert.<\/p>\n<p>Sanemi ist ein D\u00e4monenspalter und die S\u00e4ule des Windes. Er ist au\u00dferdem der \u00e4ltere Bruder von Genya Shinazugawa. Sanemi ist ein eigensinniger, oft impulsiver, hei\u00dfbl\u00fctiger Mann. Als Mitglied der S\u00e4ulen ist Sanemi ein sehr starker Schwertk\u00e4mpfer, der drittst\u00e4rkste. Laut Kokushibo haben Sanemis k\u00f6rperliche F\u00e4higkeiten und Techniken ihren H\u00f6hepunkt erreicht.<\/p>\n<p>Als S\u00e4ule des Windes <a href=\"https:\/\/kimetsu-no-yaiba.fandom.com\/fr\/wiki\/Sanemi_Shinazugawa\" target=\"_blank\" rel=\"noopener noreferrer\">Sanemi<\/a> nutzt diesen Atem. Er erh\u00f6ht die Sauerstoffmenge in seinem Blut, indem er seinen Atemrhythmus kontrolliert, was seine Kraft und Beweglichkeit auf das Niveau eines D\u00e4mons ansteigen l\u00e4sst. Als S\u00e4ule kennt er alle neun Bewegungen des Windhauchs.<\/p>\n<h2>Ihr Katana Holz von Sanemi zum besten Preis<\/h2>\n<p>Wir bieten dir alle Spr\u00fcche deiner Lieblingscharaktere in diesem Demon Slayer Anime-Manga.<\/p>\n<p>Zun\u00e4chst einmal,<\/p>\n<ul>\n<li>die<a href=\"https:\/\/repliquemangacine.fr\/de\/katana-demon-slayer\/katana-von-inosuke-hashibira-demon-slayer\/\"> Katana von Inosuke Hashibira<\/a> mit seiner Klinge voller Einkerbungen.<\/li>\n<li>Sowie das <a href=\"https:\/\/repliquemangacine.fr\/de\/katana-demon-slayer\/katana-holz-von-muichiro-demon-slayer\/\">Muichiros Katana aus Holz<\/a> mit ihren Kangi-Symbolen.<\/li>\n<li>Es gibt auch den <a href=\"https:\/\/repliquemangacine.fr\/de\/katana-demon-slayer\/puzzle-demon-slayer-1000-pieces-poster\/\">1000-teiliges Puzzle Demon Slayer<\/a> mit einem Poster als Bonus.<\/li>\n<li>Und noch viele andere, die es zu entdecken gilt!<\/li>\n<\/ul>\n<p>Das sind tolle Geschenkideen f\u00fcr Fans von Kimetsu no Yaiba oder Demon Slayer.<\/p>\n<p>Sie k\u00f6nnen auch diesen <strong>Katana Holz Sanemi<\/strong> Shinazugawa f\u00fcr Ihre Cosplay-Paraden. Vor allem ist dieses Katana aus Holz Demon Slayer, auch ein Sammler- und Dekorationsst\u00fcck.<\/p>\n<h2>Unsere Neuheiten an g\u00fcnstigen Demon Slayer Katana und Goodies.<\/h2>\n<p>Immer auf der Suche nach Neuem und in dem Bestreben, Ihre W\u00fcnsche zu erf\u00fcllen, haben wir einige kleine Nuggets f\u00fcr Sie zu entdecken!<\/p>\n<p>Nezukos Bambusbajonett ist ideal f\u00fcr Ihre Manga-Conventions. Demn\u00e4chst wird es auch Demon Slayer-Figuren sowie Wallscrolls von deinen Lieblingscharakteren geben.<\/p>\n<p>R\u00e9plique Manga Cin\u00e9 ist ein franz\u00f6sisches Familienunternehmen.<\/p>\n<p><strong>Wir m\u00f6chten Sie darauf hinweisen, dass alle unsere Repliken Sammler- und Dekorationsobjekte sind. Sie k\u00f6nnen sie f\u00fcr historische Rekonstruktionen sowie f\u00fcr Cosplay-Paraden oder f\u00fcr Ihre Innendekoration verwenden. Daher ist es nicht m\u00f6glich, mit ihren Repliken \u00f6ffentliche Pl\u00e4tze zu betreten.<\/strong><\/p>","protected":false},"excerpt":{"rendered":"<ul>\n<li>Klinge aus Holz (Bambus), bemalt mit Kangi und gr\u00fcner Welle.<\/li>\n<li>Speziell geformter ABS-Griffschutz.<\/li>\n<li>Schwarz lackierte, geformte ABS-Scheide mit Dekor und Beschl\u00e4gen.<\/li>\n<li>Griff mit Baumwollgeflecht \u00fcberzogen.<\/li>\n<li>L\u00e4nge der Klinge: 68cm - Gesamtl\u00e4nge: 103cm<\/li>\n<li>Gewicht: 550 grs mit Scheide<\/li>\n<\/ul>","protected":false},"featured_media":55968,"template":"","meta":[],"product_brand":[896],"product_cat":[63,116,23],"product_tag":[],"class_list":{"0":"post-55967","1":"product","2":"type-product","3":"status-publish","4":"has-post-thumbnail","6":"product_brand-replique-manga-cine","7":"product_cat-katana-demon-slayer","8":"product_cat-katana-en-bois-demon-slayer","9":"product_cat-repliques-manga-jeux-video","11":"first","12":"instock","13":"sale","14":"taxable","15":"shipping-taxable","16":"purchasable","17":"product-type-simple"},"yoast_head":"<!-- This site is optimized with the Yoast SEO plugin v27.5 - https:\/\/yoast.com\/product\/yoast-seo-wordpress\/ -->\n<title>Katana bois de Sanemi Demon Slayer - Boutique en ligne - RMC<\/title>\n<meta name=\"description\" content=\"Commandez vite ! Votre Katana bois de Sanemi dans Demon Slayer au meilleur prix. Lame bois. Fourreau d\u00e9cor\u00e9. Longueur 103cm - Envoi 24\/48h\" \/>\n<meta name=\"robots\" content=\"index, follow, max-snippet:-1, max-image-preview:large, max-video-preview:-1\" \/>\n<link rel=\"canonical\" href=\"https:\/\/repliquemangacine.fr\/de\/katana-aus-holz-demon-slayer\/katana-holz-von-sanemi-demon-slayer\/\" \/>\n<meta property=\"og:locale\" content=\"de_DE\" \/>\n<meta property=\"og:type\" content=\"article\" \/>\n<meta property=\"og:title\" content=\"Katana bois de Sanemi Demon Slayer - Boutique en ligne - RMC\" \/>\n<meta property=\"og:description\" content=\"Commandez vite ! Votre Katana bois de Sanemi dans Demon Slayer au meilleur prix. Lame bois. Fourreau d\u00e9cor\u00e9. Longueur 103cm - Envoi 24\/48h\" \/>\n<meta property=\"og:url\" content=\"https:\/\/repliquemangacine.fr\/de\/katana-aus-holz-demon-slayer\/katana-holz-von-sanemi-demon-slayer\/\" \/>\n<meta property=\"og:site_name\" content=\"R\u00e9plique Manga Cin\u00e9\" \/>\n<meta property=\"article:publisher\" content=\"https:\/\/www.facebook.com\/RepliqueMangaCine\" \/>\n<meta property=\"article:modified_time\" content=\"2026-04-29T15:52:33+00:00\" \/>\n<meta property=\"og:image\" content=\"https:\/\/repliquemangacine.fr\/wp-content\/uploads\/2023\/10\/657w.jpg\" \/>\n\t<meta property=\"og:image:width\" content=\"500\" \/>\n\t<meta property=\"og:image:height\" content=\"500\" \/>\n\t<meta property=\"og:image:type\" content=\"image\/jpeg\" \/>\n<meta name=\"twitter:card\" content=\"summary_large_image\" \/>\n<meta name=\"twitter:label1\" content=\"Gesch\u00e4tzte Lesezeit\" \/>\n\t<meta name=\"twitter:data1\" content=\"2\u00a0Minuten\" \/>\n<script type=\"application\/ld+json\" class=\"yoast-schema-graph\">{\"@context\":\"https:\\\/\\\/schema.org\",\"@graph\":[{\"@type\":\"WebPage\",\"@id\":\"https:\\\/\\\/repliquemangacine.fr\\\/katana-en-bois-demon-slayer\\\/katana-bois-de-sanemi-demon-slayer\\\/\",\"url\":\"https:\\\/\\\/repliquemangacine.fr\\\/katana-en-bois-demon-slayer\\\/katana-bois-de-sanemi-demon-slayer\\\/\",\"name\":\"Katana bois de Sanemi Demon Slayer - Boutique en ligne - RMC\",\"isPartOf\":{\"@id\":\"https:\\\/\\\/repliquemangacine.fr\\\/#website\"},\"primaryImageOfPage\":{\"@id\":\"https:\\\/\\\/repliquemangacine.fr\\\/katana-en-bois-demon-slayer\\\/katana-bois-de-sanemi-demon-slayer\\\/#primaryimage\"},\"image\":{\"@id\":\"https:\\\/\\\/repliquemangacine.fr\\\/katana-en-bois-demon-slayer\\\/katana-bois-de-sanemi-demon-slayer\\\/#primaryimage\"},\"thumbnailUrl\":\"https:\\\/\\\/repliquemangacine.fr\\\/wp-content\\\/uploads\\\/2023\\\/10\\\/657w.jpg\",\"datePublished\":\"2022-12-01T17:43:37+00:00\",\"dateModified\":\"2026-04-29T15:52:33+00:00\",\"description\":\"Commandez vite ! Votre Katana bois de Sanemi dans Demon Slayer au meilleur prix. Lame bois. Fourreau d\u00e9cor\u00e9. Longueur 103cm - Envoi 24\\\/48h\",\"breadcrumb\":{\"@id\":\"https:\\\/\\\/repliquemangacine.fr\\\/katana-en-bois-demon-slayer\\\/katana-bois-de-sanemi-demon-slayer\\\/#breadcrumb\"},\"inLanguage\":\"de\",\"potentialAction\":[{\"@type\":\"ReadAction\",\"target\":[\"https:\\\/\\\/repliquemangacine.fr\\\/katana-en-bois-demon-slayer\\\/katana-bois-de-sanemi-demon-slayer\\\/\"]}]},{\"@type\":\"ImageObject\",\"inLanguage\":\"de\",\"@id\":\"https:\\\/\\\/repliquemangacine.fr\\\/katana-en-bois-demon-slayer\\\/katana-bois-de-sanemi-demon-slayer\\\/#primaryimage\",\"url\":\"https:\\\/\\\/repliquemangacine.fr\\\/wp-content\\\/uploads\\\/2023\\\/10\\\/657w.jpg\",\"contentUrl\":\"https:\\\/\\\/repliquemangacine.fr\\\/wp-content\\\/uploads\\\/2023\\\/10\\\/657w.jpg\",\"width\":500,\"height\":500,\"caption\":\"Katana bois de Sanemi demon slayer\"},{\"@type\":\"BreadcrumbList\",\"@id\":\"https:\\\/\\\/repliquemangacine.fr\\\/katana-en-bois-demon-slayer\\\/katana-bois-de-sanemi-demon-slayer\\\/#breadcrumb\",\"itemListElement\":[{\"@type\":\"ListItem\",\"position\":1,\"name\":\"Accueil\",\"item\":\"https:\\\/\\\/repliquemangacine.fr\\\/\"},{\"@type\":\"ListItem\",\"position\":2,\"name\":\"Produits\",\"item\":\"https:\\\/\\\/repliquemangacine.fr\\\/boutique\\\/\"},{\"@type\":\"ListItem\",\"position\":3,\"name\":\"Katana bois de Sanemi Demon Slayer\"}]},{\"@type\":\"WebSite\",\"@id\":\"https:\\\/\\\/repliquemangacine.fr\\\/#website\",\"url\":\"https:\\\/\\\/repliquemangacine.fr\\\/\",\"name\":\"R\u00e9plique Manga Cin\u00e9\",\"description\":\"\",\"publisher\":{\"@id\":\"https:\\\/\\\/repliquemangacine.fr\\\/#organization\"},\"potentialAction\":[{\"@type\":\"SearchAction\",\"target\":{\"@type\":\"EntryPoint\",\"urlTemplate\":\"https:\\\/\\\/repliquemangacine.fr\\\/?s={search_term_string}\"},\"query-input\":{\"@type\":\"PropertyValueSpecification\",\"valueRequired\":true,\"valueName\":\"search_term_string\"}}],\"inLanguage\":\"de\"},{\"@type\":\"Organization\",\"@id\":\"https:\\\/\\\/repliquemangacine.fr\\\/#organization\",\"name\":\"R\u00e9plique Manga Cin\u00e9\",\"url\":\"https:\\\/\\\/repliquemangacine.fr\\\/\",\"logo\":{\"@type\":\"ImageObject\",\"inLanguage\":\"de\",\"@id\":\"https:\\\/\\\/repliquemangacine.fr\\\/#\\\/schema\\\/logo\\\/image\\\/\",\"url\":\"https:\\\/\\\/repliquemangacine.fr\\\/wp-content\\\/uploads\\\/2023\\\/10\\\/RMC-500250.png\",\"contentUrl\":\"https:\\\/\\\/repliquemangacine.fr\\\/wp-content\\\/uploads\\\/2023\\\/10\\\/RMC-500250.png\",\"width\":500,\"height\":250,\"caption\":\"R\u00e9plique Manga Cin\u00e9\"},\"image\":{\"@id\":\"https:\\\/\\\/repliquemangacine.fr\\\/#\\\/schema\\\/logo\\\/image\\\/\"},\"sameAs\":[\"https:\\\/\\\/www.facebook.com\\\/RepliqueMangaCine\",\"https:\\\/\\\/www.instagram.com\\\/repliquemangacine.fr\\\/\"]}]}<\/script>\n<!-- \/ Yoast SEO plugin. -->","yoast_head_json":{"title":"Katana Holz von Sanemi Demon Slayer - Online-Shop - RMC","description":"Bestellen Sie schnell! Ihr Holz Katana von Sanemi in Demon Slayer zum besten Preis. Klinge aus Holz. Verzierte Scheide. L\u00e4nge 103cm - Versand 24\/48h","robots":{"index":"index","follow":"follow","max-snippet":"max-snippet:-1","max-image-preview":"max-image-preview:large","max-video-preview":"max-video-preview:-1"},"canonical":"https:\/\/repliquemangacine.fr\/de\/katana-aus-holz-demon-slayer\/katana-holz-von-sanemi-demon-slayer\/","og_locale":"de_DE","og_type":"article","og_title":"Katana bois de Sanemi Demon Slayer - Boutique en ligne - RMC","og_description":"Commandez vite ! Votre Katana bois de Sanemi dans Demon Slayer au meilleur prix. Lame bois. Fourreau d\u00e9cor\u00e9. Longueur 103cm - Envoi 24\/48h","og_url":"https:\/\/repliquemangacine.fr\/de\/katana-aus-holz-demon-slayer\/katana-holz-von-sanemi-demon-slayer\/","og_site_name":"R\u00e9plique Manga Cin\u00e9","article_publisher":"https:\/\/www.facebook.com\/RepliqueMangaCine","article_modified_time":"2026-04-29T15:52:33+00:00","og_image":[{"width":500,"height":500,"url":"https:\/\/repliquemangacine.fr\/wp-content\/uploads\/2023\/10\/657w.jpg","type":"image\/jpeg"}],"twitter_card":"summary_large_image","twitter_misc":{"Gesch\u00e4tzte Lesezeit":"2\u00a0Minuten"},"schema":{"@context":"https:\/\/schema.org","@graph":[{"@type":"WebPage","@id":"https:\/\/repliquemangacine.fr\/katana-en-bois-demon-slayer\/katana-bois-de-sanemi-demon-slayer\/","url":"https:\/\/repliquemangacine.fr\/katana-en-bois-demon-slayer\/katana-bois-de-sanemi-demon-slayer\/","name":"Katana Holz von Sanemi Demon Slayer - Online-Shop - RMC","isPartOf":{"@id":"https:\/\/repliquemangacine.fr\/#website"},"primaryImageOfPage":{"@id":"https:\/\/repliquemangacine.fr\/katana-en-bois-demon-slayer\/katana-bois-de-sanemi-demon-slayer\/#primaryimage"},"image":{"@id":"https:\/\/repliquemangacine.fr\/katana-en-bois-demon-slayer\/katana-bois-de-sanemi-demon-slayer\/#primaryimage"},"thumbnailUrl":"https:\/\/repliquemangacine.fr\/wp-content\/uploads\/2023\/10\/657w.jpg","datePublished":"2022-12-01T17:43:37+00:00","dateModified":"2026-04-29T15:52:33+00:00","description":"Bestellen Sie schnell! Ihr Holz Katana von Sanemi in Demon Slayer zum besten Preis. Klinge aus Holz. Verzierte Scheide. L\u00e4nge 103cm - Versand 24\/48h","breadcrumb":{"@id":"https:\/\/repliquemangacine.fr\/katana-en-bois-demon-slayer\/katana-bois-de-sanemi-demon-slayer\/#breadcrumb"},"inLanguage":"de","potentialAction":[{"@type":"ReadAction","target":["https:\/\/repliquemangacine.fr\/katana-en-bois-demon-slayer\/katana-bois-de-sanemi-demon-slayer\/"]}]},{"@type":"ImageObject","inLanguage":"de","@id":"https:\/\/repliquemangacine.fr\/katana-en-bois-demon-slayer\/katana-bois-de-sanemi-demon-slayer\/#primaryimage","url":"https:\/\/repliquemangacine.fr\/wp-content\/uploads\/2023\/10\/657w.jpg","contentUrl":"https:\/\/repliquemangacine.fr\/wp-content\/uploads\/2023\/10\/657w.jpg","width":500,"height":500,"caption":"Katana bois de Sanemi demon slayer"},{"@type":"BreadcrumbList","@id":"https:\/\/repliquemangacine.fr\/katana-en-bois-demon-slayer\/katana-bois-de-sanemi-demon-slayer\/#breadcrumb","itemListElement":[{"@type":"ListItem","position":1,"name":"Accueil","item":"https:\/\/repliquemangacine.fr\/"},{"@type":"ListItem","position":2,"name":"Produits","item":"https:\/\/repliquemangacine.fr\/boutique\/"},{"@type":"ListItem","position":3,"name":"Katana bois de Sanemi Demon Slayer"}]},{"@type":"WebSite","@id":"https:\/\/repliquemangacine.fr\/#website","url":"https:\/\/repliquemangacine.fr\/","name":"R\u00e9plique Manga Cin\u00e9","description":"","publisher":{"@id":"https:\/\/repliquemangacine.fr\/#organization"},"potentialAction":[{"@type":"SearchAction","target":{"@type":"EntryPoint","urlTemplate":"https:\/\/repliquemangacine.fr\/?s={search_term_string}"},"query-input":{"@type":"PropertyValueSpecification","valueRequired":true,"valueName":"search_term_string"}}],"inLanguage":"de"},{"@type":"Organization","@id":"https:\/\/repliquemangacine.fr\/#organization","name":"R\u00e9plique Manga Cin\u00e9","url":"https:\/\/repliquemangacine.fr\/","logo":{"@type":"ImageObject","inLanguage":"de","@id":"https:\/\/repliquemangacine.fr\/#\/schema\/logo\/image\/","url":"https:\/\/repliquemangacine.fr\/wp-content\/uploads\/2023\/10\/RMC-500250.png","contentUrl":"https:\/\/repliquemangacine.fr\/wp-content\/uploads\/2023\/10\/RMC-500250.png","width":500,"height":250,"caption":"R\u00e9plique Manga Cin\u00e9"},"image":{"@id":"https:\/\/repliquemangacine.fr\/#\/schema\/logo\/image\/"},"sameAs":["https:\/\/www.facebook.com\/RepliqueMangaCine","https:\/\/www.instagram.com\/repliquemangacine.fr\/"]}]}},"_links":{"self":[{"href":"https:\/\/repliquemangacine.fr\/de\/wp-json\/wp\/v2\/product\/55967","targetHints":{"allow":["GET"]}}],"collection":[{"href":"https:\/\/repliquemangacine.fr\/de\/wp-json\/wp\/v2\/product"}],"about":[{"href":"https:\/\/repliquemangacine.fr\/de\/wp-json\/wp\/v2\/types\/product"}],"wp:featuredmedia":[{"embeddable":true,"href":"https:\/\/repliquemangacine.fr\/de\/wp-json\/wp\/v2\/media\/55968"}],"wp:attachment":[{"href":"https:\/\/repliquemangacine.fr\/de\/wp-json\/wp\/v2\/media?parent=55967"}],"wp:term":[{"taxonomy":"product_brand","embeddable":true,"href":"https:\/\/repliquemangacine.fr\/de\/wp-json\/wp\/v2\/product_brand?post=55967"},{"taxonomy":"product_cat","embeddable":true,"href":"https:\/\/repliquemangacine.fr\/de\/wp-json\/wp\/v2\/product_cat?post=55967"},{"taxonomy":"product_tag","embeddable":true,"href":"https:\/\/repliquemangacine.fr\/de\/wp-json\/wp\/v2\/product_tag?post=55967"}],"curies":[{"name":"wp","href":"https:\/\/api.w.org\/{rel}","templated":true}]}}