





{"id":55954,"date":"2022-12-01T17:12:28","date_gmt":"2022-12-01T16:12:28","guid":{"rendered":"https:\/\/repliquemangacine.fr\/?post_type=product&#038;p=55954"},"modified":"2026-01-21T11:41:24","modified_gmt":"2026-01-21T10:41:24","slug":"katana-holz-giyu-tomioka-demon-slayer","status":"publish","type":"product","link":"https:\/\/repliquemangacine.fr\/de\/katana-en-bois-demon-slayer\/katana-bois-giyu-tomioka-demon-slayer\/","title":{"rendered":"Katana Holz Giyu Tomioka"},"content":{"rendered":"<h2>Katana Holz Giyu Tomioka Demon Slayer<\/h2>\n<p>Zu Beginn wird der <strong>Katana Holz Giyu Tomioka<\/strong> Demon Slayer, <a href=\"https:\/\/kimetsu-no-yaiba.fandom.com\/fr\/wiki\/Giyu_Tomioka\" target=\"_blank\" rel=\"noopener noreferrer\">Giyu Tomioka<\/a> Tanjir\u014ds erster Reisebegleiter in Demon Slayer: Kimetsu no Yaiba. Er ist ein D\u00e4monenschl\u00e4chter und die Wassers\u00e4ule, die zur Armee der D\u00e4monenschl\u00e4chter geh\u00f6rt.<\/p>\n<p>Ein sehr starker Schwertk\u00e4mpfer, der den verwandelten Spinnenvater D\u00e4mon und Rui, den unteren f\u00fcnften Mond, leicht besiegen kann. Giyu besitzt eine gro\u00dfe Ausdauer und eine \u00fcberentwickelte Geschwindigkeit.<\/p>\n<p>Sein Kampfstil ist der \"Atem des Wassers\", einer der f\u00fcnf wichtigsten Atemstile, die direkt vom Atem der Sonne abgeleitet sind. Er basiert auf vielseitigen und flie\u00dfenden Bewegungen, die sich an viele Situationen anpassen und es erm\u00f6glichen, die Kraft des Gegners gegen ihn zu wenden.<\/p>\n<p>Dar\u00fcber hinaus gibt es zehn Bewegungen des Wasseratems. Es gibt jedoch eine Elfte Bewegung, die eine Originaltechnik ist, die von Giyu Tomioka erschaffen wurde.<\/p>\n<h2>Ihr Holzkatana Giyu Tomioka zum besten Preis<\/h2>\n<p>Wir bieten dir alle Spr\u00fcche deiner Lieblingscharaktere in diesem Demon Slayer Anime-Manga.<\/p>\n<p>Zun\u00e4chst einmal,<\/p>\n<ul>\n<li>Die <a href=\"https:\/\/repliquemangacine.fr\/de\/katana-demon-slayer\/epee-nichirin-tanjiro\/\">Katana Nichirin Tanjiro<\/a> Kamado Manga-Version.<\/li>\n<li>Sowie das <a href=\"https:\/\/repliquemangacine.fr\/de\/katana-demon-slayer\/katana-aus-holz-von-zenitsu-demon-slayer\/\">Katana aus Zenitsu-Holz<\/a> Agatsuma und seine goldfarbene Siebdruckklinge, die einen Kabelbaum imitiert.<\/li>\n<li>Es gibt auch Demon Slayer Goodies, seine Schl\u00fcsselanh\u00e4nger einzeln oder in einer Box.<\/li>\n<li>Und noch viele andere, die es zu entdecken gilt!<\/li>\n<\/ul>\n<p>Das sind tolle Geschenkideen f\u00fcr Fans von Kimetsu no Yaiba oder Demon Slayer.<\/p>\n<p>Abschlie\u00dfend k\u00f6nnen Sie auch diesen <strong>Katana Holz Giyu Tomioka<\/strong> f\u00fcr Ihre Cosplay-Parade oder Ihre Themenabende. Vor allem ist das Schwert von Giyu Tomioka auch ein Sammler- und Dekorationsst\u00fcck.<\/p>\n<h2>Unsere Neuheiten an g\u00fcnstigen Demon Slayer Katana und Goodies.<\/h2>\n<p>Immer auf der Suche nach Neuem und in dem Bestreben, Ihre W\u00fcnsche zu erf\u00fcllen, haben wir einige kleine Nuggets f\u00fcr Sie zu entdecken!<\/p>\n<p>Neben allen k\u00fcrzlich erschienenen Demon Slayer-Holzkatanas wird es auch Demon Slayer-Figuren und Wallscrolls deiner Lieblingscharaktere geben.<\/p>\n<p>R\u00e9plique Manga Cin\u00e9 ist ein franz\u00f6sisches Familienunternehmen.<\/p>\n<p><strong>Wir m\u00f6chten Sie darauf hinweisen, dass alle unsere Repliken Sammler- und Dekorationsobjekte sind. Sie k\u00f6nnen sie f\u00fcr historische Rekonstruktionen sowie f\u00fcr Cosplay-Paraden oder f\u00fcr Ihre Innendekoration verwenden. Daher ist es nicht m\u00f6glich, mit ihren Repliken \u00f6ffentliche Pl\u00e4tze zu betreten.<\/strong><\/p>","protected":false},"excerpt":{"rendered":"<ul>\n<li>Klinge aus Holz (Bambus), mit Kangi bemalt.<\/li>\n<li>Speziell geformter ABS-Griffschutz.<\/li>\n<li>Schwarz lackierte Scheide aus geformtem ABS mit Beschl\u00e4gen.<\/li>\n<li>Griff mit Baumwollgeflecht \u00fcberzogen.<\/li>\n<li>L\u00e4nge der Klinge: 68cm - Gesamtl\u00e4nge: 103cm<\/li>\n<li>Gewicht: 550 grs mit Scheide<\/li>\n<\/ul>\n<p>&nbsp;<\/p>","protected":false},"featured_media":55955,"template":"","meta":[],"product_brand":[896],"product_cat":[63,116,23],"product_tag":[],"class_list":{"0":"post-55954","1":"product","2":"type-product","3":"status-publish","4":"has-post-thumbnail","6":"product_brand-replique-manga-cine","7":"product_cat-katana-demon-slayer","8":"product_cat-katana-en-bois-demon-slayer","9":"product_cat-repliques-manga-jeux-video","11":"first","12":"instock","13":"sale","14":"taxable","15":"shipping-taxable","16":"purchasable","17":"product-type-simple"},"yoast_head":"<!-- This site is optimized with the Yoast SEO plugin v27.5 - https:\/\/yoast.com\/product\/yoast-seo-wordpress\/ -->\n<title>Katana bois Giyu Tomioka Demon Slayer - Boutique en ligne- RMC<\/title>\n<meta name=\"description\" content=\"Commandez vite ! Ce Katana bois Giyu Tomioka dans Demon Slayer au meilleur prix. Lame en bois de 68cm. Longueur totale 103cm - Envoi 24\/48h\" \/>\n<meta name=\"robots\" content=\"index, follow, max-snippet:-1, max-image-preview:large, max-video-preview:-1\" \/>\n<link rel=\"canonical\" href=\"https:\/\/repliquemangacine.fr\/de\/katana-aus-holz-demon-slayer\/katana-holz-giyu-tomioka-demon-slayer\/\" \/>\n<meta property=\"og:locale\" content=\"de_DE\" \/>\n<meta property=\"og:type\" content=\"article\" \/>\n<meta property=\"og:title\" content=\"Katana bois Giyu Tomioka Demon Slayer - Boutique en ligne- RMC\" \/>\n<meta property=\"og:description\" content=\"Commandez vite ! Ce Katana bois Giyu Tomioka dans Demon Slayer au meilleur prix. Lame en bois de 68cm. Longueur totale 103cm - Envoi 24\/48h\" \/>\n<meta property=\"og:url\" content=\"https:\/\/repliquemangacine.fr\/de\/katana-aus-holz-demon-slayer\/katana-holz-giyu-tomioka-demon-slayer\/\" \/>\n<meta property=\"og:site_name\" content=\"R\u00e9plique Manga Cin\u00e9\" \/>\n<meta property=\"article:publisher\" content=\"https:\/\/www.facebook.com\/RepliqueMangaCine\" \/>\n<meta property=\"article:modified_time\" content=\"2026-01-21T10:41:24+00:00\" \/>\n<meta property=\"og:image\" content=\"https:\/\/repliquemangacine.fr\/wp-content\/uploads\/2023\/10\/654.jpg\" \/>\n\t<meta property=\"og:image:width\" content=\"500\" \/>\n\t<meta property=\"og:image:height\" content=\"500\" \/>\n\t<meta property=\"og:image:type\" content=\"image\/jpeg\" \/>\n<meta name=\"twitter:card\" content=\"summary_large_image\" \/>\n<meta name=\"twitter:label1\" content=\"Gesch\u00e4tzte Lesezeit\" \/>\n\t<meta name=\"twitter:data1\" content=\"2\u00a0Minuten\" \/>\n<script type=\"application\/ld+json\" class=\"yoast-schema-graph\">{\"@context\":\"https:\\\/\\\/schema.org\",\"@graph\":[{\"@type\":\"WebPage\",\"@id\":\"https:\\\/\\\/repliquemangacine.fr\\\/katana-en-bois-demon-slayer\\\/katana-bois-giyu-tomioka-demon-slayer\\\/\",\"url\":\"https:\\\/\\\/repliquemangacine.fr\\\/katana-en-bois-demon-slayer\\\/katana-bois-giyu-tomioka-demon-slayer\\\/\",\"name\":\"Katana bois Giyu Tomioka Demon Slayer - Boutique en ligne- RMC\",\"isPartOf\":{\"@id\":\"https:\\\/\\\/repliquemangacine.fr\\\/#website\"},\"primaryImageOfPage\":{\"@id\":\"https:\\\/\\\/repliquemangacine.fr\\\/katana-en-bois-demon-slayer\\\/katana-bois-giyu-tomioka-demon-slayer\\\/#primaryimage\"},\"image\":{\"@id\":\"https:\\\/\\\/repliquemangacine.fr\\\/katana-en-bois-demon-slayer\\\/katana-bois-giyu-tomioka-demon-slayer\\\/#primaryimage\"},\"thumbnailUrl\":\"https:\\\/\\\/repliquemangacine.fr\\\/wp-content\\\/uploads\\\/2023\\\/10\\\/654.jpg\",\"datePublished\":\"2022-12-01T16:12:28+00:00\",\"dateModified\":\"2026-01-21T10:41:24+00:00\",\"description\":\"Commandez vite ! Ce Katana bois Giyu Tomioka dans Demon Slayer au meilleur prix. Lame en bois de 68cm. Longueur totale 103cm - Envoi 24\\\/48h\",\"breadcrumb\":{\"@id\":\"https:\\\/\\\/repliquemangacine.fr\\\/katana-en-bois-demon-slayer\\\/katana-bois-giyu-tomioka-demon-slayer\\\/#breadcrumb\"},\"inLanguage\":\"de\",\"potentialAction\":[{\"@type\":\"ReadAction\",\"target\":[\"https:\\\/\\\/repliquemangacine.fr\\\/katana-en-bois-demon-slayer\\\/katana-bois-giyu-tomioka-demon-slayer\\\/\"]}]},{\"@type\":\"ImageObject\",\"inLanguage\":\"de\",\"@id\":\"https:\\\/\\\/repliquemangacine.fr\\\/katana-en-bois-demon-slayer\\\/katana-bois-giyu-tomioka-demon-slayer\\\/#primaryimage\",\"url\":\"https:\\\/\\\/repliquemangacine.fr\\\/wp-content\\\/uploads\\\/2023\\\/10\\\/654.jpg\",\"contentUrl\":\"https:\\\/\\\/repliquemangacine.fr\\\/wp-content\\\/uploads\\\/2023\\\/10\\\/654.jpg\",\"width\":500,\"height\":500,\"caption\":\"Katana bois Giyu Tomioka demon slayer\"},{\"@type\":\"BreadcrumbList\",\"@id\":\"https:\\\/\\\/repliquemangacine.fr\\\/katana-en-bois-demon-slayer\\\/katana-bois-giyu-tomioka-demon-slayer\\\/#breadcrumb\",\"itemListElement\":[{\"@type\":\"ListItem\",\"position\":1,\"name\":\"Accueil\",\"item\":\"https:\\\/\\\/repliquemangacine.fr\\\/\"},{\"@type\":\"ListItem\",\"position\":2,\"name\":\"Produits\",\"item\":\"https:\\\/\\\/repliquemangacine.fr\\\/boutique\\\/\"},{\"@type\":\"ListItem\",\"position\":3,\"name\":\"Katana bois Giyu Tomioka\"}]},{\"@type\":\"WebSite\",\"@id\":\"https:\\\/\\\/repliquemangacine.fr\\\/#website\",\"url\":\"https:\\\/\\\/repliquemangacine.fr\\\/\",\"name\":\"R\u00e9plique Manga Cin\u00e9\",\"description\":\"\",\"publisher\":{\"@id\":\"https:\\\/\\\/repliquemangacine.fr\\\/#organization\"},\"potentialAction\":[{\"@type\":\"SearchAction\",\"target\":{\"@type\":\"EntryPoint\",\"urlTemplate\":\"https:\\\/\\\/repliquemangacine.fr\\\/?s={search_term_string}\"},\"query-input\":{\"@type\":\"PropertyValueSpecification\",\"valueRequired\":true,\"valueName\":\"search_term_string\"}}],\"inLanguage\":\"de\"},{\"@type\":\"Organization\",\"@id\":\"https:\\\/\\\/repliquemangacine.fr\\\/#organization\",\"name\":\"R\u00e9plique Manga Cin\u00e9\",\"url\":\"https:\\\/\\\/repliquemangacine.fr\\\/\",\"logo\":{\"@type\":\"ImageObject\",\"inLanguage\":\"de\",\"@id\":\"https:\\\/\\\/repliquemangacine.fr\\\/#\\\/schema\\\/logo\\\/image\\\/\",\"url\":\"https:\\\/\\\/repliquemangacine.fr\\\/wp-content\\\/uploads\\\/2023\\\/10\\\/RMC-500250.png\",\"contentUrl\":\"https:\\\/\\\/repliquemangacine.fr\\\/wp-content\\\/uploads\\\/2023\\\/10\\\/RMC-500250.png\",\"width\":500,\"height\":250,\"caption\":\"R\u00e9plique Manga Cin\u00e9\"},\"image\":{\"@id\":\"https:\\\/\\\/repliquemangacine.fr\\\/#\\\/schema\\\/logo\\\/image\\\/\"},\"sameAs\":[\"https:\\\/\\\/www.facebook.com\\\/RepliqueMangaCine\",\"https:\\\/\\\/www.instagram.com\\\/repliquemangacine.fr\\\/\"]}]}<\/script>\n<!-- \/ Yoast SEO plugin. -->","yoast_head_json":{"title":"Katana Holz Giyu Tomioka Demon Slayer - Online-Shop- RMC","description":"Bestellen Sie schnell! Dieses Katana Holz Giyu Tomioka in Demon Slayer zum besten Preis. Klinge aus Holz mit einer L\u00e4nge von 68cm. Gesamtl\u00e4nge 103cm - Versand 24\/48h","robots":{"index":"index","follow":"follow","max-snippet":"max-snippet:-1","max-image-preview":"max-image-preview:large","max-video-preview":"max-video-preview:-1"},"canonical":"https:\/\/repliquemangacine.fr\/de\/katana-aus-holz-demon-slayer\/katana-holz-giyu-tomioka-demon-slayer\/","og_locale":"de_DE","og_type":"article","og_title":"Katana bois Giyu Tomioka Demon Slayer - Boutique en ligne- RMC","og_description":"Commandez vite ! Ce Katana bois Giyu Tomioka dans Demon Slayer au meilleur prix. Lame en bois de 68cm. Longueur totale 103cm - Envoi 24\/48h","og_url":"https:\/\/repliquemangacine.fr\/de\/katana-aus-holz-demon-slayer\/katana-holz-giyu-tomioka-demon-slayer\/","og_site_name":"R\u00e9plique Manga Cin\u00e9","article_publisher":"https:\/\/www.facebook.com\/RepliqueMangaCine","article_modified_time":"2026-01-21T10:41:24+00:00","og_image":[{"width":500,"height":500,"url":"https:\/\/repliquemangacine.fr\/wp-content\/uploads\/2023\/10\/654.jpg","type":"image\/jpeg"}],"twitter_card":"summary_large_image","twitter_misc":{"Gesch\u00e4tzte Lesezeit":"2\u00a0Minuten"},"schema":{"@context":"https:\/\/schema.org","@graph":[{"@type":"WebPage","@id":"https:\/\/repliquemangacine.fr\/katana-en-bois-demon-slayer\/katana-bois-giyu-tomioka-demon-slayer\/","url":"https:\/\/repliquemangacine.fr\/katana-en-bois-demon-slayer\/katana-bois-giyu-tomioka-demon-slayer\/","name":"Katana Holz Giyu Tomioka Demon Slayer - Online-Shop- RMC","isPartOf":{"@id":"https:\/\/repliquemangacine.fr\/#website"},"primaryImageOfPage":{"@id":"https:\/\/repliquemangacine.fr\/katana-en-bois-demon-slayer\/katana-bois-giyu-tomioka-demon-slayer\/#primaryimage"},"image":{"@id":"https:\/\/repliquemangacine.fr\/katana-en-bois-demon-slayer\/katana-bois-giyu-tomioka-demon-slayer\/#primaryimage"},"thumbnailUrl":"https:\/\/repliquemangacine.fr\/wp-content\/uploads\/2023\/10\/654.jpg","datePublished":"2022-12-01T16:12:28+00:00","dateModified":"2026-01-21T10:41:24+00:00","description":"Bestellen Sie schnell! Dieses Katana Holz Giyu Tomioka in Demon Slayer zum besten Preis. Klinge aus Holz mit einer L\u00e4nge von 68cm. Gesamtl\u00e4nge 103cm - Versand 24\/48h","breadcrumb":{"@id":"https:\/\/repliquemangacine.fr\/katana-en-bois-demon-slayer\/katana-bois-giyu-tomioka-demon-slayer\/#breadcrumb"},"inLanguage":"de","potentialAction":[{"@type":"ReadAction","target":["https:\/\/repliquemangacine.fr\/katana-en-bois-demon-slayer\/katana-bois-giyu-tomioka-demon-slayer\/"]}]},{"@type":"ImageObject","inLanguage":"de","@id":"https:\/\/repliquemangacine.fr\/katana-en-bois-demon-slayer\/katana-bois-giyu-tomioka-demon-slayer\/#primaryimage","url":"https:\/\/repliquemangacine.fr\/wp-content\/uploads\/2023\/10\/654.jpg","contentUrl":"https:\/\/repliquemangacine.fr\/wp-content\/uploads\/2023\/10\/654.jpg","width":500,"height":500,"caption":"Katana bois Giyu Tomioka demon slayer"},{"@type":"BreadcrumbList","@id":"https:\/\/repliquemangacine.fr\/katana-en-bois-demon-slayer\/katana-bois-giyu-tomioka-demon-slayer\/#breadcrumb","itemListElement":[{"@type":"ListItem","position":1,"name":"Accueil","item":"https:\/\/repliquemangacine.fr\/"},{"@type":"ListItem","position":2,"name":"Produits","item":"https:\/\/repliquemangacine.fr\/boutique\/"},{"@type":"ListItem","position":3,"name":"Katana bois Giyu Tomioka"}]},{"@type":"WebSite","@id":"https:\/\/repliquemangacine.fr\/#website","url":"https:\/\/repliquemangacine.fr\/","name":"R\u00e9plique Manga Cin\u00e9","description":"","publisher":{"@id":"https:\/\/repliquemangacine.fr\/#organization"},"potentialAction":[{"@type":"SearchAction","target":{"@type":"EntryPoint","urlTemplate":"https:\/\/repliquemangacine.fr\/?s={search_term_string}"},"query-input":{"@type":"PropertyValueSpecification","valueRequired":true,"valueName":"search_term_string"}}],"inLanguage":"de"},{"@type":"Organization","@id":"https:\/\/repliquemangacine.fr\/#organization","name":"R\u00e9plique Manga Cin\u00e9","url":"https:\/\/repliquemangacine.fr\/","logo":{"@type":"ImageObject","inLanguage":"de","@id":"https:\/\/repliquemangacine.fr\/#\/schema\/logo\/image\/","url":"https:\/\/repliquemangacine.fr\/wp-content\/uploads\/2023\/10\/RMC-500250.png","contentUrl":"https:\/\/repliquemangacine.fr\/wp-content\/uploads\/2023\/10\/RMC-500250.png","width":500,"height":250,"caption":"R\u00e9plique Manga Cin\u00e9"},"image":{"@id":"https:\/\/repliquemangacine.fr\/#\/schema\/logo\/image\/"},"sameAs":["https:\/\/www.facebook.com\/RepliqueMangaCine","https:\/\/www.instagram.com\/repliquemangacine.fr\/"]}]}},"_links":{"self":[{"href":"https:\/\/repliquemangacine.fr\/de\/wp-json\/wp\/v2\/product\/55954","targetHints":{"allow":["GET"]}}],"collection":[{"href":"https:\/\/repliquemangacine.fr\/de\/wp-json\/wp\/v2\/product"}],"about":[{"href":"https:\/\/repliquemangacine.fr\/de\/wp-json\/wp\/v2\/types\/product"}],"wp:featuredmedia":[{"embeddable":true,"href":"https:\/\/repliquemangacine.fr\/de\/wp-json\/wp\/v2\/media\/55955"}],"wp:attachment":[{"href":"https:\/\/repliquemangacine.fr\/de\/wp-json\/wp\/v2\/media?parent=55954"}],"wp:term":[{"taxonomy":"product_brand","embeddable":true,"href":"https:\/\/repliquemangacine.fr\/de\/wp-json\/wp\/v2\/product_brand?post=55954"},{"taxonomy":"product_cat","embeddable":true,"href":"https:\/\/repliquemangacine.fr\/de\/wp-json\/wp\/v2\/product_cat?post=55954"},{"taxonomy":"product_tag","embeddable":true,"href":"https:\/\/repliquemangacine.fr\/de\/wp-json\/wp\/v2\/product_tag?post=55954"}],"curies":[{"name":"wp","href":"https:\/\/api.w.org\/{rel}","templated":true}]}}