





{"id":55946,"date":"2022-12-01T16:04:15","date_gmt":"2022-12-01T15:04:15","guid":{"rendered":"https:\/\/repliquemangacine.fr\/?post_type=product&#038;p=55946"},"modified":"2026-04-14T12:17:52","modified_gmt":"2026-04-14T10:17:52","slug":"katana-aus-holz-von-zenitsu-demon-slayer","status":"publish","type":"product","link":"https:\/\/repliquemangacine.fr\/de\/katana-en-bois-demon-slayer\/katana-en-bois-de-zenitsu-demon-slayer\/","title":{"rendered":"Katana Holz Zenitsu Demon Slayer"},"content":{"rendered":"<h2>Katana Holz von Zenitsu Agatsuma Demon Slayer<\/h2>\n<p>Die <strong>Katana aus Holz Demon Slayer<\/strong> Zenitsu Agatsuma, D\u00e4monenj\u00e4ger, Mitglied der D\u00e4monenj\u00e4gerarmee. Er ist der Reisebegleiter von Tanjiro Kamado und einer der Protagonisten des Mangas und Animes Kimetsu no Yaiba.<\/p>\n<p>Zenitsu ist ein Feigling und behauptet die ganze Zeit, dass er wegen seiner riskanten Arbeit als D\u00e4monenspalter bald sterben wird. Doch trotz dieser Schw\u00e4chen will Zenitsu trotzdem auf dem Niveau der Erwartungen leben, die die Menschen an ihn stellen, und versucht, sein Bestes zu geben.<\/p>\n<p><a href=\"https:\/\/kimetsu-no-yaiba.fandom.com\/fr\/wiki\/Zenitsu_Agatsuma\" target=\"_blank\" rel=\"noopener noreferrer\">Zenitsu<\/a> hat ein \u00fcberentwickeltes Geh\u00f6r, das es ihm erm\u00f6glicht, Gefahren mit selbst leisesten Ger\u00e4uschen zu erkennen. Er ist auch in der Lage, die inneren Gedanken der Menschen zu h\u00f6ren, wenn er seinen Sinn optimal einsetzt.<\/p>\n<h2>Ihr Demon Slayer Katana aus Holz zum besten Preis<\/h2>\n<p>Wir bieten dir alle Spr\u00fcche deiner Lieblingscharaktere in diesem Demon Slayer Anime-Manga.<\/p>\n<p>Zun\u00e4chst einmal,<\/p>\n<ul>\n<li>Die <a href=\"https:\/\/repliquemangacine.fr\/de\/katana-demon-slayer\/15-teilige-box-demon-slayer\/\">15-teiliges Set Schl\u00fcsselanh\u00e4nger<\/a> Demon Slayer.<\/li>\n<li>Sowie das <a href=\"https:\/\/repliquemangacine.fr\/de\/katana-demon-slayer\/katana-holz-tanjiro-demon-slayer\/\">Katana Holz Tanjir\u014d<\/a> Kamado mit seiner besonderen Bewachung.<\/li>\n<li>Es gibt auch Demon Slayer Katanas mit Stahlklingen<\/li>\n<li>Und noch viele andere, die es zu entdecken gilt!<\/li>\n<\/ul>\n<p>Deshalb sind hier tolle Geschenkideen f\u00fcr Fans von Kimetsu no Yaiba oder Demon Slayer.<\/p>\n<p>Abschlie\u00dfend k\u00f6nnen Sie auch diesen <strong>Katana Holz Demon Slayer<\/strong> von Zenitsu f\u00fcr Ihre Cosplay-Paraden. Vor allem ist das Zenitsu-Schwert Agatsuma, auch ein Sammler- und Dekorationsst\u00fcck.<\/p>\n<h2>Unsere Neuheiten an g\u00fcnstigen Demon Slayer Goodies.<\/h2>\n<p>Immer auf der Suche nach Neuem und in dem Bestreben, Ihre W\u00fcnsche zu erf\u00fcllen, haben wir einige kleine Nuggets f\u00fcr Sie zu entdecken!<\/p>\n<p>Nezukos Bambusbajonett ist ideal f\u00fcr Ihre Manga-Conventions. Demn\u00e4chst wird es auch Demon Slayer-Figuren sowie Wallscrolls von deinen Lieblingscharakteren geben.<\/p>\n<p>R\u00e9plique Manga Cin\u00e9 ist ein franz\u00f6sisches Familienunternehmen.<\/p>\n<p><strong>Wir m\u00f6chten Sie darauf hinweisen, dass alle unsere Repliken Sammler- und Dekorationsobjekte sind. Sie k\u00f6nnen sie f\u00fcr historische Rekonstruktionen sowie f\u00fcr Cosplay-Paraden oder f\u00fcr Ihre Innendekoration verwenden. Daher ist es nicht m\u00f6glich, mit ihren Repliken \u00f6ffentliche Pl\u00e4tze zu betreten.<\/strong><\/p>","protected":false},"excerpt":{"rendered":"<ul>\n<li>Klinge aus Holz (Bambus), bemalt mit Flammendekor.<\/li>\n<li>Speziell geformter ABS-Griffschutz.<\/li>\n<li>Scheide aus wei\u00df lackiertem, geformtem ABS mit Beschl\u00e4gen.<\/li>\n<li>Griff mit Baumwollgeflecht \u00fcberzogen.<\/li>\n<li>L\u00e4nge der Klinge: 68cm - Gesamtl\u00e4nge: 103cm<\/li>\n<li>Gewicht: 550 grs mit Scheide<\/li>\n<\/ul>\n<p>&nbsp;<\/p>","protected":false},"featured_media":55947,"template":"","meta":[],"product_brand":[896],"product_cat":[63,116,23],"product_tag":[],"class_list":{"0":"post-55946","1":"product","2":"type-product","3":"status-publish","4":"has-post-thumbnail","6":"product_brand-replique-manga-cine","7":"product_cat-katana-demon-slayer","8":"product_cat-katana-en-bois-demon-slayer","9":"product_cat-repliques-manga-jeux-video","11":"first","12":"instock","13":"sale","14":"taxable","15":"shipping-taxable","16":"purchasable","17":"product-type-simple"},"yoast_head":"<!-- This site is optimized with the Yoast SEO plugin v27.5 - https:\/\/yoast.com\/product\/yoast-seo-wordpress\/ -->\n<title>Katana bois Zenitsu Demon Slayer - Boutique en ligne - RMC<\/title>\n<meta name=\"description\" content=\"Commandez vite ! Ce Katana en bois de Zenitsu dans Demon Slayer au meilleur prix. Lame bois. D\u00e9couvrez tous les katanas en bois Demon Slayer pas cher !\" \/>\n<meta name=\"robots\" content=\"index, follow, max-snippet:-1, max-image-preview:large, max-video-preview:-1\" \/>\n<link rel=\"canonical\" href=\"https:\/\/repliquemangacine.fr\/de\/katana-aus-holz-demon-slayer\/katana-aus-holz-von-zenitsu-demon-slayer\/\" \/>\n<meta property=\"og:locale\" content=\"de_DE\" \/>\n<meta property=\"og:type\" content=\"article\" \/>\n<meta property=\"og:title\" content=\"Katana bois Zenitsu Demon Slayer - Boutique en ligne - RMC\" \/>\n<meta property=\"og:description\" content=\"Commandez vite ! Ce Katana en bois de Zenitsu dans Demon Slayer au meilleur prix. Lame bois. D\u00e9couvrez tous les katanas en bois Demon Slayer pas cher !\" \/>\n<meta property=\"og:url\" content=\"https:\/\/repliquemangacine.fr\/de\/katana-aus-holz-demon-slayer\/katana-aus-holz-von-zenitsu-demon-slayer\/\" \/>\n<meta property=\"og:site_name\" content=\"R\u00e9plique Manga Cin\u00e9\" \/>\n<meta property=\"article:publisher\" content=\"https:\/\/www.facebook.com\/RepliqueMangaCine\" \/>\n<meta property=\"article:modified_time\" content=\"2026-04-14T10:17:52+00:00\" \/>\n<meta property=\"og:image\" content=\"https:\/\/repliquemangacine.fr\/wp-content\/uploads\/2023\/10\/653w.jpg\" \/>\n\t<meta property=\"og:image:width\" content=\"500\" \/>\n\t<meta property=\"og:image:height\" content=\"500\" \/>\n\t<meta property=\"og:image:type\" content=\"image\/jpeg\" \/>\n<meta name=\"twitter:card\" content=\"summary_large_image\" \/>\n<meta name=\"twitter:label1\" content=\"Gesch\u00e4tzte Lesezeit\" \/>\n\t<meta name=\"twitter:data1\" content=\"2\u00a0Minuten\" \/>\n<script type=\"application\/ld+json\" class=\"yoast-schema-graph\">{\"@context\":\"https:\\\/\\\/schema.org\",\"@graph\":[{\"@type\":\"WebPage\",\"@id\":\"https:\\\/\\\/repliquemangacine.fr\\\/katana-en-bois-demon-slayer\\\/katana-en-bois-de-zenitsu-demon-slayer\\\/\",\"url\":\"https:\\\/\\\/repliquemangacine.fr\\\/katana-en-bois-demon-slayer\\\/katana-en-bois-de-zenitsu-demon-slayer\\\/\",\"name\":\"Katana bois Zenitsu Demon Slayer - Boutique en ligne - RMC\",\"isPartOf\":{\"@id\":\"https:\\\/\\\/repliquemangacine.fr\\\/#website\"},\"primaryImageOfPage\":{\"@id\":\"https:\\\/\\\/repliquemangacine.fr\\\/katana-en-bois-demon-slayer\\\/katana-en-bois-de-zenitsu-demon-slayer\\\/#primaryimage\"},\"image\":{\"@id\":\"https:\\\/\\\/repliquemangacine.fr\\\/katana-en-bois-demon-slayer\\\/katana-en-bois-de-zenitsu-demon-slayer\\\/#primaryimage\"},\"thumbnailUrl\":\"https:\\\/\\\/repliquemangacine.fr\\\/wp-content\\\/uploads\\\/2023\\\/10\\\/653w.jpg\",\"datePublished\":\"2022-12-01T15:04:15+00:00\",\"dateModified\":\"2026-04-14T10:17:52+00:00\",\"description\":\"Commandez vite ! Ce Katana en bois de Zenitsu dans Demon Slayer au meilleur prix. Lame bois. D\u00e9couvrez tous les katanas en bois Demon Slayer pas cher !\",\"breadcrumb\":{\"@id\":\"https:\\\/\\\/repliquemangacine.fr\\\/katana-en-bois-demon-slayer\\\/katana-en-bois-de-zenitsu-demon-slayer\\\/#breadcrumb\"},\"inLanguage\":\"de\",\"potentialAction\":[{\"@type\":\"ReadAction\",\"target\":[\"https:\\\/\\\/repliquemangacine.fr\\\/katana-en-bois-demon-slayer\\\/katana-en-bois-de-zenitsu-demon-slayer\\\/\"]}]},{\"@type\":\"ImageObject\",\"inLanguage\":\"de\",\"@id\":\"https:\\\/\\\/repliquemangacine.fr\\\/katana-en-bois-demon-slayer\\\/katana-en-bois-de-zenitsu-demon-slayer\\\/#primaryimage\",\"url\":\"https:\\\/\\\/repliquemangacine.fr\\\/wp-content\\\/uploads\\\/2023\\\/10\\\/653w.jpg\",\"contentUrl\":\"https:\\\/\\\/repliquemangacine.fr\\\/wp-content\\\/uploads\\\/2023\\\/10\\\/653w.jpg\",\"width\":500,\"height\":500,\"caption\":\"Katana en bois de Zenitsu Demon Slayer lame en bambou\"},{\"@type\":\"BreadcrumbList\",\"@id\":\"https:\\\/\\\/repliquemangacine.fr\\\/katana-en-bois-demon-slayer\\\/katana-en-bois-de-zenitsu-demon-slayer\\\/#breadcrumb\",\"itemListElement\":[{\"@type\":\"ListItem\",\"position\":1,\"name\":\"Accueil\",\"item\":\"https:\\\/\\\/repliquemangacine.fr\\\/\"},{\"@type\":\"ListItem\",\"position\":2,\"name\":\"Produits\",\"item\":\"https:\\\/\\\/repliquemangacine.fr\\\/boutique\\\/\"},{\"@type\":\"ListItem\",\"position\":3,\"name\":\"Katana bois Zenitsu Demon Slayer\"}]},{\"@type\":\"WebSite\",\"@id\":\"https:\\\/\\\/repliquemangacine.fr\\\/#website\",\"url\":\"https:\\\/\\\/repliquemangacine.fr\\\/\",\"name\":\"R\u00e9plique Manga Cin\u00e9\",\"description\":\"\",\"publisher\":{\"@id\":\"https:\\\/\\\/repliquemangacine.fr\\\/#organization\"},\"potentialAction\":[{\"@type\":\"SearchAction\",\"target\":{\"@type\":\"EntryPoint\",\"urlTemplate\":\"https:\\\/\\\/repliquemangacine.fr\\\/?s={search_term_string}\"},\"query-input\":{\"@type\":\"PropertyValueSpecification\",\"valueRequired\":true,\"valueName\":\"search_term_string\"}}],\"inLanguage\":\"de\"},{\"@type\":\"Organization\",\"@id\":\"https:\\\/\\\/repliquemangacine.fr\\\/#organization\",\"name\":\"R\u00e9plique Manga Cin\u00e9\",\"url\":\"https:\\\/\\\/repliquemangacine.fr\\\/\",\"logo\":{\"@type\":\"ImageObject\",\"inLanguage\":\"de\",\"@id\":\"https:\\\/\\\/repliquemangacine.fr\\\/#\\\/schema\\\/logo\\\/image\\\/\",\"url\":\"https:\\\/\\\/repliquemangacine.fr\\\/wp-content\\\/uploads\\\/2023\\\/10\\\/RMC-500250.png\",\"contentUrl\":\"https:\\\/\\\/repliquemangacine.fr\\\/wp-content\\\/uploads\\\/2023\\\/10\\\/RMC-500250.png\",\"width\":500,\"height\":250,\"caption\":\"R\u00e9plique Manga Cin\u00e9\"},\"image\":{\"@id\":\"https:\\\/\\\/repliquemangacine.fr\\\/#\\\/schema\\\/logo\\\/image\\\/\"},\"sameAs\":[\"https:\\\/\\\/www.facebook.com\\\/RepliqueMangaCine\",\"https:\\\/\\\/www.instagram.com\\\/repliquemangacine.fr\\\/\"]}]}<\/script>\n<!-- \/ Yoast SEO plugin. -->","yoast_head_json":{"title":"Katana Holz Zenitsu Demon Slayer - Online-Shop - RMC","description":"Bestellen Sie schnell! Dieses Holzkatana von Zenitsu in Demon Slayer zum besten Preis. Klinge aus Holz. Entdecken Sie alle g\u00fcnstigen Demon Slayer Holzkatanas!","robots":{"index":"index","follow":"follow","max-snippet":"max-snippet:-1","max-image-preview":"max-image-preview:large","max-video-preview":"max-video-preview:-1"},"canonical":"https:\/\/repliquemangacine.fr\/de\/katana-aus-holz-demon-slayer\/katana-aus-holz-von-zenitsu-demon-slayer\/","og_locale":"de_DE","og_type":"article","og_title":"Katana bois Zenitsu Demon Slayer - Boutique en ligne - RMC","og_description":"Commandez vite ! Ce Katana en bois de Zenitsu dans Demon Slayer au meilleur prix. Lame bois. D\u00e9couvrez tous les katanas en bois Demon Slayer pas cher !","og_url":"https:\/\/repliquemangacine.fr\/de\/katana-aus-holz-demon-slayer\/katana-aus-holz-von-zenitsu-demon-slayer\/","og_site_name":"R\u00e9plique Manga Cin\u00e9","article_publisher":"https:\/\/www.facebook.com\/RepliqueMangaCine","article_modified_time":"2026-04-14T10:17:52+00:00","og_image":[{"width":500,"height":500,"url":"https:\/\/repliquemangacine.fr\/wp-content\/uploads\/2023\/10\/653w.jpg","type":"image\/jpeg"}],"twitter_card":"summary_large_image","twitter_misc":{"Gesch\u00e4tzte Lesezeit":"2\u00a0Minuten"},"schema":{"@context":"https:\/\/schema.org","@graph":[{"@type":"WebPage","@id":"https:\/\/repliquemangacine.fr\/katana-en-bois-demon-slayer\/katana-en-bois-de-zenitsu-demon-slayer\/","url":"https:\/\/repliquemangacine.fr\/katana-en-bois-demon-slayer\/katana-en-bois-de-zenitsu-demon-slayer\/","name":"Katana Holz Zenitsu Demon Slayer - Online-Shop - RMC","isPartOf":{"@id":"https:\/\/repliquemangacine.fr\/#website"},"primaryImageOfPage":{"@id":"https:\/\/repliquemangacine.fr\/katana-en-bois-demon-slayer\/katana-en-bois-de-zenitsu-demon-slayer\/#primaryimage"},"image":{"@id":"https:\/\/repliquemangacine.fr\/katana-en-bois-demon-slayer\/katana-en-bois-de-zenitsu-demon-slayer\/#primaryimage"},"thumbnailUrl":"https:\/\/repliquemangacine.fr\/wp-content\/uploads\/2023\/10\/653w.jpg","datePublished":"2022-12-01T15:04:15+00:00","dateModified":"2026-04-14T10:17:52+00:00","description":"Bestellen Sie schnell! Dieses Holzkatana von Zenitsu in Demon Slayer zum besten Preis. Klinge aus Holz. Entdecken Sie alle g\u00fcnstigen Demon Slayer Holzkatanas!","breadcrumb":{"@id":"https:\/\/repliquemangacine.fr\/katana-en-bois-demon-slayer\/katana-en-bois-de-zenitsu-demon-slayer\/#breadcrumb"},"inLanguage":"de","potentialAction":[{"@type":"ReadAction","target":["https:\/\/repliquemangacine.fr\/katana-en-bois-demon-slayer\/katana-en-bois-de-zenitsu-demon-slayer\/"]}]},{"@type":"ImageObject","inLanguage":"de","@id":"https:\/\/repliquemangacine.fr\/katana-en-bois-demon-slayer\/katana-en-bois-de-zenitsu-demon-slayer\/#primaryimage","url":"https:\/\/repliquemangacine.fr\/wp-content\/uploads\/2023\/10\/653w.jpg","contentUrl":"https:\/\/repliquemangacine.fr\/wp-content\/uploads\/2023\/10\/653w.jpg","width":500,"height":500,"caption":"Katana en bois de Zenitsu Demon Slayer lame en bambou"},{"@type":"BreadcrumbList","@id":"https:\/\/repliquemangacine.fr\/katana-en-bois-demon-slayer\/katana-en-bois-de-zenitsu-demon-slayer\/#breadcrumb","itemListElement":[{"@type":"ListItem","position":1,"name":"Accueil","item":"https:\/\/repliquemangacine.fr\/"},{"@type":"ListItem","position":2,"name":"Produits","item":"https:\/\/repliquemangacine.fr\/boutique\/"},{"@type":"ListItem","position":3,"name":"Katana bois Zenitsu Demon Slayer"}]},{"@type":"WebSite","@id":"https:\/\/repliquemangacine.fr\/#website","url":"https:\/\/repliquemangacine.fr\/","name":"R\u00e9plique Manga Cin\u00e9","description":"","publisher":{"@id":"https:\/\/repliquemangacine.fr\/#organization"},"potentialAction":[{"@type":"SearchAction","target":{"@type":"EntryPoint","urlTemplate":"https:\/\/repliquemangacine.fr\/?s={search_term_string}"},"query-input":{"@type":"PropertyValueSpecification","valueRequired":true,"valueName":"search_term_string"}}],"inLanguage":"de"},{"@type":"Organization","@id":"https:\/\/repliquemangacine.fr\/#organization","name":"R\u00e9plique Manga Cin\u00e9","url":"https:\/\/repliquemangacine.fr\/","logo":{"@type":"ImageObject","inLanguage":"de","@id":"https:\/\/repliquemangacine.fr\/#\/schema\/logo\/image\/","url":"https:\/\/repliquemangacine.fr\/wp-content\/uploads\/2023\/10\/RMC-500250.png","contentUrl":"https:\/\/repliquemangacine.fr\/wp-content\/uploads\/2023\/10\/RMC-500250.png","width":500,"height":250,"caption":"R\u00e9plique Manga Cin\u00e9"},"image":{"@id":"https:\/\/repliquemangacine.fr\/#\/schema\/logo\/image\/"},"sameAs":["https:\/\/www.facebook.com\/RepliqueMangaCine","https:\/\/www.instagram.com\/repliquemangacine.fr\/"]}]}},"_links":{"self":[{"href":"https:\/\/repliquemangacine.fr\/de\/wp-json\/wp\/v2\/product\/55946","targetHints":{"allow":["GET"]}}],"collection":[{"href":"https:\/\/repliquemangacine.fr\/de\/wp-json\/wp\/v2\/product"}],"about":[{"href":"https:\/\/repliquemangacine.fr\/de\/wp-json\/wp\/v2\/types\/product"}],"wp:featuredmedia":[{"embeddable":true,"href":"https:\/\/repliquemangacine.fr\/de\/wp-json\/wp\/v2\/media\/55947"}],"wp:attachment":[{"href":"https:\/\/repliquemangacine.fr\/de\/wp-json\/wp\/v2\/media?parent=55946"}],"wp:term":[{"taxonomy":"product_brand","embeddable":true,"href":"https:\/\/repliquemangacine.fr\/de\/wp-json\/wp\/v2\/product_brand?post=55946"},{"taxonomy":"product_cat","embeddable":true,"href":"https:\/\/repliquemangacine.fr\/de\/wp-json\/wp\/v2\/product_cat?post=55946"},{"taxonomy":"product_tag","embeddable":true,"href":"https:\/\/repliquemangacine.fr\/de\/wp-json\/wp\/v2\/product_tag?post=55946"}],"curies":[{"name":"wp","href":"https:\/\/api.w.org\/{rel}","templated":true}]}}