





{"id":55931,"date":"2022-12-01T14:47:08","date_gmt":"2022-12-01T13:47:08","guid":{"rendered":"https:\/\/repliquemangacine.fr\/?post_type=product&#038;p=55931"},"modified":"2026-04-21T00:17:54","modified_gmt":"2026-04-20T22:17:54","slug":"katana-holz-tanjiro-demon-slayer","status":"publish","type":"product","link":"https:\/\/repliquemangacine.fr\/de\/katana-en-bois-demon-slayer\/katana-bois-tanjiro-demon-slayer\/","title":{"rendered":"Katana Holz Tanjiro Demon Slayer"},"content":{"rendered":"<h2>Tanjiros h\u00f6lzernes Katana aus Demon Slayer.<\/h2>\n<p>Die <strong>Katana Holz Tanjiro<\/strong> Demon Slayer, Schwert des Protagonisten der Geschichte. Ideal f\u00fcr Kinder ab 8 Jahren und vor allem v\u00f6llig ungef\u00e4hrlich.<\/p>\n<p>Kimetsu no Yaiba oder Demon Slayer erz\u00e4hlt die Geschichte von <a href=\"https:\/\/kimetsu-no-yaiba.fandom.com\/fr\/wiki\/Tanjiro_Kamado\" target=\"_blank\" rel=\"noopener noreferrer\">Tanjiro<\/a>Ein junger Mann, dessen Vater verstorben ist.<\/p>\n<p>Tanjir\u014d Kamado ist die Hauptfigur in Demon Slayer. Als Mitglied der Gruppe der D\u00e4monenj\u00e4ger, klassifiziert als Kanoe, hat er sich dem Team der Demon Slayer angeschlossen, um denjenigen zu jagen, der f\u00fcr den Mord an seiner Familie und die Verwandlung seiner Schwester in einen D\u00e4mon verantwortlich ist. Er ist ein D\u00e4monenschl\u00e4chter ...<\/p>\n<p>Von Anfang an erwies sich Tanjiro als wunderbarer K\u00e4mpfer mit einer starken nat\u00fcrlichen Begabung f\u00fcr den Kampf, insbesondere f\u00fcr das Fechten.<\/p>\n<h2>Ihr Tanjiro Holz-Katana zum besten Preis<\/h2>\n<p>Wir bieten dir alle Spr\u00fcche deiner Lieblingscharaktere in diesem Demon Slayer Anime-Manga.<\/p>\n<p>Zun\u00e4chst einmal,<\/p>\n<ul>\n<li>Die <a href=\"https:\/\/repliquemangacine.fr\/de\/katana-demon-slayer\/katana-von-zenitsu-agatsuma-demon-slayer\/\">Katana von Zenitsu<\/a> Agatsuma mit seiner goldenen Siebdruckklinge, die einen Kabelbaum imitiert.<\/li>\n<li>Sowie das<a href=\"https:\/\/repliquemangacine.fr\/de\/katana-demon-slayer\/katana-bois-shinobu-deuon-slayer\/\"> Shinobus Katana aus Holz<\/a> und seine wei\u00dfe, mit Gold verzierte Scheide.<\/li>\n<li>Es gibt auch den <a href=\"https:\/\/repliquemangacine.fr\/de\/katana-demon-slayer\/puzzle-demon-slayer-1000-pieces-poster\/\">Demon Slayer Puzzle<\/a> von 1000 St\u00fccken, die Sie mit Ihrer Familie entdecken k\u00f6nnen.<\/li>\n<li>Und noch viele andere, die es zu entdecken gilt!<\/li>\n<\/ul>\n<p>Das sind tolle Geschenkideen f\u00fcr Fans von Kimetsu no Yaiba oder Demon Slayer.<\/p>\n<p>Sie k\u00f6nnen das Katana Holz Tanjiro Demon Slayer auch f\u00fcr Ihre Cosplay-Paraden verwenden. Vor allem ist das Schwert von Tanjiro Kamado, auch ein Sammler- und Dekorationsst\u00fcck.<\/p>\n<h2>Unsere Neuheiten an g\u00fcnstigen Demon Slayer Goodies.<\/h2>\n<p>Immer auf der Suche nach Neuem und in dem Bestreben, Ihre W\u00fcnsche zu erf\u00fcllen, haben wir einige kleine Nuggets f\u00fcr Sie zu entdecken!<\/p>\n<p>Nezukos Bambusbajonett ist ideal f\u00fcr Ihre Manga-Conventions. Demn\u00e4chst wird es auch Demon Slayer-Figuren sowie Wallscrolls von deinen Lieblingscharakteren geben.<\/p>\n<p>R\u00e9plique Manga Cin\u00e9 ist ein franz\u00f6sisches Familienunternehmen.<\/p>\n<p><strong>Wir m\u00f6chten Sie darauf hinweisen, dass alle unsere Repliken Sammler- und Dekorationsobjekte sind. Sie k\u00f6nnen sie f\u00fcr historische Rekonstruktionen sowie f\u00fcr Cosplay-Paraden oder f\u00fcr Ihre Innendekoration verwenden. Daher ist es nicht m\u00f6glich, mit ihren Repliken \u00f6ffentliche Pl\u00e4tze zu betreten.<\/strong><\/p>","protected":false},"excerpt":{"rendered":"<ul>\n<li>Klinge aus Holz (Bambus), schwarz lackiert.<\/li>\n<li>Speziell geformter ABS-Griffschutz.<\/li>\n<li>Schwarz lackierte Scheide aus geformtem ABS mit Beschl\u00e4gen.<\/li>\n<li>Griff mit Baumwollgeflecht \u00fcberzogen.<\/li>\n<li>L\u00e4nge der Klinge: 68cm - Gesamtl\u00e4nge: 103cm<\/li>\n<li>Gewicht: 380 g mit Scheide - 210 g Schwert allein<\/li>\n<\/ul>","protected":false},"featured_media":55932,"template":"","meta":[],"product_brand":[896],"product_cat":[63,116,23],"product_tag":[],"class_list":{"0":"post-55931","1":"product","2":"type-product","3":"status-publish","4":"has-post-thumbnail","6":"product_brand-replique-manga-cine","7":"product_cat-katana-demon-slayer","8":"product_cat-katana-en-bois-demon-slayer","9":"product_cat-repliques-manga-jeux-video","11":"first","12":"instock","13":"sale","14":"taxable","15":"shipping-taxable","16":"purchasable","17":"product-type-simple"},"yoast_head":"<!-- This site is optimized with the Yoast SEO plugin v27.5 - https:\/\/yoast.com\/product\/yoast-seo-wordpress\/ -->\n<title>Katana bois Tanjiro Demon Slayer - R\u00e9plique Manga Cin\u00e9<\/title>\n<meta name=\"description\" content=\"Superbe r\u00e9plique du Katana en bois de Tanjiro dans Demon Slayer. Lame enti\u00e8rement en bois. Garde ronde en acier. Fourreau en bois avec d\u00e9cors\" \/>\n<meta name=\"robots\" content=\"index, follow, max-snippet:-1, max-image-preview:large, max-video-preview:-1\" \/>\n<link rel=\"canonical\" href=\"https:\/\/repliquemangacine.fr\/de\/katana-aus-holz-demon-slayer\/katana-holz-tanjiro-demon-slayer\/\" \/>\n<meta property=\"og:locale\" content=\"de_DE\" \/>\n<meta property=\"og:type\" content=\"article\" \/>\n<meta property=\"og:title\" content=\"Katana bois Tanjiro Demon Slayer - R\u00e9plique Manga Cin\u00e9\" \/>\n<meta property=\"og:description\" content=\"Superbe r\u00e9plique du Katana en bois de Tanjiro dans Demon Slayer. Lame enti\u00e8rement en bois. Garde ronde en acier. Fourreau en bois avec d\u00e9cors\" \/>\n<meta property=\"og:url\" content=\"https:\/\/repliquemangacine.fr\/de\/katana-aus-holz-demon-slayer\/katana-holz-tanjiro-demon-slayer\/\" \/>\n<meta property=\"og:site_name\" content=\"R\u00e9plique Manga Cin\u00e9\" \/>\n<meta property=\"article:publisher\" content=\"https:\/\/www.facebook.com\/RepliqueMangaCine\" \/>\n<meta property=\"article:modified_time\" content=\"2026-04-20T22:17:54+00:00\" \/>\n<meta property=\"og:image\" content=\"https:\/\/repliquemangacine.fr\/wp-content\/uploads\/2023\/10\/650w.jpg\" \/>\n\t<meta property=\"og:image:width\" content=\"500\" \/>\n\t<meta property=\"og:image:height\" content=\"500\" \/>\n\t<meta property=\"og:image:type\" content=\"image\/jpeg\" \/>\n<meta name=\"twitter:card\" content=\"summary_large_image\" \/>\n<meta name=\"twitter:label1\" content=\"Gesch\u00e4tzte Lesezeit\" \/>\n\t<meta name=\"twitter:data1\" content=\"2\u00a0Minuten\" \/>\n<script type=\"application\/ld+json\" class=\"yoast-schema-graph\">{\"@context\":\"https:\\\/\\\/schema.org\",\"@graph\":[{\"@type\":\"WebPage\",\"@id\":\"https:\\\/\\\/repliquemangacine.fr\\\/katana-en-bois-demon-slayer\\\/katana-bois-tanjiro-demon-slayer\\\/\",\"url\":\"https:\\\/\\\/repliquemangacine.fr\\\/katana-en-bois-demon-slayer\\\/katana-bois-tanjiro-demon-slayer\\\/\",\"name\":\"Katana bois Tanjiro Demon Slayer - R\u00e9plique Manga Cin\u00e9\",\"isPartOf\":{\"@id\":\"https:\\\/\\\/repliquemangacine.fr\\\/#website\"},\"primaryImageOfPage\":{\"@id\":\"https:\\\/\\\/repliquemangacine.fr\\\/katana-en-bois-demon-slayer\\\/katana-bois-tanjiro-demon-slayer\\\/#primaryimage\"},\"image\":{\"@id\":\"https:\\\/\\\/repliquemangacine.fr\\\/katana-en-bois-demon-slayer\\\/katana-bois-tanjiro-demon-slayer\\\/#primaryimage\"},\"thumbnailUrl\":\"https:\\\/\\\/repliquemangacine.fr\\\/wp-content\\\/uploads\\\/2023\\\/10\\\/650w.jpg\",\"datePublished\":\"2022-12-01T13:47:08+00:00\",\"dateModified\":\"2026-04-20T22:17:54+00:00\",\"description\":\"Superbe r\u00e9plique du Katana en bois de Tanjiro dans Demon Slayer. Lame enti\u00e8rement en bois. Garde ronde en acier. Fourreau en bois avec d\u00e9cors\",\"breadcrumb\":{\"@id\":\"https:\\\/\\\/repliquemangacine.fr\\\/katana-en-bois-demon-slayer\\\/katana-bois-tanjiro-demon-slayer\\\/#breadcrumb\"},\"inLanguage\":\"de\",\"potentialAction\":[{\"@type\":\"ReadAction\",\"target\":[\"https:\\\/\\\/repliquemangacine.fr\\\/katana-en-bois-demon-slayer\\\/katana-bois-tanjiro-demon-slayer\\\/\"]}]},{\"@type\":\"ImageObject\",\"inLanguage\":\"de\",\"@id\":\"https:\\\/\\\/repliquemangacine.fr\\\/katana-en-bois-demon-slayer\\\/katana-bois-tanjiro-demon-slayer\\\/#primaryimage\",\"url\":\"https:\\\/\\\/repliquemangacine.fr\\\/wp-content\\\/uploads\\\/2023\\\/10\\\/650w.jpg\",\"contentUrl\":\"https:\\\/\\\/repliquemangacine.fr\\\/wp-content\\\/uploads\\\/2023\\\/10\\\/650w.jpg\",\"width\":500,\"height\":500,\"caption\":\"Katana bois Tanjiro Demon Slayer\"},{\"@type\":\"BreadcrumbList\",\"@id\":\"https:\\\/\\\/repliquemangacine.fr\\\/katana-en-bois-demon-slayer\\\/katana-bois-tanjiro-demon-slayer\\\/#breadcrumb\",\"itemListElement\":[{\"@type\":\"ListItem\",\"position\":1,\"name\":\"Accueil\",\"item\":\"https:\\\/\\\/repliquemangacine.fr\\\/\"},{\"@type\":\"ListItem\",\"position\":2,\"name\":\"Produits\",\"item\":\"https:\\\/\\\/repliquemangacine.fr\\\/boutique\\\/\"},{\"@type\":\"ListItem\",\"position\":3,\"name\":\"Katana bois Tanjiro Demon Slayer\"}]},{\"@type\":\"WebSite\",\"@id\":\"https:\\\/\\\/repliquemangacine.fr\\\/#website\",\"url\":\"https:\\\/\\\/repliquemangacine.fr\\\/\",\"name\":\"R\u00e9plique Manga Cin\u00e9\",\"description\":\"\",\"publisher\":{\"@id\":\"https:\\\/\\\/repliquemangacine.fr\\\/#organization\"},\"potentialAction\":[{\"@type\":\"SearchAction\",\"target\":{\"@type\":\"EntryPoint\",\"urlTemplate\":\"https:\\\/\\\/repliquemangacine.fr\\\/?s={search_term_string}\"},\"query-input\":{\"@type\":\"PropertyValueSpecification\",\"valueRequired\":true,\"valueName\":\"search_term_string\"}}],\"inLanguage\":\"de\"},{\"@type\":\"Organization\",\"@id\":\"https:\\\/\\\/repliquemangacine.fr\\\/#organization\",\"name\":\"R\u00e9plique Manga Cin\u00e9\",\"url\":\"https:\\\/\\\/repliquemangacine.fr\\\/\",\"logo\":{\"@type\":\"ImageObject\",\"inLanguage\":\"de\",\"@id\":\"https:\\\/\\\/repliquemangacine.fr\\\/#\\\/schema\\\/logo\\\/image\\\/\",\"url\":\"https:\\\/\\\/repliquemangacine.fr\\\/wp-content\\\/uploads\\\/2023\\\/10\\\/RMC-500250.png\",\"contentUrl\":\"https:\\\/\\\/repliquemangacine.fr\\\/wp-content\\\/uploads\\\/2023\\\/10\\\/RMC-500250.png\",\"width\":500,\"height\":250,\"caption\":\"R\u00e9plique Manga Cin\u00e9\"},\"image\":{\"@id\":\"https:\\\/\\\/repliquemangacine.fr\\\/#\\\/schema\\\/logo\\\/image\\\/\"},\"sameAs\":[\"https:\\\/\\\/www.facebook.com\\\/RepliqueMangaCine\",\"https:\\\/\\\/www.instagram.com\\\/repliquemangacine.fr\\\/\"]}]}<\/script>\n<!-- \/ Yoast SEO plugin. -->","yoast_head_json":{"title":"Katana Holz Tanjiro Demon Slayer - R\u00e9plique Manga Cin\u00e9","description":"Wundersch\u00f6ne Replik von Tanjiros h\u00f6lzernem Katana aus Demon Slayer. Klinge vollst\u00e4ndig aus Holz. Runder Griff aus Stahl. Holzscheide mit Verzierungen","robots":{"index":"index","follow":"follow","max-snippet":"max-snippet:-1","max-image-preview":"max-image-preview:large","max-video-preview":"max-video-preview:-1"},"canonical":"https:\/\/repliquemangacine.fr\/de\/katana-aus-holz-demon-slayer\/katana-holz-tanjiro-demon-slayer\/","og_locale":"de_DE","og_type":"article","og_title":"Katana bois Tanjiro Demon Slayer - R\u00e9plique Manga Cin\u00e9","og_description":"Superbe r\u00e9plique du Katana en bois de Tanjiro dans Demon Slayer. Lame enti\u00e8rement en bois. Garde ronde en acier. Fourreau en bois avec d\u00e9cors","og_url":"https:\/\/repliquemangacine.fr\/de\/katana-aus-holz-demon-slayer\/katana-holz-tanjiro-demon-slayer\/","og_site_name":"R\u00e9plique Manga Cin\u00e9","article_publisher":"https:\/\/www.facebook.com\/RepliqueMangaCine","article_modified_time":"2026-04-20T22:17:54+00:00","og_image":[{"width":500,"height":500,"url":"https:\/\/repliquemangacine.fr\/wp-content\/uploads\/2023\/10\/650w.jpg","type":"image\/jpeg"}],"twitter_card":"summary_large_image","twitter_misc":{"Gesch\u00e4tzte Lesezeit":"2\u00a0Minuten"},"schema":{"@context":"https:\/\/schema.org","@graph":[{"@type":"WebPage","@id":"https:\/\/repliquemangacine.fr\/katana-en-bois-demon-slayer\/katana-bois-tanjiro-demon-slayer\/","url":"https:\/\/repliquemangacine.fr\/katana-en-bois-demon-slayer\/katana-bois-tanjiro-demon-slayer\/","name":"Katana Holz Tanjiro Demon Slayer - R\u00e9plique Manga Cin\u00e9","isPartOf":{"@id":"https:\/\/repliquemangacine.fr\/#website"},"primaryImageOfPage":{"@id":"https:\/\/repliquemangacine.fr\/katana-en-bois-demon-slayer\/katana-bois-tanjiro-demon-slayer\/#primaryimage"},"image":{"@id":"https:\/\/repliquemangacine.fr\/katana-en-bois-demon-slayer\/katana-bois-tanjiro-demon-slayer\/#primaryimage"},"thumbnailUrl":"https:\/\/repliquemangacine.fr\/wp-content\/uploads\/2023\/10\/650w.jpg","datePublished":"2022-12-01T13:47:08+00:00","dateModified":"2026-04-20T22:17:54+00:00","description":"Wundersch\u00f6ne Replik von Tanjiros h\u00f6lzernem Katana aus Demon Slayer. Klinge vollst\u00e4ndig aus Holz. Runder Griff aus Stahl. Holzscheide mit Verzierungen","breadcrumb":{"@id":"https:\/\/repliquemangacine.fr\/katana-en-bois-demon-slayer\/katana-bois-tanjiro-demon-slayer\/#breadcrumb"},"inLanguage":"de","potentialAction":[{"@type":"ReadAction","target":["https:\/\/repliquemangacine.fr\/katana-en-bois-demon-slayer\/katana-bois-tanjiro-demon-slayer\/"]}]},{"@type":"ImageObject","inLanguage":"de","@id":"https:\/\/repliquemangacine.fr\/katana-en-bois-demon-slayer\/katana-bois-tanjiro-demon-slayer\/#primaryimage","url":"https:\/\/repliquemangacine.fr\/wp-content\/uploads\/2023\/10\/650w.jpg","contentUrl":"https:\/\/repliquemangacine.fr\/wp-content\/uploads\/2023\/10\/650w.jpg","width":500,"height":500,"caption":"Katana bois Tanjiro Demon Slayer"},{"@type":"BreadcrumbList","@id":"https:\/\/repliquemangacine.fr\/katana-en-bois-demon-slayer\/katana-bois-tanjiro-demon-slayer\/#breadcrumb","itemListElement":[{"@type":"ListItem","position":1,"name":"Accueil","item":"https:\/\/repliquemangacine.fr\/"},{"@type":"ListItem","position":2,"name":"Produits","item":"https:\/\/repliquemangacine.fr\/boutique\/"},{"@type":"ListItem","position":3,"name":"Katana bois Tanjiro Demon Slayer"}]},{"@type":"WebSite","@id":"https:\/\/repliquemangacine.fr\/#website","url":"https:\/\/repliquemangacine.fr\/","name":"R\u00e9plique Manga Cin\u00e9","description":"","publisher":{"@id":"https:\/\/repliquemangacine.fr\/#organization"},"potentialAction":[{"@type":"SearchAction","target":{"@type":"EntryPoint","urlTemplate":"https:\/\/repliquemangacine.fr\/?s={search_term_string}"},"query-input":{"@type":"PropertyValueSpecification","valueRequired":true,"valueName":"search_term_string"}}],"inLanguage":"de"},{"@type":"Organization","@id":"https:\/\/repliquemangacine.fr\/#organization","name":"R\u00e9plique Manga Cin\u00e9","url":"https:\/\/repliquemangacine.fr\/","logo":{"@type":"ImageObject","inLanguage":"de","@id":"https:\/\/repliquemangacine.fr\/#\/schema\/logo\/image\/","url":"https:\/\/repliquemangacine.fr\/wp-content\/uploads\/2023\/10\/RMC-500250.png","contentUrl":"https:\/\/repliquemangacine.fr\/wp-content\/uploads\/2023\/10\/RMC-500250.png","width":500,"height":250,"caption":"R\u00e9plique Manga Cin\u00e9"},"image":{"@id":"https:\/\/repliquemangacine.fr\/#\/schema\/logo\/image\/"},"sameAs":["https:\/\/www.facebook.com\/RepliqueMangaCine","https:\/\/www.instagram.com\/repliquemangacine.fr\/"]}]}},"_links":{"self":[{"href":"https:\/\/repliquemangacine.fr\/de\/wp-json\/wp\/v2\/product\/55931","targetHints":{"allow":["GET"]}}],"collection":[{"href":"https:\/\/repliquemangacine.fr\/de\/wp-json\/wp\/v2\/product"}],"about":[{"href":"https:\/\/repliquemangacine.fr\/de\/wp-json\/wp\/v2\/types\/product"}],"wp:featuredmedia":[{"embeddable":true,"href":"https:\/\/repliquemangacine.fr\/de\/wp-json\/wp\/v2\/media\/55932"}],"wp:attachment":[{"href":"https:\/\/repliquemangacine.fr\/de\/wp-json\/wp\/v2\/media?parent=55931"}],"wp:term":[{"taxonomy":"product_brand","embeddable":true,"href":"https:\/\/repliquemangacine.fr\/de\/wp-json\/wp\/v2\/product_brand?post=55931"},{"taxonomy":"product_cat","embeddable":true,"href":"https:\/\/repliquemangacine.fr\/de\/wp-json\/wp\/v2\/product_cat?post=55931"},{"taxonomy":"product_tag","embeddable":true,"href":"https:\/\/repliquemangacine.fr\/de\/wp-json\/wp\/v2\/product_tag?post=55931"}],"curies":[{"name":"wp","href":"https:\/\/api.w.org\/{rel}","templated":true}]}}