





{"id":55544,"date":"2022-11-25T13:10:19","date_gmt":"2022-11-25T12:10:19","guid":{"rendered":"https:\/\/repliquemangacine.fr\/?post_type=product&#038;p=55544"},"modified":"2026-01-15T16:03:18","modified_gmt":"2026-01-15T15:03:18","slug":"schachbrett-herr-der-ringe","status":"publish","type":"product","link":"https:\/\/repliquemangacine.fr\/de\/divers-goodies\/echiquier-seigneur-des-anneaux\/","title":{"rendered":"Schachbrett Herr der Ringe"},"content":{"rendered":"<h2>Schachbrett \"Herr der Ringe\" - Schlacht in Mittelerde<\/h2>\n<p>Erleben Sie zu Beginn die epische Schlacht um Mittelerde mit dieser <strong>Schachbrett Herr der Ringe<\/strong>. W\u00e4hlen Sie Ihre Seite und treten Sie gegen Ihren Gegner an. Die M\u00e4chte des B\u00f6sen mit dem Herrn der Finsternis, Sauron, oder die Armee von Gondor mit Aragorn, Gandalf ...<\/p>\n<p>K\u00e4mpfen Sie in der Schlacht auf den Pelennor-Feldern, die in der letzten Schlacht des Herrn der Ringe stattfindet.<\/p>\n<p>Die Schlacht auf den Pelennor-Feldern ist eine Schlacht, die im Rahmen des Ringkrieges stattfindet. Diese Schlacht, die hinsichtlich der eingesetzten Truppen die bedeutendste des Ringkrieges ist, stellt die Streitkr\u00e4fte Gondors und seiner Verb\u00fcndeten den Truppen des Dunklen Herrschers Sauron gegen\u00fcber.<\/p>\n<h2>Ihr Schachbrett \"Herr der Ringe\" zum besten Preis.<\/h2>\n<p>Wir bieten Ihnen eine gro\u00dfe Auswahl an Repliken aus der Trilogie \"Der Herr der Ringe\".<\/p>\n<p>Zun\u00e4chst einmal,<\/p>\n<ul>\n<li>Die wunderbare <a href=\"https:\/\/repliquemangacine.fr\/de\/der-herr-der-ringe\/anduril-epee-aragorn-herr-der-ringe\/\">Schwert Anduril<\/a> von Aragorn, der von den Elben neu geschmiedet wurde.<\/li>\n<li>Es gibt auch das Schwert<a href=\"https:\/\/repliquemangacine.fr\/de\/herr-der-ringe-schwerter\/gandalf-schwert-glamdring-der-herr-der-ringe\/\"> Glamdring<\/a> von Gandalf dem Zauberer.<\/li>\n<li>Sowie die<a href=\"https:\/\/repliquemangacine.fr\/de\/herr-der-ringe-schwerter\/nazgul-schwert-herr-der-ringe-schwarzes-reiterschwert\/\">Nazgul-Schwert<\/a>Die schwarzen Reiter verbreiten Angst und Schrecken.<\/li>\n<li>Au\u00dferdem finden Sie die Schmuckst\u00fccke der Trilogie unter offizieller Lizenz <a href=\"https:\/\/noblecollection.fr\/bijoux-seigneur-des-anneaux-c-129_1_18.html\" target=\"_blank\" rel=\"noopener noreferrer\">The Noble Collection<\/a>.<\/li>\n<li>Und noch viel mehr gibt es in unserem Online-Shop zu entdecken!<\/li>\n<\/ul>\n<p>Deshalb ist dies eine gro\u00dfartige Geschenkidee f\u00fcr alle Fans der Herr-der-Ringe-Trilogie.<\/p>\n<p>Zusammenfassend l\u00e4sst sich sagen, dass Sie dieses <strong>Schachbrett Herr der Ringe<\/strong> f\u00fcr Ihre Abende mit Freunden. Vor allem aber ist es ein Sammler- und Dekorationsst\u00fcck.<\/p>\n<h2>Wie werden Ihre Sammelobjekte hergestellt?<\/h2>\n<p>Zun\u00e4chst einmal sind alle unsere Produkte von hoher Qualit\u00e4t und werden mit besonderer Sorgfalt hergestellt. Die Herstellung erfolgt zum Teil von Hand, um jedes noch so kleine Detail zu reproduzieren. Gr\u00f6\u00dfere Teile werden von pr\u00e4zisen Maschinen bearbeitet. Die Gravuren werden in der Regel mit einer Diamantspitze oder einem Laser ausgef\u00fchrt.<\/p>\n<p>Ihre <strong>Schachbrett Herr der Ringe<\/strong> hergestellt, um jedes Detail genau zu reproduzieren. Um dem Erbe der originalen Meisterwerke gerecht zu werden. Der Schwerpunkt liegt darauf, qualitativ hochwertige Repliken herzustellen, die so historisch genau wie m\u00f6glich sind.<\/p>\n<p>Abschlie\u00dfend sei gesagt, dass unsere Repliken, die aus China, Spanien oder Indien importiert wurden, Sie in Erstaunen versetzen werden!<\/p>\n<p>R\u00e9plique Manga Cin\u00e9 ist ein franz\u00f6sisches Familienunternehmen.<\/p>","protected":false},"excerpt":{"rendered":"<p>32-teiliges Schachbrett, das vom Film \"Der Herr der Ringe\" inspiriert wurde.<\/p>\n<p>Dieses Schachspiel Enth\u00e4lt:<\/p>\n<ul>\n<li>16 fein geschnitzte schwarze PVC-M\u00fcnzen, die Folgendes darstellen: Gollum, Saruman, Schwarze Reiter, Witchking, Orks und das Auge Saurons<\/li>\n<li>16 fein geformte wei\u00dfe PVC-M\u00fcnzen mit folgenden Darstellungen: Gandalf, Arwen, Aragorn, Frodo, Legolas und Statuen<\/li>\n<li>Schachbrett mit dem Auge der Sauron in der Mitte 46 X 46 cm<\/li>\n<li>Zwei Taschen zur Aufbewahrung der M\u00fcnzen.<\/li>\n<li>Die M\u00fcnzen sind je nach Charakter zwischen 5 und 10 cm gro\u00df.<\/li>\n<li>Sammlerbox in den Farben des Films.<\/li>\n<\/ul>","protected":false},"featured_media":55545,"template":"","meta":[],"product_brand":[896],"product_cat":[98,24,94,29],"product_tag":[],"class_list":{"0":"post-55544","1":"product","2":"type-product","3":"status-publish","4":"has-post-thumbnail","6":"product_brand-replique-manga-cine","7":"product_cat-divers-goodies","8":"product_cat-films-series-tv-vente-de-katana-epee-et-produits-derives","9":"product_cat-goodies","10":"product_cat-le-seigneur-des-anneaux","12":"first","13":"instock","14":"taxable","15":"shipping-taxable","16":"purchasable","17":"product-type-simple"},"yoast_head":"<!-- This site is optimized with the Yoast SEO plugin v27.5 - https:\/\/yoast.com\/product\/yoast-seo-wordpress\/ -->\n<title>Echiquier Seigneur des Anneaux - Jeu d&#039;\u00e9chec Collector - RMC<\/title>\n<meta name=\"description\" content=\"Offrez-vous ! Cet Echiquier Seigneur des Anneaux de 32 pi\u00e8ces au meilleur prix - Sous Licence officielle Noble Collection - Pi\u00e8ces en PVC de 5 cm \u00e0 10 cm -\" \/>\n<meta name=\"robots\" content=\"index, follow, max-snippet:-1, max-image-preview:large, max-video-preview:-1\" \/>\n<link rel=\"canonical\" href=\"https:\/\/repliquemangacine.fr\/de\/verschiedene-goodies\/schachbrett-herr-der-ringe\/\" \/>\n<meta property=\"og:locale\" content=\"de_DE\" \/>\n<meta property=\"og:type\" content=\"article\" \/>\n<meta property=\"og:title\" content=\"Echiquier Seigneur des Anneaux - Jeu d&#039;\u00e9chec Collector - RMC\" \/>\n<meta property=\"og:description\" content=\"Offrez-vous ! Cet Echiquier Seigneur des Anneaux de 32 pi\u00e8ces au meilleur prix - Sous Licence officielle Noble Collection - Pi\u00e8ces en PVC de 5 cm \u00e0 10 cm -\" \/>\n<meta property=\"og:url\" content=\"https:\/\/repliquemangacine.fr\/de\/verschiedene-goodies\/schachbrett-herr-der-ringe\/\" \/>\n<meta property=\"og:site_name\" content=\"R\u00e9plique Manga Cin\u00e9\" \/>\n<meta property=\"article:publisher\" content=\"https:\/\/www.facebook.com\/RepliqueMangaCine\" \/>\n<meta property=\"article:modified_time\" content=\"2026-01-15T15:03:18+00:00\" \/>\n<meta property=\"og:image\" content=\"https:\/\/repliquemangacine.fr\/wp-content\/uploads\/2023\/10\/jeu-dechec-lotr.jpg\" \/>\n\t<meta property=\"og:image:width\" content=\"500\" \/>\n\t<meta property=\"og:image:height\" content=\"500\" \/>\n\t<meta property=\"og:image:type\" content=\"image\/jpeg\" \/>\n<meta name=\"twitter:card\" content=\"summary_large_image\" \/>\n<meta name=\"twitter:label1\" content=\"Gesch\u00e4tzte Lesezeit\" \/>\n\t<meta name=\"twitter:data1\" content=\"2\u00a0Minuten\" \/>\n<script type=\"application\/ld+json\" class=\"yoast-schema-graph\">{\"@context\":\"https:\\\/\\\/schema.org\",\"@graph\":[{\"@type\":\"WebPage\",\"@id\":\"https:\\\/\\\/repliquemangacine.fr\\\/divers-goodies\\\/echiquier-seigneur-des-anneaux\\\/\",\"url\":\"https:\\\/\\\/repliquemangacine.fr\\\/divers-goodies\\\/echiquier-seigneur-des-anneaux\\\/\",\"name\":\"Echiquier Seigneur des Anneaux - Jeu d'\u00e9chec Collector - RMC\",\"isPartOf\":{\"@id\":\"https:\\\/\\\/repliquemangacine.fr\\\/#website\"},\"primaryImageOfPage\":{\"@id\":\"https:\\\/\\\/repliquemangacine.fr\\\/divers-goodies\\\/echiquier-seigneur-des-anneaux\\\/#primaryimage\"},\"image\":{\"@id\":\"https:\\\/\\\/repliquemangacine.fr\\\/divers-goodies\\\/echiquier-seigneur-des-anneaux\\\/#primaryimage\"},\"thumbnailUrl\":\"https:\\\/\\\/repliquemangacine.fr\\\/wp-content\\\/uploads\\\/2023\\\/10\\\/jeu-dechec-lotr.jpg\",\"datePublished\":\"2022-11-25T12:10:19+00:00\",\"dateModified\":\"2026-01-15T15:03:18+00:00\",\"description\":\"Offrez-vous ! Cet Echiquier Seigneur des Anneaux de 32 pi\u00e8ces au meilleur prix - Sous Licence officielle Noble Collection - Pi\u00e8ces en PVC de 5 cm \u00e0 10 cm -\",\"breadcrumb\":{\"@id\":\"https:\\\/\\\/repliquemangacine.fr\\\/divers-goodies\\\/echiquier-seigneur-des-anneaux\\\/#breadcrumb\"},\"inLanguage\":\"de\",\"potentialAction\":[{\"@type\":\"ReadAction\",\"target\":[\"https:\\\/\\\/repliquemangacine.fr\\\/divers-goodies\\\/echiquier-seigneur-des-anneaux\\\/\"]}]},{\"@type\":\"ImageObject\",\"inLanguage\":\"de\",\"@id\":\"https:\\\/\\\/repliquemangacine.fr\\\/divers-goodies\\\/echiquier-seigneur-des-anneaux\\\/#primaryimage\",\"url\":\"https:\\\/\\\/repliquemangacine.fr\\\/wp-content\\\/uploads\\\/2023\\\/10\\\/jeu-dechec-lotr.jpg\",\"contentUrl\":\"https:\\\/\\\/repliquemangacine.fr\\\/wp-content\\\/uploads\\\/2023\\\/10\\\/jeu-dechec-lotr.jpg\",\"width\":500,\"height\":500,\"caption\":\"Echiquier Seigneur des Anneaux\"},{\"@type\":\"BreadcrumbList\",\"@id\":\"https:\\\/\\\/repliquemangacine.fr\\\/divers-goodies\\\/echiquier-seigneur-des-anneaux\\\/#breadcrumb\",\"itemListElement\":[{\"@type\":\"ListItem\",\"position\":1,\"name\":\"Accueil\",\"item\":\"https:\\\/\\\/repliquemangacine.fr\\\/\"},{\"@type\":\"ListItem\",\"position\":2,\"name\":\"Produits\",\"item\":\"https:\\\/\\\/repliquemangacine.fr\\\/boutique\\\/\"},{\"@type\":\"ListItem\",\"position\":3,\"name\":\"Echiquier Seigneur des Anneaux\"}]},{\"@type\":\"WebSite\",\"@id\":\"https:\\\/\\\/repliquemangacine.fr\\\/#website\",\"url\":\"https:\\\/\\\/repliquemangacine.fr\\\/\",\"name\":\"R\u00e9plique Manga Cin\u00e9\",\"description\":\"\",\"publisher\":{\"@id\":\"https:\\\/\\\/repliquemangacine.fr\\\/#organization\"},\"potentialAction\":[{\"@type\":\"SearchAction\",\"target\":{\"@type\":\"EntryPoint\",\"urlTemplate\":\"https:\\\/\\\/repliquemangacine.fr\\\/?s={search_term_string}\"},\"query-input\":{\"@type\":\"PropertyValueSpecification\",\"valueRequired\":true,\"valueName\":\"search_term_string\"}}],\"inLanguage\":\"de\"},{\"@type\":\"Organization\",\"@id\":\"https:\\\/\\\/repliquemangacine.fr\\\/#organization\",\"name\":\"R\u00e9plique Manga Cin\u00e9\",\"url\":\"https:\\\/\\\/repliquemangacine.fr\\\/\",\"logo\":{\"@type\":\"ImageObject\",\"inLanguage\":\"de\",\"@id\":\"https:\\\/\\\/repliquemangacine.fr\\\/#\\\/schema\\\/logo\\\/image\\\/\",\"url\":\"https:\\\/\\\/repliquemangacine.fr\\\/wp-content\\\/uploads\\\/2023\\\/10\\\/RMC-500250.png\",\"contentUrl\":\"https:\\\/\\\/repliquemangacine.fr\\\/wp-content\\\/uploads\\\/2023\\\/10\\\/RMC-500250.png\",\"width\":500,\"height\":250,\"caption\":\"R\u00e9plique Manga Cin\u00e9\"},\"image\":{\"@id\":\"https:\\\/\\\/repliquemangacine.fr\\\/#\\\/schema\\\/logo\\\/image\\\/\"},\"sameAs\":[\"https:\\\/\\\/www.facebook.com\\\/RepliqueMangaCine\",\"https:\\\/\\\/www.instagram.com\\\/repliquemangacine.fr\\\/\"]}]}<\/script>\n<!-- \/ Yoast SEO plugin. -->","yoast_head_json":{"title":"Schachbrett Herr der Ringe - Schachspiel Collector - RMC","description":"Bieten Sie sich selbst an! Dieses 32-teilige Herr der Ringe-Schachbrett zum besten Preis - Offiziell lizenziert von Noble Collection - PVC-Teile von 5 cm bis 10 cm -.","robots":{"index":"index","follow":"follow","max-snippet":"max-snippet:-1","max-image-preview":"max-image-preview:large","max-video-preview":"max-video-preview:-1"},"canonical":"https:\/\/repliquemangacine.fr\/de\/verschiedene-goodies\/schachbrett-herr-der-ringe\/","og_locale":"de_DE","og_type":"article","og_title":"Echiquier Seigneur des Anneaux - Jeu d'\u00e9chec Collector - RMC","og_description":"Offrez-vous ! Cet Echiquier Seigneur des Anneaux de 32 pi\u00e8ces au meilleur prix - Sous Licence officielle Noble Collection - Pi\u00e8ces en PVC de 5 cm \u00e0 10 cm -","og_url":"https:\/\/repliquemangacine.fr\/de\/verschiedene-goodies\/schachbrett-herr-der-ringe\/","og_site_name":"R\u00e9plique Manga Cin\u00e9","article_publisher":"https:\/\/www.facebook.com\/RepliqueMangaCine","article_modified_time":"2026-01-15T15:03:18+00:00","og_image":[{"width":500,"height":500,"url":"https:\/\/repliquemangacine.fr\/wp-content\/uploads\/2023\/10\/jeu-dechec-lotr.jpg","type":"image\/jpeg"}],"twitter_card":"summary_large_image","twitter_misc":{"Gesch\u00e4tzte Lesezeit":"2\u00a0Minuten"},"schema":{"@context":"https:\/\/schema.org","@graph":[{"@type":"WebPage","@id":"https:\/\/repliquemangacine.fr\/divers-goodies\/echiquier-seigneur-des-anneaux\/","url":"https:\/\/repliquemangacine.fr\/divers-goodies\/echiquier-seigneur-des-anneaux\/","name":"Schachbrett Herr der Ringe - Schachspiel Collector - RMC","isPartOf":{"@id":"https:\/\/repliquemangacine.fr\/#website"},"primaryImageOfPage":{"@id":"https:\/\/repliquemangacine.fr\/divers-goodies\/echiquier-seigneur-des-anneaux\/#primaryimage"},"image":{"@id":"https:\/\/repliquemangacine.fr\/divers-goodies\/echiquier-seigneur-des-anneaux\/#primaryimage"},"thumbnailUrl":"https:\/\/repliquemangacine.fr\/wp-content\/uploads\/2023\/10\/jeu-dechec-lotr.jpg","datePublished":"2022-11-25T12:10:19+00:00","dateModified":"2026-01-15T15:03:18+00:00","description":"Bieten Sie sich selbst an! Dieses 32-teilige Herr der Ringe-Schachbrett zum besten Preis - Offiziell lizenziert von Noble Collection - PVC-Teile von 5 cm bis 10 cm -.","breadcrumb":{"@id":"https:\/\/repliquemangacine.fr\/divers-goodies\/echiquier-seigneur-des-anneaux\/#breadcrumb"},"inLanguage":"de","potentialAction":[{"@type":"ReadAction","target":["https:\/\/repliquemangacine.fr\/divers-goodies\/echiquier-seigneur-des-anneaux\/"]}]},{"@type":"ImageObject","inLanguage":"de","@id":"https:\/\/repliquemangacine.fr\/divers-goodies\/echiquier-seigneur-des-anneaux\/#primaryimage","url":"https:\/\/repliquemangacine.fr\/wp-content\/uploads\/2023\/10\/jeu-dechec-lotr.jpg","contentUrl":"https:\/\/repliquemangacine.fr\/wp-content\/uploads\/2023\/10\/jeu-dechec-lotr.jpg","width":500,"height":500,"caption":"Echiquier Seigneur des Anneaux"},{"@type":"BreadcrumbList","@id":"https:\/\/repliquemangacine.fr\/divers-goodies\/echiquier-seigneur-des-anneaux\/#breadcrumb","itemListElement":[{"@type":"ListItem","position":1,"name":"Accueil","item":"https:\/\/repliquemangacine.fr\/"},{"@type":"ListItem","position":2,"name":"Produits","item":"https:\/\/repliquemangacine.fr\/boutique\/"},{"@type":"ListItem","position":3,"name":"Echiquier Seigneur des Anneaux"}]},{"@type":"WebSite","@id":"https:\/\/repliquemangacine.fr\/#website","url":"https:\/\/repliquemangacine.fr\/","name":"R\u00e9plique Manga Cin\u00e9","description":"","publisher":{"@id":"https:\/\/repliquemangacine.fr\/#organization"},"potentialAction":[{"@type":"SearchAction","target":{"@type":"EntryPoint","urlTemplate":"https:\/\/repliquemangacine.fr\/?s={search_term_string}"},"query-input":{"@type":"PropertyValueSpecification","valueRequired":true,"valueName":"search_term_string"}}],"inLanguage":"de"},{"@type":"Organization","@id":"https:\/\/repliquemangacine.fr\/#organization","name":"R\u00e9plique Manga Cin\u00e9","url":"https:\/\/repliquemangacine.fr\/","logo":{"@type":"ImageObject","inLanguage":"de","@id":"https:\/\/repliquemangacine.fr\/#\/schema\/logo\/image\/","url":"https:\/\/repliquemangacine.fr\/wp-content\/uploads\/2023\/10\/RMC-500250.png","contentUrl":"https:\/\/repliquemangacine.fr\/wp-content\/uploads\/2023\/10\/RMC-500250.png","width":500,"height":250,"caption":"R\u00e9plique Manga Cin\u00e9"},"image":{"@id":"https:\/\/repliquemangacine.fr\/#\/schema\/logo\/image\/"},"sameAs":["https:\/\/www.facebook.com\/RepliqueMangaCine","https:\/\/www.instagram.com\/repliquemangacine.fr\/"]}]}},"_links":{"self":[{"href":"https:\/\/repliquemangacine.fr\/de\/wp-json\/wp\/v2\/product\/55544","targetHints":{"allow":["GET"]}}],"collection":[{"href":"https:\/\/repliquemangacine.fr\/de\/wp-json\/wp\/v2\/product"}],"about":[{"href":"https:\/\/repliquemangacine.fr\/de\/wp-json\/wp\/v2\/types\/product"}],"wp:featuredmedia":[{"embeddable":true,"href":"https:\/\/repliquemangacine.fr\/de\/wp-json\/wp\/v2\/media\/55545"}],"wp:attachment":[{"href":"https:\/\/repliquemangacine.fr\/de\/wp-json\/wp\/v2\/media?parent=55544"}],"wp:term":[{"taxonomy":"product_brand","embeddable":true,"href":"https:\/\/repliquemangacine.fr\/de\/wp-json\/wp\/v2\/product_brand?post=55544"},{"taxonomy":"product_cat","embeddable":true,"href":"https:\/\/repliquemangacine.fr\/de\/wp-json\/wp\/v2\/product_cat?post=55544"},{"taxonomy":"product_tag","embeddable":true,"href":"https:\/\/repliquemangacine.fr\/de\/wp-json\/wp\/v2\/product_tag?post=55544"}],"curies":[{"name":"wp","href":"https:\/\/api.w.org\/{rel}","templated":true}]}}