





{"id":54900,"date":"2022-11-09T19:05:32","date_gmt":"2022-11-09T18:05:32","guid":{"rendered":"https:\/\/repliquemangacine.fr\/?post_type=product&#038;p=54900"},"modified":"2026-01-08T15:12:45","modified_gmt":"2026-01-08T14:12:45","slug":"nazgul-schwert-herr-der-ringe-schwarzes-reiterschwert","status":"publish","type":"product","link":"https:\/\/repliquemangacine.fr\/de\/epees-seigneur-des-anneaux\/epee-nazgul-seigneur-des-anneaux-epee-cavaliers-noirs\/","title":{"rendered":"Nazgul-Schwert Herr der Ringe"},"content":{"rendered":"<h2>Nazgul-Schwert Herr der Ringe<\/h2>\n<p>Zu Beginn wird die<strong>Schwert <a href=\"https:\/\/lotr.fandom.com\/wiki\/Nazg\u00fbl\" target=\"_blank\" rel=\"noopener noreferrer\">Nazgul<\/a> Herr der Ringe<\/strong> ist die der Schwarzen Reiter. Die neun K\u00f6nige sind die gef\u00fcrchteten Diener des dunklen Herrschers Sauron in Mittelerde.<\/p>\n<p>Au\u00dferdem benutzten diese Neun die Ringe, um gro\u00dfe Macht, Reichtum und Ansehen im Leben zu erlangen. Im Laufe der Zeit \u00fcbten die Ringe jedoch weiterhin einen verderblichen Einfluss aus.<\/p>\n<p>Die Schwarzen Reiter besitzen lange Stahlschwerter und Dolche. Umgeben von einer Aura des Schreckens, die alle Lebewesen betraf, konnte ihre als Schwarzer Atem bezeichnete Aura f\u00fcr diejenigen, die ungl\u00fccklich genug waren, sich ihnen zu n\u00e4hern, giftig sein. Die Angst, die die Neun einfl\u00f6\u00dften, war eine ihrer gr\u00f6\u00dften St\u00e4rken.<\/p>\n<h2>Ihr Herr der Ringe Nazgul-Schwert zum besten Preis.<\/h2>\n<p>Wir bieten Ihnen eine gro\u00dfe Auswahl an Repliken aus der Trilogie \"Der Herr der Ringe\".<\/p>\n<p>Zun\u00e4chst einmal,<\/p>\n<ul>\n<li>Die wunderbare <a href=\"https:\/\/repliquemangacine.fr\/de\/der-herr-der-ringe\/anduril-epee-aragorn-herr-der-ringe\/\">Schwert Anduril<\/a> von Aragorn, der neu geschmiedet wurde.<\/li>\n<li>Es gibt auch das Schwert<a href=\"https:\/\/repliquemangacine.fr\/de\/herr-der-ringe-schwerter\/gandalf-schwert-glamdring-der-herr-der-ringe\/\"> Glamdring<\/a> von Gandalf dem Zauberer.<\/li>\n<li>Sowie die<a href=\"https:\/\/repliquemangacine.fr\/de\/herr-der-ringe-schwerter\/theoden-schwert-herugrim-schwert\/\">Herugrim-Schwert<\/a> von K\u00f6nig Theoden.<\/li>\n<li>Und noch viel mehr gibt es in unserem Online-Shop zu entdecken!<\/li>\n<\/ul>\n<p>Deshalb ist dies eine gro\u00dfartige Geschenkidee f\u00fcr alle Fans der Herr-der-Ringe-Trilogie.<\/p>\n<p>Abschlie\u00dfend k\u00f6nnen Sie den<strong>Nazgul-Schwert Herr der Ringe<\/strong> f\u00fcr Ihre Cosplay-Paraden oder Themenpartys. Vor allem aber ist dieses Schwert ein Sammler- und Dekorationsst\u00fcck.<\/p>\n<p>R\u00e9plique Manga cin\u00e9 ist ein franz\u00f6sisches Familienunternehmen.<\/p>\n<h2>Wie pflegt man die Klinge seines SDA-Schwerts?<\/h2>\n<p>Sammlungs- und Dekorationsschwerter werden in vereinfachter Form hergestellt und zusammengebaut. Da sie zu Dekorationszwecken verwendet werden, fehlen ihnen die Sicherheitselemente, die ein japanisches Schwert f\u00fcr Trainingszwecke aufweisen muss.<\/p>\n<p>Allerdings ist Ihr <strong>Nazgul-Schwert Herr der Ringe<\/strong> zu einer Stahlklinge, die gepflegt werden muss, damit sie nicht mit der Zeit abgenutzt wird. Denn wenn du dein Katana ausstellst, werden deine Freunde neugierig sein, die Klinge zu sehen und sie zu ber\u00fchren. Hier ist Vorsicht geboten, denn Sie sollten wissen, dass die S\u00e4ure der Finger dem Stahl unabh\u00e4ngig von seiner Qualit\u00e4t sehr schadet.<\/p>\n<p>Wenn dies jedoch passiert, keine Panik, Sie brauchen nur ein Tuch, das mit etwas \u00d6l befeuchtet ist, und wischen die Fingerabdr\u00fccke ab. Wenn Sie dies tun, werden Sie Ihr Schwert sehr lange behalten.<\/p>\n<p><strong>\u00a0<\/strong><\/p>","protected":false},"excerpt":{"rendered":"<p>Replik des Schwertes der schwarzen Reiter \"die Nazgul\".<\/p>\n<ul>\n<li style=\"list-style-type: none;\">\n<ul>\n<li>Klinge aus geh\u00e4rtetem und geh\u00e4mmertem Stahl.<\/li>\n<li>Stahlgarde mit Krallen rundum.<\/li>\n<li>Griff mit schwarzem Kunstleder \u00fcberzogen.<\/li>\n<li>Wandhalterung aus Holz, verziert mit Saurons Auge<\/li>\n<li>L\u00e4nge der Klinge: 100 cm - Gesamtl\u00e4nge: 135 cm<\/li>\n<\/ul>\n<\/li>\n<\/ul>","protected":false},"featured_media":87618,"template":"","meta":[],"product_brand":[896],"product_cat":[68,24,29],"product_tag":[],"class_list":{"0":"post-54900","1":"product","2":"type-product","3":"status-publish","4":"has-post-thumbnail","6":"product_brand-replique-manga-cine","7":"product_cat-epees-seigneur-des-anneaux","8":"product_cat-films-series-tv-vente-de-katana-epee-et-produits-derives","9":"product_cat-le-seigneur-des-anneaux","11":"first","12":"instock","13":"sale","14":"taxable","15":"shipping-taxable","16":"purchasable","17":"product-type-simple"},"yoast_head":"<!-- This site is optimized with the Yoast SEO plugin v27.5 - https:\/\/yoast.com\/product\/yoast-seo-wordpress\/ -->\n<title>Ep\u00e9e Nazgul Seigneur des Anneaux - R\u00e9plique Manga Cin\u00e9<\/title>\n<meta name=\"description\" content=\"Offrez-vous cette Ep\u00e9e Nazgul Seigneur des Anneaux au meilleur prix. Lame en acier tremp\u00e9e et martel\u00e9e - Plaque mural - Longueur : 135 cm - Envoi 24\/48h\" \/>\n<meta name=\"robots\" content=\"index, follow, max-snippet:-1, max-image-preview:large, max-video-preview:-1\" \/>\n<link rel=\"canonical\" href=\"https:\/\/repliquemangacine.fr\/de\/herr-der-ringe-schwerter\/nazgul-schwert-herr-der-ringe-schwarzes-reiterschwert\/\" \/>\n<meta property=\"og:locale\" content=\"de_DE\" \/>\n<meta property=\"og:type\" content=\"article\" \/>\n<meta property=\"og:title\" content=\"Ep\u00e9e Nazgul Seigneur des Anneaux - R\u00e9plique Manga Cin\u00e9\" \/>\n<meta property=\"og:description\" content=\"Offrez-vous cette Ep\u00e9e Nazgul Seigneur des Anneaux au meilleur prix. Lame en acier tremp\u00e9e et martel\u00e9e - Plaque mural - Longueur : 135 cm - Envoi 24\/48h\" \/>\n<meta property=\"og:url\" content=\"https:\/\/repliquemangacine.fr\/de\/herr-der-ringe-schwerter\/nazgul-schwert-herr-der-ringe-schwarzes-reiterschwert\/\" \/>\n<meta property=\"og:site_name\" content=\"R\u00e9plique Manga Cin\u00e9\" \/>\n<meta property=\"article:publisher\" content=\"https:\/\/www.facebook.com\/RepliqueMangaCine\" \/>\n<meta property=\"article:modified_time\" content=\"2026-01-08T14:12:45+00:00\" \/>\n<meta property=\"og:image\" content=\"https:\/\/repliquemangacine.fr\/wp-content\/uploads\/2022\/11\/Epee-Nazgul-Seigneur-des-Anneaux.jpg\" \/>\n\t<meta property=\"og:image:width\" content=\"700\" \/>\n\t<meta property=\"og:image:height\" content=\"700\" \/>\n\t<meta property=\"og:image:type\" content=\"image\/jpeg\" \/>\n<meta name=\"twitter:card\" content=\"summary_large_image\" \/>\n<meta name=\"twitter:label1\" content=\"Gesch\u00e4tzte Lesezeit\" \/>\n\t<meta name=\"twitter:data1\" content=\"3\u00a0Minuten\" \/>\n<script type=\"application\/ld+json\" class=\"yoast-schema-graph\">{\"@context\":\"https:\\\/\\\/schema.org\",\"@graph\":[{\"@type\":\"WebPage\",\"@id\":\"https:\\\/\\\/repliquemangacine.fr\\\/epees-seigneur-des-anneaux\\\/epee-nazgul-seigneur-des-anneaux-epee-cavaliers-noirs\\\/\",\"url\":\"https:\\\/\\\/repliquemangacine.fr\\\/epees-seigneur-des-anneaux\\\/epee-nazgul-seigneur-des-anneaux-epee-cavaliers-noirs\\\/\",\"name\":\"Ep\u00e9e Nazgul Seigneur des Anneaux - R\u00e9plique Manga Cin\u00e9\",\"isPartOf\":{\"@id\":\"https:\\\/\\\/repliquemangacine.fr\\\/#website\"},\"primaryImageOfPage\":{\"@id\":\"https:\\\/\\\/repliquemangacine.fr\\\/epees-seigneur-des-anneaux\\\/epee-nazgul-seigneur-des-anneaux-epee-cavaliers-noirs\\\/#primaryimage\"},\"image\":{\"@id\":\"https:\\\/\\\/repliquemangacine.fr\\\/epees-seigneur-des-anneaux\\\/epee-nazgul-seigneur-des-anneaux-epee-cavaliers-noirs\\\/#primaryimage\"},\"thumbnailUrl\":\"https:\\\/\\\/repliquemangacine.fr\\\/wp-content\\\/uploads\\\/2022\\\/11\\\/Epee-Nazgul-Seigneur-des-Anneaux.jpg\",\"datePublished\":\"2022-11-09T18:05:32+00:00\",\"dateModified\":\"2026-01-08T14:12:45+00:00\",\"description\":\"Offrez-vous cette Ep\u00e9e Nazgul Seigneur des Anneaux au meilleur prix. Lame en acier tremp\u00e9e et martel\u00e9e - Plaque mural - Longueur : 135 cm - Envoi 24\\\/48h\",\"breadcrumb\":{\"@id\":\"https:\\\/\\\/repliquemangacine.fr\\\/epees-seigneur-des-anneaux\\\/epee-nazgul-seigneur-des-anneaux-epee-cavaliers-noirs\\\/#breadcrumb\"},\"inLanguage\":\"de\",\"potentialAction\":[{\"@type\":\"ReadAction\",\"target\":[\"https:\\\/\\\/repliquemangacine.fr\\\/epees-seigneur-des-anneaux\\\/epee-nazgul-seigneur-des-anneaux-epee-cavaliers-noirs\\\/\"]}]},{\"@type\":\"ImageObject\",\"inLanguage\":\"de\",\"@id\":\"https:\\\/\\\/repliquemangacine.fr\\\/epees-seigneur-des-anneaux\\\/epee-nazgul-seigneur-des-anneaux-epee-cavaliers-noirs\\\/#primaryimage\",\"url\":\"https:\\\/\\\/repliquemangacine.fr\\\/wp-content\\\/uploads\\\/2022\\\/11\\\/Epee-Nazgul-Seigneur-des-Anneaux.jpg\",\"contentUrl\":\"https:\\\/\\\/repliquemangacine.fr\\\/wp-content\\\/uploads\\\/2022\\\/11\\\/Epee-Nazgul-Seigneur-des-Anneaux.jpg\",\"width\":700,\"height\":700,\"caption\":\"Ep\u00e9e Nazgul Seigneur des Anneaux\"},{\"@type\":\"BreadcrumbList\",\"@id\":\"https:\\\/\\\/repliquemangacine.fr\\\/epees-seigneur-des-anneaux\\\/epee-nazgul-seigneur-des-anneaux-epee-cavaliers-noirs\\\/#breadcrumb\",\"itemListElement\":[{\"@type\":\"ListItem\",\"position\":1,\"name\":\"Accueil\",\"item\":\"https:\\\/\\\/repliquemangacine.fr\\\/\"},{\"@type\":\"ListItem\",\"position\":2,\"name\":\"Produits\",\"item\":\"https:\\\/\\\/repliquemangacine.fr\\\/boutique\\\/\"},{\"@type\":\"ListItem\",\"position\":3,\"name\":\"Ep\u00e9e Nazgul Seigneur des Anneaux\"}]},{\"@type\":\"WebSite\",\"@id\":\"https:\\\/\\\/repliquemangacine.fr\\\/#website\",\"url\":\"https:\\\/\\\/repliquemangacine.fr\\\/\",\"name\":\"R\u00e9plique Manga Cin\u00e9\",\"description\":\"\",\"publisher\":{\"@id\":\"https:\\\/\\\/repliquemangacine.fr\\\/#organization\"},\"potentialAction\":[{\"@type\":\"SearchAction\",\"target\":{\"@type\":\"EntryPoint\",\"urlTemplate\":\"https:\\\/\\\/repliquemangacine.fr\\\/?s={search_term_string}\"},\"query-input\":{\"@type\":\"PropertyValueSpecification\",\"valueRequired\":true,\"valueName\":\"search_term_string\"}}],\"inLanguage\":\"de\"},{\"@type\":\"Organization\",\"@id\":\"https:\\\/\\\/repliquemangacine.fr\\\/#organization\",\"name\":\"R\u00e9plique Manga Cin\u00e9\",\"url\":\"https:\\\/\\\/repliquemangacine.fr\\\/\",\"logo\":{\"@type\":\"ImageObject\",\"inLanguage\":\"de\",\"@id\":\"https:\\\/\\\/repliquemangacine.fr\\\/#\\\/schema\\\/logo\\\/image\\\/\",\"url\":\"https:\\\/\\\/repliquemangacine.fr\\\/wp-content\\\/uploads\\\/2023\\\/10\\\/RMC-500250.png\",\"contentUrl\":\"https:\\\/\\\/repliquemangacine.fr\\\/wp-content\\\/uploads\\\/2023\\\/10\\\/RMC-500250.png\",\"width\":500,\"height\":250,\"caption\":\"R\u00e9plique Manga Cin\u00e9\"},\"image\":{\"@id\":\"https:\\\/\\\/repliquemangacine.fr\\\/#\\\/schema\\\/logo\\\/image\\\/\"},\"sameAs\":[\"https:\\\/\\\/www.facebook.com\\\/RepliqueMangaCine\",\"https:\\\/\\\/www.instagram.com\\\/repliquemangacine.fr\\\/\"]}]}<\/script>\n<!-- \/ Yoast SEO plugin. -->","yoast_head_json":{"title":"Nazgul-Schwert \"Herr der Ringe\" - R\u00e9plique Manga Cin\u00e9","description":"G\u00f6nnen Sie sich dieses Herr der Ringe Nazgul-Schwert zum besten Preis. Geh\u00e4rtete und geh\u00e4mmerte Stahlklinge - Wandplatte - L\u00e4nge: 135 cm - Versand 24\/48h","robots":{"index":"index","follow":"follow","max-snippet":"max-snippet:-1","max-image-preview":"max-image-preview:large","max-video-preview":"max-video-preview:-1"},"canonical":"https:\/\/repliquemangacine.fr\/de\/herr-der-ringe-schwerter\/nazgul-schwert-herr-der-ringe-schwarzes-reiterschwert\/","og_locale":"de_DE","og_type":"article","og_title":"Ep\u00e9e Nazgul Seigneur des Anneaux - R\u00e9plique Manga Cin\u00e9","og_description":"Offrez-vous cette Ep\u00e9e Nazgul Seigneur des Anneaux au meilleur prix. Lame en acier tremp\u00e9e et martel\u00e9e - Plaque mural - Longueur : 135 cm - Envoi 24\/48h","og_url":"https:\/\/repliquemangacine.fr\/de\/herr-der-ringe-schwerter\/nazgul-schwert-herr-der-ringe-schwarzes-reiterschwert\/","og_site_name":"R\u00e9plique Manga Cin\u00e9","article_publisher":"https:\/\/www.facebook.com\/RepliqueMangaCine","article_modified_time":"2026-01-08T14:12:45+00:00","og_image":[{"width":700,"height":700,"url":"https:\/\/repliquemangacine.fr\/wp-content\/uploads\/2022\/11\/Epee-Nazgul-Seigneur-des-Anneaux.jpg","type":"image\/jpeg"}],"twitter_card":"summary_large_image","twitter_misc":{"Gesch\u00e4tzte Lesezeit":"3\u00a0Minuten"},"schema":{"@context":"https:\/\/schema.org","@graph":[{"@type":"WebPage","@id":"https:\/\/repliquemangacine.fr\/epees-seigneur-des-anneaux\/epee-nazgul-seigneur-des-anneaux-epee-cavaliers-noirs\/","url":"https:\/\/repliquemangacine.fr\/epees-seigneur-des-anneaux\/epee-nazgul-seigneur-des-anneaux-epee-cavaliers-noirs\/","name":"Nazgul-Schwert \"Herr der Ringe\" - R\u00e9plique Manga Cin\u00e9","isPartOf":{"@id":"https:\/\/repliquemangacine.fr\/#website"},"primaryImageOfPage":{"@id":"https:\/\/repliquemangacine.fr\/epees-seigneur-des-anneaux\/epee-nazgul-seigneur-des-anneaux-epee-cavaliers-noirs\/#primaryimage"},"image":{"@id":"https:\/\/repliquemangacine.fr\/epees-seigneur-des-anneaux\/epee-nazgul-seigneur-des-anneaux-epee-cavaliers-noirs\/#primaryimage"},"thumbnailUrl":"https:\/\/repliquemangacine.fr\/wp-content\/uploads\/2022\/11\/Epee-Nazgul-Seigneur-des-Anneaux.jpg","datePublished":"2022-11-09T18:05:32+00:00","dateModified":"2026-01-08T14:12:45+00:00","description":"G\u00f6nnen Sie sich dieses Herr der Ringe Nazgul-Schwert zum besten Preis. Geh\u00e4rtete und geh\u00e4mmerte Stahlklinge - Wandplatte - L\u00e4nge: 135 cm - Versand 24\/48h","breadcrumb":{"@id":"https:\/\/repliquemangacine.fr\/epees-seigneur-des-anneaux\/epee-nazgul-seigneur-des-anneaux-epee-cavaliers-noirs\/#breadcrumb"},"inLanguage":"de","potentialAction":[{"@type":"ReadAction","target":["https:\/\/repliquemangacine.fr\/epees-seigneur-des-anneaux\/epee-nazgul-seigneur-des-anneaux-epee-cavaliers-noirs\/"]}]},{"@type":"ImageObject","inLanguage":"de","@id":"https:\/\/repliquemangacine.fr\/epees-seigneur-des-anneaux\/epee-nazgul-seigneur-des-anneaux-epee-cavaliers-noirs\/#primaryimage","url":"https:\/\/repliquemangacine.fr\/wp-content\/uploads\/2022\/11\/Epee-Nazgul-Seigneur-des-Anneaux.jpg","contentUrl":"https:\/\/repliquemangacine.fr\/wp-content\/uploads\/2022\/11\/Epee-Nazgul-Seigneur-des-Anneaux.jpg","width":700,"height":700,"caption":"Ep\u00e9e Nazgul Seigneur des Anneaux"},{"@type":"BreadcrumbList","@id":"https:\/\/repliquemangacine.fr\/epees-seigneur-des-anneaux\/epee-nazgul-seigneur-des-anneaux-epee-cavaliers-noirs\/#breadcrumb","itemListElement":[{"@type":"ListItem","position":1,"name":"Accueil","item":"https:\/\/repliquemangacine.fr\/"},{"@type":"ListItem","position":2,"name":"Produits","item":"https:\/\/repliquemangacine.fr\/boutique\/"},{"@type":"ListItem","position":3,"name":"Ep\u00e9e Nazgul Seigneur des Anneaux"}]},{"@type":"WebSite","@id":"https:\/\/repliquemangacine.fr\/#website","url":"https:\/\/repliquemangacine.fr\/","name":"R\u00e9plique Manga Cin\u00e9","description":"","publisher":{"@id":"https:\/\/repliquemangacine.fr\/#organization"},"potentialAction":[{"@type":"SearchAction","target":{"@type":"EntryPoint","urlTemplate":"https:\/\/repliquemangacine.fr\/?s={search_term_string}"},"query-input":{"@type":"PropertyValueSpecification","valueRequired":true,"valueName":"search_term_string"}}],"inLanguage":"de"},{"@type":"Organization","@id":"https:\/\/repliquemangacine.fr\/#organization","name":"R\u00e9plique Manga Cin\u00e9","url":"https:\/\/repliquemangacine.fr\/","logo":{"@type":"ImageObject","inLanguage":"de","@id":"https:\/\/repliquemangacine.fr\/#\/schema\/logo\/image\/","url":"https:\/\/repliquemangacine.fr\/wp-content\/uploads\/2023\/10\/RMC-500250.png","contentUrl":"https:\/\/repliquemangacine.fr\/wp-content\/uploads\/2023\/10\/RMC-500250.png","width":500,"height":250,"caption":"R\u00e9plique Manga Cin\u00e9"},"image":{"@id":"https:\/\/repliquemangacine.fr\/#\/schema\/logo\/image\/"},"sameAs":["https:\/\/www.facebook.com\/RepliqueMangaCine","https:\/\/www.instagram.com\/repliquemangacine.fr\/"]}]}},"_links":{"self":[{"href":"https:\/\/repliquemangacine.fr\/de\/wp-json\/wp\/v2\/product\/54900","targetHints":{"allow":["GET"]}}],"collection":[{"href":"https:\/\/repliquemangacine.fr\/de\/wp-json\/wp\/v2\/product"}],"about":[{"href":"https:\/\/repliquemangacine.fr\/de\/wp-json\/wp\/v2\/types\/product"}],"wp:featuredmedia":[{"embeddable":true,"href":"https:\/\/repliquemangacine.fr\/de\/wp-json\/wp\/v2\/media\/87618"}],"wp:attachment":[{"href":"https:\/\/repliquemangacine.fr\/de\/wp-json\/wp\/v2\/media?parent=54900"}],"wp:term":[{"taxonomy":"product_brand","embeddable":true,"href":"https:\/\/repliquemangacine.fr\/de\/wp-json\/wp\/v2\/product_brand?post=54900"},{"taxonomy":"product_cat","embeddable":true,"href":"https:\/\/repliquemangacine.fr\/de\/wp-json\/wp\/v2\/product_cat?post=54900"},{"taxonomy":"product_tag","embeddable":true,"href":"https:\/\/repliquemangacine.fr\/de\/wp-json\/wp\/v2\/product_tag?post=54900"}],"curies":[{"name":"wp","href":"https:\/\/api.w.org\/{rel}","templated":true}]}}