





{"id":54475,"date":"2022-10-29T17:56:18","date_gmt":"2022-10-29T15:56:18","guid":{"rendered":"https:\/\/repliquemangacine.fr\/?post_type=product&#038;p=54475"},"modified":"2026-04-15T12:18:45","modified_gmt":"2026-04-15T10:18:45","slug":"katana-holz-shinobu-demon-slayer","status":"publish","type":"product","link":"https:\/\/repliquemangacine.fr\/de\/katana-en-bois-demon-slayer\/katana-bois-shinobu-demon-slayer\/","title":{"rendered":"Katana Holz Shinobu Demon Slayer"},"content":{"rendered":"<h2>H\u00f6lzernes Katana von Shinobu Demon Slayer<\/h2>\n<p>Zu Beginn wird der<strong> Shinobus Katana aus Holz<\/strong> Demon Slayer ist absolut bemerkenswert. Dieses einzigartige Schwert wurde stark modifiziert.<\/p>\n<p>Shinobu Kocho, wichtige Nebenfigur aus Demon Slayer: <a href=\"https:\/\/kimetsu-no-yaiba.fandom.com\/fr\/wiki\/Wiki_Kimetsu_no_Yaiba\" target=\"_blank\" rel=\"noopener noreferrer\">Kimetsu no Yaiba<\/a>. D\u00e4monenverteidigerin der Armee der D\u00e4monenverteidiger und der aktuellen Insektens\u00e4ule.<\/p>\n<p>Nachdem ein D\u00e4mon ihre Eltern get\u00f6tet hat, schlie\u00dft sie sich zusammen mit ihrer Schwester der Armee der D\u00e4monenj\u00e4ger an. Shinobu entwickelt den Atem des Insekts, um ihre mangelnde k\u00f6rperliche Kraft beim K\u00f6pfen eines D\u00e4mons auszugleichen.<\/p>\n<p>Es ist zu betonen, dass der Hauptzweck dieses Souffle darin besteht, mit einem speziell beschichteten und hergestellten Schwert zu stechen, zu sto\u00dfen und flache Schnitte zu verursachen, um dem vorgesehenen Ziel mehrere Wunden zuzuf\u00fcgen und verschiedene t\u00f6dliche Gifte auf Glycinbasis in das vorgesehene Ziel zu injizieren.<\/p>\n<h2>Ihr Katana Holz von Shinobu zum besten Preis.<\/h2>\n<p>Wir bieten dir alle Spr\u00fcche deiner Lieblingscharaktere in diesem Demon Slayer Anime-Manga.<\/p>\n<p>Zun\u00e4chst einmal,<\/p>\n<ul>\n<li>Die <a href=\"https:\/\/repliquemangacine.fr\/de\/katana-demon-slayer\/schneidendes-katana-kyojuro\/\">Katana von Ky\u014djur\u014d Rengoku<\/a> in seiner handgeschmiedeten, schneidenden Version.<\/li>\n<li>Sowie das <a href=\"https:\/\/repliquemangacine.fr\/de\/katana-demon-slayer\/schwert-obanai-demon-slayer\/\">Katana Obanai<\/a> mit seiner Klinge in Form einer Schlange.<\/li>\n<li>Und noch viele andere, die es zu entdecken gilt!<\/li>\n<\/ul>\n<p>Deshalb sind hier tolle Geschenkideen f\u00fcr Fans von Kimetsu no Yaiba oder Demon Slayer.<\/p>\n<p>Abschlie\u00dfend k\u00f6nnen Sie auch diesen <strong>Shinobus Katana aus Holz<\/strong> Kocho f\u00fcr Ihre Cosplay-Parade oder Ihre Themenabende. Vor allem ist das Schwert von Shinobu Kocho, auch ein Sammler- und Dekorationsst\u00fcck.<\/p>\n<h2>Unsere g\u00fcnstigen Demon Slayer-Neuheiten<\/h2>\n<p>Unser Ziel ist es, Sie zufrieden zu stellen. Aus diesem Grund setzen wir alles daran, die von Ihnen gesuchten Sammlerst\u00fccke zu finden. Z\u00f6gern Sie also nicht, uns Ihre W\u00fcnsche und Anmerkungen mitzuteilen, damit wir das Abenteuer gemeinsam fortsetzen k\u00f6nnen!<\/p>\n<p>Entdecken Sie f\u00fcr Ihre Manga-Conventions und Cosplay-Paraden den Knebel von Nezuko mit seinem langen roten Band. Sie haben danach gefragt, jetzt sind sie da! Die Demon Slayer-Figuren sind bald erh\u00e4ltlich. Aber Sie m\u00fcssen sich noch ein wenig gedulden!<\/p>\n<p>R\u00e9plique Manga Cin\u00e9 ist ein franz\u00f6sisches Familienunternehmen.<\/p>\n<p><strong>Wir m\u00f6chten Sie darauf hinweisen, dass alle unsere Repliken Sammlerst\u00fccke und Dekorationen sind.  Daher ist es nicht m\u00f6glich, mit den Repliken an \u00f6ffentliche Orte zu gehen.<\/strong><\/p>","protected":false},"excerpt":{"rendered":"<ul>\n<li>Holzklinge (Bambus)<\/li>\n<li>Siebdruck mit japanischen Symbolen.<\/li>\n<li>ABS-Griffbrett in Form einer Blume.<\/li>\n<li>Griff mit blauem Baumwollgeflecht \u00fcberzogen.<\/li>\n<li>Scheide aus wei\u00dfem ABS mit Goldverzierung.<\/li>\n<li>Klingenl\u00e4nge: 68cm - Gesamtl\u00e4nge: 104cm - Gewicht: 550 grs<\/li>\n<\/ul>","protected":false},"featured_media":54476,"template":"","meta":[],"product_brand":[896],"product_cat":[63,116,23],"product_tag":[],"class_list":{"0":"post-54475","1":"product","2":"type-product","3":"status-publish","4":"has-post-thumbnail","6":"product_brand-replique-manga-cine","7":"product_cat-katana-demon-slayer","8":"product_cat-katana-en-bois-demon-slayer","9":"product_cat-repliques-manga-jeux-video","11":"first","12":"instock","13":"sale","14":"taxable","15":"shipping-taxable","16":"purchasable","17":"product-type-simple"},"yoast_head":"<!-- This site is optimized with the Yoast SEO plugin v27.5 - https:\/\/yoast.com\/product\/yoast-seo-wordpress\/ -->\n<title>Katana bois Shinobu Demon Slayer - Boutique en ligne - RMC<\/title>\n<meta name=\"description\" content=\"Commandez votre Katana bois Shinobu Kocho D\u00e9mon Slayer au meilleur prix. Lame en bois de 68 cm - Longueur totale 104 cm - Envoi 24\/48h\" \/>\n<meta name=\"robots\" content=\"index, follow, max-snippet:-1, max-image-preview:large, max-video-preview:-1\" \/>\n<link rel=\"canonical\" href=\"https:\/\/repliquemangacine.fr\/de\/katana-aus-holz-demon-slayer\/katana-holz-shinobu-demon-slayer\/\" \/>\n<meta property=\"og:locale\" content=\"de_DE\" \/>\n<meta property=\"og:type\" content=\"article\" \/>\n<meta property=\"og:title\" content=\"Katana bois Shinobu Demon Slayer - Boutique en ligne - RMC\" \/>\n<meta property=\"og:description\" content=\"Commandez votre Katana bois Shinobu Kocho D\u00e9mon Slayer au meilleur prix. Lame en bois de 68 cm - Longueur totale 104 cm - Envoi 24\/48h\" \/>\n<meta property=\"og:url\" content=\"https:\/\/repliquemangacine.fr\/de\/katana-aus-holz-demon-slayer\/katana-holz-shinobu-demon-slayer\/\" \/>\n<meta property=\"og:site_name\" content=\"R\u00e9plique Manga Cin\u00e9\" \/>\n<meta property=\"article:publisher\" content=\"https:\/\/www.facebook.com\/RepliqueMangaCine\" \/>\n<meta property=\"article:modified_time\" content=\"2026-04-15T10:18:45+00:00\" \/>\n<meta property=\"og:image\" content=\"https:\/\/repliquemangacine.fr\/wp-content\/uploads\/2023\/10\/658w-1.jpg\" \/>\n\t<meta property=\"og:image:width\" content=\"500\" \/>\n\t<meta property=\"og:image:height\" content=\"500\" \/>\n\t<meta property=\"og:image:type\" content=\"image\/jpeg\" \/>\n<meta name=\"twitter:card\" content=\"summary_large_image\" \/>\n<meta name=\"twitter:label1\" content=\"Gesch\u00e4tzte Lesezeit\" \/>\n\t<meta name=\"twitter:data1\" content=\"2\u00a0Minuten\" \/>\n<script type=\"application\/ld+json\" class=\"yoast-schema-graph\">{\"@context\":\"https:\\\/\\\/schema.org\",\"@graph\":[{\"@type\":\"WebPage\",\"@id\":\"https:\\\/\\\/repliquemangacine.fr\\\/katana-en-bois-demon-slayer\\\/katana-bois-shinobu-demon-slayer\\\/\",\"url\":\"https:\\\/\\\/repliquemangacine.fr\\\/katana-en-bois-demon-slayer\\\/katana-bois-shinobu-demon-slayer\\\/\",\"name\":\"Katana bois Shinobu Demon Slayer - Boutique en ligne - RMC\",\"isPartOf\":{\"@id\":\"https:\\\/\\\/repliquemangacine.fr\\\/#website\"},\"primaryImageOfPage\":{\"@id\":\"https:\\\/\\\/repliquemangacine.fr\\\/katana-en-bois-demon-slayer\\\/katana-bois-shinobu-demon-slayer\\\/#primaryimage\"},\"image\":{\"@id\":\"https:\\\/\\\/repliquemangacine.fr\\\/katana-en-bois-demon-slayer\\\/katana-bois-shinobu-demon-slayer\\\/#primaryimage\"},\"thumbnailUrl\":\"https:\\\/\\\/repliquemangacine.fr\\\/wp-content\\\/uploads\\\/2023\\\/10\\\/658w-1.jpg\",\"datePublished\":\"2022-10-29T15:56:18+00:00\",\"dateModified\":\"2026-04-15T10:18:45+00:00\",\"description\":\"Commandez votre Katana bois Shinobu Kocho D\u00e9mon Slayer au meilleur prix. Lame en bois de 68 cm - Longueur totale 104 cm - Envoi 24\\\/48h\",\"breadcrumb\":{\"@id\":\"https:\\\/\\\/repliquemangacine.fr\\\/katana-en-bois-demon-slayer\\\/katana-bois-shinobu-demon-slayer\\\/#breadcrumb\"},\"inLanguage\":\"de\",\"potentialAction\":[{\"@type\":\"ReadAction\",\"target\":[\"https:\\\/\\\/repliquemangacine.fr\\\/katana-en-bois-demon-slayer\\\/katana-bois-shinobu-demon-slayer\\\/\"]}]},{\"@type\":\"ImageObject\",\"inLanguage\":\"de\",\"@id\":\"https:\\\/\\\/repliquemangacine.fr\\\/katana-en-bois-demon-slayer\\\/katana-bois-shinobu-demon-slayer\\\/#primaryimage\",\"url\":\"https:\\\/\\\/repliquemangacine.fr\\\/wp-content\\\/uploads\\\/2023\\\/10\\\/658w-1.jpg\",\"contentUrl\":\"https:\\\/\\\/repliquemangacine.fr\\\/wp-content\\\/uploads\\\/2023\\\/10\\\/658w-1.jpg\",\"width\":500,\"height\":500,\"caption\":\"Katana bois Shinobu demon slayer\"},{\"@type\":\"BreadcrumbList\",\"@id\":\"https:\\\/\\\/repliquemangacine.fr\\\/katana-en-bois-demon-slayer\\\/katana-bois-shinobu-demon-slayer\\\/#breadcrumb\",\"itemListElement\":[{\"@type\":\"ListItem\",\"position\":1,\"name\":\"Accueil\",\"item\":\"https:\\\/\\\/repliquemangacine.fr\\\/\"},{\"@type\":\"ListItem\",\"position\":2,\"name\":\"Produits\",\"item\":\"https:\\\/\\\/repliquemangacine.fr\\\/boutique\\\/\"},{\"@type\":\"ListItem\",\"position\":3,\"name\":\"Katana bois Shinobu Demon Slayer\"}]},{\"@type\":\"WebSite\",\"@id\":\"https:\\\/\\\/repliquemangacine.fr\\\/#website\",\"url\":\"https:\\\/\\\/repliquemangacine.fr\\\/\",\"name\":\"R\u00e9plique Manga Cin\u00e9\",\"description\":\"\",\"publisher\":{\"@id\":\"https:\\\/\\\/repliquemangacine.fr\\\/#organization\"},\"potentialAction\":[{\"@type\":\"SearchAction\",\"target\":{\"@type\":\"EntryPoint\",\"urlTemplate\":\"https:\\\/\\\/repliquemangacine.fr\\\/?s={search_term_string}\"},\"query-input\":{\"@type\":\"PropertyValueSpecification\",\"valueRequired\":true,\"valueName\":\"search_term_string\"}}],\"inLanguage\":\"de\"},{\"@type\":\"Organization\",\"@id\":\"https:\\\/\\\/repliquemangacine.fr\\\/#organization\",\"name\":\"R\u00e9plique Manga Cin\u00e9\",\"url\":\"https:\\\/\\\/repliquemangacine.fr\\\/\",\"logo\":{\"@type\":\"ImageObject\",\"inLanguage\":\"de\",\"@id\":\"https:\\\/\\\/repliquemangacine.fr\\\/#\\\/schema\\\/logo\\\/image\\\/\",\"url\":\"https:\\\/\\\/repliquemangacine.fr\\\/wp-content\\\/uploads\\\/2023\\\/10\\\/RMC-500250.png\",\"contentUrl\":\"https:\\\/\\\/repliquemangacine.fr\\\/wp-content\\\/uploads\\\/2023\\\/10\\\/RMC-500250.png\",\"width\":500,\"height\":250,\"caption\":\"R\u00e9plique Manga Cin\u00e9\"},\"image\":{\"@id\":\"https:\\\/\\\/repliquemangacine.fr\\\/#\\\/schema\\\/logo\\\/image\\\/\"},\"sameAs\":[\"https:\\\/\\\/www.facebook.com\\\/RepliqueMangaCine\",\"https:\\\/\\\/www.instagram.com\\\/repliquemangacine.fr\\\/\"]}]}<\/script>\n<!-- \/ Yoast SEO plugin. -->","yoast_head_json":{"title":"Katana Holz Shinobu Demon Slayer - Online-Shop - RMC","description":"Bestellen Sie Ihr Katana Holz Shinobu Kocho D\u00e4mon Slayer zum besten Preis. Holzklinge 68 cm - Gesamtl\u00e4nge 104 cm - Versand 24\/48h","robots":{"index":"index","follow":"follow","max-snippet":"max-snippet:-1","max-image-preview":"max-image-preview:large","max-video-preview":"max-video-preview:-1"},"canonical":"https:\/\/repliquemangacine.fr\/de\/katana-aus-holz-demon-slayer\/katana-holz-shinobu-demon-slayer\/","og_locale":"de_DE","og_type":"article","og_title":"Katana bois Shinobu Demon Slayer - Boutique en ligne - RMC","og_description":"Commandez votre Katana bois Shinobu Kocho D\u00e9mon Slayer au meilleur prix. Lame en bois de 68 cm - Longueur totale 104 cm - Envoi 24\/48h","og_url":"https:\/\/repliquemangacine.fr\/de\/katana-aus-holz-demon-slayer\/katana-holz-shinobu-demon-slayer\/","og_site_name":"R\u00e9plique Manga Cin\u00e9","article_publisher":"https:\/\/www.facebook.com\/RepliqueMangaCine","article_modified_time":"2026-04-15T10:18:45+00:00","og_image":[{"width":500,"height":500,"url":"https:\/\/repliquemangacine.fr\/wp-content\/uploads\/2023\/10\/658w-1.jpg","type":"image\/jpeg"}],"twitter_card":"summary_large_image","twitter_misc":{"Gesch\u00e4tzte Lesezeit":"2\u00a0Minuten"},"schema":{"@context":"https:\/\/schema.org","@graph":[{"@type":"WebPage","@id":"https:\/\/repliquemangacine.fr\/katana-en-bois-demon-slayer\/katana-bois-shinobu-demon-slayer\/","url":"https:\/\/repliquemangacine.fr\/katana-en-bois-demon-slayer\/katana-bois-shinobu-demon-slayer\/","name":"Katana Holz Shinobu Demon Slayer - Online-Shop - RMC","isPartOf":{"@id":"https:\/\/repliquemangacine.fr\/#website"},"primaryImageOfPage":{"@id":"https:\/\/repliquemangacine.fr\/katana-en-bois-demon-slayer\/katana-bois-shinobu-demon-slayer\/#primaryimage"},"image":{"@id":"https:\/\/repliquemangacine.fr\/katana-en-bois-demon-slayer\/katana-bois-shinobu-demon-slayer\/#primaryimage"},"thumbnailUrl":"https:\/\/repliquemangacine.fr\/wp-content\/uploads\/2023\/10\/658w-1.jpg","datePublished":"2022-10-29T15:56:18+00:00","dateModified":"2026-04-15T10:18:45+00:00","description":"Bestellen Sie Ihr Katana Holz Shinobu Kocho D\u00e4mon Slayer zum besten Preis. Holzklinge 68 cm - Gesamtl\u00e4nge 104 cm - Versand 24\/48h","breadcrumb":{"@id":"https:\/\/repliquemangacine.fr\/katana-en-bois-demon-slayer\/katana-bois-shinobu-demon-slayer\/#breadcrumb"},"inLanguage":"de","potentialAction":[{"@type":"ReadAction","target":["https:\/\/repliquemangacine.fr\/katana-en-bois-demon-slayer\/katana-bois-shinobu-demon-slayer\/"]}]},{"@type":"ImageObject","inLanguage":"de","@id":"https:\/\/repliquemangacine.fr\/katana-en-bois-demon-slayer\/katana-bois-shinobu-demon-slayer\/#primaryimage","url":"https:\/\/repliquemangacine.fr\/wp-content\/uploads\/2023\/10\/658w-1.jpg","contentUrl":"https:\/\/repliquemangacine.fr\/wp-content\/uploads\/2023\/10\/658w-1.jpg","width":500,"height":500,"caption":"Katana bois Shinobu demon slayer"},{"@type":"BreadcrumbList","@id":"https:\/\/repliquemangacine.fr\/katana-en-bois-demon-slayer\/katana-bois-shinobu-demon-slayer\/#breadcrumb","itemListElement":[{"@type":"ListItem","position":1,"name":"Accueil","item":"https:\/\/repliquemangacine.fr\/"},{"@type":"ListItem","position":2,"name":"Produits","item":"https:\/\/repliquemangacine.fr\/boutique\/"},{"@type":"ListItem","position":3,"name":"Katana bois Shinobu Demon Slayer"}]},{"@type":"WebSite","@id":"https:\/\/repliquemangacine.fr\/#website","url":"https:\/\/repliquemangacine.fr\/","name":"R\u00e9plique Manga Cin\u00e9","description":"","publisher":{"@id":"https:\/\/repliquemangacine.fr\/#organization"},"potentialAction":[{"@type":"SearchAction","target":{"@type":"EntryPoint","urlTemplate":"https:\/\/repliquemangacine.fr\/?s={search_term_string}"},"query-input":{"@type":"PropertyValueSpecification","valueRequired":true,"valueName":"search_term_string"}}],"inLanguage":"de"},{"@type":"Organization","@id":"https:\/\/repliquemangacine.fr\/#organization","name":"R\u00e9plique Manga Cin\u00e9","url":"https:\/\/repliquemangacine.fr\/","logo":{"@type":"ImageObject","inLanguage":"de","@id":"https:\/\/repliquemangacine.fr\/#\/schema\/logo\/image\/","url":"https:\/\/repliquemangacine.fr\/wp-content\/uploads\/2023\/10\/RMC-500250.png","contentUrl":"https:\/\/repliquemangacine.fr\/wp-content\/uploads\/2023\/10\/RMC-500250.png","width":500,"height":250,"caption":"R\u00e9plique Manga Cin\u00e9"},"image":{"@id":"https:\/\/repliquemangacine.fr\/#\/schema\/logo\/image\/"},"sameAs":["https:\/\/www.facebook.com\/RepliqueMangaCine","https:\/\/www.instagram.com\/repliquemangacine.fr\/"]}]}},"_links":{"self":[{"href":"https:\/\/repliquemangacine.fr\/de\/wp-json\/wp\/v2\/product\/54475","targetHints":{"allow":["GET"]}}],"collection":[{"href":"https:\/\/repliquemangacine.fr\/de\/wp-json\/wp\/v2\/product"}],"about":[{"href":"https:\/\/repliquemangacine.fr\/de\/wp-json\/wp\/v2\/types\/product"}],"wp:featuredmedia":[{"embeddable":true,"href":"https:\/\/repliquemangacine.fr\/de\/wp-json\/wp\/v2\/media\/54476"}],"wp:attachment":[{"href":"https:\/\/repliquemangacine.fr\/de\/wp-json\/wp\/v2\/media?parent=54475"}],"wp:term":[{"taxonomy":"product_brand","embeddable":true,"href":"https:\/\/repliquemangacine.fr\/de\/wp-json\/wp\/v2\/product_brand?post=54475"},{"taxonomy":"product_cat","embeddable":true,"href":"https:\/\/repliquemangacine.fr\/de\/wp-json\/wp\/v2\/product_cat?post=54475"},{"taxonomy":"product_tag","embeddable":true,"href":"https:\/\/repliquemangacine.fr\/de\/wp-json\/wp\/v2\/product_tag?post=54475"}],"curies":[{"name":"wp","href":"https:\/\/api.w.org\/{rel}","templated":true}]}}