





{"id":54401,"date":"2022-10-27T10:17:00","date_gmt":"2022-10-27T08:17:00","guid":{"rendered":"https:\/\/repliquemangacine.fr\/?post_type=product&#038;p=54401"},"modified":"2026-04-29T15:43:40","modified_gmt":"2026-04-29T13:43:40","slug":"hylianischer-schild-zelda","status":"publish","type":"product","link":"https:\/\/repliquemangacine.fr\/de\/epee-zelda\/bouclier-hylien-zelda\/","title":{"rendered":"Zelda-Schild Hylian"},"content":{"rendered":"<h2>Zelda-Hylianer-Schild aus Metall<\/h2>\n<p>Der Zelda-Hylian-Schild oder Hylias Schild ist der wiederkehrende und ikonische Schild der Serie. Er wird oft mit dem Schwert der Legende kombiniert. Ein echtes Symbol der Serie. Er zeigt die Motive des Triforce und des Himmelsst\u00fcrmers.<\/p>\n<p>Die <a href=\"https:\/\/zelda.fandom.com\/fr\/wiki\/Bouclier_Hylien?so=search\" target=\"_blank\" rel=\"noopener noreferrer\">Hylianischer Schild<\/a> geh\u00f6rt zu den widerstandsf\u00e4higsten Schilden. Er widersteht Feuer, Elektrizit\u00e4t und Fl\u00fcchen in Skyward Sword (in dem Spiel, in dem er als \"Hylias Schild\" bezeichnet wird) und wird niemals besch\u00e4digt, egal wie viele Schl\u00e4ge er auch austeilt. Er wurde von der G\u00f6ttin Hylia f\u00fcr den Helden erschaffen, der auserw\u00e4hlt wurde, den Avatar der Leere zu zerst\u00f6ren.<\/p>\n<p>Link verl\u00e4sst sein Zuhause, um gegen die M\u00e4chte des B\u00f6sen zu k\u00e4mpfen. Obwohl er zu Beginn der Spiele nicht sehr vertraut mit dem Umgang mit Waffen zu sein scheint, beherrscht er schnell neue Techniken und baut sich ein vielf\u00e4ltiges Arsenal auf, wobei das Schwert seine Lieblingswaffe bleibt.<\/p>\n<h2>Ihr Zelda-Hylian-Schild zum besten Preis.<\/h2>\n<p>Wir bieten Ihnen eine gro\u00dfe Auswahl an Repliken der Videospiele Zelda<\/p>\n<p>Zun\u00e4chst einmal,<\/p>\n<ul>\n<li>Das legend\u00e4re Schwert <a href=\"https:\/\/repliquemangacine.fr\/de\/zelda\/master-sword-zelda-schwert\/\">Master Sword<\/a> mit seiner Triforce auf der Klinge.<\/li>\n<li>Dann die kleine <a href=\"https:\/\/repliquemangacine.fr\/de\/zelda\/master-sword-zelda-dolch\/\">Master Sword<\/a>.<\/li>\n<li>Sowie die<a href=\"https:\/\/repliquemangacine.fr\/de\/zelda\/schwert-dark-link-zelda-link-korrupt\/\">Dark link-Schwert<\/a> und seine dunkle Seite.<\/li>\n<li>Und viele andere, die es in unserem Online-Shop zu entdecken gibt!<\/li>\n<\/ul>\n<p>Deshalb ist dies eine tolle Geschenkidee f\u00fcr Zelda-Fans.<\/p>\n<p>Sie k\u00f6nnen den <strong>Zelda-Schild Hylian<\/strong> f\u00fcr Ihre Cosplay-Paraden auf Tagungen. Vor allem aber ist es ein Sammler- und Dekorationsst\u00fcck.<\/p>\n<p>R\u00e9plique Manga Cin\u00e9 ist ein franz\u00f6sisches Familienunternehmen.<\/p>\n<h2>Entdecken Sie unsere neuesten Zelda-Neuheiten<\/h2>\n<p>Unser Ziel ist es, Sie zufrieden zu stellen. Aus diesem Grund setzen wir alles daran, die von Ihnen gesuchten Sammlerst\u00fccke zu finden. Z\u00f6gern Sie also nicht, uns Ihre W\u00fcnsche und Anmerkungen mitzuteilen, damit wir das Abenteuer gemeinsam fortsetzen k\u00f6nnen!<\/p>\n<p>Wir sind immer an der Spitze der Neuheiten und h\u00f6ren Ihnen bei Ihren Produktsuchen zu. Wir freuen uns, Ihnen einige kleine Nuggets anbieten zu k\u00f6nnen, wie zum Beispiel :<\/p>\n<ul>\n<li>Die <a href=\"https:\/\/repliquemangacine.fr\/de\/zelda-schwert\/13-teiliges-zelda-set\/\">13-teiliges Set der Zelda-Schwerter<\/a> als Schl\u00fcsselanh\u00e4nger oder Anh\u00e4nger nach Lust und Laune.<\/li>\n<li>Es gibt auch den <a href=\"https:\/\/repliquemangacine.fr\/de\/zelda-schwert\/ensemble-de-8-pieces-pendentif-zelda\/\">8-teiliges Set mit Zelda-Anh\u00e4ngern<\/a> die Symbole der Prinzessin Zelda.<\/li>\n<li>Und viele weitere, die es demn\u00e4chst zu entdecken gilt, wie z. B. die Figuren<\/li>\n<\/ul>","protected":false},"excerpt":{"rendered":"<p>Wundersch\u00f6ne originalgetreue Nachbildung des Hylianischen Schildes aus Zelda.<\/p>\n<ul>\n<li>Vollst\u00e4ndig aus Metall gefertigt.<\/li>\n<li>Zeigt die Motive des Triforce und des Celestris.<\/li>\n<li>Auf der R\u00fcckseite befindet sich ein Griff, um es zu halten.<\/li>\n<li>M\u00f6glichkeit, es an die Wand zu h\u00e4ngen<\/li>\n<li>Ma\u00dfe: 38 X53cm<\/li>\n<\/ul>","protected":false},"featured_media":54402,"template":"","meta":[],"product_brand":[896],"product_cat":[23,56],"product_tag":[],"class_list":{"0":"post-54401","1":"product","2":"type-product","3":"status-publish","4":"has-post-thumbnail","6":"product_brand-replique-manga-cine","7":"product_cat-repliques-manga-jeux-video","8":"product_cat-epee-zelda","10":"first","11":"instock","12":"taxable","13":"shipping-taxable","14":"purchasable","15":"product-type-simple"},"yoast_head":"<!-- This site is optimized with the Yoast SEO plugin v27.5 - https:\/\/yoast.com\/product\/yoast-seo-wordpress\/ -->\n<title>Bouclier Zelda Hylien en m\u00e9tal 38X53cm - R\u00e9plique Manga Cin\u00e9<\/title>\n<meta name=\"description\" content=\"Offrez-vous le Bouclier Zelda Hylien tout en m\u00e9tal. De petite taille et tr\u00e8s l\u00e9ger, id\u00e9al pour votre enfant. Finition parfaite. 38X53 cm - Envoi 24\/48h\" \/>\n<meta name=\"robots\" content=\"index, follow, max-snippet:-1, max-image-preview:large, max-video-preview:-1\" \/>\n<link rel=\"canonical\" href=\"https:\/\/repliquemangacine.fr\/de\/zelda-schwert\/hylianischer-schild-zelda\/\" \/>\n<meta property=\"og:locale\" content=\"de_DE\" \/>\n<meta property=\"og:type\" content=\"article\" \/>\n<meta property=\"og:title\" content=\"Bouclier Zelda Hylien en m\u00e9tal 38X53cm - R\u00e9plique Manga Cin\u00e9\" \/>\n<meta property=\"og:description\" content=\"Offrez-vous le Bouclier Zelda Hylien tout en m\u00e9tal. De petite taille et tr\u00e8s l\u00e9ger, id\u00e9al pour votre enfant. Finition parfaite. 38X53 cm - Envoi 24\/48h\" \/>\n<meta property=\"og:url\" content=\"https:\/\/repliquemangacine.fr\/de\/zelda-schwert\/hylianischer-schild-zelda\/\" \/>\n<meta property=\"og:site_name\" content=\"R\u00e9plique Manga Cin\u00e9\" \/>\n<meta property=\"article:publisher\" content=\"https:\/\/www.facebook.com\/RepliqueMangaCine\" \/>\n<meta property=\"article:modified_time\" content=\"2026-04-29T13:43:40+00:00\" \/>\n<meta property=\"og:image\" content=\"https:\/\/repliquemangacine.fr\/wp-content\/uploads\/2023\/10\/bouclier-zelda-metal.jpg\" \/>\n\t<meta property=\"og:image:width\" content=\"500\" \/>\n\t<meta property=\"og:image:height\" content=\"500\" \/>\n\t<meta property=\"og:image:type\" content=\"image\/jpeg\" \/>\n<meta name=\"twitter:card\" content=\"summary_large_image\" \/>\n<meta name=\"twitter:label1\" content=\"Gesch\u00e4tzte Lesezeit\" \/>\n\t<meta name=\"twitter:data1\" content=\"2\u00a0Minuten\" \/>\n<script type=\"application\/ld+json\" class=\"yoast-schema-graph\">{\"@context\":\"https:\\\/\\\/schema.org\",\"@graph\":[{\"@type\":\"WebPage\",\"@id\":\"https:\\\/\\\/repliquemangacine.fr\\\/epee-zelda\\\/bouclier-hylien-zelda\\\/\",\"url\":\"https:\\\/\\\/repliquemangacine.fr\\\/epee-zelda\\\/bouclier-hylien-zelda\\\/\",\"name\":\"Bouclier Zelda Hylien en m\u00e9tal 38X53cm - R\u00e9plique Manga Cin\u00e9\",\"isPartOf\":{\"@id\":\"https:\\\/\\\/repliquemangacine.fr\\\/#website\"},\"primaryImageOfPage\":{\"@id\":\"https:\\\/\\\/repliquemangacine.fr\\\/epee-zelda\\\/bouclier-hylien-zelda\\\/#primaryimage\"},\"image\":{\"@id\":\"https:\\\/\\\/repliquemangacine.fr\\\/epee-zelda\\\/bouclier-hylien-zelda\\\/#primaryimage\"},\"thumbnailUrl\":\"https:\\\/\\\/repliquemangacine.fr\\\/wp-content\\\/uploads\\\/2023\\\/10\\\/bouclier-zelda-metal.jpg\",\"datePublished\":\"2022-10-27T08:17:00+00:00\",\"dateModified\":\"2026-04-29T13:43:40+00:00\",\"description\":\"Offrez-vous le Bouclier Zelda Hylien tout en m\u00e9tal. De petite taille et tr\u00e8s l\u00e9ger, id\u00e9al pour votre enfant. Finition parfaite. 38X53 cm - Envoi 24\\\/48h\",\"breadcrumb\":{\"@id\":\"https:\\\/\\\/repliquemangacine.fr\\\/epee-zelda\\\/bouclier-hylien-zelda\\\/#breadcrumb\"},\"inLanguage\":\"de\",\"potentialAction\":[{\"@type\":\"ReadAction\",\"target\":[\"https:\\\/\\\/repliquemangacine.fr\\\/epee-zelda\\\/bouclier-hylien-zelda\\\/\"]}]},{\"@type\":\"ImageObject\",\"inLanguage\":\"de\",\"@id\":\"https:\\\/\\\/repliquemangacine.fr\\\/epee-zelda\\\/bouclier-hylien-zelda\\\/#primaryimage\",\"url\":\"https:\\\/\\\/repliquemangacine.fr\\\/wp-content\\\/uploads\\\/2023\\\/10\\\/bouclier-zelda-metal.jpg\",\"contentUrl\":\"https:\\\/\\\/repliquemangacine.fr\\\/wp-content\\\/uploads\\\/2023\\\/10\\\/bouclier-zelda-metal.jpg\",\"width\":500,\"height\":500,\"caption\":\"Bouclier Hylien Zelda en m\u00e9tal\"},{\"@type\":\"BreadcrumbList\",\"@id\":\"https:\\\/\\\/repliquemangacine.fr\\\/epee-zelda\\\/bouclier-hylien-zelda\\\/#breadcrumb\",\"itemListElement\":[{\"@type\":\"ListItem\",\"position\":1,\"name\":\"Accueil\",\"item\":\"https:\\\/\\\/repliquemangacine.fr\\\/\"},{\"@type\":\"ListItem\",\"position\":2,\"name\":\"Produits\",\"item\":\"https:\\\/\\\/repliquemangacine.fr\\\/boutique\\\/\"},{\"@type\":\"ListItem\",\"position\":3,\"name\":\"Bouclier Zelda Hylien\"}]},{\"@type\":\"WebSite\",\"@id\":\"https:\\\/\\\/repliquemangacine.fr\\\/#website\",\"url\":\"https:\\\/\\\/repliquemangacine.fr\\\/\",\"name\":\"R\u00e9plique Manga Cin\u00e9\",\"description\":\"\",\"publisher\":{\"@id\":\"https:\\\/\\\/repliquemangacine.fr\\\/#organization\"},\"potentialAction\":[{\"@type\":\"SearchAction\",\"target\":{\"@type\":\"EntryPoint\",\"urlTemplate\":\"https:\\\/\\\/repliquemangacine.fr\\\/?s={search_term_string}\"},\"query-input\":{\"@type\":\"PropertyValueSpecification\",\"valueRequired\":true,\"valueName\":\"search_term_string\"}}],\"inLanguage\":\"de\"},{\"@type\":\"Organization\",\"@id\":\"https:\\\/\\\/repliquemangacine.fr\\\/#organization\",\"name\":\"R\u00e9plique Manga Cin\u00e9\",\"url\":\"https:\\\/\\\/repliquemangacine.fr\\\/\",\"logo\":{\"@type\":\"ImageObject\",\"inLanguage\":\"de\",\"@id\":\"https:\\\/\\\/repliquemangacine.fr\\\/#\\\/schema\\\/logo\\\/image\\\/\",\"url\":\"https:\\\/\\\/repliquemangacine.fr\\\/wp-content\\\/uploads\\\/2023\\\/10\\\/RMC-500250.png\",\"contentUrl\":\"https:\\\/\\\/repliquemangacine.fr\\\/wp-content\\\/uploads\\\/2023\\\/10\\\/RMC-500250.png\",\"width\":500,\"height\":250,\"caption\":\"R\u00e9plique Manga Cin\u00e9\"},\"image\":{\"@id\":\"https:\\\/\\\/repliquemangacine.fr\\\/#\\\/schema\\\/logo\\\/image\\\/\"},\"sameAs\":[\"https:\\\/\\\/www.facebook.com\\\/RepliqueMangaCine\",\"https:\\\/\\\/www.instagram.com\\\/repliquemangacine.fr\\\/\"]}]}<\/script>\n<!-- \/ Yoast SEO plugin. -->","yoast_head_json":{"title":"Zelda-Schild Hylianer aus Metall 38X53cm - R\u00e9plique Manga Cin\u00e9","description":"G\u00f6nnen Sie sich den Zelda-Schild Hylian ganz aus Metall. Klein und leicht, ideal f\u00fcr Ihr Kind. Perfekte Verarbeitung. 38X53 cm - Versand 24\/48h","robots":{"index":"index","follow":"follow","max-snippet":"max-snippet:-1","max-image-preview":"max-image-preview:large","max-video-preview":"max-video-preview:-1"},"canonical":"https:\/\/repliquemangacine.fr\/de\/zelda-schwert\/hylianischer-schild-zelda\/","og_locale":"de_DE","og_type":"article","og_title":"Bouclier Zelda Hylien en m\u00e9tal 38X53cm - R\u00e9plique Manga Cin\u00e9","og_description":"Offrez-vous le Bouclier Zelda Hylien tout en m\u00e9tal. De petite taille et tr\u00e8s l\u00e9ger, id\u00e9al pour votre enfant. Finition parfaite. 38X53 cm - Envoi 24\/48h","og_url":"https:\/\/repliquemangacine.fr\/de\/zelda-schwert\/hylianischer-schild-zelda\/","og_site_name":"R\u00e9plique Manga Cin\u00e9","article_publisher":"https:\/\/www.facebook.com\/RepliqueMangaCine","article_modified_time":"2026-04-29T13:43:40+00:00","og_image":[{"width":500,"height":500,"url":"https:\/\/repliquemangacine.fr\/wp-content\/uploads\/2023\/10\/bouclier-zelda-metal.jpg","type":"image\/jpeg"}],"twitter_card":"summary_large_image","twitter_misc":{"Gesch\u00e4tzte Lesezeit":"2\u00a0Minuten"},"schema":{"@context":"https:\/\/schema.org","@graph":[{"@type":"WebPage","@id":"https:\/\/repliquemangacine.fr\/epee-zelda\/bouclier-hylien-zelda\/","url":"https:\/\/repliquemangacine.fr\/epee-zelda\/bouclier-hylien-zelda\/","name":"Zelda-Schild Hylianer aus Metall 38X53cm - R\u00e9plique Manga Cin\u00e9","isPartOf":{"@id":"https:\/\/repliquemangacine.fr\/#website"},"primaryImageOfPage":{"@id":"https:\/\/repliquemangacine.fr\/epee-zelda\/bouclier-hylien-zelda\/#primaryimage"},"image":{"@id":"https:\/\/repliquemangacine.fr\/epee-zelda\/bouclier-hylien-zelda\/#primaryimage"},"thumbnailUrl":"https:\/\/repliquemangacine.fr\/wp-content\/uploads\/2023\/10\/bouclier-zelda-metal.jpg","datePublished":"2022-10-27T08:17:00+00:00","dateModified":"2026-04-29T13:43:40+00:00","description":"G\u00f6nnen Sie sich den Zelda-Schild Hylian ganz aus Metall. Klein und leicht, ideal f\u00fcr Ihr Kind. Perfekte Verarbeitung. 38X53 cm - Versand 24\/48h","breadcrumb":{"@id":"https:\/\/repliquemangacine.fr\/epee-zelda\/bouclier-hylien-zelda\/#breadcrumb"},"inLanguage":"de","potentialAction":[{"@type":"ReadAction","target":["https:\/\/repliquemangacine.fr\/epee-zelda\/bouclier-hylien-zelda\/"]}]},{"@type":"ImageObject","inLanguage":"de","@id":"https:\/\/repliquemangacine.fr\/epee-zelda\/bouclier-hylien-zelda\/#primaryimage","url":"https:\/\/repliquemangacine.fr\/wp-content\/uploads\/2023\/10\/bouclier-zelda-metal.jpg","contentUrl":"https:\/\/repliquemangacine.fr\/wp-content\/uploads\/2023\/10\/bouclier-zelda-metal.jpg","width":500,"height":500,"caption":"Bouclier Hylien Zelda en m\u00e9tal"},{"@type":"BreadcrumbList","@id":"https:\/\/repliquemangacine.fr\/epee-zelda\/bouclier-hylien-zelda\/#breadcrumb","itemListElement":[{"@type":"ListItem","position":1,"name":"Accueil","item":"https:\/\/repliquemangacine.fr\/"},{"@type":"ListItem","position":2,"name":"Produits","item":"https:\/\/repliquemangacine.fr\/boutique\/"},{"@type":"ListItem","position":3,"name":"Bouclier Zelda Hylien"}]},{"@type":"WebSite","@id":"https:\/\/repliquemangacine.fr\/#website","url":"https:\/\/repliquemangacine.fr\/","name":"R\u00e9plique Manga Cin\u00e9","description":"","publisher":{"@id":"https:\/\/repliquemangacine.fr\/#organization"},"potentialAction":[{"@type":"SearchAction","target":{"@type":"EntryPoint","urlTemplate":"https:\/\/repliquemangacine.fr\/?s={search_term_string}"},"query-input":{"@type":"PropertyValueSpecification","valueRequired":true,"valueName":"search_term_string"}}],"inLanguage":"de"},{"@type":"Organization","@id":"https:\/\/repliquemangacine.fr\/#organization","name":"R\u00e9plique Manga Cin\u00e9","url":"https:\/\/repliquemangacine.fr\/","logo":{"@type":"ImageObject","inLanguage":"de","@id":"https:\/\/repliquemangacine.fr\/#\/schema\/logo\/image\/","url":"https:\/\/repliquemangacine.fr\/wp-content\/uploads\/2023\/10\/RMC-500250.png","contentUrl":"https:\/\/repliquemangacine.fr\/wp-content\/uploads\/2023\/10\/RMC-500250.png","width":500,"height":250,"caption":"R\u00e9plique Manga Cin\u00e9"},"image":{"@id":"https:\/\/repliquemangacine.fr\/#\/schema\/logo\/image\/"},"sameAs":["https:\/\/www.facebook.com\/RepliqueMangaCine","https:\/\/www.instagram.com\/repliquemangacine.fr\/"]}]}},"_links":{"self":[{"href":"https:\/\/repliquemangacine.fr\/de\/wp-json\/wp\/v2\/product\/54401","targetHints":{"allow":["GET"]}}],"collection":[{"href":"https:\/\/repliquemangacine.fr\/de\/wp-json\/wp\/v2\/product"}],"about":[{"href":"https:\/\/repliquemangacine.fr\/de\/wp-json\/wp\/v2\/types\/product"}],"wp:featuredmedia":[{"embeddable":true,"href":"https:\/\/repliquemangacine.fr\/de\/wp-json\/wp\/v2\/media\/54402"}],"wp:attachment":[{"href":"https:\/\/repliquemangacine.fr\/de\/wp-json\/wp\/v2\/media?parent=54401"}],"wp:term":[{"taxonomy":"product_brand","embeddable":true,"href":"https:\/\/repliquemangacine.fr\/de\/wp-json\/wp\/v2\/product_brand?post=54401"},{"taxonomy":"product_cat","embeddable":true,"href":"https:\/\/repliquemangacine.fr\/de\/wp-json\/wp\/v2\/product_cat?post=54401"},{"taxonomy":"product_tag","embeddable":true,"href":"https:\/\/repliquemangacine.fr\/de\/wp-json\/wp\/v2\/product_tag?post=54401"}],"curies":[{"name":"wp","href":"https:\/\/api.w.org\/{rel}","templated":true}]}}