





{"id":54372,"date":"2022-10-26T14:04:41","date_gmt":"2022-10-26T12:04:41","guid":{"rendered":"https:\/\/repliquemangacine.fr\/?post_type=product&#038;p=54372"},"modified":"2026-04-08T11:09:46","modified_gmt":"2026-04-08T09:09:46","slug":"schwert-der-tempelritter","status":"publish","type":"product","link":"https:\/\/repliquemangacine.fr\/de\/epee-templier-medievale\/epee-des-chevaliers-templiers\/","title":{"rendered":"Schwert der Tempelritter"},"content":{"rendered":"<h2>Replik des Schwerts der Tempelritter mit Scheide.<\/h2>\n<p>Zu Beginn wird die<strong>Schwert der Tempelritter<\/strong> mit seiner Scheide aus dickem Leder wird von <a href=\"https:\/\/deepeeka.in\/\" target=\"_blank\" rel=\"noopener noreferrer\">Deepeeka<\/a>.<\/p>\n<p>Der Templerorden, ein religi\u00f6ser und milit\u00e4rischer Orden, der aus dem christlichen Rittertum des Mittelalters hervorgegangen ist. Die Berufung des Templerordens war der Schutz der christlichen Pilger f\u00fcr das Heilige Land. Diese Pilgerreise z\u00e4hlte zu den drei wichtigsten der Christenheit im Mittelalter.<\/p>\n<p>Das Siegel, ein pers\u00f6nlicher Stempel, der eine Urkunde beglaubigt und eine Unterschrift belegt. \u00dcbrigens sind etwa zwanzig Templersiegel bekannt. Sie geh\u00f6rten Meistern, hohen W\u00fcrdentr\u00e4gern, Komturen oder Rittern des Ordens im 13.<\/p>\n<p>Hervorzuheben ist, dass das Patentkreuz auf die Zugeh\u00f6rigkeit der Templer zum Christentum hinweist und die rote Farbe an das von Christus vergossene Blut erinnerte.<\/p>\n<h2>Ihr Schwert der Tempelritter zum besten Preis.<\/h2>\n<p>Wir bieten Ihnen eine gro\u00dfe Auswahl an Repliken aus dem Mittelalter.<\/p>\n<p>Zun\u00e4chst einmal,<\/p>\n<ul>\n<li>Das legend\u00e4re Schwert <a href=\"https:\/\/repliquemangacine.fr\/de\/mittelalterliche-reproduktionen\/legendares-schwert-excalibur-konig-arthur\/\">Excalibur<\/a> von K\u00f6nig Artus.<\/li>\n<li>Aber auch die Nachbildung des<a href=\"https:\/\/repliquemangacine.fr\/de\/mittelalterliches-schwert\/schwert-der-templer\/\">Zeremonienschwert der Templer<\/a> fein verziert.<\/li>\n<li>Und noch viel mehr gibt es in unserem Online-Shop zu entdecken!<\/li>\n<\/ul>\n<p>Deshalb ist dies eine tolle Geschenkidee f\u00fcr alle, die sich f\u00fcr die Zeit des Mittelalters begeistern.<\/p>\n<p>Abschlie\u00dfend k\u00f6nnen Sie auch diesen <strong>Schwert der Tempelritter<\/strong> f\u00fcr Ihre historischen Nachstellungen.<\/p>\n<p>Vor allem ist dieses Schwert auch ein Sammlerst\u00fcck und Dekorationsgegenstand.<\/p>\n<h2>Wie pflegt man die Klinge seines mittelalterlichen Schwertes?<\/h2>\n<p>Sammlungs- und Dekorationsschwerter werden in vereinfachter Form hergestellt und zusammengebaut. Da sie zu Dekorationszwecken verwendet werden, fehlen ihnen die Sicherheitselemente, die ein japanisches Schwert f\u00fcr Trainingszwecke aufweisen muss.<\/p>\n<p>Allerdings ist Ihr <strong>Schwert der Tempelritter<\/strong> zu einer Stahlklinge, die gepflegt werden muss, damit sie nicht mit der Zeit abgenutzt wird. Wenn du dein Schwert n\u00e4mlich ausstellst, werden deine Freunde neugierig sein, die Klinge zu sehen und sie zu ber\u00fchren. Hier ist Vorsicht geboten, denn Sie sollten wissen, dass die S\u00e4ure der Finger dem Stahl unabh\u00e4ngig von seiner Qualit\u00e4t sehr schadet.<\/p>\n<p>Wenn dies jedoch passiert, keine Panik, Sie brauchen nur ein Tuch, das mit etwas \u00d6l befeuchtet ist, und wischen die Fingerabdr\u00fccke ab. Wenn Sie dies tun, werden Sie Ihr Schwert sehr lange behalten.<\/p>","protected":false},"excerpt":{"rendered":"<p>Replik des Templerschwertes mit Scheide<\/p>\n<ul>\n<li>Klinge aus geh\u00e4rtetem Stahl mit hohem Kohlenstoffgehalt EN45.<\/li>\n<li>Stahlknauf mit Patentkreuz.<\/li>\n<li>Mit schwarzem Leder \u00fcberzogener Griff.<\/li>\n<li>Stahlgarde.<\/li>\n<li>Scheide aus dickem Leder.<\/li>\n<li>L\u00e4nge der Klinge: 78.5 cm - Gesamtl\u00e4nge: 102 cm<\/li>\n<\/ul>","protected":false},"featured_media":54373,"template":"","meta":[],"product_brand":[896],"product_cat":[25,84,43],"product_tag":[],"class_list":{"0":"post-54372","1":"product","2":"type-product","3":"status-publish","4":"has-post-thumbnail","6":"product_brand-replique-manga-cine","7":"product_cat-armes-historiques","8":"product_cat-epee-templier-medievale","9":"product_cat-reproductions-d-armes-et-accessoires-medievales","11":"first","12":"instock","13":"taxable","14":"shipping-taxable","15":"purchasable","16":"product-type-simple"},"yoast_head":"<!-- This site is optimized with the Yoast SEO plugin v27.5 - https:\/\/yoast.com\/product\/yoast-seo-wordpress\/ -->\n<title>Ep\u00e9e des Chevaliers Templiers - R\u00e9plique Manga Cin\u00e9<\/title>\n<meta name=\"description\" content=\"Offrez-vous l&#039;Ep\u00e9e des Chevaliers Templiers au meilleur prix - Lame en acier carbone EN45 - Fourreau cuir - Longueur totale : 102 cm - Envoi 24\/48h\" \/>\n<meta name=\"robots\" content=\"index, follow, max-snippet:-1, max-image-preview:large, max-video-preview:-1\" \/>\n<link rel=\"canonical\" href=\"https:\/\/repliquemangacine.fr\/de\/mittelalterliches-schwert-der-templer\/schwert-der-tempelritter\/\" \/>\n<meta property=\"og:locale\" content=\"de_DE\" \/>\n<meta property=\"og:type\" content=\"article\" \/>\n<meta property=\"og:title\" content=\"Ep\u00e9e des Chevaliers Templiers - R\u00e9plique Manga Cin\u00e9\" \/>\n<meta property=\"og:description\" content=\"Offrez-vous l&#039;Ep\u00e9e des Chevaliers Templiers au meilleur prix - Lame en acier carbone EN45 - Fourreau cuir - Longueur totale : 102 cm - Envoi 24\/48h\" \/>\n<meta property=\"og:url\" content=\"https:\/\/repliquemangacine.fr\/de\/mittelalterliches-schwert-der-templer\/schwert-der-tempelritter\/\" \/>\n<meta property=\"og:site_name\" content=\"R\u00e9plique Manga Cin\u00e9\" \/>\n<meta property=\"article:publisher\" content=\"https:\/\/www.facebook.com\/RepliqueMangaCine\" \/>\n<meta property=\"article:modified_time\" content=\"2026-04-08T09:09:46+00:00\" \/>\n<meta property=\"og:image\" content=\"https:\/\/repliquemangacine.fr\/wp-content\/uploads\/2023\/10\/Epee-des-Chevaliers-Templiers.jpg\" \/>\n\t<meta property=\"og:image:width\" content=\"500\" \/>\n\t<meta property=\"og:image:height\" content=\"500\" \/>\n\t<meta property=\"og:image:type\" content=\"image\/jpeg\" \/>\n<meta name=\"twitter:card\" content=\"summary_large_image\" \/>\n<meta name=\"twitter:label1\" content=\"Gesch\u00e4tzte Lesezeit\" \/>\n\t<meta name=\"twitter:data1\" content=\"2\u00a0Minuten\" \/>\n<script type=\"application\/ld+json\" class=\"yoast-schema-graph\">{\"@context\":\"https:\\\/\\\/schema.org\",\"@graph\":[{\"@type\":\"WebPage\",\"@id\":\"https:\\\/\\\/repliquemangacine.fr\\\/epee-templier-medievale\\\/epee-des-chevaliers-templiers\\\/\",\"url\":\"https:\\\/\\\/repliquemangacine.fr\\\/epee-templier-medievale\\\/epee-des-chevaliers-templiers\\\/\",\"name\":\"Ep\u00e9e des Chevaliers Templiers - R\u00e9plique Manga Cin\u00e9\",\"isPartOf\":{\"@id\":\"https:\\\/\\\/repliquemangacine.fr\\\/#website\"},\"primaryImageOfPage\":{\"@id\":\"https:\\\/\\\/repliquemangacine.fr\\\/epee-templier-medievale\\\/epee-des-chevaliers-templiers\\\/#primaryimage\"},\"image\":{\"@id\":\"https:\\\/\\\/repliquemangacine.fr\\\/epee-templier-medievale\\\/epee-des-chevaliers-templiers\\\/#primaryimage\"},\"thumbnailUrl\":\"https:\\\/\\\/repliquemangacine.fr\\\/wp-content\\\/uploads\\\/2023\\\/10\\\/Epee-des-Chevaliers-Templiers.jpg\",\"datePublished\":\"2022-10-26T12:04:41+00:00\",\"dateModified\":\"2026-04-08T09:09:46+00:00\",\"description\":\"Offrez-vous l'Ep\u00e9e des Chevaliers Templiers au meilleur prix - Lame en acier carbone EN45 - Fourreau cuir - Longueur totale : 102 cm - Envoi 24\\\/48h\",\"breadcrumb\":{\"@id\":\"https:\\\/\\\/repliquemangacine.fr\\\/epee-templier-medievale\\\/epee-des-chevaliers-templiers\\\/#breadcrumb\"},\"inLanguage\":\"de\",\"potentialAction\":[{\"@type\":\"ReadAction\",\"target\":[\"https:\\\/\\\/repliquemangacine.fr\\\/epee-templier-medievale\\\/epee-des-chevaliers-templiers\\\/\"]}]},{\"@type\":\"ImageObject\",\"inLanguage\":\"de\",\"@id\":\"https:\\\/\\\/repliquemangacine.fr\\\/epee-templier-medievale\\\/epee-des-chevaliers-templiers\\\/#primaryimage\",\"url\":\"https:\\\/\\\/repliquemangacine.fr\\\/wp-content\\\/uploads\\\/2023\\\/10\\\/Epee-des-Chevaliers-Templiers.jpg\",\"contentUrl\":\"https:\\\/\\\/repliquemangacine.fr\\\/wp-content\\\/uploads\\\/2023\\\/10\\\/Epee-des-Chevaliers-Templiers.jpg\",\"width\":500,\"height\":500,\"caption\":\"Ep\u00e9e des Chevaliers Templiers deepeeka\"},{\"@type\":\"BreadcrumbList\",\"@id\":\"https:\\\/\\\/repliquemangacine.fr\\\/epee-templier-medievale\\\/epee-des-chevaliers-templiers\\\/#breadcrumb\",\"itemListElement\":[{\"@type\":\"ListItem\",\"position\":1,\"name\":\"Accueil\",\"item\":\"https:\\\/\\\/repliquemangacine.fr\\\/\"},{\"@type\":\"ListItem\",\"position\":2,\"name\":\"Produits\",\"item\":\"https:\\\/\\\/repliquemangacine.fr\\\/boutique\\\/\"},{\"@type\":\"ListItem\",\"position\":3,\"name\":\"Ep\u00e9e des Chevaliers Templiers\"}]},{\"@type\":\"WebSite\",\"@id\":\"https:\\\/\\\/repliquemangacine.fr\\\/#website\",\"url\":\"https:\\\/\\\/repliquemangacine.fr\\\/\",\"name\":\"R\u00e9plique Manga Cin\u00e9\",\"description\":\"\",\"publisher\":{\"@id\":\"https:\\\/\\\/repliquemangacine.fr\\\/#organization\"},\"potentialAction\":[{\"@type\":\"SearchAction\",\"target\":{\"@type\":\"EntryPoint\",\"urlTemplate\":\"https:\\\/\\\/repliquemangacine.fr\\\/?s={search_term_string}\"},\"query-input\":{\"@type\":\"PropertyValueSpecification\",\"valueRequired\":true,\"valueName\":\"search_term_string\"}}],\"inLanguage\":\"de\"},{\"@type\":\"Organization\",\"@id\":\"https:\\\/\\\/repliquemangacine.fr\\\/#organization\",\"name\":\"R\u00e9plique Manga Cin\u00e9\",\"url\":\"https:\\\/\\\/repliquemangacine.fr\\\/\",\"logo\":{\"@type\":\"ImageObject\",\"inLanguage\":\"de\",\"@id\":\"https:\\\/\\\/repliquemangacine.fr\\\/#\\\/schema\\\/logo\\\/image\\\/\",\"url\":\"https:\\\/\\\/repliquemangacine.fr\\\/wp-content\\\/uploads\\\/2023\\\/10\\\/RMC-500250.png\",\"contentUrl\":\"https:\\\/\\\/repliquemangacine.fr\\\/wp-content\\\/uploads\\\/2023\\\/10\\\/RMC-500250.png\",\"width\":500,\"height\":250,\"caption\":\"R\u00e9plique Manga Cin\u00e9\"},\"image\":{\"@id\":\"https:\\\/\\\/repliquemangacine.fr\\\/#\\\/schema\\\/logo\\\/image\\\/\"},\"sameAs\":[\"https:\\\/\\\/www.facebook.com\\\/RepliqueMangaCine\",\"https:\\\/\\\/www.instagram.com\\\/repliquemangacine.fr\\\/\"]}]}<\/script>\n<!-- \/ Yoast SEO plugin. -->","yoast_head_json":{"title":"Schwert der Tempelritter - R\u00e9plique Manga Cin\u00e9","description":"Bieten Sie das Schwert der Tempelritter zum besten Preis an - Klinge aus Kohlenstoffstahl EN45 - Lederscheide - Gesamtl\u00e4nge: 102 cm - Versand 24\/48h","robots":{"index":"index","follow":"follow","max-snippet":"max-snippet:-1","max-image-preview":"max-image-preview:large","max-video-preview":"max-video-preview:-1"},"canonical":"https:\/\/repliquemangacine.fr\/de\/mittelalterliches-schwert-der-templer\/schwert-der-tempelritter\/","og_locale":"de_DE","og_type":"article","og_title":"Ep\u00e9e des Chevaliers Templiers - R\u00e9plique Manga Cin\u00e9","og_description":"Offrez-vous l'Ep\u00e9e des Chevaliers Templiers au meilleur prix - Lame en acier carbone EN45 - Fourreau cuir - Longueur totale : 102 cm - Envoi 24\/48h","og_url":"https:\/\/repliquemangacine.fr\/de\/mittelalterliches-schwert-der-templer\/schwert-der-tempelritter\/","og_site_name":"R\u00e9plique Manga Cin\u00e9","article_publisher":"https:\/\/www.facebook.com\/RepliqueMangaCine","article_modified_time":"2026-04-08T09:09:46+00:00","og_image":[{"width":500,"height":500,"url":"https:\/\/repliquemangacine.fr\/wp-content\/uploads\/2023\/10\/Epee-des-Chevaliers-Templiers.jpg","type":"image\/jpeg"}],"twitter_card":"summary_large_image","twitter_misc":{"Gesch\u00e4tzte Lesezeit":"2\u00a0Minuten"},"schema":{"@context":"https:\/\/schema.org","@graph":[{"@type":"WebPage","@id":"https:\/\/repliquemangacine.fr\/epee-templier-medievale\/epee-des-chevaliers-templiers\/","url":"https:\/\/repliquemangacine.fr\/epee-templier-medievale\/epee-des-chevaliers-templiers\/","name":"Schwert der Tempelritter - R\u00e9plique Manga Cin\u00e9","isPartOf":{"@id":"https:\/\/repliquemangacine.fr\/#website"},"primaryImageOfPage":{"@id":"https:\/\/repliquemangacine.fr\/epee-templier-medievale\/epee-des-chevaliers-templiers\/#primaryimage"},"image":{"@id":"https:\/\/repliquemangacine.fr\/epee-templier-medievale\/epee-des-chevaliers-templiers\/#primaryimage"},"thumbnailUrl":"https:\/\/repliquemangacine.fr\/wp-content\/uploads\/2023\/10\/Epee-des-Chevaliers-Templiers.jpg","datePublished":"2022-10-26T12:04:41+00:00","dateModified":"2026-04-08T09:09:46+00:00","description":"Bieten Sie das Schwert der Tempelritter zum besten Preis an - Klinge aus Kohlenstoffstahl EN45 - Lederscheide - Gesamtl\u00e4nge: 102 cm - Versand 24\/48h","breadcrumb":{"@id":"https:\/\/repliquemangacine.fr\/epee-templier-medievale\/epee-des-chevaliers-templiers\/#breadcrumb"},"inLanguage":"de","potentialAction":[{"@type":"ReadAction","target":["https:\/\/repliquemangacine.fr\/epee-templier-medievale\/epee-des-chevaliers-templiers\/"]}]},{"@type":"ImageObject","inLanguage":"de","@id":"https:\/\/repliquemangacine.fr\/epee-templier-medievale\/epee-des-chevaliers-templiers\/#primaryimage","url":"https:\/\/repliquemangacine.fr\/wp-content\/uploads\/2023\/10\/Epee-des-Chevaliers-Templiers.jpg","contentUrl":"https:\/\/repliquemangacine.fr\/wp-content\/uploads\/2023\/10\/Epee-des-Chevaliers-Templiers.jpg","width":500,"height":500,"caption":"Ep\u00e9e des Chevaliers Templiers deepeeka"},{"@type":"BreadcrumbList","@id":"https:\/\/repliquemangacine.fr\/epee-templier-medievale\/epee-des-chevaliers-templiers\/#breadcrumb","itemListElement":[{"@type":"ListItem","position":1,"name":"Accueil","item":"https:\/\/repliquemangacine.fr\/"},{"@type":"ListItem","position":2,"name":"Produits","item":"https:\/\/repliquemangacine.fr\/boutique\/"},{"@type":"ListItem","position":3,"name":"Ep\u00e9e des Chevaliers Templiers"}]},{"@type":"WebSite","@id":"https:\/\/repliquemangacine.fr\/#website","url":"https:\/\/repliquemangacine.fr\/","name":"R\u00e9plique Manga Cin\u00e9","description":"","publisher":{"@id":"https:\/\/repliquemangacine.fr\/#organization"},"potentialAction":[{"@type":"SearchAction","target":{"@type":"EntryPoint","urlTemplate":"https:\/\/repliquemangacine.fr\/?s={search_term_string}"},"query-input":{"@type":"PropertyValueSpecification","valueRequired":true,"valueName":"search_term_string"}}],"inLanguage":"de"},{"@type":"Organization","@id":"https:\/\/repliquemangacine.fr\/#organization","name":"R\u00e9plique Manga Cin\u00e9","url":"https:\/\/repliquemangacine.fr\/","logo":{"@type":"ImageObject","inLanguage":"de","@id":"https:\/\/repliquemangacine.fr\/#\/schema\/logo\/image\/","url":"https:\/\/repliquemangacine.fr\/wp-content\/uploads\/2023\/10\/RMC-500250.png","contentUrl":"https:\/\/repliquemangacine.fr\/wp-content\/uploads\/2023\/10\/RMC-500250.png","width":500,"height":250,"caption":"R\u00e9plique Manga Cin\u00e9"},"image":{"@id":"https:\/\/repliquemangacine.fr\/#\/schema\/logo\/image\/"},"sameAs":["https:\/\/www.facebook.com\/RepliqueMangaCine","https:\/\/www.instagram.com\/repliquemangacine.fr\/"]}]}},"_links":{"self":[{"href":"https:\/\/repliquemangacine.fr\/de\/wp-json\/wp\/v2\/product\/54372","targetHints":{"allow":["GET"]}}],"collection":[{"href":"https:\/\/repliquemangacine.fr\/de\/wp-json\/wp\/v2\/product"}],"about":[{"href":"https:\/\/repliquemangacine.fr\/de\/wp-json\/wp\/v2\/types\/product"}],"wp:featuredmedia":[{"embeddable":true,"href":"https:\/\/repliquemangacine.fr\/de\/wp-json\/wp\/v2\/media\/54373"}],"wp:attachment":[{"href":"https:\/\/repliquemangacine.fr\/de\/wp-json\/wp\/v2\/media?parent=54372"}],"wp:term":[{"taxonomy":"product_brand","embeddable":true,"href":"https:\/\/repliquemangacine.fr\/de\/wp-json\/wp\/v2\/product_brand?post=54372"},{"taxonomy":"product_cat","embeddable":true,"href":"https:\/\/repliquemangacine.fr\/de\/wp-json\/wp\/v2\/product_cat?post=54372"},{"taxonomy":"product_tag","embeddable":true,"href":"https:\/\/repliquemangacine.fr\/de\/wp-json\/wp\/v2\/product_tag?post=54372"}],"curies":[{"name":"wp","href":"https:\/\/api.w.org\/{rel}","templated":true}]}}