





{"id":54179,"date":"2022-10-21T13:45:02","date_gmt":"2022-10-21T11:45:02","guid":{"rendered":"https:\/\/repliquemangacine.fr\/?post_type=product&#038;p=54179"},"modified":"2026-01-15T13:00:31","modified_gmt":"2026-01-15T12:00:31","slug":"messer-daryl-walking-dead","status":"publish","type":"product","link":"https:\/\/repliquemangacine.fr\/de\/armes-the-walking-dead\/couteau-daryl-walking-dead\/","title":{"rendered":"Messer Daryl Walking Dead"},"content":{"rendered":"<h2>Messer von Daryl Walking Dead.<\/h2>\n<p>Zu Beginn wird der <strong>Daryls Messer<\/strong> Walking Dead ist der, den er gegen <a href=\"https:\/\/walkingdead-fandom-com.translate.goog\/wiki\/Lance_Hornsby_(TV_Series)?_x_tr_sl=en&amp;_x_tr_tl=fr&amp;_x_tr_hl=fr&amp;_x_tr_pto=sc\" target=\"_blank\" rel=\"noopener noreferrer\">Lance Hornsby<\/a>. Tats\u00e4chlich droht Daryl in Episode 18 der 11. Staffel, ihr die Kehle durchzuschneiden, als Carole eingreift und Daryl ihr den Dolch in die Hand rammt.<\/p>\n<p>Daryl Dixon, ein Protagonist mit gro\u00dfem Herz in The Walking Dead. Er ist ein erfahrener J\u00e4ger und F\u00e4hrtenleser und einer der beliebtesten Charaktere in der Serie.<br \/>\nSeine Lieblingswaffen sind Armbr\u00fcste und Dolche. Aufgrund seiner \u00dcberlebensf\u00e4higkeiten sowie der Beziehungen, die Daryl zu den anderen Mitgliedern aufbaut, betrachtet Rick ihn als ein wichtiges Mitglied der Gruppe.<\/p>\n<p>Daryl ist jemand, auf den man sich verlassen kann und der eine gro\u00dfe Loyalit\u00e4t besitzt.<\/p>\n<h2>Ihr Daryl-Messer zum besten Preis.<\/h2>\n<p>Wir bieten Ihnen eine gro\u00dfe Auswahl an Spr\u00fcchen aus der Serie The Walking Dead.<\/p>\n<p>Zun\u00e4chst einmal,<\/p>\n<ul>\n<li>Die Replik des <a href=\"https:\/\/repliquemangacine.fr\/de\/the-walking-dead\/dolch-carol-walking-dead\/\">Dolch von Carole<\/a> Version Holzstiel in Walking Dead.<\/li>\n<li>Es gibt auch den <a href=\"https:\/\/repliquemangacine.fr\/de\/the-walking-dead\/michonnes-katana\/\">Michonnes Katana<\/a> in zwei Versionen schneidend und nicht schneidend.<\/li>\n<li>Sowie das unumg\u00e4ngliche und ber\u00fchmte <a href=\"https:\/\/repliquemangacine.fr\/de\/the-walking-dead\/replique-revolver-python-6-usa-1955\/\">Ricks Revolver<\/a>Python 357.<\/li>\n<li>Und viele andere, die es in unserem Online-Shop zu entdecken gibt!<\/li>\n<\/ul>\n<p>Deshalb gibt es hier tolle Geschenkideen f\u00fcr alle Fans der Serie.<\/p>\n<p>Zusammenfassend l\u00e4sst sich sagen, dass Sie das Messer verwenden k\u00f6nnen.<strong>\u00a0von Daryl<\/strong> Walking Dead f\u00fcr Ihre Cosplay-Paraden oder Themenpartys. Vor allem aber ist dieses Messer ein Sammler- und Dekorationsst\u00fcck.<\/p>\n<h2>Wie pflegt man die Klinge eines Messers?<\/h2>\n<p>Sammlungs- und Dekorationsmesser werden auf vereinfachte Weise hergestellt und zusammengesetzt. Da sie zu Dekorationszwecken verwendet werden, fehlen ihnen die Sicherheitsmerkmale, die ein japanisches Schwert f\u00fcr Trainingszwecke aufweisen muss.<\/p>\n<p>Allerdings ist Ihr <strong>Daryls Messer<\/strong> zu einer Stahlklinge, die gepflegt werden muss, damit sie nicht mit der Zeit abgenutzt wird. Denn wenn du dein Katana ausstellst, werden deine Freunde neugierig sein, die Klinge zu sehen und sie zu ber\u00fchren. Hier ist Vorsicht geboten, denn Sie sollten wissen, dass die S\u00e4ure der Finger dem Stahl unabh\u00e4ngig von seiner Qualit\u00e4t sehr schadet.<\/p>\n<p>Wenn dies jedoch passiert, keine Panik, Sie brauchen nur ein Tuch, das mit etwas \u00d6l befeuchtet ist, und wischen die Fingerabdr\u00fccke ab. Wenn Sie dies tun, werden Sie Ihr Schwert sehr lange behalten.<\/p>","protected":false},"excerpt":{"rendered":"<p>Messer, das Daryl in Staffel 11 gegen Lance Hornsby verwendet.<\/p>\n<ul>\n<li>Klinge aus rostfreiem 420er Stahl.<\/li>\n<li>An der Oberseite mit Kehle gerippt.<\/li>\n<li>Geriffelter ABS-Griff.<\/li>\n<li>Bajonettsystem.<\/li>\n<li>Schwarze Cordura-Scheide<\/li>\n<li>Klingenl\u00e4nge: 19.5 cm -<\/li>\n<li>Gesamtl\u00e4nge: 32.5 cm - Gewicht: 525 grs<\/li>\n<\/ul>","protected":false},"featured_media":54180,"template":"","meta":[],"product_brand":[896],"product_cat":[24,62],"product_tag":[],"class_list":{"0":"post-54179","1":"product","2":"type-product","3":"status-publish","4":"has-post-thumbnail","6":"product_brand-replique-manga-cine","7":"product_cat-films-series-tv-vente-de-katana-epee-et-produits-derives","8":"product_cat-armes-the-walking-dead","10":"first","11":"instock","12":"taxable","13":"shipping-taxable","14":"purchasable","15":"product-type-simple"},"yoast_head":"<!-- This site is optimized with the Yoast SEO plugin v27.4 - https:\/\/yoast.com\/product\/yoast-seo-wordpress\/ -->\n<title>Couteau de Daryl - The Walking Dead - R\u00e9plique Manga Cin\u00e9<\/title>\n<meta name=\"description\" content=\"Offrez-vous le Couteau de Daryl dans the Walking Dead au meilleur prix. Lame en acier 420 aff\u00fbt\u00e9e - Poign\u00e9e en Abs stri\u00e9e - Fourreau - Longueur : 32.5 cm\" \/>\n<meta name=\"robots\" content=\"index, follow, max-snippet:-1, max-image-preview:large, max-video-preview:-1\" \/>\n<link rel=\"canonical\" href=\"https:\/\/repliquemangacine.fr\/de\/waffen-the-walking-dead\/messer-daryl-walking-dead\/\" \/>\n<meta property=\"og:locale\" content=\"de_DE\" \/>\n<meta property=\"og:type\" content=\"article\" \/>\n<meta property=\"og:title\" content=\"Couteau de Daryl - The Walking Dead - R\u00e9plique Manga Cin\u00e9\" \/>\n<meta property=\"og:description\" content=\"Offrez-vous le Couteau de Daryl dans the Walking Dead au meilleur prix. Lame en acier 420 aff\u00fbt\u00e9e - Poign\u00e9e en Abs stri\u00e9e - Fourreau - Longueur : 32.5 cm\" \/>\n<meta property=\"og:url\" content=\"https:\/\/repliquemangacine.fr\/de\/waffen-the-walking-dead\/messer-daryl-walking-dead\/\" \/>\n<meta property=\"og:site_name\" content=\"R\u00e9plique Manga Cin\u00e9\" \/>\n<meta property=\"article:publisher\" content=\"https:\/\/www.facebook.com\/RepliqueMangaCine\" \/>\n<meta property=\"article:modified_time\" content=\"2026-01-15T12:00:31+00:00\" \/>\n<meta property=\"og:image\" content=\"https:\/\/repliquemangacine.fr\/wp-content\/uploads\/2023\/10\/Poignard-Daryl-Walking-Dead-fourreau.jpg\" \/>\n\t<meta property=\"og:image:width\" content=\"500\" \/>\n\t<meta property=\"og:image:height\" content=\"500\" \/>\n\t<meta property=\"og:image:type\" content=\"image\/jpeg\" \/>\n<meta name=\"twitter:card\" content=\"summary_large_image\" \/>\n<meta name=\"twitter:label1\" content=\"Gesch\u00e4tzte Lesezeit\" \/>\n\t<meta name=\"twitter:data1\" content=\"3\u00a0Minuten\" \/>\n<script type=\"application\/ld+json\" class=\"yoast-schema-graph\">{\"@context\":\"https:\\\/\\\/schema.org\",\"@graph\":[{\"@type\":\"WebPage\",\"@id\":\"https:\\\/\\\/repliquemangacine.fr\\\/armes-the-walking-dead\\\/couteau-daryl-walking-dead\\\/\",\"url\":\"https:\\\/\\\/repliquemangacine.fr\\\/armes-the-walking-dead\\\/couteau-daryl-walking-dead\\\/\",\"name\":\"Couteau de Daryl - The Walking Dead - R\u00e9plique Manga Cin\u00e9\",\"isPartOf\":{\"@id\":\"https:\\\/\\\/repliquemangacine.fr\\\/#website\"},\"primaryImageOfPage\":{\"@id\":\"https:\\\/\\\/repliquemangacine.fr\\\/armes-the-walking-dead\\\/couteau-daryl-walking-dead\\\/#primaryimage\"},\"image\":{\"@id\":\"https:\\\/\\\/repliquemangacine.fr\\\/armes-the-walking-dead\\\/couteau-daryl-walking-dead\\\/#primaryimage\"},\"thumbnailUrl\":\"https:\\\/\\\/repliquemangacine.fr\\\/wp-content\\\/uploads\\\/2023\\\/10\\\/Poignard-Daryl-Walking-Dead-fourreau.jpg\",\"datePublished\":\"2022-10-21T11:45:02+00:00\",\"dateModified\":\"2026-01-15T12:00:31+00:00\",\"description\":\"Offrez-vous le Couteau de Daryl dans the Walking Dead au meilleur prix. Lame en acier 420 aff\u00fbt\u00e9e - Poign\u00e9e en Abs stri\u00e9e - Fourreau - Longueur : 32.5 cm\",\"breadcrumb\":{\"@id\":\"https:\\\/\\\/repliquemangacine.fr\\\/armes-the-walking-dead\\\/couteau-daryl-walking-dead\\\/#breadcrumb\"},\"inLanguage\":\"de\",\"potentialAction\":[{\"@type\":\"ReadAction\",\"target\":[\"https:\\\/\\\/repliquemangacine.fr\\\/armes-the-walking-dead\\\/couteau-daryl-walking-dead\\\/\"]}]},{\"@type\":\"ImageObject\",\"inLanguage\":\"de\",\"@id\":\"https:\\\/\\\/repliquemangacine.fr\\\/armes-the-walking-dead\\\/couteau-daryl-walking-dead\\\/#primaryimage\",\"url\":\"https:\\\/\\\/repliquemangacine.fr\\\/wp-content\\\/uploads\\\/2023\\\/10\\\/Poignard-Daryl-Walking-Dead-fourreau.jpg\",\"contentUrl\":\"https:\\\/\\\/repliquemangacine.fr\\\/wp-content\\\/uploads\\\/2023\\\/10\\\/Poignard-Daryl-Walking-Dead-fourreau.jpg\",\"width\":500,\"height\":500,\"caption\":\"Poignard Daryl Walking Dead avec fourreau\"},{\"@type\":\"BreadcrumbList\",\"@id\":\"https:\\\/\\\/repliquemangacine.fr\\\/armes-the-walking-dead\\\/couteau-daryl-walking-dead\\\/#breadcrumb\",\"itemListElement\":[{\"@type\":\"ListItem\",\"position\":1,\"name\":\"Accueil\",\"item\":\"https:\\\/\\\/repliquemangacine.fr\\\/\"},{\"@type\":\"ListItem\",\"position\":2,\"name\":\"Produits\",\"item\":\"https:\\\/\\\/repliquemangacine.fr\\\/boutique\\\/\"},{\"@type\":\"ListItem\",\"position\":3,\"name\":\"Couteau Daryl Walking Dead\"}]},{\"@type\":\"WebSite\",\"@id\":\"https:\\\/\\\/repliquemangacine.fr\\\/#website\",\"url\":\"https:\\\/\\\/repliquemangacine.fr\\\/\",\"name\":\"R\u00e9plique Manga Cin\u00e9\",\"description\":\"\",\"publisher\":{\"@id\":\"https:\\\/\\\/repliquemangacine.fr\\\/#organization\"},\"potentialAction\":[{\"@type\":\"SearchAction\",\"target\":{\"@type\":\"EntryPoint\",\"urlTemplate\":\"https:\\\/\\\/repliquemangacine.fr\\\/?s={search_term_string}\"},\"query-input\":{\"@type\":\"PropertyValueSpecification\",\"valueRequired\":true,\"valueName\":\"search_term_string\"}}],\"inLanguage\":\"de\"},{\"@type\":\"Organization\",\"@id\":\"https:\\\/\\\/repliquemangacine.fr\\\/#organization\",\"name\":\"R\u00e9plique Manga Cin\u00e9\",\"url\":\"https:\\\/\\\/repliquemangacine.fr\\\/\",\"logo\":{\"@type\":\"ImageObject\",\"inLanguage\":\"de\",\"@id\":\"https:\\\/\\\/repliquemangacine.fr\\\/#\\\/schema\\\/logo\\\/image\\\/\",\"url\":\"https:\\\/\\\/repliquemangacine.fr\\\/wp-content\\\/uploads\\\/2023\\\/10\\\/RMC-500250.png\",\"contentUrl\":\"https:\\\/\\\/repliquemangacine.fr\\\/wp-content\\\/uploads\\\/2023\\\/10\\\/RMC-500250.png\",\"width\":500,\"height\":250,\"caption\":\"R\u00e9plique Manga Cin\u00e9\"},\"image\":{\"@id\":\"https:\\\/\\\/repliquemangacine.fr\\\/#\\\/schema\\\/logo\\\/image\\\/\"},\"sameAs\":[\"https:\\\/\\\/www.facebook.com\\\/RepliqueMangaCine\",\"https:\\\/\\\/www.instagram.com\\\/repliquemangacine.fr\\\/\"]}]}<\/script>\n<!-- \/ Yoast SEO plugin. -->","yoast_head_json":{"title":"Daryls Messer - The Walking Dead - R\u00e9plique Manga Cin\u00e9","description":"G\u00f6nnen Sie sich das Messer von Daryl aus the Walking Dead zum besten Preis. Geschliffene Klinge aus 420er Stahl - Griff aus geriffeltem Abs - Scheide - L\u00e4nge: 32.5 cm","robots":{"index":"index","follow":"follow","max-snippet":"max-snippet:-1","max-image-preview":"max-image-preview:large","max-video-preview":"max-video-preview:-1"},"canonical":"https:\/\/repliquemangacine.fr\/de\/waffen-the-walking-dead\/messer-daryl-walking-dead\/","og_locale":"de_DE","og_type":"article","og_title":"Couteau de Daryl - The Walking Dead - R\u00e9plique Manga Cin\u00e9","og_description":"Offrez-vous le Couteau de Daryl dans the Walking Dead au meilleur prix. Lame en acier 420 aff\u00fbt\u00e9e - Poign\u00e9e en Abs stri\u00e9e - Fourreau - Longueur : 32.5 cm","og_url":"https:\/\/repliquemangacine.fr\/de\/waffen-the-walking-dead\/messer-daryl-walking-dead\/","og_site_name":"R\u00e9plique Manga Cin\u00e9","article_publisher":"https:\/\/www.facebook.com\/RepliqueMangaCine","article_modified_time":"2026-01-15T12:00:31+00:00","og_image":[{"width":500,"height":500,"url":"https:\/\/repliquemangacine.fr\/wp-content\/uploads\/2023\/10\/Poignard-Daryl-Walking-Dead-fourreau.jpg","type":"image\/jpeg"}],"twitter_card":"summary_large_image","twitter_misc":{"Gesch\u00e4tzte Lesezeit":"3\u00a0Minuten"},"schema":{"@context":"https:\/\/schema.org","@graph":[{"@type":"WebPage","@id":"https:\/\/repliquemangacine.fr\/armes-the-walking-dead\/couteau-daryl-walking-dead\/","url":"https:\/\/repliquemangacine.fr\/armes-the-walking-dead\/couteau-daryl-walking-dead\/","name":"Daryls Messer - The Walking Dead - R\u00e9plique Manga Cin\u00e9","isPartOf":{"@id":"https:\/\/repliquemangacine.fr\/#website"},"primaryImageOfPage":{"@id":"https:\/\/repliquemangacine.fr\/armes-the-walking-dead\/couteau-daryl-walking-dead\/#primaryimage"},"image":{"@id":"https:\/\/repliquemangacine.fr\/armes-the-walking-dead\/couteau-daryl-walking-dead\/#primaryimage"},"thumbnailUrl":"https:\/\/repliquemangacine.fr\/wp-content\/uploads\/2023\/10\/Poignard-Daryl-Walking-Dead-fourreau.jpg","datePublished":"2022-10-21T11:45:02+00:00","dateModified":"2026-01-15T12:00:31+00:00","description":"G\u00f6nnen Sie sich das Messer von Daryl aus the Walking Dead zum besten Preis. Geschliffene Klinge aus 420er Stahl - Griff aus geriffeltem Abs - Scheide - L\u00e4nge: 32.5 cm","breadcrumb":{"@id":"https:\/\/repliquemangacine.fr\/armes-the-walking-dead\/couteau-daryl-walking-dead\/#breadcrumb"},"inLanguage":"de","potentialAction":[{"@type":"ReadAction","target":["https:\/\/repliquemangacine.fr\/armes-the-walking-dead\/couteau-daryl-walking-dead\/"]}]},{"@type":"ImageObject","inLanguage":"de","@id":"https:\/\/repliquemangacine.fr\/armes-the-walking-dead\/couteau-daryl-walking-dead\/#primaryimage","url":"https:\/\/repliquemangacine.fr\/wp-content\/uploads\/2023\/10\/Poignard-Daryl-Walking-Dead-fourreau.jpg","contentUrl":"https:\/\/repliquemangacine.fr\/wp-content\/uploads\/2023\/10\/Poignard-Daryl-Walking-Dead-fourreau.jpg","width":500,"height":500,"caption":"Poignard Daryl Walking Dead avec fourreau"},{"@type":"BreadcrumbList","@id":"https:\/\/repliquemangacine.fr\/armes-the-walking-dead\/couteau-daryl-walking-dead\/#breadcrumb","itemListElement":[{"@type":"ListItem","position":1,"name":"Accueil","item":"https:\/\/repliquemangacine.fr\/"},{"@type":"ListItem","position":2,"name":"Produits","item":"https:\/\/repliquemangacine.fr\/boutique\/"},{"@type":"ListItem","position":3,"name":"Couteau Daryl Walking Dead"}]},{"@type":"WebSite","@id":"https:\/\/repliquemangacine.fr\/#website","url":"https:\/\/repliquemangacine.fr\/","name":"R\u00e9plique Manga Cin\u00e9","description":"","publisher":{"@id":"https:\/\/repliquemangacine.fr\/#organization"},"potentialAction":[{"@type":"SearchAction","target":{"@type":"EntryPoint","urlTemplate":"https:\/\/repliquemangacine.fr\/?s={search_term_string}"},"query-input":{"@type":"PropertyValueSpecification","valueRequired":true,"valueName":"search_term_string"}}],"inLanguage":"de"},{"@type":"Organization","@id":"https:\/\/repliquemangacine.fr\/#organization","name":"R\u00e9plique Manga Cin\u00e9","url":"https:\/\/repliquemangacine.fr\/","logo":{"@type":"ImageObject","inLanguage":"de","@id":"https:\/\/repliquemangacine.fr\/#\/schema\/logo\/image\/","url":"https:\/\/repliquemangacine.fr\/wp-content\/uploads\/2023\/10\/RMC-500250.png","contentUrl":"https:\/\/repliquemangacine.fr\/wp-content\/uploads\/2023\/10\/RMC-500250.png","width":500,"height":250,"caption":"R\u00e9plique Manga Cin\u00e9"},"image":{"@id":"https:\/\/repliquemangacine.fr\/#\/schema\/logo\/image\/"},"sameAs":["https:\/\/www.facebook.com\/RepliqueMangaCine","https:\/\/www.instagram.com\/repliquemangacine.fr\/"]}]}},"_links":{"self":[{"href":"https:\/\/repliquemangacine.fr\/de\/wp-json\/wp\/v2\/product\/54179","targetHints":{"allow":["GET"]}}],"collection":[{"href":"https:\/\/repliquemangacine.fr\/de\/wp-json\/wp\/v2\/product"}],"about":[{"href":"https:\/\/repliquemangacine.fr\/de\/wp-json\/wp\/v2\/types\/product"}],"wp:featuredmedia":[{"embeddable":true,"href":"https:\/\/repliquemangacine.fr\/de\/wp-json\/wp\/v2\/media\/54180"}],"wp:attachment":[{"href":"https:\/\/repliquemangacine.fr\/de\/wp-json\/wp\/v2\/media?parent=54179"}],"wp:term":[{"taxonomy":"product_brand","embeddable":true,"href":"https:\/\/repliquemangacine.fr\/de\/wp-json\/wp\/v2\/product_brand?post=54179"},{"taxonomy":"product_cat","embeddable":true,"href":"https:\/\/repliquemangacine.fr\/de\/wp-json\/wp\/v2\/product_cat?post=54179"},{"taxonomy":"product_tag","embeddable":true,"href":"https:\/\/repliquemangacine.fr\/de\/wp-json\/wp\/v2\/product_tag?post=54179"}],"curies":[{"name":"wp","href":"https:\/\/api.w.org\/{rel}","templated":true}]}}