





{"id":54147,"date":"2022-10-20T16:49:28","date_gmt":"2022-10-20T14:49:28","guid":{"rendered":"https:\/\/repliquemangacine.fr\/?post_type=product&#038;p=54147"},"modified":"2025-12-03T06:49:19","modified_gmt":"2025-12-03T05:49:19","slug":"13-teiliges-zelda-set","status":"publish","type":"product","link":"https:\/\/repliquemangacine.fr\/de\/divers-goodies\/coffret-13-pieces-zelda\/","title":{"rendered":"Set 13 Zelda-Schl\u00fcsselanh\u00e4nger"},"content":{"rendered":"<h2>Set 13 Zelda-Schl\u00fcsselanh\u00e4nger<\/h2>\n<p>Zu Beginn wird der <strong>Set 13 Zelda-Schl\u00fcsselanh\u00e4nger<\/strong> ist ein Set aus 13 Teilen, die je nach Wunsch als Schl\u00fcsselanh\u00e4nger oder Halskette verwendet werden k\u00f6nnen.<\/p>\n<p>Die Geschichte, die als Grundlage f\u00fcr die meisten Episoden der Serie dient, handelt vom Helden Link, der das K\u00f6nigreich Hyrule und seine Prinzessin Zelda aus den H\u00e4nden des b\u00f6sen Herrschers Ganon befreien muss.<br \/>\nDie Aktion bringt die <a href=\"https:\/\/zelda.fandom.com\/fr\/wiki\/Triforce\" target=\"_blank\" rel=\"noopener noreferrer\">Triforce<\/a> Es handelt sich um ein g\u00f6ttliches Relikt in Form von drei goldenen Dreiecken, das jedem, der es ber\u00fchrt, einen Wunsch erf\u00fcllen kann.<\/p>\n<p>Link verl\u00e4sst sein Zuhause, um gegen die M\u00e4chte des B\u00f6sen zu k\u00e4mpfen. Obwohl er zu Beginn der Spiele noch nicht sehr gut mit Waffen umgehen kann, eignet er sich schnell neue Techniken an.<\/p>\n<h2>Ihr Set 13 Zelda-Schl\u00fcsselanh\u00e4nger zum besten Preis.<\/h2>\n<p>Wir bieten Ihnen eine gro\u00dfe Auswahl an Repliken aus dem Videospiel Zelda.<\/p>\n<p>Zun\u00e4chst<\/p>\n<ul>\n<li>Das Unumg\u00e4ngliche <a href=\"https:\/\/repliquemangacine.fr\/de\/zelda\/bouclier-de-zelda-en-mousse-bouclier-hylian-de-link\/\">schaumstoffschild von Link<\/a> mit seiner Triforce.<\/li>\n<li>Es gibt auch die ber\u00fchmte <a href=\"https:\/\/repliquemangacine.fr\/de\/zelda\/master-sword-zelda-schwert\/\">legend\u00e4res Schwert Master Sword<\/a>.<\/li>\n<li>Sowie die<a href=\"https:\/\/repliquemangacine.fr\/de\/zelda\/zelda-legendares-schwert-linkes-schwert\/\">Links Schwert<\/a> mit seiner Triforce auf der Klinge.<\/li>\n<li>Und viele andere, die es in unserem Online-Shop zu entdecken gibt!<\/li>\n<\/ul>\n<p>Deshalb ist dies eine gro\u00dfartige Geschenkidee f\u00fcr alle Fans des Videospiels Zelda.<\/p>\n<p>Abschlie\u00dfend k\u00f6nnen Sie den <strong>Set 13 Zelda-Schl\u00fcsselanh\u00e4nger<\/strong> im Alltag, entweder als Halskette oder als Schl\u00fcsselanh\u00e4nger, je nachdem, worauf Sie Lust haben. Vor allem aber ist es ein Sammlerst\u00fcck.<\/p>\n<p>R\u00e9plique Manga Cin\u00e9 ist ein franz\u00f6sisches Familienunternehmen.<\/p>\n<h2><strong>Wie pflegt man die Klingen seiner Schwerter?<\/strong><\/h2>\n<p>Sammlungs- und Dekorationsschwerter werden in vereinfachter Form hergestellt und zusammengebaut. Da sie zu Dekorationszwecken verwendet werden, fehlen ihnen die Sicherheitselemente, die ein japanisches Schwert f\u00fcr Trainingszwecke aufweisen muss.<\/p>\n<p>Allerdings ist Ihr <strong>Set 13 Zelda-Schl\u00fcsselanh\u00e4nger<\/strong> zu einer Stahlklinge, die gepflegt werden muss, damit sie nicht mit der Zeit abgenutzt wird. Wenn du dein Schwert n\u00e4mlich ausstellst, werden deine Freunde neugierig sein, die Klinge zu sehen und sie zu ber\u00fchren. Hier ist Vorsicht geboten, denn Sie sollten wissen, dass die S\u00e4ure der Finger dem Stahl unabh\u00e4ngig von seiner Qualit\u00e4t sehr schadet.<\/p>\n<p>Wenn dies jedoch passiert, keine Panik, Sie brauchen nur ein Tuch, das mit etwas \u00d6l befeuchtet ist, und wischen die Fingerabdr\u00fccke ab. Wenn Sie dies tun, werden Sie Ihr Schwert sehr lange behalten.<\/p>","protected":false},"excerpt":{"rendered":"<p>Wundersch\u00f6nes 13-teiliges Zelda-Set bestehend aus :<\/p>\n<ul>\n<li>7 Schwerter aus dem Spiel mit einer L\u00e4nge von je 8 cm<\/li>\n<li>Jedes Schwert hat seine Triforce<\/li>\n<li>1 Emblemplatte Triforce<\/li>\n<li>1 Platte Schild und Schwerter<\/li>\n<li>1 Legend\u00e4res Schwert Master sword gold<\/li>\n<li>1 Scheide Master sword<\/li>\n<li>1 Halsband Seil<\/li>\n<li>1 kleiner Karabinerhaken als Schl\u00fcsselanh\u00e4nger<\/li>\n<li>Sammlerbox mit dem Logo des Spiels<\/li>\n<\/ul>","protected":false},"featured_media":54148,"template":"","meta":[],"product_brand":[896],"product_cat":[98,94,23,56],"product_tag":[],"class_list":{"0":"post-54147","1":"product","2":"type-product","3":"status-publish","4":"has-post-thumbnail","6":"product_brand-replique-manga-cine","7":"product_cat-divers-goodies","8":"product_cat-goodies","9":"product_cat-repliques-manga-jeux-video","10":"product_cat-epee-zelda","12":"first","13":"instock","14":"taxable","15":"shipping-taxable","16":"purchasable","17":"product-type-simple"},"yoast_head":"<!-- This site is optimized with the Yoast SEO plugin v27.5 - https:\/\/yoast.com\/product\/yoast-seo-wordpress\/ -->\n<title>Coffret 13 porte-cl\u00e9s Zelda - Goodies - R\u00e9plique Manga Cin\u00e9<\/title>\n<meta name=\"description\" content=\"Superbe Coffret 13 pi\u00e8ces Zelda que vous pouvez utiliser dans la vie de tous les jours, soit en collier ou en porte-cl\u00e9s selon votre envie. Boite collector\" \/>\n<meta name=\"robots\" content=\"index, follow, max-snippet:-1, max-image-preview:large, max-video-preview:-1\" \/>\n<link rel=\"canonical\" href=\"https:\/\/repliquemangacine.fr\/de\/verschiedene-goodies\/13-teiliges-zelda-set\/\" \/>\n<meta property=\"og:locale\" content=\"de_DE\" \/>\n<meta property=\"og:type\" content=\"article\" \/>\n<meta property=\"og:title\" content=\"Coffret 13 porte-cl\u00e9s Zelda - Goodies - R\u00e9plique Manga Cin\u00e9\" \/>\n<meta property=\"og:description\" content=\"Superbe Coffret 13 pi\u00e8ces Zelda que vous pouvez utiliser dans la vie de tous les jours, soit en collier ou en porte-cl\u00e9s selon votre envie. Boite collector\" \/>\n<meta property=\"og:url\" content=\"https:\/\/repliquemangacine.fr\/de\/verschiedene-goodies\/13-teiliges-zelda-set\/\" \/>\n<meta property=\"og:site_name\" content=\"R\u00e9plique Manga Cin\u00e9\" \/>\n<meta property=\"article:publisher\" content=\"https:\/\/www.facebook.com\/RepliqueMangaCine\" \/>\n<meta property=\"article:modified_time\" content=\"2025-12-03T05:49:19+00:00\" \/>\n<meta property=\"og:image\" content=\"https:\/\/repliquemangacine.fr\/wp-content\/uploads\/2023\/10\/Coffret-13-pieces-Zelda-collector.jpg\" \/>\n\t<meta property=\"og:image:width\" content=\"500\" \/>\n\t<meta property=\"og:image:height\" content=\"500\" \/>\n\t<meta property=\"og:image:type\" content=\"image\/jpeg\" \/>\n<meta name=\"twitter:card\" content=\"summary_large_image\" \/>\n<meta name=\"twitter:label1\" content=\"Gesch\u00e4tzte Lesezeit\" \/>\n\t<meta name=\"twitter:data1\" content=\"2\u00a0Minuten\" \/>\n<script type=\"application\/ld+json\" class=\"yoast-schema-graph\">{\"@context\":\"https:\\\/\\\/schema.org\",\"@graph\":[{\"@type\":\"WebPage\",\"@id\":\"https:\\\/\\\/repliquemangacine.fr\\\/en\\\/various-goodies\\\/13-piece-zelda-set\\\/\",\"url\":\"https:\\\/\\\/repliquemangacine.fr\\\/en\\\/various-goodies\\\/13-piece-zelda-set\\\/\",\"name\":\"Coffret 13 porte-cl\u00e9s Zelda - Goodies - R\u00e9plique Manga Cin\u00e9\",\"isPartOf\":{\"@id\":\"https:\\\/\\\/repliquemangacine.fr\\\/#website\"},\"primaryImageOfPage\":{\"@id\":\"https:\\\/\\\/repliquemangacine.fr\\\/en\\\/various-goodies\\\/13-piece-zelda-set\\\/#primaryimage\"},\"image\":{\"@id\":\"https:\\\/\\\/repliquemangacine.fr\\\/en\\\/various-goodies\\\/13-piece-zelda-set\\\/#primaryimage\"},\"thumbnailUrl\":\"https:\\\/\\\/repliquemangacine.fr\\\/wp-content\\\/uploads\\\/2023\\\/10\\\/Coffret-13-pieces-Zelda-collector.jpg\",\"datePublished\":\"2022-10-20T14:49:28+00:00\",\"dateModified\":\"2025-12-03T05:49:19+00:00\",\"description\":\"Superbe Coffret 13 pi\u00e8ces Zelda que vous pouvez utiliser dans la vie de tous les jours, soit en collier ou en porte-cl\u00e9s selon votre envie. Boite collector\",\"breadcrumb\":{\"@id\":\"https:\\\/\\\/repliquemangacine.fr\\\/en\\\/various-goodies\\\/13-piece-zelda-set\\\/#breadcrumb\"},\"inLanguage\":\"de\",\"potentialAction\":[{\"@type\":\"ReadAction\",\"target\":[\"https:\\\/\\\/repliquemangacine.fr\\\/en\\\/various-goodies\\\/13-piece-zelda-set\\\/\"]}]},{\"@type\":\"ImageObject\",\"inLanguage\":\"de\",\"@id\":\"https:\\\/\\\/repliquemangacine.fr\\\/en\\\/various-goodies\\\/13-piece-zelda-set\\\/#primaryimage\",\"url\":\"https:\\\/\\\/repliquemangacine.fr\\\/wp-content\\\/uploads\\\/2023\\\/10\\\/Coffret-13-pieces-Zelda-collector.jpg\",\"contentUrl\":\"https:\\\/\\\/repliquemangacine.fr\\\/wp-content\\\/uploads\\\/2023\\\/10\\\/Coffret-13-pieces-Zelda-collector.jpg\",\"width\":500,\"height\":500,\"caption\":\"Coffret 13 pi\u00e8ces Zelda boite collector\"},{\"@type\":\"BreadcrumbList\",\"@id\":\"https:\\\/\\\/repliquemangacine.fr\\\/en\\\/various-goodies\\\/13-piece-zelda-set\\\/#breadcrumb\",\"itemListElement\":[{\"@type\":\"ListItem\",\"position\":1,\"name\":\"Accueil\",\"item\":\"https:\\\/\\\/repliquemangacine.fr\\\/\"},{\"@type\":\"ListItem\",\"position\":2,\"name\":\"Produits\",\"item\":\"https:\\\/\\\/repliquemangacine.fr\\\/boutique\\\/\"},{\"@type\":\"ListItem\",\"position\":3,\"name\":\"Coffret 13 porte-cl\u00e9s Zelda\"}]},{\"@type\":\"WebSite\",\"@id\":\"https:\\\/\\\/repliquemangacine.fr\\\/#website\",\"url\":\"https:\\\/\\\/repliquemangacine.fr\\\/\",\"name\":\"R\u00e9plique Manga Cin\u00e9\",\"description\":\"\",\"publisher\":{\"@id\":\"https:\\\/\\\/repliquemangacine.fr\\\/#organization\"},\"potentialAction\":[{\"@type\":\"SearchAction\",\"target\":{\"@type\":\"EntryPoint\",\"urlTemplate\":\"https:\\\/\\\/repliquemangacine.fr\\\/?s={search_term_string}\"},\"query-input\":{\"@type\":\"PropertyValueSpecification\",\"valueRequired\":true,\"valueName\":\"search_term_string\"}}],\"inLanguage\":\"de\"},{\"@type\":\"Organization\",\"@id\":\"https:\\\/\\\/repliquemangacine.fr\\\/#organization\",\"name\":\"R\u00e9plique Manga Cin\u00e9\",\"url\":\"https:\\\/\\\/repliquemangacine.fr\\\/\",\"logo\":{\"@type\":\"ImageObject\",\"inLanguage\":\"de\",\"@id\":\"https:\\\/\\\/repliquemangacine.fr\\\/#\\\/schema\\\/logo\\\/image\\\/\",\"url\":\"https:\\\/\\\/repliquemangacine.fr\\\/wp-content\\\/uploads\\\/2023\\\/10\\\/RMC-500250.png\",\"contentUrl\":\"https:\\\/\\\/repliquemangacine.fr\\\/wp-content\\\/uploads\\\/2023\\\/10\\\/RMC-500250.png\",\"width\":500,\"height\":250,\"caption\":\"R\u00e9plique Manga Cin\u00e9\"},\"image\":{\"@id\":\"https:\\\/\\\/repliquemangacine.fr\\\/#\\\/schema\\\/logo\\\/image\\\/\"},\"sameAs\":[\"https:\\\/\\\/www.facebook.com\\\/RepliqueMangaCine\",\"https:\\\/\\\/www.instagram.com\\\/repliquemangacine.fr\\\/\"]}]}<\/script>\n<!-- \/ Yoast SEO plugin. -->","yoast_head_json":{"title":"Set mit 13 Zelda-Schl\u00fcsselanh\u00e4ngern - Goodies - R\u00e9plique Manga Cin\u00e9","description":"Wundersch\u00f6nes 13-teiliges Zelda-Set, das Sie im Alltag verwenden k\u00f6nnen, entweder als Halskette oder als Schl\u00fcsselanh\u00e4nger, je nachdem, was Ihnen gef\u00e4llt. Sammlerbox","robots":{"index":"index","follow":"follow","max-snippet":"max-snippet:-1","max-image-preview":"max-image-preview:large","max-video-preview":"max-video-preview:-1"},"canonical":"https:\/\/repliquemangacine.fr\/de\/verschiedene-goodies\/13-teiliges-zelda-set\/","og_locale":"de_DE","og_type":"article","og_title":"Coffret 13 porte-cl\u00e9s Zelda - Goodies - R\u00e9plique Manga Cin\u00e9","og_description":"Superbe Coffret 13 pi\u00e8ces Zelda que vous pouvez utiliser dans la vie de tous les jours, soit en collier ou en porte-cl\u00e9s selon votre envie. Boite collector","og_url":"https:\/\/repliquemangacine.fr\/de\/verschiedene-goodies\/13-teiliges-zelda-set\/","og_site_name":"R\u00e9plique Manga Cin\u00e9","article_publisher":"https:\/\/www.facebook.com\/RepliqueMangaCine","article_modified_time":"2025-12-03T05:49:19+00:00","og_image":[{"width":500,"height":500,"url":"https:\/\/repliquemangacine.fr\/wp-content\/uploads\/2023\/10\/Coffret-13-pieces-Zelda-collector.jpg","type":"image\/jpeg"}],"twitter_card":"summary_large_image","twitter_misc":{"Gesch\u00e4tzte Lesezeit":"2\u00a0Minuten"},"schema":{"@context":"https:\/\/schema.org","@graph":[{"@type":"WebPage","@id":"https:\/\/repliquemangacine.fr\/en\/various-goodies\/13-piece-zelda-set\/","url":"https:\/\/repliquemangacine.fr\/en\/various-goodies\/13-piece-zelda-set\/","name":"Set mit 13 Zelda-Schl\u00fcsselanh\u00e4ngern - Goodies - R\u00e9plique Manga Cin\u00e9","isPartOf":{"@id":"https:\/\/repliquemangacine.fr\/#website"},"primaryImageOfPage":{"@id":"https:\/\/repliquemangacine.fr\/en\/various-goodies\/13-piece-zelda-set\/#primaryimage"},"image":{"@id":"https:\/\/repliquemangacine.fr\/en\/various-goodies\/13-piece-zelda-set\/#primaryimage"},"thumbnailUrl":"https:\/\/repliquemangacine.fr\/wp-content\/uploads\/2023\/10\/Coffret-13-pieces-Zelda-collector.jpg","datePublished":"2022-10-20T14:49:28+00:00","dateModified":"2025-12-03T05:49:19+00:00","description":"Wundersch\u00f6nes 13-teiliges Zelda-Set, das Sie im Alltag verwenden k\u00f6nnen, entweder als Halskette oder als Schl\u00fcsselanh\u00e4nger, je nachdem, was Ihnen gef\u00e4llt. Sammlerbox","breadcrumb":{"@id":"https:\/\/repliquemangacine.fr\/en\/various-goodies\/13-piece-zelda-set\/#breadcrumb"},"inLanguage":"de","potentialAction":[{"@type":"ReadAction","target":["https:\/\/repliquemangacine.fr\/en\/various-goodies\/13-piece-zelda-set\/"]}]},{"@type":"ImageObject","inLanguage":"de","@id":"https:\/\/repliquemangacine.fr\/en\/various-goodies\/13-piece-zelda-set\/#primaryimage","url":"https:\/\/repliquemangacine.fr\/wp-content\/uploads\/2023\/10\/Coffret-13-pieces-Zelda-collector.jpg","contentUrl":"https:\/\/repliquemangacine.fr\/wp-content\/uploads\/2023\/10\/Coffret-13-pieces-Zelda-collector.jpg","width":500,"height":500,"caption":"Coffret 13 pi\u00e8ces Zelda boite collector"},{"@type":"BreadcrumbList","@id":"https:\/\/repliquemangacine.fr\/en\/various-goodies\/13-piece-zelda-set\/#breadcrumb","itemListElement":[{"@type":"ListItem","position":1,"name":"Accueil","item":"https:\/\/repliquemangacine.fr\/"},{"@type":"ListItem","position":2,"name":"Produits","item":"https:\/\/repliquemangacine.fr\/boutique\/"},{"@type":"ListItem","position":3,"name":"Coffret 13 porte-cl\u00e9s Zelda"}]},{"@type":"WebSite","@id":"https:\/\/repliquemangacine.fr\/#website","url":"https:\/\/repliquemangacine.fr\/","name":"R\u00e9plique Manga Cin\u00e9","description":"","publisher":{"@id":"https:\/\/repliquemangacine.fr\/#organization"},"potentialAction":[{"@type":"SearchAction","target":{"@type":"EntryPoint","urlTemplate":"https:\/\/repliquemangacine.fr\/?s={search_term_string}"},"query-input":{"@type":"PropertyValueSpecification","valueRequired":true,"valueName":"search_term_string"}}],"inLanguage":"de"},{"@type":"Organization","@id":"https:\/\/repliquemangacine.fr\/#organization","name":"R\u00e9plique Manga Cin\u00e9","url":"https:\/\/repliquemangacine.fr\/","logo":{"@type":"ImageObject","inLanguage":"de","@id":"https:\/\/repliquemangacine.fr\/#\/schema\/logo\/image\/","url":"https:\/\/repliquemangacine.fr\/wp-content\/uploads\/2023\/10\/RMC-500250.png","contentUrl":"https:\/\/repliquemangacine.fr\/wp-content\/uploads\/2023\/10\/RMC-500250.png","width":500,"height":250,"caption":"R\u00e9plique Manga Cin\u00e9"},"image":{"@id":"https:\/\/repliquemangacine.fr\/#\/schema\/logo\/image\/"},"sameAs":["https:\/\/www.facebook.com\/RepliqueMangaCine","https:\/\/www.instagram.com\/repliquemangacine.fr\/"]}]}},"_links":{"self":[{"href":"https:\/\/repliquemangacine.fr\/de\/wp-json\/wp\/v2\/product\/54147","targetHints":{"allow":["GET"]}}],"collection":[{"href":"https:\/\/repliquemangacine.fr\/de\/wp-json\/wp\/v2\/product"}],"about":[{"href":"https:\/\/repliquemangacine.fr\/de\/wp-json\/wp\/v2\/types\/product"}],"wp:featuredmedia":[{"embeddable":true,"href":"https:\/\/repliquemangacine.fr\/de\/wp-json\/wp\/v2\/media\/54148"}],"wp:attachment":[{"href":"https:\/\/repliquemangacine.fr\/de\/wp-json\/wp\/v2\/media?parent=54147"}],"wp:term":[{"taxonomy":"product_brand","embeddable":true,"href":"https:\/\/repliquemangacine.fr\/de\/wp-json\/wp\/v2\/product_brand?post=54147"},{"taxonomy":"product_cat","embeddable":true,"href":"https:\/\/repliquemangacine.fr\/de\/wp-json\/wp\/v2\/product_cat?post=54147"},{"taxonomy":"product_tag","embeddable":true,"href":"https:\/\/repliquemangacine.fr\/de\/wp-json\/wp\/v2\/product_tag?post=54147"}],"curies":[{"name":"wp","href":"https:\/\/api.w.org\/{rel}","templated":true}]}}