





{"id":54140,"date":"2022-10-20T15:55:32","date_gmt":"2022-10-20T13:55:32","guid":{"rendered":"https:\/\/repliquemangacine.fr\/?post_type=product&#038;p=54140"},"modified":"2025-10-15T13:40:48","modified_gmt":"2025-10-15T11:40:48","slug":"16-teiliges-set-one-piece","status":"publish","type":"product","link":"https:\/\/repliquemangacine.fr\/de\/divers-goodies\/coffret-16-pieces-one-piece\/","title":{"rendered":"16-teiliges One Piece-Set"},"content":{"rendered":"<h2>16-teiliges One Piece-Set<\/h2>\n<p>Zun\u00e4chst einmal handelt es sich bei der 16-teiligen One Piece-Box um ein Set aus 16 Schl\u00fcsselanh\u00e4ngern aus Metall.<\/p>\n<p>Die Geschichte folgt haupts\u00e4chlich der Crew von Strohhut, angef\u00fchrt von ihrem Kapit\u00e4n Monkey D. Luffy. Ein Junge, dessen K\u00f6rper die Eigenschaften von Gummi angenommen hat, nachdem er versehentlich eine Teufelsfrucht, die Gum Gum, gegessen hat.<\/p>\n<p>Auch wenn Abenteuer das Leitmotiv des Mangas ist, ist One Piece dennoch voller K\u00e4mpfe. Diese basieren zum einen auf kontextspezifischen Kampftechniken (Schwerter, Kanonen usw.). Roronoa Zoro und Mihawk sind ausgezeichnete Schwertk\u00e4mpfer.<\/p>\n<p>Es muss betont werden, dass One Piece der weltweit meistverkaufte Manga und Anime ist. Am 21.11.2021 wurde die 1000. Folge ver\u00f6ffentlicht, ein Ereignis, das <a href=\"https:\/\/www.bfmtv.com\/people\/series\/one-piece-pourquoi-la-diffusion-de-l-episode-1000-est-un-evenement-historique_AN-202111210067.html\" target=\"_blank\" rel=\"noopener noreferrer\">BFMTV<\/a> gesprochen hat.<\/p>\n<h2>Ihr 16-teiliges One Piece-Set zum besten Preis.<\/h2>\n<p>Wir bieten Ihnen eine gro\u00dfe Auswahl an Repliken aus dem Anime-Manga One Piece.<\/p>\n<p>Zun\u00e4chst<\/p>\n<ul>\n<li>Der riesige <a href=\"https:\/\/repliquemangacine.fr\/de\/one-piece\/sabre-kokuto-yoru-epee-de-dracule-mihawk\/\">Yoru-Schwert von Mihawk<\/a> mit seiner Wache in Kreuzform.<\/li>\n<li>Es gibt auch den <a href=\"https:\/\/repliquemangacine.fr\/de\/one-piece\/katana-kikoku-trafalgar-law-104cm\/\">Trafalgar-Katana<\/a> Law in zwei Dimensionen.<\/li>\n<li>Sowie die<a href=\"https:\/\/repliquemangacine.fr\/de\/one-piece\/katana-enma-de-zoro-cuir-violet\/\">Schwert von Zoro Enma<\/a> in der Luxusversion mit Lederscheide.<\/li>\n<li>Und viele andere, die es in unserem Online-Shop zu entdecken gibt!<\/li>\n<\/ul>\n<p>Deshalb ist dies eine tolle Geschenkidee f\u00fcr alle Fans von One Piece.<\/p>\n<p>Abschlie\u00dfend k\u00f6nnen Sie den <strong>16-teiliges One Piece-Set<\/strong> im Alltag, entweder als Halskette oder als Schl\u00fcsselanh\u00e4nger, je nachdem, worauf Sie Lust haben. Vor allem aber ist es ein Sammlerst\u00fcck.<\/p>\n<p>R\u00e9plique Manga Cin\u00e9 ist ein franz\u00f6sisches Familienunternehmen.<\/p>\n<h2>Wie pflegt man die Klinge von Schl\u00fcsselanh\u00e4ngerschwertern?<\/h2>\n<p>Sammlungs- und Dekorationsschwerter werden in vereinfachter Form hergestellt und zusammengebaut. Da sie zu Dekorationszwecken verwendet werden, fehlen ihnen die Sicherheitselemente, die ein japanisches Schwert f\u00fcr Trainingszwecke aufweisen muss.<\/p>\n<p>Jedoch, <strong>16-teiliges One Piece-Set<\/strong> zu einer Stahlklinge, die gepflegt werden muss, damit sie nicht mit der Zeit abgenutzt wird. Wenn du dein Schwert n\u00e4mlich ausstellst, werden deine Freunde neugierig sein, die Klinge zu sehen und sie zu ber\u00fchren. Hier ist Vorsicht geboten, denn Sie sollten wissen, dass die S\u00e4ure der Finger dem Stahl unabh\u00e4ngig von seiner Qualit\u00e4t sehr schadet.<\/p>\n<p>Wenn dies jedoch passiert, keine Panik, Sie brauchen nur ein Tuch, das mit etwas \u00d6l befeuchtet ist, und wischen die Fingerabdr\u00fccke ab. Wenn Sie dies tun, werden Sie Ihr Schwert sehr lange behalten.<\/p>","protected":false},"excerpt":{"rendered":"<p>Wundersch\u00f6nes 16-teiliges One Piece-Set bestehend aus:<\/p>\n<ul>\n<li>1 Schwert Trafalgar Law und Scheide<\/li>\n<li>4 Schwerter von Zoro<\/li>\n<li>2 Ringe Logo one piece<\/li>\n<li>3 One Piece Piraten-Logos<\/li>\n<li>3 Goldene St\u00e4be<\/li>\n<li>1 Seil-Halskette mit kleinem Karabinerhaken als Verschluss.<\/li>\n<li>1 Schl\u00fcsselring<\/li>\n<li>1 Kleiner Karabinerhaken Schl\u00fcsselanh\u00e4nger<\/li>\n<li>Sammlerbox mit dem Manga-Logo<\/li>\n<li>Innenausstattung aus rotem Samt<\/li>\n<\/ul>","protected":false},"featured_media":54141,"template":"","meta":[],"product_brand":[896],"product_cat":[98,94,23,36],"product_tag":[],"class_list":{"0":"post-54140","1":"product","2":"type-product","3":"status-publish","4":"has-post-thumbnail","6":"product_brand-replique-manga-cine","7":"product_cat-divers-goodies","8":"product_cat-goodies","9":"product_cat-repliques-manga-jeux-video","10":"product_cat-katana-one-piece","12":"first","13":"outofstock","14":"taxable","15":"shipping-taxable","16":"purchasable","17":"product-type-simple"},"yoast_head":"<!-- This site is optimized with the Yoast SEO plugin v27.5 - https:\/\/yoast.com\/product\/yoast-seo-wordpress\/ -->\n<title>Coffret 16 pi\u00e8ces One Piece - Goodies - R\u00e9plique Manga Cin\u00e9<\/title>\n<meta name=\"description\" content=\"Superbe Coffret 16 pi\u00e8ces One Piece. A utiliser dans la vie de tous les jours soit en collier ou en porte-cl\u00e9s selon votre envie. Coffret collector\" \/>\n<meta name=\"robots\" content=\"index, follow, max-snippet:-1, max-image-preview:large, max-video-preview:-1\" \/>\n<link rel=\"canonical\" href=\"https:\/\/repliquemangacine.fr\/de\/verschiedene-goodies\/16-teiliges-set-one-piece\/\" \/>\n<meta property=\"og:locale\" content=\"de_DE\" \/>\n<meta property=\"og:type\" content=\"article\" \/>\n<meta property=\"og:title\" content=\"Coffret 16 pi\u00e8ces One Piece - Goodies - R\u00e9plique Manga Cin\u00e9\" \/>\n<meta property=\"og:description\" content=\"Superbe Coffret 16 pi\u00e8ces One Piece. A utiliser dans la vie de tous les jours soit en collier ou en porte-cl\u00e9s selon votre envie. Coffret collector\" \/>\n<meta property=\"og:url\" content=\"https:\/\/repliquemangacine.fr\/de\/verschiedene-goodies\/16-teiliges-set-one-piece\/\" \/>\n<meta property=\"og:site_name\" content=\"R\u00e9plique Manga Cin\u00e9\" \/>\n<meta property=\"article:publisher\" content=\"https:\/\/www.facebook.com\/RepliqueMangaCine\" \/>\n<meta property=\"article:modified_time\" content=\"2025-10-15T11:40:48+00:00\" \/>\n<meta property=\"og:image\" content=\"https:\/\/repliquemangacine.fr\/wp-content\/uploads\/2023\/10\/Coffret-16-pieces-One-Piece-collector.jpg\" \/>\n\t<meta property=\"og:image:width\" content=\"500\" \/>\n\t<meta property=\"og:image:height\" content=\"500\" \/>\n\t<meta property=\"og:image:type\" content=\"image\/jpeg\" \/>\n<meta name=\"twitter:card\" content=\"summary_large_image\" \/>\n<meta name=\"twitter:label1\" content=\"Gesch\u00e4tzte Lesezeit\" \/>\n\t<meta name=\"twitter:data1\" content=\"2\u00a0Minuten\" \/>\n<script type=\"application\/ld+json\" class=\"yoast-schema-graph\">{\"@context\":\"https:\\\/\\\/schema.org\",\"@graph\":[{\"@type\":\"WebPage\",\"@id\":\"https:\\\/\\\/repliquemangacine.fr\\\/divers-goodies\\\/coffret-16-pieces-one-piece\\\/\",\"url\":\"https:\\\/\\\/repliquemangacine.fr\\\/divers-goodies\\\/coffret-16-pieces-one-piece\\\/\",\"name\":\"Coffret 16 pi\u00e8ces One Piece - Goodies - R\u00e9plique Manga Cin\u00e9\",\"isPartOf\":{\"@id\":\"https:\\\/\\\/repliquemangacine.fr\\\/#website\"},\"primaryImageOfPage\":{\"@id\":\"https:\\\/\\\/repliquemangacine.fr\\\/divers-goodies\\\/coffret-16-pieces-one-piece\\\/#primaryimage\"},\"image\":{\"@id\":\"https:\\\/\\\/repliquemangacine.fr\\\/divers-goodies\\\/coffret-16-pieces-one-piece\\\/#primaryimage\"},\"thumbnailUrl\":\"https:\\\/\\\/repliquemangacine.fr\\\/wp-content\\\/uploads\\\/2023\\\/10\\\/Coffret-16-pieces-One-Piece-collector.jpg\",\"datePublished\":\"2022-10-20T13:55:32+00:00\",\"dateModified\":\"2025-10-15T11:40:48+00:00\",\"description\":\"Superbe Coffret 16 pi\u00e8ces One Piece. A utiliser dans la vie de tous les jours soit en collier ou en porte-cl\u00e9s selon votre envie. Coffret collector\",\"breadcrumb\":{\"@id\":\"https:\\\/\\\/repliquemangacine.fr\\\/divers-goodies\\\/coffret-16-pieces-one-piece\\\/#breadcrumb\"},\"inLanguage\":\"de\",\"potentialAction\":[{\"@type\":\"ReadAction\",\"target\":[\"https:\\\/\\\/repliquemangacine.fr\\\/divers-goodies\\\/coffret-16-pieces-one-piece\\\/\"]}]},{\"@type\":\"ImageObject\",\"inLanguage\":\"de\",\"@id\":\"https:\\\/\\\/repliquemangacine.fr\\\/divers-goodies\\\/coffret-16-pieces-one-piece\\\/#primaryimage\",\"url\":\"https:\\\/\\\/repliquemangacine.fr\\\/wp-content\\\/uploads\\\/2023\\\/10\\\/Coffret-16-pieces-One-Piece-collector.jpg\",\"contentUrl\":\"https:\\\/\\\/repliquemangacine.fr\\\/wp-content\\\/uploads\\\/2023\\\/10\\\/Coffret-16-pieces-One-Piece-collector.jpg\",\"width\":500,\"height\":500,\"caption\":\"Coffret 16 pi\u00e8ces One Piece collector\"},{\"@type\":\"BreadcrumbList\",\"@id\":\"https:\\\/\\\/repliquemangacine.fr\\\/divers-goodies\\\/coffret-16-pieces-one-piece\\\/#breadcrumb\",\"itemListElement\":[{\"@type\":\"ListItem\",\"position\":1,\"name\":\"Accueil\",\"item\":\"https:\\\/\\\/repliquemangacine.fr\\\/\"},{\"@type\":\"ListItem\",\"position\":2,\"name\":\"Produits\",\"item\":\"https:\\\/\\\/repliquemangacine.fr\\\/boutique\\\/\"},{\"@type\":\"ListItem\",\"position\":3,\"name\":\"Coffret 16 pi\u00e8ces One Piece\"}]},{\"@type\":\"WebSite\",\"@id\":\"https:\\\/\\\/repliquemangacine.fr\\\/#website\",\"url\":\"https:\\\/\\\/repliquemangacine.fr\\\/\",\"name\":\"R\u00e9plique Manga Cin\u00e9\",\"description\":\"\",\"publisher\":{\"@id\":\"https:\\\/\\\/repliquemangacine.fr\\\/#organization\"},\"potentialAction\":[{\"@type\":\"SearchAction\",\"target\":{\"@type\":\"EntryPoint\",\"urlTemplate\":\"https:\\\/\\\/repliquemangacine.fr\\\/?s={search_term_string}\"},\"query-input\":{\"@type\":\"PropertyValueSpecification\",\"valueRequired\":true,\"valueName\":\"search_term_string\"}}],\"inLanguage\":\"de\"},{\"@type\":\"Organization\",\"@id\":\"https:\\\/\\\/repliquemangacine.fr\\\/#organization\",\"name\":\"R\u00e9plique Manga Cin\u00e9\",\"url\":\"https:\\\/\\\/repliquemangacine.fr\\\/\",\"logo\":{\"@type\":\"ImageObject\",\"inLanguage\":\"de\",\"@id\":\"https:\\\/\\\/repliquemangacine.fr\\\/#\\\/schema\\\/logo\\\/image\\\/\",\"url\":\"https:\\\/\\\/repliquemangacine.fr\\\/wp-content\\\/uploads\\\/2023\\\/10\\\/RMC-500250.png\",\"contentUrl\":\"https:\\\/\\\/repliquemangacine.fr\\\/wp-content\\\/uploads\\\/2023\\\/10\\\/RMC-500250.png\",\"width\":500,\"height\":250,\"caption\":\"R\u00e9plique Manga Cin\u00e9\"},\"image\":{\"@id\":\"https:\\\/\\\/repliquemangacine.fr\\\/#\\\/schema\\\/logo\\\/image\\\/\"},\"sameAs\":[\"https:\\\/\\\/www.facebook.com\\\/RepliqueMangaCine\",\"https:\\\/\\\/www.instagram.com\\\/repliquemangacine.fr\\\/\"]}]}<\/script>\n<!-- \/ Yoast SEO plugin. -->","yoast_head_json":{"title":"One Piece 16-teiliges Set - Goodies - R\u00e9plique Manga Cin\u00e9","description":"Wundersch\u00f6nes 16-teiliges One Piece-Set. Verwenden Sie es im Alltag entweder als Halskette oder als Schl\u00fcsselanh\u00e4nger, ganz wie Sie m\u00f6chten. Sammlerset","robots":{"index":"index","follow":"follow","max-snippet":"max-snippet:-1","max-image-preview":"max-image-preview:large","max-video-preview":"max-video-preview:-1"},"canonical":"https:\/\/repliquemangacine.fr\/de\/verschiedene-goodies\/16-teiliges-set-one-piece\/","og_locale":"de_DE","og_type":"article","og_title":"Coffret 16 pi\u00e8ces One Piece - Goodies - R\u00e9plique Manga Cin\u00e9","og_description":"Superbe Coffret 16 pi\u00e8ces One Piece. A utiliser dans la vie de tous les jours soit en collier ou en porte-cl\u00e9s selon votre envie. Coffret collector","og_url":"https:\/\/repliquemangacine.fr\/de\/verschiedene-goodies\/16-teiliges-set-one-piece\/","og_site_name":"R\u00e9plique Manga Cin\u00e9","article_publisher":"https:\/\/www.facebook.com\/RepliqueMangaCine","article_modified_time":"2025-10-15T11:40:48+00:00","og_image":[{"width":500,"height":500,"url":"https:\/\/repliquemangacine.fr\/wp-content\/uploads\/2023\/10\/Coffret-16-pieces-One-Piece-collector.jpg","type":"image\/jpeg"}],"twitter_card":"summary_large_image","twitter_misc":{"Gesch\u00e4tzte Lesezeit":"2\u00a0Minuten"},"schema":{"@context":"https:\/\/schema.org","@graph":[{"@type":"WebPage","@id":"https:\/\/repliquemangacine.fr\/divers-goodies\/coffret-16-pieces-one-piece\/","url":"https:\/\/repliquemangacine.fr\/divers-goodies\/coffret-16-pieces-one-piece\/","name":"One Piece 16-teiliges Set - Goodies - R\u00e9plique Manga Cin\u00e9","isPartOf":{"@id":"https:\/\/repliquemangacine.fr\/#website"},"primaryImageOfPage":{"@id":"https:\/\/repliquemangacine.fr\/divers-goodies\/coffret-16-pieces-one-piece\/#primaryimage"},"image":{"@id":"https:\/\/repliquemangacine.fr\/divers-goodies\/coffret-16-pieces-one-piece\/#primaryimage"},"thumbnailUrl":"https:\/\/repliquemangacine.fr\/wp-content\/uploads\/2023\/10\/Coffret-16-pieces-One-Piece-collector.jpg","datePublished":"2022-10-20T13:55:32+00:00","dateModified":"2025-10-15T11:40:48+00:00","description":"Wundersch\u00f6nes 16-teiliges One Piece-Set. Verwenden Sie es im Alltag entweder als Halskette oder als Schl\u00fcsselanh\u00e4nger, ganz wie Sie m\u00f6chten. Sammlerset","breadcrumb":{"@id":"https:\/\/repliquemangacine.fr\/divers-goodies\/coffret-16-pieces-one-piece\/#breadcrumb"},"inLanguage":"de","potentialAction":[{"@type":"ReadAction","target":["https:\/\/repliquemangacine.fr\/divers-goodies\/coffret-16-pieces-one-piece\/"]}]},{"@type":"ImageObject","inLanguage":"de","@id":"https:\/\/repliquemangacine.fr\/divers-goodies\/coffret-16-pieces-one-piece\/#primaryimage","url":"https:\/\/repliquemangacine.fr\/wp-content\/uploads\/2023\/10\/Coffret-16-pieces-One-Piece-collector.jpg","contentUrl":"https:\/\/repliquemangacine.fr\/wp-content\/uploads\/2023\/10\/Coffret-16-pieces-One-Piece-collector.jpg","width":500,"height":500,"caption":"Coffret 16 pi\u00e8ces One Piece collector"},{"@type":"BreadcrumbList","@id":"https:\/\/repliquemangacine.fr\/divers-goodies\/coffret-16-pieces-one-piece\/#breadcrumb","itemListElement":[{"@type":"ListItem","position":1,"name":"Accueil","item":"https:\/\/repliquemangacine.fr\/"},{"@type":"ListItem","position":2,"name":"Produits","item":"https:\/\/repliquemangacine.fr\/boutique\/"},{"@type":"ListItem","position":3,"name":"Coffret 16 pi\u00e8ces One Piece"}]},{"@type":"WebSite","@id":"https:\/\/repliquemangacine.fr\/#website","url":"https:\/\/repliquemangacine.fr\/","name":"R\u00e9plique Manga Cin\u00e9","description":"","publisher":{"@id":"https:\/\/repliquemangacine.fr\/#organization"},"potentialAction":[{"@type":"SearchAction","target":{"@type":"EntryPoint","urlTemplate":"https:\/\/repliquemangacine.fr\/?s={search_term_string}"},"query-input":{"@type":"PropertyValueSpecification","valueRequired":true,"valueName":"search_term_string"}}],"inLanguage":"de"},{"@type":"Organization","@id":"https:\/\/repliquemangacine.fr\/#organization","name":"R\u00e9plique Manga Cin\u00e9","url":"https:\/\/repliquemangacine.fr\/","logo":{"@type":"ImageObject","inLanguage":"de","@id":"https:\/\/repliquemangacine.fr\/#\/schema\/logo\/image\/","url":"https:\/\/repliquemangacine.fr\/wp-content\/uploads\/2023\/10\/RMC-500250.png","contentUrl":"https:\/\/repliquemangacine.fr\/wp-content\/uploads\/2023\/10\/RMC-500250.png","width":500,"height":250,"caption":"R\u00e9plique Manga Cin\u00e9"},"image":{"@id":"https:\/\/repliquemangacine.fr\/#\/schema\/logo\/image\/"},"sameAs":["https:\/\/www.facebook.com\/RepliqueMangaCine","https:\/\/www.instagram.com\/repliquemangacine.fr\/"]}]}},"_links":{"self":[{"href":"https:\/\/repliquemangacine.fr\/de\/wp-json\/wp\/v2\/product\/54140","targetHints":{"allow":["GET"]}}],"collection":[{"href":"https:\/\/repliquemangacine.fr\/de\/wp-json\/wp\/v2\/product"}],"about":[{"href":"https:\/\/repliquemangacine.fr\/de\/wp-json\/wp\/v2\/types\/product"}],"wp:featuredmedia":[{"embeddable":true,"href":"https:\/\/repliquemangacine.fr\/de\/wp-json\/wp\/v2\/media\/54141"}],"wp:attachment":[{"href":"https:\/\/repliquemangacine.fr\/de\/wp-json\/wp\/v2\/media?parent=54140"}],"wp:term":[{"taxonomy":"product_brand","embeddable":true,"href":"https:\/\/repliquemangacine.fr\/de\/wp-json\/wp\/v2\/product_brand?post=54140"},{"taxonomy":"product_cat","embeddable":true,"href":"https:\/\/repliquemangacine.fr\/de\/wp-json\/wp\/v2\/product_cat?post=54140"},{"taxonomy":"product_tag","embeddable":true,"href":"https:\/\/repliquemangacine.fr\/de\/wp-json\/wp\/v2\/product_tag?post=54140"}],"curies":[{"name":"wp","href":"https:\/\/api.w.org\/{rel}","templated":true}]}}