





{"id":54131,"date":"2022-10-20T12:43:08","date_gmt":"2022-10-20T10:43:08","guid":{"rendered":"https:\/\/repliquemangacine.fr\/?post_type=product&#038;p=54131"},"modified":"2026-03-05T09:24:41","modified_gmt":"2026-03-05T08:24:41","slug":"essstabchen-set-harry-potter","status":"publish","type":"product","link":"https:\/\/repliquemangacine.fr\/de\/divers-goodies\/coffret-baguettes-harry-potter\/","title":{"rendered":"Harry Potter Zauberstab-Set"},"content":{"rendered":"<h2>Harry Potter Zauberstab-Set mit 15 Teilen<\/h2>\n<p>Zu Beginn wird der <strong>Harry Potter Zauberstab-Set<\/strong> ist ein Set aus 15 Schl\u00fcsselanh\u00e4ngerm\u00fcnzen.<\/p>\n<p>Die Harry-Potter-Filmreihe ist eine achtteilige britisch-amerikanische Fantasy-Saga, die von Warner Bros. produziert wird. Sie basiert auf den sieben gleichnamigen Romanen der Schriftstellerin J. K. Rowling.<\/p>\n<p>Es muss betont werden, dass die Haupthandlung der Serie zur Konfrontation zwischen Harry und Lord Voldemort f\u00fchrt, einem m\u00e4chtigen Schwarzmagier, der nach Unsterblichkeit strebt.<\/p>\n<p>Die Zauberschule Hogwarts hat viele von uns immer wieder zum Tr\u00e4umen angeregt. Harry Potter war ein weltweites Ph\u00e4nomen und stand mehr als zehn Jahre lang im Mittelpunkt des Medieninteresses. Die Qualit\u00e4t des Werks wird unter Muggeln so hoch gesch\u00e4tzt, weil es alle Zutaten f\u00fcr ein Erfolgsrezept und Ruhm enth\u00e4lt.<\/p>\n<h2>Ihre Sammlerbox zum besten Preis.<\/h2>\n<p>Wir bieten Ihnen eine gro\u00dfe Auswahl an Repliken der Harry-Potter-Saga.<\/p>\n<p>Zun\u00e4chst<\/p>\n<ul>\n<li>Das Unumg\u00e4ngliche <a href=\"https:\/\/repliquemangacine.fr\/de\/stabchen-figuren\/zauberstab-hermine-granger-metallkern\/\">Hermines Zauberstab<\/a> Granger mit seinem Metallkern.<\/li>\n<li>Es gibt auch das ber\u00fchmte <a href=\"https:\/\/repliquemangacine.fr\/de\/harry-potter\/ron-weasley-deluminator\/\">Rons Deluminator<\/a> vertrieben von <a href=\"https:\/\/noblecollection.fr\/bijoux-harry-potter-c-10_15.html\" target=\"_blank\" rel=\"noopener noreferrer\">Noble Collection<\/a>.<\/li>\n<li>Sowie die<a href=\"https:\/\/repliquemangacine.fr\/de\/sammlerstucke-harry-potter\/godric-gryffindor-harry-potter-schwert\/\">Gryffindor-Schwert<\/a> die mit Wahlm\u00f6glichkeiten verbunden ist.<\/li>\n<li>Und viele andere, die es in unserem Online-Shop zu entdecken gibt!<\/li>\n<\/ul>\n<p>Deshalb ist dies eine tolle Geschenkidee f\u00fcr alle Fans der Harry-Potter-Saga.<\/p>\n<p>Abschlie\u00dfend k\u00f6nnen Sie den <strong>Harry Potter Zauberstab-Set<\/strong> im Alltag, entweder als Halskette oder als Schl\u00fcsselanh\u00e4nger, je nachdem, worauf Sie Lust haben. Vor allem aber ist es ein Sammlerst\u00fcck.<\/p>\n<h2>Wie werden Ihre Sammelobjekte hergestellt?<\/h2>\n<p>Zun\u00e4chst einmal sind alle unsere Produkte von hoher Qualit\u00e4t und werden mit besonderer Sorgfalt hergestellt. Die Herstellung erfolgt zum Teil von Hand, um jedes noch so kleine Detail zu reproduzieren. Gr\u00f6\u00dfere Teile werden von pr\u00e4zisen Maschinen bearbeitet. Die Gravuren werden in der Regel mit einer Diamantspitze oder einem Laser ausgef\u00fchrt.<\/p>\n<p>Ihre <strong>Harry Potter Zauberstab-Set<\/strong> hergestellt, um jedes Detail genau zu reproduzieren. Um dem Erbe der originalen Meisterwerke gerecht zu werden. Der Schwerpunkt liegt darauf, qualitativ hochwertige Repliken herzustellen, die so historisch genau wie m\u00f6glich sind.<\/p>\n<p>Abschlie\u00dfend sei gesagt, dass unsere Repliken, die aus China, Spanien oder Indien importiert wurden, Sie in Erstaunen versetzen werden!<\/p>\n<p>R\u00e9plique Manga Cin\u00e9 ist ein franz\u00f6sisches Familienunternehmen.<\/p>","protected":false},"excerpt":{"rendered":"<p>Harry Potter 15-teiliges Set Schl\u00fcsselanh\u00e4nger Zauberst\u00e4be bestehend aus :<\/p>\n<ul>\n<li>1 Besen nimbus 2000.<\/li>\n<li>12 Baguettes Figur, ca. 12 cm lang<\/li>\n<li>1 Kleiner Karabinerhaken<\/li>\n<li>1 Schl\u00fcsselring<\/li>\n<li>Sammlerbox mit dem Bild der Saga<\/li>\n<\/ul>","protected":false},"featured_media":54132,"template":"","meta":[],"product_brand":[896],"product_cat":[87,98,24,94,41],"product_tag":[],"class_list":{"0":"post-54131","1":"product","2":"type-product","3":"status-publish","4":"has-post-thumbnail","6":"product_brand-replique-manga-cine","7":"product_cat-collectors-et-goodies-harry-potter","8":"product_cat-divers-goodies","9":"product_cat-films-series-tv-vente-de-katana-epee-et-produits-derives","10":"product_cat-goodies","11":"product_cat-baguettes-et-goodies-harry-potter","13":"first","14":"outofstock","15":"taxable","16":"shipping-taxable","17":"purchasable","18":"product-type-simple"},"yoast_head":"<!-- This site is optimized with the Yoast SEO plugin v27.5 - https:\/\/yoast.com\/product\/yoast-seo-wordpress\/ -->\n<title>Coffret baguettes Harry Potter Porte-Cl\u00e9s - R\u00e9plique Manga Cin\u00e9<\/title>\n<meta name=\"description\" content=\"Superbe Coffret baguettes Harry Potter de 15 pi\u00e8ces porte-cl\u00e9s au meilleur prix - Boite collector - Minis baguettes en m\u00e9tal de 12cm chacune.\" \/>\n<meta name=\"robots\" content=\"index, follow, max-snippet:-1, max-image-preview:large, max-video-preview:-1\" \/>\n<link rel=\"canonical\" href=\"https:\/\/repliquemangacine.fr\/de\/verschiedene-goodies\/essstabchen-set-harry-potter\/\" \/>\n<meta property=\"og:locale\" content=\"de_DE\" \/>\n<meta property=\"og:type\" content=\"article\" \/>\n<meta property=\"og:title\" content=\"Coffret baguettes Harry Potter Porte-Cl\u00e9s - R\u00e9plique Manga Cin\u00e9\" \/>\n<meta property=\"og:description\" content=\"Superbe Coffret baguettes Harry Potter de 15 pi\u00e8ces porte-cl\u00e9s au meilleur prix - Boite collector - Minis baguettes en m\u00e9tal de 12cm chacune.\" \/>\n<meta property=\"og:url\" content=\"https:\/\/repliquemangacine.fr\/de\/verschiedene-goodies\/essstabchen-set-harry-potter\/\" \/>\n<meta property=\"og:site_name\" content=\"R\u00e9plique Manga Cin\u00e9\" \/>\n<meta property=\"article:publisher\" content=\"https:\/\/www.facebook.com\/RepliqueMangaCine\" \/>\n<meta property=\"article:modified_time\" content=\"2026-03-05T08:24:41+00:00\" \/>\n<meta property=\"og:image\" content=\"https:\/\/repliquemangacine.fr\/wp-content\/uploads\/2023\/10\/Coffret-baguettes-Harry-Potter-coffret.jpg\" \/>\n\t<meta property=\"og:image:width\" content=\"500\" \/>\n\t<meta property=\"og:image:height\" content=\"500\" \/>\n\t<meta property=\"og:image:type\" content=\"image\/jpeg\" \/>\n<meta name=\"twitter:card\" content=\"summary_large_image\" \/>\n<meta name=\"twitter:label1\" content=\"Gesch\u00e4tzte Lesezeit\" \/>\n\t<meta name=\"twitter:data1\" content=\"2\u00a0Minuten\" \/>\n<script type=\"application\/ld+json\" class=\"yoast-schema-graph\">{\"@context\":\"https:\\\/\\\/schema.org\",\"@graph\":[{\"@type\":\"WebPage\",\"@id\":\"https:\\\/\\\/repliquemangacine.fr\\\/divers-goodies\\\/coffret-baguettes-harry-potter\\\/\",\"url\":\"https:\\\/\\\/repliquemangacine.fr\\\/divers-goodies\\\/coffret-baguettes-harry-potter\\\/\",\"name\":\"Coffret baguettes Harry Potter Porte-Cl\u00e9s - R\u00e9plique Manga Cin\u00e9\",\"isPartOf\":{\"@id\":\"https:\\\/\\\/repliquemangacine.fr\\\/#website\"},\"primaryImageOfPage\":{\"@id\":\"https:\\\/\\\/repliquemangacine.fr\\\/divers-goodies\\\/coffret-baguettes-harry-potter\\\/#primaryimage\"},\"image\":{\"@id\":\"https:\\\/\\\/repliquemangacine.fr\\\/divers-goodies\\\/coffret-baguettes-harry-potter\\\/#primaryimage\"},\"thumbnailUrl\":\"https:\\\/\\\/repliquemangacine.fr\\\/wp-content\\\/uploads\\\/2023\\\/10\\\/Coffret-baguettes-Harry-Potter-coffret.jpg\",\"datePublished\":\"2022-10-20T10:43:08+00:00\",\"dateModified\":\"2026-03-05T08:24:41+00:00\",\"description\":\"Superbe Coffret baguettes Harry Potter de 15 pi\u00e8ces porte-cl\u00e9s au meilleur prix - Boite collector - Minis baguettes en m\u00e9tal de 12cm chacune.\",\"breadcrumb\":{\"@id\":\"https:\\\/\\\/repliquemangacine.fr\\\/divers-goodies\\\/coffret-baguettes-harry-potter\\\/#breadcrumb\"},\"inLanguage\":\"de\",\"potentialAction\":[{\"@type\":\"ReadAction\",\"target\":[\"https:\\\/\\\/repliquemangacine.fr\\\/divers-goodies\\\/coffret-baguettes-harry-potter\\\/\"]}]},{\"@type\":\"ImageObject\",\"inLanguage\":\"de\",\"@id\":\"https:\\\/\\\/repliquemangacine.fr\\\/divers-goodies\\\/coffret-baguettes-harry-potter\\\/#primaryimage\",\"url\":\"https:\\\/\\\/repliquemangacine.fr\\\/wp-content\\\/uploads\\\/2023\\\/10\\\/Coffret-baguettes-Harry-Potter-coffret.jpg\",\"contentUrl\":\"https:\\\/\\\/repliquemangacine.fr\\\/wp-content\\\/uploads\\\/2023\\\/10\\\/Coffret-baguettes-Harry-Potter-coffret.jpg\",\"width\":500,\"height\":500,\"caption\":\"Coffret baguettes Harry Potter collector\"},{\"@type\":\"BreadcrumbList\",\"@id\":\"https:\\\/\\\/repliquemangacine.fr\\\/divers-goodies\\\/coffret-baguettes-harry-potter\\\/#breadcrumb\",\"itemListElement\":[{\"@type\":\"ListItem\",\"position\":1,\"name\":\"Accueil\",\"item\":\"https:\\\/\\\/repliquemangacine.fr\\\/\"},{\"@type\":\"ListItem\",\"position\":2,\"name\":\"Produits\",\"item\":\"https:\\\/\\\/repliquemangacine.fr\\\/boutique\\\/\"},{\"@type\":\"ListItem\",\"position\":3,\"name\":\"Coffret baguettes Harry Potter\"}]},{\"@type\":\"WebSite\",\"@id\":\"https:\\\/\\\/repliquemangacine.fr\\\/#website\",\"url\":\"https:\\\/\\\/repliquemangacine.fr\\\/\",\"name\":\"R\u00e9plique Manga Cin\u00e9\",\"description\":\"\",\"publisher\":{\"@id\":\"https:\\\/\\\/repliquemangacine.fr\\\/#organization\"},\"potentialAction\":[{\"@type\":\"SearchAction\",\"target\":{\"@type\":\"EntryPoint\",\"urlTemplate\":\"https:\\\/\\\/repliquemangacine.fr\\\/?s={search_term_string}\"},\"query-input\":{\"@type\":\"PropertyValueSpecification\",\"valueRequired\":true,\"valueName\":\"search_term_string\"}}],\"inLanguage\":\"de\"},{\"@type\":\"Organization\",\"@id\":\"https:\\\/\\\/repliquemangacine.fr\\\/#organization\",\"name\":\"R\u00e9plique Manga Cin\u00e9\",\"url\":\"https:\\\/\\\/repliquemangacine.fr\\\/\",\"logo\":{\"@type\":\"ImageObject\",\"inLanguage\":\"de\",\"@id\":\"https:\\\/\\\/repliquemangacine.fr\\\/#\\\/schema\\\/logo\\\/image\\\/\",\"url\":\"https:\\\/\\\/repliquemangacine.fr\\\/wp-content\\\/uploads\\\/2023\\\/10\\\/RMC-500250.png\",\"contentUrl\":\"https:\\\/\\\/repliquemangacine.fr\\\/wp-content\\\/uploads\\\/2023\\\/10\\\/RMC-500250.png\",\"width\":500,\"height\":250,\"caption\":\"R\u00e9plique Manga Cin\u00e9\"},\"image\":{\"@id\":\"https:\\\/\\\/repliquemangacine.fr\\\/#\\\/schema\\\/logo\\\/image\\\/\"},\"sameAs\":[\"https:\\\/\\\/www.facebook.com\\\/RepliqueMangaCine\",\"https:\\\/\\\/www.instagram.com\\\/repliquemangacine.fr\\\/\"]}]}<\/script>\n<!-- \/ Yoast SEO plugin. -->","yoast_head_json":{"title":"Harry Potter Zauberstab-Set Schl\u00fcsselanh\u00e4nger - R\u00e9plique Manga Cin\u00e9","description":"Wundersch\u00f6nes 15-teiliges Harry Potter Zauberstab-Set mit Schl\u00fcsselanh\u00e4nger zum besten Preis - Sammlerbox - Mini-Zauberst\u00e4be aus Metall, jeweils 12 cm lang.","robots":{"index":"index","follow":"follow","max-snippet":"max-snippet:-1","max-image-preview":"max-image-preview:large","max-video-preview":"max-video-preview:-1"},"canonical":"https:\/\/repliquemangacine.fr\/de\/verschiedene-goodies\/essstabchen-set-harry-potter\/","og_locale":"de_DE","og_type":"article","og_title":"Coffret baguettes Harry Potter Porte-Cl\u00e9s - R\u00e9plique Manga Cin\u00e9","og_description":"Superbe Coffret baguettes Harry Potter de 15 pi\u00e8ces porte-cl\u00e9s au meilleur prix - Boite collector - Minis baguettes en m\u00e9tal de 12cm chacune.","og_url":"https:\/\/repliquemangacine.fr\/de\/verschiedene-goodies\/essstabchen-set-harry-potter\/","og_site_name":"R\u00e9plique Manga Cin\u00e9","article_publisher":"https:\/\/www.facebook.com\/RepliqueMangaCine","article_modified_time":"2026-03-05T08:24:41+00:00","og_image":[{"width":500,"height":500,"url":"https:\/\/repliquemangacine.fr\/wp-content\/uploads\/2023\/10\/Coffret-baguettes-Harry-Potter-coffret.jpg","type":"image\/jpeg"}],"twitter_card":"summary_large_image","twitter_misc":{"Gesch\u00e4tzte Lesezeit":"2\u00a0Minuten"},"schema":{"@context":"https:\/\/schema.org","@graph":[{"@type":"WebPage","@id":"https:\/\/repliquemangacine.fr\/divers-goodies\/coffret-baguettes-harry-potter\/","url":"https:\/\/repliquemangacine.fr\/divers-goodies\/coffret-baguettes-harry-potter\/","name":"Harry Potter Zauberstab-Set Schl\u00fcsselanh\u00e4nger - R\u00e9plique Manga Cin\u00e9","isPartOf":{"@id":"https:\/\/repliquemangacine.fr\/#website"},"primaryImageOfPage":{"@id":"https:\/\/repliquemangacine.fr\/divers-goodies\/coffret-baguettes-harry-potter\/#primaryimage"},"image":{"@id":"https:\/\/repliquemangacine.fr\/divers-goodies\/coffret-baguettes-harry-potter\/#primaryimage"},"thumbnailUrl":"https:\/\/repliquemangacine.fr\/wp-content\/uploads\/2023\/10\/Coffret-baguettes-Harry-Potter-coffret.jpg","datePublished":"2022-10-20T10:43:08+00:00","dateModified":"2026-03-05T08:24:41+00:00","description":"Wundersch\u00f6nes 15-teiliges Harry Potter Zauberstab-Set mit Schl\u00fcsselanh\u00e4nger zum besten Preis - Sammlerbox - Mini-Zauberst\u00e4be aus Metall, jeweils 12 cm lang.","breadcrumb":{"@id":"https:\/\/repliquemangacine.fr\/divers-goodies\/coffret-baguettes-harry-potter\/#breadcrumb"},"inLanguage":"de","potentialAction":[{"@type":"ReadAction","target":["https:\/\/repliquemangacine.fr\/divers-goodies\/coffret-baguettes-harry-potter\/"]}]},{"@type":"ImageObject","inLanguage":"de","@id":"https:\/\/repliquemangacine.fr\/divers-goodies\/coffret-baguettes-harry-potter\/#primaryimage","url":"https:\/\/repliquemangacine.fr\/wp-content\/uploads\/2023\/10\/Coffret-baguettes-Harry-Potter-coffret.jpg","contentUrl":"https:\/\/repliquemangacine.fr\/wp-content\/uploads\/2023\/10\/Coffret-baguettes-Harry-Potter-coffret.jpg","width":500,"height":500,"caption":"Coffret baguettes Harry Potter collector"},{"@type":"BreadcrumbList","@id":"https:\/\/repliquemangacine.fr\/divers-goodies\/coffret-baguettes-harry-potter\/#breadcrumb","itemListElement":[{"@type":"ListItem","position":1,"name":"Accueil","item":"https:\/\/repliquemangacine.fr\/"},{"@type":"ListItem","position":2,"name":"Produits","item":"https:\/\/repliquemangacine.fr\/boutique\/"},{"@type":"ListItem","position":3,"name":"Coffret baguettes Harry Potter"}]},{"@type":"WebSite","@id":"https:\/\/repliquemangacine.fr\/#website","url":"https:\/\/repliquemangacine.fr\/","name":"R\u00e9plique Manga Cin\u00e9","description":"","publisher":{"@id":"https:\/\/repliquemangacine.fr\/#organization"},"potentialAction":[{"@type":"SearchAction","target":{"@type":"EntryPoint","urlTemplate":"https:\/\/repliquemangacine.fr\/?s={search_term_string}"},"query-input":{"@type":"PropertyValueSpecification","valueRequired":true,"valueName":"search_term_string"}}],"inLanguage":"de"},{"@type":"Organization","@id":"https:\/\/repliquemangacine.fr\/#organization","name":"R\u00e9plique Manga Cin\u00e9","url":"https:\/\/repliquemangacine.fr\/","logo":{"@type":"ImageObject","inLanguage":"de","@id":"https:\/\/repliquemangacine.fr\/#\/schema\/logo\/image\/","url":"https:\/\/repliquemangacine.fr\/wp-content\/uploads\/2023\/10\/RMC-500250.png","contentUrl":"https:\/\/repliquemangacine.fr\/wp-content\/uploads\/2023\/10\/RMC-500250.png","width":500,"height":250,"caption":"R\u00e9plique Manga Cin\u00e9"},"image":{"@id":"https:\/\/repliquemangacine.fr\/#\/schema\/logo\/image\/"},"sameAs":["https:\/\/www.facebook.com\/RepliqueMangaCine","https:\/\/www.instagram.com\/repliquemangacine.fr\/"]}]}},"_links":{"self":[{"href":"https:\/\/repliquemangacine.fr\/de\/wp-json\/wp\/v2\/product\/54131","targetHints":{"allow":["GET"]}}],"collection":[{"href":"https:\/\/repliquemangacine.fr\/de\/wp-json\/wp\/v2\/product"}],"about":[{"href":"https:\/\/repliquemangacine.fr\/de\/wp-json\/wp\/v2\/types\/product"}],"wp:featuredmedia":[{"embeddable":true,"href":"https:\/\/repliquemangacine.fr\/de\/wp-json\/wp\/v2\/media\/54132"}],"wp:attachment":[{"href":"https:\/\/repliquemangacine.fr\/de\/wp-json\/wp\/v2\/media?parent=54131"}],"wp:term":[{"taxonomy":"product_brand","embeddable":true,"href":"https:\/\/repliquemangacine.fr\/de\/wp-json\/wp\/v2\/product_brand?post=54131"},{"taxonomy":"product_cat","embeddable":true,"href":"https:\/\/repliquemangacine.fr\/de\/wp-json\/wp\/v2\/product_cat?post=54131"},{"taxonomy":"product_tag","embeddable":true,"href":"https:\/\/repliquemangacine.fr\/de\/wp-json\/wp\/v2\/product_tag?post=54131"}],"curies":[{"name":"wp","href":"https:\/\/api.w.org\/{rel}","templated":true}]}}