





{"id":54105,"date":"2022-10-19T17:26:33","date_gmt":"2022-10-19T15:26:33","guid":{"rendered":"https:\/\/repliquemangacine.fr\/?post_type=product&#038;p=54105"},"modified":"2025-09-23T18:02:52","modified_gmt":"2025-09-23T16:02:52","slug":"14-teiliges-set-harry-potter","status":"publish","type":"product","link":"https:\/\/repliquemangacine.fr\/de\/divers-goodies\/coffret-14-pieces-harry-potter\/","title":{"rendered":"14-teiliges Harry Potter-Set"},"content":{"rendered":"<h2>14-teiliges Harry Potter-Set<\/h2>\n<p>Zun\u00e4chst einmal handelt es sich bei dem 14-teiligen Harry-Potter-Set um eine Reihe von Teilen, die je nach Wunsch als Schl\u00fcsselanh\u00e4nger oder Halsketten verwendet werden k\u00f6nnen.<\/p>\n<p>Die Harry-Potter-Filmreihe ist eine achtteilige amerikanisch-britische Fantasy-Saga. Sie basiert auf den sieben gleichnamigen Romanen der Schriftstellerin J. K. Rowling.<\/p>\n<p>Die Haupthandlung der Serie f\u00fchrt zur Konfrontation zwischen Harry und Lord Voldemort, einem m\u00e4chtigen dunklen Magier, der nach Unsterblichkeit strebt.<\/p>\n<p>Die Zauberschule Hogwarts hat viele von uns immer wieder zum Tr\u00e4umen gebracht. Als weltweites Ph\u00e4nomen stand Harry Potter mehr als zehn Jahre lang im Mittelpunkt der Medienaufmerksamkeit. Es muss betont werden, dass die Qualit\u00e4t des Werks unter Muggeln so gesch\u00e4tzt wird, weil es alle notwendigen Zutaten f\u00fcr Erfolg und Ruhm enth\u00e4lt.<\/p>\n<h2>Ihre Sammlerbox zum besten Preis.<\/h2>\n<p>Wir bieten Ihnen eine gro\u00dfe Auswahl an Sammlerst\u00fccken aus der Harry-Potter-Saga.<\/p>\n<p>Zun\u00e4chst<\/p>\n<ul>\n<li>Das Unumg\u00e4ngliche <a href=\"https:\/\/repliquemangacine.fr\/de\/stabchen-figuren\/harry-potter-stab-mit-hochwertigem-metallkern\/\">Zauberstab von Harry Potter<\/a> mit seinem Metallkern.<\/li>\n<li>Es gibt auch das ber\u00fchmte offizielle Schachbrett, das von <a href=\"https:\/\/noblecollection.fr\/bijoux-harry-potter-c-10_15.html\" target=\"_blank\" rel=\"noopener noreferrer\">Noble Collection<\/a>.<\/li>\n<li>Sowie die<a href=\"https:\/\/repliquemangacine.fr\/de\/sammlerstucke-harry-potter\/godric-gryffindor-harry-potter-schwert\/\">Gryffindor-Schwert<\/a> die mit Wahlm\u00f6glichkeiten verbunden ist.<\/li>\n<li>Und viele andere, die es in unserem Online-Shop zu entdecken gibt!<\/li>\n<\/ul>\n<p>Deshalb ist dies eine tolle Geschenkidee f\u00fcr alle Fans der Harry-Potter-Saga.<\/p>\n<p>Abschlie\u00dfend k\u00f6nnen Sie den <strong>14-teiliges Harry Potter-Set<\/strong> im Alltag, entweder als Halskette oder als Schl\u00fcsselanh\u00e4nger, je nachdem, worauf Sie Lust haben. Vor allem aber ist es ein Sammlerst\u00fcck.<\/p>\n<p>R\u00e9plique Manga Cin\u00e9 ist ein franz\u00f6sisches Familienunternehmen.<\/p>","protected":false},"excerpt":{"rendered":"<p>14-teiliges Harry Potter-Set bestehend aus :<\/p>\n<ul>\n<li>4 Baguettes personnages mit einer L\u00e4nge von jeweils 8 cm.<\/li>\n<li>1 Halsband Nimbus 2000 mit Kette<\/li>\n<li>1 Helga-Pokal mit Kette<\/li>\n<li>1 Halskette Brief und Eule Hedwig mit Kette<\/li>\n<li>1 Pergamentplatte DA<\/li>\n<li>2 Medaillen<\/li>\n<li>2 Ringe Relikt des Todes<\/li>\n<li>1 Kette, ca. 60 cm lang<\/li>\n<li>1 Ring und Karabinerhaken als Schl\u00fcsselanh\u00e4nger<\/li>\n<li>Sammlerbox mit dem Bild der Saga<\/li>\n<\/ul>","protected":false},"featured_media":54106,"template":"","meta":[],"product_brand":[896],"product_cat":[87,98,24,94,41],"product_tag":[],"class_list":{"0":"post-54105","1":"product","2":"type-product","3":"status-publish","4":"has-post-thumbnail","6":"product_brand-replique-manga-cine","7":"product_cat-collectors-et-goodies-harry-potter","8":"product_cat-divers-goodies","9":"product_cat-films-series-tv-vente-de-katana-epee-et-produits-derives","10":"product_cat-goodies","11":"product_cat-baguettes-et-goodies-harry-potter","13":"first","14":"outofstock","15":"taxable","16":"shipping-taxable","17":"purchasable","18":"product-type-simple"},"yoast_head":"<!-- This site is optimized with the Yoast SEO plugin v27.5 - https:\/\/yoast.com\/product\/yoast-seo-wordpress\/ -->\n<title>Coffret 14 pi\u00e8ces Harry Potter - Goodies - R\u00e9plique Manga Cin\u00e9<\/title>\n<meta name=\"description\" content=\"Magnifique Coffret 14 pi\u00e8ces Harry Potter au meilleur prix. Cette pi\u00e8ce collector rassemble des miniatures d&#039;objets importants dans la saga Harry Potter.\" \/>\n<meta name=\"robots\" content=\"index, follow, max-snippet:-1, max-image-preview:large, max-video-preview:-1\" \/>\n<link rel=\"canonical\" href=\"https:\/\/repliquemangacine.fr\/de\/verschiedene-goodies\/14-teiliges-set-harry-potter\/\" \/>\n<meta property=\"og:locale\" content=\"de_DE\" \/>\n<meta property=\"og:type\" content=\"article\" \/>\n<meta property=\"og:title\" content=\"Coffret 14 pi\u00e8ces Harry Potter - Goodies - R\u00e9plique Manga Cin\u00e9\" \/>\n<meta property=\"og:description\" content=\"Magnifique Coffret 14 pi\u00e8ces Harry Potter au meilleur prix. Cette pi\u00e8ce collector rassemble des miniatures d&#039;objets importants dans la saga Harry Potter.\" \/>\n<meta property=\"og:url\" content=\"https:\/\/repliquemangacine.fr\/de\/verschiedene-goodies\/14-teiliges-set-harry-potter\/\" \/>\n<meta property=\"og:site_name\" content=\"R\u00e9plique Manga Cin\u00e9\" \/>\n<meta property=\"article:publisher\" content=\"https:\/\/www.facebook.com\/RepliqueMangaCine\" \/>\n<meta property=\"article:modified_time\" content=\"2025-09-23T16:02:52+00:00\" \/>\n<meta property=\"og:image\" content=\"https:\/\/repliquemangacine.fr\/wp-content\/uploads\/2023\/10\/Coffret-14-pieces-Harry-Potter-collector.jpg\" \/>\n\t<meta property=\"og:image:width\" content=\"500\" \/>\n\t<meta property=\"og:image:height\" content=\"500\" \/>\n\t<meta property=\"og:image:type\" content=\"image\/jpeg\" \/>\n<meta name=\"twitter:card\" content=\"summary_large_image\" \/>\n<meta name=\"twitter:label1\" content=\"Gesch\u00e4tzte Lesezeit\" \/>\n\t<meta name=\"twitter:data1\" content=\"1\u00a0Minute\" \/>\n<script type=\"application\/ld+json\" class=\"yoast-schema-graph\">{\"@context\":\"https:\\\/\\\/schema.org\",\"@graph\":[{\"@type\":\"WebPage\",\"@id\":\"https:\\\/\\\/repliquemangacine.fr\\\/divers-goodies\\\/coffret-14-pieces-harry-potter\\\/\",\"url\":\"https:\\\/\\\/repliquemangacine.fr\\\/divers-goodies\\\/coffret-14-pieces-harry-potter\\\/\",\"name\":\"Coffret 14 pi\u00e8ces Harry Potter - Goodies - R\u00e9plique Manga Cin\u00e9\",\"isPartOf\":{\"@id\":\"https:\\\/\\\/repliquemangacine.fr\\\/#website\"},\"primaryImageOfPage\":{\"@id\":\"https:\\\/\\\/repliquemangacine.fr\\\/divers-goodies\\\/coffret-14-pieces-harry-potter\\\/#primaryimage\"},\"image\":{\"@id\":\"https:\\\/\\\/repliquemangacine.fr\\\/divers-goodies\\\/coffret-14-pieces-harry-potter\\\/#primaryimage\"},\"thumbnailUrl\":\"https:\\\/\\\/repliquemangacine.fr\\\/wp-content\\\/uploads\\\/2023\\\/10\\\/Coffret-14-pieces-Harry-Potter-collector.jpg\",\"datePublished\":\"2022-10-19T15:26:33+00:00\",\"dateModified\":\"2025-09-23T16:02:52+00:00\",\"description\":\"Magnifique Coffret 14 pi\u00e8ces Harry Potter au meilleur prix. Cette pi\u00e8ce collector rassemble des miniatures d'objets importants dans la saga Harry Potter.\",\"breadcrumb\":{\"@id\":\"https:\\\/\\\/repliquemangacine.fr\\\/divers-goodies\\\/coffret-14-pieces-harry-potter\\\/#breadcrumb\"},\"inLanguage\":\"de\",\"potentialAction\":[{\"@type\":\"ReadAction\",\"target\":[\"https:\\\/\\\/repliquemangacine.fr\\\/divers-goodies\\\/coffret-14-pieces-harry-potter\\\/\"]}]},{\"@type\":\"ImageObject\",\"inLanguage\":\"de\",\"@id\":\"https:\\\/\\\/repliquemangacine.fr\\\/divers-goodies\\\/coffret-14-pieces-harry-potter\\\/#primaryimage\",\"url\":\"https:\\\/\\\/repliquemangacine.fr\\\/wp-content\\\/uploads\\\/2023\\\/10\\\/Coffret-14-pieces-Harry-Potter-collector.jpg\",\"contentUrl\":\"https:\\\/\\\/repliquemangacine.fr\\\/wp-content\\\/uploads\\\/2023\\\/10\\\/Coffret-14-pieces-Harry-Potter-collector.jpg\",\"width\":500,\"height\":500,\"caption\":\"Coffret 14 pi\u00e8ces Harry Potter accessores collector\"},{\"@type\":\"BreadcrumbList\",\"@id\":\"https:\\\/\\\/repliquemangacine.fr\\\/divers-goodies\\\/coffret-14-pieces-harry-potter\\\/#breadcrumb\",\"itemListElement\":[{\"@type\":\"ListItem\",\"position\":1,\"name\":\"Accueil\",\"item\":\"https:\\\/\\\/repliquemangacine.fr\\\/\"},{\"@type\":\"ListItem\",\"position\":2,\"name\":\"Produits\",\"item\":\"https:\\\/\\\/repliquemangacine.fr\\\/boutique\\\/\"},{\"@type\":\"ListItem\",\"position\":3,\"name\":\"Coffret 14 pi\u00e8ces Harry Potter\"}]},{\"@type\":\"WebSite\",\"@id\":\"https:\\\/\\\/repliquemangacine.fr\\\/#website\",\"url\":\"https:\\\/\\\/repliquemangacine.fr\\\/\",\"name\":\"R\u00e9plique Manga Cin\u00e9\",\"description\":\"\",\"publisher\":{\"@id\":\"https:\\\/\\\/repliquemangacine.fr\\\/#organization\"},\"potentialAction\":[{\"@type\":\"SearchAction\",\"target\":{\"@type\":\"EntryPoint\",\"urlTemplate\":\"https:\\\/\\\/repliquemangacine.fr\\\/?s={search_term_string}\"},\"query-input\":{\"@type\":\"PropertyValueSpecification\",\"valueRequired\":true,\"valueName\":\"search_term_string\"}}],\"inLanguage\":\"de\"},{\"@type\":\"Organization\",\"@id\":\"https:\\\/\\\/repliquemangacine.fr\\\/#organization\",\"name\":\"R\u00e9plique Manga Cin\u00e9\",\"url\":\"https:\\\/\\\/repliquemangacine.fr\\\/\",\"logo\":{\"@type\":\"ImageObject\",\"inLanguage\":\"de\",\"@id\":\"https:\\\/\\\/repliquemangacine.fr\\\/#\\\/schema\\\/logo\\\/image\\\/\",\"url\":\"https:\\\/\\\/repliquemangacine.fr\\\/wp-content\\\/uploads\\\/2023\\\/10\\\/RMC-500250.png\",\"contentUrl\":\"https:\\\/\\\/repliquemangacine.fr\\\/wp-content\\\/uploads\\\/2023\\\/10\\\/RMC-500250.png\",\"width\":500,\"height\":250,\"caption\":\"R\u00e9plique Manga Cin\u00e9\"},\"image\":{\"@id\":\"https:\\\/\\\/repliquemangacine.fr\\\/#\\\/schema\\\/logo\\\/image\\\/\"},\"sameAs\":[\"https:\\\/\\\/www.facebook.com\\\/RepliqueMangaCine\",\"https:\\\/\\\/www.instagram.com\\\/repliquemangacine.fr\\\/\"]}]}<\/script>\n<!-- \/ Yoast SEO plugin. -->","yoast_head_json":{"title":"14-teiliges Harry Potter-Set - Goodies - R\u00e9plique Manga Cin\u00e9","description":"Wundersch\u00f6nes 14-teiliges Harry Potter-Set zum besten Preis. Dieses Sammlerst\u00fcck vereint Miniaturen von wichtigen Gegenst\u00e4nden aus der Harry Potter-Saga.","robots":{"index":"index","follow":"follow","max-snippet":"max-snippet:-1","max-image-preview":"max-image-preview:large","max-video-preview":"max-video-preview:-1"},"canonical":"https:\/\/repliquemangacine.fr\/de\/verschiedene-goodies\/14-teiliges-set-harry-potter\/","og_locale":"de_DE","og_type":"article","og_title":"Coffret 14 pi\u00e8ces Harry Potter - Goodies - R\u00e9plique Manga Cin\u00e9","og_description":"Magnifique Coffret 14 pi\u00e8ces Harry Potter au meilleur prix. Cette pi\u00e8ce collector rassemble des miniatures d'objets importants dans la saga Harry Potter.","og_url":"https:\/\/repliquemangacine.fr\/de\/verschiedene-goodies\/14-teiliges-set-harry-potter\/","og_site_name":"R\u00e9plique Manga Cin\u00e9","article_publisher":"https:\/\/www.facebook.com\/RepliqueMangaCine","article_modified_time":"2025-09-23T16:02:52+00:00","og_image":[{"width":500,"height":500,"url":"https:\/\/repliquemangacine.fr\/wp-content\/uploads\/2023\/10\/Coffret-14-pieces-Harry-Potter-collector.jpg","type":"image\/jpeg"}],"twitter_card":"summary_large_image","twitter_misc":{"Gesch\u00e4tzte Lesezeit":"1\u00a0Minute"},"schema":{"@context":"https:\/\/schema.org","@graph":[{"@type":"WebPage","@id":"https:\/\/repliquemangacine.fr\/divers-goodies\/coffret-14-pieces-harry-potter\/","url":"https:\/\/repliquemangacine.fr\/divers-goodies\/coffret-14-pieces-harry-potter\/","name":"14-teiliges Harry Potter-Set - Goodies - R\u00e9plique Manga Cin\u00e9","isPartOf":{"@id":"https:\/\/repliquemangacine.fr\/#website"},"primaryImageOfPage":{"@id":"https:\/\/repliquemangacine.fr\/divers-goodies\/coffret-14-pieces-harry-potter\/#primaryimage"},"image":{"@id":"https:\/\/repliquemangacine.fr\/divers-goodies\/coffret-14-pieces-harry-potter\/#primaryimage"},"thumbnailUrl":"https:\/\/repliquemangacine.fr\/wp-content\/uploads\/2023\/10\/Coffret-14-pieces-Harry-Potter-collector.jpg","datePublished":"2022-10-19T15:26:33+00:00","dateModified":"2025-09-23T16:02:52+00:00","description":"Wundersch\u00f6nes 14-teiliges Harry Potter-Set zum besten Preis. Dieses Sammlerst\u00fcck vereint Miniaturen von wichtigen Gegenst\u00e4nden aus der Harry Potter-Saga.","breadcrumb":{"@id":"https:\/\/repliquemangacine.fr\/divers-goodies\/coffret-14-pieces-harry-potter\/#breadcrumb"},"inLanguage":"de","potentialAction":[{"@type":"ReadAction","target":["https:\/\/repliquemangacine.fr\/divers-goodies\/coffret-14-pieces-harry-potter\/"]}]},{"@type":"ImageObject","inLanguage":"de","@id":"https:\/\/repliquemangacine.fr\/divers-goodies\/coffret-14-pieces-harry-potter\/#primaryimage","url":"https:\/\/repliquemangacine.fr\/wp-content\/uploads\/2023\/10\/Coffret-14-pieces-Harry-Potter-collector.jpg","contentUrl":"https:\/\/repliquemangacine.fr\/wp-content\/uploads\/2023\/10\/Coffret-14-pieces-Harry-Potter-collector.jpg","width":500,"height":500,"caption":"Coffret 14 pi\u00e8ces Harry Potter accessores collector"},{"@type":"BreadcrumbList","@id":"https:\/\/repliquemangacine.fr\/divers-goodies\/coffret-14-pieces-harry-potter\/#breadcrumb","itemListElement":[{"@type":"ListItem","position":1,"name":"Accueil","item":"https:\/\/repliquemangacine.fr\/"},{"@type":"ListItem","position":2,"name":"Produits","item":"https:\/\/repliquemangacine.fr\/boutique\/"},{"@type":"ListItem","position":3,"name":"Coffret 14 pi\u00e8ces Harry Potter"}]},{"@type":"WebSite","@id":"https:\/\/repliquemangacine.fr\/#website","url":"https:\/\/repliquemangacine.fr\/","name":"R\u00e9plique Manga Cin\u00e9","description":"","publisher":{"@id":"https:\/\/repliquemangacine.fr\/#organization"},"potentialAction":[{"@type":"SearchAction","target":{"@type":"EntryPoint","urlTemplate":"https:\/\/repliquemangacine.fr\/?s={search_term_string}"},"query-input":{"@type":"PropertyValueSpecification","valueRequired":true,"valueName":"search_term_string"}}],"inLanguage":"de"},{"@type":"Organization","@id":"https:\/\/repliquemangacine.fr\/#organization","name":"R\u00e9plique Manga Cin\u00e9","url":"https:\/\/repliquemangacine.fr\/","logo":{"@type":"ImageObject","inLanguage":"de","@id":"https:\/\/repliquemangacine.fr\/#\/schema\/logo\/image\/","url":"https:\/\/repliquemangacine.fr\/wp-content\/uploads\/2023\/10\/RMC-500250.png","contentUrl":"https:\/\/repliquemangacine.fr\/wp-content\/uploads\/2023\/10\/RMC-500250.png","width":500,"height":250,"caption":"R\u00e9plique Manga Cin\u00e9"},"image":{"@id":"https:\/\/repliquemangacine.fr\/#\/schema\/logo\/image\/"},"sameAs":["https:\/\/www.facebook.com\/RepliqueMangaCine","https:\/\/www.instagram.com\/repliquemangacine.fr\/"]}]}},"_links":{"self":[{"href":"https:\/\/repliquemangacine.fr\/de\/wp-json\/wp\/v2\/product\/54105","targetHints":{"allow":["GET"]}}],"collection":[{"href":"https:\/\/repliquemangacine.fr\/de\/wp-json\/wp\/v2\/product"}],"about":[{"href":"https:\/\/repliquemangacine.fr\/de\/wp-json\/wp\/v2\/types\/product"}],"wp:featuredmedia":[{"embeddable":true,"href":"https:\/\/repliquemangacine.fr\/de\/wp-json\/wp\/v2\/media\/54106"}],"wp:attachment":[{"href":"https:\/\/repliquemangacine.fr\/de\/wp-json\/wp\/v2\/media?parent=54105"}],"wp:term":[{"taxonomy":"product_brand","embeddable":true,"href":"https:\/\/repliquemangacine.fr\/de\/wp-json\/wp\/v2\/product_brand?post=54105"},{"taxonomy":"product_cat","embeddable":true,"href":"https:\/\/repliquemangacine.fr\/de\/wp-json\/wp\/v2\/product_cat?post=54105"},{"taxonomy":"product_tag","embeddable":true,"href":"https:\/\/repliquemangacine.fr\/de\/wp-json\/wp\/v2\/product_tag?post=54105"}],"curies":[{"name":"wp","href":"https:\/\/api.w.org\/{rel}","templated":true}]}}