





{"id":54097,"date":"2022-10-19T16:03:01","date_gmt":"2022-10-19T14:03:01","guid":{"rendered":"https:\/\/repliquemangacine.fr\/?post_type=product&#038;p=54097"},"modified":"2025-12-21T17:08:25","modified_gmt":"2025-12-21T16:08:25","slug":"15-teilige-box-demon-slayer","status":"publish","type":"product","link":"https:\/\/repliquemangacine.fr\/de\/divers-goodies\/coffret-15-pieces-demon-slayer\/","title":{"rendered":"15-teiliges Set Demon Slayer"},"content":{"rendered":"<h2>15-teiliges Set Demon Slayer<\/h2>\n<p>Zu Beginn wird der <strong>15-teiliges Set Demon Slayer<\/strong> ist ein Set aus Teilen, die je nach Wunsch als Schl\u00fcsselanh\u00e4nger oder Halsketten verwendet werden k\u00f6nnen.<\/p>\n<p>Demon Slayer, in Japan bekannt unter dem Namen <a href=\"https:\/\/kimetsu-no-yaiba.fandom.com\/fr\/wiki\/Wiki_Kimetsu_no_Yaiba\" target=\"_blank\" rel=\"noopener noreferrer\">Kimetsu no yaiba<\/a> (Die D\u00e4monent\u00f6tende Klinge).<\/p>\n<p>Demon Slayer ist der meistverkaufte Manga in Japan in den Jahren 2019 und 2020. Der Animationsfilm ist der gr\u00f6\u00dfte Kassenerfolg in Japan.<\/p>\n<p>Es ist die Geschichte von Tanjiro, einem jungen Mann, dessen Vater verstorben ist. Eines Tages findet er seine gesamte Familie ermordet vor. Die einzige \u00dcberlebende ist seine Schwester Nezuko, die sich in einen D\u00e4mon verwandelt hat. Sie scheint noch einige menschliche Gedanken bewahrt zu haben. Tanjiro begibt sich daraufhin auf eine lange Reise, um einen Weg zu finden, seine Schwester wieder in einen Menschen zu verwandeln und seine Familie zu r\u00e4chen.<\/p>\n<h2>Ihr 15-teiliges Demon Slayer-Set zum besten Preis<\/h2>\n<p>Wir bieten Ihnen eine gro\u00dfe Auswahl an Nachbildungen des Katana-Schwertes aus dem Anime-Manga Demon Slayer.<\/p>\n<p>Zun\u00e4chst<\/p>\n<ul>\n<li>Die <a href=\"https:\/\/repliquemangacine.fr\/de\/demon-slayer\/katana-tanjiro-kamado-demon-slayer\/\">Katana von Tanjiro<\/a> in seiner nicht-schneidenden Version.<\/li>\n<li>Es gibt auch den <a href=\"https:\/\/repliquemangacine.fr\/de\/demon-slayer\/katana-von-zenitsu-agatsuma-demon-slayer\/\">Katana von Zenitsu<\/a> nicht scharfkantig.<\/li>\n<li>Ebenso wie Inosukes Schwert mit der gekerbten Klinge.<\/li>\n<li>Und viele andere mehr!<\/li>\n<\/ul>\n<p>Deshalb ist dies eine gro\u00dfartige Geschenkidee f\u00fcr alle Fans dieses Anime-Mangas.<\/p>\n<p>Abschlie\u00dfend k\u00f6nnen Sie den <strong>15-teiliges Set Demon Slayer<\/strong> im Alltag, entweder als Halskette oder als Schl\u00fcsselanh\u00e4nger, je nachdem, was Ihnen gef\u00e4llt. Vor allem ist es ein Sammlerst\u00fcck.<\/p>\n<h2>Unsere g\u00fcnstigen Demon Slayer-Neuheiten.<\/h2>\n<p>Unser Ziel ist es, Sie zufrieden zu stellen. Aus diesem Grund setzen wir alles daran, die von Ihnen gesuchten Sammlerst\u00fccke zu finden. Z\u00f6gern Sie also nicht, uns Ihre W\u00fcnsche und Anmerkungen mitzuteilen, damit wir das Abenteuer gemeinsam fortsetzen k\u00f6nnen!<\/p>\n<p>Entdecken Sie f\u00fcr Ihre Manga-Conventions und Cosplay-Paraden den Knebel von Nezuko mit seinem langen roten Band. Sie haben danach gefragt, jetzt sind sie da! Die Demon Slayer-Figuren werden sehr bald erh\u00e4ltlich sein. Au\u00dferdem werden wir Wallscrolls und andere Goodies zu kleinen Preisen ins Sortiment aufnehmen. Aber Sie m\u00fcssen sich noch ein wenig gedulden!<\/p>\n<p>R\u00e9plique Manga Cin\u00e9 ist ein franz\u00f6sisches Familienunternehmen<\/p>","protected":false},"excerpt":{"rendered":"<p>Wundersch\u00f6nes 15-teiliges Demon Slayer Set bestehend aus:<\/p>\n<ul>\n<li>2 Schwerter mit nicht abnehmbarer Scheide.<\/li>\n<li>1 Charakter-Pin von Zenitsu Agatsuma<\/li>\n<li>1 Axt mit Dreschflegel und Kette<\/li>\n<li>3 Charakter-Medaillen<\/li>\n<li>1 Kanji-Symbol<\/li>\n<li>1 Bambus mit Band, den Nezuko tr\u00e4gt<\/li>\n<li>2 Logoplatten<\/li>\n<li>1 Kette von ca. 55 cm L\u00e4nge<\/li>\n<li>2 Schl\u00fcsselanh\u00e4nger-Mechanismus ( Ring und kleiner Karabinerhaken)<\/li>\n<li>Sammlerbox mit dem Bild des Mangas<\/li>\n<li>Innenausstattung aus rotem Samt<\/li>\n<\/ul>","protected":false},"featured_media":54098,"template":"","meta":[],"product_brand":[896],"product_cat":[63,98,94,23],"product_tag":[],"class_list":{"0":"post-54097","1":"product","2":"type-product","3":"status-publish","4":"has-post-thumbnail","6":"product_brand-replique-manga-cine","7":"product_cat-katana-demon-slayer","8":"product_cat-divers-goodies","9":"product_cat-goodies","10":"product_cat-repliques-manga-jeux-video","12":"first","13":"instock","14":"taxable","15":"shipping-taxable","16":"purchasable","17":"product-type-simple"},"yoast_head":"<!-- This site is optimized with the Yoast SEO plugin v27.5 - https:\/\/yoast.com\/product\/yoast-seo-wordpress\/ -->\n<title>Coffret 15 pi\u00e8ces Demon Slayer - Goodies - R\u00e9plique Manga Cin\u00e9<\/title>\n<meta name=\"description\" content=\"Superbe ce Coffret 15 pi\u00e8ces Demon Slayer. En collier ou en porte-cl\u00e9s selon votre envie. Ce coffret collector est \u00e0 petits prix pour tous les fans !\" \/>\n<meta name=\"robots\" content=\"index, follow, max-snippet:-1, max-image-preview:large, max-video-preview:-1\" \/>\n<link rel=\"canonical\" href=\"https:\/\/repliquemangacine.fr\/de\/verschiedene-goodies\/15-teilige-box-demon-slayer\/\" \/>\n<meta property=\"og:locale\" content=\"de_DE\" \/>\n<meta property=\"og:type\" content=\"article\" \/>\n<meta property=\"og:title\" content=\"Coffret 15 pi\u00e8ces Demon Slayer - Goodies - R\u00e9plique Manga Cin\u00e9\" \/>\n<meta property=\"og:description\" content=\"Superbe ce Coffret 15 pi\u00e8ces Demon Slayer. En collier ou en porte-cl\u00e9s selon votre envie. Ce coffret collector est \u00e0 petits prix pour tous les fans !\" \/>\n<meta property=\"og:url\" content=\"https:\/\/repliquemangacine.fr\/de\/verschiedene-goodies\/15-teilige-box-demon-slayer\/\" \/>\n<meta property=\"og:site_name\" content=\"R\u00e9plique Manga Cin\u00e9\" \/>\n<meta property=\"article:publisher\" content=\"https:\/\/www.facebook.com\/RepliqueMangaCine\" \/>\n<meta property=\"article:modified_time\" content=\"2025-12-21T16:08:25+00:00\" \/>\n<meta property=\"og:image\" content=\"https:\/\/repliquemangacine.fr\/wp-content\/uploads\/2023\/10\/coffret-Demon-Slayer.jpg\" \/>\n\t<meta property=\"og:image:width\" content=\"500\" \/>\n\t<meta property=\"og:image:height\" content=\"500\" \/>\n\t<meta property=\"og:image:type\" content=\"image\/jpeg\" \/>\n<meta name=\"twitter:card\" content=\"summary_large_image\" \/>\n<meta name=\"twitter:label1\" content=\"Gesch\u00e4tzte Lesezeit\" \/>\n\t<meta name=\"twitter:data1\" content=\"2\u00a0Minuten\" \/>\n<script type=\"application\/ld+json\" class=\"yoast-schema-graph\">{\"@context\":\"https:\\\/\\\/schema.org\",\"@graph\":[{\"@type\":\"WebPage\",\"@id\":\"https:\\\/\\\/repliquemangacine.fr\\\/divers-goodies\\\/coffret-15-pieces-demon-slayer\\\/\",\"url\":\"https:\\\/\\\/repliquemangacine.fr\\\/divers-goodies\\\/coffret-15-pieces-demon-slayer\\\/\",\"name\":\"Coffret 15 pi\u00e8ces Demon Slayer - Goodies - R\u00e9plique Manga Cin\u00e9\",\"isPartOf\":{\"@id\":\"https:\\\/\\\/repliquemangacine.fr\\\/#website\"},\"primaryImageOfPage\":{\"@id\":\"https:\\\/\\\/repliquemangacine.fr\\\/divers-goodies\\\/coffret-15-pieces-demon-slayer\\\/#primaryimage\"},\"image\":{\"@id\":\"https:\\\/\\\/repliquemangacine.fr\\\/divers-goodies\\\/coffret-15-pieces-demon-slayer\\\/#primaryimage\"},\"thumbnailUrl\":\"https:\\\/\\\/repliquemangacine.fr\\\/wp-content\\\/uploads\\\/2023\\\/10\\\/coffret-Demon-Slayer.jpg\",\"datePublished\":\"2022-10-19T14:03:01+00:00\",\"dateModified\":\"2025-12-21T16:08:25+00:00\",\"description\":\"Superbe ce Coffret 15 pi\u00e8ces Demon Slayer. En collier ou en porte-cl\u00e9s selon votre envie. Ce coffret collector est \u00e0 petits prix pour tous les fans !\",\"breadcrumb\":{\"@id\":\"https:\\\/\\\/repliquemangacine.fr\\\/divers-goodies\\\/coffret-15-pieces-demon-slayer\\\/#breadcrumb\"},\"inLanguage\":\"de\",\"potentialAction\":[{\"@type\":\"ReadAction\",\"target\":[\"https:\\\/\\\/repliquemangacine.fr\\\/divers-goodies\\\/coffret-15-pieces-demon-slayer\\\/\"]}]},{\"@type\":\"ImageObject\",\"inLanguage\":\"de\",\"@id\":\"https:\\\/\\\/repliquemangacine.fr\\\/divers-goodies\\\/coffret-15-pieces-demon-slayer\\\/#primaryimage\",\"url\":\"https:\\\/\\\/repliquemangacine.fr\\\/wp-content\\\/uploads\\\/2023\\\/10\\\/coffret-Demon-Slayer.jpg\",\"contentUrl\":\"https:\\\/\\\/repliquemangacine.fr\\\/wp-content\\\/uploads\\\/2023\\\/10\\\/coffret-Demon-Slayer.jpg\",\"width\":500,\"height\":500,\"caption\":\"Coffret 15 pi\u00e8ces Demon Slayer collector\"},{\"@type\":\"BreadcrumbList\",\"@id\":\"https:\\\/\\\/repliquemangacine.fr\\\/divers-goodies\\\/coffret-15-pieces-demon-slayer\\\/#breadcrumb\",\"itemListElement\":[{\"@type\":\"ListItem\",\"position\":1,\"name\":\"Accueil\",\"item\":\"https:\\\/\\\/repliquemangacine.fr\\\/\"},{\"@type\":\"ListItem\",\"position\":2,\"name\":\"Produits\",\"item\":\"https:\\\/\\\/repliquemangacine.fr\\\/boutique\\\/\"},{\"@type\":\"ListItem\",\"position\":3,\"name\":\"Coffret 15 pi\u00e8ces Demon Slayer\"}]},{\"@type\":\"WebSite\",\"@id\":\"https:\\\/\\\/repliquemangacine.fr\\\/#website\",\"url\":\"https:\\\/\\\/repliquemangacine.fr\\\/\",\"name\":\"R\u00e9plique Manga Cin\u00e9\",\"description\":\"\",\"publisher\":{\"@id\":\"https:\\\/\\\/repliquemangacine.fr\\\/#organization\"},\"potentialAction\":[{\"@type\":\"SearchAction\",\"target\":{\"@type\":\"EntryPoint\",\"urlTemplate\":\"https:\\\/\\\/repliquemangacine.fr\\\/?s={search_term_string}\"},\"query-input\":{\"@type\":\"PropertyValueSpecification\",\"valueRequired\":true,\"valueName\":\"search_term_string\"}}],\"inLanguage\":\"de\"},{\"@type\":\"Organization\",\"@id\":\"https:\\\/\\\/repliquemangacine.fr\\\/#organization\",\"name\":\"R\u00e9plique Manga Cin\u00e9\",\"url\":\"https:\\\/\\\/repliquemangacine.fr\\\/\",\"logo\":{\"@type\":\"ImageObject\",\"inLanguage\":\"de\",\"@id\":\"https:\\\/\\\/repliquemangacine.fr\\\/#\\\/schema\\\/logo\\\/image\\\/\",\"url\":\"https:\\\/\\\/repliquemangacine.fr\\\/wp-content\\\/uploads\\\/2023\\\/10\\\/RMC-500250.png\",\"contentUrl\":\"https:\\\/\\\/repliquemangacine.fr\\\/wp-content\\\/uploads\\\/2023\\\/10\\\/RMC-500250.png\",\"width\":500,\"height\":250,\"caption\":\"R\u00e9plique Manga Cin\u00e9\"},\"image\":{\"@id\":\"https:\\\/\\\/repliquemangacine.fr\\\/#\\\/schema\\\/logo\\\/image\\\/\"},\"sameAs\":[\"https:\\\/\\\/www.facebook.com\\\/RepliqueMangaCine\",\"https:\\\/\\\/www.instagram.com\\\/repliquemangacine.fr\\\/\"]}]}<\/script>\n<!-- \/ Yoast SEO plugin. -->","yoast_head_json":{"title":"15-teiliges Demon Slayer-Set - Goodies - R\u00e9plique Manga Cin\u00e9","description":"Wundersch\u00f6nes 15-teiliges Demon Slayer-Set. Als Halskette oder Schl\u00fcsselanh\u00e4nger, ganz wie Sie wollen. Dieses Sammlerset gibt es f\u00fcr alle Fans zum kleinen Preis!","robots":{"index":"index","follow":"follow","max-snippet":"max-snippet:-1","max-image-preview":"max-image-preview:large","max-video-preview":"max-video-preview:-1"},"canonical":"https:\/\/repliquemangacine.fr\/de\/verschiedene-goodies\/15-teilige-box-demon-slayer\/","og_locale":"de_DE","og_type":"article","og_title":"Coffret 15 pi\u00e8ces Demon Slayer - Goodies - R\u00e9plique Manga Cin\u00e9","og_description":"Superbe ce Coffret 15 pi\u00e8ces Demon Slayer. En collier ou en porte-cl\u00e9s selon votre envie. Ce coffret collector est \u00e0 petits prix pour tous les fans !","og_url":"https:\/\/repliquemangacine.fr\/de\/verschiedene-goodies\/15-teilige-box-demon-slayer\/","og_site_name":"R\u00e9plique Manga Cin\u00e9","article_publisher":"https:\/\/www.facebook.com\/RepliqueMangaCine","article_modified_time":"2025-12-21T16:08:25+00:00","og_image":[{"width":500,"height":500,"url":"https:\/\/repliquemangacine.fr\/wp-content\/uploads\/2023\/10\/coffret-Demon-Slayer.jpg","type":"image\/jpeg"}],"twitter_card":"summary_large_image","twitter_misc":{"Gesch\u00e4tzte Lesezeit":"2\u00a0Minuten"},"schema":{"@context":"https:\/\/schema.org","@graph":[{"@type":"WebPage","@id":"https:\/\/repliquemangacine.fr\/divers-goodies\/coffret-15-pieces-demon-slayer\/","url":"https:\/\/repliquemangacine.fr\/divers-goodies\/coffret-15-pieces-demon-slayer\/","name":"15-teiliges Demon Slayer-Set - Goodies - R\u00e9plique Manga Cin\u00e9","isPartOf":{"@id":"https:\/\/repliquemangacine.fr\/#website"},"primaryImageOfPage":{"@id":"https:\/\/repliquemangacine.fr\/divers-goodies\/coffret-15-pieces-demon-slayer\/#primaryimage"},"image":{"@id":"https:\/\/repliquemangacine.fr\/divers-goodies\/coffret-15-pieces-demon-slayer\/#primaryimage"},"thumbnailUrl":"https:\/\/repliquemangacine.fr\/wp-content\/uploads\/2023\/10\/coffret-Demon-Slayer.jpg","datePublished":"2022-10-19T14:03:01+00:00","dateModified":"2025-12-21T16:08:25+00:00","description":"Wundersch\u00f6nes 15-teiliges Demon Slayer-Set. Als Halskette oder Schl\u00fcsselanh\u00e4nger, ganz wie Sie wollen. Dieses Sammlerset gibt es f\u00fcr alle Fans zum kleinen Preis!","breadcrumb":{"@id":"https:\/\/repliquemangacine.fr\/divers-goodies\/coffret-15-pieces-demon-slayer\/#breadcrumb"},"inLanguage":"de","potentialAction":[{"@type":"ReadAction","target":["https:\/\/repliquemangacine.fr\/divers-goodies\/coffret-15-pieces-demon-slayer\/"]}]},{"@type":"ImageObject","inLanguage":"de","@id":"https:\/\/repliquemangacine.fr\/divers-goodies\/coffret-15-pieces-demon-slayer\/#primaryimage","url":"https:\/\/repliquemangacine.fr\/wp-content\/uploads\/2023\/10\/coffret-Demon-Slayer.jpg","contentUrl":"https:\/\/repliquemangacine.fr\/wp-content\/uploads\/2023\/10\/coffret-Demon-Slayer.jpg","width":500,"height":500,"caption":"Coffret 15 pi\u00e8ces Demon Slayer collector"},{"@type":"BreadcrumbList","@id":"https:\/\/repliquemangacine.fr\/divers-goodies\/coffret-15-pieces-demon-slayer\/#breadcrumb","itemListElement":[{"@type":"ListItem","position":1,"name":"Accueil","item":"https:\/\/repliquemangacine.fr\/"},{"@type":"ListItem","position":2,"name":"Produits","item":"https:\/\/repliquemangacine.fr\/boutique\/"},{"@type":"ListItem","position":3,"name":"Coffret 15 pi\u00e8ces Demon Slayer"}]},{"@type":"WebSite","@id":"https:\/\/repliquemangacine.fr\/#website","url":"https:\/\/repliquemangacine.fr\/","name":"R\u00e9plique Manga Cin\u00e9","description":"","publisher":{"@id":"https:\/\/repliquemangacine.fr\/#organization"},"potentialAction":[{"@type":"SearchAction","target":{"@type":"EntryPoint","urlTemplate":"https:\/\/repliquemangacine.fr\/?s={search_term_string}"},"query-input":{"@type":"PropertyValueSpecification","valueRequired":true,"valueName":"search_term_string"}}],"inLanguage":"de"},{"@type":"Organization","@id":"https:\/\/repliquemangacine.fr\/#organization","name":"R\u00e9plique Manga Cin\u00e9","url":"https:\/\/repliquemangacine.fr\/","logo":{"@type":"ImageObject","inLanguage":"de","@id":"https:\/\/repliquemangacine.fr\/#\/schema\/logo\/image\/","url":"https:\/\/repliquemangacine.fr\/wp-content\/uploads\/2023\/10\/RMC-500250.png","contentUrl":"https:\/\/repliquemangacine.fr\/wp-content\/uploads\/2023\/10\/RMC-500250.png","width":500,"height":250,"caption":"R\u00e9plique Manga Cin\u00e9"},"image":{"@id":"https:\/\/repliquemangacine.fr\/#\/schema\/logo\/image\/"},"sameAs":["https:\/\/www.facebook.com\/RepliqueMangaCine","https:\/\/www.instagram.com\/repliquemangacine.fr\/"]}]}},"_links":{"self":[{"href":"https:\/\/repliquemangacine.fr\/de\/wp-json\/wp\/v2\/product\/54097","targetHints":{"allow":["GET"]}}],"collection":[{"href":"https:\/\/repliquemangacine.fr\/de\/wp-json\/wp\/v2\/product"}],"about":[{"href":"https:\/\/repliquemangacine.fr\/de\/wp-json\/wp\/v2\/types\/product"}],"wp:featuredmedia":[{"embeddable":true,"href":"https:\/\/repliquemangacine.fr\/de\/wp-json\/wp\/v2\/media\/54098"}],"wp:attachment":[{"href":"https:\/\/repliquemangacine.fr\/de\/wp-json\/wp\/v2\/media?parent=54097"}],"wp:term":[{"taxonomy":"product_brand","embeddable":true,"href":"https:\/\/repliquemangacine.fr\/de\/wp-json\/wp\/v2\/product_brand?post=54097"},{"taxonomy":"product_cat","embeddable":true,"href":"https:\/\/repliquemangacine.fr\/de\/wp-json\/wp\/v2\/product_cat?post=54097"},{"taxonomy":"product_tag","embeddable":true,"href":"https:\/\/repliquemangacine.fr\/de\/wp-json\/wp\/v2\/product_tag?post=54097"}],"curies":[{"name":"wp","href":"https:\/\/api.w.org\/{rel}","templated":true}]}}