





{"id":54015,"date":"2022-10-16T18:19:03","date_gmt":"2022-10-16T16:19:03","guid":{"rendered":"https:\/\/repliquemangacine.fr\/?post_type=product&#038;p=54015"},"modified":"2025-09-23T18:02:51","modified_gmt":"2025-09-23T16:02:51","slug":"kentucky-pistole-19-usa","status":"publish","type":"product","link":"https:\/\/repliquemangacine.fr\/de\/pistolet-ancien\/pistolet-kentucky-19eme-usa\/","title":{"rendered":"Kentucky-Pistole 19\u1d49 USA"},"content":{"rendered":"<h2>Kentucky-Pistole 19\u1d49 USA Denix<\/h2>\n<p>Zu Beginn wird der <strong>Kentucky-Pistole 19\u1d49<\/strong> USA ist eine klassische amerikanische Waffe f\u00fcr die fr\u00fchen Entdecker des Westens. Wurde im Amerikanischen Unabh\u00e4ngigkeitskrieg und im Sezessionskrieg verwendet. Wird oft zusammen mit einem Gewehr desselben Kalibers verwendet, sodass der Benutzer die gleiche Bleikugel abfeuern kann.<\/p>\n<p>Funkenpistolen hatten einen Feuerstein oder Feuerstein, der durch den Hammer ausgel\u00f6st wurde und den Funken erzeugte, der das Schie\u00dfpulver entz\u00fcndete. Bei all diesen Waffen musste die Munition nach jedem Schuss von Hand nachgeladen werden.<\/p>\n<p>Im Kampf wurden diese Waffen meist f\u00fcr einen einzelnen Schuss verwendet, da die Nachlademethode sehr langsam war und es in der Regel keine Zeit zum Nachladen gab. Daher waren die K\u00e4mpfer nach dem Schuss gezwungen, ihre S\u00e4bel oder Schwerter zu ziehen.<\/p>\n<h2>Ihre Kentucky 19\u1d49 Pistole zum besten Preis.<\/h2>\n<p>Wir bieten Ihnen eine gro\u00dfe Auswahl an Reproduktionen historischer Waffen.<\/p>\n<ul>\n<li>Die <a href=\"https:\/\/repliquemangacine.fr\/de\/replik-von-waffen-1-empire\/napoleonpistole-linkshandig\/\">Napoleonische Steinschlosspistole<\/a> in der Linksh\u00e4nderversion.<\/li>\n<li>Es gibt auch die erhabene Replik des <a href=\"https:\/\/repliquemangacine.fr\/de\/historische-waffen\/pistole-georges-washington-18-jahrhundert\/\">Pistole von George Washington <\/a>aus dem 18\u1d49 Jahrhundert.<\/li>\n<li>Sowie das <a href=\"https:\/\/repliquemangacine.fr\/de\/antike-pistole\/pistolet-francais-a-percussion-19eme-siecle\/\">franz\u00f6sische Perkussionspistole<\/a> vom 19\u1d49.<\/li>\n<li>Und viele andere, die es in unserem Online-Shop zu entdecken gibt!<\/li>\n<\/ul>\n<p>Deshalb ist dies eine tolle Geschenkidee f\u00fcr alle Geschichtsinteressierten.<\/p>\n<p>Abschlie\u00dfend k\u00f6nnen Sie den <strong>Kentucky-Pistole 19\u1d49<\/strong> USA f\u00fcr Ihre historischen Reenactments oder Themenabende. Vor allem aber ist diese Waffe ein Sammler- und Dekorationsobjekt.<\/p>\n<p>R\u00e9plique Manga Cin\u00e9 ist ein franz\u00f6sisches Familienunternehmen und offizieller Vertriebspartner der Marke <a href=\"https:\/\/www.denix.fr\/fr\/catalogue\/guerre-civile-occidentale-et-americaine-1861-1899\/pistolets\/1136-l\/\" target=\"_blank\" rel=\"noopener noreferrer\">Denix<\/a>.<\/p>\n<h2>Aus welchen Materialien werden Denix-Waffenrepliken hergestellt?<\/h2>\n<p>Werden in historischen Rekonstruktionen, Filmen und Serien sowie von Sammlern verwendet. Denix-Waffenreproduktionen, die aus hochwertigen Materialien hergestellt werden. Sorgf\u00e4ltig bearbeitet und zusammengesetzt, um realistische Sammlerwaffen zu schaffen.<\/p>\n<ul>\n<li>Die Metalle sind in einer Metalllegierung, die als Zamac bekannt ist und deren Grundzusammensetzung Zink in 95% ist.<\/li>\n<li>Die Kunststoffteile der Repliken aus geformtem ABS, das eine hohe Widerstandsf\u00e4higkeit bietet.<\/li>\n<li>Holz, das aufgrund seiner Sch\u00f6nheit und Haltbarkeit ausgew\u00e4hlt wird, wie z. B. Mahagoni, Olivenholz oder Walnuss, verleiht Ihren Sch\u00e4ften und F\u00e4ssern ein elegantes und authentisches Aussehen.<\/li>\n<\/ul>\n<p>Es sei darauf hingewiesen, dass alle Nachbildungen von Denix-Waffen mit den Originalen identisch sind, wie Ihr <strong>Kentucky-Pistole 19\u1d49<\/strong><\/p>","protected":false},"excerpt":{"rendered":"<p>Kentucky Funkenpistole aus dem 19.<\/p>\n<ul>\n<li>Schaft und Kolben aus Holz.<\/li>\n<li>Lauf und Bewaffnung aus zweifarbig verziertem Metall.<\/li>\n<li>Ladungssimulator.<\/li>\n<li>Feuermechanismus, schie\u00dft aber nicht<\/li>\n<li>Unterliegt keiner Genehmigungspflicht. Verkauf und Besitz frei.<\/li>\n<li>Ma\u00dfe: 39 cm - Gewicht: 688 grs<\/li>\n<\/ul>","protected":false},"featured_media":54016,"template":"","meta":[],"product_brand":[896],"product_cat":[102,52,28],"product_tag":[],"class_list":{"0":"post-54015","1":"product","2":"type-product","3":"status-publish","4":"has-post-thumbnail","6":"product_brand-replique-manga-cine","7":"product_cat-denix","8":"product_cat-pistolet-ancien","9":"product_cat-repliques-darmes","11":"first","12":"instock","13":"sale","14":"taxable","15":"shipping-taxable","16":"purchasable","17":"product-type-simple"},"yoast_head":"<!-- This site is optimized with the Yoast SEO plugin v27.5 - https:\/\/yoast.com\/product\/yoast-seo-wordpress\/ -->\n<title>Pistolet Kentucky 19\u1d49 - Reproduction d&#039;arme Denix - RMC<\/title>\n<meta name=\"description\" content=\"Offrez-lui ce Pistolet Kentucky 19\u1d49 au meilleur prix - En acier zamac - Simulateur chargement - M\u00e9canisme fonctionnel, mais ne tire pas - Longueur : 39 cm\" \/>\n<meta name=\"robots\" content=\"index, follow, max-snippet:-1, max-image-preview:large, max-video-preview:-1\" \/>\n<link rel=\"canonical\" href=\"https:\/\/repliquemangacine.fr\/de\/denix\/kentucky-pistole-19-usa\/\" \/>\n<meta property=\"og:locale\" content=\"de_DE\" \/>\n<meta property=\"og:type\" content=\"article\" \/>\n<meta property=\"og:title\" content=\"Pistolet Kentucky 19\u1d49 - Reproduction d&#039;arme Denix - RMC\" \/>\n<meta property=\"og:description\" content=\"Offrez-lui ce Pistolet Kentucky 19\u1d49 au meilleur prix - En acier zamac - Simulateur chargement - M\u00e9canisme fonctionnel, mais ne tire pas - Longueur : 39 cm\" \/>\n<meta property=\"og:url\" content=\"https:\/\/repliquemangacine.fr\/de\/denix\/kentucky-pistole-19-usa\/\" \/>\n<meta property=\"og:site_name\" content=\"R\u00e9plique Manga Cin\u00e9\" \/>\n<meta property=\"article:publisher\" content=\"https:\/\/www.facebook.com\/RepliqueMangaCine\" \/>\n<meta property=\"article:modified_time\" content=\"2025-09-23T16:02:51+00:00\" \/>\n<meta property=\"og:image\" content=\"https:\/\/repliquemangacine.fr\/wp-content\/uploads\/2023\/10\/1136-2.jpg\" \/>\n\t<meta property=\"og:image:width\" content=\"500\" \/>\n\t<meta property=\"og:image:height\" content=\"500\" \/>\n\t<meta property=\"og:image:type\" content=\"image\/jpeg\" \/>\n<meta name=\"twitter:card\" content=\"summary_large_image\" \/>\n<meta name=\"twitter:label1\" content=\"Gesch\u00e4tzte Lesezeit\" \/>\n\t<meta name=\"twitter:data1\" content=\"2\u00a0Minuten\" \/>\n<script type=\"application\/ld+json\" class=\"yoast-schema-graph\">{\"@context\":\"https:\\\/\\\/schema.org\",\"@graph\":[{\"@type\":\"WebPage\",\"@id\":\"https:\\\/\\\/repliquemangacine.fr\\\/denix\\\/pistolet-kentucky-19eme-usa\\\/\",\"url\":\"https:\\\/\\\/repliquemangacine.fr\\\/denix\\\/pistolet-kentucky-19eme-usa\\\/\",\"name\":\"Pistolet Kentucky 19\u1d49 - Reproduction d'arme Denix - RMC\",\"isPartOf\":{\"@id\":\"https:\\\/\\\/repliquemangacine.fr\\\/#website\"},\"primaryImageOfPage\":{\"@id\":\"https:\\\/\\\/repliquemangacine.fr\\\/denix\\\/pistolet-kentucky-19eme-usa\\\/#primaryimage\"},\"image\":{\"@id\":\"https:\\\/\\\/repliquemangacine.fr\\\/denix\\\/pistolet-kentucky-19eme-usa\\\/#primaryimage\"},\"thumbnailUrl\":\"https:\\\/\\\/repliquemangacine.fr\\\/wp-content\\\/uploads\\\/2023\\\/10\\\/1136-2.jpg\",\"datePublished\":\"2022-10-16T16:19:03+00:00\",\"dateModified\":\"2025-09-23T16:02:51+00:00\",\"description\":\"Offrez-lui ce Pistolet Kentucky 19\u1d49 au meilleur prix - En acier zamac - Simulateur chargement - M\u00e9canisme fonctionnel, mais ne tire pas - Longueur : 39 cm\",\"breadcrumb\":{\"@id\":\"https:\\\/\\\/repliquemangacine.fr\\\/denix\\\/pistolet-kentucky-19eme-usa\\\/#breadcrumb\"},\"inLanguage\":\"de\",\"potentialAction\":[{\"@type\":\"ReadAction\",\"target\":[\"https:\\\/\\\/repliquemangacine.fr\\\/denix\\\/pistolet-kentucky-19eme-usa\\\/\"]}]},{\"@type\":\"ImageObject\",\"inLanguage\":\"de\",\"@id\":\"https:\\\/\\\/repliquemangacine.fr\\\/denix\\\/pistolet-kentucky-19eme-usa\\\/#primaryimage\",\"url\":\"https:\\\/\\\/repliquemangacine.fr\\\/wp-content\\\/uploads\\\/2023\\\/10\\\/1136-2.jpg\",\"contentUrl\":\"https:\\\/\\\/repliquemangacine.fr\\\/wp-content\\\/uploads\\\/2023\\\/10\\\/1136-2.jpg\",\"width\":500,\"height\":500,\"caption\":\"Pistolet Kentucky 19\u00e8me usa\"},{\"@type\":\"BreadcrumbList\",\"@id\":\"https:\\\/\\\/repliquemangacine.fr\\\/denix\\\/pistolet-kentucky-19eme-usa\\\/#breadcrumb\",\"itemListElement\":[{\"@type\":\"ListItem\",\"position\":1,\"name\":\"Accueil\",\"item\":\"https:\\\/\\\/repliquemangacine.fr\\\/\"},{\"@type\":\"ListItem\",\"position\":2,\"name\":\"Produits\",\"item\":\"https:\\\/\\\/repliquemangacine.fr\\\/boutique\\\/\"},{\"@type\":\"ListItem\",\"position\":3,\"name\":\"Pistolet Kentucky 19\u1d49 USA\"}]},{\"@type\":\"WebSite\",\"@id\":\"https:\\\/\\\/repliquemangacine.fr\\\/#website\",\"url\":\"https:\\\/\\\/repliquemangacine.fr\\\/\",\"name\":\"R\u00e9plique Manga Cin\u00e9\",\"description\":\"\",\"publisher\":{\"@id\":\"https:\\\/\\\/repliquemangacine.fr\\\/#organization\"},\"potentialAction\":[{\"@type\":\"SearchAction\",\"target\":{\"@type\":\"EntryPoint\",\"urlTemplate\":\"https:\\\/\\\/repliquemangacine.fr\\\/?s={search_term_string}\"},\"query-input\":{\"@type\":\"PropertyValueSpecification\",\"valueRequired\":true,\"valueName\":\"search_term_string\"}}],\"inLanguage\":\"de\"},{\"@type\":\"Organization\",\"@id\":\"https:\\\/\\\/repliquemangacine.fr\\\/#organization\",\"name\":\"R\u00e9plique Manga Cin\u00e9\",\"url\":\"https:\\\/\\\/repliquemangacine.fr\\\/\",\"logo\":{\"@type\":\"ImageObject\",\"inLanguage\":\"de\",\"@id\":\"https:\\\/\\\/repliquemangacine.fr\\\/#\\\/schema\\\/logo\\\/image\\\/\",\"url\":\"https:\\\/\\\/repliquemangacine.fr\\\/wp-content\\\/uploads\\\/2023\\\/10\\\/RMC-500250.png\",\"contentUrl\":\"https:\\\/\\\/repliquemangacine.fr\\\/wp-content\\\/uploads\\\/2023\\\/10\\\/RMC-500250.png\",\"width\":500,\"height\":250,\"caption\":\"R\u00e9plique Manga Cin\u00e9\"},\"image\":{\"@id\":\"https:\\\/\\\/repliquemangacine.fr\\\/#\\\/schema\\\/logo\\\/image\\\/\"},\"sameAs\":[\"https:\\\/\\\/www.facebook.com\\\/RepliqueMangaCine\",\"https:\\\/\\\/www.instagram.com\\\/repliquemangacine.fr\\\/\"]}]}<\/script>\n<!-- \/ Yoast SEO plugin. -->","yoast_head_json":{"title":"19\u1d49 Kentucky-Pistole - Denix-Waffenreproduktion - RMC","description":"Schenken Sie ihm diese Pistole Kentucky 19\u1d49 zum besten Preis - Aus Zamakstahl - Ladesimulator - Mechanismus funktioniert, schie\u00dft aber nicht - L\u00e4nge: 39 cm.","robots":{"index":"index","follow":"follow","max-snippet":"max-snippet:-1","max-image-preview":"max-image-preview:large","max-video-preview":"max-video-preview:-1"},"canonical":"https:\/\/repliquemangacine.fr\/de\/denix\/kentucky-pistole-19-usa\/","og_locale":"de_DE","og_type":"article","og_title":"Pistolet Kentucky 19\u1d49 - Reproduction d'arme Denix - RMC","og_description":"Offrez-lui ce Pistolet Kentucky 19\u1d49 au meilleur prix - En acier zamac - Simulateur chargement - M\u00e9canisme fonctionnel, mais ne tire pas - Longueur : 39 cm","og_url":"https:\/\/repliquemangacine.fr\/de\/denix\/kentucky-pistole-19-usa\/","og_site_name":"R\u00e9plique Manga Cin\u00e9","article_publisher":"https:\/\/www.facebook.com\/RepliqueMangaCine","article_modified_time":"2025-09-23T16:02:51+00:00","og_image":[{"width":500,"height":500,"url":"https:\/\/repliquemangacine.fr\/wp-content\/uploads\/2023\/10\/1136-2.jpg","type":"image\/jpeg"}],"twitter_card":"summary_large_image","twitter_misc":{"Gesch\u00e4tzte Lesezeit":"2\u00a0Minuten"},"schema":{"@context":"https:\/\/schema.org","@graph":[{"@type":"WebPage","@id":"https:\/\/repliquemangacine.fr\/denix\/pistolet-kentucky-19eme-usa\/","url":"https:\/\/repliquemangacine.fr\/denix\/pistolet-kentucky-19eme-usa\/","name":"19\u1d49 Kentucky-Pistole - Denix-Waffenreproduktion - RMC","isPartOf":{"@id":"https:\/\/repliquemangacine.fr\/#website"},"primaryImageOfPage":{"@id":"https:\/\/repliquemangacine.fr\/denix\/pistolet-kentucky-19eme-usa\/#primaryimage"},"image":{"@id":"https:\/\/repliquemangacine.fr\/denix\/pistolet-kentucky-19eme-usa\/#primaryimage"},"thumbnailUrl":"https:\/\/repliquemangacine.fr\/wp-content\/uploads\/2023\/10\/1136-2.jpg","datePublished":"2022-10-16T16:19:03+00:00","dateModified":"2025-09-23T16:02:51+00:00","description":"Schenken Sie ihm diese Pistole Kentucky 19\u1d49 zum besten Preis - Aus Zamakstahl - Ladesimulator - Mechanismus funktioniert, schie\u00dft aber nicht - L\u00e4nge: 39 cm.","breadcrumb":{"@id":"https:\/\/repliquemangacine.fr\/denix\/pistolet-kentucky-19eme-usa\/#breadcrumb"},"inLanguage":"de","potentialAction":[{"@type":"ReadAction","target":["https:\/\/repliquemangacine.fr\/denix\/pistolet-kentucky-19eme-usa\/"]}]},{"@type":"ImageObject","inLanguage":"de","@id":"https:\/\/repliquemangacine.fr\/denix\/pistolet-kentucky-19eme-usa\/#primaryimage","url":"https:\/\/repliquemangacine.fr\/wp-content\/uploads\/2023\/10\/1136-2.jpg","contentUrl":"https:\/\/repliquemangacine.fr\/wp-content\/uploads\/2023\/10\/1136-2.jpg","width":500,"height":500,"caption":"Pistolet Kentucky 19\u00e8me usa"},{"@type":"BreadcrumbList","@id":"https:\/\/repliquemangacine.fr\/denix\/pistolet-kentucky-19eme-usa\/#breadcrumb","itemListElement":[{"@type":"ListItem","position":1,"name":"Accueil","item":"https:\/\/repliquemangacine.fr\/"},{"@type":"ListItem","position":2,"name":"Produits","item":"https:\/\/repliquemangacine.fr\/boutique\/"},{"@type":"ListItem","position":3,"name":"Pistolet Kentucky 19\u1d49 USA"}]},{"@type":"WebSite","@id":"https:\/\/repliquemangacine.fr\/#website","url":"https:\/\/repliquemangacine.fr\/","name":"R\u00e9plique Manga Cin\u00e9","description":"","publisher":{"@id":"https:\/\/repliquemangacine.fr\/#organization"},"potentialAction":[{"@type":"SearchAction","target":{"@type":"EntryPoint","urlTemplate":"https:\/\/repliquemangacine.fr\/?s={search_term_string}"},"query-input":{"@type":"PropertyValueSpecification","valueRequired":true,"valueName":"search_term_string"}}],"inLanguage":"de"},{"@type":"Organization","@id":"https:\/\/repliquemangacine.fr\/#organization","name":"R\u00e9plique Manga Cin\u00e9","url":"https:\/\/repliquemangacine.fr\/","logo":{"@type":"ImageObject","inLanguage":"de","@id":"https:\/\/repliquemangacine.fr\/#\/schema\/logo\/image\/","url":"https:\/\/repliquemangacine.fr\/wp-content\/uploads\/2023\/10\/RMC-500250.png","contentUrl":"https:\/\/repliquemangacine.fr\/wp-content\/uploads\/2023\/10\/RMC-500250.png","width":500,"height":250,"caption":"R\u00e9plique Manga Cin\u00e9"},"image":{"@id":"https:\/\/repliquemangacine.fr\/#\/schema\/logo\/image\/"},"sameAs":["https:\/\/www.facebook.com\/RepliqueMangaCine","https:\/\/www.instagram.com\/repliquemangacine.fr\/"]}]}},"_links":{"self":[{"href":"https:\/\/repliquemangacine.fr\/de\/wp-json\/wp\/v2\/product\/54015","targetHints":{"allow":["GET"]}}],"collection":[{"href":"https:\/\/repliquemangacine.fr\/de\/wp-json\/wp\/v2\/product"}],"about":[{"href":"https:\/\/repliquemangacine.fr\/de\/wp-json\/wp\/v2\/types\/product"}],"wp:featuredmedia":[{"embeddable":true,"href":"https:\/\/repliquemangacine.fr\/de\/wp-json\/wp\/v2\/media\/54016"}],"wp:attachment":[{"href":"https:\/\/repliquemangacine.fr\/de\/wp-json\/wp\/v2\/media?parent=54015"}],"wp:term":[{"taxonomy":"product_brand","embeddable":true,"href":"https:\/\/repliquemangacine.fr\/de\/wp-json\/wp\/v2\/product_brand?post=54015"},{"taxonomy":"product_cat","embeddable":true,"href":"https:\/\/repliquemangacine.fr\/de\/wp-json\/wp\/v2\/product_cat?post=54015"},{"taxonomy":"product_tag","embeddable":true,"href":"https:\/\/repliquemangacine.fr\/de\/wp-json\/wp\/v2\/product_tag?post=54015"}],"curies":[{"name":"wp","href":"https:\/\/api.w.org\/{rel}","templated":true}]}}