





{"id":53942,"date":"2022-10-15T13:02:35","date_gmt":"2022-10-15T11:02:35","guid":{"rendered":"https:\/\/repliquemangacine.fr\/?post_type=product&#038;p=53942"},"modified":"2026-01-06T19:13:42","modified_gmt":"2026-01-06T18:13:42","slug":"abnehmbare-automatische-pistole-m1911a1","status":"publish","type":"product","link":"https:\/\/repliquemangacine.fr\/de\/reproductions-armes-seconde-guerre-mondiale-denix\/pistolet-automatique-m1911a1-demontable\/","title":{"rendered":"Zerlegbare M1911A1-Pistole"},"content":{"rendered":"<h2>Zerlegbare M1911A1-Pistole USA 1911 - Denix.<\/h2>\n<p>Zu Beginn wird der <strong>Zerlegbare M1911A1-Pistole<\/strong> ist eine zuverl\u00e4ssige, einfachwirkende Selbstladewaffe mit direktem R\u00fccksto\u00dfantrieb, die mit einem Magazin f\u00fcr Patronen des Kalibers .45 geladen wird. Sie wurde f\u00fcr den milit\u00e4rischen Einsatz von John M. Browning entwickelt, der auch die passende Patrone f\u00fcr die Waffe entwarf, die .45 ACP.<\/p>\n<p>Am 29. M\u00e4rz 1911 vom US-Au\u00dfenministerium angenommen. Eine erste offizielle Bestellung \u00fcber 31.344 Pistolen wurde am 5. Mai 1911 aufgegeben. Ende 1911 erhielt die US-Armee ihre erste Lieferung.<\/p>\n<p>Da es in zu gro\u00dfen Mengen produziert wurde, stoppte die amerikanische Regierung 1945 seine Herstellung und beschloss, auf die reichlich vorhandenen Reserven zur\u00fcckzugreifen.<\/p>\n<p>Weit verbreitet w\u00e4hrend des Ersten und Zweiten Weltkriegs, dann im Koreakrieg und im Vietnamkrieg. Bleibt bis 1985 im Dienst der US-Armee und wird dann durch die Beretta ersetzt.<\/p>\n<h2>Ihre zerlegbare M1911A1-Pistole zum besten Preis.<\/h2>\n<p>Wir bieten Ihnen eine gro\u00dfe Auswahl an Reproduktionen historischer Waffen der Marke Denix.<\/p>\n<p>Zun\u00e4chst einmal,<\/p>\n<ul>\n<li>L'<a href=\"https:\/\/repliquemangacine.fr\/de\/holster-zubehor\/schulterholster-m7\/\">M7 Schulterholster<\/a> US ARMY f\u00fcr Colt M1911A1 Kal. 45.<\/li>\n<li>Die Reproduktion des <a href=\"https:\/\/repliquemangacine.fr\/de\/darmsreproduktionen\/pistolet-mitrailleur-m3-grease-gun-usa-1942\/\">M3-Maschinengewehr, auch Grease Gun genannt<\/a>.<\/li>\n<li>Und viele andere, die es in unserem Online-Shop zu entdecken gibt!<\/li>\n<\/ul>\n<p>Deshalb gibt es hier tolle Geschenkideen f\u00fcr alle Geschichtsinteressierten und vor allem, um unsere Helden nicht zu vergessen.<\/p>\n<p>Abschlie\u00dfend k\u00f6nnen Sie den <strong>Zerlegbare M1911A1-Pistole<\/strong> f\u00fcr Ihre historischen Rekonstruktionen. Vor allem aber ist diese Reproduktion eine Sammlerwaffe.<\/p>\n<p>R\u00e9plique Manga Cin\u00e9 ist ein franz\u00f6sisches Familienunternehmen und offizieller Vertriebspartner der Marke <a href=\"https:\/\/www.denix.fr\/fr\/catalogue\/guerres-mondiales-1914-1945\/pistolets\/6312\/\" target=\"_blank\" rel=\"noopener noreferrer\">Denix<\/a>.<\/p>\n<h2>Wie werden Denix-Waffenrepliken hergestellt?<\/h2>\n<p>Werden in historischen Rekonstruktionen, Filmen und Serien sowie von Sammlern verwendet. Denix-Waffenreproduktionen, die aus hochwertigen Materialien hergestellt werden. Sorgf\u00e4ltig bearbeitet und zusammengesetzt, um realistische Sammlerwaffen zu schaffen.<\/p>\n<ul>\n<li>Die Metalle sind in einer Metalllegierung, die als Zamac bekannt ist und deren Grundzusammensetzung Zink in 95% ist.<\/li>\n<li>Die Kunststoffteile der Repliken aus geformtem ABS, das eine hohe Widerstandsf\u00e4higkeit bietet.<\/li>\n<li>Holz, das aufgrund seiner Sch\u00f6nheit und Haltbarkeit ausgew\u00e4hlt wird, wie z. B. Mahagoni, Olivenholz oder Walnuss, verleiht Ihren Sch\u00e4ften und F\u00e4ssern ein elegantes und authentisches Aussehen.<\/li>\n<\/ul>\n<p>Es ist zu betonen, dass alle Nachbildungen von Denix-Waffen mit den Originalen identisch sind, wie Ihr <strong>Zerlegbare M1911A1-Pistole<\/strong>.<\/p>","protected":false},"excerpt":{"rendered":"<p>Originalgetreue Nachbildung der von Denix hergestellten Automatischen Pistole M1911A1.<\/p>\n<ul>\n<li style=\"list-style-type: none;\">\n<ul>\n<li>Vollst\u00e4ndig aus Metall ( Zamac ).<\/li>\n<li>Schaftkappen aus Massivholz.<\/li>\n<li>Simulation von Lade- und Schie\u00df\u00fcbungen.<\/li>\n<li>Abnehmbare Kanone.<\/li>\n<li>Abnehmbares Ladeger\u00e4t.<\/li>\n<li>Abnehmbar<\/li>\n<li>Abmessungen: 24 cm - Gewicht: 950 g<\/li>\n<\/ul>\n<\/li>\n<\/ul>\n<p><iframe title=\"YouTube-Videoplayer\" src=\"https:\/\/www.youtube.com\/embed\/Q374_oQW3JE\" width=\"560\" height=\"315\" frameborder=\"0\" allowfullscreen=\"allowfullscreen\"><\/iframe><\/p>","protected":false},"featured_media":53943,"template":"","meta":[],"product_brand":[896],"product_cat":[25,102,54,40,28,76],"product_tag":[],"class_list":{"0":"post-53942","1":"product","2":"type-product","3":"status-publish","4":"has-post-thumbnail","6":"product_brand-replique-manga-cine","7":"product_cat-armes-historiques","8":"product_cat-denix","9":"product_cat-armes-accessoires-guerre-mondiale","10":"product_cat-pistolet-moderne","11":"product_cat-repliques-darmes","12":"product_cat-reproductions-armes-seconde-guerre-mondiale-denix","14":"first","15":"outofstock","16":"sale","17":"taxable","18":"shipping-taxable","19":"purchasable","20":"product-type-simple"},"yoast_head":"<!-- This site is optimized with the Yoast SEO plugin v27.5 - https:\/\/yoast.com\/product\/yoast-seo-wordpress\/ -->\n<title>Pistolet M1911A1 d\u00e9montable - Vente en ligne de Colt Denix - RMC<\/title>\n<meta name=\"description\" content=\"Offre-lui le Pistolet M1911A1 d\u00e9montable au meilleur prix - En m\u00e9tal - M\u00e9canisme fonctionnel - Canon d\u00e9tachable - Crosse bois - Chargeur amovible -\" \/>\n<meta name=\"robots\" content=\"index, follow, max-snippet:-1, max-image-preview:large, max-video-preview:-1\" \/>\n<link rel=\"canonical\" href=\"https:\/\/repliquemangacine.fr\/de\/denix\/abnehmbare-automatische-pistole-m1911a1\/\" \/>\n<meta property=\"og:locale\" content=\"de_DE\" \/>\n<meta property=\"og:type\" content=\"article\" \/>\n<meta property=\"og:title\" content=\"Pistolet M1911A1 d\u00e9montable - Vente en ligne de Colt Denix - RMC\" \/>\n<meta property=\"og:description\" content=\"Offre-lui le Pistolet M1911A1 d\u00e9montable au meilleur prix - En m\u00e9tal - M\u00e9canisme fonctionnel - Canon d\u00e9tachable - Crosse bois - Chargeur amovible -\" \/>\n<meta property=\"og:url\" content=\"https:\/\/repliquemangacine.fr\/de\/denix\/abnehmbare-automatische-pistole-m1911a1\/\" \/>\n<meta property=\"og:site_name\" content=\"R\u00e9plique Manga Cin\u00e9\" \/>\n<meta property=\"article:publisher\" content=\"https:\/\/www.facebook.com\/RepliqueMangaCine\" \/>\n<meta property=\"article:modified_time\" content=\"2026-01-06T18:13:42+00:00\" \/>\n<meta property=\"og:image\" content=\"https:\/\/repliquemangacine.fr\/wp-content\/uploads\/2023\/10\/colt-1911.jpg\" \/>\n\t<meta property=\"og:image:width\" content=\"500\" \/>\n\t<meta property=\"og:image:height\" content=\"500\" \/>\n\t<meta property=\"og:image:type\" content=\"image\/jpeg\" \/>\n<meta name=\"twitter:card\" content=\"summary_large_image\" \/>\n<meta name=\"twitter:label1\" content=\"Gesch\u00e4tzte Lesezeit\" \/>\n\t<meta name=\"twitter:data1\" content=\"2\u00a0Minuten\" \/>\n<script type=\"application\/ld+json\" class=\"yoast-schema-graph\">{\"@context\":\"https:\\\/\\\/schema.org\",\"@graph\":[{\"@type\":\"WebPage\",\"@id\":\"https:\\\/\\\/repliquemangacine.fr\\\/denix\\\/pistolet-automatique-m1911a1-demontable\\\/\",\"url\":\"https:\\\/\\\/repliquemangacine.fr\\\/denix\\\/pistolet-automatique-m1911a1-demontable\\\/\",\"name\":\"Pistolet M1911A1 d\u00e9montable - Vente en ligne de Colt Denix - RMC\",\"isPartOf\":{\"@id\":\"https:\\\/\\\/repliquemangacine.fr\\\/#website\"},\"primaryImageOfPage\":{\"@id\":\"https:\\\/\\\/repliquemangacine.fr\\\/denix\\\/pistolet-automatique-m1911a1-demontable\\\/#primaryimage\"},\"image\":{\"@id\":\"https:\\\/\\\/repliquemangacine.fr\\\/denix\\\/pistolet-automatique-m1911a1-demontable\\\/#primaryimage\"},\"thumbnailUrl\":\"https:\\\/\\\/repliquemangacine.fr\\\/wp-content\\\/uploads\\\/2023\\\/10\\\/colt-1911.jpg\",\"datePublished\":\"2022-10-15T11:02:35+00:00\",\"dateModified\":\"2026-01-06T18:13:42+00:00\",\"description\":\"Offre-lui le Pistolet M1911A1 d\u00e9montable au meilleur prix - En m\u00e9tal - M\u00e9canisme fonctionnel - Canon d\u00e9tachable - Crosse bois - Chargeur amovible -\",\"breadcrumb\":{\"@id\":\"https:\\\/\\\/repliquemangacine.fr\\\/denix\\\/pistolet-automatique-m1911a1-demontable\\\/#breadcrumb\"},\"inLanguage\":\"de\",\"potentialAction\":[{\"@type\":\"ReadAction\",\"target\":[\"https:\\\/\\\/repliquemangacine.fr\\\/denix\\\/pistolet-automatique-m1911a1-demontable\\\/\"]}]},{\"@type\":\"ImageObject\",\"inLanguage\":\"de\",\"@id\":\"https:\\\/\\\/repliquemangacine.fr\\\/denix\\\/pistolet-automatique-m1911a1-demontable\\\/#primaryimage\",\"url\":\"https:\\\/\\\/repliquemangacine.fr\\\/wp-content\\\/uploads\\\/2023\\\/10\\\/colt-1911.jpg\",\"contentUrl\":\"https:\\\/\\\/repliquemangacine.fr\\\/wp-content\\\/uploads\\\/2023\\\/10\\\/colt-1911.jpg\",\"width\":500,\"height\":500,\"caption\":\"Pistolet Automatique M1911A1 d\u00e9montable denix\"},{\"@type\":\"BreadcrumbList\",\"@id\":\"https:\\\/\\\/repliquemangacine.fr\\\/denix\\\/pistolet-automatique-m1911a1-demontable\\\/#breadcrumb\",\"itemListElement\":[{\"@type\":\"ListItem\",\"position\":1,\"name\":\"Accueil\",\"item\":\"https:\\\/\\\/repliquemangacine.fr\\\/\"},{\"@type\":\"ListItem\",\"position\":2,\"name\":\"Produits\",\"item\":\"https:\\\/\\\/repliquemangacine.fr\\\/boutique\\\/\"},{\"@type\":\"ListItem\",\"position\":3,\"name\":\"Pistolet M1911A1 d\u00e9montable\"}]},{\"@type\":\"WebSite\",\"@id\":\"https:\\\/\\\/repliquemangacine.fr\\\/#website\",\"url\":\"https:\\\/\\\/repliquemangacine.fr\\\/\",\"name\":\"R\u00e9plique Manga Cin\u00e9\",\"description\":\"\",\"publisher\":{\"@id\":\"https:\\\/\\\/repliquemangacine.fr\\\/#organization\"},\"potentialAction\":[{\"@type\":\"SearchAction\",\"target\":{\"@type\":\"EntryPoint\",\"urlTemplate\":\"https:\\\/\\\/repliquemangacine.fr\\\/?s={search_term_string}\"},\"query-input\":{\"@type\":\"PropertyValueSpecification\",\"valueRequired\":true,\"valueName\":\"search_term_string\"}}],\"inLanguage\":\"de\"},{\"@type\":\"Organization\",\"@id\":\"https:\\\/\\\/repliquemangacine.fr\\\/#organization\",\"name\":\"R\u00e9plique Manga Cin\u00e9\",\"url\":\"https:\\\/\\\/repliquemangacine.fr\\\/\",\"logo\":{\"@type\":\"ImageObject\",\"inLanguage\":\"de\",\"@id\":\"https:\\\/\\\/repliquemangacine.fr\\\/#\\\/schema\\\/logo\\\/image\\\/\",\"url\":\"https:\\\/\\\/repliquemangacine.fr\\\/wp-content\\\/uploads\\\/2023\\\/10\\\/RMC-500250.png\",\"contentUrl\":\"https:\\\/\\\/repliquemangacine.fr\\\/wp-content\\\/uploads\\\/2023\\\/10\\\/RMC-500250.png\",\"width\":500,\"height\":250,\"caption\":\"R\u00e9plique Manga Cin\u00e9\"},\"image\":{\"@id\":\"https:\\\/\\\/repliquemangacine.fr\\\/#\\\/schema\\\/logo\\\/image\\\/\"},\"sameAs\":[\"https:\\\/\\\/www.facebook.com\\\/RepliqueMangaCine\",\"https:\\\/\\\/www.instagram.com\\\/repliquemangacine.fr\\\/\"]}]}<\/script>\n<!-- \/ Yoast SEO plugin. -->","yoast_head_json":{"title":"Zerlegbare Pistole M1911A1 - Online-Verkauf von Colt Denix - RMC","description":"Biete ihm die zerlegbare Pistole M1911A1 zum besten Preis an - Aus Metall - Funktionaler Mechanismus - Abnehmbarer Lauf - Holzgriff - Abnehmbares Magazin -.","robots":{"index":"index","follow":"follow","max-snippet":"max-snippet:-1","max-image-preview":"max-image-preview:large","max-video-preview":"max-video-preview:-1"},"canonical":"https:\/\/repliquemangacine.fr\/de\/denix\/abnehmbare-automatische-pistole-m1911a1\/","og_locale":"de_DE","og_type":"article","og_title":"Pistolet M1911A1 d\u00e9montable - Vente en ligne de Colt Denix - RMC","og_description":"Offre-lui le Pistolet M1911A1 d\u00e9montable au meilleur prix - En m\u00e9tal - M\u00e9canisme fonctionnel - Canon d\u00e9tachable - Crosse bois - Chargeur amovible -","og_url":"https:\/\/repliquemangacine.fr\/de\/denix\/abnehmbare-automatische-pistole-m1911a1\/","og_site_name":"R\u00e9plique Manga Cin\u00e9","article_publisher":"https:\/\/www.facebook.com\/RepliqueMangaCine","article_modified_time":"2026-01-06T18:13:42+00:00","og_image":[{"width":500,"height":500,"url":"https:\/\/repliquemangacine.fr\/wp-content\/uploads\/2023\/10\/colt-1911.jpg","type":"image\/jpeg"}],"twitter_card":"summary_large_image","twitter_misc":{"Gesch\u00e4tzte Lesezeit":"2\u00a0Minuten"},"schema":{"@context":"https:\/\/schema.org","@graph":[{"@type":"WebPage","@id":"https:\/\/repliquemangacine.fr\/denix\/pistolet-automatique-m1911a1-demontable\/","url":"https:\/\/repliquemangacine.fr\/denix\/pistolet-automatique-m1911a1-demontable\/","name":"Zerlegbare Pistole M1911A1 - Online-Verkauf von Colt Denix - RMC","isPartOf":{"@id":"https:\/\/repliquemangacine.fr\/#website"},"primaryImageOfPage":{"@id":"https:\/\/repliquemangacine.fr\/denix\/pistolet-automatique-m1911a1-demontable\/#primaryimage"},"image":{"@id":"https:\/\/repliquemangacine.fr\/denix\/pistolet-automatique-m1911a1-demontable\/#primaryimage"},"thumbnailUrl":"https:\/\/repliquemangacine.fr\/wp-content\/uploads\/2023\/10\/colt-1911.jpg","datePublished":"2022-10-15T11:02:35+00:00","dateModified":"2026-01-06T18:13:42+00:00","description":"Biete ihm die zerlegbare Pistole M1911A1 zum besten Preis an - Aus Metall - Funktionaler Mechanismus - Abnehmbarer Lauf - Holzgriff - Abnehmbares Magazin -.","breadcrumb":{"@id":"https:\/\/repliquemangacine.fr\/denix\/pistolet-automatique-m1911a1-demontable\/#breadcrumb"},"inLanguage":"de","potentialAction":[{"@type":"ReadAction","target":["https:\/\/repliquemangacine.fr\/denix\/pistolet-automatique-m1911a1-demontable\/"]}]},{"@type":"ImageObject","inLanguage":"de","@id":"https:\/\/repliquemangacine.fr\/denix\/pistolet-automatique-m1911a1-demontable\/#primaryimage","url":"https:\/\/repliquemangacine.fr\/wp-content\/uploads\/2023\/10\/colt-1911.jpg","contentUrl":"https:\/\/repliquemangacine.fr\/wp-content\/uploads\/2023\/10\/colt-1911.jpg","width":500,"height":500,"caption":"Pistolet Automatique M1911A1 d\u00e9montable denix"},{"@type":"BreadcrumbList","@id":"https:\/\/repliquemangacine.fr\/denix\/pistolet-automatique-m1911a1-demontable\/#breadcrumb","itemListElement":[{"@type":"ListItem","position":1,"name":"Accueil","item":"https:\/\/repliquemangacine.fr\/"},{"@type":"ListItem","position":2,"name":"Produits","item":"https:\/\/repliquemangacine.fr\/boutique\/"},{"@type":"ListItem","position":3,"name":"Pistolet M1911A1 d\u00e9montable"}]},{"@type":"WebSite","@id":"https:\/\/repliquemangacine.fr\/#website","url":"https:\/\/repliquemangacine.fr\/","name":"R\u00e9plique Manga Cin\u00e9","description":"","publisher":{"@id":"https:\/\/repliquemangacine.fr\/#organization"},"potentialAction":[{"@type":"SearchAction","target":{"@type":"EntryPoint","urlTemplate":"https:\/\/repliquemangacine.fr\/?s={search_term_string}"},"query-input":{"@type":"PropertyValueSpecification","valueRequired":true,"valueName":"search_term_string"}}],"inLanguage":"de"},{"@type":"Organization","@id":"https:\/\/repliquemangacine.fr\/#organization","name":"R\u00e9plique Manga Cin\u00e9","url":"https:\/\/repliquemangacine.fr\/","logo":{"@type":"ImageObject","inLanguage":"de","@id":"https:\/\/repliquemangacine.fr\/#\/schema\/logo\/image\/","url":"https:\/\/repliquemangacine.fr\/wp-content\/uploads\/2023\/10\/RMC-500250.png","contentUrl":"https:\/\/repliquemangacine.fr\/wp-content\/uploads\/2023\/10\/RMC-500250.png","width":500,"height":250,"caption":"R\u00e9plique Manga Cin\u00e9"},"image":{"@id":"https:\/\/repliquemangacine.fr\/#\/schema\/logo\/image\/"},"sameAs":["https:\/\/www.facebook.com\/RepliqueMangaCine","https:\/\/www.instagram.com\/repliquemangacine.fr\/"]}]}},"_links":{"self":[{"href":"https:\/\/repliquemangacine.fr\/de\/wp-json\/wp\/v2\/product\/53942","targetHints":{"allow":["GET"]}}],"collection":[{"href":"https:\/\/repliquemangacine.fr\/de\/wp-json\/wp\/v2\/product"}],"about":[{"href":"https:\/\/repliquemangacine.fr\/de\/wp-json\/wp\/v2\/types\/product"}],"wp:featuredmedia":[{"embeddable":true,"href":"https:\/\/repliquemangacine.fr\/de\/wp-json\/wp\/v2\/media\/53943"}],"wp:attachment":[{"href":"https:\/\/repliquemangacine.fr\/de\/wp-json\/wp\/v2\/media?parent=53942"}],"wp:term":[{"taxonomy":"product_brand","embeddable":true,"href":"https:\/\/repliquemangacine.fr\/de\/wp-json\/wp\/v2\/product_brand?post=53942"},{"taxonomy":"product_cat","embeddable":true,"href":"https:\/\/repliquemangacine.fr\/de\/wp-json\/wp\/v2\/product_cat?post=53942"},{"taxonomy":"product_tag","embeddable":true,"href":"https:\/\/repliquemangacine.fr\/de\/wp-json\/wp\/v2\/product_tag?post=53942"}],"curies":[{"name":"wp","href":"https:\/\/api.w.org\/{rel}","templated":true}]}}