





{"id":53784,"date":"2022-10-08T19:15:39","date_gmt":"2022-10-08T17:15:39","guid":{"rendered":"https:\/\/repliquemangacine.fr\/?post_type=product&#038;p=53784"},"modified":"2026-04-16T20:03:19","modified_gmt":"2026-04-16T18:03:19","slug":"schwertstock-assassins-creed","status":"publish","type":"product","link":"https:\/\/repliquemangacine.fr\/de\/armes-assassins-creed\/canne-epee-assassins-creed\/","title":{"rendered":"Assassin's Creed-Schwertstock"},"content":{"rendered":"<h2>Replik des Assassin's Creed Syndicate-Schwertstocks.<\/h2>\n<p>Zu Beginn dieser <strong>Assassin's Creed-Schwertstock<\/strong> <strong>Gewerkschaft<\/strong> wird verwendet von <a href=\"https:\/\/assassinscreed.fandom.com\/fr\/wiki\/Jacob_Frye\" target=\"_blank\" rel=\"noopener noreferrer\">Jacob<\/a>, Bandenchef, Meisterassassine der britischen Bruderschaft.<\/p>\n<p>Assassin's Creed: Syndicate ist das neunte Hauptwerk der Assassin's-Creed-Reihe. Es folgt auf Assassin's Creed: Unity, das im Jahr zuvor erschienen war. In Syndicate geht es um die Assassinen Jacob und Evie Frye, zwei Zwillinge, die Mitglieder der Bruderschaft sind und im viktorianischen London in der zweiten H\u00e4lfte des 19.<\/p>\n<p>Sir Jacob Frye ist ein Bandenchef und Meisterassassine der britischen Bruderschaft. Er ist der Zwillingsbruder von Evie Frye.<\/p>\n<p>Das Stockschwert, die Spezialwaffe, die die Zwillinge Evie und Jacob Frye benutzten. Sie war unauff\u00e4llig, aber dennoch t\u00f6dlich und konnte in einer Zeit, in der das Tragen von Waffen f\u00fcr die Stadtbev\u00f6lkerung verboten wurde, ohne Aufmerksamkeit zu erregen, transportiert werden.<\/p>\n<h2>Ihr Assassin's Creed Syndicate-Schwertstock zum besten Preis.<\/h2>\n<p>Wir bieten dir alle Spr\u00fcche deiner Lieblingscharaktere aus deinem Lieblingsvideospiel.<\/p>\n<p>Zun\u00e4chst einmal,<\/p>\n<ul>\n<li>Die <a href=\"https:\/\/repliquemangacine.fr\/de\/assassins-creed\/assassin-s-creed-odyssey-replica-leonidas-gebrochener-speer\/\">zerbrochene Lanze des Leonidas<\/a> in Odyssey, die von Kassandra und\/oder Alexios verwendet wird.<\/li>\n<li>Aber auch die Gesamtheit der beiden <a href=\"https:\/\/repliquemangacine.fr\/de\/assassins-creed\/axte-assassins-creed-valhalla\/\">Von Eivor verwendete \u00c4xte<\/a> Varinsdottir in Assassin's Creed Valhalla.<\/li>\n<li>Es gibt auch die Replik von <a href=\"https:\/\/repliquemangacine.fr\/de\/assassins-creed\/pistole-axt-piraten-18-jahrhundert\/\">Axtpistole Piraten<\/a> in Assassin's Creed Unity.<\/li>\n<li>Und viele andere, die es in unserem Online-Shop zu entdecken gibt!<\/li>\n<\/ul>\n<p>Deshalb ist dies eine tolle Geschenkidee f\u00fcr alle Assassin's Creed-Fans.<\/p>\n<p>Abschlie\u00dfend k\u00f6nnen Sie auch diesen <strong>Assassin's Creed-Schwertstock<\/strong> <strong>Syndicate<\/strong> f\u00fcr Ihre Cosplay-Modenschauen oder Themenabende. Aber in erster Linie ist es ein Sammlerst\u00fcck und eine Dekoration.<\/p>\n<h2>Wie pflegt man die Klinge seines Degenstocks?<\/h2>\n<p>Schwertst\u00f6cke f\u00fcr Sammlungen und Dekorationen werden in vereinfachter Form hergestellt und zusammengebaut. Da sie zu Dekorationszwecken verwendet werden, fehlen ihnen die Sicherheitselemente, die ein japanisches Schwert f\u00fcr Trainingszwecke aufweisen muss.<\/p>\n<p>Ihr Schwertstock hat jedoch eine Stahlklinge, die gepflegt werden muss, damit sie nicht mit der Zeit besch\u00e4digt wird. Wenn Sie Ihr Katana ausstellen, werden Ihre Freunde neugierig sein, die Klinge zu sehen und sie zu ber\u00fchren. Hier ist Vorsicht geboten. Es sei darauf hingewiesen, dass die S\u00e4ure der Finger dem Stahl unabh\u00e4ngig von seiner Qualit\u00e4t sehr schadet.<\/p>\n<p>Sollte dies dennoch passieren, keine Panik, Sie brauchen nur ein Tuch, das Sie mit etwas \u00d6l befeuchten und die Fingerabdr\u00fccke abwischen. Wenn Sie dies tun, werden Sie Ihr Schwert sehr lange behalten.<\/p>","protected":false},"excerpt":{"rendered":"<p>Replik von Jacobs Schwertstock in Assassin's Creed Syndicate.<\/p>\n<ul>\n<li>Vollst\u00e4ndig aus Metall.<\/li>\n<li>Knauf Geierkopf ist aus Vollstahl.<\/li>\n<li>Klinge aus 440er Stahl.<\/li>\n<li>An der Spitze des Stocks befindet sich ein rutschfester Gummi.<\/li>\n<li>N\u00fctzlich zum Gehen.<\/li>\n<li>L\u00e4nge der Klinge: 31cm - Gesamtl\u00e4nge: 96cm - Gewicht: 800 Gramm<\/li>\n<\/ul>","protected":false},"featured_media":53785,"template":"","meta":[],"product_brand":[896],"product_cat":[836,48,23],"product_tag":[],"class_list":{"0":"post-53784","1":"product","2":"type-product","3":"status-publish","4":"has-post-thumbnail","6":"product_brand-replique-manga-cine","7":"product_cat-armes-assassins-creed","8":"product_cat-epees-assassins-creed-armes-assassins-creed","9":"product_cat-repliques-manga-jeux-video","11":"first","12":"instock","13":"taxable","14":"shipping-taxable","15":"purchasable","16":"product-type-simple"},"yoast_head":"<!-- This site is optimized with the Yoast SEO plugin v27.5 - https:\/\/yoast.com\/product\/yoast-seo-wordpress\/ -->\n<title>Canne \u00e9p\u00e9e Assassin&#039;s Creed syndicate - R\u00e9plique Manga Cin\u00e9<\/title>\n<meta name=\"description\" content=\"Achetez vite ! La Canne \u00e9p\u00e9e Assassin&#039;s Creed utilis\u00e9e par Jacob dans l&#039;opus syndicate au meilleur prix. Lame en acier de 31 cm- Longueur totale : 96cm\" \/>\n<meta name=\"robots\" content=\"index, follow, max-snippet:-1, max-image-preview:large, max-video-preview:-1\" \/>\n<link rel=\"canonical\" href=\"https:\/\/repliquemangacine.fr\/de\/waffen-assassins-creed\/schwertstock-assassins-creed\/\" \/>\n<meta property=\"og:locale\" content=\"de_DE\" \/>\n<meta property=\"og:type\" content=\"article\" \/>\n<meta property=\"og:title\" content=\"Canne \u00e9p\u00e9e Assassin&#039;s Creed syndicate - R\u00e9plique Manga Cin\u00e9\" \/>\n<meta property=\"og:description\" content=\"Achetez vite ! La Canne \u00e9p\u00e9e Assassin&#039;s Creed utilis\u00e9e par Jacob dans l&#039;opus syndicate au meilleur prix. Lame en acier de 31 cm- Longueur totale : 96cm\" \/>\n<meta property=\"og:url\" content=\"https:\/\/repliquemangacine.fr\/de\/waffen-assassins-creed\/schwertstock-assassins-creed\/\" \/>\n<meta property=\"og:site_name\" content=\"R\u00e9plique Manga Cin\u00e9\" \/>\n<meta property=\"article:publisher\" content=\"https:\/\/www.facebook.com\/RepliqueMangaCine\" \/>\n<meta property=\"article:modified_time\" content=\"2026-04-16T18:03:19+00:00\" \/>\n<meta property=\"og:image\" content=\"https:\/\/repliquemangacine.fr\/wp-content\/uploads\/2023\/10\/Canne-epee-Assassins-Creed-.jpg\" \/>\n\t<meta property=\"og:image:width\" content=\"500\" \/>\n\t<meta property=\"og:image:height\" content=\"500\" \/>\n\t<meta property=\"og:image:type\" content=\"image\/jpeg\" \/>\n<meta name=\"twitter:card\" content=\"summary_large_image\" \/>\n<meta name=\"twitter:label1\" content=\"Gesch\u00e4tzte Lesezeit\" \/>\n\t<meta name=\"twitter:data1\" content=\"2\u00a0Minuten\" \/>\n<script type=\"application\/ld+json\" class=\"yoast-schema-graph\">{\"@context\":\"https:\\\/\\\/schema.org\",\"@graph\":[{\"@type\":\"WebPage\",\"@id\":\"https:\\\/\\\/repliquemangacine.fr\\\/armes-assassins-creed\\\/canne-epee-assassins-creed\\\/\",\"url\":\"https:\\\/\\\/repliquemangacine.fr\\\/armes-assassins-creed\\\/canne-epee-assassins-creed\\\/\",\"name\":\"Canne \u00e9p\u00e9e Assassin's Creed syndicate - R\u00e9plique Manga Cin\u00e9\",\"isPartOf\":{\"@id\":\"https:\\\/\\\/repliquemangacine.fr\\\/#website\"},\"primaryImageOfPage\":{\"@id\":\"https:\\\/\\\/repliquemangacine.fr\\\/armes-assassins-creed\\\/canne-epee-assassins-creed\\\/#primaryimage\"},\"image\":{\"@id\":\"https:\\\/\\\/repliquemangacine.fr\\\/armes-assassins-creed\\\/canne-epee-assassins-creed\\\/#primaryimage\"},\"thumbnailUrl\":\"https:\\\/\\\/repliquemangacine.fr\\\/wp-content\\\/uploads\\\/2023\\\/10\\\/Canne-epee-Assassins-Creed-.jpg\",\"datePublished\":\"2022-10-08T17:15:39+00:00\",\"dateModified\":\"2026-04-16T18:03:19+00:00\",\"description\":\"Achetez vite ! La Canne \u00e9p\u00e9e Assassin's Creed utilis\u00e9e par Jacob dans l'opus syndicate au meilleur prix. Lame en acier de 31 cm- Longueur totale : 96cm\",\"breadcrumb\":{\"@id\":\"https:\\\/\\\/repliquemangacine.fr\\\/armes-assassins-creed\\\/canne-epee-assassins-creed\\\/#breadcrumb\"},\"inLanguage\":\"de\",\"potentialAction\":[{\"@type\":\"ReadAction\",\"target\":[\"https:\\\/\\\/repliquemangacine.fr\\\/armes-assassins-creed\\\/canne-epee-assassins-creed\\\/\"]}]},{\"@type\":\"ImageObject\",\"inLanguage\":\"de\",\"@id\":\"https:\\\/\\\/repliquemangacine.fr\\\/armes-assassins-creed\\\/canne-epee-assassins-creed\\\/#primaryimage\",\"url\":\"https:\\\/\\\/repliquemangacine.fr\\\/wp-content\\\/uploads\\\/2023\\\/10\\\/Canne-epee-Assassins-Creed-.jpg\",\"contentUrl\":\"https:\\\/\\\/repliquemangacine.fr\\\/wp-content\\\/uploads\\\/2023\\\/10\\\/Canne-epee-Assassins-Creed-.jpg\",\"width\":500,\"height\":500,\"caption\":\"Canne \u00e9p\u00e9e Assassin's Creed syndicate\"},{\"@type\":\"BreadcrumbList\",\"@id\":\"https:\\\/\\\/repliquemangacine.fr\\\/armes-assassins-creed\\\/canne-epee-assassins-creed\\\/#breadcrumb\",\"itemListElement\":[{\"@type\":\"ListItem\",\"position\":1,\"name\":\"Accueil\",\"item\":\"https:\\\/\\\/repliquemangacine.fr\\\/\"},{\"@type\":\"ListItem\",\"position\":2,\"name\":\"Produits\",\"item\":\"https:\\\/\\\/repliquemangacine.fr\\\/boutique\\\/\"},{\"@type\":\"ListItem\",\"position\":3,\"name\":\"Canne \u00e9p\u00e9e Assassin&#8217;s Creed\"}]},{\"@type\":\"WebSite\",\"@id\":\"https:\\\/\\\/repliquemangacine.fr\\\/#website\",\"url\":\"https:\\\/\\\/repliquemangacine.fr\\\/\",\"name\":\"R\u00e9plique Manga Cin\u00e9\",\"description\":\"\",\"publisher\":{\"@id\":\"https:\\\/\\\/repliquemangacine.fr\\\/#organization\"},\"potentialAction\":[{\"@type\":\"SearchAction\",\"target\":{\"@type\":\"EntryPoint\",\"urlTemplate\":\"https:\\\/\\\/repliquemangacine.fr\\\/?s={search_term_string}\"},\"query-input\":{\"@type\":\"PropertyValueSpecification\",\"valueRequired\":true,\"valueName\":\"search_term_string\"}}],\"inLanguage\":\"de\"},{\"@type\":\"Organization\",\"@id\":\"https:\\\/\\\/repliquemangacine.fr\\\/#organization\",\"name\":\"R\u00e9plique Manga Cin\u00e9\",\"url\":\"https:\\\/\\\/repliquemangacine.fr\\\/\",\"logo\":{\"@type\":\"ImageObject\",\"inLanguage\":\"de\",\"@id\":\"https:\\\/\\\/repliquemangacine.fr\\\/#\\\/schema\\\/logo\\\/image\\\/\",\"url\":\"https:\\\/\\\/repliquemangacine.fr\\\/wp-content\\\/uploads\\\/2023\\\/10\\\/RMC-500250.png\",\"contentUrl\":\"https:\\\/\\\/repliquemangacine.fr\\\/wp-content\\\/uploads\\\/2023\\\/10\\\/RMC-500250.png\",\"width\":500,\"height\":250,\"caption\":\"R\u00e9plique Manga Cin\u00e9\"},\"image\":{\"@id\":\"https:\\\/\\\/repliquemangacine.fr\\\/#\\\/schema\\\/logo\\\/image\\\/\"},\"sameAs\":[\"https:\\\/\\\/www.facebook.com\\\/RepliqueMangaCine\",\"https:\\\/\\\/www.instagram.com\\\/repliquemangacine.fr\\\/\"]}]}<\/script>\n<!-- \/ Yoast SEO plugin. -->","yoast_head_json":{"title":"Assassin's Creed Syndicate Schwertstock - R\u00e9plique Manga Cin\u00e9","description":"Kaufen Sie schnell! Der Assassin's Creed-Schwertstock, den Jacob im Syndikatsepos verwendet, zum besten Preis. 31 cm lange Stahlklinge- Gesamtl\u00e4nge: 96cm","robots":{"index":"index","follow":"follow","max-snippet":"max-snippet:-1","max-image-preview":"max-image-preview:large","max-video-preview":"max-video-preview:-1"},"canonical":"https:\/\/repliquemangacine.fr\/de\/waffen-assassins-creed\/schwertstock-assassins-creed\/","og_locale":"de_DE","og_type":"article","og_title":"Canne \u00e9p\u00e9e Assassin's Creed syndicate - R\u00e9plique Manga Cin\u00e9","og_description":"Achetez vite ! La Canne \u00e9p\u00e9e Assassin's Creed utilis\u00e9e par Jacob dans l'opus syndicate au meilleur prix. Lame en acier de 31 cm- Longueur totale : 96cm","og_url":"https:\/\/repliquemangacine.fr\/de\/waffen-assassins-creed\/schwertstock-assassins-creed\/","og_site_name":"R\u00e9plique Manga Cin\u00e9","article_publisher":"https:\/\/www.facebook.com\/RepliqueMangaCine","article_modified_time":"2026-04-16T18:03:19+00:00","og_image":[{"width":500,"height":500,"url":"https:\/\/repliquemangacine.fr\/wp-content\/uploads\/2023\/10\/Canne-epee-Assassins-Creed-.jpg","type":"image\/jpeg"}],"twitter_card":"summary_large_image","twitter_misc":{"Gesch\u00e4tzte Lesezeit":"2\u00a0Minuten"},"schema":{"@context":"https:\/\/schema.org","@graph":[{"@type":"WebPage","@id":"https:\/\/repliquemangacine.fr\/armes-assassins-creed\/canne-epee-assassins-creed\/","url":"https:\/\/repliquemangacine.fr\/armes-assassins-creed\/canne-epee-assassins-creed\/","name":"Assassin's Creed Syndicate Schwertstock - R\u00e9plique Manga Cin\u00e9","isPartOf":{"@id":"https:\/\/repliquemangacine.fr\/#website"},"primaryImageOfPage":{"@id":"https:\/\/repliquemangacine.fr\/armes-assassins-creed\/canne-epee-assassins-creed\/#primaryimage"},"image":{"@id":"https:\/\/repliquemangacine.fr\/armes-assassins-creed\/canne-epee-assassins-creed\/#primaryimage"},"thumbnailUrl":"https:\/\/repliquemangacine.fr\/wp-content\/uploads\/2023\/10\/Canne-epee-Assassins-Creed-.jpg","datePublished":"2022-10-08T17:15:39+00:00","dateModified":"2026-04-16T18:03:19+00:00","description":"Kaufen Sie schnell! Der Assassin's Creed-Schwertstock, den Jacob im Syndikatsepos verwendet, zum besten Preis. 31 cm lange Stahlklinge- Gesamtl\u00e4nge: 96cm","breadcrumb":{"@id":"https:\/\/repliquemangacine.fr\/armes-assassins-creed\/canne-epee-assassins-creed\/#breadcrumb"},"inLanguage":"de","potentialAction":[{"@type":"ReadAction","target":["https:\/\/repliquemangacine.fr\/armes-assassins-creed\/canne-epee-assassins-creed\/"]}]},{"@type":"ImageObject","inLanguage":"de","@id":"https:\/\/repliquemangacine.fr\/armes-assassins-creed\/canne-epee-assassins-creed\/#primaryimage","url":"https:\/\/repliquemangacine.fr\/wp-content\/uploads\/2023\/10\/Canne-epee-Assassins-Creed-.jpg","contentUrl":"https:\/\/repliquemangacine.fr\/wp-content\/uploads\/2023\/10\/Canne-epee-Assassins-Creed-.jpg","width":500,"height":500,"caption":"Canne \u00e9p\u00e9e Assassin's Creed syndicate"},{"@type":"BreadcrumbList","@id":"https:\/\/repliquemangacine.fr\/armes-assassins-creed\/canne-epee-assassins-creed\/#breadcrumb","itemListElement":[{"@type":"ListItem","position":1,"name":"Accueil","item":"https:\/\/repliquemangacine.fr\/"},{"@type":"ListItem","position":2,"name":"Produits","item":"https:\/\/repliquemangacine.fr\/boutique\/"},{"@type":"ListItem","position":3,"name":"Canne \u00e9p\u00e9e Assassin&#8217;s Creed"}]},{"@type":"WebSite","@id":"https:\/\/repliquemangacine.fr\/#website","url":"https:\/\/repliquemangacine.fr\/","name":"R\u00e9plique Manga Cin\u00e9","description":"","publisher":{"@id":"https:\/\/repliquemangacine.fr\/#organization"},"potentialAction":[{"@type":"SearchAction","target":{"@type":"EntryPoint","urlTemplate":"https:\/\/repliquemangacine.fr\/?s={search_term_string}"},"query-input":{"@type":"PropertyValueSpecification","valueRequired":true,"valueName":"search_term_string"}}],"inLanguage":"de"},{"@type":"Organization","@id":"https:\/\/repliquemangacine.fr\/#organization","name":"R\u00e9plique Manga Cin\u00e9","url":"https:\/\/repliquemangacine.fr\/","logo":{"@type":"ImageObject","inLanguage":"de","@id":"https:\/\/repliquemangacine.fr\/#\/schema\/logo\/image\/","url":"https:\/\/repliquemangacine.fr\/wp-content\/uploads\/2023\/10\/RMC-500250.png","contentUrl":"https:\/\/repliquemangacine.fr\/wp-content\/uploads\/2023\/10\/RMC-500250.png","width":500,"height":250,"caption":"R\u00e9plique Manga Cin\u00e9"},"image":{"@id":"https:\/\/repliquemangacine.fr\/#\/schema\/logo\/image\/"},"sameAs":["https:\/\/www.facebook.com\/RepliqueMangaCine","https:\/\/www.instagram.com\/repliquemangacine.fr\/"]}]}},"_links":{"self":[{"href":"https:\/\/repliquemangacine.fr\/de\/wp-json\/wp\/v2\/product\/53784","targetHints":{"allow":["GET"]}}],"collection":[{"href":"https:\/\/repliquemangacine.fr\/de\/wp-json\/wp\/v2\/product"}],"about":[{"href":"https:\/\/repliquemangacine.fr\/de\/wp-json\/wp\/v2\/types\/product"}],"wp:featuredmedia":[{"embeddable":true,"href":"https:\/\/repliquemangacine.fr\/de\/wp-json\/wp\/v2\/media\/53785"}],"wp:attachment":[{"href":"https:\/\/repliquemangacine.fr\/de\/wp-json\/wp\/v2\/media?parent=53784"}],"wp:term":[{"taxonomy":"product_brand","embeddable":true,"href":"https:\/\/repliquemangacine.fr\/de\/wp-json\/wp\/v2\/product_brand?post=53784"},{"taxonomy":"product_cat","embeddable":true,"href":"https:\/\/repliquemangacine.fr\/de\/wp-json\/wp\/v2\/product_cat?post=53784"},{"taxonomy":"product_tag","embeddable":true,"href":"https:\/\/repliquemangacine.fr\/de\/wp-json\/wp\/v2\/product_tag?post=53784"}],"curies":[{"name":"wp","href":"https:\/\/api.w.org\/{rel}","templated":true}]}}