





{"id":53774,"date":"2022-10-08T17:17:18","date_gmt":"2022-10-08T15:17:18","guid":{"rendered":"https:\/\/repliquemangacine.fr\/?post_type=product&#038;p=53774"},"modified":"2026-04-23T11:26:04","modified_gmt":"2026-04-23T09:26:04","slug":"papierschnitt-sabel-legolas","status":"publish","type":"product","link":"https:\/\/repliquemangacine.fr\/de\/epees-seigneur-des-anneaux\/coupe-papier-sabre-legolas\/","title":{"rendered":"Legolas S\u00e4bel Brief\u00f6ffner"},"content":{"rendered":"<h2>Legolas S\u00e4bel Brief\u00f6ffner in Lord Of The Rings<\/h2>\n<p>Zu Beginn wird die Version des <strong>Legolas S\u00e4bel Brief\u00f6ffner<\/strong> ist ein Sammlerst\u00fcck f\u00fcr Fans von Der Herr der Ringe.<\/p>\n<p>Legolas Gr\u00fcnblatt ist ein Sinda-Elb, der im Dritten Zeitalter Teil der Gemeinschaft des Rings war. Er ist der Sohn des Elbenk\u00f6nigs Thranduil vom Waldreich, dessen Prinz, Bote und Meisterbogensch\u00fctze er war. Mit seinem scharfen Blick, seinem empfindlichen Geh\u00f6r und seiner hervorragenden Beherrschung des Bogenschie\u00dfens war Legolas f\u00fcr die Gemeinschaft w\u00e4hrend der Suche nach dem Ring durch Mittelerde von unsch\u00e4tzbarem Wert.<\/p>\n<p>\u00dcbrigens: Nach der Aufl\u00f6sung der Gemeinschaft begleitet Legolas Aragorn und Gimli bei der Verfolgung von Sarumans Uruk-hai, die Pippin und Merry entf\u00fchrt haben. Gandalf findet sie am Rande des Fangornwaldes.<\/p>\n<h2>Ihr Legolas S\u00e4bel Brief\u00f6ffner zum besten Preis.<\/h2>\n<p>Auf unserer Website bieten wir Ihnen mehrere Nachbildungen aus dem Universum von J.R.R. Tolkien an.<\/p>\n<p>Zun\u00e4chst einmal,<\/p>\n<ul>\n<li>Arwens Hadhafang-Schwert und sein <a href=\"https:\/\/repliquemangacine.fr\/de\/der-herr-der-ringe\/replica-anhanger-abendstern-arwen\/\">Abendstern-Anh\u00e4nger<\/a>.<\/li>\n<li>Sowie das <a href=\"https:\/\/repliquemangacine.fr\/de\/herr-der-ringe-schwerter\/papierschnitt-dolch-des-schwertes-aragorn\/\">Brief\u00f6ffner von Aragorns Schwert Strider<\/a>.<\/li>\n<li>Aber auch die<a href=\"https:\/\/repliquemangacine.fr\/de\/der-herr-der-ringe\/anneau-unique-le-precieux\/\">'Einzelner Ring<\/a> der Macht sagt das kostbare durch <a href=\"https:\/\/lotr.fandom.com\/fr\/wiki\/Gollum\" target=\"_blank\" rel=\"noopener noreferrer\">Gollum<\/a>.<\/li>\n<li>Und viele andere, die es in unserem Online-Shop zu entdecken gibt!<\/li>\n<\/ul>\n<p>Deshalb ist dies eine tolle Geschenkidee f\u00fcr Fans der Trilogie \"Der Herr der Ringe\".<\/p>\n<p>Abschlie\u00dfend k\u00f6nnen Sie diesen <strong>Legolas S\u00e4bel Brief\u00f6ffner<\/strong> im allt\u00e4glichen Leben. Vor allem aber ist es ein Sammler- und Dekorationsst\u00fcck.<\/p>\n<h2>Wie pflegt man die Klinge seines \"Herr der Ringe\"-Schwerts?<\/h2>\n<p>Sammlungs- und Dekorationsschwerter werden in vereinfachter Form hergestellt und zusammengebaut. Da sie zu Dekorationszwecken verwendet werden, fehlen ihnen die Sicherheitselemente, die ein japanisches Schwert f\u00fcr Trainingszwecke aufweisen muss.<\/p>\n<p>Allerdings ist Ihr<strong> Legolas S\u00e4bel Brief\u00f6ffner<\/strong> zu einer Stahlklinge, die gepflegt werden muss, damit sie nicht mit der Zeit abgenutzt wird. Denn wenn du dein Katana ausstellst, werden deine Freunde neugierig sein, die Klinge zu sehen und sie zu ber\u00fchren. Hier ist Vorsicht geboten, denn Sie sollten wissen, dass die S\u00e4ure der Finger dem Stahl unabh\u00e4ngig von seiner Qualit\u00e4t sehr schadet.<\/p>\n<p>Wenn dies jedoch passiert, keine Panik, Sie brauchen nur ein Tuch, das mit etwas \u00d6l befeuchtet ist, und wischen die Fingerabdr\u00fccke ab. Wenn Sie dies tun, werden Sie Ihr Schwert sehr lange behalten.<\/p>\n<p><strong>\u00a0<\/strong><\/p>","protected":false},"excerpt":{"rendered":"<p>Wundersch\u00f6ner Brief\u00f6ffner des Schwertes Legolas<\/p>\n<ul>\n<li>Die Klinge ist aus Edelstahl.<\/li>\n<li>Griff aus Abs in Holzoptik mit Verzierungen.<\/li>\n<li>Scheide aus ABS in Holzoptik<\/li>\n<li>L\u00e4nge der Klinge: 17.5 cm - Gesamtl\u00e4nge: 28.5 cm<\/li>\n<li>Gewicht: 120 Gramm<\/li>\n<\/ul>","protected":false},"featured_media":53775,"template":"","meta":[],"product_brand":[896],"product_cat":[68,24,29],"product_tag":[],"class_list":{"0":"post-53774","1":"product","2":"type-product","3":"status-publish","4":"has-post-thumbnail","6":"product_brand-replique-manga-cine","7":"product_cat-epees-seigneur-des-anneaux","8":"product_cat-films-series-tv-vente-de-katana-epee-et-produits-derives","9":"product_cat-le-seigneur-des-anneaux","11":"first","12":"instock","13":"taxable","14":"shipping-taxable","15":"purchasable","16":"product-type-simple"},"yoast_head":"<!-- This site is optimized with the Yoast SEO plugin v27.5 - https:\/\/yoast.com\/product\/yoast-seo-wordpress\/ -->\n<title>Coupe-papier sabre Legolas - R\u00e9plique Manga Cin\u00e9<\/title>\n<meta name=\"description\" content=\"Superbe Coupe-papier sabre Legolas pour tous les fans de la trilogie. Lame en acier stainless steel. Fourreau en Abs moul\u00e9. Paiement s\u00e9curis\u00e9.\" \/>\n<meta name=\"robots\" content=\"index, follow, max-snippet:-1, max-image-preview:large, max-video-preview:-1\" \/>\n<link rel=\"canonical\" href=\"https:\/\/repliquemangacine.fr\/de\/herr-der-ringe-schwerter\/papierschnitt-sabel-legolas\/\" \/>\n<meta property=\"og:locale\" content=\"de_DE\" \/>\n<meta property=\"og:type\" content=\"article\" \/>\n<meta property=\"og:title\" content=\"Coupe-papier sabre Legolas - R\u00e9plique Manga Cin\u00e9\" \/>\n<meta property=\"og:description\" content=\"Superbe Coupe-papier sabre Legolas pour tous les fans de la trilogie. Lame en acier stainless steel. Fourreau en Abs moul\u00e9. Paiement s\u00e9curis\u00e9.\" \/>\n<meta property=\"og:url\" content=\"https:\/\/repliquemangacine.fr\/de\/herr-der-ringe-schwerter\/papierschnitt-sabel-legolas\/\" \/>\n<meta property=\"og:site_name\" content=\"R\u00e9plique Manga Cin\u00e9\" \/>\n<meta property=\"article:publisher\" content=\"https:\/\/www.facebook.com\/RepliqueMangaCine\" \/>\n<meta property=\"article:modified_time\" content=\"2026-04-23T09:26:04+00:00\" \/>\n<meta property=\"og:image\" content=\"https:\/\/repliquemangacine.fr\/wp-content\/uploads\/2023\/10\/coupe-papier-legolas.jpg\" \/>\n\t<meta property=\"og:image:width\" content=\"500\" \/>\n\t<meta property=\"og:image:height\" content=\"500\" \/>\n\t<meta property=\"og:image:type\" content=\"image\/jpeg\" \/>\n<meta name=\"twitter:card\" content=\"summary_large_image\" \/>\n<meta name=\"twitter:label1\" content=\"Gesch\u00e4tzte Lesezeit\" \/>\n\t<meta name=\"twitter:data1\" content=\"2\u00a0Minuten\" \/>\n<script type=\"application\/ld+json\" class=\"yoast-schema-graph\">{\"@context\":\"https:\\\/\\\/schema.org\",\"@graph\":[{\"@type\":\"WebPage\",\"@id\":\"https:\\\/\\\/repliquemangacine.fr\\\/epees-seigneur-des-anneaux\\\/coupe-papier-sabre-legolas\\\/\",\"url\":\"https:\\\/\\\/repliquemangacine.fr\\\/epees-seigneur-des-anneaux\\\/coupe-papier-sabre-legolas\\\/\",\"name\":\"Coupe-papier sabre Legolas - R\u00e9plique Manga Cin\u00e9\",\"isPartOf\":{\"@id\":\"https:\\\/\\\/repliquemangacine.fr\\\/#website\"},\"primaryImageOfPage\":{\"@id\":\"https:\\\/\\\/repliquemangacine.fr\\\/epees-seigneur-des-anneaux\\\/coupe-papier-sabre-legolas\\\/#primaryimage\"},\"image\":{\"@id\":\"https:\\\/\\\/repliquemangacine.fr\\\/epees-seigneur-des-anneaux\\\/coupe-papier-sabre-legolas\\\/#primaryimage\"},\"thumbnailUrl\":\"https:\\\/\\\/repliquemangacine.fr\\\/wp-content\\\/uploads\\\/2023\\\/10\\\/coupe-papier-legolas.jpg\",\"datePublished\":\"2022-10-08T15:17:18+00:00\",\"dateModified\":\"2026-04-23T09:26:04+00:00\",\"description\":\"Superbe Coupe-papier sabre Legolas pour tous les fans de la trilogie. Lame en acier stainless steel. Fourreau en Abs moul\u00e9. Paiement s\u00e9curis\u00e9.\",\"breadcrumb\":{\"@id\":\"https:\\\/\\\/repliquemangacine.fr\\\/epees-seigneur-des-anneaux\\\/coupe-papier-sabre-legolas\\\/#breadcrumb\"},\"inLanguage\":\"de\",\"potentialAction\":[{\"@type\":\"ReadAction\",\"target\":[\"https:\\\/\\\/repliquemangacine.fr\\\/epees-seigneur-des-anneaux\\\/coupe-papier-sabre-legolas\\\/\"]}]},{\"@type\":\"ImageObject\",\"inLanguage\":\"de\",\"@id\":\"https:\\\/\\\/repliquemangacine.fr\\\/epees-seigneur-des-anneaux\\\/coupe-papier-sabre-legolas\\\/#primaryimage\",\"url\":\"https:\\\/\\\/repliquemangacine.fr\\\/wp-content\\\/uploads\\\/2023\\\/10\\\/coupe-papier-legolas.jpg\",\"contentUrl\":\"https:\\\/\\\/repliquemangacine.fr\\\/wp-content\\\/uploads\\\/2023\\\/10\\\/coupe-papier-legolas.jpg\",\"width\":500,\"height\":500,\"caption\":\"Coupe-papier sabre Legolas sda\"},{\"@type\":\"BreadcrumbList\",\"@id\":\"https:\\\/\\\/repliquemangacine.fr\\\/epees-seigneur-des-anneaux\\\/coupe-papier-sabre-legolas\\\/#breadcrumb\",\"itemListElement\":[{\"@type\":\"ListItem\",\"position\":1,\"name\":\"Accueil\",\"item\":\"https:\\\/\\\/repliquemangacine.fr\\\/\"},{\"@type\":\"ListItem\",\"position\":2,\"name\":\"Produits\",\"item\":\"https:\\\/\\\/repliquemangacine.fr\\\/boutique\\\/\"},{\"@type\":\"ListItem\",\"position\":3,\"name\":\"Coupe-papier sabre Legolas\"}]},{\"@type\":\"WebSite\",\"@id\":\"https:\\\/\\\/repliquemangacine.fr\\\/#website\",\"url\":\"https:\\\/\\\/repliquemangacine.fr\\\/\",\"name\":\"R\u00e9plique Manga Cin\u00e9\",\"description\":\"\",\"publisher\":{\"@id\":\"https:\\\/\\\/repliquemangacine.fr\\\/#organization\"},\"potentialAction\":[{\"@type\":\"SearchAction\",\"target\":{\"@type\":\"EntryPoint\",\"urlTemplate\":\"https:\\\/\\\/repliquemangacine.fr\\\/?s={search_term_string}\"},\"query-input\":{\"@type\":\"PropertyValueSpecification\",\"valueRequired\":true,\"valueName\":\"search_term_string\"}}],\"inLanguage\":\"de\"},{\"@type\":\"Organization\",\"@id\":\"https:\\\/\\\/repliquemangacine.fr\\\/#organization\",\"name\":\"R\u00e9plique Manga Cin\u00e9\",\"url\":\"https:\\\/\\\/repliquemangacine.fr\\\/\",\"logo\":{\"@type\":\"ImageObject\",\"inLanguage\":\"de\",\"@id\":\"https:\\\/\\\/repliquemangacine.fr\\\/#\\\/schema\\\/logo\\\/image\\\/\",\"url\":\"https:\\\/\\\/repliquemangacine.fr\\\/wp-content\\\/uploads\\\/2023\\\/10\\\/RMC-500250.png\",\"contentUrl\":\"https:\\\/\\\/repliquemangacine.fr\\\/wp-content\\\/uploads\\\/2023\\\/10\\\/RMC-500250.png\",\"width\":500,\"height\":250,\"caption\":\"R\u00e9plique Manga Cin\u00e9\"},\"image\":{\"@id\":\"https:\\\/\\\/repliquemangacine.fr\\\/#\\\/schema\\\/logo\\\/image\\\/\"},\"sameAs\":[\"https:\\\/\\\/www.facebook.com\\\/RepliqueMangaCine\",\"https:\\\/\\\/www.instagram.com\\\/repliquemangacine.fr\\\/\"]}]}<\/script>\n<!-- \/ Yoast SEO plugin. -->","yoast_head_json":{"title":"Legolas S\u00e4bel Brief\u00f6ffner - R\u00e9plique Manga Cin\u00e9","description":"Wundersch\u00f6ner Legolas-S\u00e4bel Brief\u00f6ffner f\u00fcr alle Fans der Trilogie. Klinge aus stainless steel. Scheide aus gegossenem Abs. Sichere Zahlung.","robots":{"index":"index","follow":"follow","max-snippet":"max-snippet:-1","max-image-preview":"max-image-preview:large","max-video-preview":"max-video-preview:-1"},"canonical":"https:\/\/repliquemangacine.fr\/de\/herr-der-ringe-schwerter\/papierschnitt-sabel-legolas\/","og_locale":"de_DE","og_type":"article","og_title":"Coupe-papier sabre Legolas - R\u00e9plique Manga Cin\u00e9","og_description":"Superbe Coupe-papier sabre Legolas pour tous les fans de la trilogie. Lame en acier stainless steel. Fourreau en Abs moul\u00e9. Paiement s\u00e9curis\u00e9.","og_url":"https:\/\/repliquemangacine.fr\/de\/herr-der-ringe-schwerter\/papierschnitt-sabel-legolas\/","og_site_name":"R\u00e9plique Manga Cin\u00e9","article_publisher":"https:\/\/www.facebook.com\/RepliqueMangaCine","article_modified_time":"2026-04-23T09:26:04+00:00","og_image":[{"width":500,"height":500,"url":"https:\/\/repliquemangacine.fr\/wp-content\/uploads\/2023\/10\/coupe-papier-legolas.jpg","type":"image\/jpeg"}],"twitter_card":"summary_large_image","twitter_misc":{"Gesch\u00e4tzte Lesezeit":"2\u00a0Minuten"},"schema":{"@context":"https:\/\/schema.org","@graph":[{"@type":"WebPage","@id":"https:\/\/repliquemangacine.fr\/epees-seigneur-des-anneaux\/coupe-papier-sabre-legolas\/","url":"https:\/\/repliquemangacine.fr\/epees-seigneur-des-anneaux\/coupe-papier-sabre-legolas\/","name":"Legolas S\u00e4bel Brief\u00f6ffner - R\u00e9plique Manga Cin\u00e9","isPartOf":{"@id":"https:\/\/repliquemangacine.fr\/#website"},"primaryImageOfPage":{"@id":"https:\/\/repliquemangacine.fr\/epees-seigneur-des-anneaux\/coupe-papier-sabre-legolas\/#primaryimage"},"image":{"@id":"https:\/\/repliquemangacine.fr\/epees-seigneur-des-anneaux\/coupe-papier-sabre-legolas\/#primaryimage"},"thumbnailUrl":"https:\/\/repliquemangacine.fr\/wp-content\/uploads\/2023\/10\/coupe-papier-legolas.jpg","datePublished":"2022-10-08T15:17:18+00:00","dateModified":"2026-04-23T09:26:04+00:00","description":"Wundersch\u00f6ner Legolas-S\u00e4bel Brief\u00f6ffner f\u00fcr alle Fans der Trilogie. Klinge aus stainless steel. Scheide aus gegossenem Abs. Sichere Zahlung.","breadcrumb":{"@id":"https:\/\/repliquemangacine.fr\/epees-seigneur-des-anneaux\/coupe-papier-sabre-legolas\/#breadcrumb"},"inLanguage":"de","potentialAction":[{"@type":"ReadAction","target":["https:\/\/repliquemangacine.fr\/epees-seigneur-des-anneaux\/coupe-papier-sabre-legolas\/"]}]},{"@type":"ImageObject","inLanguage":"de","@id":"https:\/\/repliquemangacine.fr\/epees-seigneur-des-anneaux\/coupe-papier-sabre-legolas\/#primaryimage","url":"https:\/\/repliquemangacine.fr\/wp-content\/uploads\/2023\/10\/coupe-papier-legolas.jpg","contentUrl":"https:\/\/repliquemangacine.fr\/wp-content\/uploads\/2023\/10\/coupe-papier-legolas.jpg","width":500,"height":500,"caption":"Coupe-papier sabre Legolas sda"},{"@type":"BreadcrumbList","@id":"https:\/\/repliquemangacine.fr\/epees-seigneur-des-anneaux\/coupe-papier-sabre-legolas\/#breadcrumb","itemListElement":[{"@type":"ListItem","position":1,"name":"Accueil","item":"https:\/\/repliquemangacine.fr\/"},{"@type":"ListItem","position":2,"name":"Produits","item":"https:\/\/repliquemangacine.fr\/boutique\/"},{"@type":"ListItem","position":3,"name":"Coupe-papier sabre Legolas"}]},{"@type":"WebSite","@id":"https:\/\/repliquemangacine.fr\/#website","url":"https:\/\/repliquemangacine.fr\/","name":"R\u00e9plique Manga Cin\u00e9","description":"","publisher":{"@id":"https:\/\/repliquemangacine.fr\/#organization"},"potentialAction":[{"@type":"SearchAction","target":{"@type":"EntryPoint","urlTemplate":"https:\/\/repliquemangacine.fr\/?s={search_term_string}"},"query-input":{"@type":"PropertyValueSpecification","valueRequired":true,"valueName":"search_term_string"}}],"inLanguage":"de"},{"@type":"Organization","@id":"https:\/\/repliquemangacine.fr\/#organization","name":"R\u00e9plique Manga Cin\u00e9","url":"https:\/\/repliquemangacine.fr\/","logo":{"@type":"ImageObject","inLanguage":"de","@id":"https:\/\/repliquemangacine.fr\/#\/schema\/logo\/image\/","url":"https:\/\/repliquemangacine.fr\/wp-content\/uploads\/2023\/10\/RMC-500250.png","contentUrl":"https:\/\/repliquemangacine.fr\/wp-content\/uploads\/2023\/10\/RMC-500250.png","width":500,"height":250,"caption":"R\u00e9plique Manga Cin\u00e9"},"image":{"@id":"https:\/\/repliquemangacine.fr\/#\/schema\/logo\/image\/"},"sameAs":["https:\/\/www.facebook.com\/RepliqueMangaCine","https:\/\/www.instagram.com\/repliquemangacine.fr\/"]}]}},"_links":{"self":[{"href":"https:\/\/repliquemangacine.fr\/de\/wp-json\/wp\/v2\/product\/53774","targetHints":{"allow":["GET"]}}],"collection":[{"href":"https:\/\/repliquemangacine.fr\/de\/wp-json\/wp\/v2\/product"}],"about":[{"href":"https:\/\/repliquemangacine.fr\/de\/wp-json\/wp\/v2\/types\/product"}],"wp:featuredmedia":[{"embeddable":true,"href":"https:\/\/repliquemangacine.fr\/de\/wp-json\/wp\/v2\/media\/53775"}],"wp:attachment":[{"href":"https:\/\/repliquemangacine.fr\/de\/wp-json\/wp\/v2\/media?parent=53774"}],"wp:term":[{"taxonomy":"product_brand","embeddable":true,"href":"https:\/\/repliquemangacine.fr\/de\/wp-json\/wp\/v2\/product_brand?post=53774"},{"taxonomy":"product_cat","embeddable":true,"href":"https:\/\/repliquemangacine.fr\/de\/wp-json\/wp\/v2\/product_cat?post=53774"},{"taxonomy":"product_tag","embeddable":true,"href":"https:\/\/repliquemangacine.fr\/de\/wp-json\/wp\/v2\/product_tag?post=53774"}],"curies":[{"name":"wp","href":"https:\/\/api.w.org\/{rel}","templated":true}]}}