





{"id":53764,"date":"2022-10-08T16:04:20","date_gmt":"2022-10-08T14:04:20","guid":{"rendered":"https:\/\/repliquemangacine.fr\/?post_type=product&#038;p=53764"},"modified":"2025-10-05T17:19:40","modified_gmt":"2025-10-05T15:19:40","slug":"katana-2b-tugendhafter-melk-nierautomata-gold","status":"publish","type":"product","link":"https:\/\/repliquemangacine.fr\/de\/katana-et-epee-de-jeux-video-autre-jeux-video\/katana-2b-traite-vertueux-nierautomata-gold\/","title":{"rendered":"katana 2B Tugendhafter Vertrag"},"content":{"rendered":"<h2>Katana 2B NieR:Automata Gold Rechtschaffener Vertrag.<\/h2>\n<p>Zu Beginn wird der <strong>Katana 2B NieR:Automata<\/strong> <strong>Gold<\/strong> Rechtschaffener Vertrag ist die Startwaffe von 2B mit seinen Sonderfertigkeiten. Seine Lebendigkeit erh\u00f6ht die Geschwindigkeit der Angriffe und steigert seine Kraft. 2B (Abk\u00fcrzung f\u00fcr \"YoRHa N\u00ba 2 Type B\") ist der Hauptprotagonist des Videospiels Nier Automata. Ein humanoider Kampfandroid, der als Teil der Staffel geschaffen wurde. <a href=\"https:\/\/nier.fandom.com\/fr\/wiki\/YoRHa_No.2_Type_B\" target=\"_blank\" rel=\"noopener noreferrer\">YoRHa<\/a>.<\/p>\n<p>Ihre Aufgabe ist es, die Erde von feindlichen mechanischen Lebensformen zu befreien, die von einer namenlosen au\u00dferirdischen Rasse geschaffen wurden. Ihre Typ-B-Bezeichnung weist darauf hin, dass sie sich auf den Kampf an vorderster Front spezialisiert hat, zwei Waffen f\u00fchren und eine Vielzahl von Kampfstilen anwenden kann.<\/p>\n<p>2B hat silberwei\u00dfes Haar und blasse Haut, wobei sein Aussehen und seine Gesichtsz\u00fcge eindeutig menschlich sind.<\/p>\n<h2>Ihr 2B NieR:Automata Gold Katana zum besten Preis.<\/h2>\n<p>Wir bieten Ihnen eine gro\u00dfe Auswahl an Repliken Ihrer Lieblingsmangas und -videospiele.<\/p>\n<p>Zun\u00e4chst einmal,<\/p>\n<ul>\n<li>Wundersch\u00f6ne Replik des<a href=\"https:\/\/repliquemangacine.fr\/de\/andere-videospiele\/epee-lotus-de-li-bais-dans-king-of-glory\/\">Lotusschwert<\/a> Schwert, das von Li Bai's im Videospiel \"King of Glory\" verwendet wird.<\/li>\n<li>Sowie die wundersch\u00f6ne Replik des Katanas <a href=\"https:\/\/repliquemangacine.fr\/de\/andere-videospiele\/fushigiri-mortal-blade-sekiro-shadows-die-twice\/\">Fushigiri, Mortal Blade<\/a> in dem Videospiel sekiro: shadows die twice.<\/li>\n<li>Es gibt auch das legend\u00e4re Schwert von Sephiroth die <a href=\"https:\/\/repliquemangacine.fr\/de\/andere-videospiele\/katana-de-sephiroth-masamune-192-cm\/\">Masamune<\/a> in dem ber\u00fchmten Videospiel.<\/li>\n<li>Und viele andere, die es in unserem Online-Shop zu entdecken gibt!<\/li>\n<\/ul>\n<p>Deshalb gibt es hier tolle Geschenkideen f\u00fcr alle Fans von Videospielen.<\/p>\n<p>Abschlie\u00dfend k\u00f6nnen Sie den <strong>Katana 2B NieR:Automata Gold<\/strong> f\u00fcr Ihre Cosplay-Parade oder Ihre Themenabende. Vor allem aber ist es ein Sammler- und Dekorationsobjekt.<\/p>\n<h2>Wie pflegt man die Klinge seines Yorha-Katanas?<\/h2>\n<p>Katanas f\u00fcr Sammlungen und Dekorationen werden auf vereinfachte Weise hergestellt und zusammengebaut. Da sie zu Dekorationszwecken verwendet werden, fehlen ihnen die Sicherheitsmerkmale, die ein japanisches Schwert f\u00fcr Trainingszwecke aufweisen muss.<\/p>\n<p>Allerdings ist Ihr <strong>katana 2B NieR:Automata Gold<\/strong> zu einer Stahlklinge, die gepflegt werden muss, damit sie nicht mit der Zeit abgenutzt wird. Denn wenn du dein Katana ausstellst, werden deine Freunde neugierig sein, die Klinge zu sehen und sie zu ber\u00fchren. Hier ist Vorsicht geboten, denn Sie sollten wissen, dass die S\u00e4ure der Finger dem Stahl unabh\u00e4ngig von seiner Qualit\u00e4t sehr schadet.<\/p>\n<p>Wenn dies jedoch passiert, keine Panik, Sie brauchen nur ein Tuch, das mit etwas \u00d6l befeuchtet ist, und wischen die Fingerabdr\u00fccke ab. Wenn Sie dies tun, werden Sie Ihr Schwert sehr lange behalten.<\/p>\n<p><strong>\u00a0<\/strong><\/p>","protected":false},"excerpt":{"rendered":"<p>Katana 2B behandelt tugendhaftes Gold im Videospiel NieR: Automata<\/p>\n<ul>\n<li>Speziell geformte Stahlklingen.<\/li>\n<li>Verzierter Stahlb\u00fcgel.<\/li>\n<li>Griff mit wei\u00dfem Baumwollgeflecht \u00fcberzogen.<\/li>\n<li>Verzierter Knauf.<\/li>\n<li>Scheide aus schwarzem Kunstleder.<\/li>\n<li>L\u00e4nge der Klinge: 75 cm - Gesamtl\u00e4nge: 104 cm - Gewicht: 1550 Gramm<\/li>\n<\/ul>","protected":false},"featured_media":53765,"template":"","meta":[],"product_brand":[896],"product_cat":[23,67],"product_tag":[],"class_list":{"0":"post-53764","1":"product","2":"type-product","3":"status-publish","4":"has-post-thumbnail","6":"product_brand-replique-manga-cine","7":"product_cat-repliques-manga-jeux-video","8":"product_cat-katana-et-epee-de-jeux-video-autre-jeux-video","10":"first","11":"instock","12":"taxable","13":"shipping-taxable","14":"purchasable","15":"product-type-simple"},"yoast_head":"<!-- This site is optimized with the Yoast SEO plugin v27.5 - https:\/\/yoast.com\/product\/yoast-seo-wordpress\/ -->\n<title>Katana 2B NieR:Automata Gold - Boutique en ligne - RMC<\/title>\n<meta name=\"description\" content=\"Achetez vite ! Ce Katana 2B NieR:Automata Gold au meilleur prix. Trait\u00e9 vertueux \u00e0 une Lame en acier - Echelle 1\/1 - Longueur : 104cm - Envoi 24\/48h\" \/>\n<meta name=\"robots\" content=\"index, follow, max-snippet:-1, max-image-preview:large, max-video-preview:-1\" \/>\n<link rel=\"canonical\" href=\"https:\/\/repliquemangacine.fr\/de\/katana-und-schwert-von-videospielen-andere-videospiele\/katana-2b-tugendhafter-melk-nierautomata-gold\/\" \/>\n<meta property=\"og:locale\" content=\"de_DE\" \/>\n<meta property=\"og:type\" content=\"article\" \/>\n<meta property=\"og:title\" content=\"Katana 2B NieR:Automata Gold - Boutique en ligne - RMC\" \/>\n<meta property=\"og:description\" content=\"Achetez vite ! Ce Katana 2B NieR:Automata Gold au meilleur prix. Trait\u00e9 vertueux \u00e0 une Lame en acier - Echelle 1\/1 - Longueur : 104cm - Envoi 24\/48h\" \/>\n<meta property=\"og:url\" content=\"https:\/\/repliquemangacine.fr\/de\/katana-und-schwert-von-videospielen-andere-videospiele\/katana-2b-tugendhafter-melk-nierautomata-gold\/\" \/>\n<meta property=\"og:site_name\" content=\"R\u00e9plique Manga Cin\u00e9\" \/>\n<meta property=\"article:publisher\" content=\"https:\/\/www.facebook.com\/RepliqueMangaCine\" \/>\n<meta property=\"article:modified_time\" content=\"2025-10-05T15:19:40+00:00\" \/>\n<meta property=\"og:image\" content=\"https:\/\/repliquemangacine.fr\/wp-content\/uploads\/2023\/10\/625-2-1.jpg\" \/>\n\t<meta property=\"og:image:width\" content=\"500\" \/>\n\t<meta property=\"og:image:height\" content=\"500\" \/>\n\t<meta property=\"og:image:type\" content=\"image\/jpeg\" \/>\n<meta name=\"twitter:card\" content=\"summary_large_image\" \/>\n<meta name=\"twitter:label1\" content=\"Gesch\u00e4tzte Lesezeit\" \/>\n\t<meta name=\"twitter:data1\" content=\"2\u00a0Minuten\" \/>\n<script type=\"application\/ld+json\" class=\"yoast-schema-graph\">{\"@context\":\"https:\\\/\\\/schema.org\",\"@graph\":[{\"@type\":\"WebPage\",\"@id\":\"https:\\\/\\\/repliquemangacine.fr\\\/katana-et-epee-de-jeux-video-autre-jeux-video\\\/katana-2b-traite-vertueux-nierautomata-gold\\\/\",\"url\":\"https:\\\/\\\/repliquemangacine.fr\\\/katana-et-epee-de-jeux-video-autre-jeux-video\\\/katana-2b-traite-vertueux-nierautomata-gold\\\/\",\"name\":\"Katana 2B NieR:Automata Gold - Boutique en ligne - RMC\",\"isPartOf\":{\"@id\":\"https:\\\/\\\/repliquemangacine.fr\\\/#website\"},\"primaryImageOfPage\":{\"@id\":\"https:\\\/\\\/repliquemangacine.fr\\\/katana-et-epee-de-jeux-video-autre-jeux-video\\\/katana-2b-traite-vertueux-nierautomata-gold\\\/#primaryimage\"},\"image\":{\"@id\":\"https:\\\/\\\/repliquemangacine.fr\\\/katana-et-epee-de-jeux-video-autre-jeux-video\\\/katana-2b-traite-vertueux-nierautomata-gold\\\/#primaryimage\"},\"thumbnailUrl\":\"https:\\\/\\\/repliquemangacine.fr\\\/wp-content\\\/uploads\\\/2023\\\/10\\\/625-2-1.jpg\",\"datePublished\":\"2022-10-08T14:04:20+00:00\",\"dateModified\":\"2025-10-05T15:19:40+00:00\",\"description\":\"Achetez vite ! Ce Katana 2B NieR:Automata Gold au meilleur prix. Trait\u00e9 vertueux \u00e0 une Lame en acier - Echelle 1\\\/1 - Longueur : 104cm - Envoi 24\\\/48h\",\"breadcrumb\":{\"@id\":\"https:\\\/\\\/repliquemangacine.fr\\\/katana-et-epee-de-jeux-video-autre-jeux-video\\\/katana-2b-traite-vertueux-nierautomata-gold\\\/#breadcrumb\"},\"inLanguage\":\"de\",\"potentialAction\":[{\"@type\":\"ReadAction\",\"target\":[\"https:\\\/\\\/repliquemangacine.fr\\\/katana-et-epee-de-jeux-video-autre-jeux-video\\\/katana-2b-traite-vertueux-nierautomata-gold\\\/\"]}]},{\"@type\":\"ImageObject\",\"inLanguage\":\"de\",\"@id\":\"https:\\\/\\\/repliquemangacine.fr\\\/katana-et-epee-de-jeux-video-autre-jeux-video\\\/katana-2b-traite-vertueux-nierautomata-gold\\\/#primaryimage\",\"url\":\"https:\\\/\\\/repliquemangacine.fr\\\/wp-content\\\/uploads\\\/2023\\\/10\\\/625-2-1.jpg\",\"contentUrl\":\"https:\\\/\\\/repliquemangacine.fr\\\/wp-content\\\/uploads\\\/2023\\\/10\\\/625-2-1.jpg\",\"width\":500,\"height\":500,\"caption\":\"katana 2B Trait\u00e9 vertueux gold\"},{\"@type\":\"BreadcrumbList\",\"@id\":\"https:\\\/\\\/repliquemangacine.fr\\\/katana-et-epee-de-jeux-video-autre-jeux-video\\\/katana-2b-traite-vertueux-nierautomata-gold\\\/#breadcrumb\",\"itemListElement\":[{\"@type\":\"ListItem\",\"position\":1,\"name\":\"Accueil\",\"item\":\"https:\\\/\\\/repliquemangacine.fr\\\/\"},{\"@type\":\"ListItem\",\"position\":2,\"name\":\"Produits\",\"item\":\"https:\\\/\\\/repliquemangacine.fr\\\/boutique\\\/\"},{\"@type\":\"ListItem\",\"position\":3,\"name\":\"katana 2B Trait\u00e9 vertueux\"}]},{\"@type\":\"WebSite\",\"@id\":\"https:\\\/\\\/repliquemangacine.fr\\\/#website\",\"url\":\"https:\\\/\\\/repliquemangacine.fr\\\/\",\"name\":\"R\u00e9plique Manga Cin\u00e9\",\"description\":\"\",\"publisher\":{\"@id\":\"https:\\\/\\\/repliquemangacine.fr\\\/#organization\"},\"potentialAction\":[{\"@type\":\"SearchAction\",\"target\":{\"@type\":\"EntryPoint\",\"urlTemplate\":\"https:\\\/\\\/repliquemangacine.fr\\\/?s={search_term_string}\"},\"query-input\":{\"@type\":\"PropertyValueSpecification\",\"valueRequired\":true,\"valueName\":\"search_term_string\"}}],\"inLanguage\":\"de\"},{\"@type\":\"Organization\",\"@id\":\"https:\\\/\\\/repliquemangacine.fr\\\/#organization\",\"name\":\"R\u00e9plique Manga Cin\u00e9\",\"url\":\"https:\\\/\\\/repliquemangacine.fr\\\/\",\"logo\":{\"@type\":\"ImageObject\",\"inLanguage\":\"de\",\"@id\":\"https:\\\/\\\/repliquemangacine.fr\\\/#\\\/schema\\\/logo\\\/image\\\/\",\"url\":\"https:\\\/\\\/repliquemangacine.fr\\\/wp-content\\\/uploads\\\/2023\\\/10\\\/RMC-500250.png\",\"contentUrl\":\"https:\\\/\\\/repliquemangacine.fr\\\/wp-content\\\/uploads\\\/2023\\\/10\\\/RMC-500250.png\",\"width\":500,\"height\":250,\"caption\":\"R\u00e9plique Manga Cin\u00e9\"},\"image\":{\"@id\":\"https:\\\/\\\/repliquemangacine.fr\\\/#\\\/schema\\\/logo\\\/image\\\/\"},\"sameAs\":[\"https:\\\/\\\/www.facebook.com\\\/RepliqueMangaCine\",\"https:\\\/\\\/www.instagram.com\\\/repliquemangacine.fr\\\/\"]}]}<\/script>\n<!-- \/ Yoast SEO plugin. -->","yoast_head_json":{"title":"Katana 2B NieR:Automata Gold - Online-Shop - RMC","description":"Kaufen Sie schnell! Dieses 2B NieR:Automata Gold Katana zum besten Preis. Tugendhaft behandelt mit einer Klinge aus Stahl - Ma\u00dfstab 1\/1 - L\u00e4nge: 104cm - Versand 24\/48h","robots":{"index":"index","follow":"follow","max-snippet":"max-snippet:-1","max-image-preview":"max-image-preview:large","max-video-preview":"max-video-preview:-1"},"canonical":"https:\/\/repliquemangacine.fr\/de\/katana-und-schwert-von-videospielen-andere-videospiele\/katana-2b-tugendhafter-melk-nierautomata-gold\/","og_locale":"de_DE","og_type":"article","og_title":"Katana 2B NieR:Automata Gold - Boutique en ligne - RMC","og_description":"Achetez vite ! Ce Katana 2B NieR:Automata Gold au meilleur prix. Trait\u00e9 vertueux \u00e0 une Lame en acier - Echelle 1\/1 - Longueur : 104cm - Envoi 24\/48h","og_url":"https:\/\/repliquemangacine.fr\/de\/katana-und-schwert-von-videospielen-andere-videospiele\/katana-2b-tugendhafter-melk-nierautomata-gold\/","og_site_name":"R\u00e9plique Manga Cin\u00e9","article_publisher":"https:\/\/www.facebook.com\/RepliqueMangaCine","article_modified_time":"2025-10-05T15:19:40+00:00","og_image":[{"width":500,"height":500,"url":"https:\/\/repliquemangacine.fr\/wp-content\/uploads\/2023\/10\/625-2-1.jpg","type":"image\/jpeg"}],"twitter_card":"summary_large_image","twitter_misc":{"Gesch\u00e4tzte Lesezeit":"2\u00a0Minuten"},"schema":{"@context":"https:\/\/schema.org","@graph":[{"@type":"WebPage","@id":"https:\/\/repliquemangacine.fr\/katana-et-epee-de-jeux-video-autre-jeux-video\/katana-2b-traite-vertueux-nierautomata-gold\/","url":"https:\/\/repliquemangacine.fr\/katana-et-epee-de-jeux-video-autre-jeux-video\/katana-2b-traite-vertueux-nierautomata-gold\/","name":"Katana 2B NieR:Automata Gold - Online-Shop - RMC","isPartOf":{"@id":"https:\/\/repliquemangacine.fr\/#website"},"primaryImageOfPage":{"@id":"https:\/\/repliquemangacine.fr\/katana-et-epee-de-jeux-video-autre-jeux-video\/katana-2b-traite-vertueux-nierautomata-gold\/#primaryimage"},"image":{"@id":"https:\/\/repliquemangacine.fr\/katana-et-epee-de-jeux-video-autre-jeux-video\/katana-2b-traite-vertueux-nierautomata-gold\/#primaryimage"},"thumbnailUrl":"https:\/\/repliquemangacine.fr\/wp-content\/uploads\/2023\/10\/625-2-1.jpg","datePublished":"2022-10-08T14:04:20+00:00","dateModified":"2025-10-05T15:19:40+00:00","description":"Kaufen Sie schnell! Dieses 2B NieR:Automata Gold Katana zum besten Preis. Tugendhaft behandelt mit einer Klinge aus Stahl - Ma\u00dfstab 1\/1 - L\u00e4nge: 104cm - Versand 24\/48h","breadcrumb":{"@id":"https:\/\/repliquemangacine.fr\/katana-et-epee-de-jeux-video-autre-jeux-video\/katana-2b-traite-vertueux-nierautomata-gold\/#breadcrumb"},"inLanguage":"de","potentialAction":[{"@type":"ReadAction","target":["https:\/\/repliquemangacine.fr\/katana-et-epee-de-jeux-video-autre-jeux-video\/katana-2b-traite-vertueux-nierautomata-gold\/"]}]},{"@type":"ImageObject","inLanguage":"de","@id":"https:\/\/repliquemangacine.fr\/katana-et-epee-de-jeux-video-autre-jeux-video\/katana-2b-traite-vertueux-nierautomata-gold\/#primaryimage","url":"https:\/\/repliquemangacine.fr\/wp-content\/uploads\/2023\/10\/625-2-1.jpg","contentUrl":"https:\/\/repliquemangacine.fr\/wp-content\/uploads\/2023\/10\/625-2-1.jpg","width":500,"height":500,"caption":"katana 2B Trait\u00e9 vertueux gold"},{"@type":"BreadcrumbList","@id":"https:\/\/repliquemangacine.fr\/katana-et-epee-de-jeux-video-autre-jeux-video\/katana-2b-traite-vertueux-nierautomata-gold\/#breadcrumb","itemListElement":[{"@type":"ListItem","position":1,"name":"Accueil","item":"https:\/\/repliquemangacine.fr\/"},{"@type":"ListItem","position":2,"name":"Produits","item":"https:\/\/repliquemangacine.fr\/boutique\/"},{"@type":"ListItem","position":3,"name":"katana 2B Trait\u00e9 vertueux"}]},{"@type":"WebSite","@id":"https:\/\/repliquemangacine.fr\/#website","url":"https:\/\/repliquemangacine.fr\/","name":"R\u00e9plique Manga Cin\u00e9","description":"","publisher":{"@id":"https:\/\/repliquemangacine.fr\/#organization"},"potentialAction":[{"@type":"SearchAction","target":{"@type":"EntryPoint","urlTemplate":"https:\/\/repliquemangacine.fr\/?s={search_term_string}"},"query-input":{"@type":"PropertyValueSpecification","valueRequired":true,"valueName":"search_term_string"}}],"inLanguage":"de"},{"@type":"Organization","@id":"https:\/\/repliquemangacine.fr\/#organization","name":"R\u00e9plique Manga Cin\u00e9","url":"https:\/\/repliquemangacine.fr\/","logo":{"@type":"ImageObject","inLanguage":"de","@id":"https:\/\/repliquemangacine.fr\/#\/schema\/logo\/image\/","url":"https:\/\/repliquemangacine.fr\/wp-content\/uploads\/2023\/10\/RMC-500250.png","contentUrl":"https:\/\/repliquemangacine.fr\/wp-content\/uploads\/2023\/10\/RMC-500250.png","width":500,"height":250,"caption":"R\u00e9plique Manga Cin\u00e9"},"image":{"@id":"https:\/\/repliquemangacine.fr\/#\/schema\/logo\/image\/"},"sameAs":["https:\/\/www.facebook.com\/RepliqueMangaCine","https:\/\/www.instagram.com\/repliquemangacine.fr\/"]}]}},"_links":{"self":[{"href":"https:\/\/repliquemangacine.fr\/de\/wp-json\/wp\/v2\/product\/53764","targetHints":{"allow":["GET"]}}],"collection":[{"href":"https:\/\/repliquemangacine.fr\/de\/wp-json\/wp\/v2\/product"}],"about":[{"href":"https:\/\/repliquemangacine.fr\/de\/wp-json\/wp\/v2\/types\/product"}],"wp:featuredmedia":[{"embeddable":true,"href":"https:\/\/repliquemangacine.fr\/de\/wp-json\/wp\/v2\/media\/53765"}],"wp:attachment":[{"href":"https:\/\/repliquemangacine.fr\/de\/wp-json\/wp\/v2\/media?parent=53764"}],"wp:term":[{"taxonomy":"product_brand","embeddable":true,"href":"https:\/\/repliquemangacine.fr\/de\/wp-json\/wp\/v2\/product_brand?post=53764"},{"taxonomy":"product_cat","embeddable":true,"href":"https:\/\/repliquemangacine.fr\/de\/wp-json\/wp\/v2\/product_cat?post=53764"},{"taxonomy":"product_tag","embeddable":true,"href":"https:\/\/repliquemangacine.fr\/de\/wp-json\/wp\/v2\/product_tag?post=53764"}],"curies":[{"name":"wp","href":"https:\/\/api.w.org\/{rel}","templated":true}]}}