





{"id":53746,"date":"2022-10-08T14:08:47","date_gmt":"2022-10-08T12:08:47","guid":{"rendered":"https:\/\/repliquemangacine.fr\/?post_type=product&#038;p=53746"},"modified":"2026-01-29T20:04:51","modified_gmt":"2026-01-29T19:04:51","slug":"killerschwert-wonder-woman-god-killer","status":"publish","type":"product","link":"https:\/\/repliquemangacine.fr\/de\/super-heros-marvel\/epee-tueuse-wonder-woman-god-killer\/","title":{"rendered":"Wonder Woman Killerschwert"},"content":{"rendered":"<h2>Wonder Woman Killerschwert.<\/h2>\n<p>Zu Beginn wird die<strong>Wonder Woman Killerschwert<\/strong> (God Killer) ist eine unglaublich scharfe und langlebige Waffe, die auch nach ihrem intensiven Einsatz durch Diana w\u00e4hrend des Ersten Weltkriegs keine sichtbaren Sch\u00e4den aufweist.<\/p>\n<p>Wahrscheinlich war es auch magischer Natur, wie viele Waffen aus Themysciran. Allerdings kann es durch die g\u00f6ttliche Kraft eines sehr alten Gottes zerst\u00f6rt werden, wie es Ares schlie\u00dflich getan hat.<\/p>\n<p>Diana erwarb den God Killer urspr\u00fcnglich aus einem speziellen Turm auf Themyscira, der die \u201czahlreichen Geschenke\u201d enthielt, die die G\u00f6tter den Amazonen gegeben hatten, in der \u00dcberzeugung, dass dies das Einzige sei, was Ares, den Gott des Krieges, t\u00f6ten k\u00f6nne.<\/p>\n<p><a href=\"https:\/\/dc.fandom.com\/fr\/wiki\/Wonder_Woman_(Diana_Prince)\" target=\"_blank\" rel=\"noopener noreferrer\">Diana<\/a> ersetzt God Killer durch das Schwert der Athene und benutzt es als eine seiner Waffen.<\/p>\n<h2>Ihr Wonder Woman Killerschwert zum besten Preis.<\/h2>\n<p>Wir bieten Ihnen eine gro\u00dfe Auswahl an Repliken Ihrer liebsten Superhelden.<\/p>\n<p>Zun\u00e4chst<\/p>\n<ul>\n<li>L'<a href=\"https:\/\/repliquemangacine.fr\/de\/superheld\/schwert-athena-wonder-woman-justice-league\/\">Schwert Athena<\/a> von Wonder Woman, die den Platz von God Killer eingenommen hat.<\/li>\n<li>Anschlie\u00dfend die<a href=\"https:\/\/repliquemangacine.fr\/de\/superheld\/katana-daywalker-blade-schwert\/\">Daywalker-Schwert<\/a> von Blade mit seinem R\u00fcckenholster.<\/li>\n<li>Es gibt auch die <a href=\"https:\/\/repliquemangacine.fr\/de\/superheld\/der-stock-von-joker-suicide-squad\/\">Joker Stock<\/a> unter offizieller Lizenz vertrieben von Noble Collection.<\/li>\n<li>Und viele andere, die es in unserem Online-Shop zu entdecken gibt!<\/li>\n<\/ul>\n<p>Deshalb gibt es hier tolle Geschenkideen f\u00fcr alle, die das Marvel-Universum lieben.<\/p>\n<p>Abschlie\u00dfend k\u00f6nnen Sie den<strong>Wonder Woman Killerschwert<\/strong> bei Ihren Cosplay-Paraden. Vor allem aber ist dieses Schwert ein Sammler- und Dekorationsobjekt.<\/p>\n<h2>Wie pflegt man die Klinge seines Schwertes?<\/h2>\n<p>Sammlungs- und Dekorationsschwerter werden auf vereinfachte Weise hergestellt und zusammengebaut. Da sie zu Dekorationszwecken verwendet werden, verf\u00fcgen sie nicht \u00fcber die Sicherheitsmerkmale, die ein japanisches Schwert f\u00fcr das Training aufweisen muss.<\/p>\n<p>Allerdings ist Ihr <strong>Wonder Woman Killerschwert<\/strong> zu einer Stahlklinge, die gepflegt werden muss, damit sie nicht mit der Zeit abgenutzt wird. Denn wenn du dein Katana ausstellst, werden deine Freunde neugierig sein, die Klinge zu sehen und sie zu ber\u00fchren. Hier ist Vorsicht geboten, denn Sie sollten wissen, dass die S\u00e4ure der Finger dem Stahl unabh\u00e4ngig von seiner Qualit\u00e4t sehr schadet.<\/p>\n<p>Wenn dies jedoch passiert, keine Panik, Sie brauchen nur ein Tuch, das mit etwas \u00d6l befeuchtet ist, und wischen die Fingerabdr\u00fccke ab. Wenn Sie dies tun, werden Sie Ihr Schwert sehr lange behalten.<\/p>","protected":false},"excerpt":{"rendered":"<p>God Killer Sword \"God Killer \" inspiriert vom Film Wonder Woman.<\/p>\n<ul>\n<li>Klinge aus rostfreiem Stahl 440.<\/li>\n<li>Gravur von Amazonas-Runen.<\/li>\n<li>Garde aus gealtertem Metall Drachenk\u00f6pfe.<\/li>\n<li>Metallgriff, Dragonerk\u00f6rper.<\/li>\n<li>Scheide aus schwarzem Kunstleder.<\/li>\n<li>L\u00e4nge der Klinge: 79 cm - Gesamtl\u00e4nge: 106 cm<\/li>\n<\/ul>","protected":false},"featured_media":53747,"template":"","meta":[],"product_brand":[896],"product_cat":[24,101,59],"product_tag":[],"class_list":{"0":"post-53746","1":"product","2":"type-product","3":"status-publish","4":"has-post-thumbnail","6":"product_brand-replique-manga-cine","7":"product_cat-films-series-tv-vente-de-katana-epee-et-produits-derives","8":"product_cat-soldes","9":"product_cat-super-heros-marvel","11":"first","12":"instock","13":"sale","14":"taxable","15":"shipping-taxable","16":"purchasable","17":"product-type-simple"},"yoast_head":"<!-- This site is optimized with the Yoast SEO plugin v27.5 - https:\/\/yoast.com\/product\/yoast-seo-wordpress\/ -->\n<title>Ep\u00e9e Tueuse Wonder Woman - God Killer - R\u00e9plique Manga Cin\u00e9<\/title>\n<meta name=\"description\" content=\"Offrez-vous cette Ep\u00e9e Tueuse Wonder Woman appel\u00e9 God Killer au meilleur prix. Lame en acier - Gravures de r\u00fbnes - Fourreau - Longueur : 106 cm\" \/>\n<meta name=\"robots\" content=\"index, follow, max-snippet:-1, max-image-preview:large, max-video-preview:-1\" \/>\n<link rel=\"canonical\" href=\"https:\/\/repliquemangacine.fr\/de\/ausverkauf\/killerschwert-wonder-woman-god-killer\/\" \/>\n<meta property=\"og:locale\" content=\"de_DE\" \/>\n<meta property=\"og:type\" content=\"article\" \/>\n<meta property=\"og:title\" content=\"Ep\u00e9e Tueuse Wonder Woman - God Killer - R\u00e9plique Manga Cin\u00e9\" \/>\n<meta property=\"og:description\" content=\"Offrez-vous cette Ep\u00e9e Tueuse Wonder Woman appel\u00e9 God Killer au meilleur prix. Lame en acier - Gravures de r\u00fbnes - Fourreau - Longueur : 106 cm\" \/>\n<meta property=\"og:url\" content=\"https:\/\/repliquemangacine.fr\/de\/ausverkauf\/killerschwert-wonder-woman-god-killer\/\" \/>\n<meta property=\"og:site_name\" content=\"R\u00e9plique Manga Cin\u00e9\" \/>\n<meta property=\"article:publisher\" content=\"https:\/\/www.facebook.com\/RepliqueMangaCine\" \/>\n<meta property=\"article:modified_time\" content=\"2026-01-29T19:04:51+00:00\" \/>\n<meta property=\"og:image\" content=\"https:\/\/repliquemangacine.fr\/wp-content\/uploads\/2023\/10\/646.jpg\" \/>\n\t<meta property=\"og:image:width\" content=\"500\" \/>\n\t<meta property=\"og:image:height\" content=\"500\" \/>\n\t<meta property=\"og:image:type\" content=\"image\/jpeg\" \/>\n<meta name=\"twitter:card\" content=\"summary_large_image\" \/>\n<meta name=\"twitter:label1\" content=\"Gesch\u00e4tzte Lesezeit\" \/>\n\t<meta name=\"twitter:data1\" content=\"2\u00a0Minuten\" \/>\n<script type=\"application\/ld+json\" class=\"yoast-schema-graph\">{\"@context\":\"https:\\\/\\\/schema.org\",\"@graph\":[{\"@type\":\"WebPage\",\"@id\":\"https:\\\/\\\/repliquemangacine.fr\\\/soldes\\\/epee-tueuse-wonder-woman-god-killer\\\/\",\"url\":\"https:\\\/\\\/repliquemangacine.fr\\\/soldes\\\/epee-tueuse-wonder-woman-god-killer\\\/\",\"name\":\"Ep\u00e9e Tueuse Wonder Woman - God Killer - R\u00e9plique Manga Cin\u00e9\",\"isPartOf\":{\"@id\":\"https:\\\/\\\/repliquemangacine.fr\\\/#website\"},\"primaryImageOfPage\":{\"@id\":\"https:\\\/\\\/repliquemangacine.fr\\\/soldes\\\/epee-tueuse-wonder-woman-god-killer\\\/#primaryimage\"},\"image\":{\"@id\":\"https:\\\/\\\/repliquemangacine.fr\\\/soldes\\\/epee-tueuse-wonder-woman-god-killer\\\/#primaryimage\"},\"thumbnailUrl\":\"https:\\\/\\\/repliquemangacine.fr\\\/wp-content\\\/uploads\\\/2023\\\/10\\\/646.jpg\",\"datePublished\":\"2022-10-08T12:08:47+00:00\",\"dateModified\":\"2026-01-29T19:04:51+00:00\",\"description\":\"Offrez-vous cette Ep\u00e9e Tueuse Wonder Woman appel\u00e9 God Killer au meilleur prix. Lame en acier - Gravures de r\u00fbnes - Fourreau - Longueur : 106 cm\",\"breadcrumb\":{\"@id\":\"https:\\\/\\\/repliquemangacine.fr\\\/soldes\\\/epee-tueuse-wonder-woman-god-killer\\\/#breadcrumb\"},\"inLanguage\":\"de\",\"potentialAction\":[{\"@type\":\"ReadAction\",\"target\":[\"https:\\\/\\\/repliquemangacine.fr\\\/soldes\\\/epee-tueuse-wonder-woman-god-killer\\\/\"]}]},{\"@type\":\"ImageObject\",\"inLanguage\":\"de\",\"@id\":\"https:\\\/\\\/repliquemangacine.fr\\\/soldes\\\/epee-tueuse-wonder-woman-god-killer\\\/#primaryimage\",\"url\":\"https:\\\/\\\/repliquemangacine.fr\\\/wp-content\\\/uploads\\\/2023\\\/10\\\/646.jpg\",\"contentUrl\":\"https:\\\/\\\/repliquemangacine.fr\\\/wp-content\\\/uploads\\\/2023\\\/10\\\/646.jpg\",\"width\":500,\"height\":500,\"caption\":\"Ep\u00e9e Tueuse Wonder Woman god killer\"},{\"@type\":\"BreadcrumbList\",\"@id\":\"https:\\\/\\\/repliquemangacine.fr\\\/soldes\\\/epee-tueuse-wonder-woman-god-killer\\\/#breadcrumb\",\"itemListElement\":[{\"@type\":\"ListItem\",\"position\":1,\"name\":\"Accueil\",\"item\":\"https:\\\/\\\/repliquemangacine.fr\\\/\"},{\"@type\":\"ListItem\",\"position\":2,\"name\":\"Produits\",\"item\":\"https:\\\/\\\/repliquemangacine.fr\\\/boutique\\\/\"},{\"@type\":\"ListItem\",\"position\":3,\"name\":\"Ep\u00e9e Tueuse Wonder Woman\"}]},{\"@type\":\"WebSite\",\"@id\":\"https:\\\/\\\/repliquemangacine.fr\\\/#website\",\"url\":\"https:\\\/\\\/repliquemangacine.fr\\\/\",\"name\":\"R\u00e9plique Manga Cin\u00e9\",\"description\":\"\",\"publisher\":{\"@id\":\"https:\\\/\\\/repliquemangacine.fr\\\/#organization\"},\"potentialAction\":[{\"@type\":\"SearchAction\",\"target\":{\"@type\":\"EntryPoint\",\"urlTemplate\":\"https:\\\/\\\/repliquemangacine.fr\\\/?s={search_term_string}\"},\"query-input\":{\"@type\":\"PropertyValueSpecification\",\"valueRequired\":true,\"valueName\":\"search_term_string\"}}],\"inLanguage\":\"de\"},{\"@type\":\"Organization\",\"@id\":\"https:\\\/\\\/repliquemangacine.fr\\\/#organization\",\"name\":\"R\u00e9plique Manga Cin\u00e9\",\"url\":\"https:\\\/\\\/repliquemangacine.fr\\\/\",\"logo\":{\"@type\":\"ImageObject\",\"inLanguage\":\"de\",\"@id\":\"https:\\\/\\\/repliquemangacine.fr\\\/#\\\/schema\\\/logo\\\/image\\\/\",\"url\":\"https:\\\/\\\/repliquemangacine.fr\\\/wp-content\\\/uploads\\\/2023\\\/10\\\/RMC-500250.png\",\"contentUrl\":\"https:\\\/\\\/repliquemangacine.fr\\\/wp-content\\\/uploads\\\/2023\\\/10\\\/RMC-500250.png\",\"width\":500,\"height\":250,\"caption\":\"R\u00e9plique Manga Cin\u00e9\"},\"image\":{\"@id\":\"https:\\\/\\\/repliquemangacine.fr\\\/#\\\/schema\\\/logo\\\/image\\\/\"},\"sameAs\":[\"https:\\\/\\\/www.facebook.com\\\/RepliqueMangaCine\",\"https:\\\/\\\/www.instagram.com\\\/repliquemangacine.fr\\\/\"]}]}<\/script>\n<!-- \/ Yoast SEO plugin. -->","yoast_head_json":{"title":"Wonder Woman Killerschwert - God Killer - R\u00e9plique Manga Cin\u00e9","description":"G\u00f6nnen Sie sich dieses Killerschwert von Wonder Woman namens God Killer zum besten Preis. Klinge aus Stahl - Runengravuren - Scheide - L\u00e4nge: 106 cm","robots":{"index":"index","follow":"follow","max-snippet":"max-snippet:-1","max-image-preview":"max-image-preview:large","max-video-preview":"max-video-preview:-1"},"canonical":"https:\/\/repliquemangacine.fr\/de\/ausverkauf\/killerschwert-wonder-woman-god-killer\/","og_locale":"de_DE","og_type":"article","og_title":"Ep\u00e9e Tueuse Wonder Woman - God Killer - R\u00e9plique Manga Cin\u00e9","og_description":"Offrez-vous cette Ep\u00e9e Tueuse Wonder Woman appel\u00e9 God Killer au meilleur prix. Lame en acier - Gravures de r\u00fbnes - Fourreau - Longueur : 106 cm","og_url":"https:\/\/repliquemangacine.fr\/de\/ausverkauf\/killerschwert-wonder-woman-god-killer\/","og_site_name":"R\u00e9plique Manga Cin\u00e9","article_publisher":"https:\/\/www.facebook.com\/RepliqueMangaCine","article_modified_time":"2026-01-29T19:04:51+00:00","og_image":[{"width":500,"height":500,"url":"https:\/\/repliquemangacine.fr\/wp-content\/uploads\/2023\/10\/646.jpg","type":"image\/jpeg"}],"twitter_card":"summary_large_image","twitter_misc":{"Gesch\u00e4tzte Lesezeit":"2\u00a0Minuten"},"schema":{"@context":"https:\/\/schema.org","@graph":[{"@type":"WebPage","@id":"https:\/\/repliquemangacine.fr\/soldes\/epee-tueuse-wonder-woman-god-killer\/","url":"https:\/\/repliquemangacine.fr\/soldes\/epee-tueuse-wonder-woman-god-killer\/","name":"Wonder Woman Killerschwert - God Killer - R\u00e9plique Manga Cin\u00e9","isPartOf":{"@id":"https:\/\/repliquemangacine.fr\/#website"},"primaryImageOfPage":{"@id":"https:\/\/repliquemangacine.fr\/soldes\/epee-tueuse-wonder-woman-god-killer\/#primaryimage"},"image":{"@id":"https:\/\/repliquemangacine.fr\/soldes\/epee-tueuse-wonder-woman-god-killer\/#primaryimage"},"thumbnailUrl":"https:\/\/repliquemangacine.fr\/wp-content\/uploads\/2023\/10\/646.jpg","datePublished":"2022-10-08T12:08:47+00:00","dateModified":"2026-01-29T19:04:51+00:00","description":"G\u00f6nnen Sie sich dieses Killerschwert von Wonder Woman namens God Killer zum besten Preis. Klinge aus Stahl - Runengravuren - Scheide - L\u00e4nge: 106 cm","breadcrumb":{"@id":"https:\/\/repliquemangacine.fr\/soldes\/epee-tueuse-wonder-woman-god-killer\/#breadcrumb"},"inLanguage":"de","potentialAction":[{"@type":"ReadAction","target":["https:\/\/repliquemangacine.fr\/soldes\/epee-tueuse-wonder-woman-god-killer\/"]}]},{"@type":"ImageObject","inLanguage":"de","@id":"https:\/\/repliquemangacine.fr\/soldes\/epee-tueuse-wonder-woman-god-killer\/#primaryimage","url":"https:\/\/repliquemangacine.fr\/wp-content\/uploads\/2023\/10\/646.jpg","contentUrl":"https:\/\/repliquemangacine.fr\/wp-content\/uploads\/2023\/10\/646.jpg","width":500,"height":500,"caption":"Ep\u00e9e Tueuse Wonder Woman god killer"},{"@type":"BreadcrumbList","@id":"https:\/\/repliquemangacine.fr\/soldes\/epee-tueuse-wonder-woman-god-killer\/#breadcrumb","itemListElement":[{"@type":"ListItem","position":1,"name":"Accueil","item":"https:\/\/repliquemangacine.fr\/"},{"@type":"ListItem","position":2,"name":"Produits","item":"https:\/\/repliquemangacine.fr\/boutique\/"},{"@type":"ListItem","position":3,"name":"Ep\u00e9e Tueuse Wonder Woman"}]},{"@type":"WebSite","@id":"https:\/\/repliquemangacine.fr\/#website","url":"https:\/\/repliquemangacine.fr\/","name":"R\u00e9plique Manga Cin\u00e9","description":"","publisher":{"@id":"https:\/\/repliquemangacine.fr\/#organization"},"potentialAction":[{"@type":"SearchAction","target":{"@type":"EntryPoint","urlTemplate":"https:\/\/repliquemangacine.fr\/?s={search_term_string}"},"query-input":{"@type":"PropertyValueSpecification","valueRequired":true,"valueName":"search_term_string"}}],"inLanguage":"de"},{"@type":"Organization","@id":"https:\/\/repliquemangacine.fr\/#organization","name":"R\u00e9plique Manga Cin\u00e9","url":"https:\/\/repliquemangacine.fr\/","logo":{"@type":"ImageObject","inLanguage":"de","@id":"https:\/\/repliquemangacine.fr\/#\/schema\/logo\/image\/","url":"https:\/\/repliquemangacine.fr\/wp-content\/uploads\/2023\/10\/RMC-500250.png","contentUrl":"https:\/\/repliquemangacine.fr\/wp-content\/uploads\/2023\/10\/RMC-500250.png","width":500,"height":250,"caption":"R\u00e9plique Manga Cin\u00e9"},"image":{"@id":"https:\/\/repliquemangacine.fr\/#\/schema\/logo\/image\/"},"sameAs":["https:\/\/www.facebook.com\/RepliqueMangaCine","https:\/\/www.instagram.com\/repliquemangacine.fr\/"]}]}},"_links":{"self":[{"href":"https:\/\/repliquemangacine.fr\/de\/wp-json\/wp\/v2\/product\/53746","targetHints":{"allow":["GET"]}}],"collection":[{"href":"https:\/\/repliquemangacine.fr\/de\/wp-json\/wp\/v2\/product"}],"about":[{"href":"https:\/\/repliquemangacine.fr\/de\/wp-json\/wp\/v2\/types\/product"}],"wp:featuredmedia":[{"embeddable":true,"href":"https:\/\/repliquemangacine.fr\/de\/wp-json\/wp\/v2\/media\/53747"}],"wp:attachment":[{"href":"https:\/\/repliquemangacine.fr\/de\/wp-json\/wp\/v2\/media?parent=53746"}],"wp:term":[{"taxonomy":"product_brand","embeddable":true,"href":"https:\/\/repliquemangacine.fr\/de\/wp-json\/wp\/v2\/product_brand?post=53746"},{"taxonomy":"product_cat","embeddable":true,"href":"https:\/\/repliquemangacine.fr\/de\/wp-json\/wp\/v2\/product_cat?post=53746"},{"taxonomy":"product_tag","embeddable":true,"href":"https:\/\/repliquemangacine.fr\/de\/wp-json\/wp\/v2\/product_tag?post=53746"}],"curies":[{"name":"wp","href":"https:\/\/api.w.org\/{rel}","templated":true}]}}