





{"id":53709,"date":"2022-10-07T13:35:32","date_gmt":"2022-10-07T11:35:32","guid":{"rendered":"https:\/\/repliquemangacine.fr\/?post_type=product&#038;p=53709"},"modified":"2025-12-14T18:29:41","modified_gmt":"2025-12-14T17:29:41","slug":"dark-fantasy-axt","status":"publish","type":"product","link":"https:\/\/repliquemangacine.fr\/de\/epees-et-dagues-fantasy\/hache-dark-fantasy\/","title":{"rendered":"Dark Fantasy Axt"},"content":{"rendered":"<h2>Dark Fantasy Axt<\/h2>\n<p>Zu Beginn wird die <strong>Dark Fantasy Axt<\/strong>Dieses Messer ist ein Sammler- und Dekorationsst\u00fcck mit einem Drachen und einer Totenkopfklinge.<\/p>\n<p>Dark Fantasy, oder dunkle Fantasy, ist ein Untergenre der <a href=\"https:\/\/fr.wikipedia.org\/wiki\/Fantasy\" target=\"_blank\" rel=\"noopener noreferrer\">Fantasy<\/a> der Werke bezeichnet, in denen die Stimmung sehr d\u00fcster und nahe an der Apokalypse ist.<\/p>\n<p>Diese neue Dimension der Fantasy entfernt sich vom klassischen Manich\u00e4ismus und erm\u00f6glicht eine Reflexion \u00fcber die Berechtigung der Begriffe Gut und B\u00f6se.<\/p>\n<p>Dark Fantasy wird manchmal als eine Variante des Horrors angesehen, die jedoch mythologische oder epische Elemente einbezieht. Allerdings bezeichnet Dark Fantasy auch Geschichten \u00fcber b\u00f6sartige Kreaturen.<\/p>\n<h2>Ihre Dark Fantasy Axt zum besten Preis.<\/h2>\n<p>Wir bieten Ihnen eine gro\u00dfe Auswahl an Dolchrepliken und anderen Produkten aus der Welt der Fantasy.<\/p>\n<p>Zun\u00e4chst einmal,<\/p>\n<ul>\n<li>Die <a href=\"https:\/\/repliquemangacine.fr\/de\/fantasy-schwerter-und-dolche\/dague-fantasy-double-dragon\/\">Fantasy-Dolche Doppelte Drachen<\/a> auf dem h\u00f6lzernen Pr\u00e4sentationsst\u00e4nder.<\/li>\n<li>Die <a href=\"https:\/\/repliquemangacine.fr\/de\/fantasy-schwerter-und-dolche\/dague-scorpion-argent-et-or\/\">Skorpion-Dolch<\/a> Silber und Gold mit dem Griff in Form eines Skorpionschwanzes.<\/li>\n<li>Sowie die Replik der <a href=\"https:\/\/repliquemangacine.fr\/de\/fantasy-schwerter-und-dolche\/replique-dague-poignard-kit-rae\/\">Dolch Dolch Kit Rae<\/a> des gleichnamigen Designers.<\/li>\n<li>Und viele andere, die es in unserem Online-Shop zu entdecken gibt!<\/li>\n<\/ul>\n<p>Deshalb ist dies eine tolle Geschenkidee f\u00fcr alle Fans der Dark Fantasy-Welt.<\/p>\n<p>Abschlie\u00dfend k\u00f6nnen Sie die <strong>Dark Fantasy Axt<\/strong> f\u00fcr Ihre Themenabende oder Cosplay-Paraden. Vor allem aber ist es ein Sammler- und Dekorationsst\u00fcck.<\/p>\n<h2>Wie pflegt man die Klinge seiner Axt?<\/h2>\n<p>Sammlungs- und Dekorations\u00e4xte werden in vereinfachter Form hergestellt und zusammengebaut. Da sie zu Dekorationszwecken verwendet werden, fehlen ihnen die Sicherheitsmerkmale, die ein japanisches Schwert f\u00fcr Trainingszwecke aufweisen muss.<\/p>\n<p>Allerdings ist Ihr <strong>Dark Fantasy Axt<\/strong> zu einer Stahlklinge, die man pflegen muss, damit sie nicht mit der Zeit abgenutzt wird. Denn wenn du deine Axt ausstellst, werden deine Freunde neugierig sein, die Klinge zu sehen und sie zu ber\u00fchren. Hier ist Vorsicht geboten, denn Sie sollten wissen, dass die S\u00e4ure der Finger dem Stahl unabh\u00e4ngig von seiner Qualit\u00e4t sehr schadet.<\/p>\n<p>Wenn dies jedoch passiert, keine Panik, Sie brauchen nur einen mit etwas \u00d6l angefeuchteten Lappen und wischen die Fingerabdr\u00fccke ab. Wenn Sie dies tun, werden Sie Ihre Axt sehr lange behalten<\/p>","protected":false},"excerpt":{"rendered":"<p>Wundersch\u00f6ne Dark Fantasy-Axt mit Halterung.<\/p>\n<ul>\n<li>Klingen aus Edelstahl, vorgeschliffen und mit Siebdruck versehen.<\/li>\n<li>Griff aus Metall mit rutschfestem Gummi\u00fcberzug.<\/li>\n<li>Am Ende des Griffs befindet sich eine kleine Klinge.<\/li>\n<li>Ornament eines Drachen.<\/li>\n<li>Pr\u00e4sentationsst\u00e4nder aus Holz.<\/li>\n<li>Gesamtl\u00e4nge: 30 cm - Gewicht: 948 grs<\/li>\n<\/ul>","protected":false},"featured_media":53710,"template":"","meta":[],"product_brand":[896],"product_cat":[44,26],"product_tag":[],"class_list":{"0":"post-53709","1":"product","2":"type-product","3":"status-publish","4":"has-post-thumbnail","6":"product_brand-replique-manga-cine","7":"product_cat-epees-et-dagues-fantasy","8":"product_cat-katana-epee","10":"first","11":"instock","12":"taxable","13":"shipping-taxable","14":"purchasable","15":"product-type-simple"},"yoast_head":"<!-- This site is optimized with the Yoast SEO plugin v27.5 - https:\/\/yoast.com\/product\/yoast-seo-wordpress\/ -->\n<title>Hache Dark Fantasy - Boutique en ligne - R\u00e9plique Manga Cin\u00e9<\/title>\n<meta name=\"description\" content=\"D\u00e9couvrez la Hache Dark Fantasy au meilleur prix - Lames en acier - Poign\u00e9e m\u00e9tal recouverte d&#039;un caoutchouc antid\u00e9rapant - Support - Longueur : 30 cm\" \/>\n<meta name=\"robots\" content=\"index, follow, max-snippet:-1, max-image-preview:large, max-video-preview:-1\" \/>\n<link rel=\"canonical\" href=\"https:\/\/repliquemangacine.fr\/de\/fantasy-schwerter-und-dolche\/dark-fantasy-axt\/\" \/>\n<meta property=\"og:locale\" content=\"de_DE\" \/>\n<meta property=\"og:type\" content=\"article\" \/>\n<meta property=\"og:title\" content=\"Hache Dark Fantasy - Boutique en ligne - R\u00e9plique Manga Cin\u00e9\" \/>\n<meta property=\"og:description\" content=\"D\u00e9couvrez la Hache Dark Fantasy au meilleur prix - Lames en acier - Poign\u00e9e m\u00e9tal recouverte d&#039;un caoutchouc antid\u00e9rapant - Support - Longueur : 30 cm\" \/>\n<meta property=\"og:url\" content=\"https:\/\/repliquemangacine.fr\/de\/fantasy-schwerter-und-dolche\/dark-fantasy-axt\/\" \/>\n<meta property=\"og:site_name\" content=\"R\u00e9plique Manga Cin\u00e9\" \/>\n<meta property=\"article:publisher\" content=\"https:\/\/www.facebook.com\/RepliqueMangaCine\" \/>\n<meta property=\"article:modified_time\" content=\"2025-12-14T17:29:41+00:00\" \/>\n<meta property=\"og:image\" content=\"https:\/\/repliquemangacine.fr\/wp-content\/uploads\/2023\/10\/Hache-dragon-deco.jpg\" \/>\n\t<meta property=\"og:image:width\" content=\"500\" \/>\n\t<meta property=\"og:image:height\" content=\"500\" \/>\n\t<meta property=\"og:image:type\" content=\"image\/jpeg\" \/>\n<meta name=\"twitter:card\" content=\"summary_large_image\" \/>\n<meta name=\"twitter:label1\" content=\"Gesch\u00e4tzte Lesezeit\" \/>\n\t<meta name=\"twitter:data1\" content=\"2\u00a0Minuten\" \/>\n<script type=\"application\/ld+json\" class=\"yoast-schema-graph\">{\"@context\":\"https:\\\/\\\/schema.org\",\"@graph\":[{\"@type\":\"WebPage\",\"@id\":\"https:\\\/\\\/repliquemangacine.fr\\\/epees-et-dagues-fantasy\\\/hache-dark-fantasy\\\/\",\"url\":\"https:\\\/\\\/repliquemangacine.fr\\\/epees-et-dagues-fantasy\\\/hache-dark-fantasy\\\/\",\"name\":\"Hache Dark Fantasy - Boutique en ligne - R\u00e9plique Manga Cin\u00e9\",\"isPartOf\":{\"@id\":\"https:\\\/\\\/repliquemangacine.fr\\\/#website\"},\"primaryImageOfPage\":{\"@id\":\"https:\\\/\\\/repliquemangacine.fr\\\/epees-et-dagues-fantasy\\\/hache-dark-fantasy\\\/#primaryimage\"},\"image\":{\"@id\":\"https:\\\/\\\/repliquemangacine.fr\\\/epees-et-dagues-fantasy\\\/hache-dark-fantasy\\\/#primaryimage\"},\"thumbnailUrl\":\"https:\\\/\\\/repliquemangacine.fr\\\/wp-content\\\/uploads\\\/2023\\\/10\\\/Hache-dragon-deco.jpg\",\"datePublished\":\"2022-10-07T11:35:32+00:00\",\"dateModified\":\"2025-12-14T17:29:41+00:00\",\"description\":\"D\u00e9couvrez la Hache Dark Fantasy au meilleur prix - Lames en acier - Poign\u00e9e m\u00e9tal recouverte d'un caoutchouc antid\u00e9rapant - Support - Longueur : 30 cm\",\"breadcrumb\":{\"@id\":\"https:\\\/\\\/repliquemangacine.fr\\\/epees-et-dagues-fantasy\\\/hache-dark-fantasy\\\/#breadcrumb\"},\"inLanguage\":\"de\",\"potentialAction\":[{\"@type\":\"ReadAction\",\"target\":[\"https:\\\/\\\/repliquemangacine.fr\\\/epees-et-dagues-fantasy\\\/hache-dark-fantasy\\\/\"]}]},{\"@type\":\"ImageObject\",\"inLanguage\":\"de\",\"@id\":\"https:\\\/\\\/repliquemangacine.fr\\\/epees-et-dagues-fantasy\\\/hache-dark-fantasy\\\/#primaryimage\",\"url\":\"https:\\\/\\\/repliquemangacine.fr\\\/wp-content\\\/uploads\\\/2023\\\/10\\\/Hache-dragon-deco.jpg\",\"contentUrl\":\"https:\\\/\\\/repliquemangacine.fr\\\/wp-content\\\/uploads\\\/2023\\\/10\\\/Hache-dragon-deco.jpg\",\"width\":500,\"height\":500,\"caption\":\"Hache Dark Fantasy dragon\"},{\"@type\":\"BreadcrumbList\",\"@id\":\"https:\\\/\\\/repliquemangacine.fr\\\/epees-et-dagues-fantasy\\\/hache-dark-fantasy\\\/#breadcrumb\",\"itemListElement\":[{\"@type\":\"ListItem\",\"position\":1,\"name\":\"Accueil\",\"item\":\"https:\\\/\\\/repliquemangacine.fr\\\/\"},{\"@type\":\"ListItem\",\"position\":2,\"name\":\"Produits\",\"item\":\"https:\\\/\\\/repliquemangacine.fr\\\/boutique\\\/\"},{\"@type\":\"ListItem\",\"position\":3,\"name\":\"Hache Dark Fantasy\"}]},{\"@type\":\"WebSite\",\"@id\":\"https:\\\/\\\/repliquemangacine.fr\\\/#website\",\"url\":\"https:\\\/\\\/repliquemangacine.fr\\\/\",\"name\":\"R\u00e9plique Manga Cin\u00e9\",\"description\":\"\",\"publisher\":{\"@id\":\"https:\\\/\\\/repliquemangacine.fr\\\/#organization\"},\"potentialAction\":[{\"@type\":\"SearchAction\",\"target\":{\"@type\":\"EntryPoint\",\"urlTemplate\":\"https:\\\/\\\/repliquemangacine.fr\\\/?s={search_term_string}\"},\"query-input\":{\"@type\":\"PropertyValueSpecification\",\"valueRequired\":true,\"valueName\":\"search_term_string\"}}],\"inLanguage\":\"de\"},{\"@type\":\"Organization\",\"@id\":\"https:\\\/\\\/repliquemangacine.fr\\\/#organization\",\"name\":\"R\u00e9plique Manga Cin\u00e9\",\"url\":\"https:\\\/\\\/repliquemangacine.fr\\\/\",\"logo\":{\"@type\":\"ImageObject\",\"inLanguage\":\"de\",\"@id\":\"https:\\\/\\\/repliquemangacine.fr\\\/#\\\/schema\\\/logo\\\/image\\\/\",\"url\":\"https:\\\/\\\/repliquemangacine.fr\\\/wp-content\\\/uploads\\\/2023\\\/10\\\/RMC-500250.png\",\"contentUrl\":\"https:\\\/\\\/repliquemangacine.fr\\\/wp-content\\\/uploads\\\/2023\\\/10\\\/RMC-500250.png\",\"width\":500,\"height\":250,\"caption\":\"R\u00e9plique Manga Cin\u00e9\"},\"image\":{\"@id\":\"https:\\\/\\\/repliquemangacine.fr\\\/#\\\/schema\\\/logo\\\/image\\\/\"},\"sameAs\":[\"https:\\\/\\\/www.facebook.com\\\/RepliqueMangaCine\",\"https:\\\/\\\/www.instagram.com\\\/repliquemangacine.fr\\\/\"]}]}<\/script>\n<!-- \/ Yoast SEO plugin. -->","yoast_head_json":{"title":"Dark Fantasy Axt - Online-Shop - R\u00e9plique Manga Cin\u00e9","description":"Entdecken Sie die Dark Fantasy Axt zum besten Preis - Klingen aus Stahl - Metallgriff mit rutschfestem Gummi \u00fcberzogen - Halterung - L\u00e4nge: 30 cm","robots":{"index":"index","follow":"follow","max-snippet":"max-snippet:-1","max-image-preview":"max-image-preview:large","max-video-preview":"max-video-preview:-1"},"canonical":"https:\/\/repliquemangacine.fr\/de\/fantasy-schwerter-und-dolche\/dark-fantasy-axt\/","og_locale":"de_DE","og_type":"article","og_title":"Hache Dark Fantasy - Boutique en ligne - R\u00e9plique Manga Cin\u00e9","og_description":"D\u00e9couvrez la Hache Dark Fantasy au meilleur prix - Lames en acier - Poign\u00e9e m\u00e9tal recouverte d'un caoutchouc antid\u00e9rapant - Support - Longueur : 30 cm","og_url":"https:\/\/repliquemangacine.fr\/de\/fantasy-schwerter-und-dolche\/dark-fantasy-axt\/","og_site_name":"R\u00e9plique Manga Cin\u00e9","article_publisher":"https:\/\/www.facebook.com\/RepliqueMangaCine","article_modified_time":"2025-12-14T17:29:41+00:00","og_image":[{"width":500,"height":500,"url":"https:\/\/repliquemangacine.fr\/wp-content\/uploads\/2023\/10\/Hache-dragon-deco.jpg","type":"image\/jpeg"}],"twitter_card":"summary_large_image","twitter_misc":{"Gesch\u00e4tzte Lesezeit":"2\u00a0Minuten"},"schema":{"@context":"https:\/\/schema.org","@graph":[{"@type":"WebPage","@id":"https:\/\/repliquemangacine.fr\/epees-et-dagues-fantasy\/hache-dark-fantasy\/","url":"https:\/\/repliquemangacine.fr\/epees-et-dagues-fantasy\/hache-dark-fantasy\/","name":"Dark Fantasy Axt - Online-Shop - R\u00e9plique Manga Cin\u00e9","isPartOf":{"@id":"https:\/\/repliquemangacine.fr\/#website"},"primaryImageOfPage":{"@id":"https:\/\/repliquemangacine.fr\/epees-et-dagues-fantasy\/hache-dark-fantasy\/#primaryimage"},"image":{"@id":"https:\/\/repliquemangacine.fr\/epees-et-dagues-fantasy\/hache-dark-fantasy\/#primaryimage"},"thumbnailUrl":"https:\/\/repliquemangacine.fr\/wp-content\/uploads\/2023\/10\/Hache-dragon-deco.jpg","datePublished":"2022-10-07T11:35:32+00:00","dateModified":"2025-12-14T17:29:41+00:00","description":"Entdecken Sie die Dark Fantasy Axt zum besten Preis - Klingen aus Stahl - Metallgriff mit rutschfestem Gummi \u00fcberzogen - Halterung - L\u00e4nge: 30 cm","breadcrumb":{"@id":"https:\/\/repliquemangacine.fr\/epees-et-dagues-fantasy\/hache-dark-fantasy\/#breadcrumb"},"inLanguage":"de","potentialAction":[{"@type":"ReadAction","target":["https:\/\/repliquemangacine.fr\/epees-et-dagues-fantasy\/hache-dark-fantasy\/"]}]},{"@type":"ImageObject","inLanguage":"de","@id":"https:\/\/repliquemangacine.fr\/epees-et-dagues-fantasy\/hache-dark-fantasy\/#primaryimage","url":"https:\/\/repliquemangacine.fr\/wp-content\/uploads\/2023\/10\/Hache-dragon-deco.jpg","contentUrl":"https:\/\/repliquemangacine.fr\/wp-content\/uploads\/2023\/10\/Hache-dragon-deco.jpg","width":500,"height":500,"caption":"Hache Dark Fantasy dragon"},{"@type":"BreadcrumbList","@id":"https:\/\/repliquemangacine.fr\/epees-et-dagues-fantasy\/hache-dark-fantasy\/#breadcrumb","itemListElement":[{"@type":"ListItem","position":1,"name":"Accueil","item":"https:\/\/repliquemangacine.fr\/"},{"@type":"ListItem","position":2,"name":"Produits","item":"https:\/\/repliquemangacine.fr\/boutique\/"},{"@type":"ListItem","position":3,"name":"Hache Dark Fantasy"}]},{"@type":"WebSite","@id":"https:\/\/repliquemangacine.fr\/#website","url":"https:\/\/repliquemangacine.fr\/","name":"R\u00e9plique Manga Cin\u00e9","description":"","publisher":{"@id":"https:\/\/repliquemangacine.fr\/#organization"},"potentialAction":[{"@type":"SearchAction","target":{"@type":"EntryPoint","urlTemplate":"https:\/\/repliquemangacine.fr\/?s={search_term_string}"},"query-input":{"@type":"PropertyValueSpecification","valueRequired":true,"valueName":"search_term_string"}}],"inLanguage":"de"},{"@type":"Organization","@id":"https:\/\/repliquemangacine.fr\/#organization","name":"R\u00e9plique Manga Cin\u00e9","url":"https:\/\/repliquemangacine.fr\/","logo":{"@type":"ImageObject","inLanguage":"de","@id":"https:\/\/repliquemangacine.fr\/#\/schema\/logo\/image\/","url":"https:\/\/repliquemangacine.fr\/wp-content\/uploads\/2023\/10\/RMC-500250.png","contentUrl":"https:\/\/repliquemangacine.fr\/wp-content\/uploads\/2023\/10\/RMC-500250.png","width":500,"height":250,"caption":"R\u00e9plique Manga Cin\u00e9"},"image":{"@id":"https:\/\/repliquemangacine.fr\/#\/schema\/logo\/image\/"},"sameAs":["https:\/\/www.facebook.com\/RepliqueMangaCine","https:\/\/www.instagram.com\/repliquemangacine.fr\/"]}]}},"_links":{"self":[{"href":"https:\/\/repliquemangacine.fr\/de\/wp-json\/wp\/v2\/product\/53709","targetHints":{"allow":["GET"]}}],"collection":[{"href":"https:\/\/repliquemangacine.fr\/de\/wp-json\/wp\/v2\/product"}],"about":[{"href":"https:\/\/repliquemangacine.fr\/de\/wp-json\/wp\/v2\/types\/product"}],"wp:featuredmedia":[{"embeddable":true,"href":"https:\/\/repliquemangacine.fr\/de\/wp-json\/wp\/v2\/media\/53710"}],"wp:attachment":[{"href":"https:\/\/repliquemangacine.fr\/de\/wp-json\/wp\/v2\/media?parent=53709"}],"wp:term":[{"taxonomy":"product_brand","embeddable":true,"href":"https:\/\/repliquemangacine.fr\/de\/wp-json\/wp\/v2\/product_brand?post=53709"},{"taxonomy":"product_cat","embeddable":true,"href":"https:\/\/repliquemangacine.fr\/de\/wp-json\/wp\/v2\/product_cat?post=53709"},{"taxonomy":"product_tag","embeddable":true,"href":"https:\/\/repliquemangacine.fr\/de\/wp-json\/wp\/v2\/product_tag?post=53709"}],"curies":[{"name":"wp","href":"https:\/\/api.w.org\/{rel}","templated":true}]}}