





{"id":53700,"date":"2022-10-07T11:26:02","date_gmt":"2022-10-07T09:26:02","guid":{"rendered":"https:\/\/repliquemangacine.fr\/?post_type=product&#038;p=53700"},"modified":"2026-04-05T07:40:33","modified_gmt":"2026-04-05T05:40:33","slug":"colt-1849-pocket-wells-fargo","status":"publish","type":"product","link":"https:\/\/repliquemangacine.fr\/de\/colt-revolver-western\/colt-1849-pocket-wells-fargo\/","title":{"rendered":"Colt Pocket 1849"},"content":{"rendered":"<h2>Colt Pocket 1849 Wells Fargo - Denix.<\/h2>\n<p>Zu Beginn wird der <strong>Colt 1849 Pocket<\/strong>Ein Taschenrevolver mit einer 5- oder 6-Schuss-Trommel, einem Stopfen und einem runden Abzugsb\u00fcgel. Er ersetzt den Colt Baby Dragoon. Er wurde vor allem von Privatpersonen, aber auch von der Polizei, Boten und Postkutschengesellschaften verwendet.<\/p>\n<p>Viele dieser Revolver erlebten den B\u00fcrgerkrieg als pers\u00f6nliche Waffe. Zwischen 1849 und 1873 stellte Colt 321.000 Pocket Revolver in Hartford (Connecticut) in den U.S.A. her.<\/p>\n<p>Die Firma Wells &amp; Fargo bot ein eigenes Modell an, mit dem man durch die Vereinigten Staaten reisen konnte. Viele Siedler und Soldaten w\u00e4hlten diese Revolver wegen ihres geringen Platzbedarfs und der einfachen Handhabung als Reservepistole.<\/p>\n<h2>Ihr Colt Pocket 1849 Wells Fargo zum besten Preis.<\/h2>\n<p>Wir bieten Ihnen eine gro\u00dfe Auswahl an Western-Waffenreproduktionen an<\/p>\n<p>Zun\u00e4chst einmal,<\/p>\n<ul>\n<li>Die <a href=\"https:\/\/repliquemangacine.fr\/de\/colts-revolver\/revolver-colt-army-civil-war-1860\/\">Colt 1860 Army Civil War<\/a>Milit\u00e4rrevolver der US-Kriegsarmee, entworfen von S. Colt, USA, 1860.<\/li>\n<li>Sowie das <a href=\"https:\/\/repliquemangacine.fr\/de\/colts-revolver\/colt-dragoon-revolver-1848\/\">Colt Dragoon 1848<\/a>Ein Revolver, der durch den Mund geladen wird, ist mit einer Unterschrift versehen. <a href=\"https:\/\/www.denix.fr\/fr\/catalogue\/guerre-civile-occidentale-et-americaine-1861-1899\/revolvers\/1259-g\/\" target=\"_blank\" rel=\"noopener noreferrer\">Denix<\/a>.<\/li>\n<li>Es gibt auch den imposanten <a href=\"https:\/\/repliquemangacine.fr\/de\/colts-revolver\/colt-buntline-special-wyatt-earp-1873-2\/\">Buntline Spezial<\/a> des legend\u00e4ren Wyatt Earp mit seinem 30,5 cm langen Lauf.<\/li>\n<li>Und viele andere, die es in unserem Online-Shop zu entdecken gibt!<\/li>\n<\/ul>\n<p>Deshalb ist dies eine tolle Geschenkidee f\u00fcr alle, die sich f\u00fcr die Westernzeit begeistern.<\/p>\n<p>Abschlie\u00dfend k\u00f6nnen Sie den <strong>Colt Pocket 1849<\/strong> f\u00fcr Ihre historischen Rekonstruktionen sowie f\u00fcr Westernauff\u00fchrungen. Vor allem aber ist der Wells Fargo ein Sammler- und Dekorationsst\u00fcck.<\/p>\n<h2>Wie werden Denix-Waffenrepliken hergestellt?<\/h2>\n<p>Werden in historischen Rekonstruktionen, Filmen und Serien sowie von Sammlern verwendet. Denix-Waffenreproduktionen, die aus hochwertigen Materialien hergestellt werden. Sorgf\u00e4ltig bearbeitet und zusammengesetzt, um realistische Sammlerwaffen zu schaffen.<\/p>\n<ul>\n<li>Die Metalle sind in einer Metalllegierung, die als Zamac bekannt ist und deren Grundzusammensetzung Zink in 95% ist.<\/li>\n<li>Die Kunststoffteile der Repliken aus geformtem ABS, das eine hohe Widerstandsf\u00e4higkeit bietet.<\/li>\n<li>Holz, das aufgrund seiner Sch\u00f6nheit und Haltbarkeit ausgew\u00e4hlt wird, wie z. B. Mahagoni, Olivenholz oder Walnuss, verleiht Ihren Sch\u00e4ften und F\u00e4ssern ein elegantes und authentisches Aussehen.<\/li>\n<\/ul>\n<p>Es ist zu betonen, dass alle Nachbildungen von Denix-Waffen mit den Originalen identisch sind, wie Ihr <strong>Colt Pocket 1849<\/strong>.<\/p>","protected":false},"excerpt":{"rendered":"<p>Wundersch\u00f6ne Reproduktion des Colt 1849 Pocket le Wells Fargo hergestellt von Denix.<\/p>\n<ul>\n<li>Schaft aus Massivholz.<\/li>\n<li>Das gesamte Geh\u00e4use besteht aus Zamac.<\/li>\n<li>Bewaffnet sich und rammt.<\/li>\n<li><strong>Ungeeignet zum Schie\u00dfen<\/strong>.<\/li>\n<li>Lauf 6 Schuss<\/li>\n<li>Unterliegt keiner Genehmigungspflicht. Verkauf und Besitz frei<\/li>\n<li>Gesamtl\u00e4nge 22 cm - Gewicht: 540 Gramm<\/li>\n<\/ul>","protected":false},"featured_media":53701,"template":"","meta":[],"product_brand":[896],"product_cat":[34,33,77,102,28,27],"product_tag":[],"class_list":{"0":"post-53700","1":"product","2":"type-product","3":"status-publish","4":"has-post-thumbnail","6":"product_brand-replique-manga-cine","7":"product_cat-armes-westerns","8":"product_cat-colt-pistolet","9":"product_cat-colt-revolver-western","10":"product_cat-denix","11":"product_cat-repliques-darmes","12":"product_cat-armes-et-accessoires-western","14":"first","15":"outofstock","16":"sale","17":"taxable","18":"shipping-taxable","19":"purchasable","20":"product-type-simple"},"yoast_head":"<!-- This site is optimized with the Yoast SEO plugin v27.5 - https:\/\/yoast.com\/product\/yoast-seo-wordpress\/ -->\n<title>Colt Pocket 1849 - Wells Fargo - Denix - R\u00e9plique Manga Cin\u00e9<\/title>\n<meta name=\"description\" content=\"Reproduction du Colt Pocket 1849 - Wells Fargo au meilleur prix - Carcasse en zamac. -Crosse en bois - M\u00e9canisme fonctionnel - Barillet 6 coups - 22 cm\" \/>\n<meta name=\"robots\" content=\"index, follow, max-snippet:-1, max-image-preview:large, max-video-preview:-1\" \/>\n<link rel=\"canonical\" href=\"https:\/\/repliquemangacine.fr\/de\/colt-western-revolver\/colt-1849-pocket-wells-fargo\/\" \/>\n<meta property=\"og:locale\" content=\"de_DE\" \/>\n<meta property=\"og:type\" content=\"article\" \/>\n<meta property=\"og:title\" content=\"Colt Pocket 1849 - Wells Fargo - Denix - R\u00e9plique Manga Cin\u00e9\" \/>\n<meta property=\"og:description\" content=\"Reproduction du Colt Pocket 1849 - Wells Fargo au meilleur prix - Carcasse en zamac. -Crosse en bois - M\u00e9canisme fonctionnel - Barillet 6 coups - 22 cm\" \/>\n<meta property=\"og:url\" content=\"https:\/\/repliquemangacine.fr\/de\/colt-western-revolver\/colt-1849-pocket-wells-fargo\/\" \/>\n<meta property=\"og:site_name\" content=\"R\u00e9plique Manga Cin\u00e9\" \/>\n<meta property=\"article:publisher\" content=\"https:\/\/www.facebook.com\/RepliqueMangaCine\" \/>\n<meta property=\"article:modified_time\" content=\"2026-04-05T05:40:33+00:00\" \/>\n<meta property=\"og:image\" content=\"https:\/\/repliquemangacine.fr\/wp-content\/uploads\/2023\/10\/Colt-Wells-Fargo.jpg\" \/>\n\t<meta property=\"og:image:width\" content=\"500\" \/>\n\t<meta property=\"og:image:height\" content=\"500\" \/>\n\t<meta property=\"og:image:type\" content=\"image\/jpeg\" \/>\n<meta name=\"twitter:card\" content=\"summary_large_image\" \/>\n<meta name=\"twitter:label1\" content=\"Gesch\u00e4tzte Lesezeit\" \/>\n\t<meta name=\"twitter:data1\" content=\"3\u00a0Minuten\" \/>\n<script type=\"application\/ld+json\" class=\"yoast-schema-graph\">{\"@context\":\"https:\\\/\\\/schema.org\",\"@graph\":[{\"@type\":\"WebPage\",\"@id\":\"https:\\\/\\\/repliquemangacine.fr\\\/colt-revolver-western\\\/colt-1849-pocket-wells-fargo\\\/\",\"url\":\"https:\\\/\\\/repliquemangacine.fr\\\/colt-revolver-western\\\/colt-1849-pocket-wells-fargo\\\/\",\"name\":\"Colt Pocket 1849 - Wells Fargo - Denix - R\u00e9plique Manga Cin\u00e9\",\"isPartOf\":{\"@id\":\"https:\\\/\\\/repliquemangacine.fr\\\/#website\"},\"primaryImageOfPage\":{\"@id\":\"https:\\\/\\\/repliquemangacine.fr\\\/colt-revolver-western\\\/colt-1849-pocket-wells-fargo\\\/#primaryimage\"},\"image\":{\"@id\":\"https:\\\/\\\/repliquemangacine.fr\\\/colt-revolver-western\\\/colt-1849-pocket-wells-fargo\\\/#primaryimage\"},\"thumbnailUrl\":\"https:\\\/\\\/repliquemangacine.fr\\\/wp-content\\\/uploads\\\/2023\\\/10\\\/Colt-Wells-Fargo.jpg\",\"datePublished\":\"2022-10-07T09:26:02+00:00\",\"dateModified\":\"2026-04-05T05:40:33+00:00\",\"description\":\"Reproduction du Colt Pocket 1849 - Wells Fargo au meilleur prix - Carcasse en zamac. -Crosse en bois - M\u00e9canisme fonctionnel - Barillet 6 coups - 22 cm\",\"breadcrumb\":{\"@id\":\"https:\\\/\\\/repliquemangacine.fr\\\/colt-revolver-western\\\/colt-1849-pocket-wells-fargo\\\/#breadcrumb\"},\"inLanguage\":\"de\",\"potentialAction\":[{\"@type\":\"ReadAction\",\"target\":[\"https:\\\/\\\/repliquemangacine.fr\\\/colt-revolver-western\\\/colt-1849-pocket-wells-fargo\\\/\"]}]},{\"@type\":\"ImageObject\",\"inLanguage\":\"de\",\"@id\":\"https:\\\/\\\/repliquemangacine.fr\\\/colt-revolver-western\\\/colt-1849-pocket-wells-fargo\\\/#primaryimage\",\"url\":\"https:\\\/\\\/repliquemangacine.fr\\\/wp-content\\\/uploads\\\/2023\\\/10\\\/Colt-Wells-Fargo.jpg\",\"contentUrl\":\"https:\\\/\\\/repliquemangacine.fr\\\/wp-content\\\/uploads\\\/2023\\\/10\\\/Colt-Wells-Fargo.jpg\",\"width\":500,\"height\":500,\"caption\":\"Colt 1849 Pocket Wells Fargo\"},{\"@type\":\"BreadcrumbList\",\"@id\":\"https:\\\/\\\/repliquemangacine.fr\\\/colt-revolver-western\\\/colt-1849-pocket-wells-fargo\\\/#breadcrumb\",\"itemListElement\":[{\"@type\":\"ListItem\",\"position\":1,\"name\":\"Accueil\",\"item\":\"https:\\\/\\\/repliquemangacine.fr\\\/\"},{\"@type\":\"ListItem\",\"position\":2,\"name\":\"Produits\",\"item\":\"https:\\\/\\\/repliquemangacine.fr\\\/boutique\\\/\"},{\"@type\":\"ListItem\",\"position\":3,\"name\":\"Colt Pocket 1849\"}]},{\"@type\":\"WebSite\",\"@id\":\"https:\\\/\\\/repliquemangacine.fr\\\/#website\",\"url\":\"https:\\\/\\\/repliquemangacine.fr\\\/\",\"name\":\"R\u00e9plique Manga Cin\u00e9\",\"description\":\"\",\"publisher\":{\"@id\":\"https:\\\/\\\/repliquemangacine.fr\\\/#organization\"},\"potentialAction\":[{\"@type\":\"SearchAction\",\"target\":{\"@type\":\"EntryPoint\",\"urlTemplate\":\"https:\\\/\\\/repliquemangacine.fr\\\/?s={search_term_string}\"},\"query-input\":{\"@type\":\"PropertyValueSpecification\",\"valueRequired\":true,\"valueName\":\"search_term_string\"}}],\"inLanguage\":\"de\"},{\"@type\":\"Organization\",\"@id\":\"https:\\\/\\\/repliquemangacine.fr\\\/#organization\",\"name\":\"R\u00e9plique Manga Cin\u00e9\",\"url\":\"https:\\\/\\\/repliquemangacine.fr\\\/\",\"logo\":{\"@type\":\"ImageObject\",\"inLanguage\":\"de\",\"@id\":\"https:\\\/\\\/repliquemangacine.fr\\\/#\\\/schema\\\/logo\\\/image\\\/\",\"url\":\"https:\\\/\\\/repliquemangacine.fr\\\/wp-content\\\/uploads\\\/2023\\\/10\\\/RMC-500250.png\",\"contentUrl\":\"https:\\\/\\\/repliquemangacine.fr\\\/wp-content\\\/uploads\\\/2023\\\/10\\\/RMC-500250.png\",\"width\":500,\"height\":250,\"caption\":\"R\u00e9plique Manga Cin\u00e9\"},\"image\":{\"@id\":\"https:\\\/\\\/repliquemangacine.fr\\\/#\\\/schema\\\/logo\\\/image\\\/\"},\"sameAs\":[\"https:\\\/\\\/www.facebook.com\\\/RepliqueMangaCine\",\"https:\\\/\\\/www.instagram.com\\\/repliquemangacine.fr\\\/\"]}]}<\/script>\n<!-- \/ Yoast SEO plugin. -->","yoast_head_json":{"title":"Colt Pocket 1849 - Wells Fargo - Denix - R\u00e9plique Manga Cin\u00e9","description":"Reproduktion des Colt Pocket 1849 - Wells Fargo zum besten Preis - Geh\u00e4use aus Zamak. -Holzschaft - Funktioneller Mechanismus - Lauf 6 Schuss - 22 cm","robots":{"index":"index","follow":"follow","max-snippet":"max-snippet:-1","max-image-preview":"max-image-preview:large","max-video-preview":"max-video-preview:-1"},"canonical":"https:\/\/repliquemangacine.fr\/de\/colt-western-revolver\/colt-1849-pocket-wells-fargo\/","og_locale":"de_DE","og_type":"article","og_title":"Colt Pocket 1849 - Wells Fargo - Denix - R\u00e9plique Manga Cin\u00e9","og_description":"Reproduction du Colt Pocket 1849 - Wells Fargo au meilleur prix - Carcasse en zamac. -Crosse en bois - M\u00e9canisme fonctionnel - Barillet 6 coups - 22 cm","og_url":"https:\/\/repliquemangacine.fr\/de\/colt-western-revolver\/colt-1849-pocket-wells-fargo\/","og_site_name":"R\u00e9plique Manga Cin\u00e9","article_publisher":"https:\/\/www.facebook.com\/RepliqueMangaCine","article_modified_time":"2026-04-05T05:40:33+00:00","og_image":[{"width":500,"height":500,"url":"https:\/\/repliquemangacine.fr\/wp-content\/uploads\/2023\/10\/Colt-Wells-Fargo.jpg","type":"image\/jpeg"}],"twitter_card":"summary_large_image","twitter_misc":{"Gesch\u00e4tzte Lesezeit":"3\u00a0Minuten"},"schema":{"@context":"https:\/\/schema.org","@graph":[{"@type":"WebPage","@id":"https:\/\/repliquemangacine.fr\/colt-revolver-western\/colt-1849-pocket-wells-fargo\/","url":"https:\/\/repliquemangacine.fr\/colt-revolver-western\/colt-1849-pocket-wells-fargo\/","name":"Colt Pocket 1849 - Wells Fargo - Denix - R\u00e9plique Manga Cin\u00e9","isPartOf":{"@id":"https:\/\/repliquemangacine.fr\/#website"},"primaryImageOfPage":{"@id":"https:\/\/repliquemangacine.fr\/colt-revolver-western\/colt-1849-pocket-wells-fargo\/#primaryimage"},"image":{"@id":"https:\/\/repliquemangacine.fr\/colt-revolver-western\/colt-1849-pocket-wells-fargo\/#primaryimage"},"thumbnailUrl":"https:\/\/repliquemangacine.fr\/wp-content\/uploads\/2023\/10\/Colt-Wells-Fargo.jpg","datePublished":"2022-10-07T09:26:02+00:00","dateModified":"2026-04-05T05:40:33+00:00","description":"Reproduktion des Colt Pocket 1849 - Wells Fargo zum besten Preis - Geh\u00e4use aus Zamak. -Holzschaft - Funktioneller Mechanismus - Lauf 6 Schuss - 22 cm","breadcrumb":{"@id":"https:\/\/repliquemangacine.fr\/colt-revolver-western\/colt-1849-pocket-wells-fargo\/#breadcrumb"},"inLanguage":"de","potentialAction":[{"@type":"ReadAction","target":["https:\/\/repliquemangacine.fr\/colt-revolver-western\/colt-1849-pocket-wells-fargo\/"]}]},{"@type":"ImageObject","inLanguage":"de","@id":"https:\/\/repliquemangacine.fr\/colt-revolver-western\/colt-1849-pocket-wells-fargo\/#primaryimage","url":"https:\/\/repliquemangacine.fr\/wp-content\/uploads\/2023\/10\/Colt-Wells-Fargo.jpg","contentUrl":"https:\/\/repliquemangacine.fr\/wp-content\/uploads\/2023\/10\/Colt-Wells-Fargo.jpg","width":500,"height":500,"caption":"Colt 1849 Pocket Wells Fargo"},{"@type":"BreadcrumbList","@id":"https:\/\/repliquemangacine.fr\/colt-revolver-western\/colt-1849-pocket-wells-fargo\/#breadcrumb","itemListElement":[{"@type":"ListItem","position":1,"name":"Accueil","item":"https:\/\/repliquemangacine.fr\/"},{"@type":"ListItem","position":2,"name":"Produits","item":"https:\/\/repliquemangacine.fr\/boutique\/"},{"@type":"ListItem","position":3,"name":"Colt Pocket 1849"}]},{"@type":"WebSite","@id":"https:\/\/repliquemangacine.fr\/#website","url":"https:\/\/repliquemangacine.fr\/","name":"R\u00e9plique Manga Cin\u00e9","description":"","publisher":{"@id":"https:\/\/repliquemangacine.fr\/#organization"},"potentialAction":[{"@type":"SearchAction","target":{"@type":"EntryPoint","urlTemplate":"https:\/\/repliquemangacine.fr\/?s={search_term_string}"},"query-input":{"@type":"PropertyValueSpecification","valueRequired":true,"valueName":"search_term_string"}}],"inLanguage":"de"},{"@type":"Organization","@id":"https:\/\/repliquemangacine.fr\/#organization","name":"R\u00e9plique Manga Cin\u00e9","url":"https:\/\/repliquemangacine.fr\/","logo":{"@type":"ImageObject","inLanguage":"de","@id":"https:\/\/repliquemangacine.fr\/#\/schema\/logo\/image\/","url":"https:\/\/repliquemangacine.fr\/wp-content\/uploads\/2023\/10\/RMC-500250.png","contentUrl":"https:\/\/repliquemangacine.fr\/wp-content\/uploads\/2023\/10\/RMC-500250.png","width":500,"height":250,"caption":"R\u00e9plique Manga Cin\u00e9"},"image":{"@id":"https:\/\/repliquemangacine.fr\/#\/schema\/logo\/image\/"},"sameAs":["https:\/\/www.facebook.com\/RepliqueMangaCine","https:\/\/www.instagram.com\/repliquemangacine.fr\/"]}]}},"_links":{"self":[{"href":"https:\/\/repliquemangacine.fr\/de\/wp-json\/wp\/v2\/product\/53700","targetHints":{"allow":["GET"]}}],"collection":[{"href":"https:\/\/repliquemangacine.fr\/de\/wp-json\/wp\/v2\/product"}],"about":[{"href":"https:\/\/repliquemangacine.fr\/de\/wp-json\/wp\/v2\/types\/product"}],"wp:featuredmedia":[{"embeddable":true,"href":"https:\/\/repliquemangacine.fr\/de\/wp-json\/wp\/v2\/media\/53701"}],"wp:attachment":[{"href":"https:\/\/repliquemangacine.fr\/de\/wp-json\/wp\/v2\/media?parent=53700"}],"wp:term":[{"taxonomy":"product_brand","embeddable":true,"href":"https:\/\/repliquemangacine.fr\/de\/wp-json\/wp\/v2\/product_brand?post=53700"},{"taxonomy":"product_cat","embeddable":true,"href":"https:\/\/repliquemangacine.fr\/de\/wp-json\/wp\/v2\/product_cat?post=53700"},{"taxonomy":"product_tag","embeddable":true,"href":"https:\/\/repliquemangacine.fr\/de\/wp-json\/wp\/v2\/product_tag?post=53700"}],"curies":[{"name":"wp","href":"https:\/\/api.w.org\/{rel}","templated":true}]}}