





{"id":53191,"date":"2022-09-16T16:50:03","date_gmt":"2022-09-16T14:50:03","guid":{"rendered":"https:\/\/repliquemangacine.fr\/?post_type=product&#038;p=53191"},"modified":"2026-01-14T13:42:01","modified_gmt":"2026-01-14T12:42:01","slug":"katana-byakuya-senbonzakura-bleach-schwert-bleach","status":"publish","type":"product","link":"https:\/\/repliquemangacine.fr\/de\/katana-bleach\/katana-byakuya-senbonzakura-bleach-epee-bleach\/","title":{"rendered":"Katana Byakuya senbonzakura Bleach"},"content":{"rendered":"<h2>Replik des Katana Byakuya Senbonzakura Bleach<\/h2>\n<p>Zu Beginn wird der <strong>Katana Byakuya Senbonzakura Bleach<\/strong> ist sein Zanpakuto in versiegelter Form. Senbonzakura (Tausend Kirschbl\u00fcten) ist ein Standard-Katana. Es hat einen gew\u00f6hnlichen Griff aus Bronze mit einem offenen Rahmen, der ein wenig an ein Fenster mit vier Scheiben erinnert. Es hat einen lavendelfarbenen Griff und eine wei\u00dfe Scheide.<\/p>\n<p>Der Freisetzungssatz seines Shikai lautet: Zerstreut euch im Anime. Im Shikai teilt sich die Klinge des Katana in tausend winzige Klingen, die in die Luft fliegen und nur den Griff und die Tsuba des Schwertes in Byakuyas Hand zur\u00fccklassen. Durch ihre Bewegung sehen sie aus wie Kirschbl\u00fcten.<\/p>\n<p>Seine Beherrschung des Kid\u014d, seine starke spirituelle Kraft und sein <a href=\"https:\/\/bleach.fandom.com\/fr\/wiki\/Byakuya_Kuchiki#Zanpakut\u014d\" target=\"_blank\" rel=\"noopener noreferrer\">Zanpakut\u014d<\/a>Senbonzakura, machen ihn zu einem der gef\u00fcrchtetsten Hauptm\u00e4nner der 13 Divisionen. Byakuya ist ein scharfsinniger K\u00e4mpfer und ein Meister der Taktik.<\/p>\n<h2>Ihr Byakuya Senbonzakura Bleach Katana zum besten Preis.<\/h2>\n<p>Wir bieten Ihnen eine gro\u00dfe Auswahl an Repliken Ihres Lieblings-Animationsmangas Bleach<\/p>\n<p>Zun\u00e4chst<\/p>\n<ul>\n<li>Das Unumg\u00e4ngliche <a href=\"https:\/\/repliquemangacine.fr\/de\/bleach\/bankai-tensa-zangetsu\/\">Bankai von Ichigo<\/a> die Tensa Zangetsu in der Kurzfassung, existiert aber in mehreren Versionen.<\/li>\n<li>Es gibt auch die <a href=\"https:\/\/repliquemangacine.fr\/de\/bleach\/canne-benihime-kisuke-urahara-bleach\/\">Schwertstock Benihime<\/a> von Kisuk\u00e9 Urahara.<\/li>\n<li>Sowie das <a href=\"https:\/\/repliquemangacine.fr\/de\/bleach\/katana-pantera-grimmjow-bleach\/\">Pantera-Katana<\/a> von Grimmjow Jaggerjack verwendet.<\/li>\n<li>Und viele andere, die es in unserem Online-Shop zu entdecken gibt!<\/li>\n<\/ul>\n<p>Deshalb gibt es hier tolle Geschenkideen f\u00fcr alle Bleach-Fans.<\/p>\n<p>Abschlie\u00dfend k\u00f6nnen Sie den <strong>Katana Byakuya Senbonzakura Bleach<\/strong> f\u00fcr Ihre Cosplay-Paraden oder in Ihren Themenpartys. Vor allem aber ist dieser Zanpakuto von Byakuya ein Sammler- und Dekorationsst\u00fcck.<\/p>\n<h2>Wie pflegt man die Klinge seines Katanas aus Bleach?<\/h2>\n<p>Katanas f\u00fcr Sammlungen und Dekorationen werden auf vereinfachte Weise hergestellt und zusammengebaut. Da sie zu Dekorationszwecken verwendet werden, fehlen ihnen die Sicherheitsmerkmale, die ein japanisches Schwert f\u00fcr Trainingszwecke aufweisen muss.<\/p>\n<p>Allerdings ist Ihr Katana <strong>Byakuya Senbonzakura Bleach<\/strong> zu einer Stahlklinge, die gepflegt werden muss, damit sie nicht mit der Zeit abgenutzt wird. Denn wenn du dein Katana ausstellst, werden deine Freunde neugierig sein, die Klinge zu sehen und sie zu ber\u00fchren. Hier ist Vorsicht geboten, denn Sie sollten wissen, dass die S\u00e4ure der Finger dem Stahl unabh\u00e4ngig von seiner Qualit\u00e4t sehr schadet.<\/p>\n<p>Wenn dies jedoch passiert, keine Panik, Sie brauchen nur ein Tuch, das mit etwas \u00d6l befeuchtet ist, und wischen die Fingerabdr\u00fccke ab. Wenn Sie dies tun, werden Sie Ihr Schwert sehr lange behalten.<\/p>","protected":false},"excerpt":{"rendered":"<p>Wundersch\u00f6ne Nachbildung des Katana Byakuya Senbonzakura in Bleach.<\/p>\n<ul>\n<li>Nicht scharfe Klinge aus Kohlenstoffstahl.<\/li>\n<li>Speziell geformter, zweifarbiger Vollstahlb\u00fcgel.<\/li>\n<li>Griff mit lavendelfarbenem Baumwollgeflecht \u00fcberzogen.<\/li>\n<li>Scheide aus wei\u00df lackiertem Holz.<\/li>\n<li>L\u00e4nge der Klinge: 68cm - Gesamtl\u00e4nge: 104cm - Gewicht: 920 Gramm<\/li>\n<\/ul>","protected":false},"featured_media":53192,"template":"","meta":[],"product_brand":[896],"product_cat":[30,23],"product_tag":[],"class_list":{"0":"post-53191","1":"product","2":"type-product","3":"status-publish","4":"has-post-thumbnail","6":"product_brand-replique-manga-cine","7":"product_cat-katana-bleach","8":"product_cat-repliques-manga-jeux-video","10":"first","11":"instock","12":"taxable","13":"shipping-taxable","14":"purchasable","15":"product-type-simple"},"yoast_head":"<!-- This site is optimized with the Yoast SEO plugin v27.5 - https:\/\/yoast.com\/product\/yoast-seo-wordpress\/ -->\n<title>Katana Byakuya senbonzakura Bleach - Boutique en ligne - RMC<\/title>\n<meta name=\"description\" content=\"Achetez vite ! Ce superbe Katana Byakuya Senbonzakura Bleach au meilleur prix. Lame acier - Fourreau laqu\u00e9 blanc - Longueur totale : 104cm - Envoi 24\/48h\" \/>\n<meta name=\"robots\" content=\"index, follow, max-snippet:-1, max-image-preview:large, max-video-preview:-1\" \/>\n<link rel=\"canonical\" href=\"https:\/\/repliquemangacine.fr\/de\/katana-bleach\/katana-byakuya-senbonzakura-bleach-schwert-bleach\/\" \/>\n<meta property=\"og:locale\" content=\"de_DE\" \/>\n<meta property=\"og:type\" content=\"article\" \/>\n<meta property=\"og:title\" content=\"Katana Byakuya senbonzakura Bleach - Boutique en ligne - RMC\" \/>\n<meta property=\"og:description\" content=\"Achetez vite ! Ce superbe Katana Byakuya Senbonzakura Bleach au meilleur prix. Lame acier - Fourreau laqu\u00e9 blanc - Longueur totale : 104cm - Envoi 24\/48h\" \/>\n<meta property=\"og:url\" content=\"https:\/\/repliquemangacine.fr\/de\/katana-bleach\/katana-byakuya-senbonzakura-bleach-schwert-bleach\/\" \/>\n<meta property=\"og:site_name\" content=\"R\u00e9plique Manga Cin\u00e9\" \/>\n<meta property=\"article:publisher\" content=\"https:\/\/www.facebook.com\/RepliqueMangaCine\" \/>\n<meta property=\"article:modified_time\" content=\"2026-01-14T12:42:01+00:00\" \/>\n<meta property=\"og:image\" content=\"https:\/\/repliquemangacine.fr\/wp-content\/uploads\/2023\/10\/katana-byakuya.png\" \/>\n\t<meta property=\"og:image:width\" content=\"500\" \/>\n\t<meta property=\"og:image:height\" content=\"500\" \/>\n\t<meta property=\"og:image:type\" content=\"image\/png\" \/>\n<meta name=\"twitter:card\" content=\"summary_large_image\" \/>\n<meta name=\"twitter:label1\" content=\"Gesch\u00e4tzte Lesezeit\" \/>\n\t<meta name=\"twitter:data1\" content=\"2\u00a0Minuten\" \/>\n<script type=\"application\/ld+json\" class=\"yoast-schema-graph\">{\"@context\":\"https:\\\/\\\/schema.org\",\"@graph\":[{\"@type\":\"WebPage\",\"@id\":\"https:\\\/\\\/repliquemangacine.fr\\\/katana-bleach\\\/katana-byakuya-senbonzakura-bleach-epee-bleach\\\/\",\"url\":\"https:\\\/\\\/repliquemangacine.fr\\\/katana-bleach\\\/katana-byakuya-senbonzakura-bleach-epee-bleach\\\/\",\"name\":\"Katana Byakuya senbonzakura Bleach - Boutique en ligne - RMC\",\"isPartOf\":{\"@id\":\"https:\\\/\\\/repliquemangacine.fr\\\/#website\"},\"primaryImageOfPage\":{\"@id\":\"https:\\\/\\\/repliquemangacine.fr\\\/katana-bleach\\\/katana-byakuya-senbonzakura-bleach-epee-bleach\\\/#primaryimage\"},\"image\":{\"@id\":\"https:\\\/\\\/repliquemangacine.fr\\\/katana-bleach\\\/katana-byakuya-senbonzakura-bleach-epee-bleach\\\/#primaryimage\"},\"thumbnailUrl\":\"https:\\\/\\\/repliquemangacine.fr\\\/wp-content\\\/uploads\\\/2023\\\/10\\\/katana-byakuya.png\",\"datePublished\":\"2022-09-16T14:50:03+00:00\",\"dateModified\":\"2026-01-14T12:42:01+00:00\",\"description\":\"Achetez vite ! Ce superbe Katana Byakuya Senbonzakura Bleach au meilleur prix. Lame acier - Fourreau laqu\u00e9 blanc - Longueur totale : 104cm - Envoi 24\\\/48h\",\"breadcrumb\":{\"@id\":\"https:\\\/\\\/repliquemangacine.fr\\\/katana-bleach\\\/katana-byakuya-senbonzakura-bleach-epee-bleach\\\/#breadcrumb\"},\"inLanguage\":\"de\",\"potentialAction\":[{\"@type\":\"ReadAction\",\"target\":[\"https:\\\/\\\/repliquemangacine.fr\\\/katana-bleach\\\/katana-byakuya-senbonzakura-bleach-epee-bleach\\\/\"]}]},{\"@type\":\"ImageObject\",\"inLanguage\":\"de\",\"@id\":\"https:\\\/\\\/repliquemangacine.fr\\\/katana-bleach\\\/katana-byakuya-senbonzakura-bleach-epee-bleach\\\/#primaryimage\",\"url\":\"https:\\\/\\\/repliquemangacine.fr\\\/wp-content\\\/uploads\\\/2023\\\/10\\\/katana-byakuya.png\",\"contentUrl\":\"https:\\\/\\\/repliquemangacine.fr\\\/wp-content\\\/uploads\\\/2023\\\/10\\\/katana-byakuya.png\",\"width\":500,\"height\":500,\"caption\":\"Katana Byakuya Senbonzakura Bleach\"},{\"@type\":\"BreadcrumbList\",\"@id\":\"https:\\\/\\\/repliquemangacine.fr\\\/katana-bleach\\\/katana-byakuya-senbonzakura-bleach-epee-bleach\\\/#breadcrumb\",\"itemListElement\":[{\"@type\":\"ListItem\",\"position\":1,\"name\":\"Accueil\",\"item\":\"https:\\\/\\\/repliquemangacine.fr\\\/\"},{\"@type\":\"ListItem\",\"position\":2,\"name\":\"Produits\",\"item\":\"https:\\\/\\\/repliquemangacine.fr\\\/boutique\\\/\"},{\"@type\":\"ListItem\",\"position\":3,\"name\":\"Katana Byakuya senbonzakura Bleach\"}]},{\"@type\":\"WebSite\",\"@id\":\"https:\\\/\\\/repliquemangacine.fr\\\/#website\",\"url\":\"https:\\\/\\\/repliquemangacine.fr\\\/\",\"name\":\"R\u00e9plique Manga Cin\u00e9\",\"description\":\"\",\"publisher\":{\"@id\":\"https:\\\/\\\/repliquemangacine.fr\\\/#organization\"},\"potentialAction\":[{\"@type\":\"SearchAction\",\"target\":{\"@type\":\"EntryPoint\",\"urlTemplate\":\"https:\\\/\\\/repliquemangacine.fr\\\/?s={search_term_string}\"},\"query-input\":{\"@type\":\"PropertyValueSpecification\",\"valueRequired\":true,\"valueName\":\"search_term_string\"}}],\"inLanguage\":\"de\"},{\"@type\":\"Organization\",\"@id\":\"https:\\\/\\\/repliquemangacine.fr\\\/#organization\",\"name\":\"R\u00e9plique Manga Cin\u00e9\",\"url\":\"https:\\\/\\\/repliquemangacine.fr\\\/\",\"logo\":{\"@type\":\"ImageObject\",\"inLanguage\":\"de\",\"@id\":\"https:\\\/\\\/repliquemangacine.fr\\\/#\\\/schema\\\/logo\\\/image\\\/\",\"url\":\"https:\\\/\\\/repliquemangacine.fr\\\/wp-content\\\/uploads\\\/2023\\\/10\\\/RMC-500250.png\",\"contentUrl\":\"https:\\\/\\\/repliquemangacine.fr\\\/wp-content\\\/uploads\\\/2023\\\/10\\\/RMC-500250.png\",\"width\":500,\"height\":250,\"caption\":\"R\u00e9plique Manga Cin\u00e9\"},\"image\":{\"@id\":\"https:\\\/\\\/repliquemangacine.fr\\\/#\\\/schema\\\/logo\\\/image\\\/\"},\"sameAs\":[\"https:\\\/\\\/www.facebook.com\\\/RepliqueMangaCine\",\"https:\\\/\\\/www.instagram.com\\\/repliquemangacine.fr\\\/\"]}]}<\/script>\n<!-- \/ Yoast SEO plugin. -->","yoast_head_json":{"title":"Katana Byakuya senbonzakura Bleach - Online-Shop - RMC","description":"Kaufen Sie schnell! Dieses tolle Katana Byakuya Senbonzakura Bleach zum besten Preis. Klinge aus Stahl - Scheide wei\u00df lackiert - Gesamtl\u00e4nge: 104cm - Versand 24\/48h","robots":{"index":"index","follow":"follow","max-snippet":"max-snippet:-1","max-image-preview":"max-image-preview:large","max-video-preview":"max-video-preview:-1"},"canonical":"https:\/\/repliquemangacine.fr\/de\/katana-bleach\/katana-byakuya-senbonzakura-bleach-schwert-bleach\/","og_locale":"de_DE","og_type":"article","og_title":"Katana Byakuya senbonzakura Bleach - Boutique en ligne - RMC","og_description":"Achetez vite ! Ce superbe Katana Byakuya Senbonzakura Bleach au meilleur prix. Lame acier - Fourreau laqu\u00e9 blanc - Longueur totale : 104cm - Envoi 24\/48h","og_url":"https:\/\/repliquemangacine.fr\/de\/katana-bleach\/katana-byakuya-senbonzakura-bleach-schwert-bleach\/","og_site_name":"R\u00e9plique Manga Cin\u00e9","article_publisher":"https:\/\/www.facebook.com\/RepliqueMangaCine","article_modified_time":"2026-01-14T12:42:01+00:00","og_image":[{"width":500,"height":500,"url":"https:\/\/repliquemangacine.fr\/wp-content\/uploads\/2023\/10\/katana-byakuya.png","type":"image\/png"}],"twitter_card":"summary_large_image","twitter_misc":{"Gesch\u00e4tzte Lesezeit":"2\u00a0Minuten"},"schema":{"@context":"https:\/\/schema.org","@graph":[{"@type":"WebPage","@id":"https:\/\/repliquemangacine.fr\/katana-bleach\/katana-byakuya-senbonzakura-bleach-epee-bleach\/","url":"https:\/\/repliquemangacine.fr\/katana-bleach\/katana-byakuya-senbonzakura-bleach-epee-bleach\/","name":"Katana Byakuya senbonzakura Bleach - Online-Shop - RMC","isPartOf":{"@id":"https:\/\/repliquemangacine.fr\/#website"},"primaryImageOfPage":{"@id":"https:\/\/repliquemangacine.fr\/katana-bleach\/katana-byakuya-senbonzakura-bleach-epee-bleach\/#primaryimage"},"image":{"@id":"https:\/\/repliquemangacine.fr\/katana-bleach\/katana-byakuya-senbonzakura-bleach-epee-bleach\/#primaryimage"},"thumbnailUrl":"https:\/\/repliquemangacine.fr\/wp-content\/uploads\/2023\/10\/katana-byakuya.png","datePublished":"2022-09-16T14:50:03+00:00","dateModified":"2026-01-14T12:42:01+00:00","description":"Kaufen Sie schnell! Dieses tolle Katana Byakuya Senbonzakura Bleach zum besten Preis. Klinge aus Stahl - Scheide wei\u00df lackiert - Gesamtl\u00e4nge: 104cm - Versand 24\/48h","breadcrumb":{"@id":"https:\/\/repliquemangacine.fr\/katana-bleach\/katana-byakuya-senbonzakura-bleach-epee-bleach\/#breadcrumb"},"inLanguage":"de","potentialAction":[{"@type":"ReadAction","target":["https:\/\/repliquemangacine.fr\/katana-bleach\/katana-byakuya-senbonzakura-bleach-epee-bleach\/"]}]},{"@type":"ImageObject","inLanguage":"de","@id":"https:\/\/repliquemangacine.fr\/katana-bleach\/katana-byakuya-senbonzakura-bleach-epee-bleach\/#primaryimage","url":"https:\/\/repliquemangacine.fr\/wp-content\/uploads\/2023\/10\/katana-byakuya.png","contentUrl":"https:\/\/repliquemangacine.fr\/wp-content\/uploads\/2023\/10\/katana-byakuya.png","width":500,"height":500,"caption":"Katana Byakuya Senbonzakura Bleach"},{"@type":"BreadcrumbList","@id":"https:\/\/repliquemangacine.fr\/katana-bleach\/katana-byakuya-senbonzakura-bleach-epee-bleach\/#breadcrumb","itemListElement":[{"@type":"ListItem","position":1,"name":"Accueil","item":"https:\/\/repliquemangacine.fr\/"},{"@type":"ListItem","position":2,"name":"Produits","item":"https:\/\/repliquemangacine.fr\/boutique\/"},{"@type":"ListItem","position":3,"name":"Katana Byakuya senbonzakura Bleach"}]},{"@type":"WebSite","@id":"https:\/\/repliquemangacine.fr\/#website","url":"https:\/\/repliquemangacine.fr\/","name":"R\u00e9plique Manga Cin\u00e9","description":"","publisher":{"@id":"https:\/\/repliquemangacine.fr\/#organization"},"potentialAction":[{"@type":"SearchAction","target":{"@type":"EntryPoint","urlTemplate":"https:\/\/repliquemangacine.fr\/?s={search_term_string}"},"query-input":{"@type":"PropertyValueSpecification","valueRequired":true,"valueName":"search_term_string"}}],"inLanguage":"de"},{"@type":"Organization","@id":"https:\/\/repliquemangacine.fr\/#organization","name":"R\u00e9plique Manga Cin\u00e9","url":"https:\/\/repliquemangacine.fr\/","logo":{"@type":"ImageObject","inLanguage":"de","@id":"https:\/\/repliquemangacine.fr\/#\/schema\/logo\/image\/","url":"https:\/\/repliquemangacine.fr\/wp-content\/uploads\/2023\/10\/RMC-500250.png","contentUrl":"https:\/\/repliquemangacine.fr\/wp-content\/uploads\/2023\/10\/RMC-500250.png","width":500,"height":250,"caption":"R\u00e9plique Manga Cin\u00e9"},"image":{"@id":"https:\/\/repliquemangacine.fr\/#\/schema\/logo\/image\/"},"sameAs":["https:\/\/www.facebook.com\/RepliqueMangaCine","https:\/\/www.instagram.com\/repliquemangacine.fr\/"]}]}},"_links":{"self":[{"href":"https:\/\/repliquemangacine.fr\/de\/wp-json\/wp\/v2\/product\/53191","targetHints":{"allow":["GET"]}}],"collection":[{"href":"https:\/\/repliquemangacine.fr\/de\/wp-json\/wp\/v2\/product"}],"about":[{"href":"https:\/\/repliquemangacine.fr\/de\/wp-json\/wp\/v2\/types\/product"}],"wp:featuredmedia":[{"embeddable":true,"href":"https:\/\/repliquemangacine.fr\/de\/wp-json\/wp\/v2\/media\/53192"}],"wp:attachment":[{"href":"https:\/\/repliquemangacine.fr\/de\/wp-json\/wp\/v2\/media?parent=53191"}],"wp:term":[{"taxonomy":"product_brand","embeddable":true,"href":"https:\/\/repliquemangacine.fr\/de\/wp-json\/wp\/v2\/product_brand?post=53191"},{"taxonomy":"product_cat","embeddable":true,"href":"https:\/\/repliquemangacine.fr\/de\/wp-json\/wp\/v2\/product_cat?post=53191"},{"taxonomy":"product_tag","embeddable":true,"href":"https:\/\/repliquemangacine.fr\/de\/wp-json\/wp\/v2\/product_tag?post=53191"}],"curies":[{"name":"wp","href":"https:\/\/api.w.org\/{rel}","templated":true}]}}