





{"id":53179,"date":"2022-09-16T11:47:59","date_gmt":"2022-09-16T09:47:59","guid":{"rendered":"https:\/\/repliquemangacine.fr\/?post_type=product&#038;p=53179"},"modified":"2025-09-23T18:02:49","modified_gmt":"2025-09-23T16:02:49","slug":"axte-assassins-creed-valhalla","status":"publish","type":"product","link":"https:\/\/repliquemangacine.fr\/de\/armes-assassins-creed\/haches-assassins-creed-valhalla\/","title":{"rendered":"Assassin's Creed Valhalla \u00c4xte"},"content":{"rendered":"<h2>Assassin's Creed Valhalla-\u00c4xte, die von Eivor benutzt werden.<\/h2>\n<p>Zu Beginn <strong>Assassin's Creed Valhalla \u00c4xte<\/strong> sind zwar nicht offiziell, aber unglaublich realistisch.<\/p>\n<p><a href=\"https:\/\/assassinscreed.fandom.com\/fr\/wiki\/Assassin's_Creed:_Valhalla\" target=\"_blank\" rel=\"noopener noreferrer\">Assassin's Creed: Walhalla<\/a> ist ein von Ubisoft Montreal entwickeltes Action-Adventure-Videospiel und der zw\u00f6lfte Teil der Assassin's-Creed-Reihe, nach Assassin's Creed: Odyssey.<\/p>\n<p>Das Spiel spielt in der Wikingerzeit, im 9. Jahrhundert unserer Zeitrechnung. Der Spieler kann in die Rolle von Eivor schl\u00fcpfen, einem Wikingercharakter, dessen Geschlecht durch den Animus bestimmt wird, der den m\u00e4nnlichen oder weiblichen Erinnerungsfluss repr\u00e4sentiert.<\/p>\n<p>Trotz der Aussagen von Ubisoft ist die Realit\u00e4t, dass Eivor eine Frau ist. Sie ist als Wolfsfreundin bekannt und ist eine Skjaldm\u00f6, eine in Norwegen geborene Wikingerkriegerin, die einen Raubzug zur Eroberung des Landes von England gegen die vier s\u00e4chsischen K\u00f6nige, darunter Alfred von Wessex, anf\u00fchrte.<\/p>\n<h2>Ihre Assassin's Creed Walhalla \u00c4xte zum besten Preis<\/h2>\n<p>Wir bieten Ihnen eine gro\u00dfe Auswahl an Repliken des ber\u00fchmten Videospiels Assassin's Creed.<\/p>\n<p>Alles klar,<\/p>\n<ul>\n<li>Die ber\u00fchmte <a href=\"https:\/\/repliquemangacine.fr\/de\/assassins-creed\/epee-daltair-assassins-creed\/\">Alta\u00efrs Schwert<\/a> im ersten Teil der Reihe.<\/li>\n<li>Es gibt auch die <a href=\"https:\/\/repliquemangacine.fr\/de\/assassins-creed\/assassin-s-creed-odyssey-replica-leonidas-gebrochener-speer\/\">zerbrochene Lanze des Leonidas<\/a> in Assassin's Creed Odyssey.<\/li>\n<li>Aber auch das <a href=\"https:\/\/repliquemangacine.fr\/de\/assassins-creed\/edward-keways-steinschlosspistole-replik-manga-cine\/\">Pistole von Edward Kenway<\/a> in Assassin's Creed Black Flag.<\/li>\n<li>Und viele andere, die es in unserem Online-Shop zu entdecken gibt!<\/li>\n<\/ul>\n<p>Deshalb gibt es hier tolle Geschenke f\u00fcr Fans der historischen Spielreihe Assassin's Creed.<\/p>\n<p>Abschlie\u00dfend k\u00f6nnen Sie beide <strong>Assassin's Creed Valhalla \u00c4xte<\/strong> f\u00fcr Ihre Cosplay-Modenschauen oder f\u00fcr Ihre Themenabende. Vor allem aber sind seine beiden \u00c4xte Sammler- und Dekorationsst\u00fccke.<\/p>\n<h2>Wie pflegt man die Klingen seiner Eivor-\u00c4xte?<\/h2>\n<p>Sammlungs- und Dekorations\u00e4xte werden in vereinfachter Form hergestellt und zusammengebaut. Da sie zu Dekorationszwecken verwendet werden, fehlen ihnen die Sicherheitsmerkmale, die ein japanisches Schwert f\u00fcr Trainingszwecke aufweisen muss.<\/p>\n<p>Allerdings sind Ihre <strong>Assassin's Creed Valhalla \u00c4xte<\/strong> haben eine Stahlklinge, die gepflegt werden muss, damit sie nicht mit der Zeit abgenutzt wird. Denn wenn Sie Ihr Katana ausstellen, werden Ihre Freunde neugierig sein, die Klinge zu sehen und sie zu ber\u00fchren. Hier ist Vorsicht geboten. Es ist zu betonen, dass die S\u00e4ure der Finger dem Stahl sehr schadet, egal wie gut er ist.<\/p>\n<p>Sollte dies dennoch passieren, keine Panik, Sie brauchen nur ein Tuch, das Sie mit etwas \u00d6l befeuchten und die Fingerabdr\u00fccke abwischen. Wenn Sie dies tun, werden Sie Ihr Schwert sehr lange behalten.<\/p>\n<p><strong>\u00a0<\/strong><\/p>","protected":false},"excerpt":{"rendered":"<p>Set aus zwei \u00c4xten, die von Eivor in Assassin's Creed Valhalla verwendet werden.<\/p>\n<ul>\n<li>In Originalgr\u00f6\u00dfe, vollst\u00e4ndig aus Metall aus den Original\u00e4xten, die im Videospiel verwendet wurden.<\/li>\n<li>Die Axtk\u00f6pfe sind aus massivem Stahl, grau lackiert mit keltischen Verzierungen.<\/li>\n<li>Kn\u00e4ufe aus verziertem Vollstahl<\/li>\n<li>Die Griffe sind ebenfalls aus Stahl, der eine mit braunem, umgedrehtem Leder in Wildlederoptik \u00fcberzogen, der andere mit verziertem ABS.<\/li>\n<li>L\u00e4nge der beiden \u00c4xte: ca. 58cm. Breite der K\u00f6pfe: ca. 23cm<\/li>\n<li>Gewicht der beiden \u00c4xte: 3k800<\/li>\n<\/ul>","protected":false},"featured_media":53180,"template":"","meta":[],"product_brand":[896],"product_cat":[836,25,24,111,103,57],"product_tag":[],"class_list":{"0":"post-53179","1":"product","2":"type-product","3":"status-publish","4":"has-post-thumbnail","6":"product_brand-replique-manga-cine","7":"product_cat-armes-assassins-creed","8":"product_cat-armes-historiques","9":"product_cat-films-series-tv-vente-de-katana-epee-et-produits-derives","10":"product_cat-haches-serie-vikings","11":"product_cat-armes-et-accessoires-vikings","12":"product_cat-armes-vikings","14":"first","15":"outofstock","16":"taxable","17":"shipping-taxable","18":"purchasable","19":"product-type-simple"},"yoast_head":"<!-- This site is optimized with the Yoast SEO plugin v27.5 - https:\/\/yoast.com\/product\/yoast-seo-wordpress\/ -->\n<title>Haches Assassin&#039;s Creed Valhalla - R\u00e9plique Manga Cin\u00e9<\/title>\n<meta name=\"description\" content=\"Commandez vite ! Les deux Haches Assassin&#039;s Creed Valhalla utilis\u00e9 par Eivor au meilleur prix. Les t\u00eates sont en acier - Longueur totale : 58 cm\" \/>\n<meta name=\"robots\" content=\"index, follow, max-snippet:-1, max-image-preview:large, max-video-preview:-1\" \/>\n<link rel=\"canonical\" href=\"https:\/\/repliquemangacine.fr\/de\/waffen-assassins-creed\/axte-assassins-creed-valhalla\/\" \/>\n<meta property=\"og:locale\" content=\"de_DE\" \/>\n<meta property=\"og:type\" content=\"article\" \/>\n<meta property=\"og:title\" content=\"Haches Assassin&#039;s Creed Valhalla - R\u00e9plique Manga Cin\u00e9\" \/>\n<meta property=\"og:description\" content=\"Commandez vite ! Les deux Haches Assassin&#039;s Creed Valhalla utilis\u00e9 par Eivor au meilleur prix. Les t\u00eates sont en acier - Longueur totale : 58 cm\" \/>\n<meta property=\"og:url\" content=\"https:\/\/repliquemangacine.fr\/de\/waffen-assassins-creed\/axte-assassins-creed-valhalla\/\" \/>\n<meta property=\"og:site_name\" content=\"R\u00e9plique Manga Cin\u00e9\" \/>\n<meta property=\"article:publisher\" content=\"https:\/\/www.facebook.com\/RepliqueMangaCine\" \/>\n<meta property=\"article:modified_time\" content=\"2025-09-23T16:02:49+00:00\" \/>\n<meta property=\"og:image\" content=\"https:\/\/repliquemangacine.fr\/wp-content\/uploads\/2023\/10\/Haches-Assassincreed-Vahalla.png\" \/>\n\t<meta property=\"og:image:width\" content=\"500\" \/>\n\t<meta property=\"og:image:height\" content=\"500\" \/>\n\t<meta property=\"og:image:type\" content=\"image\/png\" \/>\n<meta name=\"twitter:card\" content=\"summary_large_image\" \/>\n<meta name=\"twitter:label1\" content=\"Gesch\u00e4tzte Lesezeit\" \/>\n\t<meta name=\"twitter:data1\" content=\"2\u00a0Minuten\" \/>\n<script type=\"application\/ld+json\" class=\"yoast-schema-graph\">{\"@context\":\"https:\\\/\\\/schema.org\",\"@graph\":[{\"@type\":\"WebPage\",\"@id\":\"https:\\\/\\\/repliquemangacine.fr\\\/armes-assassins-creed\\\/haches-assassins-creed-valhalla\\\/\",\"url\":\"https:\\\/\\\/repliquemangacine.fr\\\/armes-assassins-creed\\\/haches-assassins-creed-valhalla\\\/\",\"name\":\"Haches Assassin's Creed Valhalla - R\u00e9plique Manga Cin\u00e9\",\"isPartOf\":{\"@id\":\"https:\\\/\\\/repliquemangacine.fr\\\/#website\"},\"primaryImageOfPage\":{\"@id\":\"https:\\\/\\\/repliquemangacine.fr\\\/armes-assassins-creed\\\/haches-assassins-creed-valhalla\\\/#primaryimage\"},\"image\":{\"@id\":\"https:\\\/\\\/repliquemangacine.fr\\\/armes-assassins-creed\\\/haches-assassins-creed-valhalla\\\/#primaryimage\"},\"thumbnailUrl\":\"https:\\\/\\\/repliquemangacine.fr\\\/wp-content\\\/uploads\\\/2023\\\/10\\\/Haches-Assassincreed-Vahalla.png\",\"datePublished\":\"2022-09-16T09:47:59+00:00\",\"dateModified\":\"2025-09-23T16:02:49+00:00\",\"description\":\"Commandez vite ! Les deux Haches Assassin's Creed Valhalla utilis\u00e9 par Eivor au meilleur prix. Les t\u00eates sont en acier - Longueur totale : 58 cm\",\"breadcrumb\":{\"@id\":\"https:\\\/\\\/repliquemangacine.fr\\\/armes-assassins-creed\\\/haches-assassins-creed-valhalla\\\/#breadcrumb\"},\"inLanguage\":\"de\",\"potentialAction\":[{\"@type\":\"ReadAction\",\"target\":[\"https:\\\/\\\/repliquemangacine.fr\\\/armes-assassins-creed\\\/haches-assassins-creed-valhalla\\\/\"]}]},{\"@type\":\"ImageObject\",\"inLanguage\":\"de\",\"@id\":\"https:\\\/\\\/repliquemangacine.fr\\\/armes-assassins-creed\\\/haches-assassins-creed-valhalla\\\/#primaryimage\",\"url\":\"https:\\\/\\\/repliquemangacine.fr\\\/wp-content\\\/uploads\\\/2023\\\/10\\\/Haches-Assassincreed-Vahalla.png\",\"contentUrl\":\"https:\\\/\\\/repliquemangacine.fr\\\/wp-content\\\/uploads\\\/2023\\\/10\\\/Haches-Assassincreed-Vahalla.png\",\"width\":500,\"height\":500,\"caption\":\"Haches Assassin\u2019s Creed Valhalla viking\"},{\"@type\":\"BreadcrumbList\",\"@id\":\"https:\\\/\\\/repliquemangacine.fr\\\/armes-assassins-creed\\\/haches-assassins-creed-valhalla\\\/#breadcrumb\",\"itemListElement\":[{\"@type\":\"ListItem\",\"position\":1,\"name\":\"Accueil\",\"item\":\"https:\\\/\\\/repliquemangacine.fr\\\/\"},{\"@type\":\"ListItem\",\"position\":2,\"name\":\"Produits\",\"item\":\"https:\\\/\\\/repliquemangacine.fr\\\/boutique\\\/\"},{\"@type\":\"ListItem\",\"position\":3,\"name\":\"Haches Assassin&#8217;s Creed Valhalla\"}]},{\"@type\":\"WebSite\",\"@id\":\"https:\\\/\\\/repliquemangacine.fr\\\/#website\",\"url\":\"https:\\\/\\\/repliquemangacine.fr\\\/\",\"name\":\"R\u00e9plique Manga Cin\u00e9\",\"description\":\"\",\"publisher\":{\"@id\":\"https:\\\/\\\/repliquemangacine.fr\\\/#organization\"},\"potentialAction\":[{\"@type\":\"SearchAction\",\"target\":{\"@type\":\"EntryPoint\",\"urlTemplate\":\"https:\\\/\\\/repliquemangacine.fr\\\/?s={search_term_string}\"},\"query-input\":{\"@type\":\"PropertyValueSpecification\",\"valueRequired\":true,\"valueName\":\"search_term_string\"}}],\"inLanguage\":\"de\"},{\"@type\":\"Organization\",\"@id\":\"https:\\\/\\\/repliquemangacine.fr\\\/#organization\",\"name\":\"R\u00e9plique Manga Cin\u00e9\",\"url\":\"https:\\\/\\\/repliquemangacine.fr\\\/\",\"logo\":{\"@type\":\"ImageObject\",\"inLanguage\":\"de\",\"@id\":\"https:\\\/\\\/repliquemangacine.fr\\\/#\\\/schema\\\/logo\\\/image\\\/\",\"url\":\"https:\\\/\\\/repliquemangacine.fr\\\/wp-content\\\/uploads\\\/2023\\\/10\\\/RMC-500250.png\",\"contentUrl\":\"https:\\\/\\\/repliquemangacine.fr\\\/wp-content\\\/uploads\\\/2023\\\/10\\\/RMC-500250.png\",\"width\":500,\"height\":250,\"caption\":\"R\u00e9plique Manga Cin\u00e9\"},\"image\":{\"@id\":\"https:\\\/\\\/repliquemangacine.fr\\\/#\\\/schema\\\/logo\\\/image\\\/\"},\"sameAs\":[\"https:\\\/\\\/www.facebook.com\\\/RepliqueMangaCine\",\"https:\\\/\\\/www.instagram.com\\\/repliquemangacine.fr\\\/\"]}]}<\/script>\n<!-- \/ Yoast SEO plugin. -->","yoast_head_json":{"title":"Assassin's Creed Walhalla \u00c4xte - R\u00e9plique Manga Cin\u00e9","description":"Bestellen Sie schnell! Die beiden Assassin's Creed Valhalla \u00c4xte, die von Eivor verwendet werden, zum besten Preis. Die K\u00f6pfe sind aus Stahl - Gesamtl\u00e4nge: 58 cm","robots":{"index":"index","follow":"follow","max-snippet":"max-snippet:-1","max-image-preview":"max-image-preview:large","max-video-preview":"max-video-preview:-1"},"canonical":"https:\/\/repliquemangacine.fr\/de\/waffen-assassins-creed\/axte-assassins-creed-valhalla\/","og_locale":"de_DE","og_type":"article","og_title":"Haches Assassin's Creed Valhalla - R\u00e9plique Manga Cin\u00e9","og_description":"Commandez vite ! Les deux Haches Assassin's Creed Valhalla utilis\u00e9 par Eivor au meilleur prix. Les t\u00eates sont en acier - Longueur totale : 58 cm","og_url":"https:\/\/repliquemangacine.fr\/de\/waffen-assassins-creed\/axte-assassins-creed-valhalla\/","og_site_name":"R\u00e9plique Manga Cin\u00e9","article_publisher":"https:\/\/www.facebook.com\/RepliqueMangaCine","article_modified_time":"2025-09-23T16:02:49+00:00","og_image":[{"width":500,"height":500,"url":"https:\/\/repliquemangacine.fr\/wp-content\/uploads\/2023\/10\/Haches-Assassincreed-Vahalla.png","type":"image\/png"}],"twitter_card":"summary_large_image","twitter_misc":{"Gesch\u00e4tzte Lesezeit":"2\u00a0Minuten"},"schema":{"@context":"https:\/\/schema.org","@graph":[{"@type":"WebPage","@id":"https:\/\/repliquemangacine.fr\/armes-assassins-creed\/haches-assassins-creed-valhalla\/","url":"https:\/\/repliquemangacine.fr\/armes-assassins-creed\/haches-assassins-creed-valhalla\/","name":"Assassin's Creed Walhalla \u00c4xte - R\u00e9plique Manga Cin\u00e9","isPartOf":{"@id":"https:\/\/repliquemangacine.fr\/#website"},"primaryImageOfPage":{"@id":"https:\/\/repliquemangacine.fr\/armes-assassins-creed\/haches-assassins-creed-valhalla\/#primaryimage"},"image":{"@id":"https:\/\/repliquemangacine.fr\/armes-assassins-creed\/haches-assassins-creed-valhalla\/#primaryimage"},"thumbnailUrl":"https:\/\/repliquemangacine.fr\/wp-content\/uploads\/2023\/10\/Haches-Assassincreed-Vahalla.png","datePublished":"2022-09-16T09:47:59+00:00","dateModified":"2025-09-23T16:02:49+00:00","description":"Bestellen Sie schnell! Die beiden Assassin's Creed Valhalla \u00c4xte, die von Eivor verwendet werden, zum besten Preis. Die K\u00f6pfe sind aus Stahl - Gesamtl\u00e4nge: 58 cm","breadcrumb":{"@id":"https:\/\/repliquemangacine.fr\/armes-assassins-creed\/haches-assassins-creed-valhalla\/#breadcrumb"},"inLanguage":"de","potentialAction":[{"@type":"ReadAction","target":["https:\/\/repliquemangacine.fr\/armes-assassins-creed\/haches-assassins-creed-valhalla\/"]}]},{"@type":"ImageObject","inLanguage":"de","@id":"https:\/\/repliquemangacine.fr\/armes-assassins-creed\/haches-assassins-creed-valhalla\/#primaryimage","url":"https:\/\/repliquemangacine.fr\/wp-content\/uploads\/2023\/10\/Haches-Assassincreed-Vahalla.png","contentUrl":"https:\/\/repliquemangacine.fr\/wp-content\/uploads\/2023\/10\/Haches-Assassincreed-Vahalla.png","width":500,"height":500,"caption":"Haches Assassin\u2019s Creed Valhalla viking"},{"@type":"BreadcrumbList","@id":"https:\/\/repliquemangacine.fr\/armes-assassins-creed\/haches-assassins-creed-valhalla\/#breadcrumb","itemListElement":[{"@type":"ListItem","position":1,"name":"Accueil","item":"https:\/\/repliquemangacine.fr\/"},{"@type":"ListItem","position":2,"name":"Produits","item":"https:\/\/repliquemangacine.fr\/boutique\/"},{"@type":"ListItem","position":3,"name":"Haches Assassin&#8217;s Creed Valhalla"}]},{"@type":"WebSite","@id":"https:\/\/repliquemangacine.fr\/#website","url":"https:\/\/repliquemangacine.fr\/","name":"R\u00e9plique Manga Cin\u00e9","description":"","publisher":{"@id":"https:\/\/repliquemangacine.fr\/#organization"},"potentialAction":[{"@type":"SearchAction","target":{"@type":"EntryPoint","urlTemplate":"https:\/\/repliquemangacine.fr\/?s={search_term_string}"},"query-input":{"@type":"PropertyValueSpecification","valueRequired":true,"valueName":"search_term_string"}}],"inLanguage":"de"},{"@type":"Organization","@id":"https:\/\/repliquemangacine.fr\/#organization","name":"R\u00e9plique Manga Cin\u00e9","url":"https:\/\/repliquemangacine.fr\/","logo":{"@type":"ImageObject","inLanguage":"de","@id":"https:\/\/repliquemangacine.fr\/#\/schema\/logo\/image\/","url":"https:\/\/repliquemangacine.fr\/wp-content\/uploads\/2023\/10\/RMC-500250.png","contentUrl":"https:\/\/repliquemangacine.fr\/wp-content\/uploads\/2023\/10\/RMC-500250.png","width":500,"height":250,"caption":"R\u00e9plique Manga Cin\u00e9"},"image":{"@id":"https:\/\/repliquemangacine.fr\/#\/schema\/logo\/image\/"},"sameAs":["https:\/\/www.facebook.com\/RepliqueMangaCine","https:\/\/www.instagram.com\/repliquemangacine.fr\/"]}]}},"_links":{"self":[{"href":"https:\/\/repliquemangacine.fr\/de\/wp-json\/wp\/v2\/product\/53179","targetHints":{"allow":["GET"]}}],"collection":[{"href":"https:\/\/repliquemangacine.fr\/de\/wp-json\/wp\/v2\/product"}],"about":[{"href":"https:\/\/repliquemangacine.fr\/de\/wp-json\/wp\/v2\/types\/product"}],"wp:featuredmedia":[{"embeddable":true,"href":"https:\/\/repliquemangacine.fr\/de\/wp-json\/wp\/v2\/media\/53180"}],"wp:attachment":[{"href":"https:\/\/repliquemangacine.fr\/de\/wp-json\/wp\/v2\/media?parent=53179"}],"wp:term":[{"taxonomy":"product_brand","embeddable":true,"href":"https:\/\/repliquemangacine.fr\/de\/wp-json\/wp\/v2\/product_brand?post=53179"},{"taxonomy":"product_cat","embeddable":true,"href":"https:\/\/repliquemangacine.fr\/de\/wp-json\/wp\/v2\/product_cat?post=53179"},{"taxonomy":"product_tag","embeddable":true,"href":"https:\/\/repliquemangacine.fr\/de\/wp-json\/wp\/v2\/product_tag?post=53179"}],"curies":[{"name":"wp","href":"https:\/\/api.w.org\/{rel}","templated":true}]}}