





{"id":53139,"date":"2022-09-14T11:23:49","date_gmt":"2022-09-14T09:23:49","guid":{"rendered":"https:\/\/repliquemangacine.fr\/?post_type=product&#038;p=53139"},"modified":"2025-09-23T18:02:49","modified_gmt":"2025-09-23T16:02:49","slug":"katana-sakanade-dhirako-shinji","status":"publish","type":"product","link":"https:\/\/repliquemangacine.fr\/de\/katana-bleach\/katana-sakanade-dhirako-shinji\/","title":{"rendered":"Katana Sakanade Hirako Shinji"},"content":{"rendered":"<h2>Replik von Hirako Shinjis Sakanade Katana aus Bleach.<\/h2>\n<p>Zu Beginn wird der <strong>Sakanade-Katana von Hirako Shinji<\/strong> in Bleach ist nicht scharf.<\/p>\n<p><a href=\"https:\/\/bleach.fandom.com\/fr\/wiki\/Shinji_Hirako\" target=\"_blank\" rel=\"noopener noreferrer\">Shinji<\/a> ist ein wenig komisch und bringt Leichtigkeit in ernste Situationen. Trotz seiner lockeren Art ist er von h\u00fcbschen M\u00e4dchen besessen. Er hat langes Haar, das bis zum Kiefer reicht, und viele seiner Gesichtsausdr\u00fccke lassen seine oberen Z\u00e4hne sehen, eine Gemeinsamkeit mit Nnoitra Jiruga.<\/p>\n<p>Sein Zanpakuto hei\u00dft Sakanade, und der Befreiungssatz lautet: Umkehren. Dieses Bankai kehrt alles um: die Sinne, das Wissen, das Bewusstsein von Verb\u00fcndeten und Feinden. Verb\u00fcndete k\u00f6nnen zu Feinden werden und Feinde zu Verb\u00fcndeten. Da dies als zu sch\u00e4dlich angesehen wird (vor allem, wenn Verb\u00fcndete anwesend sind), wurde Shinji die Verwendung seines Bankai verboten, au\u00dfer in F\u00e4llen \u00e4u\u00dferster Notwendigkeit.<\/p>\n<h2>Ihr Katana Sakanade von Hirako Shinji zum besten Preis.<\/h2>\n<p>Wir bieten Ihnen eine gro\u00dfe Auswahl an Katanas aus dem Anime-Manga Bleach zum besten Preis.<\/p>\n<p>Zun\u00e4chst einmal,<\/p>\n<ul>\n<li>Das Unverzichtbare und das Erste <a href=\"https:\/\/repliquemangacine.fr\/de\/bleach\/bankai-tensa-zangetsu\/\">ichigo bankai<\/a> die Tensa Zangetsu in verschiedenen Versionen.<\/li>\n<li>Es gibt auch das Katana von Kisuke dem <a href=\"https:\/\/repliquemangacine.fr\/de\/bleach\/shikai-benihime-katana-urahara-kisuke\/\">Shikai Benihime<\/a> sowie seinen Gehstock.<\/li>\n<li>Sowie das <a href=\"https:\/\/repliquemangacine.fr\/de\/katana-bleach\/zanpakuto-shirayuki-shikai-rukia-kuchiki\/\">Rukias Katana<\/a> das sch\u00f6nste Zanpakut\u00f4, das es in der Soul Society gibt.<\/li>\n<li>Und noch viel mehr gibt es in unserem Online-Shop zu entdecken!<\/li>\n<\/ul>\n<p>Deshalb ist dies eine tolle Geschenkidee f\u00fcr alle Fans von Bleach.<\/p>\n<p>Abschlie\u00dfend k\u00f6nnen Sie den<strong> Sakanade-Katana von Hirako Shinji<\/strong> f\u00fcr Ihre Cosplay-Paraden oder Themenabende. Vor allem aber ist dieser S\u00e4bel ein Sammler- und Dekorationsobjekt.<\/p>\n<h2>Wie pflegt man die Klinge seines Katanas aus Bleach?<\/h2>\n<p>Katanas f\u00fcr Sammlungen und Dekorationen werden auf vereinfachte Weise hergestellt und zusammengebaut. Da sie zu Dekorationszwecken verwendet werden, fehlen ihnen die Sicherheitsmerkmale, die ein japanisches Schwert f\u00fcr Trainingszwecke aufweisen muss.<\/p>\n<p>Allerdings ist Ihr <strong>Sakanade-Katana von Hirako Shinji<\/strong> zu einer Stahlklinge, die gepflegt werden muss, damit sie nicht mit der Zeit abgenutzt wird. Denn wenn du dein Katana ausstellst, werden deine Freunde neugierig sein, die Klinge zu sehen und sie zu ber\u00fchren. Hier ist Vorsicht geboten, denn Sie sollten wissen, dass die S\u00e4ure der Finger dem Stahl unabh\u00e4ngig von seiner Qualit\u00e4t sehr schadet.<\/p>\n<p>Wenn dies jedoch passiert, keine Panik, Sie brauchen nur ein Tuch, das mit etwas \u00d6l befeuchtet ist, und wischen die Fingerabdr\u00fccke ab. Wenn Sie dies tun, werden Sie Ihr Schwert sehr lange behalten.<\/p>","protected":false},"excerpt":{"rendered":"<p>Replik von Hirako Shinjis Sakanade Katana aus Bleach.<\/p>\n<ul>\n<li>Nicht schneidende Klinge aus Kohlenstoffstahl.<\/li>\n<li>Griff mit violettem Baumwollgeflecht \u00fcberzogen.<\/li>\n<li>Scheide aus schwarzem Holz.<\/li>\n<li>Stahlgarde mit Verzierungen.<\/li>\n<li>L\u00e4nge der Klinge: 68cm - Gesamtl\u00e4nge: 104cm<\/li>\n<\/ul>","protected":false},"featured_media":53140,"template":"","meta":[],"product_brand":[896],"product_cat":[30,23],"product_tag":[],"class_list":{"0":"post-53139","1":"product","2":"type-product","3":"status-publish","4":"has-post-thumbnail","6":"product_brand-replique-manga-cine","7":"product_cat-katana-bleach","8":"product_cat-repliques-manga-jeux-video","10":"first","11":"instock","12":"taxable","13":"shipping-taxable","14":"purchasable","15":"product-type-simple"},"yoast_head":"<!-- This site is optimized with the Yoast SEO plugin v27.5 - https:\/\/yoast.com\/product\/yoast-seo-wordpress\/ -->\n<title>Katana Sakanade Hirako Shinji - Bleach - Boutique en ligne | RMC<\/title>\n<meta name=\"description\" content=\"Offrez-lui vite ! Ce superbe Katana Sakanade d&#039;Hirako Shinji dans Bleach. Lame en acier carbone non coupante. - Longueur totale\u00a0: 104 cm - Envoi 24\/48h\" \/>\n<meta name=\"robots\" content=\"index, follow, max-snippet:-1, max-image-preview:large, max-video-preview:-1\" \/>\n<link rel=\"canonical\" href=\"https:\/\/repliquemangacine.fr\/de\/katana-bleach\/katana-sakanade-dhirako-shinji\/\" \/>\n<meta property=\"og:locale\" content=\"de_DE\" \/>\n<meta property=\"og:type\" content=\"article\" \/>\n<meta property=\"og:title\" content=\"Katana Sakanade Hirako Shinji - Bleach - Boutique en ligne | RMC\" \/>\n<meta property=\"og:description\" content=\"Offrez-lui vite ! Ce superbe Katana Sakanade d&#039;Hirako Shinji dans Bleach. Lame en acier carbone non coupante. - Longueur totale\u00a0: 104 cm - Envoi 24\/48h\" \/>\n<meta property=\"og:url\" content=\"https:\/\/repliquemangacine.fr\/de\/katana-bleach\/katana-sakanade-dhirako-shinji\/\" \/>\n<meta property=\"og:site_name\" content=\"R\u00e9plique Manga Cin\u00e9\" \/>\n<meta property=\"article:publisher\" content=\"https:\/\/www.facebook.com\/RepliqueMangaCine\" \/>\n<meta property=\"article:modified_time\" content=\"2025-09-23T16:02:49+00:00\" \/>\n<meta property=\"og:image\" content=\"https:\/\/repliquemangacine.fr\/wp-content\/uploads\/2023\/10\/Katana-Sakanade-Shinji-Hirako-bleach.png\" \/>\n\t<meta property=\"og:image:width\" content=\"500\" \/>\n\t<meta property=\"og:image:height\" content=\"500\" \/>\n\t<meta property=\"og:image:type\" content=\"image\/png\" \/>\n<meta name=\"twitter:card\" content=\"summary_large_image\" \/>\n<meta name=\"twitter:label1\" content=\"Gesch\u00e4tzte Lesezeit\" \/>\n\t<meta name=\"twitter:data1\" content=\"2\u00a0Minuten\" \/>\n<script type=\"application\/ld+json\" class=\"yoast-schema-graph\">{\"@context\":\"https:\\\/\\\/schema.org\",\"@graph\":[{\"@type\":\"WebPage\",\"@id\":\"https:\\\/\\\/repliquemangacine.fr\\\/en\\\/katana-bleach\\\/katana-sakanade-dhirako-shinji\\\/\",\"url\":\"https:\\\/\\\/repliquemangacine.fr\\\/en\\\/katana-bleach\\\/katana-sakanade-dhirako-shinji\\\/\",\"name\":\"Katana Sakanade Hirako Shinji - Bleach - Boutique en ligne | RMC\",\"isPartOf\":{\"@id\":\"https:\\\/\\\/repliquemangacine.fr\\\/#website\"},\"primaryImageOfPage\":{\"@id\":\"https:\\\/\\\/repliquemangacine.fr\\\/en\\\/katana-bleach\\\/katana-sakanade-dhirako-shinji\\\/#primaryimage\"},\"image\":{\"@id\":\"https:\\\/\\\/repliquemangacine.fr\\\/en\\\/katana-bleach\\\/katana-sakanade-dhirako-shinji\\\/#primaryimage\"},\"thumbnailUrl\":\"https:\\\/\\\/repliquemangacine.fr\\\/wp-content\\\/uploads\\\/2023\\\/10\\\/Katana-Sakanade-Shinji-Hirako-bleach.png\",\"datePublished\":\"2022-09-14T09:23:49+00:00\",\"dateModified\":\"2025-09-23T16:02:49+00:00\",\"description\":\"Offrez-lui vite ! Ce superbe Katana Sakanade d'Hirako Shinji dans Bleach. Lame en acier carbone non coupante. - Longueur totale\u00a0: 104 cm - Envoi 24\\\/48h\",\"breadcrumb\":{\"@id\":\"https:\\\/\\\/repliquemangacine.fr\\\/en\\\/katana-bleach\\\/katana-sakanade-dhirako-shinji\\\/#breadcrumb\"},\"inLanguage\":\"de\",\"potentialAction\":[{\"@type\":\"ReadAction\",\"target\":[\"https:\\\/\\\/repliquemangacine.fr\\\/en\\\/katana-bleach\\\/katana-sakanade-dhirako-shinji\\\/\"]}]},{\"@type\":\"ImageObject\",\"inLanguage\":\"de\",\"@id\":\"https:\\\/\\\/repliquemangacine.fr\\\/en\\\/katana-bleach\\\/katana-sakanade-dhirako-shinji\\\/#primaryimage\",\"url\":\"https:\\\/\\\/repliquemangacine.fr\\\/wp-content\\\/uploads\\\/2023\\\/10\\\/Katana-Sakanade-Shinji-Hirako-bleach.png\",\"contentUrl\":\"https:\\\/\\\/repliquemangacine.fr\\\/wp-content\\\/uploads\\\/2023\\\/10\\\/Katana-Sakanade-Shinji-Hirako-bleach.png\",\"width\":500,\"height\":500,\"caption\":\"Katana-Sakanade d'Hirako Shinji Bleach\"},{\"@type\":\"BreadcrumbList\",\"@id\":\"https:\\\/\\\/repliquemangacine.fr\\\/en\\\/katana-bleach\\\/katana-sakanade-dhirako-shinji\\\/#breadcrumb\",\"itemListElement\":[{\"@type\":\"ListItem\",\"position\":1,\"name\":\"Accueil\",\"item\":\"https:\\\/\\\/repliquemangacine.fr\\\/\"},{\"@type\":\"ListItem\",\"position\":2,\"name\":\"Produits\",\"item\":\"https:\\\/\\\/repliquemangacine.fr\\\/boutique\\\/\"},{\"@type\":\"ListItem\",\"position\":3,\"name\":\"Katana Sakanade Hirako Shinji\"}]},{\"@type\":\"WebSite\",\"@id\":\"https:\\\/\\\/repliquemangacine.fr\\\/#website\",\"url\":\"https:\\\/\\\/repliquemangacine.fr\\\/\",\"name\":\"R\u00e9plique Manga Cin\u00e9\",\"description\":\"\",\"publisher\":{\"@id\":\"https:\\\/\\\/repliquemangacine.fr\\\/#organization\"},\"potentialAction\":[{\"@type\":\"SearchAction\",\"target\":{\"@type\":\"EntryPoint\",\"urlTemplate\":\"https:\\\/\\\/repliquemangacine.fr\\\/?s={search_term_string}\"},\"query-input\":{\"@type\":\"PropertyValueSpecification\",\"valueRequired\":true,\"valueName\":\"search_term_string\"}}],\"inLanguage\":\"de\"},{\"@type\":\"Organization\",\"@id\":\"https:\\\/\\\/repliquemangacine.fr\\\/#organization\",\"name\":\"R\u00e9plique Manga Cin\u00e9\",\"url\":\"https:\\\/\\\/repliquemangacine.fr\\\/\",\"logo\":{\"@type\":\"ImageObject\",\"inLanguage\":\"de\",\"@id\":\"https:\\\/\\\/repliquemangacine.fr\\\/#\\\/schema\\\/logo\\\/image\\\/\",\"url\":\"https:\\\/\\\/repliquemangacine.fr\\\/wp-content\\\/uploads\\\/2023\\\/10\\\/RMC-500250.png\",\"contentUrl\":\"https:\\\/\\\/repliquemangacine.fr\\\/wp-content\\\/uploads\\\/2023\\\/10\\\/RMC-500250.png\",\"width\":500,\"height\":250,\"caption\":\"R\u00e9plique Manga Cin\u00e9\"},\"image\":{\"@id\":\"https:\\\/\\\/repliquemangacine.fr\\\/#\\\/schema\\\/logo\\\/image\\\/\"},\"sameAs\":[\"https:\\\/\\\/www.facebook.com\\\/RepliqueMangaCine\",\"https:\\\/\\\/www.instagram.com\\\/repliquemangacine.fr\\\/\"]}]}<\/script>\n<!-- \/ Yoast SEO plugin. -->","yoast_head_json":{"title":"Katana Sakanade Hirako Shinji - Bleach - Online-Shop | RMC","description":"Schenken Sie es ihr schnell! Dieses tolle Sakanade Katana von Hirako Shinji aus Bleach. Klinge aus Kohlenstoffstahl, die nicht scharf ist. - Gesamtl\u00e4nge: 104 cm - Versand 24\/48h","robots":{"index":"index","follow":"follow","max-snippet":"max-snippet:-1","max-image-preview":"max-image-preview:large","max-video-preview":"max-video-preview:-1"},"canonical":"https:\/\/repliquemangacine.fr\/de\/katana-bleach\/katana-sakanade-dhirako-shinji\/","og_locale":"de_DE","og_type":"article","og_title":"Katana Sakanade Hirako Shinji - Bleach - Boutique en ligne | RMC","og_description":"Offrez-lui vite ! Ce superbe Katana Sakanade d'Hirako Shinji dans Bleach. Lame en acier carbone non coupante. - Longueur totale\u00a0: 104 cm - Envoi 24\/48h","og_url":"https:\/\/repliquemangacine.fr\/de\/katana-bleach\/katana-sakanade-dhirako-shinji\/","og_site_name":"R\u00e9plique Manga Cin\u00e9","article_publisher":"https:\/\/www.facebook.com\/RepliqueMangaCine","article_modified_time":"2025-09-23T16:02:49+00:00","og_image":[{"width":500,"height":500,"url":"https:\/\/repliquemangacine.fr\/wp-content\/uploads\/2023\/10\/Katana-Sakanade-Shinji-Hirako-bleach.png","type":"image\/png"}],"twitter_card":"summary_large_image","twitter_misc":{"Gesch\u00e4tzte Lesezeit":"2\u00a0Minuten"},"schema":{"@context":"https:\/\/schema.org","@graph":[{"@type":"WebPage","@id":"https:\/\/repliquemangacine.fr\/en\/katana-bleach\/katana-sakanade-dhirako-shinji\/","url":"https:\/\/repliquemangacine.fr\/en\/katana-bleach\/katana-sakanade-dhirako-shinji\/","name":"Katana Sakanade Hirako Shinji - Bleach - Online-Shop | RMC","isPartOf":{"@id":"https:\/\/repliquemangacine.fr\/#website"},"primaryImageOfPage":{"@id":"https:\/\/repliquemangacine.fr\/en\/katana-bleach\/katana-sakanade-dhirako-shinji\/#primaryimage"},"image":{"@id":"https:\/\/repliquemangacine.fr\/en\/katana-bleach\/katana-sakanade-dhirako-shinji\/#primaryimage"},"thumbnailUrl":"https:\/\/repliquemangacine.fr\/wp-content\/uploads\/2023\/10\/Katana-Sakanade-Shinji-Hirako-bleach.png","datePublished":"2022-09-14T09:23:49+00:00","dateModified":"2025-09-23T16:02:49+00:00","description":"Schenken Sie es ihr schnell! Dieses tolle Sakanade Katana von Hirako Shinji aus Bleach. Klinge aus Kohlenstoffstahl, die nicht scharf ist. - Gesamtl\u00e4nge: 104 cm - Versand 24\/48h","breadcrumb":{"@id":"https:\/\/repliquemangacine.fr\/en\/katana-bleach\/katana-sakanade-dhirako-shinji\/#breadcrumb"},"inLanguage":"de","potentialAction":[{"@type":"ReadAction","target":["https:\/\/repliquemangacine.fr\/en\/katana-bleach\/katana-sakanade-dhirako-shinji\/"]}]},{"@type":"ImageObject","inLanguage":"de","@id":"https:\/\/repliquemangacine.fr\/en\/katana-bleach\/katana-sakanade-dhirako-shinji\/#primaryimage","url":"https:\/\/repliquemangacine.fr\/wp-content\/uploads\/2023\/10\/Katana-Sakanade-Shinji-Hirako-bleach.png","contentUrl":"https:\/\/repliquemangacine.fr\/wp-content\/uploads\/2023\/10\/Katana-Sakanade-Shinji-Hirako-bleach.png","width":500,"height":500,"caption":"Katana-Sakanade d'Hirako Shinji Bleach"},{"@type":"BreadcrumbList","@id":"https:\/\/repliquemangacine.fr\/en\/katana-bleach\/katana-sakanade-dhirako-shinji\/#breadcrumb","itemListElement":[{"@type":"ListItem","position":1,"name":"Accueil","item":"https:\/\/repliquemangacine.fr\/"},{"@type":"ListItem","position":2,"name":"Produits","item":"https:\/\/repliquemangacine.fr\/boutique\/"},{"@type":"ListItem","position":3,"name":"Katana Sakanade Hirako Shinji"}]},{"@type":"WebSite","@id":"https:\/\/repliquemangacine.fr\/#website","url":"https:\/\/repliquemangacine.fr\/","name":"R\u00e9plique Manga Cin\u00e9","description":"","publisher":{"@id":"https:\/\/repliquemangacine.fr\/#organization"},"potentialAction":[{"@type":"SearchAction","target":{"@type":"EntryPoint","urlTemplate":"https:\/\/repliquemangacine.fr\/?s={search_term_string}"},"query-input":{"@type":"PropertyValueSpecification","valueRequired":true,"valueName":"search_term_string"}}],"inLanguage":"de"},{"@type":"Organization","@id":"https:\/\/repliquemangacine.fr\/#organization","name":"R\u00e9plique Manga Cin\u00e9","url":"https:\/\/repliquemangacine.fr\/","logo":{"@type":"ImageObject","inLanguage":"de","@id":"https:\/\/repliquemangacine.fr\/#\/schema\/logo\/image\/","url":"https:\/\/repliquemangacine.fr\/wp-content\/uploads\/2023\/10\/RMC-500250.png","contentUrl":"https:\/\/repliquemangacine.fr\/wp-content\/uploads\/2023\/10\/RMC-500250.png","width":500,"height":250,"caption":"R\u00e9plique Manga Cin\u00e9"},"image":{"@id":"https:\/\/repliquemangacine.fr\/#\/schema\/logo\/image\/"},"sameAs":["https:\/\/www.facebook.com\/RepliqueMangaCine","https:\/\/www.instagram.com\/repliquemangacine.fr\/"]}]}},"_links":{"self":[{"href":"https:\/\/repliquemangacine.fr\/de\/wp-json\/wp\/v2\/product\/53139","targetHints":{"allow":["GET"]}}],"collection":[{"href":"https:\/\/repliquemangacine.fr\/de\/wp-json\/wp\/v2\/product"}],"about":[{"href":"https:\/\/repliquemangacine.fr\/de\/wp-json\/wp\/v2\/types\/product"}],"wp:featuredmedia":[{"embeddable":true,"href":"https:\/\/repliquemangacine.fr\/de\/wp-json\/wp\/v2\/media\/53140"}],"wp:attachment":[{"href":"https:\/\/repliquemangacine.fr\/de\/wp-json\/wp\/v2\/media?parent=53139"}],"wp:term":[{"taxonomy":"product_brand","embeddable":true,"href":"https:\/\/repliquemangacine.fr\/de\/wp-json\/wp\/v2\/product_brand?post=53139"},{"taxonomy":"product_cat","embeddable":true,"href":"https:\/\/repliquemangacine.fr\/de\/wp-json\/wp\/v2\/product_cat?post=53139"},{"taxonomy":"product_tag","embeddable":true,"href":"https:\/\/repliquemangacine.fr\/de\/wp-json\/wp\/v2\/product_tag?post=53139"}],"curies":[{"name":"wp","href":"https:\/\/api.w.org\/{rel}","templated":true}]}}