





{"id":53102,"date":"2022-09-13T15:11:33","date_gmt":"2022-09-13T13:11:33","guid":{"rendered":"https:\/\/repliquemangacine.fr\/?post_type=product&#038;p=53102"},"modified":"2026-04-15T10:34:07","modified_gmt":"2026-04-15T08:34:07","slug":"katana-obanai-demon-slayer","status":"publish","type":"product","link":"https:\/\/repliquemangacine.fr\/de\/katana-demon-slayer-metal\/katana-obanai-demon-slayer\/","title":{"rendered":"Katana Obanai Demon Slayer"},"content":{"rendered":"<h2>Katana Obanai Demon Slayer aus Stahl<\/h2>\n<p>Zu Beginn wird der <strong>Katana Obanai Demon Slayer<\/strong> ist mit seiner schlangenf\u00f6rmigen Klinge absolut au\u00dfergew\u00f6hnlich.<\/p>\n<p>Obanai Iguro, ein wichtiger Nebencharakter aus Demon Slayer: Kimetsu no Yaiba.\u00a0 <a href=\"https:\/\/kimetsu-no-yaiba.fandom.com\/fr\/wiki\/Obanai_Iguro\" target=\"_blank\" rel=\"noopener noreferrer\">Obanai<\/a>\u00a0tr\u00e4gt einen Verband \u00fcber seinem Mund, um eine gro\u00dfe Wunde zu verbergen. Er wird auch immer mit seiner wei\u00dfen Schlange, Kaburamaru, gesehen, die um seine Schultern gewickelt ist.<\/p>\n<p>Als Pfeiler der Schlange nutzt Obanai diesen Atem. Er konzentriert sich darauf, das Schwert zu drehen und zu beugen, so wie sich eine Schlange bewegt. Dies \u00e4hnelt Mitsuris Atem der Liebe, aber sein Schwert \u00e4hnelt viel mehr einem typischen Schwert mit einer Klinge, die wie eine kriechende Schlange geformt ist.<\/p>\n<h2>Ihr Katana Obanai Demon Slayer zum besten Preis<\/h2>\n<p>Wir bieten dir alle Spr\u00fcche deiner Lieblingscharaktere in diesem Demon Slayer Anime-Manga.<\/p>\n<p>Zun\u00e4chst einmal,<\/p>\n<ul>\n<li>die <a href=\"https:\/\/repliquemangacine.fr\/de\/katana-demon-slayer\/katana-mitsuri-kanroji-demon-slayer\/\">Katana von Mitsuri<\/a> seine Geliebte, mit ihrem herzf\u00f6rmigen Vorsatz.<\/li>\n<li>Sowie das <a href=\"https:\/\/repliquemangacine.fr\/de\/demon-slayer\/katana-von-inosuke-hashibira-demon-slayer\/\">Katana Inosuke Hashibira<\/a> mit seiner Klinge voller Einkerbungen.<\/li>\n<li>Es gibt auch das Tanjiro-Katana in zwei Versionen, scharf und nicht scharf.<\/li>\n<li>Und noch viele andere, die es zu entdecken gilt!<\/li>\n<\/ul>\n<p>Deshalb sind hier tolle Geschenkideen f\u00fcr Fans von Kimetsu no Yaiba oder Demon Slayer.<\/p>\n<p>Abschlie\u00dfend k\u00f6nnen Sie auch diesen <strong>Katana Obanai Demon Slayer<\/strong> f\u00fcr Ihre Cosplay-Paraden oder Themenabende. Vor allem ist dieses Schwert auch ein Sammler- und Dekorationsst\u00fcck.<\/p>\n<h2>Wie pflegt man die Klinge seines Katanas von Obanai Iguro?<\/h2>\n<p>Katanas f\u00fcr Sammlungen und Dekorationen werden auf vereinfachte Weise hergestellt und zusammengebaut. Da sie zu Dekorationszwecken verwendet werden, fehlen ihnen die Sicherheitsmerkmale, die ein japanisches Schwert f\u00fcr Trainingszwecke aufweisen muss.<\/p>\n<p>Allerdings ist Ihr <strong>Katana Obanai Demon Slayer<\/strong> zu einer Stahlklinge, die gepflegt werden muss, damit sie nicht mit der Zeit abgenutzt wird. Denn wenn du dein Katana ausstellst, werden deine Freunde neugierig sein, die Klinge zu sehen und sie zu ber\u00fchren. Hier ist Vorsicht geboten, denn Sie sollten wissen, dass die S\u00e4ure der Finger dem Stahl unabh\u00e4ngig von seiner Qualit\u00e4t sehr schadet.<\/p>\n<p>Wenn das passiert, keine Panik, Sie brauchen nur ein Tuch, das mit etwas \u00d6l befeuchtet ist, und wischen die Fingerabdr\u00fccke ab. Wenn Sie dies tun, werden Sie Ihr Schwert sehr lange behalten.<\/p>","protected":false},"excerpt":{"rendered":"<p>Wundersch\u00f6ne Replik des Katanas von Obanai Iguro aus \"Demon Slayer\".<\/p>\n<ul>\n<li>Stahlklinge mit Kanjis.<\/li>\n<li>Griff aus Baumwolle in verschiedenen Farben.<\/li>\n<li>Stahlb\u00fcgel mit einer Schlange verziert.<\/li>\n<li>Wird mit einer Scheide aus Kunstleder geliefert<\/li>\n<li>L\u00e4nge der Klinge: ca. 74 cm - Gesamtl\u00e4nge: ca. 105 cm<\/li>\n<\/ul>","protected":false},"featured_media":53103,"template":"","meta":[],"product_brand":[896],"product_cat":[63,117,23],"product_tag":[],"class_list":{"0":"post-53102","1":"product","2":"type-product","3":"status-publish","4":"has-post-thumbnail","6":"product_brand-replique-manga-cine","7":"product_cat-katana-demon-slayer","8":"product_cat-katana-demon-slayer-metal","9":"product_cat-repliques-manga-jeux-video","11":"first","12":"instock","13":"taxable","14":"shipping-taxable","15":"purchasable","16":"product-type-simple"},"yoast_head":"<!-- This site is optimized with the Yoast SEO plugin v27.5 - https:\/\/yoast.com\/product\/yoast-seo-wordpress\/ -->\n<title>Katana Obanai Demon Slayer - Boutique en ligne - RMC<\/title>\n<meta name=\"description\" content=\"Achetez vite ! Votre Katana Obanai Iguro Demon Slayer au meilleur prix. Lame en acier 68 cm. Garde orn\u00e9e de serpent. Longueur totale 105 cm - Envoi 24\/48h\" \/>\n<meta name=\"robots\" content=\"index, follow, max-snippet:-1, max-image-preview:large, max-video-preview:-1\" \/>\n<link rel=\"canonical\" href=\"https:\/\/repliquemangacine.fr\/de\/katana-demon-slayer-metal\/katana-obanai-demon-slayer\/\" \/>\n<meta property=\"og:locale\" content=\"de_DE\" \/>\n<meta property=\"og:type\" content=\"article\" \/>\n<meta property=\"og:title\" content=\"Katana Obanai Demon Slayer - Boutique en ligne - RMC\" \/>\n<meta property=\"og:description\" content=\"Achetez vite ! Votre Katana Obanai Iguro Demon Slayer au meilleur prix. Lame en acier 68 cm. Garde orn\u00e9e de serpent. Longueur totale 105 cm - Envoi 24\/48h\" \/>\n<meta property=\"og:url\" content=\"https:\/\/repliquemangacine.fr\/de\/katana-demon-slayer-metal\/katana-obanai-demon-slayer\/\" \/>\n<meta property=\"og:site_name\" content=\"R\u00e9plique Manga Cin\u00e9\" \/>\n<meta property=\"article:publisher\" content=\"https:\/\/www.facebook.com\/RepliqueMangaCine\" \/>\n<meta property=\"article:modified_time\" content=\"2026-04-15T08:34:07+00:00\" \/>\n<meta property=\"og:image\" content=\"https:\/\/repliquemangacine.fr\/wp-content\/uploads\/2023\/10\/katana-obami.png\" \/>\n\t<meta property=\"og:image:width\" content=\"500\" \/>\n\t<meta property=\"og:image:height\" content=\"500\" \/>\n\t<meta property=\"og:image:type\" content=\"image\/png\" \/>\n<meta name=\"twitter:card\" content=\"summary_large_image\" \/>\n<meta name=\"twitter:label1\" content=\"Gesch\u00e4tzte Lesezeit\" \/>\n\t<meta name=\"twitter:data1\" content=\"2\u00a0Minuten\" \/>\n<script type=\"application\/ld+json\" class=\"yoast-schema-graph\">{\"@context\":\"https:\\\/\\\/schema.org\",\"@graph\":[{\"@type\":\"WebPage\",\"@id\":\"https:\\\/\\\/repliquemangacine.fr\\\/katana-demon-slayer-metal\\\/katana-obanai-demon-slayer\\\/\",\"url\":\"https:\\\/\\\/repliquemangacine.fr\\\/katana-demon-slayer-metal\\\/katana-obanai-demon-slayer\\\/\",\"name\":\"Katana Obanai Demon Slayer - Boutique en ligne - RMC\",\"isPartOf\":{\"@id\":\"https:\\\/\\\/repliquemangacine.fr\\\/#website\"},\"primaryImageOfPage\":{\"@id\":\"https:\\\/\\\/repliquemangacine.fr\\\/katana-demon-slayer-metal\\\/katana-obanai-demon-slayer\\\/#primaryimage\"},\"image\":{\"@id\":\"https:\\\/\\\/repliquemangacine.fr\\\/katana-demon-slayer-metal\\\/katana-obanai-demon-slayer\\\/#primaryimage\"},\"thumbnailUrl\":\"https:\\\/\\\/repliquemangacine.fr\\\/wp-content\\\/uploads\\\/2023\\\/10\\\/katana-obami.png\",\"datePublished\":\"2022-09-13T13:11:33+00:00\",\"dateModified\":\"2026-04-15T08:34:07+00:00\",\"description\":\"Achetez vite ! Votre Katana Obanai Iguro Demon Slayer au meilleur prix. Lame en acier 68 cm. Garde orn\u00e9e de serpent. Longueur totale 105 cm - Envoi 24\\\/48h\",\"breadcrumb\":{\"@id\":\"https:\\\/\\\/repliquemangacine.fr\\\/katana-demon-slayer-metal\\\/katana-obanai-demon-slayer\\\/#breadcrumb\"},\"inLanguage\":\"de\",\"potentialAction\":[{\"@type\":\"ReadAction\",\"target\":[\"https:\\\/\\\/repliquemangacine.fr\\\/katana-demon-slayer-metal\\\/katana-obanai-demon-slayer\\\/\"]}]},{\"@type\":\"ImageObject\",\"inLanguage\":\"de\",\"@id\":\"https:\\\/\\\/repliquemangacine.fr\\\/katana-demon-slayer-metal\\\/katana-obanai-demon-slayer\\\/#primaryimage\",\"url\":\"https:\\\/\\\/repliquemangacine.fr\\\/wp-content\\\/uploads\\\/2023\\\/10\\\/katana-obami.png\",\"contentUrl\":\"https:\\\/\\\/repliquemangacine.fr\\\/wp-content\\\/uploads\\\/2023\\\/10\\\/katana-obami.png\",\"width\":500,\"height\":500,\"caption\":\"Katana Obanai Demon Slayer\"},{\"@type\":\"BreadcrumbList\",\"@id\":\"https:\\\/\\\/repliquemangacine.fr\\\/katana-demon-slayer-metal\\\/katana-obanai-demon-slayer\\\/#breadcrumb\",\"itemListElement\":[{\"@type\":\"ListItem\",\"position\":1,\"name\":\"Accueil\",\"item\":\"https:\\\/\\\/repliquemangacine.fr\\\/\"},{\"@type\":\"ListItem\",\"position\":2,\"name\":\"Produits\",\"item\":\"https:\\\/\\\/repliquemangacine.fr\\\/boutique\\\/\"},{\"@type\":\"ListItem\",\"position\":3,\"name\":\"Katana Obanai Demon Slayer\"}]},{\"@type\":\"WebSite\",\"@id\":\"https:\\\/\\\/repliquemangacine.fr\\\/#website\",\"url\":\"https:\\\/\\\/repliquemangacine.fr\\\/\",\"name\":\"R\u00e9plique Manga Cin\u00e9\",\"description\":\"\",\"publisher\":{\"@id\":\"https:\\\/\\\/repliquemangacine.fr\\\/#organization\"},\"potentialAction\":[{\"@type\":\"SearchAction\",\"target\":{\"@type\":\"EntryPoint\",\"urlTemplate\":\"https:\\\/\\\/repliquemangacine.fr\\\/?s={search_term_string}\"},\"query-input\":{\"@type\":\"PropertyValueSpecification\",\"valueRequired\":true,\"valueName\":\"search_term_string\"}}],\"inLanguage\":\"de\"},{\"@type\":\"Organization\",\"@id\":\"https:\\\/\\\/repliquemangacine.fr\\\/#organization\",\"name\":\"R\u00e9plique Manga Cin\u00e9\",\"url\":\"https:\\\/\\\/repliquemangacine.fr\\\/\",\"logo\":{\"@type\":\"ImageObject\",\"inLanguage\":\"de\",\"@id\":\"https:\\\/\\\/repliquemangacine.fr\\\/#\\\/schema\\\/logo\\\/image\\\/\",\"url\":\"https:\\\/\\\/repliquemangacine.fr\\\/wp-content\\\/uploads\\\/2023\\\/10\\\/RMC-500250.png\",\"contentUrl\":\"https:\\\/\\\/repliquemangacine.fr\\\/wp-content\\\/uploads\\\/2023\\\/10\\\/RMC-500250.png\",\"width\":500,\"height\":250,\"caption\":\"R\u00e9plique Manga Cin\u00e9\"},\"image\":{\"@id\":\"https:\\\/\\\/repliquemangacine.fr\\\/#\\\/schema\\\/logo\\\/image\\\/\"},\"sameAs\":[\"https:\\\/\\\/www.facebook.com\\\/RepliqueMangaCine\",\"https:\\\/\\\/www.instagram.com\\\/repliquemangacine.fr\\\/\"]}]}<\/script>\n<!-- \/ Yoast SEO plugin. -->","yoast_head_json":{"title":"Katana Obanai Demon Slayer - Online-Shop - RMC","description":"Kaufen Sie schnell! Ihr Katana Obanai Iguro Demon Slayer zum besten Preis. Klinge aus Stahl 68 cm. Mit einer Schlange verzierter Griff. Gesamtl\u00e4nge 105 cm - Versand 24\/48h","robots":{"index":"index","follow":"follow","max-snippet":"max-snippet:-1","max-image-preview":"max-image-preview:large","max-video-preview":"max-video-preview:-1"},"canonical":"https:\/\/repliquemangacine.fr\/de\/katana-demon-slayer-metal\/katana-obanai-demon-slayer\/","og_locale":"de_DE","og_type":"article","og_title":"Katana Obanai Demon Slayer - Boutique en ligne - RMC","og_description":"Achetez vite ! Votre Katana Obanai Iguro Demon Slayer au meilleur prix. Lame en acier 68 cm. Garde orn\u00e9e de serpent. Longueur totale 105 cm - Envoi 24\/48h","og_url":"https:\/\/repliquemangacine.fr\/de\/katana-demon-slayer-metal\/katana-obanai-demon-slayer\/","og_site_name":"R\u00e9plique Manga Cin\u00e9","article_publisher":"https:\/\/www.facebook.com\/RepliqueMangaCine","article_modified_time":"2026-04-15T08:34:07+00:00","og_image":[{"width":500,"height":500,"url":"https:\/\/repliquemangacine.fr\/wp-content\/uploads\/2023\/10\/katana-obami.png","type":"image\/png"}],"twitter_card":"summary_large_image","twitter_misc":{"Gesch\u00e4tzte Lesezeit":"2\u00a0Minuten"},"schema":{"@context":"https:\/\/schema.org","@graph":[{"@type":"WebPage","@id":"https:\/\/repliquemangacine.fr\/katana-demon-slayer-metal\/katana-obanai-demon-slayer\/","url":"https:\/\/repliquemangacine.fr\/katana-demon-slayer-metal\/katana-obanai-demon-slayer\/","name":"Katana Obanai Demon Slayer - Online-Shop - RMC","isPartOf":{"@id":"https:\/\/repliquemangacine.fr\/#website"},"primaryImageOfPage":{"@id":"https:\/\/repliquemangacine.fr\/katana-demon-slayer-metal\/katana-obanai-demon-slayer\/#primaryimage"},"image":{"@id":"https:\/\/repliquemangacine.fr\/katana-demon-slayer-metal\/katana-obanai-demon-slayer\/#primaryimage"},"thumbnailUrl":"https:\/\/repliquemangacine.fr\/wp-content\/uploads\/2023\/10\/katana-obami.png","datePublished":"2022-09-13T13:11:33+00:00","dateModified":"2026-04-15T08:34:07+00:00","description":"Kaufen Sie schnell! Ihr Katana Obanai Iguro Demon Slayer zum besten Preis. Klinge aus Stahl 68 cm. Mit einer Schlange verzierter Griff. Gesamtl\u00e4nge 105 cm - Versand 24\/48h","breadcrumb":{"@id":"https:\/\/repliquemangacine.fr\/katana-demon-slayer-metal\/katana-obanai-demon-slayer\/#breadcrumb"},"inLanguage":"de","potentialAction":[{"@type":"ReadAction","target":["https:\/\/repliquemangacine.fr\/katana-demon-slayer-metal\/katana-obanai-demon-slayer\/"]}]},{"@type":"ImageObject","inLanguage":"de","@id":"https:\/\/repliquemangacine.fr\/katana-demon-slayer-metal\/katana-obanai-demon-slayer\/#primaryimage","url":"https:\/\/repliquemangacine.fr\/wp-content\/uploads\/2023\/10\/katana-obami.png","contentUrl":"https:\/\/repliquemangacine.fr\/wp-content\/uploads\/2023\/10\/katana-obami.png","width":500,"height":500,"caption":"Katana Obanai Demon Slayer"},{"@type":"BreadcrumbList","@id":"https:\/\/repliquemangacine.fr\/katana-demon-slayer-metal\/katana-obanai-demon-slayer\/#breadcrumb","itemListElement":[{"@type":"ListItem","position":1,"name":"Accueil","item":"https:\/\/repliquemangacine.fr\/"},{"@type":"ListItem","position":2,"name":"Produits","item":"https:\/\/repliquemangacine.fr\/boutique\/"},{"@type":"ListItem","position":3,"name":"Katana Obanai Demon Slayer"}]},{"@type":"WebSite","@id":"https:\/\/repliquemangacine.fr\/#website","url":"https:\/\/repliquemangacine.fr\/","name":"R\u00e9plique Manga Cin\u00e9","description":"","publisher":{"@id":"https:\/\/repliquemangacine.fr\/#organization"},"potentialAction":[{"@type":"SearchAction","target":{"@type":"EntryPoint","urlTemplate":"https:\/\/repliquemangacine.fr\/?s={search_term_string}"},"query-input":{"@type":"PropertyValueSpecification","valueRequired":true,"valueName":"search_term_string"}}],"inLanguage":"de"},{"@type":"Organization","@id":"https:\/\/repliquemangacine.fr\/#organization","name":"R\u00e9plique Manga Cin\u00e9","url":"https:\/\/repliquemangacine.fr\/","logo":{"@type":"ImageObject","inLanguage":"de","@id":"https:\/\/repliquemangacine.fr\/#\/schema\/logo\/image\/","url":"https:\/\/repliquemangacine.fr\/wp-content\/uploads\/2023\/10\/RMC-500250.png","contentUrl":"https:\/\/repliquemangacine.fr\/wp-content\/uploads\/2023\/10\/RMC-500250.png","width":500,"height":250,"caption":"R\u00e9plique Manga Cin\u00e9"},"image":{"@id":"https:\/\/repliquemangacine.fr\/#\/schema\/logo\/image\/"},"sameAs":["https:\/\/www.facebook.com\/RepliqueMangaCine","https:\/\/www.instagram.com\/repliquemangacine.fr\/"]}]}},"_links":{"self":[{"href":"https:\/\/repliquemangacine.fr\/de\/wp-json\/wp\/v2\/product\/53102","targetHints":{"allow":["GET"]}}],"collection":[{"href":"https:\/\/repliquemangacine.fr\/de\/wp-json\/wp\/v2\/product"}],"about":[{"href":"https:\/\/repliquemangacine.fr\/de\/wp-json\/wp\/v2\/types\/product"}],"wp:featuredmedia":[{"embeddable":true,"href":"https:\/\/repliquemangacine.fr\/de\/wp-json\/wp\/v2\/media\/53103"}],"wp:attachment":[{"href":"https:\/\/repliquemangacine.fr\/de\/wp-json\/wp\/v2\/media?parent=53102"}],"wp:term":[{"taxonomy":"product_brand","embeddable":true,"href":"https:\/\/repliquemangacine.fr\/de\/wp-json\/wp\/v2\/product_brand?post=53102"},{"taxonomy":"product_cat","embeddable":true,"href":"https:\/\/repliquemangacine.fr\/de\/wp-json\/wp\/v2\/product_cat?post=53102"},{"taxonomy":"product_tag","embeddable":true,"href":"https:\/\/repliquemangacine.fr\/de\/wp-json\/wp\/v2\/product_tag?post=53102"}],"curies":[{"name":"wp","href":"https:\/\/api.w.org\/{rel}","templated":true}]}}