





{"id":52999,"date":"2022-09-09T14:41:07","date_gmt":"2022-09-09T12:41:07","guid":{"rendered":"https:\/\/repliquemangacine.fr\/?post_type=product&#038;p=52999"},"modified":"2026-01-18T20:18:19","modified_gmt":"2026-01-18T19:18:19","slug":"drogon-eier-game-of-thrones","status":"publish","type":"product","link":"https:\/\/repliquemangacine.fr\/de\/collectors-et-goodies-game-of-thrones\/oeuf-de-drogon-game-of-thrones\/","title":{"rendered":"Drogons Ei - Game of Thrones"},"content":{"rendered":"<h2>Ei des Drachen Drogon in Game of Thrones.<\/h2>\n<p>Zu Beginn wird die<strong>Ei des Drachen Drogon<\/strong> ist einer von drei Drachen, die in den weiten Ebenen von Dothrak in den Armen von Daenerys Targaryen geschl\u00fcpft sind. Das Ei zeichnet sich durch seine rot gef\u00e4rbten Schuppen aus. Replik vertrieben von <a href=\"https:\/\/noblecollection.fr\/game-thrones-oeuf-drogon-p-4793.html\" target=\"_blank\" rel=\"noopener noreferrer\">The Noble Collection<\/a><\/p>\n<p>Daenerys Targaryen kommt in den Besitz von drei Dracheneiern, die sie bei ihrer Hochzeit mit Khal Drogon geschenkt bekommen hat. Der gro\u00dfz\u00fcgige Spender dieser Eier, Illyrio Mopatis, ist \u00fcberzeugt, dass die Zeit sie in Stein verwandelt hat. Doch Daenerys muss bald feststellen, dass dies nicht der Fall ist.<\/p>\n<p>Um ein Drachenei auszubr\u00fcten, bedarf es intensiver Flammen sowie einer Kreatur, die bei lebendigem Leib verbrannt wird - ein Leben f\u00fcr ein Leben. Daher stammt auch das Motto der Targaryens \"Feuer und Blut\".<\/p>\n<h2>Ihr Drogon Dragon Egg zum besten Preis.<\/h2>\n<p>Wir bieten Ihnen alle Repliken Ihrer Lieblingscharaktere aus der Serie Game of Thrones, aber demn\u00e4chst auch die Repliken aus House of the Dragon.<\/p>\n<p>Zun\u00e4chst einmal,<\/p>\n<ul>\n<li>Die <a href=\"https:\/\/repliquemangacine.fr\/de\/sammlerschmuck\/schlusselanhanger-3d-targaryen-game-of-thrones\/\">Schl\u00fcsselanh\u00e4nger der Targaryens<\/a> aus Stahl mit feiner Drachenverzierung.<\/li>\n<li>Au\u00dferdem gibt es alle Schwerter aus Game of Thrones.<\/li>\n<li>Sowie die<a href=\"https:\/\/repliquemangacine.fr\/de\/game-of-thrones\/rhaegal-ei-game-of-thrones\/\">Rhaegal Ei<\/a><\/li>\n<li>Und viele andere, die es in unserem Online-Shop zu entdecken gibt!<\/li>\n<\/ul>\n<p>Deshalb sind hier tolle Geschenkideen f\u00fcr Fans von Game of Thrones und House of the Dragon.<\/p>\n<p>Fazit: Sie k\u00f6nnen Ihre Sammlung mit diesem <strong>Ei des Drachen Drogon<\/strong>. Vor allem aber sind sie Sammler- und Dekorationsobjekte.<\/p>\n<h2>Unsere neuesten g\u00fcnstigen Game of Thrones-Neuheiten.<\/h2>\n<p>Unser Ziel ist es, Sie zufrieden zu stellen. Aus diesem Grund setzen wir alles daran, die von Ihnen gesuchten Sammlerst\u00fccke zu finden. Z\u00f6gern Sie also nicht, uns Ihre W\u00fcnsche und Anmerkungen mitzuteilen, damit wir das Abenteuer gemeinsam fortsetzen k\u00f6nnen!<\/p>\n<p>Zun\u00e4chst einmal,<\/p>\n<ul>\n<li>Die <a href=\"https:\/\/repliquemangacine.fr\/de\/sammlerstucke-und-game-of-thrones-goodies\/lannister-rustung-60cm-game-of-thrones\/\">Mini-R\u00fcstung<\/a> der k\u00f6niglichen Lannister-Garde ganz aus Metall.<\/li>\n<li>Sowie die <a href=\"https:\/\/repliquemangacine.fr\/de\/sammlerstucke-und-game-of-thrones-goodies\/rhaegal-ei-game-of-thrones\/\">Dracheneier<\/a> von Daenerys HBO<\/li>\n<li>Es gibt auch die Game of Thrones-Tasse<\/li>\n<li>Und viele andere, die es zu entdecken gilt!<\/li>\n<\/ul>\n<p>In K\u00fcrze werden wir das Vergn\u00fcgen haben, Ihnen Funko pop Figuren...<\/p>\n<p>R\u00e9plique Manga Cin\u00e9 ist ein franz\u00f6sisches Familienunternehmen.<\/p>\n<p>&nbsp;<\/p>","protected":false},"excerpt":{"rendered":"<p>Wundersch\u00f6ne, originalgetreue Nachbildung des Eies von Drogon aus der Serie Game of Thrones.<\/p>\n<ul>\n<li>Offiziell von HBO lizenziertes Produkt \"Game of Thrones\".<\/li>\n<li>Skulptur vollst\u00e4ndig aus Kunstharz.<\/li>\n<li>Von Hand bemalt und verziert.<\/li>\n<li>Wird mit einem Pr\u00e4sentationsst\u00e4nder geliefert.<\/li>\n<li>HBO-Sammelbox.<\/li>\n<li>Gr\u00f6\u00dfe: 19.5 cm<\/li>\n<\/ul>","protected":false},"featured_media":53000,"template":"","meta":[],"product_brand":[896],"product_cat":[81,24,47,105],"product_tag":[],"class_list":{"0":"post-52999","1":"product","2":"type-product","3":"status-publish","4":"has-post-thumbnail","6":"product_brand-replique-manga-cine","7":"product_cat-collectors-et-goodies-game-of-thrones","8":"product_cat-films-series-tv-vente-de-katana-epee-et-produits-derives","9":"product_cat-game-of-thrones","10":"product_cat-house-of-the-dragon","12":"first","13":"instock","14":"taxable","15":"shipping-taxable","16":"purchasable","17":"product-type-simple"},"yoast_head":"<!-- This site is optimized with the Yoast SEO plugin v27.5 - https:\/\/yoast.com\/product\/yoast-seo-wordpress\/ -->\n<title>\u0152uf du Dragon Drogon - Game of Thrones - R\u00e9plique Manga Cin\u00e9<\/title>\n<meta name=\"description\" content=\"R\u00e9plique \u00e0 l&#039;identique de l&#039;\u0152uf du Dragon Drogon dans Game of Thrones. Tout en r\u00e9sine - Peint \u00e0 la main - Licence Officielle Noble Collection\" \/>\n<meta name=\"robots\" content=\"index, follow, max-snippet:-1, max-image-preview:large, max-video-preview:-1\" \/>\n<link rel=\"canonical\" href=\"https:\/\/repliquemangacine.fr\/de\/house-of-the-dragon\/drogon-eier-game-of-thrones\/\" \/>\n<meta property=\"og:locale\" content=\"de_DE\" \/>\n<meta property=\"og:type\" content=\"article\" \/>\n<meta property=\"og:title\" content=\"\u0152uf du Dragon Drogon - Game of Thrones - R\u00e9plique Manga Cin\u00e9\" \/>\n<meta property=\"og:description\" content=\"R\u00e9plique \u00e0 l&#039;identique de l&#039;\u0152uf du Dragon Drogon dans Game of Thrones. Tout en r\u00e9sine - Peint \u00e0 la main - Licence Officielle Noble Collection\" \/>\n<meta property=\"og:url\" content=\"https:\/\/repliquemangacine.fr\/de\/house-of-the-dragon\/drogon-eier-game-of-thrones\/\" \/>\n<meta property=\"og:site_name\" content=\"R\u00e9plique Manga Cin\u00e9\" \/>\n<meta property=\"article:publisher\" content=\"https:\/\/www.facebook.com\/RepliqueMangaCine\" \/>\n<meta property=\"article:modified_time\" content=\"2026-01-18T19:18:19+00:00\" \/>\n<meta property=\"og:image\" content=\"https:\/\/repliquemangacine.fr\/wp-content\/uploads\/2023\/10\/oeuf-drogon.jpg\" \/>\n\t<meta property=\"og:image:width\" content=\"500\" \/>\n\t<meta property=\"og:image:height\" content=\"500\" \/>\n\t<meta property=\"og:image:type\" content=\"image\/jpeg\" \/>\n<meta name=\"twitter:card\" content=\"summary_large_image\" \/>\n<meta name=\"twitter:label1\" content=\"Gesch\u00e4tzte Lesezeit\" \/>\n\t<meta name=\"twitter:data1\" content=\"2\u00a0Minuten\" \/>\n<script type=\"application\/ld+json\" class=\"yoast-schema-graph\">{\"@context\":\"https:\\\/\\\/schema.org\",\"@graph\":[{\"@type\":\"WebPage\",\"@id\":\"https:\\\/\\\/repliquemangacine.fr\\\/house-of-the-dragon\\\/oeuf-de-drogon-game-of-thrones\\\/\",\"url\":\"https:\\\/\\\/repliquemangacine.fr\\\/house-of-the-dragon\\\/oeuf-de-drogon-game-of-thrones\\\/\",\"name\":\"\u0152uf du Dragon Drogon - Game of Thrones - R\u00e9plique Manga Cin\u00e9\",\"isPartOf\":{\"@id\":\"https:\\\/\\\/repliquemangacine.fr\\\/#website\"},\"primaryImageOfPage\":{\"@id\":\"https:\\\/\\\/repliquemangacine.fr\\\/house-of-the-dragon\\\/oeuf-de-drogon-game-of-thrones\\\/#primaryimage\"},\"image\":{\"@id\":\"https:\\\/\\\/repliquemangacine.fr\\\/house-of-the-dragon\\\/oeuf-de-drogon-game-of-thrones\\\/#primaryimage\"},\"thumbnailUrl\":\"https:\\\/\\\/repliquemangacine.fr\\\/wp-content\\\/uploads\\\/2023\\\/10\\\/oeuf-drogon.jpg\",\"datePublished\":\"2022-09-09T12:41:07+00:00\",\"dateModified\":\"2026-01-18T19:18:19+00:00\",\"description\":\"R\u00e9plique \u00e0 l'identique de l'\u0152uf du Dragon Drogon dans Game of Thrones. Tout en r\u00e9sine - Peint \u00e0 la main - Licence Officielle Noble Collection\",\"breadcrumb\":{\"@id\":\"https:\\\/\\\/repliquemangacine.fr\\\/house-of-the-dragon\\\/oeuf-de-drogon-game-of-thrones\\\/#breadcrumb\"},\"inLanguage\":\"de\",\"potentialAction\":[{\"@type\":\"ReadAction\",\"target\":[\"https:\\\/\\\/repliquemangacine.fr\\\/house-of-the-dragon\\\/oeuf-de-drogon-game-of-thrones\\\/\"]}]},{\"@type\":\"ImageObject\",\"inLanguage\":\"de\",\"@id\":\"https:\\\/\\\/repliquemangacine.fr\\\/house-of-the-dragon\\\/oeuf-de-drogon-game-of-thrones\\\/#primaryimage\",\"url\":\"https:\\\/\\\/repliquemangacine.fr\\\/wp-content\\\/uploads\\\/2023\\\/10\\\/oeuf-drogon.jpg\",\"contentUrl\":\"https:\\\/\\\/repliquemangacine.fr\\\/wp-content\\\/uploads\\\/2023\\\/10\\\/oeuf-drogon.jpg\",\"width\":500,\"height\":500,\"caption\":\"Oeuf Drogon Game of Thrones\"},{\"@type\":\"BreadcrumbList\",\"@id\":\"https:\\\/\\\/repliquemangacine.fr\\\/house-of-the-dragon\\\/oeuf-de-drogon-game-of-thrones\\\/#breadcrumb\",\"itemListElement\":[{\"@type\":\"ListItem\",\"position\":1,\"name\":\"Accueil\",\"item\":\"https:\\\/\\\/repliquemangacine.fr\\\/\"},{\"@type\":\"ListItem\",\"position\":2,\"name\":\"Produits\",\"item\":\"https:\\\/\\\/repliquemangacine.fr\\\/boutique\\\/\"},{\"@type\":\"ListItem\",\"position\":3,\"name\":\"Oeuf de Drogon &#8211; Game of Thrones\"}]},{\"@type\":\"WebSite\",\"@id\":\"https:\\\/\\\/repliquemangacine.fr\\\/#website\",\"url\":\"https:\\\/\\\/repliquemangacine.fr\\\/\",\"name\":\"R\u00e9plique Manga Cin\u00e9\",\"description\":\"\",\"publisher\":{\"@id\":\"https:\\\/\\\/repliquemangacine.fr\\\/#organization\"},\"potentialAction\":[{\"@type\":\"SearchAction\",\"target\":{\"@type\":\"EntryPoint\",\"urlTemplate\":\"https:\\\/\\\/repliquemangacine.fr\\\/?s={search_term_string}\"},\"query-input\":{\"@type\":\"PropertyValueSpecification\",\"valueRequired\":true,\"valueName\":\"search_term_string\"}}],\"inLanguage\":\"de\"},{\"@type\":\"Organization\",\"@id\":\"https:\\\/\\\/repliquemangacine.fr\\\/#organization\",\"name\":\"R\u00e9plique Manga Cin\u00e9\",\"url\":\"https:\\\/\\\/repliquemangacine.fr\\\/\",\"logo\":{\"@type\":\"ImageObject\",\"inLanguage\":\"de\",\"@id\":\"https:\\\/\\\/repliquemangacine.fr\\\/#\\\/schema\\\/logo\\\/image\\\/\",\"url\":\"https:\\\/\\\/repliquemangacine.fr\\\/wp-content\\\/uploads\\\/2023\\\/10\\\/RMC-500250.png\",\"contentUrl\":\"https:\\\/\\\/repliquemangacine.fr\\\/wp-content\\\/uploads\\\/2023\\\/10\\\/RMC-500250.png\",\"width\":500,\"height\":250,\"caption\":\"R\u00e9plique Manga Cin\u00e9\"},\"image\":{\"@id\":\"https:\\\/\\\/repliquemangacine.fr\\\/#\\\/schema\\\/logo\\\/image\\\/\"},\"sameAs\":[\"https:\\\/\\\/www.facebook.com\\\/RepliqueMangaCine\",\"https:\\\/\\\/www.instagram.com\\\/repliquemangacine.fr\\\/\"]}]}<\/script>\n<!-- \/ Yoast SEO plugin. -->","yoast_head_json":{"title":"Ei des Drachen Drogon - Game of Thrones - R\u00e9plique Manga Cin\u00e9","description":"Originalgetreue Replik des Dracheneies Drogon aus Game of Thrones. Vollst\u00e4ndig aus Harz - Handbemalt - Offizielle Lizenz Noble Collection","robots":{"index":"index","follow":"follow","max-snippet":"max-snippet:-1","max-image-preview":"max-image-preview:large","max-video-preview":"max-video-preview:-1"},"canonical":"https:\/\/repliquemangacine.fr\/de\/house-of-the-dragon\/drogon-eier-game-of-thrones\/","og_locale":"de_DE","og_type":"article","og_title":"\u0152uf du Dragon Drogon - Game of Thrones - R\u00e9plique Manga Cin\u00e9","og_description":"R\u00e9plique \u00e0 l'identique de l'\u0152uf du Dragon Drogon dans Game of Thrones. Tout en r\u00e9sine - Peint \u00e0 la main - Licence Officielle Noble Collection","og_url":"https:\/\/repliquemangacine.fr\/de\/house-of-the-dragon\/drogon-eier-game-of-thrones\/","og_site_name":"R\u00e9plique Manga Cin\u00e9","article_publisher":"https:\/\/www.facebook.com\/RepliqueMangaCine","article_modified_time":"2026-01-18T19:18:19+00:00","og_image":[{"width":500,"height":500,"url":"https:\/\/repliquemangacine.fr\/wp-content\/uploads\/2023\/10\/oeuf-drogon.jpg","type":"image\/jpeg"}],"twitter_card":"summary_large_image","twitter_misc":{"Gesch\u00e4tzte Lesezeit":"2\u00a0Minuten"},"schema":{"@context":"https:\/\/schema.org","@graph":[{"@type":"WebPage","@id":"https:\/\/repliquemangacine.fr\/house-of-the-dragon\/oeuf-de-drogon-game-of-thrones\/","url":"https:\/\/repliquemangacine.fr\/house-of-the-dragon\/oeuf-de-drogon-game-of-thrones\/","name":"Ei des Drachen Drogon - Game of Thrones - R\u00e9plique Manga Cin\u00e9","isPartOf":{"@id":"https:\/\/repliquemangacine.fr\/#website"},"primaryImageOfPage":{"@id":"https:\/\/repliquemangacine.fr\/house-of-the-dragon\/oeuf-de-drogon-game-of-thrones\/#primaryimage"},"image":{"@id":"https:\/\/repliquemangacine.fr\/house-of-the-dragon\/oeuf-de-drogon-game-of-thrones\/#primaryimage"},"thumbnailUrl":"https:\/\/repliquemangacine.fr\/wp-content\/uploads\/2023\/10\/oeuf-drogon.jpg","datePublished":"2022-09-09T12:41:07+00:00","dateModified":"2026-01-18T19:18:19+00:00","description":"Originalgetreue Replik des Dracheneies Drogon aus Game of Thrones. Vollst\u00e4ndig aus Harz - Handbemalt - Offizielle Lizenz Noble Collection","breadcrumb":{"@id":"https:\/\/repliquemangacine.fr\/house-of-the-dragon\/oeuf-de-drogon-game-of-thrones\/#breadcrumb"},"inLanguage":"de","potentialAction":[{"@type":"ReadAction","target":["https:\/\/repliquemangacine.fr\/house-of-the-dragon\/oeuf-de-drogon-game-of-thrones\/"]}]},{"@type":"ImageObject","inLanguage":"de","@id":"https:\/\/repliquemangacine.fr\/house-of-the-dragon\/oeuf-de-drogon-game-of-thrones\/#primaryimage","url":"https:\/\/repliquemangacine.fr\/wp-content\/uploads\/2023\/10\/oeuf-drogon.jpg","contentUrl":"https:\/\/repliquemangacine.fr\/wp-content\/uploads\/2023\/10\/oeuf-drogon.jpg","width":500,"height":500,"caption":"Oeuf Drogon Game of Thrones"},{"@type":"BreadcrumbList","@id":"https:\/\/repliquemangacine.fr\/house-of-the-dragon\/oeuf-de-drogon-game-of-thrones\/#breadcrumb","itemListElement":[{"@type":"ListItem","position":1,"name":"Accueil","item":"https:\/\/repliquemangacine.fr\/"},{"@type":"ListItem","position":2,"name":"Produits","item":"https:\/\/repliquemangacine.fr\/boutique\/"},{"@type":"ListItem","position":3,"name":"Oeuf de Drogon &#8211; Game of Thrones"}]},{"@type":"WebSite","@id":"https:\/\/repliquemangacine.fr\/#website","url":"https:\/\/repliquemangacine.fr\/","name":"R\u00e9plique Manga Cin\u00e9","description":"","publisher":{"@id":"https:\/\/repliquemangacine.fr\/#organization"},"potentialAction":[{"@type":"SearchAction","target":{"@type":"EntryPoint","urlTemplate":"https:\/\/repliquemangacine.fr\/?s={search_term_string}"},"query-input":{"@type":"PropertyValueSpecification","valueRequired":true,"valueName":"search_term_string"}}],"inLanguage":"de"},{"@type":"Organization","@id":"https:\/\/repliquemangacine.fr\/#organization","name":"R\u00e9plique Manga Cin\u00e9","url":"https:\/\/repliquemangacine.fr\/","logo":{"@type":"ImageObject","inLanguage":"de","@id":"https:\/\/repliquemangacine.fr\/#\/schema\/logo\/image\/","url":"https:\/\/repliquemangacine.fr\/wp-content\/uploads\/2023\/10\/RMC-500250.png","contentUrl":"https:\/\/repliquemangacine.fr\/wp-content\/uploads\/2023\/10\/RMC-500250.png","width":500,"height":250,"caption":"R\u00e9plique Manga Cin\u00e9"},"image":{"@id":"https:\/\/repliquemangacine.fr\/#\/schema\/logo\/image\/"},"sameAs":["https:\/\/www.facebook.com\/RepliqueMangaCine","https:\/\/www.instagram.com\/repliquemangacine.fr\/"]}]}},"_links":{"self":[{"href":"https:\/\/repliquemangacine.fr\/de\/wp-json\/wp\/v2\/product\/52999","targetHints":{"allow":["GET"]}}],"collection":[{"href":"https:\/\/repliquemangacine.fr\/de\/wp-json\/wp\/v2\/product"}],"about":[{"href":"https:\/\/repliquemangacine.fr\/de\/wp-json\/wp\/v2\/types\/product"}],"wp:featuredmedia":[{"embeddable":true,"href":"https:\/\/repliquemangacine.fr\/de\/wp-json\/wp\/v2\/media\/53000"}],"wp:attachment":[{"href":"https:\/\/repliquemangacine.fr\/de\/wp-json\/wp\/v2\/media?parent=52999"}],"wp:term":[{"taxonomy":"product_brand","embeddable":true,"href":"https:\/\/repliquemangacine.fr\/de\/wp-json\/wp\/v2\/product_brand?post=52999"},{"taxonomy":"product_cat","embeddable":true,"href":"https:\/\/repliquemangacine.fr\/de\/wp-json\/wp\/v2\/product_cat?post=52999"},{"taxonomy":"product_tag","embeddable":true,"href":"https:\/\/repliquemangacine.fr\/de\/wp-json\/wp\/v2\/product_tag?post=52999"}],"curies":[{"name":"wp","href":"https:\/\/api.w.org\/{rel}","templated":true}]}}